{"id":493,"date":"2020-08-29T09:25:47","date_gmt":"2020-08-29T09:25:47","guid":{"rendered":"https:\/\/veteraani.ylirotu.fi\/?page_id=493"},"modified":"2021-01-26T14:44:50","modified_gmt":"2021-01-26T14:44:50","slug":"pariisin-rauhansopimus","status":"publish","type":"page","link":"https:\/\/veteraanienperinto.fi\/index.php\/jalleenrakentaminen\/puolustusvoimat\/pariisin-rauhansopimus\/","title":{"rendered":"Pariisin rauhansopimuksen rajoitteet"},"content":{"rendered":"<div id='full_slider_1'  class='avia-fullwidth-slider main_color avia-shadow   avia-builder-el-0  el_before_av_heading  avia-builder-el-first   container_wrap sidebar_right'  ><\/div><div id='after_full_slider_1'  class='main_color av_default_container_wrap container_wrap sidebar_right'  ><div class='container av-section-cont-open' ><div class='template-page content  av-content-small alpha units'><div class='post-entry post-entry-type-page post-entry-493'><div class='entry-content-wrapper clearfix'>\n\n<style type=\"text\/css\" data-created_by=\"avia_inline_auto\" id=\"style-css-av-kke42g24-feb3f5c6f47e38b489d80c4d95c65d01\">\n#top .av-special-heading.av-kke42g24-feb3f5c6f47e38b489d80c4d95c65d01{\npadding-bottom:10px;\n}\nbody .av-special-heading.av-kke42g24-feb3f5c6f47e38b489d80c4d95c65d01 .av-special-heading-tag .heading-char{\nfont-size:25px;\n}\n.av-special-heading.av-kke42g24-feb3f5c6f47e38b489d80c4d95c65d01 .av-subheading{\nfont-size:15px;\n}\n<\/style>\n<div  class='av-special-heading av-kke42g24-feb3f5c6f47e38b489d80c4d95c65d01 av-special-heading-h2  avia-builder-el-1  el_after_av_slideshow_full  el_before_av_textblock  avia-builder-el-first '><h2 class='av-special-heading-tag'  itemprop=\"headline\"  >Pariisin rauhansopimuksen rajoitteet<\/h2><div class=\"special-heading-border\"><div class=\"special-heading-inner-border\"><\/div><\/div><\/div>\n<section  class='av_textblock_section av-bp43p-b6cbd9032cdfc4008d8bb677f0a6692d '   itemscope=\"itemscope\" itemtype=\"https:\/\/schema.org\/CreativeWork\" ><div class='avia_textblock'  itemprop=\"text\" ><p>Pariisin rauhansopimuksessa Suomen aseellisten voimien vahvuudeksi m\u00e4\u00e4r\u00e4ttiin enint\u00e4\u00e4n 41 900 miest\u00e4. Maavoimissa sai olla 34 400 miest\u00e4, ilmavoimissa 3 000 miest\u00e4 ja 60 taistelulentokonetta ja merivoimissa 4 500 miest\u00e4 ja laivoja enint\u00e4\u00e4n 10 000 tonnia. Kiellettyj\u00e4 olivat muun muassa ohjukset, her\u00e4temiinat, sukellusveneet, moottoritorpedoveneet ja pommituslentokoneet.<\/p>\n<p>Enimm\u00e4isvahvuuden tarpeen ylitt\u00e4v\u00e4 sotavarustuksen liikam\u00e4\u00e4r\u00e4 olisi rauhansopimuksen mukaan pit\u00e4nyt luovuttaa pois. Suomen onneksi ei n\u00e4in kuitenkaan tapahtunut. T\u00e4m\u00e4 johtui p\u00e4\u00e4asiassa siit\u00e4, ett\u00e4 voittajavaltioiden kesken oli syntynyt<\/p>\n<\/div><\/section>\n","protected":false},"excerpt":{"rendered":"","protected":false},"author":1,"featured_media":0,"parent":80,"menu_order":4,"comment_status":"closed","ping_status":"closed","template":"","meta":{"footnotes":""},"class_list":["post-493","page","type-page","status-publish","hentry"],"yoast_head":"<!-- This site is optimized with the Yoast SEO plugin v27.6 - https:\/\/yoast.com\/product\/yoast-seo-wordpress\/ -->\n<title>Pariisin rauhansopimuksen rajoitteet - Veteraanien Perint\u00f6<\/title>\n<meta name=\"robots\" content=\"index, follow, max-snippet:-1, max-image-preview:large, max-video-preview:-1\" \/>\n<link rel=\"canonical\" href=\"https:\/\/veteraanienperinto.fi\/index.php\/jalleenrakentaminen\/puolustusvoimat\/pariisin-rauhansopimus\/\" \/>\n<meta property=\"og:locale\" content=\"fi_FI\" \/>\n<meta property=\"og:type\" content=\"article\" \/>\n<meta property=\"og:title\" content=\"Pariisin rauhansopimuksen rajoitteet - Veteraanien Perint\u00f6\" \/>\n<meta property=\"og:url\" content=\"https:\/\/veteraanienperinto.fi\/index.php\/jalleenrakentaminen\/puolustusvoimat\/pariisin-rauhansopimus\/\" \/>\n<meta property=\"og:site_name\" content=\"Veteraanien Perint\u00f6\" \/>\n<meta property=\"article:modified_time\" content=\"2021-01-26T14:44:50+00:00\" \/>\n<meta name=\"twitter:card\" content=\"summary_large_image\" \/>\n<meta name=\"twitter:label1\" content=\"Arvioitu lukuaika\" \/>\n\t<meta name=\"twitter:data1\" content=\"1 minuutti\" \/>\n<script type=\"application\/ld+json\" class=\"yoast-schema-graph\">{\"@context\":\"https:\\\/\\\/schema.org\",\"@graph\":[{\"@type\":\"WebPage\",\"@id\":\"https:\\\/\\\/veteraanienperinto.fi\\\/index.php\\\/jalleenrakentaminen\\\/puolustusvoimat\\\/pariisin-rauhansopimus\\\/\",\"url\":\"https:\\\/\\\/veteraanienperinto.fi\\\/index.php\\\/jalleenrakentaminen\\\/puolustusvoimat\\\/pariisin-rauhansopimus\\\/\",\"name\":\"Pariisin rauhansopimuksen rajoitteet - Veteraanien Perint\u00f6\",\"isPartOf\":{\"@id\":\"https:\\\/\\\/veteraanienperinto.fi\\\/#website\"},\"datePublished\":\"2020-08-29T09:25:47+00:00\",\"dateModified\":\"2021-01-26T14:44:50+00:00\",\"breadcrumb\":{\"@id\":\"https:\\\/\\\/veteraanienperinto.fi\\\/index.php\\\/jalleenrakentaminen\\\/puolustusvoimat\\\/pariisin-rauhansopimus\\\/#breadcrumb\"},\"inLanguage\":\"fi\",\"potentialAction\":[{\"@type\":\"ReadAction\",\"target\":[\"https:\\\/\\\/veteraanienperinto.fi\\\/index.php\\\/jalleenrakentaminen\\\/puolustusvoimat\\\/pariisin-rauhansopimus\\\/\"]}]},{\"@type\":\"BreadcrumbList\",\"@id\":\"https:\\\/\\\/veteraanienperinto.fi\\\/index.php\\\/jalleenrakentaminen\\\/puolustusvoimat\\\/pariisin-rauhansopimus\\\/#breadcrumb\",\"itemListElement\":[{\"@type\":\"ListItem\",\"position\":1,\"name\":\"Etusivu\",\"item\":\"https:\\\/\\\/veteraanienperinto.fi\\\/index.php\\\/etusivu-2\\\/\"},{\"@type\":\"ListItem\",\"position\":2,\"name\":\"J\u00e4lleenrakentaminen\",\"item\":\"https:\\\/\\\/veteraanienperinto.fi\\\/index.php\\\/jalleenrakentaminen\\\/\"},{\"@type\":\"ListItem\",\"position\":3,\"name\":\"Puolustusvoimat\",\"item\":\"https:\\\/\\\/veteraanienperinto.fi\\\/index.php\\\/jalleenrakentaminen\\\/puolustusvoimat\\\/\"},{\"@type\":\"ListItem\",\"position\":4,\"name\":\"Pariisin rauhansopimuksen rajoitteet\"}]},{\"@type\":\"WebSite\",\"@id\":\"https:\\\/\\\/veteraanienperinto.fi\\\/#website\",\"url\":\"https:\\\/\\\/veteraanienperinto.fi\\\/\",\"name\":\"Veteraanien Perint\u00f6\",\"description\":\"Kadettikunta\",\"potentialAction\":[{\"@type\":\"SearchAction\",\"target\":{\"@type\":\"EntryPoint\",\"urlTemplate\":\"https:\\\/\\\/veteraanienperinto.fi\\\/?s={search_term_string}\"},\"query-input\":{\"@type\":\"PropertyValueSpecification\",\"valueRequired\":true,\"valueName\":\"search_term_string\"}}],\"inLanguage\":\"fi\"}]}<\/script>\n<!-- \/ Yoast SEO plugin. -->","yoast_head_json":{"title":"Pariisin rauhansopimuksen rajoitteet - Veteraanien Perint\u00f6","robots":{"index":"index","follow":"follow","max-snippet":"max-snippet:-1","max-image-preview":"max-image-preview:large","max-video-preview":"max-video-preview:-1"},"canonical":"https:\/\/veteraanienperinto.fi\/index.php\/jalleenrakentaminen\/puolustusvoimat\/pariisin-rauhansopimus\/","og_locale":"fi_FI","og_type":"article","og_title":"Pariisin rauhansopimuksen rajoitteet - Veteraanien Perint\u00f6","og_url":"https:\/\/veteraanienperinto.fi\/index.php\/jalleenrakentaminen\/puolustusvoimat\/pariisin-rauhansopimus\/","og_site_name":"Veteraanien Perint\u00f6","article_modified_time":"2021-01-26T14:44:50+00:00","twitter_card":"summary_large_image","twitter_misc":{"Arvioitu lukuaika":"1 minuutti"},"schema":{"@context":"https:\/\/schema.org","@graph":[{"@type":"WebPage","@id":"https:\/\/veteraanienperinto.fi\/index.php\/jalleenrakentaminen\/puolustusvoimat\/pariisin-rauhansopimus\/","url":"https:\/\/veteraanienperinto.fi\/index.php\/jalleenrakentaminen\/puolustusvoimat\/pariisin-rauhansopimus\/","name":"Pariisin rauhansopimuksen rajoitteet - Veteraanien Perint\u00f6","isPartOf":{"@id":"https:\/\/veteraanienperinto.fi\/#website"},"datePublished":"2020-08-29T09:25:47+00:00","dateModified":"2021-01-26T14:44:50+00:00","breadcrumb":{"@id":"https:\/\/veteraanienperinto.fi\/index.php\/jalleenrakentaminen\/puolustusvoimat\/pariisin-rauhansopimus\/#breadcrumb"},"inLanguage":"fi","potentialAction":[{"@type":"ReadAction","target":["https:\/\/veteraanienperinto.fi\/index.php\/jalleenrakentaminen\/puolustusvoimat\/pariisin-rauhansopimus\/"]}]},{"@type":"BreadcrumbList","@id":"https:\/\/veteraanienperinto.fi\/index.php\/jalleenrakentaminen\/puolustusvoimat\/pariisin-rauhansopimus\/#breadcrumb","itemListElement":[{"@type":"ListItem","position":1,"name":"Etusivu","item":"https:\/\/veteraanienperinto.fi\/index.php\/etusivu-2\/"},{"@type":"ListItem","position":2,"name":"J\u00e4lleenrakentaminen","item":"https:\/\/veteraanienperinto.fi\/index.php\/jalleenrakentaminen\/"},{"@type":"ListItem","position":3,"name":"Puolustusvoimat","item":"https:\/\/veteraanienperinto.fi\/index.php\/jalleenrakentaminen\/puolustusvoimat\/"},{"@type":"ListItem","position":4,"name":"Pariisin rauhansopimuksen rajoitteet"}]},{"@type":"WebSite","@id":"https:\/\/veteraanienperinto.fi\/#website","url":"https:\/\/veteraanienperinto.fi\/","name":"Veteraanien Perint\u00f6","description":"Kadettikunta","potentialAction":[{"@type":"SearchAction","target":{"@type":"EntryPoint","urlTemplate":"https:\/\/veteraanienperinto.fi\/?s={search_term_string}"},"query-input":{"@type":"PropertyValueSpecification","valueRequired":true,"valueName":"search_term_string"}}],"inLanguage":"fi"}]}},"_links":{"self":[{"href":"https:\/\/veteraanienperinto.fi\/index.php\/wp-json\/wp\/v2\/pages\/493","targetHints":{"allow":["GET"]}}],"collection":[{"href":"https:\/\/veteraanienperinto.fi\/index.php\/wp-json\/wp\/v2\/pages"}],"about":[{"href":"https:\/\/veteraanienperinto.fi\/index.php\/wp-json\/wp\/v2\/types\/page"}],"author":[{"embeddable":true,"href":"https:\/\/veteraanienperinto.fi\/index.php\/wp-json\/wp\/v2\/users\/1"}],"replies":[{"embeddable":true,"href":"https:\/\/veteraanienperinto.fi\/index.php\/wp-json\/wp\/v2\/comments?post=493"}],"version-history":[{"count":6,"href":"https:\/\/veteraanienperinto.fi\/index.php\/wp-json\/wp\/v2\/pages\/493\/revisions"}],"predecessor-version":[{"id":10627,"href":"https:\/\/veteraanienperinto.fi\/index.php\/wp-json\/wp\/v2\/pages\/493\/revisions\/10627"}],"up":[{"embeddable":true,"href":"https:\/\/veteraanienperinto.fi\/index.php\/wp-json\/wp\/v2\/pages\/80"}],"wp:attachment":[{"href":"https:\/\/veteraanienperinto.fi\/index.php\/wp-json\/wp\/v2\/media?parent=493"}],"curies":[{"name":"wp","href":"https:\/\/api.w.org\/{rel}","templated":true}]}}