{"id":5294,"date":"2020-11-17T12:00:27","date_gmt":"2020-11-17T12:00:27","guid":{"rendered":"https:\/\/veteraani.ylirotu.fi\/?page_id=5294"},"modified":"2021-01-26T18:14:49","modified_gmt":"2021-01-26T18:14:49","slug":"mobiliseringssystemet","status":"publish","type":"page","link":"https:\/\/veteraanienperinto.fi\/index.php\/sv\/vinterkriget\/vinterkrigets-bakgrund\/utveckling-av-forsvarsberedskap\/mobiliseringssystemet\/","title":{"rendered":"Mobiliseringssystemet"},"content":{"rendered":"<div id='full_slider_1'  class='avia-fullwidth-slider main_color avia-shadow   avia-builder-el-0  el_before_av_heading  avia-builder-el-first   container_wrap sidebar_right'  ><\/div><div id='after_full_slider_1'  class='main_color av_default_container_wrap container_wrap sidebar_right'  ><div class='container av-section-cont-open' ><div class='template-page content  av-content-small alpha units'><div class='post-entry post-entry-type-page post-entry-5294'><div class='entry-content-wrapper clearfix'>\n\n<style type=\"text\/css\" data-created_by=\"avia_inline_auto\" id=\"style-css-av-kkebkigc-9c8e95d64e26656ff95114774572bc1c\">\n#top .av-special-heading.av-kkebkigc-9c8e95d64e26656ff95114774572bc1c{\npadding-bottom:10px;\n}\nbody .av-special-heading.av-kkebkigc-9c8e95d64e26656ff95114774572bc1c .av-special-heading-tag .heading-char{\nfont-size:25px;\n}\n.av-special-heading.av-kkebkigc-9c8e95d64e26656ff95114774572bc1c .av-subheading{\nfont-size:15px;\n}\n<\/style>\n<div  class='av-special-heading av-kkebkigc-9c8e95d64e26656ff95114774572bc1c av-special-heading-h3  avia-builder-el-1  el_after_av_slideshow_full  el_before_av_textblock  avia-builder-el-first '><h3 class='av-special-heading-tag'  itemprop=\"headline\"  >Mobiliseringssystemet<\/h3><div class=\"special-heading-border\"><div class=\"special-heading-inner-border\"><\/div><\/div><\/div>\n<section  class='av_textblock_section av-2z7jxk-1a4f5e60d6eb792888bd10780a580e03 '   itemscope=\"itemscope\" itemtype=\"https:\/\/schema.org\/CreativeWork\" ><div class='avia_textblock'  itemprop=\"text\" ><p>I Finland var det s\u00e5 kallade kadersystemet i bruk under \u00e5ren 1919-1934, inom vilket de fredstida truppavdelningarna st\u00e4llde upp ocks\u00e5 huvuddelen av de krigstida trupperna. Detta skulle vid mobilisering ha inneburit en mycket stor anhopning av manskap, h\u00e4star och utrustning till garnisonerna.<\/p>\n<p>Systemet var alltf\u00f6r l\u00e5ngsamt och s\u00e5rbart till exempel vid luftanfall. \u00c5r 1934 tr\u00e4dde ett nytt omr\u00e5dessystem i kraft, d\u00e4r milit\u00e4rl\u00e4nen och milit\u00e4rdistrikten svarade f\u00f6r uppst\u00e4llandet av f\u00e4ltarm\u00e9n. I praktiken l\u00e5g en stor del av ansvaret f\u00f6r uppst\u00e4llandet p\u00e5 skyddsk\u00e5rerna. De fredstida trupperna hade man f\u00f6r avsikt att koncentrera till skyddstruppsuppgifter vid gr\u00e4nsen f\u00f6r att skydda uppst\u00e4llandet av f\u00e4ltarm\u00e9n. Systemet var snabbt och mindre s\u00e5rbart \u00e4n det tidigare. Man planerade hela arm\u00e9ns styrka till 315 000 man, vilket var 8,6 % av hela befolkningen.<\/p>\n<p>Det ber\u00e4knades att man i form av tv\u00e5ngs\u00f6verl\u00e5telse skulle beh\u00f6va 45 000 h\u00e4star och 4 500 motorfordon. Reservisterna fr\u00e5n envar ort placerades i samma truppf\u00f6rband, vilket kom att ha stor betydelse f\u00f6r gemenskapsandan och fastheten. Man l\u00e4rde snart k\u00e4nna sina stridskamrater. Bland bekanta var det ingen som ville vara d\u00e5lig. \u00c5 andra sidan kunde f\u00f6rlusterna i kriget bli mycket tunga f\u00f6r n\u00e5gon ort, d\u00e5 dess reservister hamnade i s\u00e4rskilt sv\u00e5ra strider.<\/p>\n<\/div><\/section>\n","protected":false},"excerpt":{"rendered":"","protected":false},"author":1,"featured_media":0,"parent":5263,"menu_order":3,"comment_status":"closed","ping_status":"closed","template":"","meta":{"footnotes":""},"class_list":["post-5294","page","type-page","status-publish","hentry"],"yoast_head":"<!-- This site is optimized with the Yoast SEO plugin v27.4 - https:\/\/yoast.com\/product\/yoast-seo-wordpress\/ -->\n<title>Mobiliseringssystemet - Veteraanien Perint\u00f6<\/title>\n<meta name=\"robots\" content=\"index, follow, max-snippet:-1, max-image-preview:large, max-video-preview:-1\" \/>\n<link rel=\"canonical\" href=\"https:\/\/veteraanienperinto.fi\/index.php\/sv\/vinterkriget\/vinterkrigets-bakgrund\/utveckling-av-forsvarsberedskap\/mobiliseringssystemet\/\" \/>\n<meta property=\"og:locale\" content=\"fi_FI\" \/>\n<meta property=\"og:type\" content=\"article\" \/>\n<meta property=\"og:title\" content=\"Mobiliseringssystemet - Veteraanien Perint\u00f6\" \/>\n<meta property=\"og:url\" content=\"https:\/\/veteraanienperinto.fi\/index.php\/sv\/vinterkriget\/vinterkrigets-bakgrund\/utveckling-av-forsvarsberedskap\/mobiliseringssystemet\/\" \/>\n<meta property=\"og:site_name\" content=\"Veteraanien Perint\u00f6\" \/>\n<meta property=\"article:modified_time\" content=\"2021-01-26T18:14:49+00:00\" \/>\n<meta name=\"twitter:card\" content=\"summary_large_image\" \/>\n<meta name=\"twitter:label1\" content=\"Arvioitu lukuaika\" \/>\n\t<meta name=\"twitter:data1\" content=\"2 minuuttia\" \/>\n<script type=\"application\/ld+json\" class=\"yoast-schema-graph\">{\"@context\":\"https:\\\/\\\/schema.org\",\"@graph\":[{\"@type\":\"WebPage\",\"@id\":\"https:\\\/\\\/veteraanienperinto.fi\\\/index.php\\\/sv\\\/vinterkriget\\\/vinterkrigets-bakgrund\\\/utveckling-av-forsvarsberedskap\\\/mobiliseringssystemet\\\/\",\"url\":\"https:\\\/\\\/veteraanienperinto.fi\\\/index.php\\\/sv\\\/vinterkriget\\\/vinterkrigets-bakgrund\\\/utveckling-av-forsvarsberedskap\\\/mobiliseringssystemet\\\/\",\"name\":\"Mobiliseringssystemet - Veteraanien Perint\u00f6\",\"isPartOf\":{\"@id\":\"https:\\\/\\\/veteraanienperinto.fi\\\/#website\"},\"datePublished\":\"2020-11-17T12:00:27+00:00\",\"dateModified\":\"2021-01-26T18:14:49+00:00\",\"breadcrumb\":{\"@id\":\"https:\\\/\\\/veteraanienperinto.fi\\\/index.php\\\/sv\\\/vinterkriget\\\/vinterkrigets-bakgrund\\\/utveckling-av-forsvarsberedskap\\\/mobiliseringssystemet\\\/#breadcrumb\"},\"inLanguage\":\"fi\",\"potentialAction\":[{\"@type\":\"ReadAction\",\"target\":[\"https:\\\/\\\/veteraanienperinto.fi\\\/index.php\\\/sv\\\/vinterkriget\\\/vinterkrigets-bakgrund\\\/utveckling-av-forsvarsberedskap\\\/mobiliseringssystemet\\\/\"]}]},{\"@type\":\"BreadcrumbList\",\"@id\":\"https:\\\/\\\/veteraanienperinto.fi\\\/index.php\\\/sv\\\/vinterkriget\\\/vinterkrigets-bakgrund\\\/utveckling-av-forsvarsberedskap\\\/mobiliseringssystemet\\\/#breadcrumb\",\"itemListElement\":[{\"@type\":\"ListItem\",\"position\":1,\"name\":\"Etusivu\",\"item\":\"https:\\\/\\\/veteraanienperinto.fi\\\/index.php\\\/etusivu-2\\\/\"},{\"@type\":\"ListItem\",\"position\":2,\"name\":\"Vinterkriget\",\"item\":\"https:\\\/\\\/veteraanienperinto.fi\\\/index.php\\\/sv\\\/vinterkriget\\\/\"},{\"@type\":\"ListItem\",\"position\":3,\"name\":\"Vinterkrigets bakgrund\",\"item\":\"https:\\\/\\\/veteraanienperinto.fi\\\/index.php\\\/sv\\\/vinterkriget\\\/vinterkrigets-bakgrund\\\/\"},{\"@type\":\"ListItem\",\"position\":4,\"name\":\"Utveckling av f\u00f6rsvarsberedskap\",\"item\":\"https:\\\/\\\/veteraanienperinto.fi\\\/index.php\\\/sv\\\/vinterkriget\\\/vinterkrigets-bakgrund\\\/utveckling-av-forsvarsberedskap\\\/\"},{\"@type\":\"ListItem\",\"position\":5,\"name\":\"Mobiliseringssystemet\"}]},{\"@type\":\"WebSite\",\"@id\":\"https:\\\/\\\/veteraanienperinto.fi\\\/#website\",\"url\":\"https:\\\/\\\/veteraanienperinto.fi\\\/\",\"name\":\"Veteraanien Perint\u00f6\",\"description\":\"Kadettikunta\",\"potentialAction\":[{\"@type\":\"SearchAction\",\"target\":{\"@type\":\"EntryPoint\",\"urlTemplate\":\"https:\\\/\\\/veteraanienperinto.fi\\\/?s={search_term_string}\"},\"query-input\":{\"@type\":\"PropertyValueSpecification\",\"valueRequired\":true,\"valueName\":\"search_term_string\"}}],\"inLanguage\":\"fi\"}]}<\/script>\n<!-- \/ Yoast SEO plugin. -->","yoast_head_json":{"title":"Mobiliseringssystemet - Veteraanien Perint\u00f6","robots":{"index":"index","follow":"follow","max-snippet":"max-snippet:-1","max-image-preview":"max-image-preview:large","max-video-preview":"max-video-preview:-1"},"canonical":"https:\/\/veteraanienperinto.fi\/index.php\/sv\/vinterkriget\/vinterkrigets-bakgrund\/utveckling-av-forsvarsberedskap\/mobiliseringssystemet\/","og_locale":"fi_FI","og_type":"article","og_title":"Mobiliseringssystemet - Veteraanien Perint\u00f6","og_url":"https:\/\/veteraanienperinto.fi\/index.php\/sv\/vinterkriget\/vinterkrigets-bakgrund\/utveckling-av-forsvarsberedskap\/mobiliseringssystemet\/","og_site_name":"Veteraanien Perint\u00f6","article_modified_time":"2021-01-26T18:14:49+00:00","twitter_card":"summary_large_image","twitter_misc":{"Arvioitu lukuaika":"2 minuuttia"},"schema":{"@context":"https:\/\/schema.org","@graph":[{"@type":"WebPage","@id":"https:\/\/veteraanienperinto.fi\/index.php\/sv\/vinterkriget\/vinterkrigets-bakgrund\/utveckling-av-forsvarsberedskap\/mobiliseringssystemet\/","url":"https:\/\/veteraanienperinto.fi\/index.php\/sv\/vinterkriget\/vinterkrigets-bakgrund\/utveckling-av-forsvarsberedskap\/mobiliseringssystemet\/","name":"Mobiliseringssystemet - Veteraanien Perint\u00f6","isPartOf":{"@id":"https:\/\/veteraanienperinto.fi\/#website"},"datePublished":"2020-11-17T12:00:27+00:00","dateModified":"2021-01-26T18:14:49+00:00","breadcrumb":{"@id":"https:\/\/veteraanienperinto.fi\/index.php\/sv\/vinterkriget\/vinterkrigets-bakgrund\/utveckling-av-forsvarsberedskap\/mobiliseringssystemet\/#breadcrumb"},"inLanguage":"fi","potentialAction":[{"@type":"ReadAction","target":["https:\/\/veteraanienperinto.fi\/index.php\/sv\/vinterkriget\/vinterkrigets-bakgrund\/utveckling-av-forsvarsberedskap\/mobiliseringssystemet\/"]}]},{"@type":"BreadcrumbList","@id":"https:\/\/veteraanienperinto.fi\/index.php\/sv\/vinterkriget\/vinterkrigets-bakgrund\/utveckling-av-forsvarsberedskap\/mobiliseringssystemet\/#breadcrumb","itemListElement":[{"@type":"ListItem","position":1,"name":"Etusivu","item":"https:\/\/veteraanienperinto.fi\/index.php\/etusivu-2\/"},{"@type":"ListItem","position":2,"name":"Vinterkriget","item":"https:\/\/veteraanienperinto.fi\/index.php\/sv\/vinterkriget\/"},{"@type":"ListItem","position":3,"name":"Vinterkrigets bakgrund","item":"https:\/\/veteraanienperinto.fi\/index.php\/sv\/vinterkriget\/vinterkrigets-bakgrund\/"},{"@type":"ListItem","position":4,"name":"Utveckling av f\u00f6rsvarsberedskap","item":"https:\/\/veteraanienperinto.fi\/index.php\/sv\/vinterkriget\/vinterkrigets-bakgrund\/utveckling-av-forsvarsberedskap\/"},{"@type":"ListItem","position":5,"name":"Mobiliseringssystemet"}]},{"@type":"WebSite","@id":"https:\/\/veteraanienperinto.fi\/#website","url":"https:\/\/veteraanienperinto.fi\/","name":"Veteraanien Perint\u00f6","description":"Kadettikunta","potentialAction":[{"@type":"SearchAction","target":{"@type":"EntryPoint","urlTemplate":"https:\/\/veteraanienperinto.fi\/?s={search_term_string}"},"query-input":{"@type":"PropertyValueSpecification","valueRequired":true,"valueName":"search_term_string"}}],"inLanguage":"fi"}]}},"_links":{"self":[{"href":"https:\/\/veteraanienperinto.fi\/index.php\/wp-json\/wp\/v2\/pages\/5294","targetHints":{"allow":["GET"]}}],"collection":[{"href":"https:\/\/veteraanienperinto.fi\/index.php\/wp-json\/wp\/v2\/pages"}],"about":[{"href":"https:\/\/veteraanienperinto.fi\/index.php\/wp-json\/wp\/v2\/types\/page"}],"author":[{"embeddable":true,"href":"https:\/\/veteraanienperinto.fi\/index.php\/wp-json\/wp\/v2\/users\/1"}],"replies":[{"embeddable":true,"href":"https:\/\/veteraanienperinto.fi\/index.php\/wp-json\/wp\/v2\/comments?post=5294"}],"version-history":[{"count":7,"href":"https:\/\/veteraanienperinto.fi\/index.php\/wp-json\/wp\/v2\/pages\/5294\/revisions"}],"predecessor-version":[{"id":10684,"href":"https:\/\/veteraanienperinto.fi\/index.php\/wp-json\/wp\/v2\/pages\/5294\/revisions\/10684"}],"up":[{"embeddable":true,"href":"https:\/\/veteraanienperinto.fi\/index.php\/wp-json\/wp\/v2\/pages\/5263"}],"wp:attachment":[{"href":"https:\/\/veteraanienperinto.fi\/index.php\/wp-json\/wp\/v2\/media?parent=5294"}],"curies":[{"name":"wp","href":"https:\/\/api.w.org\/{rel}","templated":true}]}}