{"id":5307,"date":"2020-11-17T12:35:10","date_gmt":"2020-11-17T12:35:10","guid":{"rendered":"https:\/\/veteraani.ylirotu.fi\/?page_id=5307"},"modified":"2021-01-26T18:19:03","modified_gmt":"2021-01-26T18:19:03","slug":"skyddskarsorganisationen","status":"publish","type":"page","link":"https:\/\/veteraanienperinto.fi\/index.php\/sv\/vinterkriget\/vinterkrigets-bakgrund\/utveckling-av-forsvarsberedskap\/skyddskarsorganisationen\/","title":{"rendered":"Skyddsk\u00e5rsorganisationen"},"content":{"rendered":"<div id='full_slider_1'  class='avia-fullwidth-slider main_color avia-shadow   avia-builder-el-0  el_before_av_heading  avia-builder-el-first   container_wrap sidebar_right'  ><\/div><div id='after_full_slider_1'  class='main_color av_default_container_wrap container_wrap sidebar_right'  ><div class='container av-section-cont-open' ><div class='template-page content  av-content-small alpha units'><div class='post-entry post-entry-type-page post-entry-5307'><div class='entry-content-wrapper clearfix'>\n\n<style type=\"text\/css\" data-created_by=\"avia_inline_auto\" id=\"style-css-av-kkebpym6-ba36d0e2c8f821c2e3569a3d70d45a2a\">\n#top .av-special-heading.av-kkebpym6-ba36d0e2c8f821c2e3569a3d70d45a2a{\npadding-bottom:10px;\n}\nbody .av-special-heading.av-kkebpym6-ba36d0e2c8f821c2e3569a3d70d45a2a .av-special-heading-tag .heading-char{\nfont-size:25px;\n}\n.av-special-heading.av-kkebpym6-ba36d0e2c8f821c2e3569a3d70d45a2a .av-subheading{\nfont-size:15px;\n}\n<\/style>\n<div  class='av-special-heading av-kkebpym6-ba36d0e2c8f821c2e3569a3d70d45a2a av-special-heading-h3  avia-builder-el-1  el_after_av_slideshow_full  el_before_av_textblock  avia-builder-el-first '><h3 class='av-special-heading-tag'  itemprop=\"headline\"  >Skyddsk\u00e5rsorganisationen<\/h3><div class=\"special-heading-border\"><div class=\"special-heading-inner-border\"><\/div><\/div><\/div>\n<section  class='av_textblock_section av-2zgcap-f39f3652a6035dd0bccdd1ab054aa335 '   itemscope=\"itemscope\" itemtype=\"https:\/\/schema.org\/CreativeWork\" ><div class='avia_textblock'  itemprop=\"text\" ><p>Den frivilliga Skyddsk\u00e5rsorganisationen permanentades genom en f\u00f6rordning i augusti 1918 och en lag \u00e5r 1927. Organisationen h\u00f6rde till rikets f\u00f6rsvarsmakt som en del och dess uppgift enligt regeringens anvisningar var att befr\u00e4mja folkets f\u00f6rsvarsduglighet samt att f\u00f6rsvara fosterlandet och den lagliga samh\u00e4llsordningen. Skyddsk\u00e5rschefen var p\u00e5 samma s\u00e4tt som arm\u00e9ns chef underst\u00e4lld republikens president. Officerare fr\u00e5n den ordinarie milit\u00e4ren tj\u00e4nstgjorde i skyddsk\u00e5rens generalstab, i distriktsstaberna och som omr\u00e5deschefer. De lokala skyddsk\u00e5rernas lokalchefer var reservofficerare eller -underofficerare som erh\u00f6ll en liten avl\u00f6ning.<\/p>\n<p>Skyddsk\u00e5rsorganisationens st\u00e4llning som en del av f\u00f6rsvarsmakten var synnerligen viktig som verkst\u00e4llighetsorganisation f\u00f6r mobiliseringen.<\/p>\n<p>Skyddsk\u00e5rernas utbildningsverksamhet var mycket gedigen. Den omfattade en m\u00e5ngsidig milit\u00e4rutbildning. I synnerhet skjut- och ledarutbildningens betydelse var mycket stor. Skyddsk\u00e5rerna ordnade ocks\u00e5 rent av strids\u00f6vningar p\u00e5 bataljonsniv\u00e5 samt sommarl\u00e4ger. Skyddsk\u00e5rerna hade en betydande andel i idrottslivet i Finland.<\/p>\n<p>Skyddsk\u00e5rsorganisationen i v\u00e5rt land var en organisation som var exceptionellt stor och som verkade i vida kretsar. Inom den fanns redan \u00e5r 1938 \u00f6ver 111 000 ordinarie medlemmar, f\u00f6rutom att 30 000 soldatgossar deltog i verksamheten. Organisationens m\u00e5ngsidiga verksamhet hade en avg\u00f6rande betydelse d\u00e5 det g\u00e4llde v\u00e5rt lands beredskap och utvecklingen av f\u00f6rsvarsf\u00f6rm\u00e5gan.<\/p>\n<p>Mer information om Skyddsk\u00e5rsorganisationen p\u00e5 finska fr\u00e5n <strong><a href=\"https:\/\/perinne.fi\/suojeluskuntajaerjestoe\/\" target=\"_blank\" rel=\"noopener\">denna l\u00e4nk<\/a><\/strong>.<\/p>\n<\/div><\/section>\n","protected":false},"excerpt":{"rendered":"","protected":false},"author":1,"featured_media":0,"parent":5263,"menu_order":6,"comment_status":"closed","ping_status":"closed","template":"","meta":{"footnotes":""},"class_list":["post-5307","page","type-page","status-publish","hentry"],"yoast_head":"<!-- This site is optimized with the Yoast SEO plugin v27.4 - https:\/\/yoast.com\/product\/yoast-seo-wordpress\/ -->\n<title>Skyddsk\u00e5rsorganisationen - Veteraanien Perint\u00f6<\/title>\n<meta name=\"robots\" content=\"index, follow, max-snippet:-1, max-image-preview:large, max-video-preview:-1\" \/>\n<link rel=\"canonical\" href=\"https:\/\/veteraanienperinto.fi\/index.php\/sv\/vinterkriget\/vinterkrigets-bakgrund\/utveckling-av-forsvarsberedskap\/skyddskarsorganisationen\/\" \/>\n<meta property=\"og:locale\" content=\"fi_FI\" \/>\n<meta property=\"og:type\" content=\"article\" \/>\n<meta property=\"og:title\" content=\"Skyddsk\u00e5rsorganisationen - Veteraanien Perint\u00f6\" \/>\n<meta property=\"og:url\" content=\"https:\/\/veteraanienperinto.fi\/index.php\/sv\/vinterkriget\/vinterkrigets-bakgrund\/utveckling-av-forsvarsberedskap\/skyddskarsorganisationen\/\" \/>\n<meta property=\"og:site_name\" content=\"Veteraanien Perint\u00f6\" \/>\n<meta property=\"article:modified_time\" content=\"2021-01-26T18:19:03+00:00\" \/>\n<meta name=\"twitter:card\" content=\"summary_large_image\" \/>\n<meta name=\"twitter:label1\" content=\"Arvioitu lukuaika\" \/>\n\t<meta name=\"twitter:data1\" content=\"2 minuuttia\" \/>\n<script type=\"application\/ld+json\" class=\"yoast-schema-graph\">{\"@context\":\"https:\\\/\\\/schema.org\",\"@graph\":[{\"@type\":\"WebPage\",\"@id\":\"https:\\\/\\\/veteraanienperinto.fi\\\/index.php\\\/sv\\\/vinterkriget\\\/vinterkrigets-bakgrund\\\/utveckling-av-forsvarsberedskap\\\/skyddskarsorganisationen\\\/\",\"url\":\"https:\\\/\\\/veteraanienperinto.fi\\\/index.php\\\/sv\\\/vinterkriget\\\/vinterkrigets-bakgrund\\\/utveckling-av-forsvarsberedskap\\\/skyddskarsorganisationen\\\/\",\"name\":\"Skyddsk\u00e5rsorganisationen - Veteraanien Perint\u00f6\",\"isPartOf\":{\"@id\":\"https:\\\/\\\/veteraanienperinto.fi\\\/#website\"},\"datePublished\":\"2020-11-17T12:35:10+00:00\",\"dateModified\":\"2021-01-26T18:19:03+00:00\",\"breadcrumb\":{\"@id\":\"https:\\\/\\\/veteraanienperinto.fi\\\/index.php\\\/sv\\\/vinterkriget\\\/vinterkrigets-bakgrund\\\/utveckling-av-forsvarsberedskap\\\/skyddskarsorganisationen\\\/#breadcrumb\"},\"inLanguage\":\"fi\",\"potentialAction\":[{\"@type\":\"ReadAction\",\"target\":[\"https:\\\/\\\/veteraanienperinto.fi\\\/index.php\\\/sv\\\/vinterkriget\\\/vinterkrigets-bakgrund\\\/utveckling-av-forsvarsberedskap\\\/skyddskarsorganisationen\\\/\"]}]},{\"@type\":\"BreadcrumbList\",\"@id\":\"https:\\\/\\\/veteraanienperinto.fi\\\/index.php\\\/sv\\\/vinterkriget\\\/vinterkrigets-bakgrund\\\/utveckling-av-forsvarsberedskap\\\/skyddskarsorganisationen\\\/#breadcrumb\",\"itemListElement\":[{\"@type\":\"ListItem\",\"position\":1,\"name\":\"Etusivu\",\"item\":\"https:\\\/\\\/veteraanienperinto.fi\\\/index.php\\\/etusivu-2\\\/\"},{\"@type\":\"ListItem\",\"position\":2,\"name\":\"Vinterkriget\",\"item\":\"https:\\\/\\\/veteraanienperinto.fi\\\/index.php\\\/sv\\\/vinterkriget\\\/\"},{\"@type\":\"ListItem\",\"position\":3,\"name\":\"Vinterkrigets bakgrund\",\"item\":\"https:\\\/\\\/veteraanienperinto.fi\\\/index.php\\\/sv\\\/vinterkriget\\\/vinterkrigets-bakgrund\\\/\"},{\"@type\":\"ListItem\",\"position\":4,\"name\":\"Utveckling av f\u00f6rsvarsberedskap\",\"item\":\"https:\\\/\\\/veteraanienperinto.fi\\\/index.php\\\/sv\\\/vinterkriget\\\/vinterkrigets-bakgrund\\\/utveckling-av-forsvarsberedskap\\\/\"},{\"@type\":\"ListItem\",\"position\":5,\"name\":\"Skyddsk\u00e5rsorganisationen\"}]},{\"@type\":\"WebSite\",\"@id\":\"https:\\\/\\\/veteraanienperinto.fi\\\/#website\",\"url\":\"https:\\\/\\\/veteraanienperinto.fi\\\/\",\"name\":\"Veteraanien Perint\u00f6\",\"description\":\"Kadettikunta\",\"potentialAction\":[{\"@type\":\"SearchAction\",\"target\":{\"@type\":\"EntryPoint\",\"urlTemplate\":\"https:\\\/\\\/veteraanienperinto.fi\\\/?s={search_term_string}\"},\"query-input\":{\"@type\":\"PropertyValueSpecification\",\"valueRequired\":true,\"valueName\":\"search_term_string\"}}],\"inLanguage\":\"fi\"}]}<\/script>\n<!-- \/ Yoast SEO plugin. -->","yoast_head_json":{"title":"Skyddsk\u00e5rsorganisationen - Veteraanien Perint\u00f6","robots":{"index":"index","follow":"follow","max-snippet":"max-snippet:-1","max-image-preview":"max-image-preview:large","max-video-preview":"max-video-preview:-1"},"canonical":"https:\/\/veteraanienperinto.fi\/index.php\/sv\/vinterkriget\/vinterkrigets-bakgrund\/utveckling-av-forsvarsberedskap\/skyddskarsorganisationen\/","og_locale":"fi_FI","og_type":"article","og_title":"Skyddsk\u00e5rsorganisationen - Veteraanien Perint\u00f6","og_url":"https:\/\/veteraanienperinto.fi\/index.php\/sv\/vinterkriget\/vinterkrigets-bakgrund\/utveckling-av-forsvarsberedskap\/skyddskarsorganisationen\/","og_site_name":"Veteraanien Perint\u00f6","article_modified_time":"2021-01-26T18:19:03+00:00","twitter_card":"summary_large_image","twitter_misc":{"Arvioitu lukuaika":"2 minuuttia"},"schema":{"@context":"https:\/\/schema.org","@graph":[{"@type":"WebPage","@id":"https:\/\/veteraanienperinto.fi\/index.php\/sv\/vinterkriget\/vinterkrigets-bakgrund\/utveckling-av-forsvarsberedskap\/skyddskarsorganisationen\/","url":"https:\/\/veteraanienperinto.fi\/index.php\/sv\/vinterkriget\/vinterkrigets-bakgrund\/utveckling-av-forsvarsberedskap\/skyddskarsorganisationen\/","name":"Skyddsk\u00e5rsorganisationen - Veteraanien Perint\u00f6","isPartOf":{"@id":"https:\/\/veteraanienperinto.fi\/#website"},"datePublished":"2020-11-17T12:35:10+00:00","dateModified":"2021-01-26T18:19:03+00:00","breadcrumb":{"@id":"https:\/\/veteraanienperinto.fi\/index.php\/sv\/vinterkriget\/vinterkrigets-bakgrund\/utveckling-av-forsvarsberedskap\/skyddskarsorganisationen\/#breadcrumb"},"inLanguage":"fi","potentialAction":[{"@type":"ReadAction","target":["https:\/\/veteraanienperinto.fi\/index.php\/sv\/vinterkriget\/vinterkrigets-bakgrund\/utveckling-av-forsvarsberedskap\/skyddskarsorganisationen\/"]}]},{"@type":"BreadcrumbList","@id":"https:\/\/veteraanienperinto.fi\/index.php\/sv\/vinterkriget\/vinterkrigets-bakgrund\/utveckling-av-forsvarsberedskap\/skyddskarsorganisationen\/#breadcrumb","itemListElement":[{"@type":"ListItem","position":1,"name":"Etusivu","item":"https:\/\/veteraanienperinto.fi\/index.php\/etusivu-2\/"},{"@type":"ListItem","position":2,"name":"Vinterkriget","item":"https:\/\/veteraanienperinto.fi\/index.php\/sv\/vinterkriget\/"},{"@type":"ListItem","position":3,"name":"Vinterkrigets bakgrund","item":"https:\/\/veteraanienperinto.fi\/index.php\/sv\/vinterkriget\/vinterkrigets-bakgrund\/"},{"@type":"ListItem","position":4,"name":"Utveckling av f\u00f6rsvarsberedskap","item":"https:\/\/veteraanienperinto.fi\/index.php\/sv\/vinterkriget\/vinterkrigets-bakgrund\/utveckling-av-forsvarsberedskap\/"},{"@type":"ListItem","position":5,"name":"Skyddsk\u00e5rsorganisationen"}]},{"@type":"WebSite","@id":"https:\/\/veteraanienperinto.fi\/#website","url":"https:\/\/veteraanienperinto.fi\/","name":"Veteraanien Perint\u00f6","description":"Kadettikunta","potentialAction":[{"@type":"SearchAction","target":{"@type":"EntryPoint","urlTemplate":"https:\/\/veteraanienperinto.fi\/?s={search_term_string}"},"query-input":{"@type":"PropertyValueSpecification","valueRequired":true,"valueName":"search_term_string"}}],"inLanguage":"fi"}]}},"_links":{"self":[{"href":"https:\/\/veteraanienperinto.fi\/index.php\/wp-json\/wp\/v2\/pages\/5307","targetHints":{"allow":["GET"]}}],"collection":[{"href":"https:\/\/veteraanienperinto.fi\/index.php\/wp-json\/wp\/v2\/pages"}],"about":[{"href":"https:\/\/veteraanienperinto.fi\/index.php\/wp-json\/wp\/v2\/types\/page"}],"author":[{"embeddable":true,"href":"https:\/\/veteraanienperinto.fi\/index.php\/wp-json\/wp\/v2\/users\/1"}],"replies":[{"embeddable":true,"href":"https:\/\/veteraanienperinto.fi\/index.php\/wp-json\/wp\/v2\/comments?post=5307"}],"version-history":[{"count":7,"href":"https:\/\/veteraanienperinto.fi\/index.php\/wp-json\/wp\/v2\/pages\/5307\/revisions"}],"predecessor-version":[{"id":10691,"href":"https:\/\/veteraanienperinto.fi\/index.php\/wp-json\/wp\/v2\/pages\/5307\/revisions\/10691"}],"up":[{"embeddable":true,"href":"https:\/\/veteraanienperinto.fi\/index.php\/wp-json\/wp\/v2\/pages\/5263"}],"wp:attachment":[{"href":"https:\/\/veteraanienperinto.fi\/index.php\/wp-json\/wp\/v2\/media?parent=5307"}],"curies":[{"name":"wp","href":"https:\/\/api.w.org\/{rel}","templated":true}]}}