{"id":5311,"date":"2020-11-17T12:45:44","date_gmt":"2020-11-17T12:45:44","guid":{"rendered":"https:\/\/veteraani.ylirotu.fi\/?page_id=5311"},"modified":"2021-01-26T18:19:20","modified_gmt":"2021-01-26T18:19:20","slug":"lotta-svard-foreningen","status":"publish","type":"page","link":"https:\/\/veteraanienperinto.fi\/index.php\/sv\/vinterkriget\/vinterkrigets-bakgrund\/utveckling-av-forsvarsberedskap\/lotta-svard-foreningen\/","title":{"rendered":"Lotta Sv\u00e4rd -f\u00f6reningen"},"content":{"rendered":"<div id='full_slider_1'  class='avia-fullwidth-slider main_color avia-shadow   avia-builder-el-0  el_before_av_heading  avia-builder-el-first   container_wrap sidebar_right'  ><\/div><div id='after_full_slider_1'  class='main_color av_default_container_wrap container_wrap sidebar_right'  ><div class='container av-section-cont-open' ><div class='template-page content  av-content-small alpha units'><div class='post-entry post-entry-type-page post-entry-5311'><div class='entry-content-wrapper clearfix'>\n\n<style type=\"text\/css\" data-created_by=\"avia_inline_auto\" id=\"style-css-av-kkebqbk5-4431aebfcc3c53cc84fd5da1910faf68\">\n#top .av-special-heading.av-kkebqbk5-4431aebfcc3c53cc84fd5da1910faf68{\npadding-bottom:10px;\n}\nbody .av-special-heading.av-kkebqbk5-4431aebfcc3c53cc84fd5da1910faf68 .av-special-heading-tag .heading-char{\nfont-size:25px;\n}\n.av-special-heading.av-kkebqbk5-4431aebfcc3c53cc84fd5da1910faf68 .av-subheading{\nfont-size:15px;\n}\n<\/style>\n<div  class='av-special-heading av-kkebqbk5-4431aebfcc3c53cc84fd5da1910faf68 av-special-heading-h3  avia-builder-el-1  el_after_av_slideshow_full  el_before_av_textblock  avia-builder-el-first '><h3 class='av-special-heading-tag'  itemprop=\"headline\"  >Lotta Sv\u00e4rd -f\u00f6reningen<\/h3><div class=\"special-heading-border\"><div class=\"special-heading-inner-border\"><\/div><\/div><\/div>\n<section  class='av_textblock_section av-24g344-698addf5d856d62bee902c52593c3e73 '   itemscope=\"itemscope\" itemtype=\"https:\/\/schema.org\/CreativeWork\" ><div class='avia_textblock'  itemprop=\"text\" ><p>Lotta Sv\u00e4rd-f\u00f6reningarna som till en b\u00f6rjan inr\u00e4ttades i anslutning till skyddsk\u00e5rerna bildade fr\u00e5n och med \u00e5r 1921 en egen sj\u00e4lvst\u00e4ndig organisation. Avsikten med den var att v\u00e4cka och bef\u00e4sta skyddsk\u00e5rsideologin och att bist\u00e5 skyddsk\u00e5rsorganisationen i att skydda hem, tro och fosterland. Dess regionala organisation anpassades till skyddsk\u00e5rsorganisationens organisation. Lottadistrikten och de lokala avdelningarna st\u00f6dde ocks\u00e5 motsvarande skyddsk\u00e5rsdistrikt och de lokala skyddsk\u00e5rerna.<\/p>\n<p>Lotta Sv\u00e4rd-organisationen bistod ocks\u00e5 f\u00f6rsvarsv\u00e4sendet och dess truppf\u00f6rband i synnerhet vid man\u00f6vrer, repetitions\u00f6vningar och bef\u00e4stningsarbeten genom att delta i bespisningen och sjukv\u00e5rden.<\/p>\n<p>Organisationens medlemmar, det vill s\u00e4ga lottorna, placerades i den avdelning d\u00e4r de b\u00e4st som obev\u00e4pnade kunde tj\u00e4na och befr\u00e4mja f\u00f6rsvaret. Ocks\u00e5 lottornas utbildning f\u00f6rsiggick inom sektioner. Sektionerna bestod av sanitets-, bespisnings-, utrustnings- samt insamlings- och kanslisektioner.<\/p>\n<p>Organisationens verksamhet utvidgades kontinuerligt s\u00e5 att \u00e5r 1939 h\u00f6rde redan 105 000 medlemmar till den. I verksamheten deltog f\u00f6rutom dem 24 000 sm\u00e5lottor under 18 \u00e5r. F\u00f6re kriget utbildade Lotta Sv\u00e4rd-f\u00f6reningen tusentals kvinnor och flickor f\u00f6r milit\u00e4ra bist\u00e5ndsuppgifter. St\u00f6rsta delen av de utbildade medlemmarna f\u00f6rband sig att p\u00e5 ett eller annat s\u00e4tt i krigstid tr\u00e4da i f\u00f6rsvarsmakens tj\u00e4nst.<\/p>\n<p>Mer information om Lotta Sv\u00e4rd-f\u00f6reningen p\u00e5 finska fr\u00e5n <strong><a href=\"https:\/\/perinne.fi\/lotta-svard-jarjesto\/\" target=\"_blank\" rel=\"noopener\">denna l\u00e4nk<\/a><\/strong>.<\/p>\n<\/div><\/section>\n","protected":false},"excerpt":{"rendered":"","protected":false},"author":1,"featured_media":0,"parent":5263,"menu_order":7,"comment_status":"closed","ping_status":"closed","template":"","meta":{"footnotes":""},"class_list":["post-5311","page","type-page","status-publish","hentry"],"yoast_head":"<!-- This site is optimized with the Yoast SEO plugin v27.4 - https:\/\/yoast.com\/product\/yoast-seo-wordpress\/ -->\n<title>Lotta Sv\u00e4rd -f\u00f6reningen - Veteraanien Perint\u00f6<\/title>\n<meta name=\"robots\" content=\"index, follow, max-snippet:-1, max-image-preview:large, max-video-preview:-1\" \/>\n<link rel=\"canonical\" href=\"https:\/\/veteraanienperinto.fi\/index.php\/sv\/vinterkriget\/vinterkrigets-bakgrund\/utveckling-av-forsvarsberedskap\/lotta-svard-foreningen\/\" \/>\n<meta property=\"og:locale\" content=\"fi_FI\" \/>\n<meta property=\"og:type\" content=\"article\" \/>\n<meta property=\"og:title\" content=\"Lotta Sv\u00e4rd -f\u00f6reningen - Veteraanien Perint\u00f6\" \/>\n<meta property=\"og:url\" content=\"https:\/\/veteraanienperinto.fi\/index.php\/sv\/vinterkriget\/vinterkrigets-bakgrund\/utveckling-av-forsvarsberedskap\/lotta-svard-foreningen\/\" \/>\n<meta property=\"og:site_name\" content=\"Veteraanien Perint\u00f6\" \/>\n<meta property=\"article:modified_time\" content=\"2021-01-26T18:19:20+00:00\" \/>\n<meta name=\"twitter:card\" content=\"summary_large_image\" \/>\n<meta name=\"twitter:label1\" content=\"Arvioitu lukuaika\" \/>\n\t<meta name=\"twitter:data1\" content=\"2 minuuttia\" \/>\n<script type=\"application\/ld+json\" class=\"yoast-schema-graph\">{\"@context\":\"https:\\\/\\\/schema.org\",\"@graph\":[{\"@type\":\"WebPage\",\"@id\":\"https:\\\/\\\/veteraanienperinto.fi\\\/index.php\\\/sv\\\/vinterkriget\\\/vinterkrigets-bakgrund\\\/utveckling-av-forsvarsberedskap\\\/lotta-svard-foreningen\\\/\",\"url\":\"https:\\\/\\\/veteraanienperinto.fi\\\/index.php\\\/sv\\\/vinterkriget\\\/vinterkrigets-bakgrund\\\/utveckling-av-forsvarsberedskap\\\/lotta-svard-foreningen\\\/\",\"name\":\"Lotta Sv\u00e4rd -f\u00f6reningen - Veteraanien Perint\u00f6\",\"isPartOf\":{\"@id\":\"https:\\\/\\\/veteraanienperinto.fi\\\/#website\"},\"datePublished\":\"2020-11-17T12:45:44+00:00\",\"dateModified\":\"2021-01-26T18:19:20+00:00\",\"breadcrumb\":{\"@id\":\"https:\\\/\\\/veteraanienperinto.fi\\\/index.php\\\/sv\\\/vinterkriget\\\/vinterkrigets-bakgrund\\\/utveckling-av-forsvarsberedskap\\\/lotta-svard-foreningen\\\/#breadcrumb\"},\"inLanguage\":\"fi\",\"potentialAction\":[{\"@type\":\"ReadAction\",\"target\":[\"https:\\\/\\\/veteraanienperinto.fi\\\/index.php\\\/sv\\\/vinterkriget\\\/vinterkrigets-bakgrund\\\/utveckling-av-forsvarsberedskap\\\/lotta-svard-foreningen\\\/\"]}]},{\"@type\":\"BreadcrumbList\",\"@id\":\"https:\\\/\\\/veteraanienperinto.fi\\\/index.php\\\/sv\\\/vinterkriget\\\/vinterkrigets-bakgrund\\\/utveckling-av-forsvarsberedskap\\\/lotta-svard-foreningen\\\/#breadcrumb\",\"itemListElement\":[{\"@type\":\"ListItem\",\"position\":1,\"name\":\"Etusivu\",\"item\":\"https:\\\/\\\/veteraanienperinto.fi\\\/index.php\\\/etusivu-2\\\/\"},{\"@type\":\"ListItem\",\"position\":2,\"name\":\"Vinterkriget\",\"item\":\"https:\\\/\\\/veteraanienperinto.fi\\\/index.php\\\/sv\\\/vinterkriget\\\/\"},{\"@type\":\"ListItem\",\"position\":3,\"name\":\"Vinterkrigets bakgrund\",\"item\":\"https:\\\/\\\/veteraanienperinto.fi\\\/index.php\\\/sv\\\/vinterkriget\\\/vinterkrigets-bakgrund\\\/\"},{\"@type\":\"ListItem\",\"position\":4,\"name\":\"Utveckling av f\u00f6rsvarsberedskap\",\"item\":\"https:\\\/\\\/veteraanienperinto.fi\\\/index.php\\\/sv\\\/vinterkriget\\\/vinterkrigets-bakgrund\\\/utveckling-av-forsvarsberedskap\\\/\"},{\"@type\":\"ListItem\",\"position\":5,\"name\":\"Lotta Sv\u00e4rd -f\u00f6reningen\"}]},{\"@type\":\"WebSite\",\"@id\":\"https:\\\/\\\/veteraanienperinto.fi\\\/#website\",\"url\":\"https:\\\/\\\/veteraanienperinto.fi\\\/\",\"name\":\"Veteraanien Perint\u00f6\",\"description\":\"Kadettikunta\",\"potentialAction\":[{\"@type\":\"SearchAction\",\"target\":{\"@type\":\"EntryPoint\",\"urlTemplate\":\"https:\\\/\\\/veteraanienperinto.fi\\\/?s={search_term_string}\"},\"query-input\":{\"@type\":\"PropertyValueSpecification\",\"valueRequired\":true,\"valueName\":\"search_term_string\"}}],\"inLanguage\":\"fi\"}]}<\/script>\n<!-- \/ Yoast SEO plugin. -->","yoast_head_json":{"title":"Lotta Sv\u00e4rd -f\u00f6reningen - Veteraanien Perint\u00f6","robots":{"index":"index","follow":"follow","max-snippet":"max-snippet:-1","max-image-preview":"max-image-preview:large","max-video-preview":"max-video-preview:-1"},"canonical":"https:\/\/veteraanienperinto.fi\/index.php\/sv\/vinterkriget\/vinterkrigets-bakgrund\/utveckling-av-forsvarsberedskap\/lotta-svard-foreningen\/","og_locale":"fi_FI","og_type":"article","og_title":"Lotta Sv\u00e4rd -f\u00f6reningen - Veteraanien Perint\u00f6","og_url":"https:\/\/veteraanienperinto.fi\/index.php\/sv\/vinterkriget\/vinterkrigets-bakgrund\/utveckling-av-forsvarsberedskap\/lotta-svard-foreningen\/","og_site_name":"Veteraanien Perint\u00f6","article_modified_time":"2021-01-26T18:19:20+00:00","twitter_card":"summary_large_image","twitter_misc":{"Arvioitu lukuaika":"2 minuuttia"},"schema":{"@context":"https:\/\/schema.org","@graph":[{"@type":"WebPage","@id":"https:\/\/veteraanienperinto.fi\/index.php\/sv\/vinterkriget\/vinterkrigets-bakgrund\/utveckling-av-forsvarsberedskap\/lotta-svard-foreningen\/","url":"https:\/\/veteraanienperinto.fi\/index.php\/sv\/vinterkriget\/vinterkrigets-bakgrund\/utveckling-av-forsvarsberedskap\/lotta-svard-foreningen\/","name":"Lotta Sv\u00e4rd -f\u00f6reningen - Veteraanien Perint\u00f6","isPartOf":{"@id":"https:\/\/veteraanienperinto.fi\/#website"},"datePublished":"2020-11-17T12:45:44+00:00","dateModified":"2021-01-26T18:19:20+00:00","breadcrumb":{"@id":"https:\/\/veteraanienperinto.fi\/index.php\/sv\/vinterkriget\/vinterkrigets-bakgrund\/utveckling-av-forsvarsberedskap\/lotta-svard-foreningen\/#breadcrumb"},"inLanguage":"fi","potentialAction":[{"@type":"ReadAction","target":["https:\/\/veteraanienperinto.fi\/index.php\/sv\/vinterkriget\/vinterkrigets-bakgrund\/utveckling-av-forsvarsberedskap\/lotta-svard-foreningen\/"]}]},{"@type":"BreadcrumbList","@id":"https:\/\/veteraanienperinto.fi\/index.php\/sv\/vinterkriget\/vinterkrigets-bakgrund\/utveckling-av-forsvarsberedskap\/lotta-svard-foreningen\/#breadcrumb","itemListElement":[{"@type":"ListItem","position":1,"name":"Etusivu","item":"https:\/\/veteraanienperinto.fi\/index.php\/etusivu-2\/"},{"@type":"ListItem","position":2,"name":"Vinterkriget","item":"https:\/\/veteraanienperinto.fi\/index.php\/sv\/vinterkriget\/"},{"@type":"ListItem","position":3,"name":"Vinterkrigets bakgrund","item":"https:\/\/veteraanienperinto.fi\/index.php\/sv\/vinterkriget\/vinterkrigets-bakgrund\/"},{"@type":"ListItem","position":4,"name":"Utveckling av f\u00f6rsvarsberedskap","item":"https:\/\/veteraanienperinto.fi\/index.php\/sv\/vinterkriget\/vinterkrigets-bakgrund\/utveckling-av-forsvarsberedskap\/"},{"@type":"ListItem","position":5,"name":"Lotta Sv\u00e4rd -f\u00f6reningen"}]},{"@type":"WebSite","@id":"https:\/\/veteraanienperinto.fi\/#website","url":"https:\/\/veteraanienperinto.fi\/","name":"Veteraanien Perint\u00f6","description":"Kadettikunta","potentialAction":[{"@type":"SearchAction","target":{"@type":"EntryPoint","urlTemplate":"https:\/\/veteraanienperinto.fi\/?s={search_term_string}"},"query-input":{"@type":"PropertyValueSpecification","valueRequired":true,"valueName":"search_term_string"}}],"inLanguage":"fi"}]}},"_links":{"self":[{"href":"https:\/\/veteraanienperinto.fi\/index.php\/wp-json\/wp\/v2\/pages\/5311","targetHints":{"allow":["GET"]}}],"collection":[{"href":"https:\/\/veteraanienperinto.fi\/index.php\/wp-json\/wp\/v2\/pages"}],"about":[{"href":"https:\/\/veteraanienperinto.fi\/index.php\/wp-json\/wp\/v2\/types\/page"}],"author":[{"embeddable":true,"href":"https:\/\/veteraanienperinto.fi\/index.php\/wp-json\/wp\/v2\/users\/1"}],"replies":[{"embeddable":true,"href":"https:\/\/veteraanienperinto.fi\/index.php\/wp-json\/wp\/v2\/comments?post=5311"}],"version-history":[{"count":8,"href":"https:\/\/veteraanienperinto.fi\/index.php\/wp-json\/wp\/v2\/pages\/5311\/revisions"}],"predecessor-version":[{"id":10693,"href":"https:\/\/veteraanienperinto.fi\/index.php\/wp-json\/wp\/v2\/pages\/5311\/revisions\/10693"}],"up":[{"embeddable":true,"href":"https:\/\/veteraanienperinto.fi\/index.php\/wp-json\/wp\/v2\/pages\/5263"}],"wp:attachment":[{"href":"https:\/\/veteraanienperinto.fi\/index.php\/wp-json\/wp\/v2\/media?parent=5311"}],"curies":[{"name":"wp","href":"https:\/\/api.w.org\/{rel}","templated":true}]}}