{"id":5327,"date":"2020-11-17T13:17:56","date_gmt":"2020-11-17T13:17:56","guid":{"rendered":"https:\/\/veteraani.ylirotu.fi\/?page_id=5327"},"modified":"2021-01-26T18:22:30","modified_gmt":"2021-01-26T18:22:30","slug":"storbritannien-och-frankrike","status":"publish","type":"page","link":"https:\/\/veteraanienperinto.fi\/index.php\/sv\/vinterkriget\/vinterkrigets-bakgrund\/utrikespolitisk-situation\/storbritannien-och-frankrike\/","title":{"rendered":"Storbritannien och Frankrike"},"content":{"rendered":"<div id='full_slider_1'  class='avia-fullwidth-slider main_color avia-shadow   avia-builder-el-0  el_before_av_heading  avia-builder-el-first   container_wrap sidebar_right'  ><\/div><div id='after_full_slider_1'  class='main_color av_default_container_wrap container_wrap sidebar_right'  ><div class='container av-section-cont-open' ><div class='template-page content  av-content-small alpha units'><div class='post-entry post-entry-type-page post-entry-5327'><div class='entry-content-wrapper clearfix'>\n\n<style type=\"text\/css\" data-created_by=\"avia_inline_auto\" id=\"style-css-av-kkebue3m-a9c443bab20613c19d47a7161f4e5a5e\">\n#top .av-special-heading.av-kkebue3m-a9c443bab20613c19d47a7161f4e5a5e{\npadding-bottom:10px;\n}\nbody .av-special-heading.av-kkebue3m-a9c443bab20613c19d47a7161f4e5a5e .av-special-heading-tag .heading-char{\nfont-size:25px;\n}\n.av-special-heading.av-kkebue3m-a9c443bab20613c19d47a7161f4e5a5e .av-subheading{\nfont-size:15px;\n}\n<\/style>\n<div  class='av-special-heading av-kkebue3m-a9c443bab20613c19d47a7161f4e5a5e av-special-heading-h3  avia-builder-el-1  el_after_av_slideshow_full  el_before_av_textblock  avia-builder-el-first '><h3 class='av-special-heading-tag'  itemprop=\"headline\"  >Storbritannien och Frankrike<\/h3><div class=\"special-heading-border\"><div class=\"special-heading-inner-border\"><\/div><\/div><\/div>\n<section  class='av_textblock_section av-35jltj-5eea266e6c5783da046b054ebb5c8ff9 '   itemscope=\"itemscope\" itemtype=\"https:\/\/schema.org\/CreativeWork\" ><div class='avia_textblock'  itemprop=\"text\" ><p>Storbritannien och Frankrike som varit p\u00e5 den vinnande sidan i f\u00f6rsta v\u00e4rldskriget gav i allm\u00e4nhet p\u00e5 1930-talet efter f\u00f6r Tysklands krav. Efter att Tyskland, i strid med fredsavtalet i Versailles, tagit allm\u00e4n v\u00e4rnplikt i bruk n\u00f6jde de sig med att godk\u00e4nna en resolution i Nationernas F\u00f6rbund, i vilken man skarpt kritiserade Tysklands \u00e5tg\u00e4rder. \u00c5r 1935 ingick Storbritannien och Tyskland ett flottavtal, i vilket best\u00e4mdes tonnagem\u00e4ngderna, upp till vilka Tyskland var ber\u00e4ttigat att bygga olika fartygsklasser. Efter undertecknandet av det f\u00f6r Tjeckoslovakien \u00f6desdigra M\u00fcnchen-avtalet uttalade Storbritanniens statsminister Neville Chamberlain p\u00e5 flygf\u00e4ltet, efter att ha \u00e5terv\u00e4nt till sitt hemland, sina ber\u00f6mda ord: &#8221;Peace in our time, fred i v\u00e5r tid&#8221;. Dessa har \u00e4nda till nutid varit exempel p\u00e5 farlig godtrogenhet.<\/p>\n<p>\u00c4nda till \u00e5r 1939 st\u00f6dde sig Storbritannien under tiden mellan v\u00e4rldskrigen p\u00e5 en yrkesarm\u00e9. Man litade p\u00e5 sin \u00f6verl\u00e4gsna flotta, som man beh\u00f6vde f\u00f6r att beh\u00e4rska sitt v\u00e4rldsomfattande koloniimperium, och man utvecklade ocks\u00e5 starka luftstridskrafter. Mot Tyskland hade man ett f\u00e4rdigt naturhinder, Engelska kanalen. P\u00e5 basis av erfarenheterna fr\u00e5n f\u00f6rsta v\u00e4rldskriget byggde Frankrike ett mycket starkt och dyrt bef\u00e4stningssystem, Maginot-linjen. Det milit\u00e4ra t\u00e4nkandet inriktade sig p\u00e5 denna linje som stomme f\u00f6r en eventuell f\u00f6rsvarsstrid, vilket visade sig bli \u00f6desdigert f\u00f6r Frankrike. F\u00f6rutom detta hade Storbritannien och Frankrike redan l\u00e4nge planerat att anv\u00e4nda sig av det neutrala Belgiens territorium i en eventuell strid mot Tyskland. Detta ledde till att tyska trupper, genom Ardennernas bergsmassiv, i maj 1940 \u00f6verraskande kunde falla de mot Belgien marscherande fransk-engelska trupperna i ryggen.<\/p>\n<p>\u00c5r 1939 garanterade Storbritannien och Frankrike Polens integritet. D\u00e5 Tyskland anf\u00f6ll Polen, retirerade de inte l\u00e4ngre p\u00e5 grund av de d\u00e5liga erfarenheterna med den tidigare misslyckade eftergiftspolitiken, utan f\u00f6rklarade mot Tysklands f\u00f6rmodan landet krig.<\/p>\n<\/div><\/section>\n","protected":false},"excerpt":{"rendered":"","protected":false},"author":1,"featured_media":0,"parent":5315,"menu_order":2,"comment_status":"closed","ping_status":"closed","template":"","meta":{"footnotes":""},"class_list":["post-5327","page","type-page","status-publish","hentry"],"yoast_head":"<!-- This site is optimized with the Yoast SEO plugin v27.4 - https:\/\/yoast.com\/product\/yoast-seo-wordpress\/ -->\n<title>Storbritannien och Frankrike - Veteraanien Perint\u00f6<\/title>\n<meta name=\"robots\" content=\"index, follow, max-snippet:-1, max-image-preview:large, max-video-preview:-1\" \/>\n<link rel=\"canonical\" href=\"https:\/\/veteraanienperinto.fi\/index.php\/sv\/vinterkriget\/vinterkrigets-bakgrund\/utrikespolitisk-situation\/storbritannien-och-frankrike\/\" \/>\n<meta property=\"og:locale\" content=\"fi_FI\" \/>\n<meta property=\"og:type\" content=\"article\" \/>\n<meta property=\"og:title\" content=\"Storbritannien och Frankrike - Veteraanien Perint\u00f6\" \/>\n<meta property=\"og:url\" content=\"https:\/\/veteraanienperinto.fi\/index.php\/sv\/vinterkriget\/vinterkrigets-bakgrund\/utrikespolitisk-situation\/storbritannien-och-frankrike\/\" \/>\n<meta property=\"og:site_name\" content=\"Veteraanien Perint\u00f6\" \/>\n<meta property=\"article:modified_time\" content=\"2021-01-26T18:22:30+00:00\" \/>\n<meta name=\"twitter:card\" content=\"summary_large_image\" \/>\n<meta name=\"twitter:label1\" content=\"Arvioitu lukuaika\" \/>\n\t<meta name=\"twitter:data1\" content=\"2 minuuttia\" \/>\n<script type=\"application\/ld+json\" class=\"yoast-schema-graph\">{\"@context\":\"https:\\\/\\\/schema.org\",\"@graph\":[{\"@type\":\"WebPage\",\"@id\":\"https:\\\/\\\/veteraanienperinto.fi\\\/index.php\\\/sv\\\/vinterkriget\\\/vinterkrigets-bakgrund\\\/utrikespolitisk-situation\\\/storbritannien-och-frankrike\\\/\",\"url\":\"https:\\\/\\\/veteraanienperinto.fi\\\/index.php\\\/sv\\\/vinterkriget\\\/vinterkrigets-bakgrund\\\/utrikespolitisk-situation\\\/storbritannien-och-frankrike\\\/\",\"name\":\"Storbritannien och Frankrike - Veteraanien Perint\u00f6\",\"isPartOf\":{\"@id\":\"https:\\\/\\\/veteraanienperinto.fi\\\/#website\"},\"datePublished\":\"2020-11-17T13:17:56+00:00\",\"dateModified\":\"2021-01-26T18:22:30+00:00\",\"breadcrumb\":{\"@id\":\"https:\\\/\\\/veteraanienperinto.fi\\\/index.php\\\/sv\\\/vinterkriget\\\/vinterkrigets-bakgrund\\\/utrikespolitisk-situation\\\/storbritannien-och-frankrike\\\/#breadcrumb\"},\"inLanguage\":\"fi\",\"potentialAction\":[{\"@type\":\"ReadAction\",\"target\":[\"https:\\\/\\\/veteraanienperinto.fi\\\/index.php\\\/sv\\\/vinterkriget\\\/vinterkrigets-bakgrund\\\/utrikespolitisk-situation\\\/storbritannien-och-frankrike\\\/\"]}]},{\"@type\":\"BreadcrumbList\",\"@id\":\"https:\\\/\\\/veteraanienperinto.fi\\\/index.php\\\/sv\\\/vinterkriget\\\/vinterkrigets-bakgrund\\\/utrikespolitisk-situation\\\/storbritannien-och-frankrike\\\/#breadcrumb\",\"itemListElement\":[{\"@type\":\"ListItem\",\"position\":1,\"name\":\"Etusivu\",\"item\":\"https:\\\/\\\/veteraanienperinto.fi\\\/index.php\\\/etusivu-2\\\/\"},{\"@type\":\"ListItem\",\"position\":2,\"name\":\"Vinterkriget\",\"item\":\"https:\\\/\\\/veteraanienperinto.fi\\\/index.php\\\/sv\\\/vinterkriget\\\/\"},{\"@type\":\"ListItem\",\"position\":3,\"name\":\"Vinterkrigets bakgrund\",\"item\":\"https:\\\/\\\/veteraanienperinto.fi\\\/index.php\\\/sv\\\/vinterkriget\\\/vinterkrigets-bakgrund\\\/\"},{\"@type\":\"ListItem\",\"position\":4,\"name\":\"Utrikespolitisk situation\",\"item\":\"https:\\\/\\\/veteraanienperinto.fi\\\/index.php\\\/sv\\\/vinterkriget\\\/vinterkrigets-bakgrund\\\/utrikespolitisk-situation\\\/\"},{\"@type\":\"ListItem\",\"position\":5,\"name\":\"Storbritannien och Frankrike\"}]},{\"@type\":\"WebSite\",\"@id\":\"https:\\\/\\\/veteraanienperinto.fi\\\/#website\",\"url\":\"https:\\\/\\\/veteraanienperinto.fi\\\/\",\"name\":\"Veteraanien Perint\u00f6\",\"description\":\"Kadettikunta\",\"potentialAction\":[{\"@type\":\"SearchAction\",\"target\":{\"@type\":\"EntryPoint\",\"urlTemplate\":\"https:\\\/\\\/veteraanienperinto.fi\\\/?s={search_term_string}\"},\"query-input\":{\"@type\":\"PropertyValueSpecification\",\"valueRequired\":true,\"valueName\":\"search_term_string\"}}],\"inLanguage\":\"fi\"}]}<\/script>\n<!-- \/ Yoast SEO plugin. -->","yoast_head_json":{"title":"Storbritannien och Frankrike - Veteraanien Perint\u00f6","robots":{"index":"index","follow":"follow","max-snippet":"max-snippet:-1","max-image-preview":"max-image-preview:large","max-video-preview":"max-video-preview:-1"},"canonical":"https:\/\/veteraanienperinto.fi\/index.php\/sv\/vinterkriget\/vinterkrigets-bakgrund\/utrikespolitisk-situation\/storbritannien-och-frankrike\/","og_locale":"fi_FI","og_type":"article","og_title":"Storbritannien och Frankrike - Veteraanien Perint\u00f6","og_url":"https:\/\/veteraanienperinto.fi\/index.php\/sv\/vinterkriget\/vinterkrigets-bakgrund\/utrikespolitisk-situation\/storbritannien-och-frankrike\/","og_site_name":"Veteraanien Perint\u00f6","article_modified_time":"2021-01-26T18:22:30+00:00","twitter_card":"summary_large_image","twitter_misc":{"Arvioitu lukuaika":"2 minuuttia"},"schema":{"@context":"https:\/\/schema.org","@graph":[{"@type":"WebPage","@id":"https:\/\/veteraanienperinto.fi\/index.php\/sv\/vinterkriget\/vinterkrigets-bakgrund\/utrikespolitisk-situation\/storbritannien-och-frankrike\/","url":"https:\/\/veteraanienperinto.fi\/index.php\/sv\/vinterkriget\/vinterkrigets-bakgrund\/utrikespolitisk-situation\/storbritannien-och-frankrike\/","name":"Storbritannien och Frankrike - Veteraanien Perint\u00f6","isPartOf":{"@id":"https:\/\/veteraanienperinto.fi\/#website"},"datePublished":"2020-11-17T13:17:56+00:00","dateModified":"2021-01-26T18:22:30+00:00","breadcrumb":{"@id":"https:\/\/veteraanienperinto.fi\/index.php\/sv\/vinterkriget\/vinterkrigets-bakgrund\/utrikespolitisk-situation\/storbritannien-och-frankrike\/#breadcrumb"},"inLanguage":"fi","potentialAction":[{"@type":"ReadAction","target":["https:\/\/veteraanienperinto.fi\/index.php\/sv\/vinterkriget\/vinterkrigets-bakgrund\/utrikespolitisk-situation\/storbritannien-och-frankrike\/"]}]},{"@type":"BreadcrumbList","@id":"https:\/\/veteraanienperinto.fi\/index.php\/sv\/vinterkriget\/vinterkrigets-bakgrund\/utrikespolitisk-situation\/storbritannien-och-frankrike\/#breadcrumb","itemListElement":[{"@type":"ListItem","position":1,"name":"Etusivu","item":"https:\/\/veteraanienperinto.fi\/index.php\/etusivu-2\/"},{"@type":"ListItem","position":2,"name":"Vinterkriget","item":"https:\/\/veteraanienperinto.fi\/index.php\/sv\/vinterkriget\/"},{"@type":"ListItem","position":3,"name":"Vinterkrigets bakgrund","item":"https:\/\/veteraanienperinto.fi\/index.php\/sv\/vinterkriget\/vinterkrigets-bakgrund\/"},{"@type":"ListItem","position":4,"name":"Utrikespolitisk situation","item":"https:\/\/veteraanienperinto.fi\/index.php\/sv\/vinterkriget\/vinterkrigets-bakgrund\/utrikespolitisk-situation\/"},{"@type":"ListItem","position":5,"name":"Storbritannien och Frankrike"}]},{"@type":"WebSite","@id":"https:\/\/veteraanienperinto.fi\/#website","url":"https:\/\/veteraanienperinto.fi\/","name":"Veteraanien Perint\u00f6","description":"Kadettikunta","potentialAction":[{"@type":"SearchAction","target":{"@type":"EntryPoint","urlTemplate":"https:\/\/veteraanienperinto.fi\/?s={search_term_string}"},"query-input":{"@type":"PropertyValueSpecification","valueRequired":true,"valueName":"search_term_string"}}],"inLanguage":"fi"}]}},"_links":{"self":[{"href":"https:\/\/veteraanienperinto.fi\/index.php\/wp-json\/wp\/v2\/pages\/5327","targetHints":{"allow":["GET"]}}],"collection":[{"href":"https:\/\/veteraanienperinto.fi\/index.php\/wp-json\/wp\/v2\/pages"}],"about":[{"href":"https:\/\/veteraanienperinto.fi\/index.php\/wp-json\/wp\/v2\/types\/page"}],"author":[{"embeddable":true,"href":"https:\/\/veteraanienperinto.fi\/index.php\/wp-json\/wp\/v2\/users\/1"}],"replies":[{"embeddable":true,"href":"https:\/\/veteraanienperinto.fi\/index.php\/wp-json\/wp\/v2\/comments?post=5327"}],"version-history":[{"count":6,"href":"https:\/\/veteraanienperinto.fi\/index.php\/wp-json\/wp\/v2\/pages\/5327\/revisions"}],"predecessor-version":[{"id":10701,"href":"https:\/\/veteraanienperinto.fi\/index.php\/wp-json\/wp\/v2\/pages\/5327\/revisions\/10701"}],"up":[{"embeddable":true,"href":"https:\/\/veteraanienperinto.fi\/index.php\/wp-json\/wp\/v2\/pages\/5315"}],"wp:attachment":[{"href":"https:\/\/veteraanienperinto.fi\/index.php\/wp-json\/wp\/v2\/media?parent=5327"}],"curies":[{"name":"wp","href":"https:\/\/api.w.org\/{rel}","templated":true}]}}