{"id":5344,"date":"2020-11-17T13:25:16","date_gmt":"2020-11-17T13:25:16","guid":{"rendered":"https:\/\/veteraani.ylirotu.fi\/?page_id=5344"},"modified":"2021-01-26T18:24:57","modified_gmt":"2021-01-26T18:24:57","slug":"den-utrikespolitiska-utvecklingen-under-vinterkriget","status":"publish","type":"page","link":"https:\/\/veteraanienperinto.fi\/index.php\/sv\/vinterkriget\/vinterkrigets-bakgrund\/utrikespolitisk-situation\/den-utrikespolitiska-utvecklingen-under-vinterkriget\/","title":{"rendered":"Den utrikespolitiska utvecklingen under vinterkriget"},"content":{"rendered":"<div id='full_slider_1'  class='avia-fullwidth-slider main_color avia-shadow   avia-builder-el-0  el_before_av_heading  avia-builder-el-first   container_wrap sidebar_right'  ><\/div><div id='after_full_slider_1'  class='main_color av_default_container_wrap container_wrap sidebar_right'  ><div class='container av-section-cont-open' ><div class='template-page content  av-content-small alpha units'><div class='post-entry post-entry-type-page post-entry-5344'><div class='entry-content-wrapper clearfix'>\n\n<style type=\"text\/css\" data-created_by=\"avia_inline_auto\" id=\"style-css-av-kkebxk93-94d8b7d084e67726037adf19078510f9\">\n#top .av-special-heading.av-kkebxk93-94d8b7d084e67726037adf19078510f9{\npadding-bottom:10px;\n}\nbody .av-special-heading.av-kkebxk93-94d8b7d084e67726037adf19078510f9 .av-special-heading-tag .heading-char{\nfont-size:25px;\n}\n.av-special-heading.av-kkebxk93-94d8b7d084e67726037adf19078510f9 .av-subheading{\nfont-size:15px;\n}\n<\/style>\n<div  class='av-special-heading av-kkebxk93-94d8b7d084e67726037adf19078510f9 av-special-heading-h3  avia-builder-el-1  el_after_av_slideshow_full  el_before_av_textblock  avia-builder-el-first '><h3 class='av-special-heading-tag'  itemprop=\"headline\"  >Den utrikespolitiska utvecklingen under vinterkriget<\/h3><div class=\"special-heading-border\"><div class=\"special-heading-inner-border\"><\/div><\/div><\/div>\n<section  class='av_textblock_section av-35jltj-5eea266e6c5783da046b054ebb5c8ff9 '   itemscope=\"itemscope\" itemtype=\"https:\/\/schema.org\/CreativeWork\" ><div class='avia_textblock'  itemprop=\"text\" ><p>Efter att Sovjetunionen anfallit Finland avsl\u00f6jades dess syftem\u00e5l snabbt, d\u00e5 ryssarna 1.12.1939 inr\u00e4ttade den s\u00e5 kallade Terijoki-regeringen i Terijoki under Otto Ville Kuusinens ledning, och inte l\u00e4ngre gick med p\u00e5 att f\u00f6rhandla med Finlands lagliga regering. Ifr\u00e5gavarande &#8221;regering&#8221; ingick 2.12. ett bist\u00e5ndsavtal med Sovjetunionen, det vill s\u00e4ga kallade sovjetiska trupper till Finland. Vetskapen om Terijoki-regeringen enade finl\u00e4ndarna och intensifierade deras motst\u00e5nd. Finl\u00e4ndarnas ov\u00e4ntade kraftiga kampvilja och det utdragna kriget medf\u00f6rde att Sovjetunionen s\u00e5 sm\u00e5ningom fr\u00e5ngick Terijoki-regeringen och den f\u00f6rsvann i tysthet.<\/p>\n<p>Sovjetunionens anfall mot Finland f\u00f6rd\u00f6mdes kraftigt n\u00e4stan \u00f6verallt i v\u00e4rlden. Endast Tyskland avstod fr\u00e5n att kritisera Sovjetunionen p\u00e5 grund av Molotov-Ribbentrop-avtalet. Tyskland f\u00f6rhindrade vapenleveranser via sitt omr\u00e5de till Finland till exempel fr\u00e5n Italien, d\u00e4r landets diktator Mussolini st\u00f6dde Finland. En del av de italienska vapnen hann likv\u00e4l redan till vinterkriget genom att man anv\u00e4nde omv\u00e4gar. Sovjetunionen utesl\u00f6ts 14.12.1939 fr\u00e5n FN:s f\u00f6reg\u00e5ngare Nationernas F\u00f6rbund. Senast d\u00e5 f\u00f6rstod var och en det ber\u00e4ttigade i Finlands kamp och dess betydelse. Detta beslut skulle likv\u00e4l inte ha fattats om inte finl\u00e4ndarna fr\u00e5n f\u00f6rsta stridsdagen skulle ha visat sig klara av att f\u00f6rsvara sitt land.<\/p>\n<p>Sverige st\u00f6dde inte Finland politiskt men till\u00e4t att en \u00f6ver 8000 man stark frivilligtrupp och en flygavdelning deltog i f\u00f6rsvaret av Finland p\u00e5 Sallafronten. Sverige s\u00e5lde, hyrde ut och donerade ocks\u00e5 vapen till Finland.<\/p>\n<p>F\u00f6renta staterna, England och Frankrike st\u00e4llde sig kategoriskt p\u00e5 Finlands sida. De s\u00e5lde och donerade en betydande m\u00e4ngd krigsutrustning till Finland, av vilken en del hann med i striderna under vinterkriget. England och Frankrike erbj\u00f6d sig ocks\u00e5 att s\u00e4nda trupper till Finlands hj\u00e4lp. Den verkliga avsikten var \u00e4nd\u00e5 att skaffa sig fotf\u00e4ste i Skandinavien och att hindra malmtransporterna fr\u00e5n Sverige till Tyskland genom att l\u00e4gga beslag p\u00e5 Narvik hamn. Finland gjorde heller inte till slut n\u00e5gon officiell beg\u00e4ran om hj\u00e4lp fr\u00e5n England och Frankrike, eftersom hj\u00e4lpen i varje fall skulle ha kommit f\u00f6r sent.<\/p>\n<p>Under vinterkrigstiden var det mycket lugnt p\u00e5 fronten mellan Tyskland och Frankrike. Engelsm\u00e4nnen som varit i Frankrike gav l\u00e4get namnet &#8221;phony war&#8221;, bluffkriget, eftersom det inte skedde n\u00e5gonting till lands och i luften. Hela v\u00e4rlden f\u00f6ljde det lilla Finlands kamp mot j\u00e4tten fr\u00e5n \u00f6st.<\/p>\n<\/div><\/section>\n","protected":false},"excerpt":{"rendered":"","protected":false},"author":1,"featured_media":0,"parent":5315,"menu_order":7,"comment_status":"closed","ping_status":"closed","template":"","meta":{"footnotes":""},"class_list":["post-5344","page","type-page","status-publish","hentry"],"yoast_head":"<!-- This site is optimized with the Yoast SEO plugin v27.4 - https:\/\/yoast.com\/product\/yoast-seo-wordpress\/ -->\n<title>Den utrikespolitiska utvecklingen under vinterkriget - Veteraanien Perint\u00f6<\/title>\n<meta name=\"robots\" content=\"index, follow, max-snippet:-1, max-image-preview:large, max-video-preview:-1\" \/>\n<link rel=\"canonical\" href=\"https:\/\/veteraanienperinto.fi\/index.php\/sv\/vinterkriget\/vinterkrigets-bakgrund\/utrikespolitisk-situation\/den-utrikespolitiska-utvecklingen-under-vinterkriget\/\" \/>\n<meta property=\"og:locale\" content=\"fi_FI\" \/>\n<meta property=\"og:type\" content=\"article\" \/>\n<meta property=\"og:title\" content=\"Den utrikespolitiska utvecklingen under vinterkriget - Veteraanien Perint\u00f6\" \/>\n<meta property=\"og:url\" content=\"https:\/\/veteraanienperinto.fi\/index.php\/sv\/vinterkriget\/vinterkrigets-bakgrund\/utrikespolitisk-situation\/den-utrikespolitiska-utvecklingen-under-vinterkriget\/\" \/>\n<meta property=\"og:site_name\" content=\"Veteraanien Perint\u00f6\" \/>\n<meta property=\"article:modified_time\" content=\"2021-01-26T18:24:57+00:00\" \/>\n<meta name=\"twitter:card\" content=\"summary_large_image\" \/>\n<meta name=\"twitter:label1\" content=\"Arvioitu lukuaika\" \/>\n\t<meta name=\"twitter:data1\" content=\"3 minuuttia\" \/>\n<script type=\"application\/ld+json\" class=\"yoast-schema-graph\">{\"@context\":\"https:\\\/\\\/schema.org\",\"@graph\":[{\"@type\":\"WebPage\",\"@id\":\"https:\\\/\\\/veteraanienperinto.fi\\\/index.php\\\/sv\\\/vinterkriget\\\/vinterkrigets-bakgrund\\\/utrikespolitisk-situation\\\/den-utrikespolitiska-utvecklingen-under-vinterkriget\\\/\",\"url\":\"https:\\\/\\\/veteraanienperinto.fi\\\/index.php\\\/sv\\\/vinterkriget\\\/vinterkrigets-bakgrund\\\/utrikespolitisk-situation\\\/den-utrikespolitiska-utvecklingen-under-vinterkriget\\\/\",\"name\":\"Den utrikespolitiska utvecklingen under vinterkriget - Veteraanien Perint\u00f6\",\"isPartOf\":{\"@id\":\"https:\\\/\\\/veteraanienperinto.fi\\\/#website\"},\"datePublished\":\"2020-11-17T13:25:16+00:00\",\"dateModified\":\"2021-01-26T18:24:57+00:00\",\"breadcrumb\":{\"@id\":\"https:\\\/\\\/veteraanienperinto.fi\\\/index.php\\\/sv\\\/vinterkriget\\\/vinterkrigets-bakgrund\\\/utrikespolitisk-situation\\\/den-utrikespolitiska-utvecklingen-under-vinterkriget\\\/#breadcrumb\"},\"inLanguage\":\"fi\",\"potentialAction\":[{\"@type\":\"ReadAction\",\"target\":[\"https:\\\/\\\/veteraanienperinto.fi\\\/index.php\\\/sv\\\/vinterkriget\\\/vinterkrigets-bakgrund\\\/utrikespolitisk-situation\\\/den-utrikespolitiska-utvecklingen-under-vinterkriget\\\/\"]}]},{\"@type\":\"BreadcrumbList\",\"@id\":\"https:\\\/\\\/veteraanienperinto.fi\\\/index.php\\\/sv\\\/vinterkriget\\\/vinterkrigets-bakgrund\\\/utrikespolitisk-situation\\\/den-utrikespolitiska-utvecklingen-under-vinterkriget\\\/#breadcrumb\",\"itemListElement\":[{\"@type\":\"ListItem\",\"position\":1,\"name\":\"Etusivu\",\"item\":\"https:\\\/\\\/veteraanienperinto.fi\\\/index.php\\\/etusivu-2\\\/\"},{\"@type\":\"ListItem\",\"position\":2,\"name\":\"Vinterkriget\",\"item\":\"https:\\\/\\\/veteraanienperinto.fi\\\/index.php\\\/sv\\\/vinterkriget\\\/\"},{\"@type\":\"ListItem\",\"position\":3,\"name\":\"Vinterkrigets bakgrund\",\"item\":\"https:\\\/\\\/veteraanienperinto.fi\\\/index.php\\\/sv\\\/vinterkriget\\\/vinterkrigets-bakgrund\\\/\"},{\"@type\":\"ListItem\",\"position\":4,\"name\":\"Utrikespolitisk situation\",\"item\":\"https:\\\/\\\/veteraanienperinto.fi\\\/index.php\\\/sv\\\/vinterkriget\\\/vinterkrigets-bakgrund\\\/utrikespolitisk-situation\\\/\"},{\"@type\":\"ListItem\",\"position\":5,\"name\":\"Den utrikespolitiska utvecklingen under vinterkriget\"}]},{\"@type\":\"WebSite\",\"@id\":\"https:\\\/\\\/veteraanienperinto.fi\\\/#website\",\"url\":\"https:\\\/\\\/veteraanienperinto.fi\\\/\",\"name\":\"Veteraanien Perint\u00f6\",\"description\":\"Kadettikunta\",\"potentialAction\":[{\"@type\":\"SearchAction\",\"target\":{\"@type\":\"EntryPoint\",\"urlTemplate\":\"https:\\\/\\\/veteraanienperinto.fi\\\/?s={search_term_string}\"},\"query-input\":{\"@type\":\"PropertyValueSpecification\",\"valueRequired\":true,\"valueName\":\"search_term_string\"}}],\"inLanguage\":\"fi\"}]}<\/script>\n<!-- \/ Yoast SEO plugin. -->","yoast_head_json":{"title":"Den utrikespolitiska utvecklingen under vinterkriget - Veteraanien Perint\u00f6","robots":{"index":"index","follow":"follow","max-snippet":"max-snippet:-1","max-image-preview":"max-image-preview:large","max-video-preview":"max-video-preview:-1"},"canonical":"https:\/\/veteraanienperinto.fi\/index.php\/sv\/vinterkriget\/vinterkrigets-bakgrund\/utrikespolitisk-situation\/den-utrikespolitiska-utvecklingen-under-vinterkriget\/","og_locale":"fi_FI","og_type":"article","og_title":"Den utrikespolitiska utvecklingen under vinterkriget - Veteraanien Perint\u00f6","og_url":"https:\/\/veteraanienperinto.fi\/index.php\/sv\/vinterkriget\/vinterkrigets-bakgrund\/utrikespolitisk-situation\/den-utrikespolitiska-utvecklingen-under-vinterkriget\/","og_site_name":"Veteraanien Perint\u00f6","article_modified_time":"2021-01-26T18:24:57+00:00","twitter_card":"summary_large_image","twitter_misc":{"Arvioitu lukuaika":"3 minuuttia"},"schema":{"@context":"https:\/\/schema.org","@graph":[{"@type":"WebPage","@id":"https:\/\/veteraanienperinto.fi\/index.php\/sv\/vinterkriget\/vinterkrigets-bakgrund\/utrikespolitisk-situation\/den-utrikespolitiska-utvecklingen-under-vinterkriget\/","url":"https:\/\/veteraanienperinto.fi\/index.php\/sv\/vinterkriget\/vinterkrigets-bakgrund\/utrikespolitisk-situation\/den-utrikespolitiska-utvecklingen-under-vinterkriget\/","name":"Den utrikespolitiska utvecklingen under vinterkriget - Veteraanien Perint\u00f6","isPartOf":{"@id":"https:\/\/veteraanienperinto.fi\/#website"},"datePublished":"2020-11-17T13:25:16+00:00","dateModified":"2021-01-26T18:24:57+00:00","breadcrumb":{"@id":"https:\/\/veteraanienperinto.fi\/index.php\/sv\/vinterkriget\/vinterkrigets-bakgrund\/utrikespolitisk-situation\/den-utrikespolitiska-utvecklingen-under-vinterkriget\/#breadcrumb"},"inLanguage":"fi","potentialAction":[{"@type":"ReadAction","target":["https:\/\/veteraanienperinto.fi\/index.php\/sv\/vinterkriget\/vinterkrigets-bakgrund\/utrikespolitisk-situation\/den-utrikespolitiska-utvecklingen-under-vinterkriget\/"]}]},{"@type":"BreadcrumbList","@id":"https:\/\/veteraanienperinto.fi\/index.php\/sv\/vinterkriget\/vinterkrigets-bakgrund\/utrikespolitisk-situation\/den-utrikespolitiska-utvecklingen-under-vinterkriget\/#breadcrumb","itemListElement":[{"@type":"ListItem","position":1,"name":"Etusivu","item":"https:\/\/veteraanienperinto.fi\/index.php\/etusivu-2\/"},{"@type":"ListItem","position":2,"name":"Vinterkriget","item":"https:\/\/veteraanienperinto.fi\/index.php\/sv\/vinterkriget\/"},{"@type":"ListItem","position":3,"name":"Vinterkrigets bakgrund","item":"https:\/\/veteraanienperinto.fi\/index.php\/sv\/vinterkriget\/vinterkrigets-bakgrund\/"},{"@type":"ListItem","position":4,"name":"Utrikespolitisk situation","item":"https:\/\/veteraanienperinto.fi\/index.php\/sv\/vinterkriget\/vinterkrigets-bakgrund\/utrikespolitisk-situation\/"},{"@type":"ListItem","position":5,"name":"Den utrikespolitiska utvecklingen under vinterkriget"}]},{"@type":"WebSite","@id":"https:\/\/veteraanienperinto.fi\/#website","url":"https:\/\/veteraanienperinto.fi\/","name":"Veteraanien Perint\u00f6","description":"Kadettikunta","potentialAction":[{"@type":"SearchAction","target":{"@type":"EntryPoint","urlTemplate":"https:\/\/veteraanienperinto.fi\/?s={search_term_string}"},"query-input":{"@type":"PropertyValueSpecification","valueRequired":true,"valueName":"search_term_string"}}],"inLanguage":"fi"}]}},"_links":{"self":[{"href":"https:\/\/veteraanienperinto.fi\/index.php\/wp-json\/wp\/v2\/pages\/5344","targetHints":{"allow":["GET"]}}],"collection":[{"href":"https:\/\/veteraanienperinto.fi\/index.php\/wp-json\/wp\/v2\/pages"}],"about":[{"href":"https:\/\/veteraanienperinto.fi\/index.php\/wp-json\/wp\/v2\/types\/page"}],"author":[{"embeddable":true,"href":"https:\/\/veteraanienperinto.fi\/index.php\/wp-json\/wp\/v2\/users\/1"}],"replies":[{"embeddable":true,"href":"https:\/\/veteraanienperinto.fi\/index.php\/wp-json\/wp\/v2\/comments?post=5344"}],"version-history":[{"count":5,"href":"https:\/\/veteraanienperinto.fi\/index.php\/wp-json\/wp\/v2\/pages\/5344\/revisions"}],"predecessor-version":[{"id":10709,"href":"https:\/\/veteraanienperinto.fi\/index.php\/wp-json\/wp\/v2\/pages\/5344\/revisions\/10709"}],"up":[{"embeddable":true,"href":"https:\/\/veteraanienperinto.fi\/index.php\/wp-json\/wp\/v2\/pages\/5315"}],"wp:attachment":[{"href":"https:\/\/veteraanienperinto.fi\/index.php\/wp-json\/wp\/v2\/media?parent=5344"}],"curies":[{"name":"wp","href":"https:\/\/api.w.org\/{rel}","templated":true}]}}