{"id":5364,"date":"2020-11-17T13:30:15","date_gmt":"2020-11-17T13:30:15","guid":{"rendered":"https:\/\/veteraani.ylirotu.fi\/?page_id=5364"},"modified":"2021-01-26T18:26:21","modified_gmt":"2021-01-26T18:26:21","slug":"naringslivet","status":"publish","type":"page","link":"https:\/\/veteraanienperinto.fi\/index.php\/sv\/vinterkriget\/vinterkrigets-bakgrund\/samhallet\/naringslivet\/","title":{"rendered":"N\u00e4ringslivet"},"content":{"rendered":"<div id='full_slider_1'  class='avia-fullwidth-slider main_color avia-shadow   avia-builder-el-0  el_before_av_heading  avia-builder-el-first   container_wrap sidebar_right'  ><\/div><div id='after_full_slider_1'  class='main_color av_default_container_wrap container_wrap sidebar_right'  ><div class='container av-section-cont-open' ><div class='template-page content  av-content-small alpha units'><div class='post-entry post-entry-type-page post-entry-5364'><div class='entry-content-wrapper clearfix'>\n\n<style type=\"text\/css\" data-created_by=\"avia_inline_auto\" id=\"style-css-av-kkebzcg5-e27eb70460f2ef38c81a2065ec0f71f0\">\n#top .av-special-heading.av-kkebzcg5-e27eb70460f2ef38c81a2065ec0f71f0{\npadding-bottom:10px;\n}\nbody .av-special-heading.av-kkebzcg5-e27eb70460f2ef38c81a2065ec0f71f0 .av-special-heading-tag .heading-char{\nfont-size:25px;\n}\n.av-special-heading.av-kkebzcg5-e27eb70460f2ef38c81a2065ec0f71f0 .av-subheading{\nfont-size:15px;\n}\n<\/style>\n<div  class='av-special-heading av-kkebzcg5-e27eb70460f2ef38c81a2065ec0f71f0 av-special-heading-h3  avia-builder-el-1  el_after_av_slideshow_full  el_before_av_textblock  avia-builder-el-first '><h3 class='av-special-heading-tag'  itemprop=\"headline\"  >N\u00e4ringslivet<\/h3><div class=\"special-heading-border\"><div class=\"special-heading-inner-border\"><\/div><\/div><\/div>\n<section  class='av_textblock_section av-35jltj-5eea266e6c5783da046b054ebb5c8ff9 '   itemscope=\"itemscope\" itemtype=\"https:\/\/schema.org\/CreativeWork\" ><div class='avia_textblock'  itemprop=\"text\" ><p>Under \u00e5ren 1920-1939 \u00e4ndrades n\u00e4ringslivets struktur i v\u00e5rt land s\u00e5, att d\u00e5 den del av befolkningen som fick sin utkomst fr\u00e5n industrin \u00e5r 1920 utgjorde 15 % och fr\u00e5n jord- och skogsbruket 65 %, var dessa tal \u00e5r 1939 20 % och 55 %. Industrin bestod framf\u00f6r allt av tr\u00e4f\u00f6r\u00e4dlingsindustri, som hade koncentrerats till vattendragen. Exporten till utlandet bestod n\u00e4stan enbart av s\u00e5gvaror och papper.<\/p>\n<p>Den v\u00e4rldsomfattande ekonomiska depressionen i b\u00f6rjan av 1930-talet ber\u00f6rde ocks\u00e5 det finl\u00e4ndska samh\u00e4llet. Den sv\u00e5ra arbetsl\u00f6sheten drev medborgarna att se sig om efter arbete runt om i v\u00e5rt land. Arbetsl\u00f6shetsskyddet liksom ocks\u00e5 socialskyddet var d\u00e5 mycket eftersatta. Flera tusen finl\u00e4ndare s\u00f6kte sig i smyg \u00f6ver gr\u00e4nsen till Sovjetunionen i hopp om ett b\u00e4ttre liv. En stor del av dem f\u00f6ll offer f\u00f6r Stalins f\u00f6rf\u00f6ljelser.<\/p>\n<p>Medan den ekonomiska krisen \u00e4nnu h\u00f6ll i sig, upph\u00e4vdes f\u00f6rbudslagen i v\u00e5rt land \u00e5r 1932. Enligt denna lag, som varit i kraft fr\u00e5n \u00e5r 1919, var f\u00f6rs\u00e4ljning och utsk\u00e4nkning av alkohol f\u00f6rbjudet i Finland. Lagen minskade inte anv\u00e4ndningen av alkohol i n\u00e5gon n\u00e4mnv\u00e4rd grad. Den grundade sig inte p\u00e5 folkets r\u00e4ttsuppfattning och minskade d\u00e4rf\u00f6r aktningen f\u00f6r lagen.<\/p>\n<p>\u00d6vervakningen av lagen medf\u00f6rde stora kostnader f\u00f6r staten, och den belastade r\u00e4ttsv\u00e4sendet osk\u00e4ligt. Staten erh\u00f6ll inte heller skatteinkomster av de stora penningsummor som r\u00f6rde sig inom smyghandeln med alkohol. Smugglingen av alkohol, i praktiken sprit, fick mycket omfattande proportioner.<\/p>\n<p>I slutet av \u00e5r 1931 ordnades en folkomr\u00f6stning om upph\u00e4vandet av f\u00f6rbudslagen. Lagens motst\u00e5ndare vann \u00f6verl\u00e4gset. \u00d6ppnandet av alkoholbutiker 5.4.1932 var p\u00e5 m\u00e5nga h\u00e5ll en viktig h\u00e4ndelse.<\/p>\n<p>Efter att den ekonomiska krisen \u00f6vervunnits fortsatte en kraftig ekonomisk utveckling i v\u00e5rt land. Nationalinkomsten mer \u00e4n f\u00f6rdubblades under \u00e5ren 1920-1938. \u00c5ret 1938 var speciellt gott och det har ofta anv\u00e4nts som j\u00e4mf\u00f6relse d\u00e5 man bed\u00f6mt nationalinkomsten. Redan f\u00f6re vinterkriget hade nationalinkomsten per person i Finland uppn\u00e5tt niv\u00e5n i till exempel Frankrike och Holland.<\/p>\n<p>Den ekonomiska utvecklingen gjorde det ocks\u00e5 m\u00f6jligt att fortl\u00f6pande f\u00f6rb\u00e4ttra medborgarnas grundtrygghet. Detta f\u00f6rb\u00e4ttrade levnadsvillkoren och utj\u00e4mnade de sociala klyftorna. Inom alla folkskikt b\u00f6rjade man inse att samh\u00e4llet som var statt i utveckling var v\u00e4rt att f\u00f6rsvara.<\/p>\n<\/div><\/section>\n","protected":false},"excerpt":{"rendered":"","protected":false},"author":1,"featured_media":0,"parent":5348,"menu_order":3,"comment_status":"closed","ping_status":"closed","template":"","meta":{"footnotes":""},"class_list":["post-5364","page","type-page","status-publish","hentry"],"yoast_head":"<!-- This site is optimized with the Yoast SEO plugin v27.4 - https:\/\/yoast.com\/product\/yoast-seo-wordpress\/ -->\n<title>N\u00e4ringslivet - Veteraanien Perint\u00f6<\/title>\n<meta name=\"robots\" content=\"index, follow, max-snippet:-1, max-image-preview:large, max-video-preview:-1\" \/>\n<link rel=\"canonical\" href=\"https:\/\/veteraanienperinto.fi\/index.php\/sv\/vinterkriget\/vinterkrigets-bakgrund\/samhallet\/naringslivet\/\" \/>\n<meta property=\"og:locale\" content=\"fi_FI\" \/>\n<meta property=\"og:type\" content=\"article\" \/>\n<meta property=\"og:title\" content=\"N\u00e4ringslivet - Veteraanien Perint\u00f6\" \/>\n<meta property=\"og:url\" content=\"https:\/\/veteraanienperinto.fi\/index.php\/sv\/vinterkriget\/vinterkrigets-bakgrund\/samhallet\/naringslivet\/\" \/>\n<meta property=\"og:site_name\" content=\"Veteraanien Perint\u00f6\" \/>\n<meta property=\"article:modified_time\" content=\"2021-01-26T18:26:21+00:00\" \/>\n<meta name=\"twitter:card\" content=\"summary_large_image\" \/>\n<meta name=\"twitter:label1\" content=\"Arvioitu lukuaika\" \/>\n\t<meta name=\"twitter:data1\" content=\"3 minuuttia\" \/>\n<script type=\"application\/ld+json\" class=\"yoast-schema-graph\">{\"@context\":\"https:\\\/\\\/schema.org\",\"@graph\":[{\"@type\":\"WebPage\",\"@id\":\"https:\\\/\\\/veteraanienperinto.fi\\\/index.php\\\/sv\\\/vinterkriget\\\/vinterkrigets-bakgrund\\\/samhallet\\\/naringslivet\\\/\",\"url\":\"https:\\\/\\\/veteraanienperinto.fi\\\/index.php\\\/sv\\\/vinterkriget\\\/vinterkrigets-bakgrund\\\/samhallet\\\/naringslivet\\\/\",\"name\":\"N\u00e4ringslivet - Veteraanien Perint\u00f6\",\"isPartOf\":{\"@id\":\"https:\\\/\\\/veteraanienperinto.fi\\\/#website\"},\"datePublished\":\"2020-11-17T13:30:15+00:00\",\"dateModified\":\"2021-01-26T18:26:21+00:00\",\"breadcrumb\":{\"@id\":\"https:\\\/\\\/veteraanienperinto.fi\\\/index.php\\\/sv\\\/vinterkriget\\\/vinterkrigets-bakgrund\\\/samhallet\\\/naringslivet\\\/#breadcrumb\"},\"inLanguage\":\"fi\",\"potentialAction\":[{\"@type\":\"ReadAction\",\"target\":[\"https:\\\/\\\/veteraanienperinto.fi\\\/index.php\\\/sv\\\/vinterkriget\\\/vinterkrigets-bakgrund\\\/samhallet\\\/naringslivet\\\/\"]}]},{\"@type\":\"BreadcrumbList\",\"@id\":\"https:\\\/\\\/veteraanienperinto.fi\\\/index.php\\\/sv\\\/vinterkriget\\\/vinterkrigets-bakgrund\\\/samhallet\\\/naringslivet\\\/#breadcrumb\",\"itemListElement\":[{\"@type\":\"ListItem\",\"position\":1,\"name\":\"Etusivu\",\"item\":\"https:\\\/\\\/veteraanienperinto.fi\\\/index.php\\\/etusivu-2\\\/\"},{\"@type\":\"ListItem\",\"position\":2,\"name\":\"Vinterkriget\",\"item\":\"https:\\\/\\\/veteraanienperinto.fi\\\/index.php\\\/sv\\\/vinterkriget\\\/\"},{\"@type\":\"ListItem\",\"position\":3,\"name\":\"Vinterkrigets bakgrund\",\"item\":\"https:\\\/\\\/veteraanienperinto.fi\\\/index.php\\\/sv\\\/vinterkriget\\\/vinterkrigets-bakgrund\\\/\"},{\"@type\":\"ListItem\",\"position\":4,\"name\":\"Samh\u00e4llet\",\"item\":\"https:\\\/\\\/veteraanienperinto.fi\\\/index.php\\\/sv\\\/vinterkriget\\\/vinterkrigets-bakgrund\\\/samhallet\\\/\"},{\"@type\":\"ListItem\",\"position\":5,\"name\":\"N\u00e4ringslivet\"}]},{\"@type\":\"WebSite\",\"@id\":\"https:\\\/\\\/veteraanienperinto.fi\\\/#website\",\"url\":\"https:\\\/\\\/veteraanienperinto.fi\\\/\",\"name\":\"Veteraanien Perint\u00f6\",\"description\":\"Kadettikunta\",\"potentialAction\":[{\"@type\":\"SearchAction\",\"target\":{\"@type\":\"EntryPoint\",\"urlTemplate\":\"https:\\\/\\\/veteraanienperinto.fi\\\/?s={search_term_string}\"},\"query-input\":{\"@type\":\"PropertyValueSpecification\",\"valueRequired\":true,\"valueName\":\"search_term_string\"}}],\"inLanguage\":\"fi\"}]}<\/script>\n<!-- \/ Yoast SEO plugin. -->","yoast_head_json":{"title":"N\u00e4ringslivet - Veteraanien Perint\u00f6","robots":{"index":"index","follow":"follow","max-snippet":"max-snippet:-1","max-image-preview":"max-image-preview:large","max-video-preview":"max-video-preview:-1"},"canonical":"https:\/\/veteraanienperinto.fi\/index.php\/sv\/vinterkriget\/vinterkrigets-bakgrund\/samhallet\/naringslivet\/","og_locale":"fi_FI","og_type":"article","og_title":"N\u00e4ringslivet - Veteraanien Perint\u00f6","og_url":"https:\/\/veteraanienperinto.fi\/index.php\/sv\/vinterkriget\/vinterkrigets-bakgrund\/samhallet\/naringslivet\/","og_site_name":"Veteraanien Perint\u00f6","article_modified_time":"2021-01-26T18:26:21+00:00","twitter_card":"summary_large_image","twitter_misc":{"Arvioitu lukuaika":"3 minuuttia"},"schema":{"@context":"https:\/\/schema.org","@graph":[{"@type":"WebPage","@id":"https:\/\/veteraanienperinto.fi\/index.php\/sv\/vinterkriget\/vinterkrigets-bakgrund\/samhallet\/naringslivet\/","url":"https:\/\/veteraanienperinto.fi\/index.php\/sv\/vinterkriget\/vinterkrigets-bakgrund\/samhallet\/naringslivet\/","name":"N\u00e4ringslivet - Veteraanien Perint\u00f6","isPartOf":{"@id":"https:\/\/veteraanienperinto.fi\/#website"},"datePublished":"2020-11-17T13:30:15+00:00","dateModified":"2021-01-26T18:26:21+00:00","breadcrumb":{"@id":"https:\/\/veteraanienperinto.fi\/index.php\/sv\/vinterkriget\/vinterkrigets-bakgrund\/samhallet\/naringslivet\/#breadcrumb"},"inLanguage":"fi","potentialAction":[{"@type":"ReadAction","target":["https:\/\/veteraanienperinto.fi\/index.php\/sv\/vinterkriget\/vinterkrigets-bakgrund\/samhallet\/naringslivet\/"]}]},{"@type":"BreadcrumbList","@id":"https:\/\/veteraanienperinto.fi\/index.php\/sv\/vinterkriget\/vinterkrigets-bakgrund\/samhallet\/naringslivet\/#breadcrumb","itemListElement":[{"@type":"ListItem","position":1,"name":"Etusivu","item":"https:\/\/veteraanienperinto.fi\/index.php\/etusivu-2\/"},{"@type":"ListItem","position":2,"name":"Vinterkriget","item":"https:\/\/veteraanienperinto.fi\/index.php\/sv\/vinterkriget\/"},{"@type":"ListItem","position":3,"name":"Vinterkrigets bakgrund","item":"https:\/\/veteraanienperinto.fi\/index.php\/sv\/vinterkriget\/vinterkrigets-bakgrund\/"},{"@type":"ListItem","position":4,"name":"Samh\u00e4llet","item":"https:\/\/veteraanienperinto.fi\/index.php\/sv\/vinterkriget\/vinterkrigets-bakgrund\/samhallet\/"},{"@type":"ListItem","position":5,"name":"N\u00e4ringslivet"}]},{"@type":"WebSite","@id":"https:\/\/veteraanienperinto.fi\/#website","url":"https:\/\/veteraanienperinto.fi\/","name":"Veteraanien Perint\u00f6","description":"Kadettikunta","potentialAction":[{"@type":"SearchAction","target":{"@type":"EntryPoint","urlTemplate":"https:\/\/veteraanienperinto.fi\/?s={search_term_string}"},"query-input":{"@type":"PropertyValueSpecification","valueRequired":true,"valueName":"search_term_string"}}],"inLanguage":"fi"}]}},"_links":{"self":[{"href":"https:\/\/veteraanienperinto.fi\/index.php\/wp-json\/wp\/v2\/pages\/5364","targetHints":{"allow":["GET"]}}],"collection":[{"href":"https:\/\/veteraanienperinto.fi\/index.php\/wp-json\/wp\/v2\/pages"}],"about":[{"href":"https:\/\/veteraanienperinto.fi\/index.php\/wp-json\/wp\/v2\/types\/page"}],"author":[{"embeddable":true,"href":"https:\/\/veteraanienperinto.fi\/index.php\/wp-json\/wp\/v2\/users\/1"}],"replies":[{"embeddable":true,"href":"https:\/\/veteraanienperinto.fi\/index.php\/wp-json\/wp\/v2\/comments?post=5364"}],"version-history":[{"count":5,"href":"https:\/\/veteraanienperinto.fi\/index.php\/wp-json\/wp\/v2\/pages\/5364\/revisions"}],"predecessor-version":[{"id":10717,"href":"https:\/\/veteraanienperinto.fi\/index.php\/wp-json\/wp\/v2\/pages\/5364\/revisions\/10717"}],"up":[{"embeddable":true,"href":"https:\/\/veteraanienperinto.fi\/index.php\/wp-json\/wp\/v2\/pages\/5348"}],"wp:attachment":[{"href":"https:\/\/veteraanienperinto.fi\/index.php\/wp-json\/wp\/v2\/media?parent=5364"}],"curies":[{"name":"wp","href":"https:\/\/api.w.org\/{rel}","templated":true}]}}