{"id":5369,"date":"2020-11-17T13:31:53","date_gmt":"2020-11-17T13:31:53","guid":{"rendered":"https:\/\/veteraani.ylirotu.fi\/?page_id=5369"},"modified":"2021-01-26T18:26:37","modified_gmt":"2021-01-26T18:26:37","slug":"trafik","status":"publish","type":"page","link":"https:\/\/veteraanienperinto.fi\/index.php\/sv\/vinterkriget\/vinterkrigets-bakgrund\/samhallet\/trafik\/","title":{"rendered":"Trafik"},"content":{"rendered":"<div id='full_slider_1'  class='avia-fullwidth-slider main_color avia-shadow   avia-builder-el-0  el_before_av_heading  avia-builder-el-first   container_wrap sidebar_right'  ><\/div><div id='after_full_slider_1'  class='main_color av_default_container_wrap container_wrap sidebar_right'  ><div class='container av-section-cont-open' ><div class='template-page content  av-content-small alpha units'><div class='post-entry post-entry-type-page post-entry-5369'><div class='entry-content-wrapper clearfix'>\n\n<style type=\"text\/css\" data-created_by=\"avia_inline_auto\" id=\"style-css-av-kkebzp2k-94579eb3cfd63b8e308850f99bd0b0c0\">\n#top .av-special-heading.av-kkebzp2k-94579eb3cfd63b8e308850f99bd0b0c0{\npadding-bottom:10px;\n}\nbody .av-special-heading.av-kkebzp2k-94579eb3cfd63b8e308850f99bd0b0c0 .av-special-heading-tag .heading-char{\nfont-size:25px;\n}\n.av-special-heading.av-kkebzp2k-94579eb3cfd63b8e308850f99bd0b0c0 .av-subheading{\nfont-size:15px;\n}\n<\/style>\n<div  class='av-special-heading av-kkebzp2k-94579eb3cfd63b8e308850f99bd0b0c0 av-special-heading-h3  avia-builder-el-1  el_after_av_slideshow_full  el_before_av_textblock  avia-builder-el-first '><h3 class='av-special-heading-tag'  itemprop=\"headline\"  >Trafik<\/h3><div class=\"special-heading-border\"><div class=\"special-heading-inner-border\"><\/div><\/div><\/div>\n<section  class='av_textblock_section av-35jltj-5eea266e6c5783da046b054ebb5c8ff9 '   itemscope=\"itemscope\" itemtype=\"https:\/\/schema.org\/CreativeWork\" ><div class='avia_textblock'  itemprop=\"text\" ><p>J\u00e4rnv\u00e4garnas stambanor hade blivit byggda redan under den ryska tiden. Efter att landet blivit sj\u00e4lvst\u00e4ndigt byggdes n\u00e4rmast tv\u00e4r- och lokalbanor. Busstrafikf\u00f6rbindelserna utvecklades kraftigt redan fr\u00e5n b\u00f6rjan av 1920-talet, vilket \u00f6kade befolkningens r\u00f6relsem\u00f6jligheter i avg\u00f6rande grad. Man kunde efterhand avst\u00e5 fr\u00e5n det gamla skjutsv\u00e4sendet och ocks\u00e5 fartygstrafiken p\u00e5 de inre farvattnen b\u00f6rjade f\u00f6rlora resen\u00e4rer till bussarna.<\/p>\n<p>Inom busstrafiken fanns \u00e5r 1925 ca 1000 bilar av vilka endast en del ursprungligen var planerade f\u00f6r persontrafik. Inom godstransporterna fick h\u00e4starna till stor del redan p\u00e5 1920-talet ge vika f\u00f6r lastbilarna. H\u00e4sten hade beh\u00e5llit sin st\u00e4llning i jordbruksarbetet och till exempel \u00e5r 1939 fanns det 318 000 fullvuxna h\u00e4star i v\u00e5rt land.<\/p>\n<p>Tack vare byggandet och ist\u00e5nds\u00e4ttandet av landsv\u00e4gar fanns det redan p\u00e5 1920-talet 40 000 kilometer farbara landsv\u00e4gar i v\u00e5rt land. Antalet bilar steg fr\u00e5n 1500 \u00e5r 1922 till \u00f6ver 53 000 till \u00e5r 1939. Av det sistn\u00e4mnda antalet var \u00f6ver 30 000 det vill s\u00e4ga 60 % personbilar, vilket var ett bevis p\u00e5 den kontinuerligt \u00f6kande privatbilismen. Antalet bussar hade stigit till 3 200 och lastbilarna var \u00f6ver 20 000. Huvuddelen av lastbilarna var mycket sm\u00e5 och deras transportkapacitet anspr\u00e5ksl\u00f6s. Trafikutvecklingen b\u00f6rjade redan i slutet p\u00e5 1920-talet p\u00e5verka st\u00e4dernas struktur. Det b\u00f6rjade uppst\u00e5 f\u00f6rst\u00e4der, d\u00e4r en del av den befolkning bodde som arbetade i st\u00e4dernas centrum.<\/p>\n<\/div><\/section>\n","protected":false},"excerpt":{"rendered":"","protected":false},"author":1,"featured_media":0,"parent":5348,"menu_order":4,"comment_status":"closed","ping_status":"closed","template":"","meta":{"footnotes":""},"class_list":["post-5369","page","type-page","status-publish","hentry"],"yoast_head":"<!-- This site is optimized with the Yoast SEO plugin v27.4 - https:\/\/yoast.com\/product\/yoast-seo-wordpress\/ -->\n<title>Trafik - Veteraanien Perint\u00f6<\/title>\n<meta name=\"robots\" content=\"index, follow, max-snippet:-1, max-image-preview:large, max-video-preview:-1\" \/>\n<link rel=\"canonical\" href=\"https:\/\/veteraanienperinto.fi\/index.php\/sv\/vinterkriget\/vinterkrigets-bakgrund\/samhallet\/trafik\/\" \/>\n<meta property=\"og:locale\" content=\"fi_FI\" \/>\n<meta property=\"og:type\" content=\"article\" \/>\n<meta property=\"og:title\" content=\"Trafik - Veteraanien Perint\u00f6\" \/>\n<meta property=\"og:url\" content=\"https:\/\/veteraanienperinto.fi\/index.php\/sv\/vinterkriget\/vinterkrigets-bakgrund\/samhallet\/trafik\/\" \/>\n<meta property=\"og:site_name\" content=\"Veteraanien Perint\u00f6\" \/>\n<meta property=\"article:modified_time\" content=\"2021-01-26T18:26:37+00:00\" \/>\n<meta name=\"twitter:card\" content=\"summary_large_image\" \/>\n<meta name=\"twitter:label1\" content=\"Arvioitu lukuaika\" \/>\n\t<meta name=\"twitter:data1\" content=\"2 minuuttia\" \/>\n<script type=\"application\/ld+json\" class=\"yoast-schema-graph\">{\"@context\":\"https:\\\/\\\/schema.org\",\"@graph\":[{\"@type\":\"WebPage\",\"@id\":\"https:\\\/\\\/veteraanienperinto.fi\\\/index.php\\\/sv\\\/vinterkriget\\\/vinterkrigets-bakgrund\\\/samhallet\\\/trafik\\\/\",\"url\":\"https:\\\/\\\/veteraanienperinto.fi\\\/index.php\\\/sv\\\/vinterkriget\\\/vinterkrigets-bakgrund\\\/samhallet\\\/trafik\\\/\",\"name\":\"Trafik - Veteraanien Perint\u00f6\",\"isPartOf\":{\"@id\":\"https:\\\/\\\/veteraanienperinto.fi\\\/#website\"},\"datePublished\":\"2020-11-17T13:31:53+00:00\",\"dateModified\":\"2021-01-26T18:26:37+00:00\",\"breadcrumb\":{\"@id\":\"https:\\\/\\\/veteraanienperinto.fi\\\/index.php\\\/sv\\\/vinterkriget\\\/vinterkrigets-bakgrund\\\/samhallet\\\/trafik\\\/#breadcrumb\"},\"inLanguage\":\"fi\",\"potentialAction\":[{\"@type\":\"ReadAction\",\"target\":[\"https:\\\/\\\/veteraanienperinto.fi\\\/index.php\\\/sv\\\/vinterkriget\\\/vinterkrigets-bakgrund\\\/samhallet\\\/trafik\\\/\"]}]},{\"@type\":\"BreadcrumbList\",\"@id\":\"https:\\\/\\\/veteraanienperinto.fi\\\/index.php\\\/sv\\\/vinterkriget\\\/vinterkrigets-bakgrund\\\/samhallet\\\/trafik\\\/#breadcrumb\",\"itemListElement\":[{\"@type\":\"ListItem\",\"position\":1,\"name\":\"Etusivu\",\"item\":\"https:\\\/\\\/veteraanienperinto.fi\\\/index.php\\\/etusivu-2\\\/\"},{\"@type\":\"ListItem\",\"position\":2,\"name\":\"Vinterkriget\",\"item\":\"https:\\\/\\\/veteraanienperinto.fi\\\/index.php\\\/sv\\\/vinterkriget\\\/\"},{\"@type\":\"ListItem\",\"position\":3,\"name\":\"Vinterkrigets bakgrund\",\"item\":\"https:\\\/\\\/veteraanienperinto.fi\\\/index.php\\\/sv\\\/vinterkriget\\\/vinterkrigets-bakgrund\\\/\"},{\"@type\":\"ListItem\",\"position\":4,\"name\":\"Samh\u00e4llet\",\"item\":\"https:\\\/\\\/veteraanienperinto.fi\\\/index.php\\\/sv\\\/vinterkriget\\\/vinterkrigets-bakgrund\\\/samhallet\\\/\"},{\"@type\":\"ListItem\",\"position\":5,\"name\":\"Trafik\"}]},{\"@type\":\"WebSite\",\"@id\":\"https:\\\/\\\/veteraanienperinto.fi\\\/#website\",\"url\":\"https:\\\/\\\/veteraanienperinto.fi\\\/\",\"name\":\"Veteraanien Perint\u00f6\",\"description\":\"Kadettikunta\",\"potentialAction\":[{\"@type\":\"SearchAction\",\"target\":{\"@type\":\"EntryPoint\",\"urlTemplate\":\"https:\\\/\\\/veteraanienperinto.fi\\\/?s={search_term_string}\"},\"query-input\":{\"@type\":\"PropertyValueSpecification\",\"valueRequired\":true,\"valueName\":\"search_term_string\"}}],\"inLanguage\":\"fi\"}]}<\/script>\n<!-- \/ Yoast SEO plugin. -->","yoast_head_json":{"title":"Trafik - Veteraanien Perint\u00f6","robots":{"index":"index","follow":"follow","max-snippet":"max-snippet:-1","max-image-preview":"max-image-preview:large","max-video-preview":"max-video-preview:-1"},"canonical":"https:\/\/veteraanienperinto.fi\/index.php\/sv\/vinterkriget\/vinterkrigets-bakgrund\/samhallet\/trafik\/","og_locale":"fi_FI","og_type":"article","og_title":"Trafik - Veteraanien Perint\u00f6","og_url":"https:\/\/veteraanienperinto.fi\/index.php\/sv\/vinterkriget\/vinterkrigets-bakgrund\/samhallet\/trafik\/","og_site_name":"Veteraanien Perint\u00f6","article_modified_time":"2021-01-26T18:26:37+00:00","twitter_card":"summary_large_image","twitter_misc":{"Arvioitu lukuaika":"2 minuuttia"},"schema":{"@context":"https:\/\/schema.org","@graph":[{"@type":"WebPage","@id":"https:\/\/veteraanienperinto.fi\/index.php\/sv\/vinterkriget\/vinterkrigets-bakgrund\/samhallet\/trafik\/","url":"https:\/\/veteraanienperinto.fi\/index.php\/sv\/vinterkriget\/vinterkrigets-bakgrund\/samhallet\/trafik\/","name":"Trafik - Veteraanien Perint\u00f6","isPartOf":{"@id":"https:\/\/veteraanienperinto.fi\/#website"},"datePublished":"2020-11-17T13:31:53+00:00","dateModified":"2021-01-26T18:26:37+00:00","breadcrumb":{"@id":"https:\/\/veteraanienperinto.fi\/index.php\/sv\/vinterkriget\/vinterkrigets-bakgrund\/samhallet\/trafik\/#breadcrumb"},"inLanguage":"fi","potentialAction":[{"@type":"ReadAction","target":["https:\/\/veteraanienperinto.fi\/index.php\/sv\/vinterkriget\/vinterkrigets-bakgrund\/samhallet\/trafik\/"]}]},{"@type":"BreadcrumbList","@id":"https:\/\/veteraanienperinto.fi\/index.php\/sv\/vinterkriget\/vinterkrigets-bakgrund\/samhallet\/trafik\/#breadcrumb","itemListElement":[{"@type":"ListItem","position":1,"name":"Etusivu","item":"https:\/\/veteraanienperinto.fi\/index.php\/etusivu-2\/"},{"@type":"ListItem","position":2,"name":"Vinterkriget","item":"https:\/\/veteraanienperinto.fi\/index.php\/sv\/vinterkriget\/"},{"@type":"ListItem","position":3,"name":"Vinterkrigets bakgrund","item":"https:\/\/veteraanienperinto.fi\/index.php\/sv\/vinterkriget\/vinterkrigets-bakgrund\/"},{"@type":"ListItem","position":4,"name":"Samh\u00e4llet","item":"https:\/\/veteraanienperinto.fi\/index.php\/sv\/vinterkriget\/vinterkrigets-bakgrund\/samhallet\/"},{"@type":"ListItem","position":5,"name":"Trafik"}]},{"@type":"WebSite","@id":"https:\/\/veteraanienperinto.fi\/#website","url":"https:\/\/veteraanienperinto.fi\/","name":"Veteraanien Perint\u00f6","description":"Kadettikunta","potentialAction":[{"@type":"SearchAction","target":{"@type":"EntryPoint","urlTemplate":"https:\/\/veteraanienperinto.fi\/?s={search_term_string}"},"query-input":{"@type":"PropertyValueSpecification","valueRequired":true,"valueName":"search_term_string"}}],"inLanguage":"fi"}]}},"_links":{"self":[{"href":"https:\/\/veteraanienperinto.fi\/index.php\/wp-json\/wp\/v2\/pages\/5369","targetHints":{"allow":["GET"]}}],"collection":[{"href":"https:\/\/veteraanienperinto.fi\/index.php\/wp-json\/wp\/v2\/pages"}],"about":[{"href":"https:\/\/veteraanienperinto.fi\/index.php\/wp-json\/wp\/v2\/types\/page"}],"author":[{"embeddable":true,"href":"https:\/\/veteraanienperinto.fi\/index.php\/wp-json\/wp\/v2\/users\/1"}],"replies":[{"embeddable":true,"href":"https:\/\/veteraanienperinto.fi\/index.php\/wp-json\/wp\/v2\/comments?post=5369"}],"version-history":[{"count":5,"href":"https:\/\/veteraanienperinto.fi\/index.php\/wp-json\/wp\/v2\/pages\/5369\/revisions"}],"predecessor-version":[{"id":10719,"href":"https:\/\/veteraanienperinto.fi\/index.php\/wp-json\/wp\/v2\/pages\/5369\/revisions\/10719"}],"up":[{"embeddable":true,"href":"https:\/\/veteraanienperinto.fi\/index.php\/wp-json\/wp\/v2\/pages\/5348"}],"wp:attachment":[{"href":"https:\/\/veteraanienperinto.fi\/index.php\/wp-json\/wp\/v2\/media?parent=5369"}],"curies":[{"name":"wp","href":"https:\/\/api.w.org\/{rel}","templated":true}]}}