{"id":5373,"date":"2020-11-17T13:33:00","date_gmt":"2020-11-17T13:33:00","guid":{"rendered":"https:\/\/veteraani.ylirotu.fi\/?page_id=5373"},"modified":"2021-01-26T18:26:55","modified_gmt":"2021-01-26T18:26:55","slug":"idrott","status":"publish","type":"page","link":"https:\/\/veteraanienperinto.fi\/index.php\/sv\/vinterkriget\/vinterkrigets-bakgrund\/samhallet\/idrott\/","title":{"rendered":"Idrott"},"content":{"rendered":"<div id='full_slider_1'  class='avia-fullwidth-slider main_color avia-shadow   avia-builder-el-0  el_before_av_heading  avia-builder-el-first   container_wrap sidebar_right'  ><\/div><div id='after_full_slider_1'  class='main_color av_default_container_wrap container_wrap sidebar_right'  ><div class='container av-section-cont-open' ><div class='template-page content  av-content-small alpha units'><div class='post-entry post-entry-type-page post-entry-5373'><div class='entry-content-wrapper clearfix'>\n\n<style type=\"text\/css\" data-created_by=\"avia_inline_auto\" id=\"style-css-av-kkec032w-ead9928a95d467af8c1ee4ba2aaec041\">\n#top .av-special-heading.av-kkec032w-ead9928a95d467af8c1ee4ba2aaec041{\npadding-bottom:10px;\n}\nbody .av-special-heading.av-kkec032w-ead9928a95d467af8c1ee4ba2aaec041 .av-special-heading-tag .heading-char{\nfont-size:25px;\n}\n.av-special-heading.av-kkec032w-ead9928a95d467af8c1ee4ba2aaec041 .av-subheading{\nfont-size:15px;\n}\n<\/style>\n<div  class='av-special-heading av-kkec032w-ead9928a95d467af8c1ee4ba2aaec041 av-special-heading-h3  avia-builder-el-1  el_after_av_slideshow_full  el_before_av_textblock  avia-builder-el-first '><h3 class='av-special-heading-tag'  itemprop=\"headline\"  >Idrott<\/h3><div class=\"special-heading-border\"><div class=\"special-heading-inner-border\"><\/div><\/div><\/div>\n<section  class='av_textblock_section av-35jltj-5eea266e6c5783da046b054ebb5c8ff9 '   itemscope=\"itemscope\" itemtype=\"https:\/\/schema.org\/CreativeWork\" ><div class='avia_textblock'  itemprop=\"text\" ><p>I Finland hade idrotten redan fr\u00e5n b\u00f6rjan av 1900-talet haft en kraftigt st\u00e4rkande inverkan p\u00e5 den nationella sj\u00e4lvk\u00e4nslan. Det verkliga genombrottet skedde vid de olympiska spelen i Stockholm. Vid dessa olympiska spel &#8221;sprangs Finland in p\u00e5 v\u00e4rldskartan&#8221; av Hannes Kolehmainen. Han vann tre guldmedaljer, en silver, satte tv\u00e5 v\u00e4rldsrekord och var spelens b\u00e4sta idrottsman. Sammanlagt fick finl\u00e4ndarna 26 medaljer, av vilka nio var guld. Finland placerade sig i medaljstatistiken som fj\u00e4rde i hela v\u00e4rlden. Ett problem var vilken flagga som skulle hissas d\u00e5 finl\u00e4ndarna allt emellan\u00e5t st\u00e4llde sig p\u00e5 prispallen. Slutligen gick man in f\u00f6r en praxis enligt vilken Rysslands flagga hissades och under den en bl\u00e5vit vimpel som det stod Finland p\u00e5.<\/p>\n<p>Finland bef\u00e4ste sin st\u00e4llning inom idrotten som en verklig stormakt p\u00e5 1920- och 30 -talen. I alla olympiska spel under denna tidsperiod var Finland bland de fem framg\u00e5ngsrikaste nationerna. De framg\u00e5ngsrikaste spelen i v\u00e5r olympiska historia var de olympiska spelen i Paris \u00e5r 1924. D\u00e5 erh\u00f6ll finl\u00e4ndarna 14 guldmedaljer samt 23 andra medaljer. Av nationerna var Finland tredje efter F\u00f6renta Staterna och Frankrike och l\u00e4mnade efter sig de andra stormakterna inom idrott. Efter tre olympiska spel steg Paavo Nurmi f\u00f6r \u00e5rtionden fram som den \u00f6verl\u00e4gset b\u00e4sta idrottsmannen under alla tider efter att ha vunnit sammanlagt nio guldmedaljer.<\/p>\n<p>Idrotten bestod inte enbart av toppidrott, utan ett omfattande arbete gjordes f\u00f6r att gymnastik och idrott skulle bli n\u00e5got f\u00f6r hela Finlands folk. P\u00e5 olika h\u00e5ll i landet byggdes ett stort antal olika slags sportplaner, man inr\u00e4ttade idrottsinstitut, tr\u00e4ningen utvecklades och man ordnade t\u00e4vlingar i gymnastik och idrott f\u00f6r olika \u00e5ldrar och p\u00e5 olika niv\u00e5er. Som ett bevis p\u00e5 uppskattningen av den finl\u00e4ndska idrottskulturen fick Finland i uppdrag att ordna sommarolympiaden \u00e5r 1940, d\u00e5 Japan som hade ansvaret f\u00f6r arrangemangen, var f\u00f6rhindrat med anledning av sitt krig i Kina. I Finland f\u00f6rberedde man sig med iver inf\u00f6r den kommande olympiaden. Kriget f\u00f6rhindrade genomf\u00f6randet. M\u00e5nga finl\u00e4ndska toppidrottare lj\u00f6t hj\u00e4lted\u00f6den i vinter- och forts\u00e4ttningskrigen.<\/p>\n<\/div><\/section>\n","protected":false},"excerpt":{"rendered":"","protected":false},"author":1,"featured_media":0,"parent":5348,"menu_order":5,"comment_status":"closed","ping_status":"closed","template":"","meta":{"footnotes":""},"class_list":["post-5373","page","type-page","status-publish","hentry"],"yoast_head":"<!-- This site is optimized with the Yoast SEO plugin v27.6 - https:\/\/yoast.com\/product\/yoast-seo-wordpress\/ -->\n<title>Idrott - Veteraanien Perint\u00f6<\/title>\n<meta name=\"robots\" content=\"index, follow, max-snippet:-1, max-image-preview:large, max-video-preview:-1\" \/>\n<link rel=\"canonical\" href=\"https:\/\/veteraanienperinto.fi\/index.php\/sv\/vinterkriget\/vinterkrigets-bakgrund\/samhallet\/idrott\/\" \/>\n<meta property=\"og:locale\" content=\"fi_FI\" \/>\n<meta property=\"og:type\" content=\"article\" \/>\n<meta property=\"og:title\" content=\"Idrott - Veteraanien Perint\u00f6\" \/>\n<meta property=\"og:url\" content=\"https:\/\/veteraanienperinto.fi\/index.php\/sv\/vinterkriget\/vinterkrigets-bakgrund\/samhallet\/idrott\/\" \/>\n<meta property=\"og:site_name\" content=\"Veteraanien Perint\u00f6\" \/>\n<meta property=\"article:modified_time\" content=\"2021-01-26T18:26:55+00:00\" \/>\n<meta name=\"twitter:card\" content=\"summary_large_image\" \/>\n<meta name=\"twitter:label1\" content=\"Arvioitu lukuaika\" \/>\n\t<meta name=\"twitter:data1\" content=\"3 minuuttia\" \/>\n<script type=\"application\/ld+json\" class=\"yoast-schema-graph\">{\"@context\":\"https:\\\/\\\/schema.org\",\"@graph\":[{\"@type\":\"WebPage\",\"@id\":\"https:\\\/\\\/veteraanienperinto.fi\\\/index.php\\\/sv\\\/vinterkriget\\\/vinterkrigets-bakgrund\\\/samhallet\\\/idrott\\\/\",\"url\":\"https:\\\/\\\/veteraanienperinto.fi\\\/index.php\\\/sv\\\/vinterkriget\\\/vinterkrigets-bakgrund\\\/samhallet\\\/idrott\\\/\",\"name\":\"Idrott - Veteraanien Perint\u00f6\",\"isPartOf\":{\"@id\":\"https:\\\/\\\/veteraanienperinto.fi\\\/#website\"},\"datePublished\":\"2020-11-17T13:33:00+00:00\",\"dateModified\":\"2021-01-26T18:26:55+00:00\",\"breadcrumb\":{\"@id\":\"https:\\\/\\\/veteraanienperinto.fi\\\/index.php\\\/sv\\\/vinterkriget\\\/vinterkrigets-bakgrund\\\/samhallet\\\/idrott\\\/#breadcrumb\"},\"inLanguage\":\"fi\",\"potentialAction\":[{\"@type\":\"ReadAction\",\"target\":[\"https:\\\/\\\/veteraanienperinto.fi\\\/index.php\\\/sv\\\/vinterkriget\\\/vinterkrigets-bakgrund\\\/samhallet\\\/idrott\\\/\"]}]},{\"@type\":\"BreadcrumbList\",\"@id\":\"https:\\\/\\\/veteraanienperinto.fi\\\/index.php\\\/sv\\\/vinterkriget\\\/vinterkrigets-bakgrund\\\/samhallet\\\/idrott\\\/#breadcrumb\",\"itemListElement\":[{\"@type\":\"ListItem\",\"position\":1,\"name\":\"Etusivu\",\"item\":\"https:\\\/\\\/veteraanienperinto.fi\\\/index.php\\\/etusivu-2\\\/\"},{\"@type\":\"ListItem\",\"position\":2,\"name\":\"Vinterkriget\",\"item\":\"https:\\\/\\\/veteraanienperinto.fi\\\/index.php\\\/sv\\\/vinterkriget\\\/\"},{\"@type\":\"ListItem\",\"position\":3,\"name\":\"Vinterkrigets bakgrund\",\"item\":\"https:\\\/\\\/veteraanienperinto.fi\\\/index.php\\\/sv\\\/vinterkriget\\\/vinterkrigets-bakgrund\\\/\"},{\"@type\":\"ListItem\",\"position\":4,\"name\":\"Samh\u00e4llet\",\"item\":\"https:\\\/\\\/veteraanienperinto.fi\\\/index.php\\\/sv\\\/vinterkriget\\\/vinterkrigets-bakgrund\\\/samhallet\\\/\"},{\"@type\":\"ListItem\",\"position\":5,\"name\":\"Idrott\"}]},{\"@type\":\"WebSite\",\"@id\":\"https:\\\/\\\/veteraanienperinto.fi\\\/#website\",\"url\":\"https:\\\/\\\/veteraanienperinto.fi\\\/\",\"name\":\"Veteraanien Perint\u00f6\",\"description\":\"Kadettikunta\",\"potentialAction\":[{\"@type\":\"SearchAction\",\"target\":{\"@type\":\"EntryPoint\",\"urlTemplate\":\"https:\\\/\\\/veteraanienperinto.fi\\\/?s={search_term_string}\"},\"query-input\":{\"@type\":\"PropertyValueSpecification\",\"valueRequired\":true,\"valueName\":\"search_term_string\"}}],\"inLanguage\":\"fi\"}]}<\/script>\n<!-- \/ Yoast SEO plugin. -->","yoast_head_json":{"title":"Idrott - Veteraanien Perint\u00f6","robots":{"index":"index","follow":"follow","max-snippet":"max-snippet:-1","max-image-preview":"max-image-preview:large","max-video-preview":"max-video-preview:-1"},"canonical":"https:\/\/veteraanienperinto.fi\/index.php\/sv\/vinterkriget\/vinterkrigets-bakgrund\/samhallet\/idrott\/","og_locale":"fi_FI","og_type":"article","og_title":"Idrott - Veteraanien Perint\u00f6","og_url":"https:\/\/veteraanienperinto.fi\/index.php\/sv\/vinterkriget\/vinterkrigets-bakgrund\/samhallet\/idrott\/","og_site_name":"Veteraanien Perint\u00f6","article_modified_time":"2021-01-26T18:26:55+00:00","twitter_card":"summary_large_image","twitter_misc":{"Arvioitu lukuaika":"3 minuuttia"},"schema":{"@context":"https:\/\/schema.org","@graph":[{"@type":"WebPage","@id":"https:\/\/veteraanienperinto.fi\/index.php\/sv\/vinterkriget\/vinterkrigets-bakgrund\/samhallet\/idrott\/","url":"https:\/\/veteraanienperinto.fi\/index.php\/sv\/vinterkriget\/vinterkrigets-bakgrund\/samhallet\/idrott\/","name":"Idrott - Veteraanien Perint\u00f6","isPartOf":{"@id":"https:\/\/veteraanienperinto.fi\/#website"},"datePublished":"2020-11-17T13:33:00+00:00","dateModified":"2021-01-26T18:26:55+00:00","breadcrumb":{"@id":"https:\/\/veteraanienperinto.fi\/index.php\/sv\/vinterkriget\/vinterkrigets-bakgrund\/samhallet\/idrott\/#breadcrumb"},"inLanguage":"fi","potentialAction":[{"@type":"ReadAction","target":["https:\/\/veteraanienperinto.fi\/index.php\/sv\/vinterkriget\/vinterkrigets-bakgrund\/samhallet\/idrott\/"]}]},{"@type":"BreadcrumbList","@id":"https:\/\/veteraanienperinto.fi\/index.php\/sv\/vinterkriget\/vinterkrigets-bakgrund\/samhallet\/idrott\/#breadcrumb","itemListElement":[{"@type":"ListItem","position":1,"name":"Etusivu","item":"https:\/\/veteraanienperinto.fi\/index.php\/etusivu-2\/"},{"@type":"ListItem","position":2,"name":"Vinterkriget","item":"https:\/\/veteraanienperinto.fi\/index.php\/sv\/vinterkriget\/"},{"@type":"ListItem","position":3,"name":"Vinterkrigets bakgrund","item":"https:\/\/veteraanienperinto.fi\/index.php\/sv\/vinterkriget\/vinterkrigets-bakgrund\/"},{"@type":"ListItem","position":4,"name":"Samh\u00e4llet","item":"https:\/\/veteraanienperinto.fi\/index.php\/sv\/vinterkriget\/vinterkrigets-bakgrund\/samhallet\/"},{"@type":"ListItem","position":5,"name":"Idrott"}]},{"@type":"WebSite","@id":"https:\/\/veteraanienperinto.fi\/#website","url":"https:\/\/veteraanienperinto.fi\/","name":"Veteraanien Perint\u00f6","description":"Kadettikunta","potentialAction":[{"@type":"SearchAction","target":{"@type":"EntryPoint","urlTemplate":"https:\/\/veteraanienperinto.fi\/?s={search_term_string}"},"query-input":{"@type":"PropertyValueSpecification","valueRequired":true,"valueName":"search_term_string"}}],"inLanguage":"fi"}]}},"_links":{"self":[{"href":"https:\/\/veteraanienperinto.fi\/index.php\/wp-json\/wp\/v2\/pages\/5373","targetHints":{"allow":["GET"]}}],"collection":[{"href":"https:\/\/veteraanienperinto.fi\/index.php\/wp-json\/wp\/v2\/pages"}],"about":[{"href":"https:\/\/veteraanienperinto.fi\/index.php\/wp-json\/wp\/v2\/types\/page"}],"author":[{"embeddable":true,"href":"https:\/\/veteraanienperinto.fi\/index.php\/wp-json\/wp\/v2\/users\/1"}],"replies":[{"embeddable":true,"href":"https:\/\/veteraanienperinto.fi\/index.php\/wp-json\/wp\/v2\/comments?post=5373"}],"version-history":[{"count":5,"href":"https:\/\/veteraanienperinto.fi\/index.php\/wp-json\/wp\/v2\/pages\/5373\/revisions"}],"predecessor-version":[{"id":10721,"href":"https:\/\/veteraanienperinto.fi\/index.php\/wp-json\/wp\/v2\/pages\/5373\/revisions\/10721"}],"up":[{"embeddable":true,"href":"https:\/\/veteraanienperinto.fi\/index.php\/wp-json\/wp\/v2\/pages\/5348"}],"wp:attachment":[{"href":"https:\/\/veteraanienperinto.fi\/index.php\/wp-json\/wp\/v2\/media?parent=5373"}],"curies":[{"name":"wp","href":"https:\/\/api.w.org\/{rel}","templated":true}]}}