{"id":538,"date":"2020-08-29T10:09:23","date_gmt":"2020-08-29T10:09:23","guid":{"rendered":"https:\/\/veteraani.ylirotu.fi\/?page_id=538"},"modified":"2021-01-26T15:01:15","modified_gmt":"2021-01-26T15:01:15","slug":"kaukopartiotoiminta","status":"publish","type":"page","link":"https:\/\/veteraanienperinto.fi\/index.php\/tietopankit\/aselajit\/kaukopartiotoiminta\/","title":{"rendered":"Kaukopartiotoiminta"},"content":{"rendered":"<div id='full_slider_1'  class='avia-fullwidth-slider main_color avia-shadow   avia-builder-el-0  el_before_av_heading  avia-builder-el-first   container_wrap sidebar_right'  ><\/div><div id='after_full_slider_1'  class='main_color av_default_container_wrap container_wrap sidebar_right'  ><div class='container av-section-cont-open' ><div class='template-page content  av-content-small alpha units'><div class='post-entry post-entry-type-page post-entry-538'><div class='entry-content-wrapper clearfix'>\n\n<style type=\"text\/css\" data-created_by=\"avia_inline_auto\" id=\"style-css-av-kke4nkq4-61d1570b25da8ae1014a6a1359e7fa4e\">\n#top .av-special-heading.av-kke4nkq4-61d1570b25da8ae1014a6a1359e7fa4e{\npadding-bottom:10px;\n}\nbody .av-special-heading.av-kke4nkq4-61d1570b25da8ae1014a6a1359e7fa4e .av-special-heading-tag .heading-char{\nfont-size:25px;\n}\n.av-special-heading.av-kke4nkq4-61d1570b25da8ae1014a6a1359e7fa4e .av-subheading{\nfont-size:15px;\n}\n<\/style>\n<div  class='av-special-heading av-kke4nkq4-61d1570b25da8ae1014a6a1359e7fa4e av-special-heading-h2  avia-builder-el-1  el_after_av_slideshow_full  el_before_av_textblock  avia-builder-el-first '><h2 class='av-special-heading-tag'  itemprop=\"headline\"  >Kaukopartiotoiminta<\/h2><div class=\"special-heading-border\"><div class=\"special-heading-inner-border\"><\/div><\/div><\/div>\n<section  class='av_textblock_section av-8dr2i-21af689b1dfa2a86677ef548c21582ea '   itemscope=\"itemscope\" itemtype=\"https:\/\/schema.org\/CreativeWork\" ><div class='avia_textblock'  itemprop=\"text\" ><p>Kaukopartiotoiminnalla tarkoitetaan l\u00e4hinn\u00e4 p\u00e4\u00e4majan johdossa tai sen k\u00e4skem\u00e4n\u00e4 tapahtunutta partiotoimintaa syv\u00e4ll\u00e4 vihollisen selustassa. Toimintaan osallistuivat ajoittain my\u00f6s divisioonien ja muiden joukkojen erikseen kouluttamat ja varustamat osastot. Teht\u00e4v\u00e4n\u00e4 oli yleens\u00e4 tiedustelu, mutta usein toimintaan liittyiv\u00e4t my\u00f6s tuhoamis- ja h\u00e4irint\u00e4teht\u00e4v\u00e4t.<\/p>\n<p>Jo ennen talvisotaa tekiv\u00e4t lukuisat pienet partiot tiedustelumatkoja rajan taakse. Tiedustelun kohteina olivat ennen kaikkea Neuvostoliiton puolella k\u00e4ynniss\u00e4 olleet suuret mets\u00e4ty\u00f6t ja niihin liittyneet laajat maanteiden ja rautateiden rakennusty\u00f6t. N\u00e4ist\u00e4 oli Suomen yleisesikunta luonnollisesti hyvin kiinnostunut.<\/p>\n<p>Talvisodan aikana ei ehditty toteuttaa varsinaista kaukopartiotoimintaa, mutta sen aikana luotiin edellytykset v\u00e4lirauhan ajan kaukopartiokoulutukselle ja jatkosodan kaukopartio-toiminnalle. V\u00e4lirauhan aikana koulutettiin noin 150 miest\u00e4 kaukopartiotoiminnan eri teht\u00e4viin. Koulutusaiheita olivat esimerkiksi Neuvostoliiton aseiden ja joukkojen tuntemus, havaintojen teko ja sissitaidot, kartanluku ja suunnistus sek\u00e4 ven\u00e4j\u00e4nkieliseen karttamateriaaliin perehtyminen. T\u00e4rke\u00e4\u00e4 oli tulevaa toimintaa ajatellen se, ett\u00e4 kev\u00e4\u00e4ll\u00e4 1940 aloitettiin partioradistien koulutus. Osalle koulutettavista partiomiehist\u00e4 j\u00e4rjestettiin kev\u00e4\u00e4ll\u00e4 1941 laskuvarjohyppykurssi. Partiotiedustelu oli jatkuvaa koko v\u00e4lirauhan ajan. Erityisen t\u00e4rke\u00e4\u00e4 oli selvitt\u00e4\u00e4 Neuvostoliiton mahdolliset hy\u00f6kk\u00e4ysvalmistelut Suomen suuntaan. Karjalan kannaksella oli yleens\u00e4 jatkuvasti kaksi tiedustelijaa t\u00e4t\u00e4 varten.<\/p>\n<p>Jatkosodan hy\u00f6kk\u00e4ysvaiheessa kaukopartiot antoivat ensiarvoisen t\u00e4rkeit\u00e4 tietoja tiest\u00f6st\u00e4, varustetuista puolustuslinjoista sek\u00e4 vihollisen joukkojen m\u00e4\u00e4r\u00e4st\u00e4 ja laadusta. Rautatieliikenteen h\u00e4irint\u00e4 hidasti er\u00e4iss\u00e4 tapauksissa merkitt\u00e4v\u00e4sti vihollisen kuljetuksia.<\/p>\n<p>Asemasodan aikana kaukopartiotoiminnan organisointi vakinaistettiin siten, ett\u00e4 1.7.1943 perustettiin p\u00e4\u00e4majan johtoon kaukopartiotoiminnan johtoporras Erillinen Pataljoona 4 ( ErP 4 ). Siihen tuli kuulumaan nelj\u00e4 komppanian tasoista alajohtoporrasta, joilla oli alueellinen toimintavastuu eri rintamansuunnilla. Jokainen n\u00e4ist\u00e4 osastoista on saanut paljon mainetta teoistaan. Osastot nimettiin johtajiensa mukaan. Ne olivat etel\u00e4st\u00e4 lukien Osasto Vehni\u00e4inen, Osasto Kuismanen, Osasto Marttina ja Osasto Paatsalo.<\/p>\n<p>Kaukopartiot olivat usein kes\u00e4aikana hyvin pieni\u00e4, jos kyseess\u00e4 oli vain tiedusteluteht\u00e4v\u00e4. Talvella latujen avaaminen vaati aina suuremman osaston. Jos kyseess\u00e4 oli tuhoamisteht\u00e4v\u00e4 oli joukon oltava huomattavasti suurempi. Suomalaiset tuhosivat jatkosodassa kaksi suurta neuvostoliittolaista huoltokeskusta. Osastot olivat silloin sadan ja yli viidensadan miehen vahvuisia. J\u00e4lkimm\u00e4inen osasto oli koottu p\u00e4\u00e4asiassa tavanomaisesta jalkav\u00e4est\u00e4. Muurmannin rata katkaistiin useita kertoja, tammikuussa 1942 jopa l\u00e4hes 1300 miehen osastolla. Radalta suistettiin partioretkien yhteydess\u00e4 kymmeni\u00e4 junia, joista osa kuljetti Muurmanskin kautta amerikkalaisia ja englantilaisia aseita Neuvostoliittoon. Hyvin erikoinen oli suomalaisten ja saksalaisten kaukopartioiden yhdess\u00e4 kes\u00e4ll\u00e4 1942 kolmellakymmenell\u00e4 kahden hengen kanootilla vesist\u00f6j\u00e4 pitkin Muurmannin radalle tekem\u00e4 h\u00e4vitysretki.<\/p>\n<p>Kaukopartioiden miehist\u00f6 oli kokonaisuudessaan teht\u00e4v\u00e4\u00e4n erikseen valittua joukkoa. Hyv\u00e4 fyysinen kunto ja henkinen kest\u00e4vyys sek\u00e4 aseen k\u00e4sittelytaito olivat ehdottomia vaatimuksia. Monien partiomatkojen aikana miehet joutuivat \u00e4\u00e4rimm\u00e4isiin rasituksiin yritett\u00e4ess\u00e4 v\u00e4ltt\u00e4\u00e4 vihollisen takaa-ajo-osastoja tai taistelussa niiden kanssa. Yhdenkin kaukopartiomiehen haavoittuminen saattoi aiheuttaa teht\u00e4v\u00e4n suorituksen keskeytt\u00e4misen tai koko osaston tuhon. Vihollisen takaa-ajo-osastojen v\u00e4ltt\u00e4minen ja niiden harhauttaminen vaativat taitoa ja oveluutta. Partiomatka saattoi kest\u00e4\u00e4 viikkoja ja er\u00e4\u00e4ss\u00e4 tapauksessa jopa l\u00e4hes kaksi kuukautta. Paluu omalle puolelle rintaman l\u00e4pi oli monesti vaikeaa.<\/p>\n<p>Kaukopartiomiehet joutuivat kantamaan mukanaan suuren m\u00e4\u00e4r\u00e4n muonaa, ampumatarvikkeita ja usein my\u00f6s r\u00e4j\u00e4hteit\u00e4. Aseena oli yleens\u00e4 Suomi-konepistooli. T\u00e4ydennykset tapahtuivat k\u00e4tk\u00f6ist\u00e4 tai lentokoneiden laskuvarjopudotuksilla. My\u00f6s partioiden kuljetus toiminta-alueelleen ja nouto takaisin tapahtui usein lentokoneella. Laskuvarjohyppyj\u00e4 vihollisen alueelle tapahtui vain harvoin.<\/p>\n<p>Jatkosodan kaukopartiotoiminnan onnistumisen kannalta oli olennaisen t\u00e4rke\u00e4\u00e4 se, ett\u00e4 partioilla oli k\u00e4ytett\u00e4viss\u00e4 uusi juuri t\u00e4h\u00e4n toimintaan kehitetty s\u00e4hk\u00f6tysradio, Kyynel. Nimi johtui siit\u00e4, ett\u00e4 radiota pidettiin aluksi yht\u00e4 salassa kuin pontikan keitt\u00e4jien &#8221; korpikuusen kyyneli\u00e4&#8221;. Radiolla pystyttiin viestitt\u00e4m\u00e4\u00e4n salattuna nopeasti t\u00e4rkeimm\u00e4t tiedustelutiedot. Omassa selustassa olleet kuunteluasemat seurasivat jatkuvasti vihollisen radioliikennett\u00e4. Usein t\u00e4m\u00e4 paljasti vihollisen takaa-ajo-osastojen toiminnan ja kaukopartioiden etenemissuuntaan j\u00e4rjestetyt v\u00e4ijytykset. Moni kaukopartio v\u00e4lttyi tuholta hyvin j\u00e4rjestetyn radiotoiminnan ansiosta. Kaukopartioilla oli mukanaan my\u00f6s T\u00f6p\u00f6-vastaanottimet, joilla kuunneltiin yleisradiota. Usein kaikkien kuultavissa ollut harmiton tiedonanto tai terveisten l\u00e4hett\u00e4minen sukulaisille sis\u00e4lsi jollekin partiolle osoitetun salatun ja monesti elint\u00e4rke\u00e4n tiedon, k\u00e4skyn tai ohjeen.<\/p>\n<p>Suomalaisten kaukopartiotoiminta sitoi huomattavan m\u00e4\u00e4r\u00e4n vihollisen voimia selustan varmistusteht\u00e4viin. Toteutetut h\u00e4vitysteht\u00e4v\u00e4t haittasivat vihollisen toimintaa. Kaukopartioiden t\u00e4rkein merkitys oli kuitenkin niiden antamissa tiedustelutiedoissa, joista osa vaikutti suoranaisesti eri johtoportaiden p\u00e4\u00e4t\u00f6ksiin. Toiminnan suurta arvoa kuvaa osaltaan se, ett\u00e4 yhteens\u00e4 19 kaukopartiomiest\u00e4 nimitettiin Mannerheim-ristin ritariksi. M\u00e4\u00e4r\u00e4 on todella suuri, kun otetaan huomioon ritarien hyvin pieni kokonaism\u00e4\u00e4r\u00e4, vain 191 sotilasta. Partiomiehist\u00e4 kahdeksan oli P\u00e4\u00e4majan kaukopartioiden ja yksitoista eri divisioonien ja muiden joukkojen miehi\u00e4. Kaukopartiomiesten tappiot olivat raskaat. Pelk\u00e4st\u00e4\u00e4n P\u00e4\u00e4majan kaukopartioista kaatui 86 miest\u00e4. Er\u00e4\u00e4t partiot tuhoutuivat kokonaan. N\u00e4in tapahtui muun muassa ErP4:n johdossa toimineelle virolaiselle 13 miehen partiolle lokakuussa 1942.<\/p>\n<\/div><\/section>\n","protected":false},"excerpt":{"rendered":"","protected":false},"author":1,"featured_media":0,"parent":102,"menu_order":3,"comment_status":"closed","ping_status":"closed","template":"","meta":{"footnotes":""},"class_list":["post-538","page","type-page","status-publish","hentry"],"yoast_head":"<!-- This site is optimized with the Yoast SEO plugin v27.6 - https:\/\/yoast.com\/product\/yoast-seo-wordpress\/ -->\n<title>Kaukopartiotoiminta - Veteraanien Perint\u00f6<\/title>\n<meta name=\"robots\" content=\"index, follow, max-snippet:-1, max-image-preview:large, max-video-preview:-1\" \/>\n<link rel=\"canonical\" href=\"https:\/\/veteraanienperinto.fi\/index.php\/tietopankit\/aselajit\/kaukopartiotoiminta\/\" \/>\n<meta property=\"og:locale\" content=\"fi_FI\" \/>\n<meta property=\"og:type\" content=\"article\" \/>\n<meta property=\"og:title\" content=\"Kaukopartiotoiminta - Veteraanien Perint\u00f6\" \/>\n<meta property=\"og:url\" content=\"https:\/\/veteraanienperinto.fi\/index.php\/tietopankit\/aselajit\/kaukopartiotoiminta\/\" \/>\n<meta property=\"og:site_name\" content=\"Veteraanien Perint\u00f6\" \/>\n<meta property=\"article:modified_time\" content=\"2021-01-26T15:01:15+00:00\" \/>\n<meta name=\"twitter:card\" content=\"summary_large_image\" \/>\n<meta name=\"twitter:label1\" content=\"Arvioitu lukuaika\" \/>\n\t<meta name=\"twitter:data1\" content=\"5 minuuttia\" \/>\n<script type=\"application\/ld+json\" class=\"yoast-schema-graph\">{\"@context\":\"https:\\\/\\\/schema.org\",\"@graph\":[{\"@type\":\"WebPage\",\"@id\":\"https:\\\/\\\/veteraanienperinto.fi\\\/index.php\\\/tietopankit\\\/aselajit\\\/kaukopartiotoiminta\\\/\",\"url\":\"https:\\\/\\\/veteraanienperinto.fi\\\/index.php\\\/tietopankit\\\/aselajit\\\/kaukopartiotoiminta\\\/\",\"name\":\"Kaukopartiotoiminta - Veteraanien Perint\u00f6\",\"isPartOf\":{\"@id\":\"https:\\\/\\\/veteraanienperinto.fi\\\/#website\"},\"datePublished\":\"2020-08-29T10:09:23+00:00\",\"dateModified\":\"2021-01-26T15:01:15+00:00\",\"breadcrumb\":{\"@id\":\"https:\\\/\\\/veteraanienperinto.fi\\\/index.php\\\/tietopankit\\\/aselajit\\\/kaukopartiotoiminta\\\/#breadcrumb\"},\"inLanguage\":\"fi\",\"potentialAction\":[{\"@type\":\"ReadAction\",\"target\":[\"https:\\\/\\\/veteraanienperinto.fi\\\/index.php\\\/tietopankit\\\/aselajit\\\/kaukopartiotoiminta\\\/\"]}]},{\"@type\":\"BreadcrumbList\",\"@id\":\"https:\\\/\\\/veteraanienperinto.fi\\\/index.php\\\/tietopankit\\\/aselajit\\\/kaukopartiotoiminta\\\/#breadcrumb\",\"itemListElement\":[{\"@type\":\"ListItem\",\"position\":1,\"name\":\"Etusivu\",\"item\":\"https:\\\/\\\/veteraanienperinto.fi\\\/index.php\\\/etusivu-2\\\/\"},{\"@type\":\"ListItem\",\"position\":2,\"name\":\"Tietopankit\",\"item\":\"https:\\\/\\\/veteraanienperinto.fi\\\/index.php\\\/tietopankit\\\/\"},{\"@type\":\"ListItem\",\"position\":3,\"name\":\"Puolustushaarat ja aselajit\",\"item\":\"https:\\\/\\\/veteraanienperinto.fi\\\/index.php\\\/tietopankit\\\/aselajit\\\/\"},{\"@type\":\"ListItem\",\"position\":4,\"name\":\"Kaukopartiotoiminta\"}]},{\"@type\":\"WebSite\",\"@id\":\"https:\\\/\\\/veteraanienperinto.fi\\\/#website\",\"url\":\"https:\\\/\\\/veteraanienperinto.fi\\\/\",\"name\":\"Veteraanien Perint\u00f6\",\"description\":\"Kadettikunta\",\"potentialAction\":[{\"@type\":\"SearchAction\",\"target\":{\"@type\":\"EntryPoint\",\"urlTemplate\":\"https:\\\/\\\/veteraanienperinto.fi\\\/?s={search_term_string}\"},\"query-input\":{\"@type\":\"PropertyValueSpecification\",\"valueRequired\":true,\"valueName\":\"search_term_string\"}}],\"inLanguage\":\"fi\"}]}<\/script>\n<!-- \/ Yoast SEO plugin. -->","yoast_head_json":{"title":"Kaukopartiotoiminta - Veteraanien Perint\u00f6","robots":{"index":"index","follow":"follow","max-snippet":"max-snippet:-1","max-image-preview":"max-image-preview:large","max-video-preview":"max-video-preview:-1"},"canonical":"https:\/\/veteraanienperinto.fi\/index.php\/tietopankit\/aselajit\/kaukopartiotoiminta\/","og_locale":"fi_FI","og_type":"article","og_title":"Kaukopartiotoiminta - Veteraanien Perint\u00f6","og_url":"https:\/\/veteraanienperinto.fi\/index.php\/tietopankit\/aselajit\/kaukopartiotoiminta\/","og_site_name":"Veteraanien Perint\u00f6","article_modified_time":"2021-01-26T15:01:15+00:00","twitter_card":"summary_large_image","twitter_misc":{"Arvioitu lukuaika":"5 minuuttia"},"schema":{"@context":"https:\/\/schema.org","@graph":[{"@type":"WebPage","@id":"https:\/\/veteraanienperinto.fi\/index.php\/tietopankit\/aselajit\/kaukopartiotoiminta\/","url":"https:\/\/veteraanienperinto.fi\/index.php\/tietopankit\/aselajit\/kaukopartiotoiminta\/","name":"Kaukopartiotoiminta - Veteraanien Perint\u00f6","isPartOf":{"@id":"https:\/\/veteraanienperinto.fi\/#website"},"datePublished":"2020-08-29T10:09:23+00:00","dateModified":"2021-01-26T15:01:15+00:00","breadcrumb":{"@id":"https:\/\/veteraanienperinto.fi\/index.php\/tietopankit\/aselajit\/kaukopartiotoiminta\/#breadcrumb"},"inLanguage":"fi","potentialAction":[{"@type":"ReadAction","target":["https:\/\/veteraanienperinto.fi\/index.php\/tietopankit\/aselajit\/kaukopartiotoiminta\/"]}]},{"@type":"BreadcrumbList","@id":"https:\/\/veteraanienperinto.fi\/index.php\/tietopankit\/aselajit\/kaukopartiotoiminta\/#breadcrumb","itemListElement":[{"@type":"ListItem","position":1,"name":"Etusivu","item":"https:\/\/veteraanienperinto.fi\/index.php\/etusivu-2\/"},{"@type":"ListItem","position":2,"name":"Tietopankit","item":"https:\/\/veteraanienperinto.fi\/index.php\/tietopankit\/"},{"@type":"ListItem","position":3,"name":"Puolustushaarat ja aselajit","item":"https:\/\/veteraanienperinto.fi\/index.php\/tietopankit\/aselajit\/"},{"@type":"ListItem","position":4,"name":"Kaukopartiotoiminta"}]},{"@type":"WebSite","@id":"https:\/\/veteraanienperinto.fi\/#website","url":"https:\/\/veteraanienperinto.fi\/","name":"Veteraanien Perint\u00f6","description":"Kadettikunta","potentialAction":[{"@type":"SearchAction","target":{"@type":"EntryPoint","urlTemplate":"https:\/\/veteraanienperinto.fi\/?s={search_term_string}"},"query-input":{"@type":"PropertyValueSpecification","valueRequired":true,"valueName":"search_term_string"}}],"inLanguage":"fi"}]}},"_links":{"self":[{"href":"https:\/\/veteraanienperinto.fi\/index.php\/wp-json\/wp\/v2\/pages\/538","targetHints":{"allow":["GET"]}}],"collection":[{"href":"https:\/\/veteraanienperinto.fi\/index.php\/wp-json\/wp\/v2\/pages"}],"about":[{"href":"https:\/\/veteraanienperinto.fi\/index.php\/wp-json\/wp\/v2\/types\/page"}],"author":[{"embeddable":true,"href":"https:\/\/veteraanienperinto.fi\/index.php\/wp-json\/wp\/v2\/users\/1"}],"replies":[{"embeddable":true,"href":"https:\/\/veteraanienperinto.fi\/index.php\/wp-json\/wp\/v2\/comments?post=538"}],"version-history":[{"count":6,"href":"https:\/\/veteraanienperinto.fi\/index.php\/wp-json\/wp\/v2\/pages\/538\/revisions"}],"predecessor-version":[{"id":10654,"href":"https:\/\/veteraanienperinto.fi\/index.php\/wp-json\/wp\/v2\/pages\/538\/revisions\/10654"}],"up":[{"embeddable":true,"href":"https:\/\/veteraanienperinto.fi\/index.php\/wp-json\/wp\/v2\/pages\/102"}],"wp:attachment":[{"href":"https:\/\/veteraanienperinto.fi\/index.php\/wp-json\/wp\/v2\/media?parent=538"}],"curies":[{"name":"wp","href":"https:\/\/api.w.org\/{rel}","templated":true}]}}