{"id":5385,"date":"2020-11-17T13:36:06","date_gmt":"2020-11-17T13:36:06","guid":{"rendered":"https:\/\/veteraani.ylirotu.fi\/?page_id=5385"},"modified":"2021-01-26T23:04:19","modified_gmt":"2021-01-26T23:04:19","slug":"skyddstruppsstriderna","status":"publish","type":"page","link":"https:\/\/veteraanienperinto.fi\/index.php\/sv\/vinterkriget\/vinterkrigets-gang\/skyddstruppsstriderna\/","title":{"rendered":"Skyddstruppsstriderna"},"content":{"rendered":"<div id='full_slider_1'  class='avia-fullwidth-slider main_color avia-shadow   avia-builder-el-0  el_before_av_heading  avia-builder-el-first   container_wrap sidebar_right'  ><div  class='avia-slideshow av-kgtwt7sq-379edc41346707970a42a83be5548278 avia-slideshow-featured av_slideshow_full avia-slide-slider av-slideshow-ui av-control-default av-slideshow-manual av-loop-once av-loop-manual-endless av-default-height-applied   avia-slideshow-1' data-slideshow-options=\"{&quot;animation&quot;:&quot;slide&quot;,&quot;autoplay&quot;:false,&quot;loop_autoplay&quot;:&quot;once&quot;,&quot;interval&quot;:5,&quot;loop_manual&quot;:&quot;manual-endless&quot;,&quot;autoplay_stopper&quot;:false,&quot;noNavigation&quot;:false,&quot;bg_slider&quot;:false,&quot;keep_padding&quot;:false,&quot;hoverpause&quot;:false,&quot;show_slide_delay&quot;:0}\"  itemprop=\"image\" itemscope=\"itemscope\" itemtype=\"https:\/\/schema.org\/ImageObject\" ><ul class='avia-slideshow-inner ' style='padding-bottom: 28.666666666667%;'><li  class='avia-slideshow-slide av-kgtwt7sq-379edc41346707970a42a83be5548278__0  av-single-slide slide-1 slide-odd'><div data-rel='slideshow-1' class='avia-slide-wrap '   ><div class='av-slideshow-caption av-kgtwt7sq-379edc41346707970a42a83be5548278__0 caption_fullwidth caption_bottom caption_bottom_framed caption_framed'><div class=\"container caption_container\"><div class=\"slideshow_caption\"><div class=\"slideshow_inner_caption\"><div class=\"slideshow_align_caption\"><div class='avia-caption-content '  itemprop=\"description\" ><p>Aarne Juutilaisen m\u00e4n i frontlinjen nordost om Ladoga.<br \/>\nKollaanjoki 17.12.1939<\/p>\n<\/div><\/div><\/div><\/div><\/div><\/div><img decoding=\"async\" fetchpriority=\"high\" class=\"wp-image-4568 avia-img-lazy-loading-not-4568\"  src=\"https:\/\/veteraanienperinto.fi\/wp-content\/uploads\/2020\/10\/taistelut_laatokka-1500x430.png\" width=\"1500\" height=\"430\" title='taistelut_laatokka' alt=''  itemprop=\"thumbnailUrl\" srcset=\"https:\/\/veteraanienperinto.fi\/wp-content\/uploads\/2020\/10\/taistelut_laatokka.png 1500w, https:\/\/veteraanienperinto.fi\/wp-content\/uploads\/2020\/10\/taistelut_laatokka-300x86.png 300w, https:\/\/veteraanienperinto.fi\/wp-content\/uploads\/2020\/10\/taistelut_laatokka-1030x295.png 1030w, https:\/\/veteraanienperinto.fi\/wp-content\/uploads\/2020\/10\/taistelut_laatokka-768x220.png 768w, https:\/\/veteraanienperinto.fi\/wp-content\/uploads\/2020\/10\/taistelut_laatokka-705x202.png 705w\" sizes=\"(max-width: 1500px) 100vw, 1500px\" \/><\/div><\/li><\/ul><\/div><\/div><div id='after_full_slider_1'  class='main_color av_default_container_wrap container_wrap sidebar_right'  ><div class='container av-section-cont-open' ><div class='template-page content  av-content-small alpha units'><div class='post-entry post-entry-type-page post-entry-5385'><div class='entry-content-wrapper clearfix'>\n\n<style type=\"text\/css\" data-created_by=\"avia_inline_auto\" id=\"style-css-av-kkelwu4u-1c804174088da79a0583633f012c2575\">\n#top .av-special-heading.av-kkelwu4u-1c804174088da79a0583633f012c2575{\npadding-bottom:10px;\n}\nbody .av-special-heading.av-kkelwu4u-1c804174088da79a0583633f012c2575 .av-special-heading-tag .heading-char{\nfont-size:25px;\n}\n.av-special-heading.av-kkelwu4u-1c804174088da79a0583633f012c2575 .av-subheading{\nfont-size:15px;\n}\n<\/style>\n<div  class='av-special-heading av-kkelwu4u-1c804174088da79a0583633f012c2575 av-special-heading-h2  avia-builder-el-1  el_after_av_slideshow_full  el_before_av_textblock  avia-builder-el-first '><h2 class='av-special-heading-tag'  itemprop=\"headline\"  >Skyddstruppsstriderna<\/h2><div class=\"special-heading-border\"><div class=\"special-heading-inner-border\"><\/div><\/div><\/div>\n<section  class='av_textblock_section av-kdsr1etg-e9d29ce21b88c7808a8ae4c4f60a7bbb '   itemscope=\"itemscope\" itemtype=\"https:\/\/schema.org\/CreativeWork\" ><div class='avia_textblock'  itemprop=\"text\" ><p>P\u00e5 fronterna till lands b\u00f6rjade skyddstruppsstrider genast den 30 november d\u00e5 morgonen grydde. Sovjetunionen hade en f\u00f6rkrossande \u00f6vermakt. D\u00e5 kriget br\u00f6t ut satte ryssarna in 20 divisioner, ca 460 000 man, 2 000 pansarvagnar, 2 050 f\u00e4ltkanoner och 2 000 flygplan mot Finland. De finl\u00e4ndska skyddstrupperna p\u00e5 Karelska n\u00e4set omfattade 21 500 man.<\/p>\n<p>P\u00e5 omr\u00e5det mellan Ladoga-Salla omfattade skyddstrupperna i allm\u00e4nhet en bataljon, s\u00e5ledes 850 man i varje v\u00e4griktning som kom \u00f6sterifr\u00e5n. P\u00e5 motsvarande s\u00e4tt anf\u00f6ll Sovjetunionen i varje v\u00e4griktning till en b\u00f6rjan med minst en f\u00f6rst\u00e4rkt division, det vill s\u00e4ga \u00e5tminstone 17 000-18 000 man. Detta var en fullst\u00e4ndig \u00f6verraskning f\u00f6r finl\u00e4ndarna. Angriparens \u00f6vermakt var i dessa riktningar under krigets f\u00f6rsta dagar \u00e5tminstone 20-faldig.<\/p>\n<p>Huvuddelarna av Finlands f\u00e4ltarm\u00e9 beredde sig under skyddstruppsstriderna p\u00e5 f\u00f6rsvarsstrider i huvudst\u00e4llningarna. Hela finska arm\u00e9ns styrka var d\u00e5 10 divisioner, 300 000 man, 420 f\u00e4ltkanoner och 114 stridsplan, av vilka 32 var helt f\u00f6r\u00e5ldrade. De mot dessa trupper anfallande ryssarnas styrka v\u00e4xte snart till 26 divisioner, s\u00e5ledes minst 600 000 man.<\/p>\n<p>De finl\u00e4ndska skyddstrupperna f\u00f6rde uppeh\u00e5llande strider. De sovjetiska divisionerna kunde inte \u00e5stadkomma djupa genombrott eller tillfoga f\u00f6rsvararna n\u00e5gra betydande f\u00f6rluster. H\u00e4ndelserna under Tysklands blixtkrig i Polen upprepades inte i Finland..<\/p>\n<\/div><\/section>\n","protected":false},"excerpt":{"rendered":"","protected":false},"author":1,"featured_media":0,"parent":5377,"menu_order":1,"comment_status":"closed","ping_status":"closed","template":"","meta":{"footnotes":""},"class_list":["post-5385","page","type-page","status-publish","hentry"],"yoast_head":"<!-- This site is optimized with the Yoast SEO plugin v27.5 - https:\/\/yoast.com\/product\/yoast-seo-wordpress\/ -->\n<title>Skyddstruppsstriderna - Veteraanien Perint\u00f6<\/title>\n<meta name=\"robots\" content=\"index, follow, max-snippet:-1, max-image-preview:large, max-video-preview:-1\" \/>\n<link rel=\"canonical\" href=\"https:\/\/veteraanienperinto.fi\/index.php\/sv\/vinterkriget\/vinterkrigets-gang\/skyddstruppsstriderna\/\" \/>\n<meta property=\"og:locale\" content=\"fi_FI\" \/>\n<meta property=\"og:type\" content=\"article\" \/>\n<meta property=\"og:title\" content=\"Skyddstruppsstriderna - Veteraanien Perint\u00f6\" \/>\n<meta property=\"og:url\" content=\"https:\/\/veteraanienperinto.fi\/index.php\/sv\/vinterkriget\/vinterkrigets-gang\/skyddstruppsstriderna\/\" \/>\n<meta property=\"og:site_name\" content=\"Veteraanien Perint\u00f6\" \/>\n<meta property=\"article:modified_time\" content=\"2021-01-26T23:04:19+00:00\" \/>\n<meta name=\"twitter:card\" content=\"summary_large_image\" \/>\n<meta name=\"twitter:label1\" content=\"Arvioitu lukuaika\" \/>\n\t<meta name=\"twitter:data1\" content=\"2 minuuttia\" \/>\n<script type=\"application\/ld+json\" class=\"yoast-schema-graph\">{\"@context\":\"https:\\\/\\\/schema.org\",\"@graph\":[{\"@type\":\"WebPage\",\"@id\":\"https:\\\/\\\/veteraanienperinto.fi\\\/index.php\\\/sv\\\/vinterkriget\\\/vinterkrigets-gang\\\/skyddstruppsstriderna\\\/\",\"url\":\"https:\\\/\\\/veteraanienperinto.fi\\\/index.php\\\/sv\\\/vinterkriget\\\/vinterkrigets-gang\\\/skyddstruppsstriderna\\\/\",\"name\":\"Skyddstruppsstriderna - Veteraanien Perint\u00f6\",\"isPartOf\":{\"@id\":\"https:\\\/\\\/veteraanienperinto.fi\\\/#website\"},\"datePublished\":\"2020-11-17T13:36:06+00:00\",\"dateModified\":\"2021-01-26T23:04:19+00:00\",\"breadcrumb\":{\"@id\":\"https:\\\/\\\/veteraanienperinto.fi\\\/index.php\\\/sv\\\/vinterkriget\\\/vinterkrigets-gang\\\/skyddstruppsstriderna\\\/#breadcrumb\"},\"inLanguage\":\"fi\",\"potentialAction\":[{\"@type\":\"ReadAction\",\"target\":[\"https:\\\/\\\/veteraanienperinto.fi\\\/index.php\\\/sv\\\/vinterkriget\\\/vinterkrigets-gang\\\/skyddstruppsstriderna\\\/\"]}]},{\"@type\":\"BreadcrumbList\",\"@id\":\"https:\\\/\\\/veteraanienperinto.fi\\\/index.php\\\/sv\\\/vinterkriget\\\/vinterkrigets-gang\\\/skyddstruppsstriderna\\\/#breadcrumb\",\"itemListElement\":[{\"@type\":\"ListItem\",\"position\":1,\"name\":\"Etusivu\",\"item\":\"https:\\\/\\\/veteraanienperinto.fi\\\/index.php\\\/etusivu-2\\\/\"},{\"@type\":\"ListItem\",\"position\":2,\"name\":\"Vinterkriget\",\"item\":\"https:\\\/\\\/veteraanienperinto.fi\\\/index.php\\\/sv\\\/vinterkriget\\\/\"},{\"@type\":\"ListItem\",\"position\":3,\"name\":\"Vinterkrigets g\u00e5ng\",\"item\":\"https:\\\/\\\/veteraanienperinto.fi\\\/index.php\\\/sv\\\/vinterkriget\\\/vinterkrigets-gang\\\/\"},{\"@type\":\"ListItem\",\"position\":4,\"name\":\"Skyddstruppsstriderna\"}]},{\"@type\":\"WebSite\",\"@id\":\"https:\\\/\\\/veteraanienperinto.fi\\\/#website\",\"url\":\"https:\\\/\\\/veteraanienperinto.fi\\\/\",\"name\":\"Veteraanien Perint\u00f6\",\"description\":\"Kadettikunta\",\"potentialAction\":[{\"@type\":\"SearchAction\",\"target\":{\"@type\":\"EntryPoint\",\"urlTemplate\":\"https:\\\/\\\/veteraanienperinto.fi\\\/?s={search_term_string}\"},\"query-input\":{\"@type\":\"PropertyValueSpecification\",\"valueRequired\":true,\"valueName\":\"search_term_string\"}}],\"inLanguage\":\"fi\"}]}<\/script>\n<!-- \/ Yoast SEO plugin. -->","yoast_head_json":{"title":"Skyddstruppsstriderna - Veteraanien Perint\u00f6","robots":{"index":"index","follow":"follow","max-snippet":"max-snippet:-1","max-image-preview":"max-image-preview:large","max-video-preview":"max-video-preview:-1"},"canonical":"https:\/\/veteraanienperinto.fi\/index.php\/sv\/vinterkriget\/vinterkrigets-gang\/skyddstruppsstriderna\/","og_locale":"fi_FI","og_type":"article","og_title":"Skyddstruppsstriderna - Veteraanien Perint\u00f6","og_url":"https:\/\/veteraanienperinto.fi\/index.php\/sv\/vinterkriget\/vinterkrigets-gang\/skyddstruppsstriderna\/","og_site_name":"Veteraanien Perint\u00f6","article_modified_time":"2021-01-26T23:04:19+00:00","twitter_card":"summary_large_image","twitter_misc":{"Arvioitu lukuaika":"2 minuuttia"},"schema":{"@context":"https:\/\/schema.org","@graph":[{"@type":"WebPage","@id":"https:\/\/veteraanienperinto.fi\/index.php\/sv\/vinterkriget\/vinterkrigets-gang\/skyddstruppsstriderna\/","url":"https:\/\/veteraanienperinto.fi\/index.php\/sv\/vinterkriget\/vinterkrigets-gang\/skyddstruppsstriderna\/","name":"Skyddstruppsstriderna - Veteraanien Perint\u00f6","isPartOf":{"@id":"https:\/\/veteraanienperinto.fi\/#website"},"datePublished":"2020-11-17T13:36:06+00:00","dateModified":"2021-01-26T23:04:19+00:00","breadcrumb":{"@id":"https:\/\/veteraanienperinto.fi\/index.php\/sv\/vinterkriget\/vinterkrigets-gang\/skyddstruppsstriderna\/#breadcrumb"},"inLanguage":"fi","potentialAction":[{"@type":"ReadAction","target":["https:\/\/veteraanienperinto.fi\/index.php\/sv\/vinterkriget\/vinterkrigets-gang\/skyddstruppsstriderna\/"]}]},{"@type":"BreadcrumbList","@id":"https:\/\/veteraanienperinto.fi\/index.php\/sv\/vinterkriget\/vinterkrigets-gang\/skyddstruppsstriderna\/#breadcrumb","itemListElement":[{"@type":"ListItem","position":1,"name":"Etusivu","item":"https:\/\/veteraanienperinto.fi\/index.php\/etusivu-2\/"},{"@type":"ListItem","position":2,"name":"Vinterkriget","item":"https:\/\/veteraanienperinto.fi\/index.php\/sv\/vinterkriget\/"},{"@type":"ListItem","position":3,"name":"Vinterkrigets g\u00e5ng","item":"https:\/\/veteraanienperinto.fi\/index.php\/sv\/vinterkriget\/vinterkrigets-gang\/"},{"@type":"ListItem","position":4,"name":"Skyddstruppsstriderna"}]},{"@type":"WebSite","@id":"https:\/\/veteraanienperinto.fi\/#website","url":"https:\/\/veteraanienperinto.fi\/","name":"Veteraanien Perint\u00f6","description":"Kadettikunta","potentialAction":[{"@type":"SearchAction","target":{"@type":"EntryPoint","urlTemplate":"https:\/\/veteraanienperinto.fi\/?s={search_term_string}"},"query-input":{"@type":"PropertyValueSpecification","valueRequired":true,"valueName":"search_term_string"}}],"inLanguage":"fi"}]}},"_links":{"self":[{"href":"https:\/\/veteraanienperinto.fi\/index.php\/wp-json\/wp\/v2\/pages\/5385","targetHints":{"allow":["GET"]}}],"collection":[{"href":"https:\/\/veteraanienperinto.fi\/index.php\/wp-json\/wp\/v2\/pages"}],"about":[{"href":"https:\/\/veteraanienperinto.fi\/index.php\/wp-json\/wp\/v2\/types\/page"}],"author":[{"embeddable":true,"href":"https:\/\/veteraanienperinto.fi\/index.php\/wp-json\/wp\/v2\/users\/1"}],"replies":[{"embeddable":true,"href":"https:\/\/veteraanienperinto.fi\/index.php\/wp-json\/wp\/v2\/comments?post=5385"}],"version-history":[{"count":7,"href":"https:\/\/veteraanienperinto.fi\/index.php\/wp-json\/wp\/v2\/pages\/5385\/revisions"}],"predecessor-version":[{"id":10823,"href":"https:\/\/veteraanienperinto.fi\/index.php\/wp-json\/wp\/v2\/pages\/5385\/revisions\/10823"}],"up":[{"embeddable":true,"href":"https:\/\/veteraanienperinto.fi\/index.php\/wp-json\/wp\/v2\/pages\/5377"}],"wp:attachment":[{"href":"https:\/\/veteraanienperinto.fi\/index.php\/wp-json\/wp\/v2\/media?parent=5385"}],"curies":[{"name":"wp","href":"https:\/\/api.w.org\/{rel}","templated":true}]}}