{"id":5393,"date":"2020-11-17T13:38:45","date_gmt":"2020-11-17T13:38:45","guid":{"rendered":"https:\/\/veteraani.ylirotu.fi\/?page_id=5393"},"modified":"2021-01-26T23:05:01","modified_gmt":"2021-01-26T23:05:01","slug":"avvarjningssegrar-vid-ostgransen","status":"publish","type":"page","link":"https:\/\/veteraanienperinto.fi\/index.php\/sv\/vinterkriget\/vinterkrigets-gang\/avvarjningssegrar-vid-ostgransen\/","title":{"rendered":"Avv\u00e4rjningssegrar vid \u00f6stgr\u00e4nsen"},"content":{"rendered":"<div id='full_slider_1'  class='avia-fullwidth-slider main_color avia-shadow   avia-builder-el-0  el_before_av_heading  avia-builder-el-first   container_wrap sidebar_right'  ><div  class='avia-slideshow av-kgtxb3d0-1373102150dd508fc13475a99b9e6d78 avia-slideshow-featured av_slideshow_full avia-slide-slider av-slideshow-ui av-control-default av-slideshow-manual av-loop-once av-loop-manual-endless av-default-height-applied   avia-slideshow-1' data-slideshow-options=\"{&quot;animation&quot;:&quot;slide&quot;,&quot;autoplay&quot;:false,&quot;loop_autoplay&quot;:&quot;once&quot;,&quot;interval&quot;:5,&quot;loop_manual&quot;:&quot;manual-endless&quot;,&quot;autoplay_stopper&quot;:false,&quot;noNavigation&quot;:false,&quot;bg_slider&quot;:false,&quot;keep_padding&quot;:false,&quot;hoverpause&quot;:false,&quot;show_slide_delay&quot;:0}\"  itemprop=\"image\" itemscope=\"itemscope\" itemtype=\"https:\/\/schema.org\/ImageObject\" ><ul class='avia-slideshow-inner ' style='padding-bottom: 28.666666666667%;'><li  class='avia-slideshow-slide av-kgtxb3d0-1373102150dd508fc13475a99b9e6d78__0  av-single-slide slide-1 slide-odd'><div data-rel='slideshow-1' class='avia-slide-wrap '   ><div class='av-slideshow-caption av-kgtxb3d0-1373102150dd508fc13475a99b9e6d78__0 caption_fullwidth caption_bottom caption_bottom_framed caption_framed'><div class=\"container caption_container\"><div class=\"slideshow_caption\"><div class=\"slideshow_inner_caption\"><div class=\"slideshow_align_caption\"><div class='avia-caption-content '  itemprop=\"description\" ><p>Ockuperade pansarbilen fr\u00e5n Tolvaj\u00e4rvi-fronten den 18 december 1939.<\/p>\n<\/div><\/div><\/div><\/div><\/div><\/div><img decoding=\"async\" fetchpriority=\"high\" class=\"wp-image-4575 avia-img-lazy-loading-not-4575\"  src=\"https:\/\/veteraanienperinto.fi\/wp-content\/uploads\/2020\/10\/vallattupanssariauto-1500x430.png\" width=\"1500\" height=\"430\" title='vallattupanssariauto' alt=''  itemprop=\"thumbnailUrl\" srcset=\"https:\/\/veteraanienperinto.fi\/wp-content\/uploads\/2020\/10\/vallattupanssariauto.png 1500w, https:\/\/veteraanienperinto.fi\/wp-content\/uploads\/2020\/10\/vallattupanssariauto-300x86.png 300w, https:\/\/veteraanienperinto.fi\/wp-content\/uploads\/2020\/10\/vallattupanssariauto-1030x295.png 1030w, https:\/\/veteraanienperinto.fi\/wp-content\/uploads\/2020\/10\/vallattupanssariauto-768x220.png 768w, https:\/\/veteraanienperinto.fi\/wp-content\/uploads\/2020\/10\/vallattupanssariauto-705x202.png 705w\" sizes=\"(max-width: 1500px) 100vw, 1500px\" \/><\/div><\/li><\/ul><\/div><\/div><div id='after_full_slider_1'  class='main_color av_default_container_wrap container_wrap sidebar_right'  ><div class='container av-section-cont-open' ><div class='template-page content  av-content-small alpha units'><div class='post-entry post-entry-type-page post-entry-5393'><div class='entry-content-wrapper clearfix'>\n\n<style type=\"text\/css\" data-created_by=\"avia_inline_auto\" id=\"style-css-av-kkelxqc3-8928d54c6b93178df94669972005999f\">\n#top .av-special-heading.av-kkelxqc3-8928d54c6b93178df94669972005999f{\npadding-bottom:10px;\n}\nbody .av-special-heading.av-kkelxqc3-8928d54c6b93178df94669972005999f .av-special-heading-tag .heading-char{\nfont-size:25px;\n}\n.av-special-heading.av-kkelxqc3-8928d54c6b93178df94669972005999f .av-subheading{\nfont-size:15px;\n}\n<\/style>\n<div  class='av-special-heading av-kkelxqc3-8928d54c6b93178df94669972005999f av-special-heading-h2  avia-builder-el-1  el_after_av_slideshow_full  el_before_av_textblock  avia-builder-el-first '><h2 class='av-special-heading-tag'  itemprop=\"headline\"  >Avv\u00e4rjningssegrar vid \u00f6stgr\u00e4nsen<\/h2><div class=\"special-heading-border\"><div class=\"special-heading-inner-border\"><\/div><\/div><\/div>\n<section  class='av_textblock_section av-kdsr1etg-e9d29ce21b88c7808a8ae4c4f60a7bbb '   itemscope=\"itemscope\" itemtype=\"https:\/\/schema.org\/CreativeWork\" ><div class='avia_textblock'  itemprop=\"text\" ><p>I Tolvaj\u00e4rvi norrom Ladoga kom man till en seger 12.12.1939, vilket hade stor betydelse. En rysk division blev fr\u00e5n tre riktningar m\u00e5l f\u00f6r finl\u00e4ndarnas motanfall och slogs ned. F\u00f6rf\u00f6ljandet fortsatte flera tiotals kilometer \u00f6sterut. Informationen om denna seger st\u00e4rkte i h\u00f6g grad b\u00e5de de stridande trupperna och hemmafronten.<\/p>\n<p>P\u00e5 omr\u00e5det mellan Ladoga och Salla avv\u00e4rjdes eller besegrades de sovjetiska trupperna. P\u00e5 Ladogas norra sida kringr\u00e4ndes tv\u00e5 sovjetiska divisioner och en pansarbrigad i ett anfall, och av dessa uppstod olika stora isolerade avdelningar, mottin. &#8221;Mottikriget&#8221; fortsatte \u00e4nda till krigets slut, eftersom ett flertal av de inringade fientliga avdelningarna h\u00e5rdnackat k\u00e4mpade i veckotal. Fr\u00e5n de tillintetgjorda mottina fick man ett stort krigsbyte.<\/p>\n<p>I december hejdades ryssarna vid Kollaanjoki. Fronten h\u00f6ll till krigets slut i ytterst h\u00e5rda strider. Som begrepp uppstod orden &#8221;Kollaa kest\u00e4\u00e4&#8221;.<\/p>\n<p>I Kuhmo kringr\u00e4ndes en rysk division. En del av mottina som uppstod h\u00f6ll till krigets slut.<\/p>\n<p>I striderna vid Suomussalmi-Raatte slogs och huvudsakligen f\u00f6rst\u00f6rdes tv\u00e5 sovjetiska divisioner. Denna strid fick stor ryktbarhet \u00f6verallt i v\u00e4rlden, i synnerhet tack vare fotografier som togs fr\u00e5n omr\u00e5det samt nyhetsfilmer. P\u00e5 dessa syntes det stora krigsbytet som anhopats p\u00e5 v\u00e4gen. &#8221;Raatteen tie&#8221; blev ett begrepp.<\/p>\n<p>Ocks\u00e5 i Salla avv\u00e4rjdes och delvis slogs tv\u00e5 sovjetiska divisioner. Frivilliga fr\u00e5n Sverige \u00f6vertog frontansvaret h\u00e4r i februari 1940.<\/p>\n<p>Nuf\u00f6rtiden kan man ocks\u00e5 bekanta sig med en del av dessa v\u00e5ra veteraners \u00e4rorika krigssk\u00e5deplatser p\u00e5 ort och st\u00e4lle, eftersom Kuhmo och Suomussalmi-Raate finns inom Finlands gr\u00e4nser.<\/p>\n<\/div><\/section>\n","protected":false},"excerpt":{"rendered":"","protected":false},"author":1,"featured_media":0,"parent":5377,"menu_order":3,"comment_status":"closed","ping_status":"closed","template":"","meta":{"footnotes":""},"class_list":["post-5393","page","type-page","status-publish","hentry"],"yoast_head":"<!-- This site is optimized with the Yoast SEO plugin v27.4 - https:\/\/yoast.com\/product\/yoast-seo-wordpress\/ -->\n<title>Avv\u00e4rjningssegrar vid \u00f6stgr\u00e4nsen - Veteraanien Perint\u00f6<\/title>\n<meta name=\"robots\" content=\"index, follow, max-snippet:-1, max-image-preview:large, max-video-preview:-1\" \/>\n<link rel=\"canonical\" href=\"https:\/\/veteraanienperinto.fi\/index.php\/sv\/vinterkriget\/vinterkrigets-gang\/avvarjningssegrar-vid-ostgransen\/\" \/>\n<meta property=\"og:locale\" content=\"fi_FI\" \/>\n<meta property=\"og:type\" content=\"article\" \/>\n<meta property=\"og:title\" content=\"Avv\u00e4rjningssegrar vid \u00f6stgr\u00e4nsen - Veteraanien Perint\u00f6\" \/>\n<meta property=\"og:url\" content=\"https:\/\/veteraanienperinto.fi\/index.php\/sv\/vinterkriget\/vinterkrigets-gang\/avvarjningssegrar-vid-ostgransen\/\" \/>\n<meta property=\"og:site_name\" content=\"Veteraanien Perint\u00f6\" \/>\n<meta property=\"article:modified_time\" content=\"2021-01-26T23:05:01+00:00\" \/>\n<meta name=\"twitter:card\" content=\"summary_large_image\" \/>\n<meta name=\"twitter:label1\" content=\"Arvioitu lukuaika\" \/>\n\t<meta name=\"twitter:data1\" content=\"3 minuuttia\" \/>\n<script type=\"application\/ld+json\" class=\"yoast-schema-graph\">{\"@context\":\"https:\\\/\\\/schema.org\",\"@graph\":[{\"@type\":\"WebPage\",\"@id\":\"https:\\\/\\\/veteraanienperinto.fi\\\/index.php\\\/sv\\\/vinterkriget\\\/vinterkrigets-gang\\\/avvarjningssegrar-vid-ostgransen\\\/\",\"url\":\"https:\\\/\\\/veteraanienperinto.fi\\\/index.php\\\/sv\\\/vinterkriget\\\/vinterkrigets-gang\\\/avvarjningssegrar-vid-ostgransen\\\/\",\"name\":\"Avv\u00e4rjningssegrar vid \u00f6stgr\u00e4nsen - Veteraanien Perint\u00f6\",\"isPartOf\":{\"@id\":\"https:\\\/\\\/veteraanienperinto.fi\\\/#website\"},\"datePublished\":\"2020-11-17T13:38:45+00:00\",\"dateModified\":\"2021-01-26T23:05:01+00:00\",\"breadcrumb\":{\"@id\":\"https:\\\/\\\/veteraanienperinto.fi\\\/index.php\\\/sv\\\/vinterkriget\\\/vinterkrigets-gang\\\/avvarjningssegrar-vid-ostgransen\\\/#breadcrumb\"},\"inLanguage\":\"fi\",\"potentialAction\":[{\"@type\":\"ReadAction\",\"target\":[\"https:\\\/\\\/veteraanienperinto.fi\\\/index.php\\\/sv\\\/vinterkriget\\\/vinterkrigets-gang\\\/avvarjningssegrar-vid-ostgransen\\\/\"]}]},{\"@type\":\"BreadcrumbList\",\"@id\":\"https:\\\/\\\/veteraanienperinto.fi\\\/index.php\\\/sv\\\/vinterkriget\\\/vinterkrigets-gang\\\/avvarjningssegrar-vid-ostgransen\\\/#breadcrumb\",\"itemListElement\":[{\"@type\":\"ListItem\",\"position\":1,\"name\":\"Etusivu\",\"item\":\"https:\\\/\\\/veteraanienperinto.fi\\\/index.php\\\/etusivu-2\\\/\"},{\"@type\":\"ListItem\",\"position\":2,\"name\":\"Vinterkriget\",\"item\":\"https:\\\/\\\/veteraanienperinto.fi\\\/index.php\\\/sv\\\/vinterkriget\\\/\"},{\"@type\":\"ListItem\",\"position\":3,\"name\":\"Vinterkrigets g\u00e5ng\",\"item\":\"https:\\\/\\\/veteraanienperinto.fi\\\/index.php\\\/sv\\\/vinterkriget\\\/vinterkrigets-gang\\\/\"},{\"@type\":\"ListItem\",\"position\":4,\"name\":\"Avv\u00e4rjningssegrar vid \u00f6stgr\u00e4nsen\"}]},{\"@type\":\"WebSite\",\"@id\":\"https:\\\/\\\/veteraanienperinto.fi\\\/#website\",\"url\":\"https:\\\/\\\/veteraanienperinto.fi\\\/\",\"name\":\"Veteraanien Perint\u00f6\",\"description\":\"Kadettikunta\",\"potentialAction\":[{\"@type\":\"SearchAction\",\"target\":{\"@type\":\"EntryPoint\",\"urlTemplate\":\"https:\\\/\\\/veteraanienperinto.fi\\\/?s={search_term_string}\"},\"query-input\":{\"@type\":\"PropertyValueSpecification\",\"valueRequired\":true,\"valueName\":\"search_term_string\"}}],\"inLanguage\":\"fi\"}]}<\/script>\n<!-- \/ Yoast SEO plugin. -->","yoast_head_json":{"title":"Avv\u00e4rjningssegrar vid \u00f6stgr\u00e4nsen - Veteraanien Perint\u00f6","robots":{"index":"index","follow":"follow","max-snippet":"max-snippet:-1","max-image-preview":"max-image-preview:large","max-video-preview":"max-video-preview:-1"},"canonical":"https:\/\/veteraanienperinto.fi\/index.php\/sv\/vinterkriget\/vinterkrigets-gang\/avvarjningssegrar-vid-ostgransen\/","og_locale":"fi_FI","og_type":"article","og_title":"Avv\u00e4rjningssegrar vid \u00f6stgr\u00e4nsen - Veteraanien Perint\u00f6","og_url":"https:\/\/veteraanienperinto.fi\/index.php\/sv\/vinterkriget\/vinterkrigets-gang\/avvarjningssegrar-vid-ostgransen\/","og_site_name":"Veteraanien Perint\u00f6","article_modified_time":"2021-01-26T23:05:01+00:00","twitter_card":"summary_large_image","twitter_misc":{"Arvioitu lukuaika":"3 minuuttia"},"schema":{"@context":"https:\/\/schema.org","@graph":[{"@type":"WebPage","@id":"https:\/\/veteraanienperinto.fi\/index.php\/sv\/vinterkriget\/vinterkrigets-gang\/avvarjningssegrar-vid-ostgransen\/","url":"https:\/\/veteraanienperinto.fi\/index.php\/sv\/vinterkriget\/vinterkrigets-gang\/avvarjningssegrar-vid-ostgransen\/","name":"Avv\u00e4rjningssegrar vid \u00f6stgr\u00e4nsen - Veteraanien Perint\u00f6","isPartOf":{"@id":"https:\/\/veteraanienperinto.fi\/#website"},"datePublished":"2020-11-17T13:38:45+00:00","dateModified":"2021-01-26T23:05:01+00:00","breadcrumb":{"@id":"https:\/\/veteraanienperinto.fi\/index.php\/sv\/vinterkriget\/vinterkrigets-gang\/avvarjningssegrar-vid-ostgransen\/#breadcrumb"},"inLanguage":"fi","potentialAction":[{"@type":"ReadAction","target":["https:\/\/veteraanienperinto.fi\/index.php\/sv\/vinterkriget\/vinterkrigets-gang\/avvarjningssegrar-vid-ostgransen\/"]}]},{"@type":"BreadcrumbList","@id":"https:\/\/veteraanienperinto.fi\/index.php\/sv\/vinterkriget\/vinterkrigets-gang\/avvarjningssegrar-vid-ostgransen\/#breadcrumb","itemListElement":[{"@type":"ListItem","position":1,"name":"Etusivu","item":"https:\/\/veteraanienperinto.fi\/index.php\/etusivu-2\/"},{"@type":"ListItem","position":2,"name":"Vinterkriget","item":"https:\/\/veteraanienperinto.fi\/index.php\/sv\/vinterkriget\/"},{"@type":"ListItem","position":3,"name":"Vinterkrigets g\u00e5ng","item":"https:\/\/veteraanienperinto.fi\/index.php\/sv\/vinterkriget\/vinterkrigets-gang\/"},{"@type":"ListItem","position":4,"name":"Avv\u00e4rjningssegrar vid \u00f6stgr\u00e4nsen"}]},{"@type":"WebSite","@id":"https:\/\/veteraanienperinto.fi\/#website","url":"https:\/\/veteraanienperinto.fi\/","name":"Veteraanien Perint\u00f6","description":"Kadettikunta","potentialAction":[{"@type":"SearchAction","target":{"@type":"EntryPoint","urlTemplate":"https:\/\/veteraanienperinto.fi\/?s={search_term_string}"},"query-input":{"@type":"PropertyValueSpecification","valueRequired":true,"valueName":"search_term_string"}}],"inLanguage":"fi"}]}},"_links":{"self":[{"href":"https:\/\/veteraanienperinto.fi\/index.php\/wp-json\/wp\/v2\/pages\/5393","targetHints":{"allow":["GET"]}}],"collection":[{"href":"https:\/\/veteraanienperinto.fi\/index.php\/wp-json\/wp\/v2\/pages"}],"about":[{"href":"https:\/\/veteraanienperinto.fi\/index.php\/wp-json\/wp\/v2\/types\/page"}],"author":[{"embeddable":true,"href":"https:\/\/veteraanienperinto.fi\/index.php\/wp-json\/wp\/v2\/users\/1"}],"replies":[{"embeddable":true,"href":"https:\/\/veteraanienperinto.fi\/index.php\/wp-json\/wp\/v2\/comments?post=5393"}],"version-history":[{"count":7,"href":"https:\/\/veteraanienperinto.fi\/index.php\/wp-json\/wp\/v2\/pages\/5393\/revisions"}],"predecessor-version":[{"id":10827,"href":"https:\/\/veteraanienperinto.fi\/index.php\/wp-json\/wp\/v2\/pages\/5393\/revisions\/10827"}],"up":[{"embeddable":true,"href":"https:\/\/veteraanienperinto.fi\/index.php\/wp-json\/wp\/v2\/pages\/5377"}],"wp:attachment":[{"href":"https:\/\/veteraanienperinto.fi\/index.php\/wp-json\/wp\/v2\/media?parent=5393"}],"curies":[{"name":"wp","href":"https:\/\/api.w.org\/{rel}","templated":true}]}}