{"id":5397,"date":"2020-11-17T13:39:40","date_gmt":"2020-11-17T13:39:40","guid":{"rendered":"https:\/\/veteraani.ylirotu.fi\/?page_id=5397"},"modified":"2021-01-26T23:05:43","modified_gmt":"2021-01-26T23:05:43","slug":"storanfallet-pa-naset","status":"publish","type":"page","link":"https:\/\/veteraanienperinto.fi\/index.php\/sv\/vinterkriget\/vinterkrigets-gang\/storanfallet-pa-naset\/","title":{"rendered":"Storanfallet p\u00e5 N\u00e4set"},"content":{"rendered":"<div id='full_slider_1'  class='avia-fullwidth-slider main_color avia-shadow   avia-builder-el-0  el_before_av_heading  avia-builder-el-first   container_wrap sidebar_right'  ><div  class='avia-slideshow av-kgtxnf9q-f366522df863b4f5340f45930770d397 avia-slideshow-featured av_slideshow_full avia-slide-slider av-slideshow-ui av-control-default av-slideshow-manual av-loop-once av-loop-manual-endless av-default-height-applied   avia-slideshow-1' data-slideshow-options=\"{&quot;animation&quot;:&quot;slide&quot;,&quot;autoplay&quot;:false,&quot;loop_autoplay&quot;:&quot;once&quot;,&quot;interval&quot;:5,&quot;loop_manual&quot;:&quot;manual-endless&quot;,&quot;autoplay_stopper&quot;:false,&quot;noNavigation&quot;:false,&quot;bg_slider&quot;:false,&quot;keep_padding&quot;:false,&quot;hoverpause&quot;:false,&quot;show_slide_delay&quot;:0}\"  itemprop=\"image\" itemscope=\"itemscope\" itemtype=\"https:\/\/schema.org\/ImageObject\" ><ul class='avia-slideshow-inner ' style='padding-bottom: 28.666666666667%;'><li  class='avia-slideshow-slide av-kgtxnf9q-f366522df863b4f5340f45930770d397__0  av-single-slide slide-1 slide-odd'><div data-rel='slideshow-1' class='avia-slide-wrap '   ><div class='av-slideshow-caption av-kgtxnf9q-f366522df863b4f5340f45930770d397__0 caption_fullwidth caption_bottom caption_bottom_framed caption_framed'><div class=\"container caption_container\"><div class=\"slideshow_caption\"><div class=\"slideshow_inner_caption\"><div class=\"slideshow_align_caption\"><div class='avia-caption-content '  itemprop=\"description\" ><p>F\u00f6rst\u00f6rda stridvagnar p\u00e5 Tenhamonm\u00e4ki i V\u00e4st-Lemet den 2 februari 1940<\/p>\n<\/div><\/div><\/div><\/div><\/div><\/div><img decoding=\"async\" fetchpriority=\"high\" class=\"wp-image-4581 avia-img-lazy-loading-not-4581\"  src=\"https:\/\/veteraanienperinto.fi\/wp-content\/uploads\/2020\/10\/suurhyokkays_talvisota_vaunut-1500x430.png\" width=\"1500\" height=\"430\" title='suurhyokkays_talvisota_vaunut' alt=''  itemprop=\"thumbnailUrl\" srcset=\"https:\/\/veteraanienperinto.fi\/wp-content\/uploads\/2020\/10\/suurhyokkays_talvisota_vaunut.png 1500w, https:\/\/veteraanienperinto.fi\/wp-content\/uploads\/2020\/10\/suurhyokkays_talvisota_vaunut-300x86.png 300w, https:\/\/veteraanienperinto.fi\/wp-content\/uploads\/2020\/10\/suurhyokkays_talvisota_vaunut-1030x295.png 1030w, https:\/\/veteraanienperinto.fi\/wp-content\/uploads\/2020\/10\/suurhyokkays_talvisota_vaunut-768x220.png 768w, https:\/\/veteraanienperinto.fi\/wp-content\/uploads\/2020\/10\/suurhyokkays_talvisota_vaunut-705x202.png 705w\" sizes=\"(max-width: 1500px) 100vw, 1500px\" \/><\/div><\/li><\/ul><\/div><\/div><div id='after_full_slider_1'  class='main_color av_default_container_wrap container_wrap sidebar_right'  ><div class='container av-section-cont-open' ><div class='template-page content  av-content-small alpha units'><div class='post-entry post-entry-type-page post-entry-5397'><div class='entry-content-wrapper clearfix'>\n\n<style type=\"text\/css\" data-created_by=\"avia_inline_auto\" id=\"style-css-av-kkelymgl-a75ee1cd60bd8b2ba1947e8414d99080\">\n#top .av-special-heading.av-kkelymgl-a75ee1cd60bd8b2ba1947e8414d99080{\npadding-bottom:10px;\n}\nbody .av-special-heading.av-kkelymgl-a75ee1cd60bd8b2ba1947e8414d99080 .av-special-heading-tag .heading-char{\nfont-size:25px;\n}\n.av-special-heading.av-kkelymgl-a75ee1cd60bd8b2ba1947e8414d99080 .av-subheading{\nfont-size:15px;\n}\n<\/style>\n<div  class='av-special-heading av-kkelymgl-a75ee1cd60bd8b2ba1947e8414d99080 av-special-heading-h2  avia-builder-el-1  el_after_av_slideshow_full  el_before_av_textblock  avia-builder-el-first '><h2 class='av-special-heading-tag'  itemprop=\"headline\"  >Storanfallet p\u00e5 N\u00e4set<\/h2><div class=\"special-heading-border\"><div class=\"special-heading-inner-border\"><\/div><\/div><\/div>\n<section  class='av_textblock_section av-kdsr1etg-e9d29ce21b88c7808a8ae4c4f60a7bbb '   itemscope=\"itemscope\" itemtype=\"https:\/\/schema.org\/CreativeWork\" ><div class='avia_textblock'  itemprop=\"text\" ><p>Vid \u00e5rsskiftet 1939\/40 var l\u00e4get uppmuntrande f\u00f6r finl\u00e4ndarna. Sovjetunionens anfall hade avv\u00e4rjts och motanfall p\u00e5gick i m\u00e5nga riktningar. Sovjetunionen f\u00f6rst\u00e4rkte likv\u00e4l kontinuerligt sina trupper f\u00f6r att f\u00e5 ett slut p\u00e5 det f\u00f6r dem sj\u00e4lva och deras anseende s\u00e5 besv\u00e4rliga kriget. I den avsikten inledde de ett storanfall p\u00e5 Karelska n\u00e4set i b\u00f6rjan av februari 1940.<\/p>\n<p>Fienden hade nu en v\u00e4ldig \u00f6vermakt. Nya trupper koncentrerades till fronten i s\u00e5 stor m\u00e4ngd, att det i krigsslutet fanns 60 divisioner, om ocks\u00e5 en del inte hann med i striderna. Truppstyrkorna omfattade ca en miljon man. Till sitt st\u00f6d hade fienden ett \u00f6verv\u00e4ldigande eldunderst\u00f6d fr\u00e5n artilleri och luftstridskrafter. De hade 11 250 kanoner i bruk och i det n\u00e4rmaste en obegr\u00e4nsad m\u00e4ngd skjutf\u00f6rn\u00f6denheter, 3 000 pansarvagnar och 3 250 flygplan.<\/p>\n<p>Genom att ansluta kompletteringstrupper till f\u00e4ltarm\u00e9n hade man i v\u00e5r egen arm\u00e9 i krigets slutskede f\u00e5tt ihop 12 divisioner, med alla trupper beaktade 400 000 man. Trupperna hade 496 f\u00e4ltkanoner och 119 flygplan.<\/p>\n<p>Finl\u00e4ndarnas krafter h\u00f6ll p\u00e5 att sina inf\u00f6r den v\u00e4ldiga \u00f6vermakten. V\u00e5ra trupper hade k\u00e4mpat ca tv\u00e5 m\u00e5nader utan vila. Mannarna var d\u00f6dstr\u00f6tta. F\u00f6rutom patroner f\u00f6r handeldvapen var det brist p\u00e5 allt. Isynnerhet bristen p\u00e5 pansarv\u00e4rnsvapen visade sig \u00f6desdigert. Man var tvungen att spara p\u00e5 de sm\u00e5 m\u00e4ngderna skjutf\u00f6rn\u00f6denheter som fanns f\u00f6r f\u00e4ltartilleriet och granatkastarna f\u00f6r att anv\u00e4ndas enbart i de v\u00e4rsta situationerna.<\/p>\n<p>Trots detta h\u00f6ll finl\u00e4ndarna ut. Slutligen intr\u00e4ffade det helt oundvikliga genombrottet p\u00e5 Karelska n\u00e4set inom avsnittet L\u00e4hde p\u00e5 \u00f6stra sidan av Summa by. D\u00e4r anf\u00f6ll en division, underst\u00f6dd av ett synnerligen starkt artilleri samt en pansarbrigad, en synnerligen uttr\u00f6ttad finl\u00e4ndsk bataljon.<\/p>\n<p>Dess styrka var endast 375 man, varf\u00f6r anfallarens \u00f6vermakt i manskap var m\u00e5ngtiofaldig. Endast tv\u00e5 pansarv\u00e4rnskanoner stod mot 150 anfallande pansarvagnar. Efter genombrottet drog sig finl\u00e4ndarna i b\u00f6rjan tillbaka till de s\u00e5 kallade mellanst\u00e4llningarna och d\u00e4refter till de bakre st\u00e4llningarna i h\u00f6jd med Viborg. L\u00e4get blev mycket sv\u00e5rt vid Viborgska viken d\u00e5 fienden genom att anv\u00e4nda sig av isen f\u00f6rs\u00f6kte komma till fastlandet p\u00e5 norra sidan och d\u00e4rifr\u00e5n i riktning mot Fredrikshamn. Genom yttersta anstr\u00e4ngningar kunde fienden avv\u00e4rjas.<\/p>\n<p>Finl\u00e4ndarna hade dock inte l\u00e4ngre n\u00e5gra reserver och f\u00e4ltartilleriets skjutf\u00f6rn\u00f6denheter var slut. Det var en hederssak att Viborg bibeh\u00f6lls i finl\u00e4ndska h\u00e4nder \u00e4nda till krigets slut. Sovjetunionen klarade inte av att sl\u00e5 Finlands arm\u00e9 i vinterkriget.<\/p>\n<\/div><\/section>\n","protected":false},"excerpt":{"rendered":"","protected":false},"author":1,"featured_media":0,"parent":5377,"menu_order":4,"comment_status":"closed","ping_status":"closed","template":"","meta":{"footnotes":""},"class_list":["post-5397","page","type-page","status-publish","hentry"],"yoast_head":"<!-- This site is optimized with the Yoast SEO plugin v27.4 - https:\/\/yoast.com\/product\/yoast-seo-wordpress\/ -->\n<title>Storanfallet p\u00e5 N\u00e4set - Veteraanien Perint\u00f6<\/title>\n<meta name=\"robots\" content=\"index, follow, max-snippet:-1, max-image-preview:large, max-video-preview:-1\" \/>\n<link rel=\"canonical\" href=\"https:\/\/veteraanienperinto.fi\/index.php\/sv\/vinterkriget\/vinterkrigets-gang\/storanfallet-pa-naset\/\" \/>\n<meta property=\"og:locale\" content=\"fi_FI\" \/>\n<meta property=\"og:type\" content=\"article\" \/>\n<meta property=\"og:title\" content=\"Storanfallet p\u00e5 N\u00e4set - Veteraanien Perint\u00f6\" \/>\n<meta property=\"og:url\" content=\"https:\/\/veteraanienperinto.fi\/index.php\/sv\/vinterkriget\/vinterkrigets-gang\/storanfallet-pa-naset\/\" \/>\n<meta property=\"og:site_name\" content=\"Veteraanien Perint\u00f6\" \/>\n<meta property=\"article:modified_time\" content=\"2021-01-26T23:05:43+00:00\" \/>\n<meta name=\"twitter:card\" content=\"summary_large_image\" \/>\n<meta name=\"twitter:label1\" content=\"Arvioitu lukuaika\" \/>\n\t<meta name=\"twitter:data1\" content=\"4 minuuttia\" \/>\n<script type=\"application\/ld+json\" class=\"yoast-schema-graph\">{\"@context\":\"https:\\\/\\\/schema.org\",\"@graph\":[{\"@type\":\"WebPage\",\"@id\":\"https:\\\/\\\/veteraanienperinto.fi\\\/index.php\\\/sv\\\/vinterkriget\\\/vinterkrigets-gang\\\/storanfallet-pa-naset\\\/\",\"url\":\"https:\\\/\\\/veteraanienperinto.fi\\\/index.php\\\/sv\\\/vinterkriget\\\/vinterkrigets-gang\\\/storanfallet-pa-naset\\\/\",\"name\":\"Storanfallet p\u00e5 N\u00e4set - Veteraanien Perint\u00f6\",\"isPartOf\":{\"@id\":\"https:\\\/\\\/veteraanienperinto.fi\\\/#website\"},\"datePublished\":\"2020-11-17T13:39:40+00:00\",\"dateModified\":\"2021-01-26T23:05:43+00:00\",\"breadcrumb\":{\"@id\":\"https:\\\/\\\/veteraanienperinto.fi\\\/index.php\\\/sv\\\/vinterkriget\\\/vinterkrigets-gang\\\/storanfallet-pa-naset\\\/#breadcrumb\"},\"inLanguage\":\"fi\",\"potentialAction\":[{\"@type\":\"ReadAction\",\"target\":[\"https:\\\/\\\/veteraanienperinto.fi\\\/index.php\\\/sv\\\/vinterkriget\\\/vinterkrigets-gang\\\/storanfallet-pa-naset\\\/\"]}]},{\"@type\":\"BreadcrumbList\",\"@id\":\"https:\\\/\\\/veteraanienperinto.fi\\\/index.php\\\/sv\\\/vinterkriget\\\/vinterkrigets-gang\\\/storanfallet-pa-naset\\\/#breadcrumb\",\"itemListElement\":[{\"@type\":\"ListItem\",\"position\":1,\"name\":\"Etusivu\",\"item\":\"https:\\\/\\\/veteraanienperinto.fi\\\/index.php\\\/etusivu-2\\\/\"},{\"@type\":\"ListItem\",\"position\":2,\"name\":\"Vinterkriget\",\"item\":\"https:\\\/\\\/veteraanienperinto.fi\\\/index.php\\\/sv\\\/vinterkriget\\\/\"},{\"@type\":\"ListItem\",\"position\":3,\"name\":\"Vinterkrigets g\u00e5ng\",\"item\":\"https:\\\/\\\/veteraanienperinto.fi\\\/index.php\\\/sv\\\/vinterkriget\\\/vinterkrigets-gang\\\/\"},{\"@type\":\"ListItem\",\"position\":4,\"name\":\"Storanfallet p\u00e5 N\u00e4set\"}]},{\"@type\":\"WebSite\",\"@id\":\"https:\\\/\\\/veteraanienperinto.fi\\\/#website\",\"url\":\"https:\\\/\\\/veteraanienperinto.fi\\\/\",\"name\":\"Veteraanien Perint\u00f6\",\"description\":\"Kadettikunta\",\"potentialAction\":[{\"@type\":\"SearchAction\",\"target\":{\"@type\":\"EntryPoint\",\"urlTemplate\":\"https:\\\/\\\/veteraanienperinto.fi\\\/?s={search_term_string}\"},\"query-input\":{\"@type\":\"PropertyValueSpecification\",\"valueRequired\":true,\"valueName\":\"search_term_string\"}}],\"inLanguage\":\"fi\"}]}<\/script>\n<!-- \/ Yoast SEO plugin. -->","yoast_head_json":{"title":"Storanfallet p\u00e5 N\u00e4set - Veteraanien Perint\u00f6","robots":{"index":"index","follow":"follow","max-snippet":"max-snippet:-1","max-image-preview":"max-image-preview:large","max-video-preview":"max-video-preview:-1"},"canonical":"https:\/\/veteraanienperinto.fi\/index.php\/sv\/vinterkriget\/vinterkrigets-gang\/storanfallet-pa-naset\/","og_locale":"fi_FI","og_type":"article","og_title":"Storanfallet p\u00e5 N\u00e4set - Veteraanien Perint\u00f6","og_url":"https:\/\/veteraanienperinto.fi\/index.php\/sv\/vinterkriget\/vinterkrigets-gang\/storanfallet-pa-naset\/","og_site_name":"Veteraanien Perint\u00f6","article_modified_time":"2021-01-26T23:05:43+00:00","twitter_card":"summary_large_image","twitter_misc":{"Arvioitu lukuaika":"4 minuuttia"},"schema":{"@context":"https:\/\/schema.org","@graph":[{"@type":"WebPage","@id":"https:\/\/veteraanienperinto.fi\/index.php\/sv\/vinterkriget\/vinterkrigets-gang\/storanfallet-pa-naset\/","url":"https:\/\/veteraanienperinto.fi\/index.php\/sv\/vinterkriget\/vinterkrigets-gang\/storanfallet-pa-naset\/","name":"Storanfallet p\u00e5 N\u00e4set - Veteraanien Perint\u00f6","isPartOf":{"@id":"https:\/\/veteraanienperinto.fi\/#website"},"datePublished":"2020-11-17T13:39:40+00:00","dateModified":"2021-01-26T23:05:43+00:00","breadcrumb":{"@id":"https:\/\/veteraanienperinto.fi\/index.php\/sv\/vinterkriget\/vinterkrigets-gang\/storanfallet-pa-naset\/#breadcrumb"},"inLanguage":"fi","potentialAction":[{"@type":"ReadAction","target":["https:\/\/veteraanienperinto.fi\/index.php\/sv\/vinterkriget\/vinterkrigets-gang\/storanfallet-pa-naset\/"]}]},{"@type":"BreadcrumbList","@id":"https:\/\/veteraanienperinto.fi\/index.php\/sv\/vinterkriget\/vinterkrigets-gang\/storanfallet-pa-naset\/#breadcrumb","itemListElement":[{"@type":"ListItem","position":1,"name":"Etusivu","item":"https:\/\/veteraanienperinto.fi\/index.php\/etusivu-2\/"},{"@type":"ListItem","position":2,"name":"Vinterkriget","item":"https:\/\/veteraanienperinto.fi\/index.php\/sv\/vinterkriget\/"},{"@type":"ListItem","position":3,"name":"Vinterkrigets g\u00e5ng","item":"https:\/\/veteraanienperinto.fi\/index.php\/sv\/vinterkriget\/vinterkrigets-gang\/"},{"@type":"ListItem","position":4,"name":"Storanfallet p\u00e5 N\u00e4set"}]},{"@type":"WebSite","@id":"https:\/\/veteraanienperinto.fi\/#website","url":"https:\/\/veteraanienperinto.fi\/","name":"Veteraanien Perint\u00f6","description":"Kadettikunta","potentialAction":[{"@type":"SearchAction","target":{"@type":"EntryPoint","urlTemplate":"https:\/\/veteraanienperinto.fi\/?s={search_term_string}"},"query-input":{"@type":"PropertyValueSpecification","valueRequired":true,"valueName":"search_term_string"}}],"inLanguage":"fi"}]}},"_links":{"self":[{"href":"https:\/\/veteraanienperinto.fi\/index.php\/wp-json\/wp\/v2\/pages\/5397","targetHints":{"allow":["GET"]}}],"collection":[{"href":"https:\/\/veteraanienperinto.fi\/index.php\/wp-json\/wp\/v2\/pages"}],"about":[{"href":"https:\/\/veteraanienperinto.fi\/index.php\/wp-json\/wp\/v2\/types\/page"}],"author":[{"embeddable":true,"href":"https:\/\/veteraanienperinto.fi\/index.php\/wp-json\/wp\/v2\/users\/1"}],"replies":[{"embeddable":true,"href":"https:\/\/veteraanienperinto.fi\/index.php\/wp-json\/wp\/v2\/comments?post=5397"}],"version-history":[{"count":7,"href":"https:\/\/veteraanienperinto.fi\/index.php\/wp-json\/wp\/v2\/pages\/5397\/revisions"}],"predecessor-version":[{"id":10829,"href":"https:\/\/veteraanienperinto.fi\/index.php\/wp-json\/wp\/v2\/pages\/5397\/revisions\/10829"}],"up":[{"embeddable":true,"href":"https:\/\/veteraanienperinto.fi\/index.php\/wp-json\/wp\/v2\/pages\/5377"}],"wp:attachment":[{"href":"https:\/\/veteraanienperinto.fi\/index.php\/wp-json\/wp\/v2\/media?parent=5397"}],"curies":[{"name":"wp","href":"https:\/\/api.w.org\/{rel}","templated":true}]}}