{"id":5418,"date":"2020-11-17T13:45:02","date_gmt":"2020-11-17T13:45:02","guid":{"rendered":"https:\/\/veteraani.ylirotu.fi\/?page_id=5418"},"modified":"2021-01-26T23:08:35","modified_gmt":"2021-01-26T23:08:35","slug":"de-evakuerade","status":"publish","type":"page","link":"https:\/\/veteraanienperinto.fi\/index.php\/sv\/vinterkriget\/hemmafronten-i-vinterkriget\/de-evakuerade\/","title":{"rendered":"De evakuerade"},"content":{"rendered":"<div id='full_slider_1'  class='avia-fullwidth-slider main_color avia-shadow   avia-builder-el-0  el_before_av_heading  avia-builder-el-first   container_wrap sidebar_right'  >\n<style type=\"text\/css\" data-created_by=\"avia_inline_auto\" id=\"style-css-av-kezqg6og-63ce2dfb733073a8d6f5c47aca6891be\">\n#top .avia-slideshow .av-slideshow-caption.av-kezqg6og-63ce2dfb733073a8d6f5c47aca6891be__0 .avia-caption-content{\nfont-size:16px;\n}\n#top .avia-slideshow .av-slideshow-caption.av-kezqg6og-63ce2dfb733073a8d6f5c47aca6891be__0 .avia-caption-content p{\nfont-size:16px;\n}\n<\/style>\n<div  class='avia-slideshow av-kezqg6og-63ce2dfb733073a8d6f5c47aca6891be avia-slideshow-featured av_slideshow_full avia-slide-slider av-slideshow-ui av-control-default av-slideshow-manual av-loop-once av-loop-manual-endless av-default-height-applied   avia-slideshow-1' data-slideshow-options=\"{&quot;animation&quot;:&quot;slide&quot;,&quot;autoplay&quot;:false,&quot;loop_autoplay&quot;:&quot;once&quot;,&quot;interval&quot;:5,&quot;loop_manual&quot;:&quot;manual-endless&quot;,&quot;autoplay_stopper&quot;:false,&quot;noNavigation&quot;:false,&quot;bg_slider&quot;:false,&quot;keep_padding&quot;:false,&quot;hoverpause&quot;:false,&quot;show_slide_delay&quot;:0}\"  itemprop=\"image\" itemscope=\"itemscope\" itemtype=\"https:\/\/schema.org\/ImageObject\" ><ul class='avia-slideshow-inner ' style='padding-bottom: 28.6%;'><li  class='avia-slideshow-slide av-kezqg6og-63ce2dfb733073a8d6f5c47aca6891be__0  av-single-slide slide-1 slide-odd'><div data-rel='slideshow-1' class='avia-slide-wrap '   ><div class='av-slideshow-caption av-kezqg6og-63ce2dfb733073a8d6f5c47aca6891be__0 caption_fullwidth caption_bottom caption_bottom_framed caption_framed'><div class=\"container caption_container\"><div class=\"slideshow_caption\"><div class=\"slideshow_inner_caption\"><div class=\"slideshow_align_caption\"><div class='avia-caption-content '  itemprop=\"description\" ><p>Evakuerade i Kotka och Heinola.<\/p>\n<\/div><\/div><\/div><\/div><\/div><\/div><img decoding=\"async\" fetchpriority=\"high\" class=\"wp-image-3660 avia-img-lazy-loading-not-3660\"  src=\"https:\/\/veteraanienperinto.fi\/wp-content\/uploads\/2020\/09\/evakot_talvisota_002-1.png\" width=\"1500\" height=\"429\" title='evakot_talvisota_002' alt=''  itemprop=\"thumbnailUrl\" srcset=\"https:\/\/veteraanienperinto.fi\/wp-content\/uploads\/2020\/09\/evakot_talvisota_002-1.png 1500w, https:\/\/veteraanienperinto.fi\/wp-content\/uploads\/2020\/09\/evakot_talvisota_002-1-300x86.png 300w, https:\/\/veteraanienperinto.fi\/wp-content\/uploads\/2020\/09\/evakot_talvisota_002-1-1030x295.png 1030w, https:\/\/veteraanienperinto.fi\/wp-content\/uploads\/2020\/09\/evakot_talvisota_002-1-768x220.png 768w, https:\/\/veteraanienperinto.fi\/wp-content\/uploads\/2020\/09\/evakot_talvisota_002-1-705x202.png 705w\" sizes=\"(max-width: 1500px) 100vw, 1500px\" \/><\/div><\/li><\/ul><\/div><\/div><div id='after_full_slider_1'  class='main_color av_default_container_wrap container_wrap sidebar_right'  ><div class='container av-section-cont-open' ><div class='template-page content  av-content-small alpha units'><div class='post-entry post-entry-type-page post-entry-5418'><div class='entry-content-wrapper clearfix'>\n\n<style type=\"text\/css\" data-created_by=\"avia_inline_auto\" id=\"style-css-av-kkem2b4j-b89a71cf2e849b3b000ea0057c25c96f\">\n#top .av-special-heading.av-kkem2b4j-b89a71cf2e849b3b000ea0057c25c96f{\npadding-bottom:10px;\n}\nbody .av-special-heading.av-kkem2b4j-b89a71cf2e849b3b000ea0057c25c96f .av-special-heading-tag .heading-char{\nfont-size:25px;\n}\n.av-special-heading.av-kkem2b4j-b89a71cf2e849b3b000ea0057c25c96f .av-subheading{\nfont-size:15px;\n}\n<\/style>\n<div  class='av-special-heading av-kkem2b4j-b89a71cf2e849b3b000ea0057c25c96f av-special-heading-h2  avia-builder-el-1  el_after_av_slideshow_full  el_before_av_textblock  avia-builder-el-first '><h2 class='av-special-heading-tag'  itemprop=\"headline\"  >De evakuerade<\/h2><div class=\"special-heading-border\"><div class=\"special-heading-inner-border\"><\/div><\/div><\/div>\n<section  class='av_textblock_section av-kdsr1etg-e9d29ce21b88c7808a8ae4c4f60a7bbb '   itemscope=\"itemscope\" itemtype=\"https:\/\/schema.org\/CreativeWork\" ><div class='avia_textblock'  itemprop=\"text\" ><p>Redan f\u00f6re vinterkriget i oktober-november 1939 f\u00f6rflyttades ca 100 000 personer fr\u00e5n sina hemtrakter i n\u00e4rheten av gr\u00e4nsen. Man b\u00f6rjade strax kalla dem evakuerade. Ingen kunde d\u00e5 f\u00f6rutse avf\u00e4rdens slutgiltighet. D\u00e5 vinterkriget brutit ut var ett stort antal m\u00e4nniskor tvungna att evakuera, s\u00e5 att i slutet av kriget var det totala antalet redan ca en halv miljon. De evakuerade f\u00f6rlorade sina hem och i allm\u00e4nhet n\u00e4ra nog hela sin egendom. M\u00f6drarna var tvungna att i fr\u00e4mmande f\u00f6rh\u00e5llanden ensamma svara f\u00f6r sina familjer d\u00e5 m\u00e4nnen var vid fronten.<\/p>\n<p>De f\u00f6rflyttade inkvarterades till en b\u00f6rjan n\u00e4rmast i privata hush\u00e5ll p\u00e5 landsbygden. Det var fr\u00e5ga om en n\u00f6dl\u00f6sning, eftersom myndigheterna inte hade berett sig p\u00e5 att uppr\u00e4tta flyktingl\u00e4ger. F\u00f6r de evakuerade var l\u00f6sningen mycket m\u00e4nskligare \u00e4n l\u00e4gerinkvartering, men placeringen i samma bost\u00e4der av m\u00e4nniskor som h\u00f6rde till olika sl\u00e4kter med olika bakgrund skedde inte alltid friktionsfritt.<\/p>\n<\/div><\/section>\n","protected":false},"excerpt":{"rendered":"","protected":false},"author":1,"featured_media":0,"parent":5405,"menu_order":2,"comment_status":"closed","ping_status":"closed","template":"","meta":{"footnotes":""},"class_list":["post-5418","page","type-page","status-publish","hentry"],"yoast_head":"<!-- This site is optimized with the Yoast SEO plugin v27.6 - https:\/\/yoast.com\/product\/yoast-seo-wordpress\/ -->\n<title>De evakuerade - Veteraanien Perint\u00f6<\/title>\n<meta name=\"robots\" content=\"index, follow, max-snippet:-1, max-image-preview:large, max-video-preview:-1\" \/>\n<link rel=\"canonical\" href=\"https:\/\/veteraanienperinto.fi\/index.php\/sv\/vinterkriget\/hemmafronten-i-vinterkriget\/de-evakuerade\/\" \/>\n<meta property=\"og:locale\" content=\"fi_FI\" \/>\n<meta property=\"og:type\" content=\"article\" \/>\n<meta property=\"og:title\" content=\"De evakuerade - Veteraanien Perint\u00f6\" \/>\n<meta property=\"og:url\" content=\"https:\/\/veteraanienperinto.fi\/index.php\/sv\/vinterkriget\/hemmafronten-i-vinterkriget\/de-evakuerade\/\" \/>\n<meta property=\"og:site_name\" content=\"Veteraanien Perint\u00f6\" \/>\n<meta property=\"article:modified_time\" content=\"2021-01-26T23:08:35+00:00\" \/>\n<meta name=\"twitter:card\" content=\"summary_large_image\" \/>\n<meta name=\"twitter:label1\" content=\"Arvioitu lukuaika\" \/>\n\t<meta name=\"twitter:data1\" content=\"2 minuuttia\" \/>\n<script type=\"application\/ld+json\" class=\"yoast-schema-graph\">{\"@context\":\"https:\\\/\\\/schema.org\",\"@graph\":[{\"@type\":\"WebPage\",\"@id\":\"https:\\\/\\\/veteraanienperinto.fi\\\/index.php\\\/sv\\\/vinterkriget\\\/hemmafronten-i-vinterkriget\\\/de-evakuerade\\\/\",\"url\":\"https:\\\/\\\/veteraanienperinto.fi\\\/index.php\\\/sv\\\/vinterkriget\\\/hemmafronten-i-vinterkriget\\\/de-evakuerade\\\/\",\"name\":\"De evakuerade - Veteraanien Perint\u00f6\",\"isPartOf\":{\"@id\":\"https:\\\/\\\/veteraanienperinto.fi\\\/#website\"},\"datePublished\":\"2020-11-17T13:45:02+00:00\",\"dateModified\":\"2021-01-26T23:08:35+00:00\",\"breadcrumb\":{\"@id\":\"https:\\\/\\\/veteraanienperinto.fi\\\/index.php\\\/sv\\\/vinterkriget\\\/hemmafronten-i-vinterkriget\\\/de-evakuerade\\\/#breadcrumb\"},\"inLanguage\":\"fi\",\"potentialAction\":[{\"@type\":\"ReadAction\",\"target\":[\"https:\\\/\\\/veteraanienperinto.fi\\\/index.php\\\/sv\\\/vinterkriget\\\/hemmafronten-i-vinterkriget\\\/de-evakuerade\\\/\"]}]},{\"@type\":\"BreadcrumbList\",\"@id\":\"https:\\\/\\\/veteraanienperinto.fi\\\/index.php\\\/sv\\\/vinterkriget\\\/hemmafronten-i-vinterkriget\\\/de-evakuerade\\\/#breadcrumb\",\"itemListElement\":[{\"@type\":\"ListItem\",\"position\":1,\"name\":\"Etusivu\",\"item\":\"https:\\\/\\\/veteraanienperinto.fi\\\/index.php\\\/etusivu-2\\\/\"},{\"@type\":\"ListItem\",\"position\":2,\"name\":\"Vinterkriget\",\"item\":\"https:\\\/\\\/veteraanienperinto.fi\\\/index.php\\\/sv\\\/vinterkriget\\\/\"},{\"@type\":\"ListItem\",\"position\":3,\"name\":\"Hemmafronten i vinterkriget\",\"item\":\"https:\\\/\\\/veteraanienperinto.fi\\\/index.php\\\/sv\\\/vinterkriget\\\/hemmafronten-i-vinterkriget\\\/\"},{\"@type\":\"ListItem\",\"position\":4,\"name\":\"De evakuerade\"}]},{\"@type\":\"WebSite\",\"@id\":\"https:\\\/\\\/veteraanienperinto.fi\\\/#website\",\"url\":\"https:\\\/\\\/veteraanienperinto.fi\\\/\",\"name\":\"Veteraanien Perint\u00f6\",\"description\":\"Kadettikunta\",\"potentialAction\":[{\"@type\":\"SearchAction\",\"target\":{\"@type\":\"EntryPoint\",\"urlTemplate\":\"https:\\\/\\\/veteraanienperinto.fi\\\/?s={search_term_string}\"},\"query-input\":{\"@type\":\"PropertyValueSpecification\",\"valueRequired\":true,\"valueName\":\"search_term_string\"}}],\"inLanguage\":\"fi\"}]}<\/script>\n<!-- \/ Yoast SEO plugin. -->","yoast_head_json":{"title":"De evakuerade - Veteraanien Perint\u00f6","robots":{"index":"index","follow":"follow","max-snippet":"max-snippet:-1","max-image-preview":"max-image-preview:large","max-video-preview":"max-video-preview:-1"},"canonical":"https:\/\/veteraanienperinto.fi\/index.php\/sv\/vinterkriget\/hemmafronten-i-vinterkriget\/de-evakuerade\/","og_locale":"fi_FI","og_type":"article","og_title":"De evakuerade - Veteraanien Perint\u00f6","og_url":"https:\/\/veteraanienperinto.fi\/index.php\/sv\/vinterkriget\/hemmafronten-i-vinterkriget\/de-evakuerade\/","og_site_name":"Veteraanien Perint\u00f6","article_modified_time":"2021-01-26T23:08:35+00:00","twitter_card":"summary_large_image","twitter_misc":{"Arvioitu lukuaika":"2 minuuttia"},"schema":{"@context":"https:\/\/schema.org","@graph":[{"@type":"WebPage","@id":"https:\/\/veteraanienperinto.fi\/index.php\/sv\/vinterkriget\/hemmafronten-i-vinterkriget\/de-evakuerade\/","url":"https:\/\/veteraanienperinto.fi\/index.php\/sv\/vinterkriget\/hemmafronten-i-vinterkriget\/de-evakuerade\/","name":"De evakuerade - Veteraanien Perint\u00f6","isPartOf":{"@id":"https:\/\/veteraanienperinto.fi\/#website"},"datePublished":"2020-11-17T13:45:02+00:00","dateModified":"2021-01-26T23:08:35+00:00","breadcrumb":{"@id":"https:\/\/veteraanienperinto.fi\/index.php\/sv\/vinterkriget\/hemmafronten-i-vinterkriget\/de-evakuerade\/#breadcrumb"},"inLanguage":"fi","potentialAction":[{"@type":"ReadAction","target":["https:\/\/veteraanienperinto.fi\/index.php\/sv\/vinterkriget\/hemmafronten-i-vinterkriget\/de-evakuerade\/"]}]},{"@type":"BreadcrumbList","@id":"https:\/\/veteraanienperinto.fi\/index.php\/sv\/vinterkriget\/hemmafronten-i-vinterkriget\/de-evakuerade\/#breadcrumb","itemListElement":[{"@type":"ListItem","position":1,"name":"Etusivu","item":"https:\/\/veteraanienperinto.fi\/index.php\/etusivu-2\/"},{"@type":"ListItem","position":2,"name":"Vinterkriget","item":"https:\/\/veteraanienperinto.fi\/index.php\/sv\/vinterkriget\/"},{"@type":"ListItem","position":3,"name":"Hemmafronten i vinterkriget","item":"https:\/\/veteraanienperinto.fi\/index.php\/sv\/vinterkriget\/hemmafronten-i-vinterkriget\/"},{"@type":"ListItem","position":4,"name":"De evakuerade"}]},{"@type":"WebSite","@id":"https:\/\/veteraanienperinto.fi\/#website","url":"https:\/\/veteraanienperinto.fi\/","name":"Veteraanien Perint\u00f6","description":"Kadettikunta","potentialAction":[{"@type":"SearchAction","target":{"@type":"EntryPoint","urlTemplate":"https:\/\/veteraanienperinto.fi\/?s={search_term_string}"},"query-input":{"@type":"PropertyValueSpecification","valueRequired":true,"valueName":"search_term_string"}}],"inLanguage":"fi"}]}},"_links":{"self":[{"href":"https:\/\/veteraanienperinto.fi\/index.php\/wp-json\/wp\/v2\/pages\/5418","targetHints":{"allow":["GET"]}}],"collection":[{"href":"https:\/\/veteraanienperinto.fi\/index.php\/wp-json\/wp\/v2\/pages"}],"about":[{"href":"https:\/\/veteraanienperinto.fi\/index.php\/wp-json\/wp\/v2\/types\/page"}],"author":[{"embeddable":true,"href":"https:\/\/veteraanienperinto.fi\/index.php\/wp-json\/wp\/v2\/users\/1"}],"replies":[{"embeddable":true,"href":"https:\/\/veteraanienperinto.fi\/index.php\/wp-json\/wp\/v2\/comments?post=5418"}],"version-history":[{"count":6,"href":"https:\/\/veteraanienperinto.fi\/index.php\/wp-json\/wp\/v2\/pages\/5418\/revisions"}],"predecessor-version":[{"id":10837,"href":"https:\/\/veteraanienperinto.fi\/index.php\/wp-json\/wp\/v2\/pages\/5418\/revisions\/10837"}],"up":[{"embeddable":true,"href":"https:\/\/veteraanienperinto.fi\/index.php\/wp-json\/wp\/v2\/pages\/5405"}],"wp:attachment":[{"href":"https:\/\/veteraanienperinto.fi\/index.php\/wp-json\/wp\/v2\/media?parent=5418"}],"curies":[{"name":"wp","href":"https:\/\/api.w.org\/{rel}","templated":true}]}}