{"id":5451,"date":"2020-11-17T13:56:53","date_gmt":"2020-11-17T13:56:53","guid":{"rendered":"https:\/\/veteraani.ylirotu.fi\/?page_id=5451"},"modified":"2021-01-26T13:38:18","modified_gmt":"2021-01-26T13:38:18","slug":"depressionsaren","status":"publish","type":"page","link":"https:\/\/veteraanienperinto.fi\/index.php\/sv\/vinterkriget\/vinterkrigets-berattelser\/1930-talet\/depressionsaren\/","title":{"rendered":"Brist tid"},"content":{"rendered":"\n<style type=\"text\/css\" data-created_by=\"avia_inline_auto\" id=\"style-css-av-kke1ovz0-b3369ea0b75fa4da5530103e2d4d4960\">\n#top .av-special-heading.av-kke1ovz0-b3369ea0b75fa4da5530103e2d4d4960{\npadding-bottom:10px;\n}\nbody .av-special-heading.av-kke1ovz0-b3369ea0b75fa4da5530103e2d4d4960 .av-special-heading-tag .heading-char{\nfont-size:25px;\n}\n.av-special-heading.av-kke1ovz0-b3369ea0b75fa4da5530103e2d4d4960 .av-subheading{\nfont-size:15px;\n}\n<\/style>\n<div  class='av-special-heading av-kke1ovz0-b3369ea0b75fa4da5530103e2d4d4960 av-special-heading-h3  avia-builder-el-0  el_before_av_textblock  avia-builder-el-first '><h3 class='av-special-heading-tag'  itemprop=\"headline\"  >Brist tid<\/h3><div class=\"special-heading-border\"><div class=\"special-heading-inner-border\"><\/div><\/div><\/div>\n<section  class='av_textblock_section av-kei9ysn8-90975d6716a51c2cac3750bc0363077b '   itemscope=\"itemscope\" itemtype=\"https:\/\/schema.org\/CreativeWork\" ><div class='avia_textblock'  itemprop=\"text\" ><p><strong>Arvi Arponen, 17-\u00e5rig:<\/strong><\/p>\n<p><strong>Arbetararkivet<\/strong><\/p>\n<p>\u00c5r 1930, pojken var d\u00e5 en 17-\u00e5rig arbetsvillig yngling. Ganska kraftigt byggd och i stort behov av pengar. Vid den tiden levde man \u00e4nnu i mycket genom naturahush\u00e5llning. Men odlingarna gav inte utkomsttrygghet f\u00f6r de familjer i byarna som bodde p\u00e5 backstugutorpen. K\u00f6pkraften f\u00f6r livets n\u00f6dtorft och behov m\u00e5ste man skaffa sig genom tillf\u00e4lliga arbeten n\u00e5gon annanstans.<\/p>\n<p>Torparfolkets utkomst hade alltid varit knapp men sedan stannade v\u00e4rlden av som mot en v\u00e4gg. Depressionstiden b\u00f6rjade, det k\u00e4ndes pl\u00f6tsligt som om hela v\u00e4rlden skulle ha blivit f\u00e4rdig med en g\u00e5ng. Ingen beh\u00f6vde arbetare, inte f\u00f6r n\u00e5got slag av arbete. B\u00f6nderna som \u00e4gde skogen s\u00e5lde genom anskaffningsk\u00f6p t.ex. pappersved till bolaget utk\u00f6rd till v\u00e4gkanten. De h\u00f6gg sin egen pappersved och ved med egna m\u00e4n. Depressionstiden tyngde ocks\u00e5 dem och de beh\u00f6vde sj\u00e4lva varje mark de kunde f\u00e5.<\/p>\n<p>Den arbetsl\u00f6sa torparpojken k\u00e4nde, hur husf\u00e4derna i byn som hade det b\u00e4ttre st\u00e4llt h\u00e5nfullt tittade l\u00e5ngt efter den sysslol\u00f6sa. Han visste hur de t\u00e4nkte&#8230;. d\u00e4r g\u00e5r den late och drar sig. Nog skulle det v\u00e4l finnas n\u00e5got att g\u00f6ra om han s\u00f6kte. S\u00e5ledes, han fick skylla sig sj\u00e4lv, enligt husb\u00f6nderna. P\u00e5 dagarna hade han inte lust att bege sig till byn f\u00f6r att diskutera i andra torp, fast\u00e4n det hemma ocks\u00e5 k\u00e4ndes dystert.<\/p>\n<p>D\u00e5 och d\u00e5 infann sig k\u00e4nslan av en tv\u00e5ngstanke, h\u00e4rifr\u00e5n m\u00e5ste man komma bort, h\u00e4r kv\u00e4vs man. Och genast d\u00e4refter fr\u00e5gan, men vart sedan? Ja, vart vill du, som alltid levt ett inskr\u00e4nkt liv utan att k\u00e4nna till det fr\u00e4mmande utanf\u00f6r.<\/p>\n<p>Sommaren och v\u00e5ren \u00e5r -30 gick \u00e5t att p\u00e5 cykel s\u00f6ka arbete inom n\u00e5gra tiotals kilometers omkrets. F\u00e4rdigt \u00f6verallt, ingenting att ta i. Det k\u00e4ndes trist. Eventuellt genom muntillmunsystemet spred sig ett rykte till byn. Det ber\u00e4ttade hur ett tyskt bolag Valdhoy byggde en pappersfabrik i Kexholms stad. Ett hopp t\u00e4ndes, pojken gav sig i v\u00e4g tillsammans med sin morbror och en kusin. Kanske bristen p\u00e5 arbete skulle f\u00f6rsvinna d\u00e4r.<\/p>\n<p>F\u00f6rhoppningsfulla i h\u00e5gen reste vi med t\u00e5g till Kexholm. Ryktet hade ber\u00e4ttat sant, ett omfattande byggnadskomplex var under uppbyggnad p\u00e5 Ladogas strandmark, en bit utanf\u00f6r staden. Det k\u00e4ndes konstigt d\u00e5 byggnadsomr\u00e5det fr\u00e5n landsidan var avskilt med ett h\u00f6gt plank av br\u00e4dor, precis som ett l\u00e4ger. Uppe p\u00e5 planket fanns en informationstavla d\u00e4r det stod &#8221;Gykloja&#8221; som var namnet p\u00e5 den tyska arbetsgruppen . P\u00e5 en annan likadan tavla, likas\u00e5 med synliga bokst\u00e4ver, fanns ett textat f\u00f6rbud, att man inte f\u00e5r komma och fr\u00e5ga efter arbete, arbetskraft fanns redan tillr\u00e4ckligt. Hur kunde det vara s\u00e5 h\u00e4r? Trots det smet vi in genom br\u00e4dporten men d\u00e4r kom ett s\u00e5dant stopp emot som man var tvungen att tro p\u00e5.<\/p>\n<p>Fr\u00e5n n\u00e5gon av arbetsplatsens baracker rusade en ursinnig herrslusk emot oss till fots. Ansiktet var r\u00f6tt av ilska, och han b\u00f6rjade med utst\u00e5ende rullande \u00f6gon sk\u00e4lla och skrek, vad s\u00f6ker ni h\u00e4r? Arbete var svaret, och av detta ilsknade den glos\u00f6gda till p\u00e5 gr\u00e4nsen till raseri. Kan inte ni svartskallar ens l\u00e4sa, d\u00e5 ni trots f\u00f6rbudet tr\u00e4nger er in h\u00e4r? Ocks\u00e5 en annan jefreiter kom och f\u00f6ll in i samma k\u00f6r. Med of\u00f6rr\u00e4ttat \u00e4rende m\u00e5ste man bege sig d\u00e4rifr\u00e5n.<\/p>\n<p>Med besvikelse och allvarliga miner \u00e5terv\u00e4nde vi till Kexholms stad. Vid torgkanten kunde man i ett torgst\u00e5nd bl.a. k\u00f6pa lufttorkat renk\u00f6tt mot sin hunger. I den milj\u00f6n sv\u00e4rmade arbetss\u00f6kande i l\u00e5nga banor. Uppgifterna om arbetsplatsen hade spritt sig vida omkring. Alla hade samma erfarenheter fr\u00e5n tyskarnas arbetsl\u00e4ger. Vi var alla \u00f6verloppsarbetskraft, ett \u00f6verskott av m\u00e4nniskor, som s\u00e5lde oss sj\u00e4lva till reapris. Annars var v\u00e4rlden bra, vacker att titta p\u00e5 ocks\u00e5 f\u00f6r en arbetsl\u00f6s. Under heta dagar glittrade solens sken som tusen l\u00e5gor p\u00e5 Ladogas yta. Man upplevde sk\u00f6nheten, trots det var inte det egna sinnet glatt.<\/p>\n<\/div><\/section>\n","protected":false},"excerpt":{"rendered":"","protected":false},"author":1,"featured_media":0,"parent":5434,"menu_order":0,"comment_status":"closed","ping_status":"closed","template":"","meta":{"footnotes":""},"class_list":["post-5451","page","type-page","status-publish","hentry"],"yoast_head":"<!-- This site is optimized with the Yoast SEO plugin v27.4 - https:\/\/yoast.com\/product\/yoast-seo-wordpress\/ -->\n<title>Brist tid - Veteraanien Perint\u00f6<\/title>\n<meta name=\"robots\" content=\"index, follow, max-snippet:-1, max-image-preview:large, max-video-preview:-1\" \/>\n<link rel=\"canonical\" href=\"https:\/\/veteraanienperinto.fi\/index.php\/sv\/vinterkriget\/vinterkrigets-berattelser\/1930-talet\/depressionsaren\/\" \/>\n<meta property=\"og:locale\" content=\"fi_FI\" \/>\n<meta property=\"og:type\" content=\"article\" \/>\n<meta property=\"og:title\" content=\"Brist tid - Veteraanien Perint\u00f6\" \/>\n<meta property=\"og:url\" content=\"https:\/\/veteraanienperinto.fi\/index.php\/sv\/vinterkriget\/vinterkrigets-berattelser\/1930-talet\/depressionsaren\/\" \/>\n<meta property=\"og:site_name\" content=\"Veteraanien Perint\u00f6\" \/>\n<meta property=\"article:modified_time\" content=\"2021-01-26T13:38:18+00:00\" \/>\n<meta name=\"twitter:card\" content=\"summary_large_image\" \/>\n<meta name=\"twitter:label1\" content=\"Arvioitu lukuaika\" \/>\n\t<meta name=\"twitter:data1\" content=\"4 minuuttia\" \/>\n<script type=\"application\/ld+json\" class=\"yoast-schema-graph\">{\"@context\":\"https:\\\/\\\/schema.org\",\"@graph\":[{\"@type\":\"WebPage\",\"@id\":\"https:\\\/\\\/veteraanienperinto.fi\\\/index.php\\\/sv\\\/vinterkriget\\\/vinterkrigets-berattelser\\\/1930-talet\\\/depressionsaren\\\/\",\"url\":\"https:\\\/\\\/veteraanienperinto.fi\\\/index.php\\\/sv\\\/vinterkriget\\\/vinterkrigets-berattelser\\\/1930-talet\\\/depressionsaren\\\/\",\"name\":\"Brist tid - Veteraanien Perint\u00f6\",\"isPartOf\":{\"@id\":\"https:\\\/\\\/veteraanienperinto.fi\\\/#website\"},\"datePublished\":\"2020-11-17T13:56:53+00:00\",\"dateModified\":\"2021-01-26T13:38:18+00:00\",\"breadcrumb\":{\"@id\":\"https:\\\/\\\/veteraanienperinto.fi\\\/index.php\\\/sv\\\/vinterkriget\\\/vinterkrigets-berattelser\\\/1930-talet\\\/depressionsaren\\\/#breadcrumb\"},\"inLanguage\":\"fi\",\"potentialAction\":[{\"@type\":\"ReadAction\",\"target\":[\"https:\\\/\\\/veteraanienperinto.fi\\\/index.php\\\/sv\\\/vinterkriget\\\/vinterkrigets-berattelser\\\/1930-talet\\\/depressionsaren\\\/\"]}]},{\"@type\":\"BreadcrumbList\",\"@id\":\"https:\\\/\\\/veteraanienperinto.fi\\\/index.php\\\/sv\\\/vinterkriget\\\/vinterkrigets-berattelser\\\/1930-talet\\\/depressionsaren\\\/#breadcrumb\",\"itemListElement\":[{\"@type\":\"ListItem\",\"position\":1,\"name\":\"Etusivu\",\"item\":\"https:\\\/\\\/veteraanienperinto.fi\\\/index.php\\\/etusivu-2\\\/\"},{\"@type\":\"ListItem\",\"position\":2,\"name\":\"Vinterkriget\",\"item\":\"https:\\\/\\\/veteraanienperinto.fi\\\/index.php\\\/sv\\\/vinterkriget\\\/\"},{\"@type\":\"ListItem\",\"position\":3,\"name\":\"Vinterkrigets ber\u00e4ttelser\",\"item\":\"https:\\\/\\\/veteraanienperinto.fi\\\/index.php\\\/sv\\\/vinterkriget\\\/vinterkrigets-berattelser\\\/\"},{\"@type\":\"ListItem\",\"position\":4,\"name\":\"1930-talet\",\"item\":\"https:\\\/\\\/veteraanienperinto.fi\\\/index.php\\\/sv\\\/vinterkriget\\\/vinterkrigets-berattelser\\\/1930-talet\\\/\"},{\"@type\":\"ListItem\",\"position\":5,\"name\":\"Brist tid\"}]},{\"@type\":\"WebSite\",\"@id\":\"https:\\\/\\\/veteraanienperinto.fi\\\/#website\",\"url\":\"https:\\\/\\\/veteraanienperinto.fi\\\/\",\"name\":\"Veteraanien Perint\u00f6\",\"description\":\"Kadettikunta\",\"potentialAction\":[{\"@type\":\"SearchAction\",\"target\":{\"@type\":\"EntryPoint\",\"urlTemplate\":\"https:\\\/\\\/veteraanienperinto.fi\\\/?s={search_term_string}\"},\"query-input\":{\"@type\":\"PropertyValueSpecification\",\"valueRequired\":true,\"valueName\":\"search_term_string\"}}],\"inLanguage\":\"fi\"}]}<\/script>\n<!-- \/ Yoast SEO plugin. -->","yoast_head_json":{"title":"Brist tid - Veteraanien Perint\u00f6","robots":{"index":"index","follow":"follow","max-snippet":"max-snippet:-1","max-image-preview":"max-image-preview:large","max-video-preview":"max-video-preview:-1"},"canonical":"https:\/\/veteraanienperinto.fi\/index.php\/sv\/vinterkriget\/vinterkrigets-berattelser\/1930-talet\/depressionsaren\/","og_locale":"fi_FI","og_type":"article","og_title":"Brist tid - Veteraanien Perint\u00f6","og_url":"https:\/\/veteraanienperinto.fi\/index.php\/sv\/vinterkriget\/vinterkrigets-berattelser\/1930-talet\/depressionsaren\/","og_site_name":"Veteraanien Perint\u00f6","article_modified_time":"2021-01-26T13:38:18+00:00","twitter_card":"summary_large_image","twitter_misc":{"Arvioitu lukuaika":"4 minuuttia"},"schema":{"@context":"https:\/\/schema.org","@graph":[{"@type":"WebPage","@id":"https:\/\/veteraanienperinto.fi\/index.php\/sv\/vinterkriget\/vinterkrigets-berattelser\/1930-talet\/depressionsaren\/","url":"https:\/\/veteraanienperinto.fi\/index.php\/sv\/vinterkriget\/vinterkrigets-berattelser\/1930-talet\/depressionsaren\/","name":"Brist tid - Veteraanien Perint\u00f6","isPartOf":{"@id":"https:\/\/veteraanienperinto.fi\/#website"},"datePublished":"2020-11-17T13:56:53+00:00","dateModified":"2021-01-26T13:38:18+00:00","breadcrumb":{"@id":"https:\/\/veteraanienperinto.fi\/index.php\/sv\/vinterkriget\/vinterkrigets-berattelser\/1930-talet\/depressionsaren\/#breadcrumb"},"inLanguage":"fi","potentialAction":[{"@type":"ReadAction","target":["https:\/\/veteraanienperinto.fi\/index.php\/sv\/vinterkriget\/vinterkrigets-berattelser\/1930-talet\/depressionsaren\/"]}]},{"@type":"BreadcrumbList","@id":"https:\/\/veteraanienperinto.fi\/index.php\/sv\/vinterkriget\/vinterkrigets-berattelser\/1930-talet\/depressionsaren\/#breadcrumb","itemListElement":[{"@type":"ListItem","position":1,"name":"Etusivu","item":"https:\/\/veteraanienperinto.fi\/index.php\/etusivu-2\/"},{"@type":"ListItem","position":2,"name":"Vinterkriget","item":"https:\/\/veteraanienperinto.fi\/index.php\/sv\/vinterkriget\/"},{"@type":"ListItem","position":3,"name":"Vinterkrigets ber\u00e4ttelser","item":"https:\/\/veteraanienperinto.fi\/index.php\/sv\/vinterkriget\/vinterkrigets-berattelser\/"},{"@type":"ListItem","position":4,"name":"1930-talet","item":"https:\/\/veteraanienperinto.fi\/index.php\/sv\/vinterkriget\/vinterkrigets-berattelser\/1930-talet\/"},{"@type":"ListItem","position":5,"name":"Brist tid"}]},{"@type":"WebSite","@id":"https:\/\/veteraanienperinto.fi\/#website","url":"https:\/\/veteraanienperinto.fi\/","name":"Veteraanien Perint\u00f6","description":"Kadettikunta","potentialAction":[{"@type":"SearchAction","target":{"@type":"EntryPoint","urlTemplate":"https:\/\/veteraanienperinto.fi\/?s={search_term_string}"},"query-input":{"@type":"PropertyValueSpecification","valueRequired":true,"valueName":"search_term_string"}}],"inLanguage":"fi"}]}},"_links":{"self":[{"href":"https:\/\/veteraanienperinto.fi\/index.php\/wp-json\/wp\/v2\/pages\/5451","targetHints":{"allow":["GET"]}}],"collection":[{"href":"https:\/\/veteraanienperinto.fi\/index.php\/wp-json\/wp\/v2\/pages"}],"about":[{"href":"https:\/\/veteraanienperinto.fi\/index.php\/wp-json\/wp\/v2\/types\/page"}],"author":[{"embeddable":true,"href":"https:\/\/veteraanienperinto.fi\/index.php\/wp-json\/wp\/v2\/users\/1"}],"replies":[{"embeddable":true,"href":"https:\/\/veteraanienperinto.fi\/index.php\/wp-json\/wp\/v2\/comments?post=5451"}],"version-history":[{"count":7,"href":"https:\/\/veteraanienperinto.fi\/index.php\/wp-json\/wp\/v2\/pages\/5451\/revisions"}],"predecessor-version":[{"id":10555,"href":"https:\/\/veteraanienperinto.fi\/index.php\/wp-json\/wp\/v2\/pages\/5451\/revisions\/10555"}],"up":[{"embeddable":true,"href":"https:\/\/veteraanienperinto.fi\/index.php\/wp-json\/wp\/v2\/pages\/5434"}],"wp:attachment":[{"href":"https:\/\/veteraanienperinto.fi\/index.php\/wp-json\/wp\/v2\/media?parent=5451"}],"curies":[{"name":"wp","href":"https:\/\/api.w.org\/{rel}","templated":true}]}}