{"id":5459,"date":"2020-11-17T13:59:08","date_gmt":"2020-11-17T13:59:08","guid":{"rendered":"https:\/\/veteraani.ylirotu.fi\/?page_id=5459"},"modified":"2021-01-26T13:38:54","modified_gmt":"2021-01-26T13:38:54","slug":"i-arbete-pa-en-fabrik","status":"publish","type":"page","link":"https:\/\/veteraanienperinto.fi\/index.php\/sv\/vinterkriget\/vinterkrigets-berattelser\/1930-talet\/i-arbete-pa-en-fabrik\/","title":{"rendered":"I arbete p\u00e5 en fabrik"},"content":{"rendered":"\n<style type=\"text\/css\" data-created_by=\"avia_inline_auto\" id=\"style-css-av-kke1pofg-3bf5fd25e72f05f65269057ed4c6e0d7\">\n#top .av-special-heading.av-kke1pofg-3bf5fd25e72f05f65269057ed4c6e0d7{\npadding-bottom:10px;\n}\nbody .av-special-heading.av-kke1pofg-3bf5fd25e72f05f65269057ed4c6e0d7 .av-special-heading-tag .heading-char{\nfont-size:25px;\n}\n.av-special-heading.av-kke1pofg-3bf5fd25e72f05f65269057ed4c6e0d7 .av-subheading{\nfont-size:15px;\n}\n<\/style>\n<div  class='av-special-heading av-kke1pofg-3bf5fd25e72f05f65269057ed4c6e0d7 av-special-heading-h3  avia-builder-el-0  el_before_av_textblock  avia-builder-el-first '><h3 class='av-special-heading-tag'  itemprop=\"headline\"  >I arbete p\u00e5 en fabrik<\/h3><div class=\"special-heading-border\"><div class=\"special-heading-inner-border\"><\/div><\/div><\/div>\n<section  class='av_textblock_section av-kei9ysn8-90975d6716a51c2cac3750bc0363077b '   itemscope=\"itemscope\" itemtype=\"https:\/\/schema.org\/CreativeWork\" ><div class='avia_textblock'  itemprop=\"text\" ><p><strong>Arvi Arponen, 17-\u00e5rig (1930)<\/strong><\/p>\n<p><strong>Arbetararkivet<\/strong><\/p>\n<p>P\u00e5 tre <img loading=\"lazy\" decoding=\"async\" class=\"size-full wp-image-8970 alignright\" src=\"https:\/\/veteraanienperinto.fi\/wp-content\/uploads\/2020\/12\/tehdas.jpg\" alt=\"\" width=\"300\" height=\"224\" \/>man hand promenerade vi bort fr\u00e5n torget, genom den \u00f6ppna porten gick vi in i skydd bland det gamla Tiuri-slottets vallar. Vi funderade \u00f6ver l\u00e4get och besl\u00f6t oss f\u00f6r att ta oss i skogsarbete i riktning mot Suoj\u00e4rvi. Inf\u00f6r resan var det d\u00e5ligt med pengar och en stor del gick \u00e5t f\u00f6r t\u00e5gresan till Kexholm. Pengarna skulle n\u00e4tt och j\u00e4mt r\u00e4cka v\u00e4gen fram. Men d\u00e4refter g\u00e4llde det att fundera.<\/p>\n<p>I Hiitola var vi tvungna att v\u00e4nta p\u00e5 t\u00e5get till f\u00f6ljande morgon. Pojkens \u00e4ldre kamrater fick beh\u00f6vliga uppgifter d\u00e5 de pratade med andra arbetss\u00f6kande, dock inte n\u00e5gra uppmuntrande. I Suoj\u00e4rvi var det stopp, avverkningarna hade avstannat. De b\u00f6rjar p\u00e5 nytt p\u00e5 h\u00f6sten om&#8230; Bed\u00f6mningen av det nya l\u00e4get gav som beslut att vi k\u00f6pte resebiljetter till V\u00e4rtsil\u00e4. D\u00e4r fanns en k\u00e4nd j\u00e4rnfabrik, annat visste man inte.<\/p>\n<p>Vi steg ur t\u00e5get p\u00e5 V\u00e4rtsil\u00e4 station, d\u00e4rifr\u00e5n promenerandes n\u00e5gra kilometer till fabriksbyn med samma namn. Omedelbart efter att vi kommit fram begav vi oss till j\u00e4rnfabrikens kontor f\u00f6r arbetss\u00f6kande. F\u00f6rv\u00e5ningen var stor d\u00e5 man st\u00e4llde sig positivt till v\u00e5r arbetsf\u00f6rfr\u00e5gan. De misst\u00e4nkte att pojken var alltf\u00f6r ung, men gick \u00e4nd\u00e5 p\u00e5 n\u00f6dl\u00f6gnen om 18 \u00e5r. Man d\u00f6g till arbete med de andra. V\u00e5r arbetsplats var p\u00e5 Marttis avdelning. Det skulle b\u00f6rja p\u00e5 morgonen kl. 7.00, genom att man uppvisade arbetsintagningskortet visade portvakten v\u00e4gen till arbetsplatsen.<\/p>\n<p>Stegen var l\u00e4tta d\u00e5 man gick till byn f\u00f6r att s\u00f6ka bostad. S\u00e5dana saker som arbetet art och l\u00f6n kom vi inte p\u00e5 att grubbla \u00f6ver i den uppskruvade st\u00e4mningen. Ocks\u00e5 bostad med helpension ordnades ganska beh\u00e4ndigt i ett litet hus i utkanten av byn.<\/p>\n<p>F\u00f6ljande morgon f\u00f6renade vi oss n\u00e4ra fabriken med ett stort antal som skyndade till arbetet. Dessa \u00f6gonblick k\u00e4ndes festligt manliga f\u00f6r pojken, d\u00e5 han f\u00f6r f\u00f6rsta g\u00e5ngen i sitt liv riktigt var p\u00e5 v\u00e4g i arbete i en fabrik. En helt annan k\u00e4nsla \u00e4n d\u00e5 man var p\u00e5 v\u00e4g till skogsarbete.<\/p>\n<p>Arbetsplatsen fanns p\u00e5 avdelningen f\u00f6r Martinprocessen, d\u00e4r j\u00e4rn sm\u00e4ltes i ugnar med samma namn genom vissa metoder. Dock blev vi som var helt utan yrkeskunskap satta i arbete med att riva murverket som var av eldfasta tegel vid en Martinugn som h\u00f6ll p\u00e5 att svalna. Ugnen torde ha h\u00e5llit p\u00e5 att kallna redan l\u00e4nge, men den var \u00e4nnu varm och osig och ingen ventilation fanns. Fotsulorna blev varma genom l\u00e4derst\u00f6vlarna tills vi fr\u00e5n huset fick k\u00e4ngor med tr\u00e4botten. Visst satt tegelskiktet i ugnens botten h\u00e5rt, sm\u00e4lt j\u00e4rn hade fyllt varje por.<\/p>\n<p>Det var sv\u00e5rt att ens f\u00e5 ig\u00e5ng arbetet, med sl\u00e4ggor och hj\u00e4lp av st\u00e5lkilar slog man bort bit f\u00f6r bit av murningen. Ymnigt lackade svetten och dricksvatten gick \u00e5t \u00e4mbartals. P\u00e5 kv\u00e4llen efter arbetet var man v\u00e5t som en dr\u00e4nkt katt. Efterhand klarnade ocks\u00e5 fabriksarbetets h\u00e4rlighet och el\u00e4ndighet f\u00f6r pojken. Men det m\u00e5ste g\u00f6ras, eftersom det inte fanns n\u00e5gra alternativ och tiden rann iv\u00e4g innan det gamla tegelskiktet blev rivet. Det usla jobbet blev dock slutf\u00f6rt.<\/p>\n<p>Efter rivningsarbetet sattes var och en av oss tre i arbete p\u00e5 olika h\u00e5ll, pojken vid en slags paketpress. Jobbet gick till s\u00e5 att man med pressens hj\u00e4lp av mindre j\u00e4rnskrot tryckte samman paket av en viss storlek som v\u00e4gde ca 50 kilo. De f\u00f6rdes vidare till Martinugnen f\u00f6r ny f\u00f6r\u00e4dling. F\u00f6r pojken k\u00e4ndes det som en g\u00e5va fr\u00e5n himlen d\u00e5 han fick komma bort fr\u00e5n den heta osiga ugnen ut i friska luften. Arbetet var ackordjobb, vilket gjorde det meningsfullt.<\/p>\n<p>Snabbt gick veckorna, m\u00e5naderna rann i v\u00e4g. Av inkomsterna s\u00e4ndes allt hem som blev \u00f6ver efter det dagliga livet. Och inte fanns det just heller andra utgiftsbehov, kanske nu att gotta sig med n\u00e5gon lemonadflaska p\u00e5 s\u00f6ndagarna i fabriksbyns kaf\u00e9.<\/p>\n<\/div><\/section>\n","protected":false},"excerpt":{"rendered":"","protected":false},"author":1,"featured_media":0,"parent":5434,"menu_order":3,"comment_status":"closed","ping_status":"closed","template":"","meta":{"footnotes":""},"class_list":["post-5459","page","type-page","status-publish","hentry"],"yoast_head":"<!-- This site is optimized with the Yoast SEO plugin v27.6 - https:\/\/yoast.com\/product\/yoast-seo-wordpress\/ -->\n<title>I arbete p\u00e5 en fabrik - Veteraanien Perint\u00f6<\/title>\n<meta name=\"robots\" content=\"index, follow, max-snippet:-1, max-image-preview:large, max-video-preview:-1\" \/>\n<link rel=\"canonical\" href=\"https:\/\/veteraanienperinto.fi\/index.php\/sv\/vinterkriget\/vinterkrigets-berattelser\/1930-talet\/i-arbete-pa-en-fabrik\/\" \/>\n<meta property=\"og:locale\" content=\"fi_FI\" \/>\n<meta property=\"og:type\" content=\"article\" \/>\n<meta property=\"og:title\" content=\"I arbete p\u00e5 en fabrik - Veteraanien Perint\u00f6\" \/>\n<meta property=\"og:url\" content=\"https:\/\/veteraanienperinto.fi\/index.php\/sv\/vinterkriget\/vinterkrigets-berattelser\/1930-talet\/i-arbete-pa-en-fabrik\/\" \/>\n<meta property=\"og:site_name\" content=\"Veteraanien Perint\u00f6\" \/>\n<meta property=\"article:modified_time\" content=\"2021-01-26T13:38:54+00:00\" \/>\n<meta property=\"og:image\" content=\"https:\/\/veteraanienperinto.fi\/wp-content\/uploads\/2020\/12\/tehdas.jpg\" \/>\n<meta name=\"twitter:card\" content=\"summary_large_image\" \/>\n<meta name=\"twitter:label1\" content=\"Arvioitu lukuaika\" \/>\n\t<meta name=\"twitter:data1\" content=\"4 minuuttia\" \/>\n<script type=\"application\/ld+json\" class=\"yoast-schema-graph\">{\"@context\":\"https:\\\/\\\/schema.org\",\"@graph\":[{\"@type\":\"WebPage\",\"@id\":\"https:\\\/\\\/veteraanienperinto.fi\\\/index.php\\\/sv\\\/vinterkriget\\\/vinterkrigets-berattelser\\\/1930-talet\\\/i-arbete-pa-en-fabrik\\\/\",\"url\":\"https:\\\/\\\/veteraanienperinto.fi\\\/index.php\\\/sv\\\/vinterkriget\\\/vinterkrigets-berattelser\\\/1930-talet\\\/i-arbete-pa-en-fabrik\\\/\",\"name\":\"I arbete p\u00e5 en fabrik - Veteraanien Perint\u00f6\",\"isPartOf\":{\"@id\":\"https:\\\/\\\/veteraanienperinto.fi\\\/#website\"},\"primaryImageOfPage\":{\"@id\":\"https:\\\/\\\/veteraanienperinto.fi\\\/index.php\\\/sv\\\/vinterkriget\\\/vinterkrigets-berattelser\\\/1930-talet\\\/i-arbete-pa-en-fabrik\\\/#primaryimage\"},\"image\":{\"@id\":\"https:\\\/\\\/veteraanienperinto.fi\\\/index.php\\\/sv\\\/vinterkriget\\\/vinterkrigets-berattelser\\\/1930-talet\\\/i-arbete-pa-en-fabrik\\\/#primaryimage\"},\"thumbnailUrl\":\"https:\\\/\\\/veteraanienperinto.fi\\\/wp-content\\\/uploads\\\/2020\\\/12\\\/tehdas.jpg\",\"datePublished\":\"2020-11-17T13:59:08+00:00\",\"dateModified\":\"2021-01-26T13:38:54+00:00\",\"breadcrumb\":{\"@id\":\"https:\\\/\\\/veteraanienperinto.fi\\\/index.php\\\/sv\\\/vinterkriget\\\/vinterkrigets-berattelser\\\/1930-talet\\\/i-arbete-pa-en-fabrik\\\/#breadcrumb\"},\"inLanguage\":\"fi\",\"potentialAction\":[{\"@type\":\"ReadAction\",\"target\":[\"https:\\\/\\\/veteraanienperinto.fi\\\/index.php\\\/sv\\\/vinterkriget\\\/vinterkrigets-berattelser\\\/1930-talet\\\/i-arbete-pa-en-fabrik\\\/\"]}]},{\"@type\":\"ImageObject\",\"inLanguage\":\"fi\",\"@id\":\"https:\\\/\\\/veteraanienperinto.fi\\\/index.php\\\/sv\\\/vinterkriget\\\/vinterkrigets-berattelser\\\/1930-talet\\\/i-arbete-pa-en-fabrik\\\/#primaryimage\",\"url\":\"https:\\\/\\\/veteraanienperinto.fi\\\/wp-content\\\/uploads\\\/2020\\\/12\\\/tehdas.jpg\",\"contentUrl\":\"https:\\\/\\\/veteraanienperinto.fi\\\/wp-content\\\/uploads\\\/2020\\\/12\\\/tehdas.jpg\",\"width\":300,\"height\":224},{\"@type\":\"BreadcrumbList\",\"@id\":\"https:\\\/\\\/veteraanienperinto.fi\\\/index.php\\\/sv\\\/vinterkriget\\\/vinterkrigets-berattelser\\\/1930-talet\\\/i-arbete-pa-en-fabrik\\\/#breadcrumb\",\"itemListElement\":[{\"@type\":\"ListItem\",\"position\":1,\"name\":\"Etusivu\",\"item\":\"https:\\\/\\\/veteraanienperinto.fi\\\/index.php\\\/etusivu-2\\\/\"},{\"@type\":\"ListItem\",\"position\":2,\"name\":\"Vinterkriget\",\"item\":\"https:\\\/\\\/veteraanienperinto.fi\\\/index.php\\\/sv\\\/vinterkriget\\\/\"},{\"@type\":\"ListItem\",\"position\":3,\"name\":\"Vinterkrigets ber\u00e4ttelser\",\"item\":\"https:\\\/\\\/veteraanienperinto.fi\\\/index.php\\\/sv\\\/vinterkriget\\\/vinterkrigets-berattelser\\\/\"},{\"@type\":\"ListItem\",\"position\":4,\"name\":\"1930-talet\",\"item\":\"https:\\\/\\\/veteraanienperinto.fi\\\/index.php\\\/sv\\\/vinterkriget\\\/vinterkrigets-berattelser\\\/1930-talet\\\/\"},{\"@type\":\"ListItem\",\"position\":5,\"name\":\"I arbete p\u00e5 en fabrik\"}]},{\"@type\":\"WebSite\",\"@id\":\"https:\\\/\\\/veteraanienperinto.fi\\\/#website\",\"url\":\"https:\\\/\\\/veteraanienperinto.fi\\\/\",\"name\":\"Veteraanien Perint\u00f6\",\"description\":\"Kadettikunta\",\"potentialAction\":[{\"@type\":\"SearchAction\",\"target\":{\"@type\":\"EntryPoint\",\"urlTemplate\":\"https:\\\/\\\/veteraanienperinto.fi\\\/?s={search_term_string}\"},\"query-input\":{\"@type\":\"PropertyValueSpecification\",\"valueRequired\":true,\"valueName\":\"search_term_string\"}}],\"inLanguage\":\"fi\"}]}<\/script>\n<!-- \/ Yoast SEO plugin. -->","yoast_head_json":{"title":"I arbete p\u00e5 en fabrik - Veteraanien Perint\u00f6","robots":{"index":"index","follow":"follow","max-snippet":"max-snippet:-1","max-image-preview":"max-image-preview:large","max-video-preview":"max-video-preview:-1"},"canonical":"https:\/\/veteraanienperinto.fi\/index.php\/sv\/vinterkriget\/vinterkrigets-berattelser\/1930-talet\/i-arbete-pa-en-fabrik\/","og_locale":"fi_FI","og_type":"article","og_title":"I arbete p\u00e5 en fabrik - Veteraanien Perint\u00f6","og_url":"https:\/\/veteraanienperinto.fi\/index.php\/sv\/vinterkriget\/vinterkrigets-berattelser\/1930-talet\/i-arbete-pa-en-fabrik\/","og_site_name":"Veteraanien Perint\u00f6","article_modified_time":"2021-01-26T13:38:54+00:00","og_image":[{"url":"https:\/\/veteraanienperinto.fi\/wp-content\/uploads\/2020\/12\/tehdas.jpg","type":"","width":"","height":""}],"twitter_card":"summary_large_image","twitter_misc":{"Arvioitu lukuaika":"4 minuuttia"},"schema":{"@context":"https:\/\/schema.org","@graph":[{"@type":"WebPage","@id":"https:\/\/veteraanienperinto.fi\/index.php\/sv\/vinterkriget\/vinterkrigets-berattelser\/1930-talet\/i-arbete-pa-en-fabrik\/","url":"https:\/\/veteraanienperinto.fi\/index.php\/sv\/vinterkriget\/vinterkrigets-berattelser\/1930-talet\/i-arbete-pa-en-fabrik\/","name":"I arbete p\u00e5 en fabrik - Veteraanien Perint\u00f6","isPartOf":{"@id":"https:\/\/veteraanienperinto.fi\/#website"},"primaryImageOfPage":{"@id":"https:\/\/veteraanienperinto.fi\/index.php\/sv\/vinterkriget\/vinterkrigets-berattelser\/1930-talet\/i-arbete-pa-en-fabrik\/#primaryimage"},"image":{"@id":"https:\/\/veteraanienperinto.fi\/index.php\/sv\/vinterkriget\/vinterkrigets-berattelser\/1930-talet\/i-arbete-pa-en-fabrik\/#primaryimage"},"thumbnailUrl":"https:\/\/veteraanienperinto.fi\/wp-content\/uploads\/2020\/12\/tehdas.jpg","datePublished":"2020-11-17T13:59:08+00:00","dateModified":"2021-01-26T13:38:54+00:00","breadcrumb":{"@id":"https:\/\/veteraanienperinto.fi\/index.php\/sv\/vinterkriget\/vinterkrigets-berattelser\/1930-talet\/i-arbete-pa-en-fabrik\/#breadcrumb"},"inLanguage":"fi","potentialAction":[{"@type":"ReadAction","target":["https:\/\/veteraanienperinto.fi\/index.php\/sv\/vinterkriget\/vinterkrigets-berattelser\/1930-talet\/i-arbete-pa-en-fabrik\/"]}]},{"@type":"ImageObject","inLanguage":"fi","@id":"https:\/\/veteraanienperinto.fi\/index.php\/sv\/vinterkriget\/vinterkrigets-berattelser\/1930-talet\/i-arbete-pa-en-fabrik\/#primaryimage","url":"https:\/\/veteraanienperinto.fi\/wp-content\/uploads\/2020\/12\/tehdas.jpg","contentUrl":"https:\/\/veteraanienperinto.fi\/wp-content\/uploads\/2020\/12\/tehdas.jpg","width":300,"height":224},{"@type":"BreadcrumbList","@id":"https:\/\/veteraanienperinto.fi\/index.php\/sv\/vinterkriget\/vinterkrigets-berattelser\/1930-talet\/i-arbete-pa-en-fabrik\/#breadcrumb","itemListElement":[{"@type":"ListItem","position":1,"name":"Etusivu","item":"https:\/\/veteraanienperinto.fi\/index.php\/etusivu-2\/"},{"@type":"ListItem","position":2,"name":"Vinterkriget","item":"https:\/\/veteraanienperinto.fi\/index.php\/sv\/vinterkriget\/"},{"@type":"ListItem","position":3,"name":"Vinterkrigets ber\u00e4ttelser","item":"https:\/\/veteraanienperinto.fi\/index.php\/sv\/vinterkriget\/vinterkrigets-berattelser\/"},{"@type":"ListItem","position":4,"name":"1930-talet","item":"https:\/\/veteraanienperinto.fi\/index.php\/sv\/vinterkriget\/vinterkrigets-berattelser\/1930-talet\/"},{"@type":"ListItem","position":5,"name":"I arbete p\u00e5 en fabrik"}]},{"@type":"WebSite","@id":"https:\/\/veteraanienperinto.fi\/#website","url":"https:\/\/veteraanienperinto.fi\/","name":"Veteraanien Perint\u00f6","description":"Kadettikunta","potentialAction":[{"@type":"SearchAction","target":{"@type":"EntryPoint","urlTemplate":"https:\/\/veteraanienperinto.fi\/?s={search_term_string}"},"query-input":{"@type":"PropertyValueSpecification","valueRequired":true,"valueName":"search_term_string"}}],"inLanguage":"fi"}]}},"_links":{"self":[{"href":"https:\/\/veteraanienperinto.fi\/index.php\/wp-json\/wp\/v2\/pages\/5459","targetHints":{"allow":["GET"]}}],"collection":[{"href":"https:\/\/veteraanienperinto.fi\/index.php\/wp-json\/wp\/v2\/pages"}],"about":[{"href":"https:\/\/veteraanienperinto.fi\/index.php\/wp-json\/wp\/v2\/types\/page"}],"author":[{"embeddable":true,"href":"https:\/\/veteraanienperinto.fi\/index.php\/wp-json\/wp\/v2\/users\/1"}],"replies":[{"embeddable":true,"href":"https:\/\/veteraanienperinto.fi\/index.php\/wp-json\/wp\/v2\/comments?post=5459"}],"version-history":[{"count":7,"href":"https:\/\/veteraanienperinto.fi\/index.php\/wp-json\/wp\/v2\/pages\/5459\/revisions"}],"predecessor-version":[{"id":10559,"href":"https:\/\/veteraanienperinto.fi\/index.php\/wp-json\/wp\/v2\/pages\/5459\/revisions\/10559"}],"up":[{"embeddable":true,"href":"https:\/\/veteraanienperinto.fi\/index.php\/wp-json\/wp\/v2\/pages\/5434"}],"wp:attachment":[{"href":"https:\/\/veteraanienperinto.fi\/index.php\/wp-json\/wp\/v2\/media?parent=5459"}],"curies":[{"name":"wp","href":"https:\/\/api.w.org\/{rel}","templated":true}]}}