{"id":5463,"date":"2020-11-17T14:00:13","date_gmt":"2020-11-17T14:00:13","guid":{"rendered":"https:\/\/veteraani.ylirotu.fi\/?page_id=5463"},"modified":"2021-01-26T13:39:13","modified_gmt":"2021-01-26T13:39:13","slug":"en-ung-pojke-i-skogsarbete","status":"publish","type":"page","link":"https:\/\/veteraanienperinto.fi\/index.php\/sv\/vinterkriget\/vinterkrigets-berattelser\/1930-talet\/en-ung-pojke-i-skogsarbete\/","title":{"rendered":"En ung pojke i skogsarbete"},"content":{"rendered":"\n<style type=\"text\/css\" data-created_by=\"avia_inline_auto\" id=\"style-css-av-kke1q1p6-2d99fbf67dc76ba31b5d3e716a549885\">\n#top .av-special-heading.av-kke1q1p6-2d99fbf67dc76ba31b5d3e716a549885{\npadding-bottom:10px;\n}\nbody .av-special-heading.av-kke1q1p6-2d99fbf67dc76ba31b5d3e716a549885 .av-special-heading-tag .heading-char{\nfont-size:25px;\n}\n.av-special-heading.av-kke1q1p6-2d99fbf67dc76ba31b5d3e716a549885 .av-subheading{\nfont-size:15px;\n}\n<\/style>\n<div  class='av-special-heading av-kke1q1p6-2d99fbf67dc76ba31b5d3e716a549885 av-special-heading-h3  avia-builder-el-0  el_before_av_textblock  avia-builder-el-first '><h3 class='av-special-heading-tag'  itemprop=\"headline\"  >En ung pojke i skogsarbete<\/h3><div class=\"special-heading-border\"><div class=\"special-heading-inner-border\"><\/div><\/div><\/div>\n<section  class='av_textblock_section av-kei9ysn8-90975d6716a51c2cac3750bc0363077b '   itemscope=\"itemscope\" itemtype=\"https:\/\/schema.org\/CreativeWork\" ><div class='avia_textblock'  itemprop=\"text\" ><p><strong>Arvi Arponen, 17-\u00e5rig (1930)<\/strong><\/p>\n<p><strong>Arbetararkivet<\/strong><\/p>\n<p>Pojkens folkskola slutade p\u00e5 v\u00e5ren 1926. Livet i hela sin utstr\u00e4ckning l\u00e5g framf\u00f6r. Inga bekymmer med yrkesval eller \u00e5r av fortbildning. F\u00f6r tretton\u00e5ringen var livets mening klar p\u00e5 f\u00f6rhand.<\/p>\n<p>Livsuppgiften utan intellektuella bekymmer var p\u00e5 den tiden var sj\u00e4lvklar. F\u00f6ljande morgon efter att skolan slutat f\u00f6ljde pojken med sin far i arbete till vedskogen. Och inte k\u00e4ndes det sv\u00e5rt heller, det var ju inte f\u00f6rsta g\u00e5ngen i livet. K\u00e4nslan f\u00f6r skogsarbetet hade bevarats under sommarloven fr\u00e5n skolan till den del som han klarade av det och orkade tillsammans med far.<\/p>\n<p>Arbetet varierade fritt, ibland ved, massa- eller pappersved, eller en fot l\u00e5nga propsar. Med stigande \u00e5lder och d\u00e5 styrkan v\u00e4xte blev det stockar, bomstockar och allt som kom i v\u00e4gen. Det fanns ingen undre eller \u00f6vre f\u00f6rtj\u00e4nstniv\u00e5 i dessa arbeten, arbetsl\u00f6n fick man enligt hur mycket man orkade slita i skogen.<\/p>\n<p>Arbetsf\u00f6rh\u00e5llandena var behagligt varierande, alltid ett friskt klimat som doftade k\u00e5da eller bj\u00f6rkl\u00f6v. Det var inte f\u00f6rorenat av kemikalier. Inget buller av arbetsmaskiner eller trafik, endast juster- och b\u00e5gs\u00e5gens s\u00e5ng, som ackompanjerades av ekot av kvistarens yxslag, d\u00e5 och d\u00e5 kryddade med spontana kraftuttryck.<\/p>\n<p>Vid den tiden var problemet med kropps\u00f6vervikt ok\u00e4nt. Pulsandet i sn\u00f6n under sn\u00f6rika vintrar och viljan att f\u00f6rs\u00f6ka, ibland \u00f6ver det krafterna till\u00e4t, sk\u00f6tte om den saken. Den viktigaste \u00f6verviktsbegr\u00e4nsaren var tr\u00e4varukapitalisten som i sitt om\u00e5ttliga penningbehov s\u00e5g till sin arbetares b\u00e4sta genom att betala l\u00f6n endast i den m\u00e5n s\u00e5 att det inte fanns risk f\u00f6r att denne skulle insjukna i farsoter p\u00e5 grund av levnadsstandarden.<\/p>\n<p>Pojken st\u00f6kade p\u00e5 tillsammans med fadern och kom i kontakt med olika faser i arbetet. Inte heller det blev onoterat hur v\u00e4lkommet ocks\u00e5 ett litet inkomsttillskott var i de knappa f\u00f6rh\u00e5llandena. Samtidigt kan man s\u00e4ga att det var terapi, d\u00e5 han f\u00f6r n\u00e5gra dagar slapp bort fr\u00e5n den tryckta st\u00e4mning som r\u00e5dde i hemmet efter broderns d\u00f6d.<\/p>\n<p>D\u00e5 faderns arbetskondition svek, fortsatte pojken ensam men arbetet blev sv\u00e5rare \u00e4n tidigare, d\u00e5 han inte l\u00e4rt sig hur b\u00e5gs\u00e5gen skulle h\u00e5llas i skick. Med ett ovasst verktyg klarar inte ens en stark karl sig i dessa arbeten, f\u00f6r att sedan inte tala om en pojke. I dag t\u00f6rs han erk\u00e4nna att t\u00e5rarna ibland tr\u00e4ngde fram i det betr\u00e4ngda l\u00e4get.. Men det fanns ingen genv\u00e4g d\u00e5 det g\u00e4llde problemet, skogens h\u00e5rda skola tvang pojken att l\u00e4ra sig att med ett ovasst verktyg blir det inget resultat. Han m\u00e5ste l\u00e4ra sig att h\u00e5lla s\u00e5gen i skick.<\/p>\n<p>D\u00e5 skogshuggarens krafter \u00e4nnu var begr\u00e4nsade s\u00e5 blev resultatet naturligtvis d\u00e4refter. Men genom att f\u00f6rl\u00e4nga dagen korrigerades dagskvoten n\u00e5got mot kv\u00e4llen. Men dock inte s\u00e5 att det svarade mot hemmets behov. Bekymmer fanns av m\u00e5nga slag och inte heller hade pojken \u00e4nnu fattat att krafterna och f\u00f6rm\u00e5gan hos en f\u00f6retagare i den \u00e5ldern inte r\u00e4cker till f\u00f6r att avhj\u00e4lpa hemtorpets brister. Pojken som var helt uppslukad av sitt arbete begrep inte, att man l\u00e4ngs den sociala r\u00e4ttvisans t\u00f6rnbestr\u00f6dda v\u00e4g m\u00e5ste gr\u00e4fta upp ett iskallt f\u00e4lt vilket arbete r\u00e4cker i tiotals \u00e5r och kr\u00e4ver arbete av generationer. Men man h\u00f6ll p\u00e5 att l\u00e4ra sig, s\u00e5 sm\u00e5ningom gick den verkliga sanningen upp.<\/p>\n<p>I stockskogen kunde man f\u00f6rverkliga sig sj\u00e4lv t.ex. p\u00e5 f\u00f6ljande s\u00e4tt. Det var n\u00f6dv\u00e4ndigt att ta sig till den k\u00f6ldfr\u00e4scha barrskogen i morgongryningen. D\u00e5 var skogen som mest st\u00e4mningsfull med sina st\u00e5tliga urgamla furor och granar. Suset i dem och de barkbekl\u00e4dda stammarna sk\u00e4rpte stockpojkarnas k\u00e4nsla f\u00f6r det lyriska. Morgongryningens sk\u00f6ra tystnad fick paret kring justers\u00e5gen att djupt kr\u00f6kta st\u00e4lla sig p\u00e5 vardera sidan av den karelska furan. Med dragr\u00f6relsen p\u00e5 b\u00e5da sidorna improviserade de orkestertemat: arbetets h\u00f6ga visa. Snart h\u00f6rdes ett musikspel fr\u00e5n \u00f6demarken, som skulle ha \u00f6verraskat en yrkesmusiker. D\u00e4rp\u00e5 f\u00f6ljde ca 30 brak med sm\u00e5 mellanrum och lika m\u00e5nga tallar eller granar l\u00e5g i sn\u00f6n.<\/p>\n<p>I kv\u00e4llsskymningen skidade de n\u00e5gra kilometer till inkvarteringshuset d\u00e4r man skulle tillbringa natten. Men p\u00e5 den v\u00e4gen fr\u00f6s blusryggen, den mjuknade efter att man suttit p\u00e5 b\u00e4nken i stugan en stund s\u00e5 att man kunde h\u00e4nga den f\u00f6r att torka p\u00e5 st\u00e4llningen f\u00f6r seldon. Efter att ha vilat litet \u00e5t stockpojkarna kv\u00e4llsvard. Till den h\u00f6rde r\u00e5gbr\u00f6d, sm\u00f6r, i ugnen stekt grissv\u00e5l och en halv liter mj\u00f6lk, d\u00e5 och d\u00e5 fick man k\u00f6pa en kopp soppa fr\u00e5n husets gryta.<\/p>\n<p>Vilken lyckostund i livet om det, efter att man hade \u00e4tit, fanns s\u00e5 mycket utrymme p\u00e5 b\u00e4nken i stugan som l\u00e4ngden kr\u00e4vde, f\u00f6r att man skulle f\u00e5 str\u00e4cka ut sig. Utan desto st\u00f6rre funderingar slappnade musklerna i vilol\u00e4ge av i tr\u00f6tthetens nirvana och man var medveten om, att p\u00e5 morgonen upprepas samma dagsprogram och det forts\u00e4tter \u00e4nda tills de st\u00e4mplade tr\u00e4den som bolaget k\u00f6pt \u00e4r f\u00e4llda.<\/p>\n<p>Det torde vara om\u00f6jligt f\u00f6r en som inte erfarit det att fatta hur h\u00e5rt br\u00f6det satt \u00e5t mellan den frusna barken och tr\u00e4dstammen. Men d\u00e4rifr\u00e5n m\u00e5ste det tas. D\u00e5 man en k\u00f6ldmorgon travade rotklabbarna fr\u00e5n en tall eller gran med tjock bark m\u00e4rkte man hur arbetet k\u00e4ndes i axlar och handleder. Det var ingen lek att f\u00e4lla stocktr\u00e4d under justers\u00e5gstiden. Inte heller att pulsa i den tjocka sn\u00f6n fr\u00e5n ett tr\u00e4d till ett annat, sparka bort sn\u00f6n p\u00e5 ett stort omr\u00e5de runt tr\u00e4det, s\u00e5 att du med kr\u00f6kt rygg kommer \u00e5t att n\u00f6ta av de tjocka stammarna.<\/p>\n<\/div><\/section>\n","protected":false},"excerpt":{"rendered":"","protected":false},"author":1,"featured_media":0,"parent":5434,"menu_order":4,"comment_status":"closed","ping_status":"closed","template":"","meta":{"footnotes":""},"class_list":["post-5463","page","type-page","status-publish","hentry"],"yoast_head":"<!-- This site is optimized with the Yoast SEO plugin v27.6 - https:\/\/yoast.com\/product\/yoast-seo-wordpress\/ -->\n<title>En ung pojke i skogsarbete - Veteraanien Perint\u00f6<\/title>\n<meta name=\"robots\" content=\"index, follow, max-snippet:-1, max-image-preview:large, max-video-preview:-1\" \/>\n<link rel=\"canonical\" href=\"https:\/\/veteraanienperinto.fi\/index.php\/sv\/vinterkriget\/vinterkrigets-berattelser\/1930-talet\/en-ung-pojke-i-skogsarbete\/\" \/>\n<meta property=\"og:locale\" content=\"fi_FI\" \/>\n<meta property=\"og:type\" content=\"article\" \/>\n<meta property=\"og:title\" content=\"En ung pojke i skogsarbete - Veteraanien Perint\u00f6\" \/>\n<meta property=\"og:url\" content=\"https:\/\/veteraanienperinto.fi\/index.php\/sv\/vinterkriget\/vinterkrigets-berattelser\/1930-talet\/en-ung-pojke-i-skogsarbete\/\" \/>\n<meta property=\"og:site_name\" content=\"Veteraanien Perint\u00f6\" \/>\n<meta property=\"article:modified_time\" content=\"2021-01-26T13:39:13+00:00\" \/>\n<meta name=\"twitter:card\" content=\"summary_large_image\" \/>\n<meta name=\"twitter:label1\" content=\"Arvioitu lukuaika\" \/>\n\t<meta name=\"twitter:data1\" content=\"6 minuuttia\" \/>\n<script type=\"application\/ld+json\" class=\"yoast-schema-graph\">{\"@context\":\"https:\\\/\\\/schema.org\",\"@graph\":[{\"@type\":\"WebPage\",\"@id\":\"https:\\\/\\\/veteraanienperinto.fi\\\/index.php\\\/sv\\\/vinterkriget\\\/vinterkrigets-berattelser\\\/1930-talet\\\/en-ung-pojke-i-skogsarbete\\\/\",\"url\":\"https:\\\/\\\/veteraanienperinto.fi\\\/index.php\\\/sv\\\/vinterkriget\\\/vinterkrigets-berattelser\\\/1930-talet\\\/en-ung-pojke-i-skogsarbete\\\/\",\"name\":\"En ung pojke i skogsarbete - Veteraanien Perint\u00f6\",\"isPartOf\":{\"@id\":\"https:\\\/\\\/veteraanienperinto.fi\\\/#website\"},\"datePublished\":\"2020-11-17T14:00:13+00:00\",\"dateModified\":\"2021-01-26T13:39:13+00:00\",\"breadcrumb\":{\"@id\":\"https:\\\/\\\/veteraanienperinto.fi\\\/index.php\\\/sv\\\/vinterkriget\\\/vinterkrigets-berattelser\\\/1930-talet\\\/en-ung-pojke-i-skogsarbete\\\/#breadcrumb\"},\"inLanguage\":\"fi\",\"potentialAction\":[{\"@type\":\"ReadAction\",\"target\":[\"https:\\\/\\\/veteraanienperinto.fi\\\/index.php\\\/sv\\\/vinterkriget\\\/vinterkrigets-berattelser\\\/1930-talet\\\/en-ung-pojke-i-skogsarbete\\\/\"]}]},{\"@type\":\"BreadcrumbList\",\"@id\":\"https:\\\/\\\/veteraanienperinto.fi\\\/index.php\\\/sv\\\/vinterkriget\\\/vinterkrigets-berattelser\\\/1930-talet\\\/en-ung-pojke-i-skogsarbete\\\/#breadcrumb\",\"itemListElement\":[{\"@type\":\"ListItem\",\"position\":1,\"name\":\"Etusivu\",\"item\":\"https:\\\/\\\/veteraanienperinto.fi\\\/index.php\\\/etusivu-2\\\/\"},{\"@type\":\"ListItem\",\"position\":2,\"name\":\"Vinterkriget\",\"item\":\"https:\\\/\\\/veteraanienperinto.fi\\\/index.php\\\/sv\\\/vinterkriget\\\/\"},{\"@type\":\"ListItem\",\"position\":3,\"name\":\"Vinterkrigets ber\u00e4ttelser\",\"item\":\"https:\\\/\\\/veteraanienperinto.fi\\\/index.php\\\/sv\\\/vinterkriget\\\/vinterkrigets-berattelser\\\/\"},{\"@type\":\"ListItem\",\"position\":4,\"name\":\"1930-talet\",\"item\":\"https:\\\/\\\/veteraanienperinto.fi\\\/index.php\\\/sv\\\/vinterkriget\\\/vinterkrigets-berattelser\\\/1930-talet\\\/\"},{\"@type\":\"ListItem\",\"position\":5,\"name\":\"En ung pojke i skogsarbete\"}]},{\"@type\":\"WebSite\",\"@id\":\"https:\\\/\\\/veteraanienperinto.fi\\\/#website\",\"url\":\"https:\\\/\\\/veteraanienperinto.fi\\\/\",\"name\":\"Veteraanien Perint\u00f6\",\"description\":\"Kadettikunta\",\"potentialAction\":[{\"@type\":\"SearchAction\",\"target\":{\"@type\":\"EntryPoint\",\"urlTemplate\":\"https:\\\/\\\/veteraanienperinto.fi\\\/?s={search_term_string}\"},\"query-input\":{\"@type\":\"PropertyValueSpecification\",\"valueRequired\":true,\"valueName\":\"search_term_string\"}}],\"inLanguage\":\"fi\"}]}<\/script>\n<!-- \/ Yoast SEO plugin. -->","yoast_head_json":{"title":"En ung pojke i skogsarbete - Veteraanien Perint\u00f6","robots":{"index":"index","follow":"follow","max-snippet":"max-snippet:-1","max-image-preview":"max-image-preview:large","max-video-preview":"max-video-preview:-1"},"canonical":"https:\/\/veteraanienperinto.fi\/index.php\/sv\/vinterkriget\/vinterkrigets-berattelser\/1930-talet\/en-ung-pojke-i-skogsarbete\/","og_locale":"fi_FI","og_type":"article","og_title":"En ung pojke i skogsarbete - Veteraanien Perint\u00f6","og_url":"https:\/\/veteraanienperinto.fi\/index.php\/sv\/vinterkriget\/vinterkrigets-berattelser\/1930-talet\/en-ung-pojke-i-skogsarbete\/","og_site_name":"Veteraanien Perint\u00f6","article_modified_time":"2021-01-26T13:39:13+00:00","twitter_card":"summary_large_image","twitter_misc":{"Arvioitu lukuaika":"6 minuuttia"},"schema":{"@context":"https:\/\/schema.org","@graph":[{"@type":"WebPage","@id":"https:\/\/veteraanienperinto.fi\/index.php\/sv\/vinterkriget\/vinterkrigets-berattelser\/1930-talet\/en-ung-pojke-i-skogsarbete\/","url":"https:\/\/veteraanienperinto.fi\/index.php\/sv\/vinterkriget\/vinterkrigets-berattelser\/1930-talet\/en-ung-pojke-i-skogsarbete\/","name":"En ung pojke i skogsarbete - Veteraanien Perint\u00f6","isPartOf":{"@id":"https:\/\/veteraanienperinto.fi\/#website"},"datePublished":"2020-11-17T14:00:13+00:00","dateModified":"2021-01-26T13:39:13+00:00","breadcrumb":{"@id":"https:\/\/veteraanienperinto.fi\/index.php\/sv\/vinterkriget\/vinterkrigets-berattelser\/1930-talet\/en-ung-pojke-i-skogsarbete\/#breadcrumb"},"inLanguage":"fi","potentialAction":[{"@type":"ReadAction","target":["https:\/\/veteraanienperinto.fi\/index.php\/sv\/vinterkriget\/vinterkrigets-berattelser\/1930-talet\/en-ung-pojke-i-skogsarbete\/"]}]},{"@type":"BreadcrumbList","@id":"https:\/\/veteraanienperinto.fi\/index.php\/sv\/vinterkriget\/vinterkrigets-berattelser\/1930-talet\/en-ung-pojke-i-skogsarbete\/#breadcrumb","itemListElement":[{"@type":"ListItem","position":1,"name":"Etusivu","item":"https:\/\/veteraanienperinto.fi\/index.php\/etusivu-2\/"},{"@type":"ListItem","position":2,"name":"Vinterkriget","item":"https:\/\/veteraanienperinto.fi\/index.php\/sv\/vinterkriget\/"},{"@type":"ListItem","position":3,"name":"Vinterkrigets ber\u00e4ttelser","item":"https:\/\/veteraanienperinto.fi\/index.php\/sv\/vinterkriget\/vinterkrigets-berattelser\/"},{"@type":"ListItem","position":4,"name":"1930-talet","item":"https:\/\/veteraanienperinto.fi\/index.php\/sv\/vinterkriget\/vinterkrigets-berattelser\/1930-talet\/"},{"@type":"ListItem","position":5,"name":"En ung pojke i skogsarbete"}]},{"@type":"WebSite","@id":"https:\/\/veteraanienperinto.fi\/#website","url":"https:\/\/veteraanienperinto.fi\/","name":"Veteraanien Perint\u00f6","description":"Kadettikunta","potentialAction":[{"@type":"SearchAction","target":{"@type":"EntryPoint","urlTemplate":"https:\/\/veteraanienperinto.fi\/?s={search_term_string}"},"query-input":{"@type":"PropertyValueSpecification","valueRequired":true,"valueName":"search_term_string"}}],"inLanguage":"fi"}]}},"_links":{"self":[{"href":"https:\/\/veteraanienperinto.fi\/index.php\/wp-json\/wp\/v2\/pages\/5463","targetHints":{"allow":["GET"]}}],"collection":[{"href":"https:\/\/veteraanienperinto.fi\/index.php\/wp-json\/wp\/v2\/pages"}],"about":[{"href":"https:\/\/veteraanienperinto.fi\/index.php\/wp-json\/wp\/v2\/types\/page"}],"author":[{"embeddable":true,"href":"https:\/\/veteraanienperinto.fi\/index.php\/wp-json\/wp\/v2\/users\/1"}],"replies":[{"embeddable":true,"href":"https:\/\/veteraanienperinto.fi\/index.php\/wp-json\/wp\/v2\/comments?post=5463"}],"version-history":[{"count":6,"href":"https:\/\/veteraanienperinto.fi\/index.php\/wp-json\/wp\/v2\/pages\/5463\/revisions"}],"predecessor-version":[{"id":10561,"href":"https:\/\/veteraanienperinto.fi\/index.php\/wp-json\/wp\/v2\/pages\/5463\/revisions\/10561"}],"up":[{"embeddable":true,"href":"https:\/\/veteraanienperinto.fi\/index.php\/wp-json\/wp\/v2\/pages\/5434"}],"wp:attachment":[{"href":"https:\/\/veteraanienperinto.fi\/index.php\/wp-json\/wp\/v2\/media?parent=5463"}],"curies":[{"name":"wp","href":"https:\/\/api.w.org\/{rel}","templated":true}]}}