{"id":5491,"date":"2020-11-17T14:12:48","date_gmt":"2020-11-17T14:12:48","guid":{"rendered":"https:\/\/veteraani.ylirotu.fi\/?page_id=5491"},"modified":"2020-12-13T16:25:35","modified_gmt":"2020-12-13T16:25:35","slug":"yngre-varnpliktiga","status":"publish","type":"page","link":"https:\/\/veteraanienperinto.fi\/index.php\/sv\/vinterkriget\/vinterkrigets-berattelser\/kriget\/krigsutbrottet\/yngre-varnpliktiga\/","title":{"rendered":"Yngre v\u00e4rnpliktiga&#8230;"},"content":{"rendered":"\n<style type=\"text\/css\" data-created_by=\"avia_inline_auto\" id=\"style-css-av-kinc9jlf-3d4bc696b8118d460f42da168c9a1b36\">\n#top .av-special-heading.av-kinc9jlf-3d4bc696b8118d460f42da168c9a1b36{\npadding-bottom:10px;\n}\nbody .av-special-heading.av-kinc9jlf-3d4bc696b8118d460f42da168c9a1b36 .av-special-heading-tag .heading-char{\nfont-size:25px;\n}\n.av-special-heading.av-kinc9jlf-3d4bc696b8118d460f42da168c9a1b36 .av-subheading{\nfont-size:15px;\n}\n<\/style>\n<div  class='av-special-heading av-kinc9jlf-3d4bc696b8118d460f42da168c9a1b36 av-special-heading-h3  avia-builder-el-0  el_before_av_textblock  avia-builder-el-first '><h3 class='av-special-heading-tag'  itemprop=\"headline\"  >Yngre v\u00e4rnpliktiga&#8230;<\/h3><div class=\"special-heading-border\"><div class=\"special-heading-inner-border\"><\/div><\/div><\/div>\n<section  class='av_textblock_section av-kei9w74n-7b0f008125a778f48432b9a614d90d0f '   itemscope=\"itemscope\" itemtype=\"https:\/\/schema.org\/CreativeWork\" ><div class='avia_textblock'  itemprop=\"text\" ><p><strong>Georg Kaustinen f<\/strong><strong>r\u00e5n Nylands Regemente i vinterkrigets JR 61<\/strong><\/p>\n<p>Vi kom in som v\u00e4rnpliktiga den 9 september 1939. N\u00e5got nerv\u00f6st var det i luften ty det talades hela tiden om v\u00e5ra relationer till grannen i \u00f6ster. En f\u00e4ltv\u00e4bel hade vi nog som ivrigt f\u00f6rs\u00f6kte f\u00f6rneka att, det skulle varit sp\u00e4nt mellan v\u00e5rt land och Sovjet, men det verkliga f\u00f6rh\u00e5llandet kunde inte d\u00f6ljas.<\/p>\n<p>Att vi under rekryttiden skulle ha l\u00e4rt oss s\u00e5 v\u00e4rst mycket av krigandets konst vill jag inte p\u00e5st\u00e5. Det var ett harvande p\u00e5 exercisf\u00e4ltet dagen i \u00e4nda. Vi l\u00e4rde oss att v\u00e4nda snabbt och bra i olika v\u00e4derstreck p\u00e5 kommando.<\/p>\n<p>F\u00f6rst var vi p\u00e5 Sveaborg och sedan flyttades vi till Sandhamn. D\u00e4r var vi d\u00e5 tiden n\u00e4rmade sig att vi skulle bli soldater. Inf\u00f6r det stora \u00f6gonblicket var det ett hejdl\u00f6st st\u00e4dande. Taken i logementen tv\u00e4ttades, golven bonades, trapporna skurades. Ja, allt som gick att putsa och polera skulle gnidas.<\/p>\n<p>Men s\u00e5 en dag, mitt i allt st\u00e5hej, b\u00f6rjade sirenerna vr\u00e5la i Helsingfors. Vi kommenderades ut p\u00e5 g\u00e5rden f\u00f6r uppst\u00e4llning. D\u00e4r stod vi l\u00e4nge och v\u00e4l utan att f\u00e5 veta varf\u00f6r. Efter ett tag kommenderades vi in efter gev\u00e4ren och det bar iv\u00e4g till exercisf\u00e4ltet d\u00e4r vi sprang fr\u00e5n och till t\u00e4mligen meningsl\u00f6st.<\/p>\n<p>Vi kopplade gev\u00e4ren och stod i grupper och pratade d\u00e5 n\u00e5gon ropade: &#8221;Sini p\u00e5 satan, ryska bombplan! Nog har di fina plan di!&#8221;.<\/p>\n<p>Inte f\u00f6rstod vi att det var n\u00e5gon fara f\u00f6rr\u00e4n bombluckorna \u00f6ppnades och bomberna dalade rakt ned mot oss. D\u00e5 var det att riva till sig gev\u00e4ret och springa till skogs. Planen hade kommit i glidflykt, s\u00e5 ingen h\u00f6rde n\u00e5got f\u00f6rr\u00e4n de var \u00f6ver oss. N\u00e5got luftf\u00f6rsvar fanns tydligen inte. Vi i skogen klarade oss, men p\u00e5 kasernomr\u00e5det blev m\u00e5nga skadade och d\u00f6da.<\/p>\n<p>Kriget var \u00f6ver oss. Vi s\u00e4ndes till Hertton\u00e4s f\u00f6r att vakta, men mot flyget fanns inget f\u00f6rsvar.<\/p>\n<p>Stridsutbildningen som vi sedan fick i Tr\u00e4sk\u00e4nda och Tavastehus blev h\u00e4refter meningsfull. V\u00e4rst f\u00f6r oss var att december blev s\u00e5 kall att vi fr\u00f6s f\u00f6rskr\u00e4ckligt.<\/p>\n<p>Erik Tunis:<br \/>\nInga kl\u00e4der f\u00f6r vintern hade vi &#8211; bara sommarblusar och sommarbyxor, inte heller tr\u00f6jor eller varmare underkl\u00e4der. De hade tagit allt som funnits i lager \u00e5t reservisterna som farit p\u00e5 reserv\u00f6vning. Inte ens ryggs\u00e4ckar hade vi, utan vi band ett sn\u00f6re i vart h\u00f6rn p\u00e5 dynvaren och de fick tj\u00e4nstg\u00f6ra som ryggs\u00e4ckar. Det var nog ett el\u00e4nde med utrustningen av Finlands arm\u00e9. Inte var vi beredda p\u00e5 n\u00e5got krig.<\/p>\n<p>Bef\u00e4let hittade p\u00e5 r\u00e5d. De s\u00e4nde hem oss hela g\u00e4nget p\u00e5 permission och bad oss ta med skidor de som hade och kunde.<\/p>\n<p>Hemma var f\u00f6rst\u00e5s far och mor m\u00e5na om oss och vi utrustades med varma underkl\u00e4der, tr\u00f6jor, strumpor, vadmalsbyxor och skodon. Jag fick ett par st\u00f6vlar av Dalkars Anders, av lottorna fick jag en stadig vindtygsrock. Alla p\u00e5 hemorten var inst\u00e4llda p\u00e5 att snabbt hj\u00e4lpa pojkarna som for ut.<\/p>\n<p>Det var kanske p\u00e5 trettondagsaftonen som alla var tillbaka fr\u00e5n permissionen och vi lastades p\u00e5 t\u00e5get till Karelen. Vi kom till Pyh\u00e4j\u00e4rvi, en rund sj\u00f6 n\u00e4ra Taipale p\u00e5 N\u00e4set. Ute p\u00e5 en udde med god utsikt hade vi bevakning \u00f6ver sj\u00f6n. Jag hade ett snabbeldsgev\u00e4r som var s\u00e5 utn\u00f6tt av \u00f6vningsskjutning under tidigare \u00e5r s\u00e5 jag betvivlar om det skulle ha h\u00e5llit ihop att skjuta skarpt med.<\/p>\n<p>En kv\u00e4ll fick vi order om sk\u00e4rpt bevakning, och vi skulle se i luften ocks\u00e5. Och faktiskt, det kom ned ryska fallsk\u00e4rmsj\u00e4gare. Nog var de utrustade med allting som mat, spr\u00e4ng\u00e4mnen, signalmaterial, vapen och ammunition. Och nog var de ena j\u00e4kla elitsoldater. Ingen gav sig levande.<\/p>\n<p>Att jaga dem var allt annat \u00e4n roligt. Vi hade en i en pulka som vi trodde var d\u00f6d. Men sidu, n\u00e4r vi kom till staben s\u00e5 drog han fram en pistol n\u00e5nstans ur kl\u00e4derna och skulle skjuta n\u00e5gon officer. Det hann han inte med \u00e4nd\u00e5.<\/p>\n<p>Jag blev uttagen tillsammans med 15-20 t\u00e4vlingsskidare som h\u00f6ll 5-6 skidsp\u00e5r i bredd \u00f6ppna mot Taipale, s\u00e5 bataljonen snabbt skulle kunna f\u00f6rflyttas dit vid behov. Vi hann inte ut dit f\u00f6rr\u00e4n vi m\u00e5ste till K\u00e4m\u00e4r\u00e4.<\/p>\n<p>V\u00e5r bataljon h\u00f6rde vid fronten till det finska regementet JR 61. Vid Pienpero skulle vi ta emot ryssarna. Under uppmarschen m\u00f6tte vi svenskspr\u00e5kiga soldater som kom fr\u00e5n Summa. N\u00e4r de h\u00f6rde vart vi var p\u00e5 v\u00e4g sa de bara: &#8221;Stackars pojkar&#8221;. Det var den enda uppmuntran de kunde ge.<\/p>\n<p>Vi blev placerade p\u00e5 vakt i diket och groparna framf\u00f6r en linje med tankshinder. Det fanns en liten stuga ett par hundra meter bakom d\u00e4r vi f\u00f6rs\u00f6kte f\u00e5 plats att sova mellan turerna. Det var f\u00f6r tr\u00e5ngt och inte hann vi heller med n\u00e5got sovande. Det kom alarm att ryssarna n\u00e4rmade sig, och vi spreds ut i diket som kallades l\u00f6pgrav. Vi hann bara i graven s al stod stugan i l\u00e5gor. Ryssarna hade tr\u00e4ffat med en brandbomb.<\/p>\n<p>N\u00e4r vi sedan stod d\u00e4r i Mannerheimlinjen och v\u00e4ntade p\u00e5 ryssarnas anfall, kom n\u00e5gon och ropade att vi m\u00e5ste bort, ur diket f\u00f6r fientliga stridsvagnar kommer fr\u00e5n v\u00e4nster och vi har inga vapen alls mot dem. Jag stod tillsammans med Ragnar Ingo, och vi sprang genom en talldunge som var synnerligen t\u00e4t. D\u00e4r var vi s\u00e4kert skyddade f\u00f6r insyn. Fast vi sprang tillsammans tappade jag i alla fall kontakten med Ragnar, och sedan s\u00e5gs vi aldrig mera. Han kom inte ut p\u00e5 andra sidan. N\u00e4r allt hade lugnat sig och vi kunde g\u00e5 tillbaka fann vi ingen Ragnar hur vi \u00e4n s\u00f6kte. Han var och f\u00f6rblev f\u00f6rsvunnen.<\/p>\n<p>Tanksfaran var fortfarande \u00f6verh\u00e4ngande, s\u00e5 plutonchefen bad att f\u00e5 frivilliga som skulle g\u00e5 \u00f6ver till grannbataljonen f\u00f6r att be om &#8221;kasapanos&#8221; och handgranater. Kusinerna Hild\u00e9n fr\u00e5n Nyland och jag anm\u00e4lde oss och gick. Spr\u00e4ngladdningar fick vi och h\u00e4ngde p\u00e5 oss s\u00e5 mycket vi orkade b\u00e4ra. Hade n\u00e5gon av oss blivit tr\u00e4ffad av en kula hade vi nog f\u00f6rsvunnit f\u00f6r alltid.<\/p>\n<p>Bataljonen blev snart illa medfaren, glesnad, splittrad och f\u00f6r\u00f6dd. Redan efter ett par veckor hade vi f\u00f6rlorat v\u00e5ra plutonchefer som vi s\u00e5 v\u00e4l skulle beh\u00f6vt d\u00e5 det var som v\u00e4rst. Det var v\u00e4l bara kompanichefen och en plutonchef kvar. De var bra men r\u00e4ckte inte till. Manskapets led var glesa i samma grad.<\/p>\n<p>Vi var 4-5 man som tog oss \u00f6ver en stor mosse med en s\u00e5rad i pulkan. Sn\u00f6n var djup och gick oss till magen. Tv\u00e5 man skulle inte ha orkat fram med n\u00e5gon rimlig snabbhet. N\u00e4r vi \u00e4ntligen kom \u00f6ver \u00f6demarken hittade vi ett finskt kompani d\u00e4r i skogen. Den s\u00e5rade blev omh\u00e4ndertagen och vi andra beg\u00e4rde mat. Vi hade inte f\u00e5tt kokad mat p\u00e5 de tv\u00e5 veckor vi varit i linjen. Det var ett enda kaos.<\/p>\n<p>De andra i kompaniet hade ocks\u00e5 f\u00e5tt komma ur linjen och skulle vila och torka kl\u00e4derna. Vi fann dem efter n\u00e5gra timmars tontande fr\u00e5n och till. V\u00e5ta var vi som dr\u00e4nkta kattor.<\/p>\n<p>Det blev dock inte l\u00e5ng vila. Vi hann bara krypa in i t\u00e4ltet och dra av oss kl\u00e4derna s\u00e5 kom n\u00e5gon och ropade att varje man som har maskinpistol skulle ut. Jag hade maskinpistol. Vi skulle ta reda p\u00e5 hur n\u00e4ra ryssen var. Jag minns att jag var s\u00e5 tr\u00f6tt, att n\u00e4r patrullen stannade emellan\u00e5t s\u00e5 somnade jag st\u00f6dd p\u00e5 skidstavarna. Vaknade n\u00e4r kamraten bakom st\u00f6tte mig i ryggen med skidstaven. Vi m\u00e5ste ta det f\u00f6rsiktigt och stanna, ty tanksen rasslade i skogen runtom.<\/p>\n<p>Vi kom genom skogen till en stor \u00e4ng. D\u00e4r p\u00e5 andra sidan fanns en stuga p\u00e5 backen. Det vimlade av folk runt stugan och vi trodde de var finnar, men s\u00e5 var det inte. Vi hann bara visa oss i skogsbrynet s \u00e5 kom eld p\u00e5 oss. Kvickt var vi in i skogen igen men d\u00e4r haglade granater runt oss. En granat exploderade i en gran en bit fr\u00e5n mig. Jag k\u00e4nde ett slag i ryggen som om n\u00e5gon slagit mig med en j\u00e4rnst\u00e5ng. F\u00f6rsta tanken d\u00e4r jag l\u00e5g var om benen skulle b\u00e4ra mig s\u00e5 jag kunde komma bort. De h\u00f6ll och jag skulle ta mig till de andra. Men j\u00e4mmer och el\u00e4nde! Vi var 14 man och 9 blev s\u00e5rade p\u00e5 samma g\u00e5ng. D\u00e5 var goda r\u00e5d dyra. V\u00e5r patrullchef var oskadad och for bak\u00e5t f\u00f6r att s\u00f6ka hj\u00e4lp.<\/p>\n<p>Som tur var korn han p\u00e5 ett finskt kompani som just var p\u00e5 v\u00e4g d\u00e4rifr\u00e5n. De v\u00e4nde med ett par fordon, vi sl\u00e4ngde oss i sl\u00e4darna och s\u00e5 bar det iv\u00e4g d\u00e4rifr\u00e5n allt var de kunde k\u00f6ra. Ryssarna sk\u00f6t granater hela tiden i skogen.<\/p>\n<p>De lade oss s\u00e5rade i en stuga invid en v\u00e4g. D\u00e4r fick vi ligga hela dagen utan att se en enda m\u00e4nniska. Jag l\u00e5g som i dvala och visste knappt till mig. Till sist h\u00f6rde vi r\u00f6ster, och folk kom in och bar oss in i en sjukbuss. F\u00e4rden p\u00e5 mycket d\u00e5liga v\u00e4gar var pl\u00e5gsam, men till slut kom vi till Rauha sjukhus vid Saimen.<\/p>\n<p>Det kan inte beskrivas hur d\u00e4r s\u00e5g ut i korridoren d\u00e4r de satte ner b\u00e5rarna. D\u00e4r l\u00e5g s\u00e5rade i massor. En l\u00e4kare som gick f\u00f6rbi fr\u00e5gade hur det var med mig n\u00e4r han s\u00e5g hur jag pl\u00e5gades. Jag ber\u00e4ttade att jag har en sk\u00e4rva i ryggen. Jag bars d\u00e5 upp i en h\u00f6gre v\u00e5ning d\u00e4r kamrater fr\u00e5n v\u00e5rt kompani l\u00e5g. Trots att jag hade pl\u00e5gor var det underbart att f\u00e5 en s\u00e4ng med rena lakan och bli omh\u00e4ndertagen av sk\u00f6terskor eller lottor, vad de nu var. Jag blev s\u00e5rad 23 februari 1940. Tv\u00e5 veckor l\u00e5g jag i Rauha och sedan tv\u00e5 m\u00e5nader p\u00e5 Bj\u00f6rneborgs allm\u00e4nna sjukhus. Vinterkriget var d\u00e4rmed slut f\u00f6r mig.<\/p>\n<p><strong><em>Ur boken:<\/em><\/strong><br \/>\n<strong><em>V\u00f6r\u00e5bor i F\u00e4lt<\/em><\/strong><\/p>\n<\/div><\/section>\n","protected":false},"excerpt":{"rendered":"","protected":false},"author":1,"featured_media":0,"parent":5479,"menu_order":2,"comment_status":"closed","ping_status":"closed","template":"","meta":{"footnotes":""},"class_list":["post-5491","page","type-page","status-publish","hentry"],"yoast_head":"<!-- This site is optimized with the Yoast SEO plugin v27.6 - https:\/\/yoast.com\/product\/yoast-seo-wordpress\/ -->\n<title>Yngre v\u00e4rnpliktiga... - Veteraanien Perint\u00f6<\/title>\n<meta name=\"robots\" content=\"index, follow, max-snippet:-1, max-image-preview:large, max-video-preview:-1\" \/>\n<link rel=\"canonical\" href=\"https:\/\/veteraanienperinto.fi\/index.php\/sv\/vinterkriget\/vinterkrigets-berattelser\/kriget\/krigsutbrottet\/yngre-varnpliktiga\/\" \/>\n<meta property=\"og:locale\" content=\"fi_FI\" \/>\n<meta property=\"og:type\" content=\"article\" \/>\n<meta property=\"og:title\" content=\"Yngre v\u00e4rnpliktiga... - Veteraanien Perint\u00f6\" \/>\n<meta property=\"og:url\" content=\"https:\/\/veteraanienperinto.fi\/index.php\/sv\/vinterkriget\/vinterkrigets-berattelser\/kriget\/krigsutbrottet\/yngre-varnpliktiga\/\" \/>\n<meta property=\"og:site_name\" content=\"Veteraanien Perint\u00f6\" \/>\n<meta property=\"article:modified_time\" content=\"2020-12-13T16:25:35+00:00\" \/>\n<meta name=\"twitter:card\" content=\"summary_large_image\" \/>\n<meta name=\"twitter:label1\" content=\"Arvioitu lukuaika\" \/>\n\t<meta name=\"twitter:data1\" content=\"10 minuuttia\" \/>\n<script type=\"application\/ld+json\" class=\"yoast-schema-graph\">{\"@context\":\"https:\\\/\\\/schema.org\",\"@graph\":[{\"@type\":\"WebPage\",\"@id\":\"https:\\\/\\\/veteraanienperinto.fi\\\/index.php\\\/sv\\\/vinterkriget\\\/vinterkrigets-berattelser\\\/kriget\\\/krigsutbrottet\\\/yngre-varnpliktiga\\\/\",\"url\":\"https:\\\/\\\/veteraanienperinto.fi\\\/index.php\\\/sv\\\/vinterkriget\\\/vinterkrigets-berattelser\\\/kriget\\\/krigsutbrottet\\\/yngre-varnpliktiga\\\/\",\"name\":\"Yngre v\u00e4rnpliktiga... - Veteraanien Perint\u00f6\",\"isPartOf\":{\"@id\":\"https:\\\/\\\/veteraanienperinto.fi\\\/#website\"},\"datePublished\":\"2020-11-17T14:12:48+00:00\",\"dateModified\":\"2020-12-13T16:25:35+00:00\",\"breadcrumb\":{\"@id\":\"https:\\\/\\\/veteraanienperinto.fi\\\/index.php\\\/sv\\\/vinterkriget\\\/vinterkrigets-berattelser\\\/kriget\\\/krigsutbrottet\\\/yngre-varnpliktiga\\\/#breadcrumb\"},\"inLanguage\":\"fi\",\"potentialAction\":[{\"@type\":\"ReadAction\",\"target\":[\"https:\\\/\\\/veteraanienperinto.fi\\\/index.php\\\/sv\\\/vinterkriget\\\/vinterkrigets-berattelser\\\/kriget\\\/krigsutbrottet\\\/yngre-varnpliktiga\\\/\"]}]},{\"@type\":\"BreadcrumbList\",\"@id\":\"https:\\\/\\\/veteraanienperinto.fi\\\/index.php\\\/sv\\\/vinterkriget\\\/vinterkrigets-berattelser\\\/kriget\\\/krigsutbrottet\\\/yngre-varnpliktiga\\\/#breadcrumb\",\"itemListElement\":[{\"@type\":\"ListItem\",\"position\":1,\"name\":\"Etusivu\",\"item\":\"https:\\\/\\\/veteraanienperinto.fi\\\/index.php\\\/etusivu-2\\\/\"},{\"@type\":\"ListItem\",\"position\":2,\"name\":\"Vinterkriget\",\"item\":\"https:\\\/\\\/veteraanienperinto.fi\\\/index.php\\\/sv\\\/vinterkriget\\\/\"},{\"@type\":\"ListItem\",\"position\":3,\"name\":\"Vinterkrigets ber\u00e4ttelser\",\"item\":\"https:\\\/\\\/veteraanienperinto.fi\\\/index.php\\\/sv\\\/vinterkriget\\\/vinterkrigets-berattelser\\\/\"},{\"@type\":\"ListItem\",\"position\":4,\"name\":\"Kriget\",\"item\":\"https:\\\/\\\/veteraanienperinto.fi\\\/index.php\\\/sv\\\/vinterkriget\\\/vinterkrigets-berattelser\\\/kriget\\\/\"},{\"@type\":\"ListItem\",\"position\":5,\"name\":\"Krigsutbrottet\",\"item\":\"https:\\\/\\\/veteraanienperinto.fi\\\/index.php\\\/sv\\\/vinterkriget\\\/vinterkrigets-berattelser\\\/kriget\\\/krigsutbrottet\\\/\"},{\"@type\":\"ListItem\",\"position\":6,\"name\":\"Yngre v\u00e4rnpliktiga&#8230;\"}]},{\"@type\":\"WebSite\",\"@id\":\"https:\\\/\\\/veteraanienperinto.fi\\\/#website\",\"url\":\"https:\\\/\\\/veteraanienperinto.fi\\\/\",\"name\":\"Veteraanien Perint\u00f6\",\"description\":\"Kadettikunta\",\"potentialAction\":[{\"@type\":\"SearchAction\",\"target\":{\"@type\":\"EntryPoint\",\"urlTemplate\":\"https:\\\/\\\/veteraanienperinto.fi\\\/?s={search_term_string}\"},\"query-input\":{\"@type\":\"PropertyValueSpecification\",\"valueRequired\":true,\"valueName\":\"search_term_string\"}}],\"inLanguage\":\"fi\"}]}<\/script>\n<!-- \/ Yoast SEO plugin. -->","yoast_head_json":{"title":"Yngre v\u00e4rnpliktiga... - Veteraanien Perint\u00f6","robots":{"index":"index","follow":"follow","max-snippet":"max-snippet:-1","max-image-preview":"max-image-preview:large","max-video-preview":"max-video-preview:-1"},"canonical":"https:\/\/veteraanienperinto.fi\/index.php\/sv\/vinterkriget\/vinterkrigets-berattelser\/kriget\/krigsutbrottet\/yngre-varnpliktiga\/","og_locale":"fi_FI","og_type":"article","og_title":"Yngre v\u00e4rnpliktiga... - Veteraanien Perint\u00f6","og_url":"https:\/\/veteraanienperinto.fi\/index.php\/sv\/vinterkriget\/vinterkrigets-berattelser\/kriget\/krigsutbrottet\/yngre-varnpliktiga\/","og_site_name":"Veteraanien Perint\u00f6","article_modified_time":"2020-12-13T16:25:35+00:00","twitter_card":"summary_large_image","twitter_misc":{"Arvioitu lukuaika":"10 minuuttia"},"schema":{"@context":"https:\/\/schema.org","@graph":[{"@type":"WebPage","@id":"https:\/\/veteraanienperinto.fi\/index.php\/sv\/vinterkriget\/vinterkrigets-berattelser\/kriget\/krigsutbrottet\/yngre-varnpliktiga\/","url":"https:\/\/veteraanienperinto.fi\/index.php\/sv\/vinterkriget\/vinterkrigets-berattelser\/kriget\/krigsutbrottet\/yngre-varnpliktiga\/","name":"Yngre v\u00e4rnpliktiga... - Veteraanien Perint\u00f6","isPartOf":{"@id":"https:\/\/veteraanienperinto.fi\/#website"},"datePublished":"2020-11-17T14:12:48+00:00","dateModified":"2020-12-13T16:25:35+00:00","breadcrumb":{"@id":"https:\/\/veteraanienperinto.fi\/index.php\/sv\/vinterkriget\/vinterkrigets-berattelser\/kriget\/krigsutbrottet\/yngre-varnpliktiga\/#breadcrumb"},"inLanguage":"fi","potentialAction":[{"@type":"ReadAction","target":["https:\/\/veteraanienperinto.fi\/index.php\/sv\/vinterkriget\/vinterkrigets-berattelser\/kriget\/krigsutbrottet\/yngre-varnpliktiga\/"]}]},{"@type":"BreadcrumbList","@id":"https:\/\/veteraanienperinto.fi\/index.php\/sv\/vinterkriget\/vinterkrigets-berattelser\/kriget\/krigsutbrottet\/yngre-varnpliktiga\/#breadcrumb","itemListElement":[{"@type":"ListItem","position":1,"name":"Etusivu","item":"https:\/\/veteraanienperinto.fi\/index.php\/etusivu-2\/"},{"@type":"ListItem","position":2,"name":"Vinterkriget","item":"https:\/\/veteraanienperinto.fi\/index.php\/sv\/vinterkriget\/"},{"@type":"ListItem","position":3,"name":"Vinterkrigets ber\u00e4ttelser","item":"https:\/\/veteraanienperinto.fi\/index.php\/sv\/vinterkriget\/vinterkrigets-berattelser\/"},{"@type":"ListItem","position":4,"name":"Kriget","item":"https:\/\/veteraanienperinto.fi\/index.php\/sv\/vinterkriget\/vinterkrigets-berattelser\/kriget\/"},{"@type":"ListItem","position":5,"name":"Krigsutbrottet","item":"https:\/\/veteraanienperinto.fi\/index.php\/sv\/vinterkriget\/vinterkrigets-berattelser\/kriget\/krigsutbrottet\/"},{"@type":"ListItem","position":6,"name":"Yngre v\u00e4rnpliktiga&#8230;"}]},{"@type":"WebSite","@id":"https:\/\/veteraanienperinto.fi\/#website","url":"https:\/\/veteraanienperinto.fi\/","name":"Veteraanien Perint\u00f6","description":"Kadettikunta","potentialAction":[{"@type":"SearchAction","target":{"@type":"EntryPoint","urlTemplate":"https:\/\/veteraanienperinto.fi\/?s={search_term_string}"},"query-input":{"@type":"PropertyValueSpecification","valueRequired":true,"valueName":"search_term_string"}}],"inLanguage":"fi"}]}},"_links":{"self":[{"href":"https:\/\/veteraanienperinto.fi\/index.php\/wp-json\/wp\/v2\/pages\/5491","targetHints":{"allow":["GET"]}}],"collection":[{"href":"https:\/\/veteraanienperinto.fi\/index.php\/wp-json\/wp\/v2\/pages"}],"about":[{"href":"https:\/\/veteraanienperinto.fi\/index.php\/wp-json\/wp\/v2\/types\/page"}],"author":[{"embeddable":true,"href":"https:\/\/veteraanienperinto.fi\/index.php\/wp-json\/wp\/v2\/users\/1"}],"replies":[{"embeddable":true,"href":"https:\/\/veteraanienperinto.fi\/index.php\/wp-json\/wp\/v2\/comments?post=5491"}],"version-history":[{"count":3,"href":"https:\/\/veteraanienperinto.fi\/index.php\/wp-json\/wp\/v2\/pages\/5491\/revisions"}],"predecessor-version":[{"id":7217,"href":"https:\/\/veteraanienperinto.fi\/index.php\/wp-json\/wp\/v2\/pages\/5491\/revisions\/7217"}],"up":[{"embeddable":true,"href":"https:\/\/veteraanienperinto.fi\/index.php\/wp-json\/wp\/v2\/pages\/5479"}],"wp:attachment":[{"href":"https:\/\/veteraanienperinto.fi\/index.php\/wp-json\/wp\/v2\/media?parent=5491"}],"curies":[{"name":"wp","href":"https:\/\/api.w.org\/{rel}","templated":true}]}}