{"id":550,"date":"2020-08-29T10:18:26","date_gmt":"2020-08-29T10:18:26","guid":{"rendered":"https:\/\/veteraani.ylirotu.fi\/?page_id=550"},"modified":"2021-01-26T15:06:26","modified_gmt":"2021-01-26T15:06:26","slug":"pioneeritoiminta","status":"publish","type":"page","link":"https:\/\/veteraanienperinto.fi\/index.php\/tietopankit\/aselajit\/pioneeritoiminta\/","title":{"rendered":"Pioneeritoiminta"},"content":{"rendered":"<div id='full_slider_1'  class='avia-fullwidth-slider main_color avia-shadow   avia-builder-el-0  el_before_av_heading  avia-builder-el-first   container_wrap sidebar_right'  ><\/div><div id='after_full_slider_1'  class='main_color av_default_container_wrap container_wrap sidebar_right'  ><div class='container av-section-cont-open' ><div class='template-page content  av-content-small alpha units'><div class='post-entry post-entry-type-page post-entry-550'><div class='entry-content-wrapper clearfix'>\n\n<style type=\"text\/css\" data-created_by=\"avia_inline_auto\" id=\"style-css-av-kke4u8os-691bd2f171b8d7235c8418f2ad95769f\">\n#top .av-special-heading.av-kke4u8os-691bd2f171b8d7235c8418f2ad95769f{\npadding-bottom:10px;\n}\nbody .av-special-heading.av-kke4u8os-691bd2f171b8d7235c8418f2ad95769f .av-special-heading-tag .heading-char{\nfont-size:25px;\n}\n.av-special-heading.av-kke4u8os-691bd2f171b8d7235c8418f2ad95769f .av-subheading{\nfont-size:15px;\n}\n<\/style>\n<div  class='av-special-heading av-kke4u8os-691bd2f171b8d7235c8418f2ad95769f av-special-heading-h2  avia-builder-el-1  el_after_av_slideshow_full  el_before_av_textblock  avia-builder-el-first '><h2 class='av-special-heading-tag'  itemprop=\"headline\"  >Pioneeritoiminta<\/h2><div class=\"special-heading-border\"><div class=\"special-heading-inner-border\"><\/div><\/div><\/div>\n<section  class='av_textblock_section av-7ob6m-d9c586b6c8a9f7f2de6960b2b26bc9e5 '   itemscope=\"itemscope\" itemtype=\"https:\/\/schema.org\/CreativeWork\" ><div class='avia_textblock'  itemprop=\"text\" ><p><strong>Talvisota<\/strong><\/p>\n<p>Talvisodassa pioneeriyksik\u00f6iden t\u00e4rkein teht\u00e4v\u00e4 oli panssari- ja jalkav\u00e4kimiinoitteiden rakentaminen hy\u00f6kk\u00e4\u00e4vien neuvostojoukkojen torjumiseksi ja hidastamiseksi. Miinoja oli kuitenkin vain pieni osa edes v\u00e4ltt\u00e4m\u00e4tt\u00f6mimm\u00e4st\u00e4 tarpeesta. Ennen talvisotaa ei ollut otettu riitt\u00e4v\u00e4sti huomioon sit\u00e4, kuinka tehokas ja halpa keino hyvin suunniteltujen ja valvottujen miinoitteiden k\u00e4ytt\u00f6 olisi ollut ylivoimaistakin hy\u00f6kk\u00e4\u00e4j\u00e4\u00e4 vastaan.<\/p>\n<p>Miinojen puutteen johdosta joukot valmistivat my\u00f6s itse erilaisia ansoituksia ja omatekoisia miinoja. Paksu lumi vaati miinoitteiden rakentamisessa monin paikoin erikoisj\u00e4rjestelyj\u00e4. Pioneerijoukoilta puuttui miinojen lis\u00e4ksi suuri osa my\u00f6s muusta tarpeellisesta v\u00e4lineist\u00f6st\u00e4. Vain tavallisia ty\u00f6kaluja oli yleens\u00e4 riitt\u00e4v\u00e4sti.<\/p>\n<p>Talvisodan aikana pioneerijoukkoihin kuuluneet aurausosastot olivat kovan ty\u00f6paineen alaisina. Tienkorjaus- ja sillanrakennuskomppaniat joutuivat p\u00e4\u00e4teht\u00e4v\u00e4ns\u00e4 lis\u00e4ksi osallistumaan my\u00f6s esimerkiksi kiviesteiden rakentamiseen. Linnoittaminen kuului kaikille joukoille, mutta vaativimpiin linnoitust\u00f6ihin k\u00e4ytettiin rakentajayksik\u00f6it\u00e4.<\/p>\n<p><strong>Jatkosota<\/strong><\/p>\n<p>V\u00e4lirauhan aikana pioneeriaselajin organisaatioita tarkistettiin ja pioneerien m\u00e4\u00e4r\u00e4\u00e4 joukkojen kokoonpanoissa lis\u00e4ttiin talvisodan 11 000:sta 20 000:een. Varsinaisiin pioneerijoukkoihin kuuluivat pioneeripataljoonat ja -kolonnat, silta- ja aurauskomppaniat sek\u00e4 erilliset valonheitinryhm\u00e4t. My\u00f6hemmin valonheitinryhm\u00e4t ja -joukkueet korvattiin iskuosastotoimintaan koulutetuilla j\u00e4\u00e4k\u00e4ripioneerijoukkueilla. Niiden varustukseen kuului esimerkiksi liekinheittimi\u00e4. Pioneerity\u00f6joukot koostuivat tienhoito-, tienrakennus- ja sillanrakennuskomppanioista. Talvisodan aikaisia materiaalipuutteita pyrittiin poistamaan hankkimalla erityisesti panssarimiinoja. Esimerkiksi pioneerien tarvitsemia ty\u00f6koneita pystyttiin kuitenkin hankkimaan vain puolet v\u00e4himm\u00e4istarpeesta.<\/p>\n<p>Jatkosodan hy\u00f6kk\u00e4ysvaiheessa kes\u00e4ll\u00e4 ja syksyll\u00e4 1941 pioneerien t\u00e4rkein teht\u00e4v\u00e4 oli aluksi miinoitteiden ja murrosteiden raivaus. Hyvin erikoista oli S\u00e4kkij\u00e4rven polkan soittaminen radiossa yht\u00e4 mittaa useita vuorokausia per\u00e4kk\u00e4in. Sotilaat ihmetteliv\u00e4t t\u00e4m\u00e4n tarkoitusta. Vasta j\u00e4lkeenp\u00e4in heille selvisi, ett\u00e4 t\u00e4ll\u00e4 estettiin ven\u00e4l\u00e4isten suurten radiomiinojen laukaisu. Niill\u00e4 oli tarkoitus tuhota t\u00e4rkeit\u00e4 kohteita suomalaisten takaisin valtaamassa Viipurissa. Miinojen raivaamisen lis\u00e4ksi pioneerit osallistuivat pes\u00e4kkeiden ja korsualueiden tuhoamiseen Pioneerit j\u00e4rjestiv\u00e4t hein\u00e4kuun lopulla Karjalan kannaksen it\u00e4osissa Vuoksen ylimenon aluksi sy\u00f6ksy- ja kumiveneill\u00e4 sek\u00e4 ruuhilla. Raskas kalusto kuljetettiin moottoriponttonilautoilla. Muut vaativat vesist\u00f6n ylitykset tapahtuivat elokuussa Viipurinlahden ja syyskuussa Laatokan koillispuolella vuolaan Syv\u00e4rin virran yli.<\/p>\n<p>Kun hy\u00f6kk\u00e4ys oli pys\u00e4ytetty joukoille k\u00e4skettyihin tavoitteisiin, pioneerit jatkoivat omassa selustassa olevien miinoitteiden raivausta ja ryhtyiv\u00e4t rakentamaan lujia puisia kentt\u00e4siltoja aluksi ponttonien varaan rakennettujen siltojen tilalle. Esimerkiksi Syv\u00e4rin yli rakennettiin kuusi siltaa, joista suurin oli 507 metri\u00e4 pitk\u00e4.<\/p>\n<p>Asemasodan aikana pioneeritoiminta oli l\u00e4hinn\u00e4 kentt\u00e4linnoittamista, selustan rakennustoimintaa, kentt\u00e4teollisuutta ja miinoittamista. Pioneerit tekiv\u00e4t etulinjan joukoille korsun kehikoita, lankkuja ja lautoja. He osallistuivat my\u00f6s asevelitalojen rakentamiseen Karjalaan palanneelle siirtov\u00e4elle. Miinoittaminen keskittyi puolustusasemien etuosiin. Esimerkiksi Karjalan kannakselle asetettiin yli 100 000 jalkav\u00e4ki- ja panssarimiinaa. Talvisin rakennettiin laajoja j\u00e4\u00e4miinakentti\u00e4 Laatokalle ja Suomenlahdelle.<\/p>\n<p>Vet\u00e4ytymisvaiheessa kes\u00e4ll\u00e4 1944 erityisesti panssarimiinoitteilla oli monin paikoin suuri merkitys. My\u00f6s siltojen r\u00e4j\u00e4ytt\u00e4misell\u00e4 pystyttiin hidastamaan hy\u00f6kk\u00e4\u00e4v\u00e4\u00e4 vihollista tehokkaasti. R\u00e4j\u00e4ytysten oikea-aikainen toimeenpano oli t\u00e4rke\u00e4\u00e4, koska viimeistenkin omien vet\u00e4ytyvien joukkojen oli p\u00e4\u00e4st\u00e4v\u00e4 siltojen yli juuri ennen vihollista. Pioneerit osallistuivat taisteluihin my\u00f6s jalkav\u00e4ken\u00e4 esimerkiksi Talin-Ihantalan ja Vuosalmen suurtaisteluissa.<\/p>\n<p><strong>Lapin sota<\/strong><\/p>\n<p>Noin puolet maavoimien pioneerijoukoista osallistui Lapin sotaan syksyst\u00e4 1944 l\u00e4htien. Sota vaati pioneereilta suuria ponnistuksia. Saksalaiset olivat miinoittaneet ja murrostaneet perusteellisesti tiet ja niiden penkereet. Sillat oli tuhottu. Pioneerit raivasivat miinoja, korjasivat tuhottuja ja sateen pehment\u00e4mi\u00e4 teit\u00e4, kuljettivat joukkoja vesist\u00f6jen yli ja rakensivat siltoja. Jo sodan ensimm\u00e4isen kuukauden aikana raivattiin yli 16 000 miinaa. Miinojen raivaus jatkui viel\u00e4 vuosia sodan j\u00e4lkeen.<\/p>\n<\/div><\/section>\n","protected":false},"excerpt":{"rendered":"","protected":false},"author":1,"featured_media":0,"parent":102,"menu_order":7,"comment_status":"closed","ping_status":"closed","template":"","meta":{"footnotes":""},"class_list":["post-550","page","type-page","status-publish","hentry"],"yoast_head":"<!-- This site is optimized with the Yoast SEO plugin v27.5 - https:\/\/yoast.com\/product\/yoast-seo-wordpress\/ -->\n<title>Pioneeritoiminta - Veteraanien Perint\u00f6<\/title>\n<meta name=\"robots\" content=\"index, follow, max-snippet:-1, max-image-preview:large, max-video-preview:-1\" \/>\n<link rel=\"canonical\" href=\"https:\/\/veteraanienperinto.fi\/index.php\/tietopankit\/aselajit\/pioneeritoiminta\/\" \/>\n<meta property=\"og:locale\" content=\"fi_FI\" \/>\n<meta property=\"og:type\" content=\"article\" \/>\n<meta property=\"og:title\" content=\"Pioneeritoiminta - Veteraanien Perint\u00f6\" \/>\n<meta property=\"og:url\" content=\"https:\/\/veteraanienperinto.fi\/index.php\/tietopankit\/aselajit\/pioneeritoiminta\/\" \/>\n<meta property=\"og:site_name\" content=\"Veteraanien Perint\u00f6\" \/>\n<meta property=\"article:modified_time\" content=\"2021-01-26T15:06:26+00:00\" \/>\n<meta name=\"twitter:card\" content=\"summary_large_image\" \/>\n<meta name=\"twitter:label1\" content=\"Arvioitu lukuaika\" \/>\n\t<meta name=\"twitter:data1\" content=\"4 minuuttia\" \/>\n<script type=\"application\/ld+json\" class=\"yoast-schema-graph\">{\"@context\":\"https:\\\/\\\/schema.org\",\"@graph\":[{\"@type\":\"WebPage\",\"@id\":\"https:\\\/\\\/veteraanienperinto.fi\\\/index.php\\\/tietopankit\\\/aselajit\\\/pioneeritoiminta\\\/\",\"url\":\"https:\\\/\\\/veteraanienperinto.fi\\\/index.php\\\/tietopankit\\\/aselajit\\\/pioneeritoiminta\\\/\",\"name\":\"Pioneeritoiminta - Veteraanien Perint\u00f6\",\"isPartOf\":{\"@id\":\"https:\\\/\\\/veteraanienperinto.fi\\\/#website\"},\"datePublished\":\"2020-08-29T10:18:26+00:00\",\"dateModified\":\"2021-01-26T15:06:26+00:00\",\"breadcrumb\":{\"@id\":\"https:\\\/\\\/veteraanienperinto.fi\\\/index.php\\\/tietopankit\\\/aselajit\\\/pioneeritoiminta\\\/#breadcrumb\"},\"inLanguage\":\"fi\",\"potentialAction\":[{\"@type\":\"ReadAction\",\"target\":[\"https:\\\/\\\/veteraanienperinto.fi\\\/index.php\\\/tietopankit\\\/aselajit\\\/pioneeritoiminta\\\/\"]}]},{\"@type\":\"BreadcrumbList\",\"@id\":\"https:\\\/\\\/veteraanienperinto.fi\\\/index.php\\\/tietopankit\\\/aselajit\\\/pioneeritoiminta\\\/#breadcrumb\",\"itemListElement\":[{\"@type\":\"ListItem\",\"position\":1,\"name\":\"Etusivu\",\"item\":\"https:\\\/\\\/veteraanienperinto.fi\\\/index.php\\\/etusivu-2\\\/\"},{\"@type\":\"ListItem\",\"position\":2,\"name\":\"Tietopankit\",\"item\":\"https:\\\/\\\/veteraanienperinto.fi\\\/index.php\\\/tietopankit\\\/\"},{\"@type\":\"ListItem\",\"position\":3,\"name\":\"Puolustushaarat ja aselajit\",\"item\":\"https:\\\/\\\/veteraanienperinto.fi\\\/index.php\\\/tietopankit\\\/aselajit\\\/\"},{\"@type\":\"ListItem\",\"position\":4,\"name\":\"Pioneeritoiminta\"}]},{\"@type\":\"WebSite\",\"@id\":\"https:\\\/\\\/veteraanienperinto.fi\\\/#website\",\"url\":\"https:\\\/\\\/veteraanienperinto.fi\\\/\",\"name\":\"Veteraanien Perint\u00f6\",\"description\":\"Kadettikunta\",\"potentialAction\":[{\"@type\":\"SearchAction\",\"target\":{\"@type\":\"EntryPoint\",\"urlTemplate\":\"https:\\\/\\\/veteraanienperinto.fi\\\/?s={search_term_string}\"},\"query-input\":{\"@type\":\"PropertyValueSpecification\",\"valueRequired\":true,\"valueName\":\"search_term_string\"}}],\"inLanguage\":\"fi\"}]}<\/script>\n<!-- \/ Yoast SEO plugin. -->","yoast_head_json":{"title":"Pioneeritoiminta - Veteraanien Perint\u00f6","robots":{"index":"index","follow":"follow","max-snippet":"max-snippet:-1","max-image-preview":"max-image-preview:large","max-video-preview":"max-video-preview:-1"},"canonical":"https:\/\/veteraanienperinto.fi\/index.php\/tietopankit\/aselajit\/pioneeritoiminta\/","og_locale":"fi_FI","og_type":"article","og_title":"Pioneeritoiminta - Veteraanien Perint\u00f6","og_url":"https:\/\/veteraanienperinto.fi\/index.php\/tietopankit\/aselajit\/pioneeritoiminta\/","og_site_name":"Veteraanien Perint\u00f6","article_modified_time":"2021-01-26T15:06:26+00:00","twitter_card":"summary_large_image","twitter_misc":{"Arvioitu lukuaika":"4 minuuttia"},"schema":{"@context":"https:\/\/schema.org","@graph":[{"@type":"WebPage","@id":"https:\/\/veteraanienperinto.fi\/index.php\/tietopankit\/aselajit\/pioneeritoiminta\/","url":"https:\/\/veteraanienperinto.fi\/index.php\/tietopankit\/aselajit\/pioneeritoiminta\/","name":"Pioneeritoiminta - Veteraanien Perint\u00f6","isPartOf":{"@id":"https:\/\/veteraanienperinto.fi\/#website"},"datePublished":"2020-08-29T10:18:26+00:00","dateModified":"2021-01-26T15:06:26+00:00","breadcrumb":{"@id":"https:\/\/veteraanienperinto.fi\/index.php\/tietopankit\/aselajit\/pioneeritoiminta\/#breadcrumb"},"inLanguage":"fi","potentialAction":[{"@type":"ReadAction","target":["https:\/\/veteraanienperinto.fi\/index.php\/tietopankit\/aselajit\/pioneeritoiminta\/"]}]},{"@type":"BreadcrumbList","@id":"https:\/\/veteraanienperinto.fi\/index.php\/tietopankit\/aselajit\/pioneeritoiminta\/#breadcrumb","itemListElement":[{"@type":"ListItem","position":1,"name":"Etusivu","item":"https:\/\/veteraanienperinto.fi\/index.php\/etusivu-2\/"},{"@type":"ListItem","position":2,"name":"Tietopankit","item":"https:\/\/veteraanienperinto.fi\/index.php\/tietopankit\/"},{"@type":"ListItem","position":3,"name":"Puolustushaarat ja aselajit","item":"https:\/\/veteraanienperinto.fi\/index.php\/tietopankit\/aselajit\/"},{"@type":"ListItem","position":4,"name":"Pioneeritoiminta"}]},{"@type":"WebSite","@id":"https:\/\/veteraanienperinto.fi\/#website","url":"https:\/\/veteraanienperinto.fi\/","name":"Veteraanien Perint\u00f6","description":"Kadettikunta","potentialAction":[{"@type":"SearchAction","target":{"@type":"EntryPoint","urlTemplate":"https:\/\/veteraanienperinto.fi\/?s={search_term_string}"},"query-input":{"@type":"PropertyValueSpecification","valueRequired":true,"valueName":"search_term_string"}}],"inLanguage":"fi"}]}},"_links":{"self":[{"href":"https:\/\/veteraanienperinto.fi\/index.php\/wp-json\/wp\/v2\/pages\/550","targetHints":{"allow":["GET"]}}],"collection":[{"href":"https:\/\/veteraanienperinto.fi\/index.php\/wp-json\/wp\/v2\/pages"}],"about":[{"href":"https:\/\/veteraanienperinto.fi\/index.php\/wp-json\/wp\/v2\/types\/page"}],"author":[{"embeddable":true,"href":"https:\/\/veteraanienperinto.fi\/index.php\/wp-json\/wp\/v2\/users\/1"}],"replies":[{"embeddable":true,"href":"https:\/\/veteraanienperinto.fi\/index.php\/wp-json\/wp\/v2\/comments?post=550"}],"version-history":[{"count":6,"href":"https:\/\/veteraanienperinto.fi\/index.php\/wp-json\/wp\/v2\/pages\/550\/revisions"}],"predecessor-version":[{"id":10662,"href":"https:\/\/veteraanienperinto.fi\/index.php\/wp-json\/wp\/v2\/pages\/550\/revisions\/10662"}],"up":[{"embeddable":true,"href":"https:\/\/veteraanienperinto.fi\/index.php\/wp-json\/wp\/v2\/pages\/102"}],"wp:attachment":[{"href":"https:\/\/veteraanienperinto.fi\/index.php\/wp-json\/wp\/v2\/media?parent=550"}],"curies":[{"name":"wp","href":"https:\/\/api.w.org\/{rel}","templated":true}]}}