{"id":5511,"date":"2020-11-17T14:20:46","date_gmt":"2020-11-17T14:20:46","guid":{"rendered":"https:\/\/veteraani.ylirotu.fi\/?page_id=5511"},"modified":"2020-12-13T16:35:12","modified_gmt":"2020-12-13T16:35:12","slug":"assa-regementets-anda","status":"publish","type":"page","link":"https:\/\/veteraanienperinto.fi\/index.php\/sv\/vinterkriget\/vinterkrigets-berattelser\/kriget\/krigsutbrottet\/assa-regementets-anda\/","title":{"rendered":"\u00c4ss\u00e4-regementets anda"},"content":{"rendered":"\n<style type=\"text\/css\" data-created_by=\"avia_inline_auto\" id=\"style-css-av-kincmq72-ba8c2773787b40f8812a2c5c703b50a2\">\n#top .av-special-heading.av-kincmq72-ba8c2773787b40f8812a2c5c703b50a2{\npadding-bottom:10px;\n}\nbody .av-special-heading.av-kincmq72-ba8c2773787b40f8812a2c5c703b50a2 .av-special-heading-tag .heading-char{\nfont-size:25px;\n}\n.av-special-heading.av-kincmq72-ba8c2773787b40f8812a2c5c703b50a2 .av-subheading{\nfont-size:15px;\n}\n<\/style>\n<div  class='av-special-heading av-kincmq72-ba8c2773787b40f8812a2c5c703b50a2 av-special-heading-h3  avia-builder-el-0  el_before_av_textblock  avia-builder-el-first '><h3 class='av-special-heading-tag'  itemprop=\"headline\"  >\u00c4ss\u00e4-regementets anda<\/h3><div class=\"special-heading-border\"><div class=\"special-heading-inner-border\"><\/div><\/div><\/div>\n<section  class='av_textblock_section av-kei9w74n-7b0f008125a778f48432b9a614d90d0f '   itemscope=\"itemscope\" itemtype=\"https:\/\/schema.org\/CreativeWork\" ><div class='avia_textblock'  itemprop=\"text\" ><p><strong>L. Arvi P. Poij\u00e4rvi:<\/strong><\/p>\n<p><strong>Tillkomsten av vapenbr\u00f6draanda i ett truppf\u00f6rband best\u00e5ende av helsingforsbor<\/strong><\/p>\n<p>D\u00e5 folkskolan i Bergh\u00e4ll, Nilsi\u00e4gatans nya svenska folkskola, Arbetarinstitutet p\u00e5 Helsingegatan och andra skolor och inr\u00e4ttningar norr om L\u00e5nga bron p\u00e5 h\u00f6sten 1939 fylldes med helsingforsbor i reserven, vilka inom n\u00e5gra dagar organiserades till 11 infanteriregementet, med t\u00e4cknamnet S-regementet, s\u00e5ledes \u00c4ss\u00e4-regementet, kunde ingen ana att av detta truppf\u00f6rband kunde bli ett fast br\u00f6draf\u00f6rbund s\u00e5 genomsyrat av en viss &#8221;anda&#8221;, att man inom kort b\u00f6rjade tala om \u00bb\u00c4ss\u00e4-regementets\u00bb anda.<\/p>\n<p>N\u00e4r och hur tillkom egentligen denna anda? Ingalunda \u00e4nnu i uppst\u00e4llningsskedet, inte heller under v\u00e4ntetiden som f\u00f6regick vinterkriget, YH-tiden, d\u00e5 regementet var placerat p\u00e5 huvudf\u00f6rsvarslinjen i Kuolemanj\u00e4rvi i Hatjalahti by och h\u00f6ger och v\u00e4nster om den. Den uppstod d\u00e5 kanonerna b\u00f6rjade dundra, maskingev\u00e4ren smattra och flygbombernas dova dunsar skakade marken; d\u00e5 man fick veta fr\u00e5n hemmafronten om hem som rasat ihop till grushopar, om hustrurnas och barnens n\u00f6d; d\u00e5 vapenbrodern vid fronten, \u00bbden egna mannen\u00bb, stupade eller s\u00e5rades och i v\u00e4rsta fall ohj\u00e4lpligen blev kvar p\u00e5 fiendens sida. D\u00e5 uppstod andan, som ingalunda var &#8221;\u00e4ssens&#8221; privategendom, utan som karakt\u00e4riserade hela Finlands folkarm\u00e9, fr\u00e5n den h\u00f6gsta officeren till den vanliga mannen i ledet. Den fick snart en ny mera allm\u00e4ngiltig ben\u00e4mning. Man b\u00f6rjade tala om vapenbr\u00f6draandan.<\/p>\n<p>\u00bbEn kamrat f\u00e5r inte l\u00e4mnas i sticket\u00bb. Om n\u00e5gons familj \u00e4r i n\u00f6d, samlar man in medel \u00e5t den. P\u00e5 permissionerna hj\u00e4lpte man till med talkoarbeten. Vid fronten, svik aldrig din kamrat genom att s\u00f6la eller maska. En s\u00e5rad som blivit kvar framf\u00f6r linjen m\u00e5ste h\u00e4mtas till den egna sidan, till och med risk f\u00f6r eget liv. De stupade m\u00e5ste tas till vara och s\u00e4ndas hem, ocks\u00e5 under sv\u00e5ra strapatser.<\/p>\n<p>Det \u00e4r ingen skillnad vad han \u00e4r i det civila, fattig eller rik, l\u00e4rd eller ol\u00e4rd, finskspr\u00e5kig eller svenskspr\u00e5kig. Man f\u00f6rh\u00e5ller sig till alla p\u00e5 samma s\u00e4tt.<\/p>\n<p>\u00bb\u00d6verdrift, barnsliga \u00e5sikter, bl\u00e5\u00f6gd godtrogenhet\u00bb kan n\u00e5gon, kanske ocks\u00e5 m\u00e5nga s\u00e4ga.<\/p>\n<p>Jag kan inte neka till att det i v\u00e5r trupp ocks\u00e5 skulle ha funnits en annan anda, feghet, sj\u00e4lviskhet, gn\u00e4ll f\u00f6r ingenting. Men det var inte utm\u00e4rkande, det betydde ingenting i j\u00e4mf\u00f6relse med den verkliga \u00bb\u00c4ss\u00e4-regementets\u00bb anda, vapenbroderandan.<\/p>\n<p>Jag tror att verkan av denna anda under vinter- och forts\u00e4ttningskriget medf\u00f6rde n\u00e5got mycket trov\u00e4rdigt och mycket best\u00e5ende. Man l\u00e4rde sig att h\u00f6gakta den finl\u00e4ndska mannen och kvinnan \u00f6ver st\u00e5nds- och spr\u00e5kgr\u00e4nserna. Vi l\u00e4rde oss se att yttre sk\u00f6nhet och stora ord inte garanterar karakt\u00e4rsstyrka och p\u00e5litlighet, som det finns otroligt mycket av just bland de stillsamma och anspr\u00e5ksl\u00f6sa i v\u00e5rt land. Vi upplevde en slags v\u00e4ckelse, en samh\u00e4llelig, social v\u00e4ckelse och av oss blev det slutligen ett enhetligt Finlands folk, som \u00f6vervann det hemska minnet fr\u00e5n \u00e5r 1918.<\/p>\n<p>Ingen kan exakt beskriva denna v\u00e4ckelses karakt\u00e4r och inte heller best\u00e4mma dess styrka eller fortbest\u00e5nd.<\/p>\n<p>Enligt min \u00f6vertygelse best\u00e5r den &#8211; trots alla skenbara konflikter &#8211; som ett storslaget faktum i v\u00e5ra barn och deras efterkommande, fr\u00e5n sl\u00e4ktled till sl\u00e4ktled, och \u00e4r en av de viktigaste h\u00f6rnstenarna i Finlands folks fria och suver\u00e4na framtid.<\/p>\n<p><strong><em>\u00c4ss\u00e4n henki<\/em><\/strong><\/p>\n<\/div><\/section>\n","protected":false},"excerpt":{"rendered":"","protected":false},"author":1,"featured_media":0,"parent":5479,"menu_order":7,"comment_status":"closed","ping_status":"closed","template":"","meta":{"footnotes":""},"class_list":["post-5511","page","type-page","status-publish","hentry"],"yoast_head":"<!-- This site is optimized with the Yoast SEO plugin v27.4 - https:\/\/yoast.com\/product\/yoast-seo-wordpress\/ -->\n<title>\u00c4ss\u00e4-regementets anda - Veteraanien Perint\u00f6<\/title>\n<meta name=\"robots\" content=\"index, follow, max-snippet:-1, max-image-preview:large, max-video-preview:-1\" \/>\n<link rel=\"canonical\" href=\"https:\/\/veteraanienperinto.fi\/index.php\/sv\/vinterkriget\/vinterkrigets-berattelser\/kriget\/krigsutbrottet\/assa-regementets-anda\/\" \/>\n<meta property=\"og:locale\" content=\"fi_FI\" \/>\n<meta property=\"og:type\" content=\"article\" \/>\n<meta property=\"og:title\" content=\"\u00c4ss\u00e4-regementets anda - Veteraanien Perint\u00f6\" \/>\n<meta property=\"og:url\" content=\"https:\/\/veteraanienperinto.fi\/index.php\/sv\/vinterkriget\/vinterkrigets-berattelser\/kriget\/krigsutbrottet\/assa-regementets-anda\/\" \/>\n<meta property=\"og:site_name\" content=\"Veteraanien Perint\u00f6\" \/>\n<meta property=\"article:modified_time\" content=\"2020-12-13T16:35:12+00:00\" \/>\n<meta name=\"twitter:card\" content=\"summary_large_image\" \/>\n<meta name=\"twitter:label1\" content=\"Arvioitu lukuaika\" \/>\n\t<meta name=\"twitter:data1\" content=\"4 minuuttia\" \/>\n<script type=\"application\/ld+json\" class=\"yoast-schema-graph\">{\"@context\":\"https:\\\/\\\/schema.org\",\"@graph\":[{\"@type\":\"WebPage\",\"@id\":\"https:\\\/\\\/veteraanienperinto.fi\\\/index.php\\\/sv\\\/vinterkriget\\\/vinterkrigets-berattelser\\\/kriget\\\/krigsutbrottet\\\/assa-regementets-anda\\\/\",\"url\":\"https:\\\/\\\/veteraanienperinto.fi\\\/index.php\\\/sv\\\/vinterkriget\\\/vinterkrigets-berattelser\\\/kriget\\\/krigsutbrottet\\\/assa-regementets-anda\\\/\",\"name\":\"\u00c4ss\u00e4-regementets anda - Veteraanien Perint\u00f6\",\"isPartOf\":{\"@id\":\"https:\\\/\\\/veteraanienperinto.fi\\\/#website\"},\"datePublished\":\"2020-11-17T14:20:46+00:00\",\"dateModified\":\"2020-12-13T16:35:12+00:00\",\"breadcrumb\":{\"@id\":\"https:\\\/\\\/veteraanienperinto.fi\\\/index.php\\\/sv\\\/vinterkriget\\\/vinterkrigets-berattelser\\\/kriget\\\/krigsutbrottet\\\/assa-regementets-anda\\\/#breadcrumb\"},\"inLanguage\":\"fi\",\"potentialAction\":[{\"@type\":\"ReadAction\",\"target\":[\"https:\\\/\\\/veteraanienperinto.fi\\\/index.php\\\/sv\\\/vinterkriget\\\/vinterkrigets-berattelser\\\/kriget\\\/krigsutbrottet\\\/assa-regementets-anda\\\/\"]}]},{\"@type\":\"BreadcrumbList\",\"@id\":\"https:\\\/\\\/veteraanienperinto.fi\\\/index.php\\\/sv\\\/vinterkriget\\\/vinterkrigets-berattelser\\\/kriget\\\/krigsutbrottet\\\/assa-regementets-anda\\\/#breadcrumb\",\"itemListElement\":[{\"@type\":\"ListItem\",\"position\":1,\"name\":\"Etusivu\",\"item\":\"https:\\\/\\\/veteraanienperinto.fi\\\/index.php\\\/etusivu-2\\\/\"},{\"@type\":\"ListItem\",\"position\":2,\"name\":\"Vinterkriget\",\"item\":\"https:\\\/\\\/veteraanienperinto.fi\\\/index.php\\\/sv\\\/vinterkriget\\\/\"},{\"@type\":\"ListItem\",\"position\":3,\"name\":\"Vinterkrigets ber\u00e4ttelser\",\"item\":\"https:\\\/\\\/veteraanienperinto.fi\\\/index.php\\\/sv\\\/vinterkriget\\\/vinterkrigets-berattelser\\\/\"},{\"@type\":\"ListItem\",\"position\":4,\"name\":\"Kriget\",\"item\":\"https:\\\/\\\/veteraanienperinto.fi\\\/index.php\\\/sv\\\/vinterkriget\\\/vinterkrigets-berattelser\\\/kriget\\\/\"},{\"@type\":\"ListItem\",\"position\":5,\"name\":\"Krigsutbrottet\",\"item\":\"https:\\\/\\\/veteraanienperinto.fi\\\/index.php\\\/sv\\\/vinterkriget\\\/vinterkrigets-berattelser\\\/kriget\\\/krigsutbrottet\\\/\"},{\"@type\":\"ListItem\",\"position\":6,\"name\":\"\u00c4ss\u00e4-regementets anda\"}]},{\"@type\":\"WebSite\",\"@id\":\"https:\\\/\\\/veteraanienperinto.fi\\\/#website\",\"url\":\"https:\\\/\\\/veteraanienperinto.fi\\\/\",\"name\":\"Veteraanien Perint\u00f6\",\"description\":\"Kadettikunta\",\"potentialAction\":[{\"@type\":\"SearchAction\",\"target\":{\"@type\":\"EntryPoint\",\"urlTemplate\":\"https:\\\/\\\/veteraanienperinto.fi\\\/?s={search_term_string}\"},\"query-input\":{\"@type\":\"PropertyValueSpecification\",\"valueRequired\":true,\"valueName\":\"search_term_string\"}}],\"inLanguage\":\"fi\"}]}<\/script>\n<!-- \/ Yoast SEO plugin. -->","yoast_head_json":{"title":"\u00c4ss\u00e4-regementets anda - Veteraanien Perint\u00f6","robots":{"index":"index","follow":"follow","max-snippet":"max-snippet:-1","max-image-preview":"max-image-preview:large","max-video-preview":"max-video-preview:-1"},"canonical":"https:\/\/veteraanienperinto.fi\/index.php\/sv\/vinterkriget\/vinterkrigets-berattelser\/kriget\/krigsutbrottet\/assa-regementets-anda\/","og_locale":"fi_FI","og_type":"article","og_title":"\u00c4ss\u00e4-regementets anda - Veteraanien Perint\u00f6","og_url":"https:\/\/veteraanienperinto.fi\/index.php\/sv\/vinterkriget\/vinterkrigets-berattelser\/kriget\/krigsutbrottet\/assa-regementets-anda\/","og_site_name":"Veteraanien Perint\u00f6","article_modified_time":"2020-12-13T16:35:12+00:00","twitter_card":"summary_large_image","twitter_misc":{"Arvioitu lukuaika":"4 minuuttia"},"schema":{"@context":"https:\/\/schema.org","@graph":[{"@type":"WebPage","@id":"https:\/\/veteraanienperinto.fi\/index.php\/sv\/vinterkriget\/vinterkrigets-berattelser\/kriget\/krigsutbrottet\/assa-regementets-anda\/","url":"https:\/\/veteraanienperinto.fi\/index.php\/sv\/vinterkriget\/vinterkrigets-berattelser\/kriget\/krigsutbrottet\/assa-regementets-anda\/","name":"\u00c4ss\u00e4-regementets anda - Veteraanien Perint\u00f6","isPartOf":{"@id":"https:\/\/veteraanienperinto.fi\/#website"},"datePublished":"2020-11-17T14:20:46+00:00","dateModified":"2020-12-13T16:35:12+00:00","breadcrumb":{"@id":"https:\/\/veteraanienperinto.fi\/index.php\/sv\/vinterkriget\/vinterkrigets-berattelser\/kriget\/krigsutbrottet\/assa-regementets-anda\/#breadcrumb"},"inLanguage":"fi","potentialAction":[{"@type":"ReadAction","target":["https:\/\/veteraanienperinto.fi\/index.php\/sv\/vinterkriget\/vinterkrigets-berattelser\/kriget\/krigsutbrottet\/assa-regementets-anda\/"]}]},{"@type":"BreadcrumbList","@id":"https:\/\/veteraanienperinto.fi\/index.php\/sv\/vinterkriget\/vinterkrigets-berattelser\/kriget\/krigsutbrottet\/assa-regementets-anda\/#breadcrumb","itemListElement":[{"@type":"ListItem","position":1,"name":"Etusivu","item":"https:\/\/veteraanienperinto.fi\/index.php\/etusivu-2\/"},{"@type":"ListItem","position":2,"name":"Vinterkriget","item":"https:\/\/veteraanienperinto.fi\/index.php\/sv\/vinterkriget\/"},{"@type":"ListItem","position":3,"name":"Vinterkrigets ber\u00e4ttelser","item":"https:\/\/veteraanienperinto.fi\/index.php\/sv\/vinterkriget\/vinterkrigets-berattelser\/"},{"@type":"ListItem","position":4,"name":"Kriget","item":"https:\/\/veteraanienperinto.fi\/index.php\/sv\/vinterkriget\/vinterkrigets-berattelser\/kriget\/"},{"@type":"ListItem","position":5,"name":"Krigsutbrottet","item":"https:\/\/veteraanienperinto.fi\/index.php\/sv\/vinterkriget\/vinterkrigets-berattelser\/kriget\/krigsutbrottet\/"},{"@type":"ListItem","position":6,"name":"\u00c4ss\u00e4-regementets anda"}]},{"@type":"WebSite","@id":"https:\/\/veteraanienperinto.fi\/#website","url":"https:\/\/veteraanienperinto.fi\/","name":"Veteraanien Perint\u00f6","description":"Kadettikunta","potentialAction":[{"@type":"SearchAction","target":{"@type":"EntryPoint","urlTemplate":"https:\/\/veteraanienperinto.fi\/?s={search_term_string}"},"query-input":{"@type":"PropertyValueSpecification","valueRequired":true,"valueName":"search_term_string"}}],"inLanguage":"fi"}]}},"_links":{"self":[{"href":"https:\/\/veteraanienperinto.fi\/index.php\/wp-json\/wp\/v2\/pages\/5511","targetHints":{"allow":["GET"]}}],"collection":[{"href":"https:\/\/veteraanienperinto.fi\/index.php\/wp-json\/wp\/v2\/pages"}],"about":[{"href":"https:\/\/veteraanienperinto.fi\/index.php\/wp-json\/wp\/v2\/types\/page"}],"author":[{"embeddable":true,"href":"https:\/\/veteraanienperinto.fi\/index.php\/wp-json\/wp\/v2\/users\/1"}],"replies":[{"embeddable":true,"href":"https:\/\/veteraanienperinto.fi\/index.php\/wp-json\/wp\/v2\/comments?post=5511"}],"version-history":[{"count":3,"href":"https:\/\/veteraanienperinto.fi\/index.php\/wp-json\/wp\/v2\/pages\/5511\/revisions"}],"predecessor-version":[{"id":7230,"href":"https:\/\/veteraanienperinto.fi\/index.php\/wp-json\/wp\/v2\/pages\/5511\/revisions\/7230"}],"up":[{"embeddable":true,"href":"https:\/\/veteraanienperinto.fi\/index.php\/wp-json\/wp\/v2\/pages\/5479"}],"wp:attachment":[{"href":"https:\/\/veteraanienperinto.fi\/index.php\/wp-json\/wp\/v2\/media?parent=5511"}],"curies":[{"name":"wp","href":"https:\/\/api.w.org\/{rel}","templated":true}]}}