{"id":5546,"date":"2020-11-17T15:11:58","date_gmt":"2020-11-17T15:11:58","guid":{"rendered":"https:\/\/veteraani.ylirotu.fi\/?page_id=5546"},"modified":"2020-12-28T14:50:37","modified_gmt":"2020-12-28T14:50:37","slug":"avvarjningssegrarna-pa-karelska-naset","status":"publish","type":"page","link":"https:\/\/veteraanienperinto.fi\/index.php\/sv\/vinterkriget\/vinterkrigets-berattelser\/kriget\/avvarjningssegrarna-pa-karelska-naset\/","title":{"rendered":"Avv\u00e4rjningssegrarna p\u00e5 Karelska n\u00e4set"},"content":{"rendered":"\n<style type=\"text\/css\" data-created_by=\"avia_inline_auto\" id=\"style-css-av-av_heading-692d107d9ea69fe6d175cc539ba77a07\">\n#top .av-special-heading.av-av_heading-692d107d9ea69fe6d175cc539ba77a07{\npadding-bottom:10px;\n}\nbody .av-special-heading.av-av_heading-692d107d9ea69fe6d175cc539ba77a07 .av-special-heading-tag .heading-char{\nfont-size:25px;\n}\n.av-special-heading.av-av_heading-692d107d9ea69fe6d175cc539ba77a07 .av-subheading{\nfont-size:15px;\n}\n<\/style>\n<div  class='av-special-heading av-av_heading-692d107d9ea69fe6d175cc539ba77a07 av-special-heading-h3  avia-builder-el-0  el_before_av_one_fourth  avia-builder-el-first '><h3 class='av-special-heading-tag'  itemprop=\"headline\"  >Avv\u00e4rjningssegrarna p\u00e5 Karelska n\u00e4set<\/h3><div class=\"special-heading-border\"><div class=\"special-heading-inner-border\"><\/div><\/div><\/div>\n\n<style type=\"text\/css\" data-created_by=\"avia_inline_auto\" id=\"style-css-av-dyrqri-0347aacd09ade8db0e868cdf639919d3\">\n.flex_column.av-dyrqri-0347aacd09ade8db0e868cdf639919d3{\nborder-radius:0px 0px 0px 0px;\npadding:0px 0px 0px 0px;\n}\n<\/style>\n<div  class='flex_column av-dyrqri-0347aacd09ade8db0e868cdf639919d3 av_one_fourth  avia-builder-el-1  el_after_av_heading  el_before_av_one_fourth  first flex_column_div av-zero-column-padding  '     ><p>\n<style type=\"text\/css\" data-created_by=\"avia_inline_auto\" id=\"style-css-av-keiafr95-dd4a5f0b36ee58a39c5ca4ac094d96c3\">\n.avia-image-container.av-keiafr95-dd4a5f0b36ee58a39c5ca4ac094d96c3 img.avia_image{\nbox-shadow:none;\n}\n.avia-image-container.av-keiafr95-dd4a5f0b36ee58a39c5ca4ac094d96c3 .av-image-caption-overlay-center{\ncolor:#ffffff;\n}\n<\/style>\n<div  class='avia-image-container av-keiafr95-dd4a5f0b36ee58a39c5ca4ac094d96c3 av-styling- avia-align-center  avia-builder-el-2  el_before_av_textblock  avia-builder-el-first '   itemprop=\"image\" itemscope=\"itemscope\" itemtype=\"https:\/\/schema.org\/ImageObject\" ><div class=\"avia-image-container-inner\"><div class=\"avia-image-overlay-wrap\"><a href=\"https:\/\/veteraanienperinto.fi\/index.php\/sv\/vinterkriget\/vinterkrigets-berattelser\/kriget\/avvarjningssegrarna-pa-karelska-naset\/bataljonslakare-pa-karelska-naset-i-vinterkriget\/\" class='avia_image'  aria-label='L\u00e4\u00e4k\u00e4ri'><img decoding=\"async\" fetchpriority=\"high\" class='wp-image-8618 avia-img-lazy-loading-not-8618 avia_image ' src=\"https:\/\/veteraanienperinto.fi\/wp-content\/uploads\/2020\/12\/Laakari-180x180.jpg\" alt='' title='L\u00e4\u00e4k\u00e4ri'  height=\"180\" width=\"180\"  itemprop=\"thumbnailUrl\" srcset=\"https:\/\/veteraanienperinto.fi\/wp-content\/uploads\/2020\/12\/Laakari-180x180.jpg 180w, https:\/\/veteraanienperinto.fi\/wp-content\/uploads\/2020\/12\/Laakari-80x80.jpg 80w, https:\/\/veteraanienperinto.fi\/wp-content\/uploads\/2020\/12\/Laakari-36x36.jpg 36w\" sizes=\"(max-width: 180px) 100vw, 180px\" \/><\/a><\/div><\/div><\/div><br \/>\n<section  class='av_textblock_section av-keiafgqk-6b17163753ba74db24c43e1f0bb7b03b '   itemscope=\"itemscope\" itemtype=\"https:\/\/schema.org\/CreativeWork\" ><div class='avia_textblock'  itemprop=\"text\" ><p class=\"art-postheader\" style=\"text-align: center;\">Bataljonsl\u00e4kare p\u00e5 Karelska n\u00e4set i Vinterkriget<\/p>\n<\/div><\/section><\/p><\/div>\n\n<style type=\"text\/css\" data-created_by=\"avia_inline_auto\" id=\"style-css-av-dyrqri-7779c00ac79f3b0aa28f203a8f059e0e\">\n.flex_column.av-dyrqri-7779c00ac79f3b0aa28f203a8f059e0e{\nborder-radius:0px 0px 0px 0px;\npadding:0px 0px 0px 0px;\n}\n<\/style>\n<div  class='flex_column av-dyrqri-7779c00ac79f3b0aa28f203a8f059e0e av_one_fourth  avia-builder-el-4  el_after_av_one_fourth  el_before_av_one_fourth  flex_column_div av-zero-column-padding  '     ><p>\n<style type=\"text\/css\" data-created_by=\"avia_inline_auto\" id=\"style-css-av-keiafr95-e932f8fd691309dc99854169cc38bc9a\">\n.avia-image-container.av-keiafr95-e932f8fd691309dc99854169cc38bc9a img.avia_image{\nbox-shadow:none;\n}\n.avia-image-container.av-keiafr95-e932f8fd691309dc99854169cc38bc9a .av-image-caption-overlay-center{\ncolor:#ffffff;\n}\n<\/style>\n<div  class='avia-image-container av-keiafr95-e932f8fd691309dc99854169cc38bc9a av-styling- avia-align-center  avia-builder-el-5  el_before_av_textblock  avia-builder-el-first '   itemprop=\"image\" itemscope=\"itemscope\" itemtype=\"https:\/\/schema.org\/ImageObject\" ><div class=\"avia-image-container-inner\"><div class=\"avia-image-overlay-wrap\"><a href=\"https:\/\/veteraanienperinto.fi\/index.php\/sv\/vinterkriget\/vinterkrigets-berattelser\/kriget\/avvarjningssegrarna-pa-karelska-naset\/de-odesdigra-dagarna\/\" class='avia_image'  aria-label='De_odesdigra_dagarna2'><img decoding=\"async\" fetchpriority=\"high\" class='wp-image-7250 avia-img-lazy-loading-not-7250 avia_image ' src=\"https:\/\/veteraanienperinto.fi\/wp-content\/uploads\/2020\/12\/De_odesdigra_dagarna2-180x180.jpg\" alt='' title='De_odesdigra_dagarna2'  height=\"180\" width=\"180\"  itemprop=\"thumbnailUrl\" srcset=\"https:\/\/veteraanienperinto.fi\/wp-content\/uploads\/2020\/12\/De_odesdigra_dagarna2-180x180.jpg 180w, https:\/\/veteraanienperinto.fi\/wp-content\/uploads\/2020\/12\/De_odesdigra_dagarna2-80x80.jpg 80w, https:\/\/veteraanienperinto.fi\/wp-content\/uploads\/2020\/12\/De_odesdigra_dagarna2-36x36.jpg 36w\" sizes=\"(max-width: 180px) 100vw, 180px\" \/><\/a><\/div><\/div><\/div><br \/>\n<section  class='av_textblock_section av-keiafgqk-6b17163753ba74db24c43e1f0bb7b03b '   itemscope=\"itemscope\" itemtype=\"https:\/\/schema.org\/CreativeWork\" ><div class='avia_textblock'  itemprop=\"text\" ><p class=\"art-postheader\" style=\"text-align: center;\">De \u00f6desdigra dagarna<\/p>\n<\/div><\/section><\/p><\/div>\n<style type=\"text\/css\" data-created_by=\"avia_inline_auto\" id=\"style-css-av-c1ebcu-059a094c26bc9a76a6f701e4a94a7d31\">\n.flex_column.av-c1ebcu-059a094c26bc9a76a6f701e4a94a7d31{\nborder-radius:0px 0px 0px 0px;\npadding:0px 0px 0px 0px;\n}\n<\/style>\n<div  class='flex_column av-c1ebcu-059a094c26bc9a76a6f701e4a94a7d31 av_one_fourth  avia-builder-el-7  el_after_av_one_fourth  el_before_av_one_fourth  flex_column_div av-zero-column-padding  '     ><p>\n<style type=\"text\/css\" data-created_by=\"avia_inline_auto\" id=\"style-css-av-keiafr95-d64dd9283c2e1382494645125352ddff\">\n.avia-image-container.av-keiafr95-d64dd9283c2e1382494645125352ddff img.avia_image{\nbox-shadow:none;\n}\n.avia-image-container.av-keiafr95-d64dd9283c2e1382494645125352ddff .av-image-caption-overlay-center{\ncolor:#ffffff;\n}\n<\/style>\n<div  class='avia-image-container av-keiafr95-d64dd9283c2e1382494645125352ddff av-styling- avia-align-center  avia-builder-el-8  el_before_av_textblock  avia-builder-el-first '   itemprop=\"image\" itemscope=\"itemscope\" itemtype=\"https:\/\/schema.org\/ImageObject\" ><div class=\"avia-image-container-inner\"><div class=\"avia-image-overlay-wrap\"><a href=\"https:\/\/veteraanienperinto.fi\/index.php\/sv\/vinterkriget\/vinterkrigets-berattelser\/kriget\/avvarjningssegrarna-pa-karelska-naset\/den-trettonde-februari\/\" class='avia_image'  aria-label='Lossi Taipaleella.'><img decoding=\"async\" fetchpriority=\"high\" class='wp-image-2884 avia-img-lazy-loading-not-2884 avia_image ' src=\"https:\/\/veteraanienperinto.fi\/wp-content\/uploads\/2020\/09\/Kahakka-taipaleella-180x180.jpg\" alt='' title='Lossi Taipaleella.'  height=\"180\" width=\"180\"  itemprop=\"thumbnailUrl\" srcset=\"https:\/\/veteraanienperinto.fi\/wp-content\/uploads\/2020\/09\/Kahakka-taipaleella-180x180.jpg 180w, https:\/\/veteraanienperinto.fi\/wp-content\/uploads\/2020\/09\/Kahakka-taipaleella-80x80.jpg 80w, https:\/\/veteraanienperinto.fi\/wp-content\/uploads\/2020\/09\/Kahakka-taipaleella-36x36.jpg 36w\" sizes=\"(max-width: 180px) 100vw, 180px\" \/><\/a><\/div><\/div><\/div><br \/>\n<section  class='av_textblock_section av-keiafgqk-6b17163753ba74db24c43e1f0bb7b03b '   itemscope=\"itemscope\" itemtype=\"https:\/\/schema.org\/CreativeWork\" ><div class='avia_textblock'  itemprop=\"text\" ><p class=\"art-postheader\" style=\"text-align: center;\">Den trettonde februari<\/p>\n<\/div><\/section><\/p><\/div><\/p>\n\n<style type=\"text\/css\" data-created_by=\"avia_inline_auto\" id=\"style-css-av-at6nz2-51ceee6952582dfb8017979d1a69ce82\">\n.flex_column.av-at6nz2-51ceee6952582dfb8017979d1a69ce82{\nborder-radius:0px 0px 0px 0px;\npadding:0px 0px 0px 0px;\n}\n<\/style>\n<div  class='flex_column av-at6nz2-51ceee6952582dfb8017979d1a69ce82 av_one_fourth  avia-builder-el-10  el_after_av_one_fourth  el_before_av_one_fourth  flex_column_div av-zero-column-padding  '     ><p>\n<style type=\"text\/css\" data-created_by=\"avia_inline_auto\" id=\"style-css-av-keiafr95-8b14f9ab17258ae120829cf4a8e022d8\">\n.avia-image-container.av-keiafr95-8b14f9ab17258ae120829cf4a8e022d8 img.avia_image{\nbox-shadow:none;\n}\n.avia-image-container.av-keiafr95-8b14f9ab17258ae120829cf4a8e022d8 .av-image-caption-overlay-center{\ncolor:#ffffff;\n}\n<\/style>\n<div  class='avia-image-container av-keiafr95-8b14f9ab17258ae120829cf4a8e022d8 av-styling- avia-align-center  avia-builder-el-11  el_before_av_textblock  avia-builder-el-first '   itemprop=\"image\" itemscope=\"itemscope\" itemtype=\"https:\/\/schema.org\/ImageObject\" ><div class=\"avia-image-container-inner\"><div class=\"avia-image-overlay-wrap\"><a href=\"https:\/\/veteraanienperinto.fi\/index.php\/sv\/vinterkriget\/vinterkrigets-berattelser\/kriget\/avvarjningssegrarna-pa-karelska-naset\/haranpaanniemi-mars\/\" class='avia_image'  aria-label='Huoltokeskusta tuhoamassa'><img decoding=\"async\" fetchpriority=\"high\" class='wp-image-3357 avia-img-lazy-loading-not-3357 avia_image ' src=\"https:\/\/veteraanienperinto.fi\/wp-content\/uploads\/2020\/09\/Huoltokeskusta-tuhoamassa-180x180.jpg\" alt='' title='Huoltokeskusta tuhoamassa'  height=\"180\" width=\"180\"  itemprop=\"thumbnailUrl\" srcset=\"https:\/\/veteraanienperinto.fi\/wp-content\/uploads\/2020\/09\/Huoltokeskusta-tuhoamassa-180x180.jpg 180w, https:\/\/veteraanienperinto.fi\/wp-content\/uploads\/2020\/09\/Huoltokeskusta-tuhoamassa-80x80.jpg 80w, https:\/\/veteraanienperinto.fi\/wp-content\/uploads\/2020\/09\/Huoltokeskusta-tuhoamassa-36x36.jpg 36w, https:\/\/veteraanienperinto.fi\/wp-content\/uploads\/2020\/09\/Huoltokeskusta-tuhoamassa-400x400.jpg 400w\" sizes=\"(max-width: 180px) 100vw, 180px\" \/><\/a><\/div><\/div><\/div><br \/>\n<section  class='av_textblock_section av-keiafgqk-6b17163753ba74db24c43e1f0bb7b03b '   itemscope=\"itemscope\" itemtype=\"https:\/\/schema.org\/CreativeWork\" ><div class='avia_textblock'  itemprop=\"text\" ><p class=\"art-postheader\" style=\"text-align: center;\">H\u00e4r\u00e4np\u00e4\u00e4nniemi, mars&#8230;<\/p>\n<\/div><\/section><\/p><\/div>\n\n<style type=\"text\/css\" data-created_by=\"avia_inline_auto\" id=\"style-css-av-9fd42m-defa5831db7014297da4b4a7f6b1ab04\">\n.flex_column.av-9fd42m-defa5831db7014297da4b4a7f6b1ab04{\nborder-radius:0px 0px 0px 0px;\npadding:0px 0px 0px 0px;\n}\n<\/style>\n<div  class='flex_column av-9fd42m-defa5831db7014297da4b4a7f6b1ab04 av_one_fourth  avia-builder-el-13  el_after_av_one_fourth  el_before_av_one_fourth  first flex_column_div av-zero-column-padding  column-top-margin'     ><p>\n<style type=\"text\/css\" data-created_by=\"avia_inline_auto\" id=\"style-css-av-keiafr95-05fa6a164848acf12015c01a49d904d1\">\n.avia-image-container.av-keiafr95-05fa6a164848acf12015c01a49d904d1 img.avia_image{\nbox-shadow:none;\n}\n.avia-image-container.av-keiafr95-05fa6a164848acf12015c01a49d904d1 .av-image-caption-overlay-center{\ncolor:#ffffff;\n}\n<\/style>\n<div  class='avia-image-container av-keiafr95-05fa6a164848acf12015c01a49d904d1 av-styling- avia-align-center  avia-builder-el-14  el_before_av_textblock  avia-builder-el-first '   itemprop=\"image\" itemscope=\"itemscope\" itemtype=\"https:\/\/schema.org\/ImageObject\" ><div class=\"avia-image-container-inner\"><div class=\"avia-image-overlay-wrap\"><a href=\"https:\/\/veteraanienperinto.fi\/index.php\/sv\/vinterkriget\/vinterkrigets-berattelser\/kriget\/avvarjningssegrarna-pa-karelska-naset\/sex-fiendebombplan-inom-fyra-minuter\/\" class='avia_image'  aria-label='sarvanto2'><img decoding=\"async\" fetchpriority=\"high\" class='wp-image-2886 avia-img-lazy-loading-not-2886 avia_image ' src=\"https:\/\/veteraanienperinto.fi\/wp-content\/uploads\/2020\/09\/sarvanto2-180x180.jpg\" alt='' title='sarvanto2'  height=\"180\" width=\"180\"  itemprop=\"thumbnailUrl\" srcset=\"https:\/\/veteraanienperinto.fi\/wp-content\/uploads\/2020\/09\/sarvanto2-180x180.jpg 180w, https:\/\/veteraanienperinto.fi\/wp-content\/uploads\/2020\/09\/sarvanto2-80x80.jpg 80w, https:\/\/veteraanienperinto.fi\/wp-content\/uploads\/2020\/09\/sarvanto2-36x36.jpg 36w\" sizes=\"(max-width: 180px) 100vw, 180px\" \/><\/a><\/div><\/div><\/div><br \/>\n<section  class='av_textblock_section av-keiafgqk-6b17163753ba74db24c43e1f0bb7b03b '   itemscope=\"itemscope\" itemtype=\"https:\/\/schema.org\/CreativeWork\" ><div class='avia_textblock'  itemprop=\"text\" ><p class=\"art-postheader\" style=\"text-align: center;\">Sex fiendebombplan inom fyra minuter<\/p>\n<\/div><\/section><\/p><\/div>\n\n<style type=\"text\/css\" data-created_by=\"avia_inline_auto\" id=\"style-css-av-7ysbn2-42fd44929d9ac61f2c6f8ade3650f0dc\">\n.flex_column.av-7ysbn2-42fd44929d9ac61f2c6f8ade3650f0dc{\nborder-radius:0px 0px 0px 0px;\npadding:0px 0px 0px 0px;\n}\n<\/style>\n<div  class='flex_column av-7ysbn2-42fd44929d9ac61f2c6f8ade3650f0dc av_one_fourth  avia-builder-el-16  el_after_av_one_fourth  el_before_av_one_fourth  flex_column_div av-zero-column-padding  column-top-margin'     ><p>\n<style type=\"text\/css\" data-created_by=\"avia_inline_auto\" id=\"style-css-av-keiafr95-ba6c8e98cc1b47571a949c2c56286058\">\n.avia-image-container.av-keiafr95-ba6c8e98cc1b47571a949c2c56286058 img.avia_image{\nbox-shadow:none;\n}\n.avia-image-container.av-keiafr95-ba6c8e98cc1b47571a949c2c56286058 .av-image-caption-overlay-center{\ncolor:#ffffff;\n}\n<\/style>\n<div  class='avia-image-container av-keiafr95-ba6c8e98cc1b47571a949c2c56286058 av-styling- avia-align-center  avia-builder-el-17  el_before_av_textblock  avia-builder-el-first '   itemprop=\"image\" itemscope=\"itemscope\" itemtype=\"https:\/\/schema.org\/ImageObject\" ><div class=\"avia-image-container-inner\"><div class=\"avia-image-overlay-wrap\"><a href=\"https:\/\/veteraanienperinto.fi\/index.php\/sv\/vinterkriget\/vinterkrigets-berattelser\/kriget\/avvarjningssegrarna-pa-karelska-naset\/summa-februari-1940\/\" class='avia_image'  aria-label='summa1'><img decoding=\"async\" fetchpriority=\"high\" class='wp-image-2843 avia-img-lazy-loading-not-2843 avia_image ' src=\"https:\/\/veteraanienperinto.fi\/wp-content\/uploads\/2020\/09\/summa1-180x180.jpg\" alt='' title='summa1'  height=\"180\" width=\"180\"  itemprop=\"thumbnailUrl\" srcset=\"https:\/\/veteraanienperinto.fi\/wp-content\/uploads\/2020\/09\/summa1-180x180.jpg 180w, https:\/\/veteraanienperinto.fi\/wp-content\/uploads\/2020\/09\/summa1-80x80.jpg 80w, https:\/\/veteraanienperinto.fi\/wp-content\/uploads\/2020\/09\/summa1-36x36.jpg 36w\" sizes=\"(max-width: 180px) 100vw, 180px\" \/><\/a><\/div><\/div><\/div><br \/>\n<section  class='av_textblock_section av-keiafgqk-6b17163753ba74db24c43e1f0bb7b03b '   itemscope=\"itemscope\" itemtype=\"https:\/\/schema.org\/CreativeWork\" ><div class='avia_textblock'  itemprop=\"text\" ><p class=\"art-postheader\" style=\"text-align: center;\">Summa februari 1940<\/p>\n<\/div><\/section><\/p><\/div>\n\n<style type=\"text\/css\" data-created_by=\"avia_inline_auto\" id=\"style-css-av-5rf8pa-0db4e8fa0ad8e6615e606c115b0a09f4\">\n.flex_column.av-5rf8pa-0db4e8fa0ad8e6615e606c115b0a09f4{\nborder-radius:0px 0px 0px 0px;\npadding:0px 0px 0px 0px;\n}\n<\/style>\n<div  class='flex_column av-5rf8pa-0db4e8fa0ad8e6615e606c115b0a09f4 av_one_fourth  avia-builder-el-19  el_after_av_one_fourth  avia-builder-el-last  flex_column_div av-zero-column-padding  column-top-margin'     ><p>\n<style type=\"text\/css\" data-created_by=\"avia_inline_auto\" id=\"style-css-av-keiafr95-8e14b53af747647ffa73afde8df57c16\">\n.avia-image-container.av-keiafr95-8e14b53af747647ffa73afde8df57c16 img.avia_image{\nbox-shadow:none;\n}\n.avia-image-container.av-keiafr95-8e14b53af747647ffa73afde8df57c16 .av-image-caption-overlay-center{\ncolor:#ffffff;\n}\n<\/style>\n<div  class='avia-image-container av-keiafr95-8e14b53af747647ffa73afde8df57c16 av-styling- avia-align-center  avia-builder-el-20  el_before_av_textblock  avia-builder-el-first '   itemprop=\"image\" itemscope=\"itemscope\" itemtype=\"https:\/\/schema.org\/ImageObject\" ><div class=\"avia-image-container-inner\"><div class=\"avia-image-overlay-wrap\"><a href=\"https:\/\/veteraanienperinto.fi\/index.php\/sv\/vinterkriget\/vinterkrigets-berattelser\/kriget\/avvarjningssegrarna-pa-karelska-naset\/vorabor-i-forsta-brigaden\/\" class='avia_image'  aria-label='Lossin l\u00e4hell\u00e4 Suomussalmella.'><img decoding=\"async\" fetchpriority=\"high\" class='wp-image-2850 avia-img-lazy-loading-not-2850 avia_image ' src=\"https:\/\/veteraanienperinto.fi\/wp-content\/uploads\/2020\/09\/Tarkkuutus-180x180.jpg\" alt='' title='Lossin l\u00e4hell\u00e4 Suomussalmella.'  height=\"180\" width=\"180\"  itemprop=\"thumbnailUrl\" srcset=\"https:\/\/veteraanienperinto.fi\/wp-content\/uploads\/2020\/09\/Tarkkuutus-180x180.jpg 180w, https:\/\/veteraanienperinto.fi\/wp-content\/uploads\/2020\/09\/Tarkkuutus-80x80.jpg 80w, https:\/\/veteraanienperinto.fi\/wp-content\/uploads\/2020\/09\/Tarkkuutus-36x36.jpg 36w\" sizes=\"(max-width: 180px) 100vw, 180px\" \/><\/a><\/div><\/div><\/div><br \/>\n<section  class='av_textblock_section av-keiafgqk-6b17163753ba74db24c43e1f0bb7b03b '   itemscope=\"itemscope\" itemtype=\"https:\/\/schema.org\/CreativeWork\" ><div class='avia_textblock'  itemprop=\"text\" ><p class=\"art-postheader\" style=\"text-align: center;\">V\u00f6r\u00e5bor i F\u00f6rsta Brigaden<\/p>\n<\/div><\/section><\/p><\/div>\n","protected":false},"excerpt":{"rendered":"","protected":false},"author":1,"featured_media":0,"parent":5467,"menu_order":3,"comment_status":"closed","ping_status":"closed","template":"","meta":{"footnotes":""},"class_list":["post-5546","page","type-page","status-publish","hentry"],"yoast_head":"<!-- This site is optimized with the Yoast SEO plugin v27.4 - https:\/\/yoast.com\/product\/yoast-seo-wordpress\/ -->\n<title>Avv\u00e4rjningssegrarna p\u00e5 Karelska n\u00e4set - Veteraanien Perint\u00f6<\/title>\n<meta name=\"robots\" content=\"index, follow, max-snippet:-1, max-image-preview:large, max-video-preview:-1\" \/>\n<link rel=\"canonical\" href=\"https:\/\/veteraanienperinto.fi\/index.php\/sv\/vinterkriget\/vinterkrigets-berattelser\/kriget\/avvarjningssegrarna-pa-karelska-naset\/\" \/>\n<meta property=\"og:locale\" content=\"fi_FI\" \/>\n<meta property=\"og:type\" content=\"article\" \/>\n<meta property=\"og:title\" content=\"Avv\u00e4rjningssegrarna p\u00e5 Karelska n\u00e4set - Veteraanien Perint\u00f6\" \/>\n<meta property=\"og:url\" content=\"https:\/\/veteraanienperinto.fi\/index.php\/sv\/vinterkriget\/vinterkrigets-berattelser\/kriget\/avvarjningssegrarna-pa-karelska-naset\/\" \/>\n<meta property=\"og:site_name\" content=\"Veteraanien Perint\u00f6\" \/>\n<meta property=\"article:modified_time\" content=\"2020-12-28T14:50:37+00:00\" \/>\n<meta name=\"twitter:card\" content=\"summary_large_image\" \/>\n<meta name=\"twitter:label1\" content=\"Arvioitu lukuaika\" \/>\n\t<meta name=\"twitter:data1\" content=\"8 minuuttia\" \/>\n<script type=\"application\/ld+json\" class=\"yoast-schema-graph\">{\"@context\":\"https:\\\/\\\/schema.org\",\"@graph\":[{\"@type\":\"WebPage\",\"@id\":\"https:\\\/\\\/veteraanienperinto.fi\\\/index.php\\\/sv\\\/vinterkriget\\\/vinterkrigets-berattelser\\\/kriget\\\/avvarjningssegrarna-pa-karelska-naset\\\/\",\"url\":\"https:\\\/\\\/veteraanienperinto.fi\\\/index.php\\\/sv\\\/vinterkriget\\\/vinterkrigets-berattelser\\\/kriget\\\/avvarjningssegrarna-pa-karelska-naset\\\/\",\"name\":\"Avv\u00e4rjningssegrarna p\u00e5 Karelska n\u00e4set - Veteraanien Perint\u00f6\",\"isPartOf\":{\"@id\":\"https:\\\/\\\/veteraanienperinto.fi\\\/#website\"},\"datePublished\":\"2020-11-17T15:11:58+00:00\",\"dateModified\":\"2020-12-28T14:50:37+00:00\",\"breadcrumb\":{\"@id\":\"https:\\\/\\\/veteraanienperinto.fi\\\/index.php\\\/sv\\\/vinterkriget\\\/vinterkrigets-berattelser\\\/kriget\\\/avvarjningssegrarna-pa-karelska-naset\\\/#breadcrumb\"},\"inLanguage\":\"fi\",\"potentialAction\":[{\"@type\":\"ReadAction\",\"target\":[\"https:\\\/\\\/veteraanienperinto.fi\\\/index.php\\\/sv\\\/vinterkriget\\\/vinterkrigets-berattelser\\\/kriget\\\/avvarjningssegrarna-pa-karelska-naset\\\/\"]}]},{\"@type\":\"BreadcrumbList\",\"@id\":\"https:\\\/\\\/veteraanienperinto.fi\\\/index.php\\\/sv\\\/vinterkriget\\\/vinterkrigets-berattelser\\\/kriget\\\/avvarjningssegrarna-pa-karelska-naset\\\/#breadcrumb\",\"itemListElement\":[{\"@type\":\"ListItem\",\"position\":1,\"name\":\"Etusivu\",\"item\":\"https:\\\/\\\/veteraanienperinto.fi\\\/index.php\\\/etusivu-2\\\/\"},{\"@type\":\"ListItem\",\"position\":2,\"name\":\"Vinterkriget\",\"item\":\"https:\\\/\\\/veteraanienperinto.fi\\\/index.php\\\/sv\\\/vinterkriget\\\/\"},{\"@type\":\"ListItem\",\"position\":3,\"name\":\"Vinterkrigets ber\u00e4ttelser\",\"item\":\"https:\\\/\\\/veteraanienperinto.fi\\\/index.php\\\/sv\\\/vinterkriget\\\/vinterkrigets-berattelser\\\/\"},{\"@type\":\"ListItem\",\"position\":4,\"name\":\"Kriget\",\"item\":\"https:\\\/\\\/veteraanienperinto.fi\\\/index.php\\\/sv\\\/vinterkriget\\\/vinterkrigets-berattelser\\\/kriget\\\/\"},{\"@type\":\"ListItem\",\"position\":5,\"name\":\"Avv\u00e4rjningssegrarna p\u00e5 Karelska n\u00e4set\"}]},{\"@type\":\"WebSite\",\"@id\":\"https:\\\/\\\/veteraanienperinto.fi\\\/#website\",\"url\":\"https:\\\/\\\/veteraanienperinto.fi\\\/\",\"name\":\"Veteraanien Perint\u00f6\",\"description\":\"Kadettikunta\",\"potentialAction\":[{\"@type\":\"SearchAction\",\"target\":{\"@type\":\"EntryPoint\",\"urlTemplate\":\"https:\\\/\\\/veteraanienperinto.fi\\\/?s={search_term_string}\"},\"query-input\":{\"@type\":\"PropertyValueSpecification\",\"valueRequired\":true,\"valueName\":\"search_term_string\"}}],\"inLanguage\":\"fi\"}]}<\/script>\n<!-- \/ Yoast SEO plugin. -->","yoast_head_json":{"title":"Avv\u00e4rjningssegrarna p\u00e5 Karelska n\u00e4set - Veteraanien Perint\u00f6","robots":{"index":"index","follow":"follow","max-snippet":"max-snippet:-1","max-image-preview":"max-image-preview:large","max-video-preview":"max-video-preview:-1"},"canonical":"https:\/\/veteraanienperinto.fi\/index.php\/sv\/vinterkriget\/vinterkrigets-berattelser\/kriget\/avvarjningssegrarna-pa-karelska-naset\/","og_locale":"fi_FI","og_type":"article","og_title":"Avv\u00e4rjningssegrarna p\u00e5 Karelska n\u00e4set - Veteraanien Perint\u00f6","og_url":"https:\/\/veteraanienperinto.fi\/index.php\/sv\/vinterkriget\/vinterkrigets-berattelser\/kriget\/avvarjningssegrarna-pa-karelska-naset\/","og_site_name":"Veteraanien Perint\u00f6","article_modified_time":"2020-12-28T14:50:37+00:00","twitter_card":"summary_large_image","twitter_misc":{"Arvioitu lukuaika":"8 minuuttia"},"schema":{"@context":"https:\/\/schema.org","@graph":[{"@type":"WebPage","@id":"https:\/\/veteraanienperinto.fi\/index.php\/sv\/vinterkriget\/vinterkrigets-berattelser\/kriget\/avvarjningssegrarna-pa-karelska-naset\/","url":"https:\/\/veteraanienperinto.fi\/index.php\/sv\/vinterkriget\/vinterkrigets-berattelser\/kriget\/avvarjningssegrarna-pa-karelska-naset\/","name":"Avv\u00e4rjningssegrarna p\u00e5 Karelska n\u00e4set - Veteraanien Perint\u00f6","isPartOf":{"@id":"https:\/\/veteraanienperinto.fi\/#website"},"datePublished":"2020-11-17T15:11:58+00:00","dateModified":"2020-12-28T14:50:37+00:00","breadcrumb":{"@id":"https:\/\/veteraanienperinto.fi\/index.php\/sv\/vinterkriget\/vinterkrigets-berattelser\/kriget\/avvarjningssegrarna-pa-karelska-naset\/#breadcrumb"},"inLanguage":"fi","potentialAction":[{"@type":"ReadAction","target":["https:\/\/veteraanienperinto.fi\/index.php\/sv\/vinterkriget\/vinterkrigets-berattelser\/kriget\/avvarjningssegrarna-pa-karelska-naset\/"]}]},{"@type":"BreadcrumbList","@id":"https:\/\/veteraanienperinto.fi\/index.php\/sv\/vinterkriget\/vinterkrigets-berattelser\/kriget\/avvarjningssegrarna-pa-karelska-naset\/#breadcrumb","itemListElement":[{"@type":"ListItem","position":1,"name":"Etusivu","item":"https:\/\/veteraanienperinto.fi\/index.php\/etusivu-2\/"},{"@type":"ListItem","position":2,"name":"Vinterkriget","item":"https:\/\/veteraanienperinto.fi\/index.php\/sv\/vinterkriget\/"},{"@type":"ListItem","position":3,"name":"Vinterkrigets ber\u00e4ttelser","item":"https:\/\/veteraanienperinto.fi\/index.php\/sv\/vinterkriget\/vinterkrigets-berattelser\/"},{"@type":"ListItem","position":4,"name":"Kriget","item":"https:\/\/veteraanienperinto.fi\/index.php\/sv\/vinterkriget\/vinterkrigets-berattelser\/kriget\/"},{"@type":"ListItem","position":5,"name":"Avv\u00e4rjningssegrarna p\u00e5 Karelska n\u00e4set"}]},{"@type":"WebSite","@id":"https:\/\/veteraanienperinto.fi\/#website","url":"https:\/\/veteraanienperinto.fi\/","name":"Veteraanien Perint\u00f6","description":"Kadettikunta","potentialAction":[{"@type":"SearchAction","target":{"@type":"EntryPoint","urlTemplate":"https:\/\/veteraanienperinto.fi\/?s={search_term_string}"},"query-input":{"@type":"PropertyValueSpecification","valueRequired":true,"valueName":"search_term_string"}}],"inLanguage":"fi"}]}},"_links":{"self":[{"href":"https:\/\/veteraanienperinto.fi\/index.php\/wp-json\/wp\/v2\/pages\/5546","targetHints":{"allow":["GET"]}}],"collection":[{"href":"https:\/\/veteraanienperinto.fi\/index.php\/wp-json\/wp\/v2\/pages"}],"about":[{"href":"https:\/\/veteraanienperinto.fi\/index.php\/wp-json\/wp\/v2\/types\/page"}],"author":[{"embeddable":true,"href":"https:\/\/veteraanienperinto.fi\/index.php\/wp-json\/wp\/v2\/users\/1"}],"replies":[{"embeddable":true,"href":"https:\/\/veteraanienperinto.fi\/index.php\/wp-json\/wp\/v2\/comments?post=5546"}],"version-history":[{"count":12,"href":"https:\/\/veteraanienperinto.fi\/index.php\/wp-json\/wp\/v2\/pages\/5546\/revisions"}],"predecessor-version":[{"id":7294,"href":"https:\/\/veteraanienperinto.fi\/index.php\/wp-json\/wp\/v2\/pages\/5546\/revisions\/7294"}],"up":[{"embeddable":true,"href":"https:\/\/veteraanienperinto.fi\/index.php\/wp-json\/wp\/v2\/pages\/5467"}],"wp:attachment":[{"href":"https:\/\/veteraanienperinto.fi\/index.php\/wp-json\/wp\/v2\/media?parent=5546"}],"curies":[{"name":"wp","href":"https:\/\/api.w.org\/{rel}","templated":true}]}}