{"id":5550,"date":"2020-11-17T15:14:33","date_gmt":"2020-11-17T15:14:33","guid":{"rendered":"https:\/\/veteraani.ylirotu.fi\/?page_id=5550"},"modified":"2020-12-13T17:24:22","modified_gmt":"2020-12-13T17:24:22","slug":"de-odesdigra-dagarna","status":"publish","type":"page","link":"https:\/\/veteraanienperinto.fi\/index.php\/sv\/vinterkriget\/vinterkrigets-berattelser\/kriget\/avvarjningssegrarna-pa-karelska-naset\/de-odesdigra-dagarna\/","title":{"rendered":"De \u00f6desdigra dagarna"},"content":{"rendered":"\n<style type=\"text\/css\" data-created_by=\"avia_inline_auto\" id=\"style-css-av-kineanvi-b9ed18af60699f4e17c3592b6d6d1d23\">\n#top .av-special-heading.av-kineanvi-b9ed18af60699f4e17c3592b6d6d1d23{\npadding-bottom:10px;\n}\nbody .av-special-heading.av-kineanvi-b9ed18af60699f4e17c3592b6d6d1d23 .av-special-heading-tag .heading-char{\nfont-size:25px;\n}\n.av-special-heading.av-kineanvi-b9ed18af60699f4e17c3592b6d6d1d23 .av-subheading{\nfont-size:15px;\n}\n<\/style>\n<div  class='av-special-heading av-kineanvi-b9ed18af60699f4e17c3592b6d6d1d23 av-special-heading-h3  avia-builder-el-0  el_before_av_textblock  avia-builder-el-first '><h3 class='av-special-heading-tag'  itemprop=\"headline\"  >De \u00f6desdigra dagarna<\/h3><div class=\"special-heading-border\"><div class=\"special-heading-inner-border\"><\/div><\/div><\/div>\n<section  class='av_textblock_section av-kei9w74n-7b0f008125a778f48432b9a614d90d0f '   itemscope=\"itemscope\" itemtype=\"https:\/\/schema.org\/CreativeWork\" ><div class='avia_textblock'  itemprop=\"text\" ><p><strong>Bertel Wiik:<\/strong><\/p>\n<div id=\"attachment_7249\" style=\"width: 310px\" class=\"wp-caption alignright\"><img loading=\"lazy\" decoding=\"async\" aria-describedby=\"caption-attachment-7249\" class=\"wp-image-7249 size-full\" src=\"https:\/\/veteraanienperinto.fi\/wp-content\/uploads\/2020\/12\/De_odesdigra_dagarna1.jpg\" alt=\"\" width=\"300\" height=\"230\" \/><p id=\"caption-attachment-7249\" class=\"wp-caption-text\">Summa-pj\u00e4s uppst\u00e4lld i Viborg efter vinterkriget.<\/p><\/div>\n<p>Den 1 februari fick vi reda p\u00e5 vad ryssarna haft f\u00f6r sej under n\u00e4tterna. Enligt k\u00e4llor var det mer \u00e4n 400 kanonr\u00f6r som b\u00f6rjade s\u00e4nda sina granater \u00f6ver v\u00e5rt avsnitt. Man ber\u00e4knade att det blev ca 6000 granater i timmen. Ryssarna hade rustat f\u00f6r ett avg\u00f6rande p\u00e5 v\u00e5rt avsnitt, och nu skulle allt malas s\u00e4nder. Vanligen kom det ett st\u00f6rtregn av granater n\u00e5gra timmar per dag, och strax efter\u00e5t kom pansarvagnar och infanteri.<\/p>\n<p>Vi klarade av de f\u00f6rsta 10 dygnen. Men under det elfte kom det v\u00e5g efter v\u00e5g av utvilade f\u00f6rband av stridsvagnar och infanteri. Nu kom ocks\u00e5 tanks fr\u00e5n vilka de sprutade brinnande nafta f\u00f6r att rensa skyttegravarna. N\u00e4r ocks\u00e5 v\u00e5ra pansarv\u00e4rnsvapen i linjen var f\u00f6rst\u00f6rda, fanns det inget som kunde hindra stridsvagnarna att bryta fram.<\/p>\n<p>Betongfortet b\u00f6rjade bli sv\u00e5rt s\u00f6nderskjutet. B\u00e5da pansartornen var f\u00f6rst\u00f6rda, och i v\u00e4ggen fanns ett stort h\u00e5l. Sista g\u00e5ngen jag l\u00e4mnade fortet kr\u00f6p jag ut genom v\u00e4ggen. Detta skedde n\u00e4r ocks\u00e5 infanteristerna var tvungna att retirera.<\/p>\n<div id=\"attachment_7250\" style=\"width: 310px\" class=\"wp-caption alignright\"><img loading=\"lazy\" decoding=\"async\" aria-describedby=\"caption-attachment-7250\" class=\"wp-image-7250 size-medium\" src=\"https:\/\/veteraanienperinto.fi\/wp-content\/uploads\/2020\/12\/De_odesdigra_dagarna2-300x203.jpg\" alt=\"\" width=\"300\" height=\"203\" srcset=\"https:\/\/veteraanienperinto.fi\/wp-content\/uploads\/2020\/12\/De_odesdigra_dagarna2-300x203.jpg 300w, https:\/\/veteraanienperinto.fi\/wp-content\/uploads\/2020\/12\/De_odesdigra_dagarna2.jpg 350w\" sizes=\"auto, (max-width: 300px) 100vw, 300px\" \/><p id=\"caption-attachment-7250\" class=\"wp-caption-text\">Alvar Enlund betraktar ett ryskt monument p\u00e5 slagf\u00e4ltet vid Summa. Foto: R.Snellman -41<\/p><\/div>\n<p>Vi hade haft en underbar tur i eldledningen under dessa 75 dygn. Endast batterichefen Portin hade blivit s\u00e5rad, och beklagligt nog mist ett \u00f6ga.<\/p>\n<p>V\u00e5r grupp lyckades komma till batterist\u00e4llningen d\u00e4r vi uppeh\u00f6ll oss under natten till den \u00f6desdigra dagen, den 13 februari. Men h\u00e4r svek lyckan. Sju medlemmar av eldledningens manskap kom att bli kvar i olyckskorsun.<\/p>\n<p>Den 13 februari blev en olycksdag f\u00f6r v\u00e5rt batteri men ocks\u00e5 en v\u00e4ndpunkt i f\u00f6rsvarskriget 1939-40. Men ingen kan klandra f\u00f6rsvararna av vinterkrigets Summa. Angriparna f\u00f6rfogade \u00f6ver en m\u00e5ngdubbel \u00f6vermakt av alla vapenslag, och s\u00e4rskillt deras stridsvagnar blev av avg\u00f6rande betydelse i den alltf\u00f6r oj\u00e4mna kampen. Summa slagf\u00e4lt g\u00e5r till historien som en plats, d\u00e4r en av tidernas mest bittra och skoningsl\u00f6sa kamp f\u00f6rdes.<\/p>\n<p>F\u00f6r r\u00f6da arm\u00e9n blev genombrottet uppskattat som den st\u00f6rsta seger de genom tiderna vunnit. Och er\u00f6vringen av pj\u00e4serna en s\u00e5dan triumf, att en pj\u00e4s under forts\u00e4ttningskriget hittades uppst\u00e4lld, som ett monument, p\u00e5 en h\u00f6g sockel i Viborg.<\/p>\n<p><em><strong>Ur boken:<\/strong><\/em><br \/>\n<em>Larsmo-\u00d6ja batteriet under Vinterkriget 1939-40 Summa<\/em><\/p>\n<\/div><\/section>\n","protected":false},"excerpt":{"rendered":"","protected":false},"author":1,"featured_media":0,"parent":5546,"menu_order":0,"comment_status":"closed","ping_status":"closed","template":"","meta":{"footnotes":""},"class_list":["post-5550","page","type-page","status-publish","hentry"],"yoast_head":"<!-- This site is optimized with the Yoast SEO plugin v27.4 - https:\/\/yoast.com\/product\/yoast-seo-wordpress\/ -->\n<title>De \u00f6desdigra dagarna - Veteraanien Perint\u00f6<\/title>\n<meta name=\"robots\" content=\"index, follow, max-snippet:-1, max-image-preview:large, max-video-preview:-1\" \/>\n<link rel=\"canonical\" href=\"https:\/\/veteraanienperinto.fi\/index.php\/sv\/vinterkriget\/vinterkrigets-berattelser\/kriget\/avvarjningssegrarna-pa-karelska-naset\/de-odesdigra-dagarna\/\" \/>\n<meta property=\"og:locale\" content=\"fi_FI\" \/>\n<meta property=\"og:type\" content=\"article\" \/>\n<meta property=\"og:title\" content=\"De \u00f6desdigra dagarna - Veteraanien Perint\u00f6\" \/>\n<meta property=\"og:url\" content=\"https:\/\/veteraanienperinto.fi\/index.php\/sv\/vinterkriget\/vinterkrigets-berattelser\/kriget\/avvarjningssegrarna-pa-karelska-naset\/de-odesdigra-dagarna\/\" \/>\n<meta property=\"og:site_name\" content=\"Veteraanien Perint\u00f6\" \/>\n<meta property=\"article:modified_time\" content=\"2020-12-13T17:24:22+00:00\" \/>\n<meta property=\"og:image\" content=\"https:\/\/veteraanienperinto.fi\/wp-content\/uploads\/2020\/12\/De_odesdigra_dagarna1.jpg\" \/>\n<meta name=\"twitter:card\" content=\"summary_large_image\" \/>\n<meta name=\"twitter:label1\" content=\"Arvioitu lukuaika\" \/>\n\t<meta name=\"twitter:data1\" content=\"3 minuuttia\" \/>\n<script type=\"application\/ld+json\" class=\"yoast-schema-graph\">{\"@context\":\"https:\\\/\\\/schema.org\",\"@graph\":[{\"@type\":\"WebPage\",\"@id\":\"https:\\\/\\\/veteraanienperinto.fi\\\/index.php\\\/sv\\\/vinterkriget\\\/vinterkrigets-berattelser\\\/kriget\\\/avvarjningssegrarna-pa-karelska-naset\\\/de-odesdigra-dagarna\\\/\",\"url\":\"https:\\\/\\\/veteraanienperinto.fi\\\/index.php\\\/sv\\\/vinterkriget\\\/vinterkrigets-berattelser\\\/kriget\\\/avvarjningssegrarna-pa-karelska-naset\\\/de-odesdigra-dagarna\\\/\",\"name\":\"De \u00f6desdigra dagarna - Veteraanien Perint\u00f6\",\"isPartOf\":{\"@id\":\"https:\\\/\\\/veteraanienperinto.fi\\\/#website\"},\"primaryImageOfPage\":{\"@id\":\"https:\\\/\\\/veteraanienperinto.fi\\\/index.php\\\/sv\\\/vinterkriget\\\/vinterkrigets-berattelser\\\/kriget\\\/avvarjningssegrarna-pa-karelska-naset\\\/de-odesdigra-dagarna\\\/#primaryimage\"},\"image\":{\"@id\":\"https:\\\/\\\/veteraanienperinto.fi\\\/index.php\\\/sv\\\/vinterkriget\\\/vinterkrigets-berattelser\\\/kriget\\\/avvarjningssegrarna-pa-karelska-naset\\\/de-odesdigra-dagarna\\\/#primaryimage\"},\"thumbnailUrl\":\"https:\\\/\\\/veteraanienperinto.fi\\\/wp-content\\\/uploads\\\/2020\\\/12\\\/De_odesdigra_dagarna1.jpg\",\"datePublished\":\"2020-11-17T15:14:33+00:00\",\"dateModified\":\"2020-12-13T17:24:22+00:00\",\"breadcrumb\":{\"@id\":\"https:\\\/\\\/veteraanienperinto.fi\\\/index.php\\\/sv\\\/vinterkriget\\\/vinterkrigets-berattelser\\\/kriget\\\/avvarjningssegrarna-pa-karelska-naset\\\/de-odesdigra-dagarna\\\/#breadcrumb\"},\"inLanguage\":\"fi\",\"potentialAction\":[{\"@type\":\"ReadAction\",\"target\":[\"https:\\\/\\\/veteraanienperinto.fi\\\/index.php\\\/sv\\\/vinterkriget\\\/vinterkrigets-berattelser\\\/kriget\\\/avvarjningssegrarna-pa-karelska-naset\\\/de-odesdigra-dagarna\\\/\"]}]},{\"@type\":\"ImageObject\",\"inLanguage\":\"fi\",\"@id\":\"https:\\\/\\\/veteraanienperinto.fi\\\/index.php\\\/sv\\\/vinterkriget\\\/vinterkrigets-berattelser\\\/kriget\\\/avvarjningssegrarna-pa-karelska-naset\\\/de-odesdigra-dagarna\\\/#primaryimage\",\"url\":\"https:\\\/\\\/veteraanienperinto.fi\\\/wp-content\\\/uploads\\\/2020\\\/12\\\/De_odesdigra_dagarna1.jpg\",\"contentUrl\":\"https:\\\/\\\/veteraanienperinto.fi\\\/wp-content\\\/uploads\\\/2020\\\/12\\\/De_odesdigra_dagarna1.jpg\",\"width\":300,\"height\":230,\"caption\":\"Summa-pj\u00e4s uppst\u00e4lld i Viborg efter vinterkriget.\"},{\"@type\":\"BreadcrumbList\",\"@id\":\"https:\\\/\\\/veteraanienperinto.fi\\\/index.php\\\/sv\\\/vinterkriget\\\/vinterkrigets-berattelser\\\/kriget\\\/avvarjningssegrarna-pa-karelska-naset\\\/de-odesdigra-dagarna\\\/#breadcrumb\",\"itemListElement\":[{\"@type\":\"ListItem\",\"position\":1,\"name\":\"Etusivu\",\"item\":\"https:\\\/\\\/veteraanienperinto.fi\\\/index.php\\\/etusivu-2\\\/\"},{\"@type\":\"ListItem\",\"position\":2,\"name\":\"Vinterkriget\",\"item\":\"https:\\\/\\\/veteraanienperinto.fi\\\/index.php\\\/sv\\\/vinterkriget\\\/\"},{\"@type\":\"ListItem\",\"position\":3,\"name\":\"Vinterkrigets ber\u00e4ttelser\",\"item\":\"https:\\\/\\\/veteraanienperinto.fi\\\/index.php\\\/sv\\\/vinterkriget\\\/vinterkrigets-berattelser\\\/\"},{\"@type\":\"ListItem\",\"position\":4,\"name\":\"Kriget\",\"item\":\"https:\\\/\\\/veteraanienperinto.fi\\\/index.php\\\/sv\\\/vinterkriget\\\/vinterkrigets-berattelser\\\/kriget\\\/\"},{\"@type\":\"ListItem\",\"position\":5,\"name\":\"Avv\u00e4rjningssegrarna p\u00e5 Karelska n\u00e4set\",\"item\":\"https:\\\/\\\/veteraanienperinto.fi\\\/index.php\\\/sv\\\/vinterkriget\\\/vinterkrigets-berattelser\\\/kriget\\\/avvarjningssegrarna-pa-karelska-naset\\\/\"},{\"@type\":\"ListItem\",\"position\":6,\"name\":\"De \u00f6desdigra dagarna\"}]},{\"@type\":\"WebSite\",\"@id\":\"https:\\\/\\\/veteraanienperinto.fi\\\/#website\",\"url\":\"https:\\\/\\\/veteraanienperinto.fi\\\/\",\"name\":\"Veteraanien Perint\u00f6\",\"description\":\"Kadettikunta\",\"potentialAction\":[{\"@type\":\"SearchAction\",\"target\":{\"@type\":\"EntryPoint\",\"urlTemplate\":\"https:\\\/\\\/veteraanienperinto.fi\\\/?s={search_term_string}\"},\"query-input\":{\"@type\":\"PropertyValueSpecification\",\"valueRequired\":true,\"valueName\":\"search_term_string\"}}],\"inLanguage\":\"fi\"}]}<\/script>\n<!-- \/ Yoast SEO plugin. -->","yoast_head_json":{"title":"De \u00f6desdigra dagarna - Veteraanien Perint\u00f6","robots":{"index":"index","follow":"follow","max-snippet":"max-snippet:-1","max-image-preview":"max-image-preview:large","max-video-preview":"max-video-preview:-1"},"canonical":"https:\/\/veteraanienperinto.fi\/index.php\/sv\/vinterkriget\/vinterkrigets-berattelser\/kriget\/avvarjningssegrarna-pa-karelska-naset\/de-odesdigra-dagarna\/","og_locale":"fi_FI","og_type":"article","og_title":"De \u00f6desdigra dagarna - Veteraanien Perint\u00f6","og_url":"https:\/\/veteraanienperinto.fi\/index.php\/sv\/vinterkriget\/vinterkrigets-berattelser\/kriget\/avvarjningssegrarna-pa-karelska-naset\/de-odesdigra-dagarna\/","og_site_name":"Veteraanien Perint\u00f6","article_modified_time":"2020-12-13T17:24:22+00:00","og_image":[{"url":"https:\/\/veteraanienperinto.fi\/wp-content\/uploads\/2020\/12\/De_odesdigra_dagarna1.jpg","type":"","width":"","height":""}],"twitter_card":"summary_large_image","twitter_misc":{"Arvioitu lukuaika":"3 minuuttia"},"schema":{"@context":"https:\/\/schema.org","@graph":[{"@type":"WebPage","@id":"https:\/\/veteraanienperinto.fi\/index.php\/sv\/vinterkriget\/vinterkrigets-berattelser\/kriget\/avvarjningssegrarna-pa-karelska-naset\/de-odesdigra-dagarna\/","url":"https:\/\/veteraanienperinto.fi\/index.php\/sv\/vinterkriget\/vinterkrigets-berattelser\/kriget\/avvarjningssegrarna-pa-karelska-naset\/de-odesdigra-dagarna\/","name":"De \u00f6desdigra dagarna - Veteraanien Perint\u00f6","isPartOf":{"@id":"https:\/\/veteraanienperinto.fi\/#website"},"primaryImageOfPage":{"@id":"https:\/\/veteraanienperinto.fi\/index.php\/sv\/vinterkriget\/vinterkrigets-berattelser\/kriget\/avvarjningssegrarna-pa-karelska-naset\/de-odesdigra-dagarna\/#primaryimage"},"image":{"@id":"https:\/\/veteraanienperinto.fi\/index.php\/sv\/vinterkriget\/vinterkrigets-berattelser\/kriget\/avvarjningssegrarna-pa-karelska-naset\/de-odesdigra-dagarna\/#primaryimage"},"thumbnailUrl":"https:\/\/veteraanienperinto.fi\/wp-content\/uploads\/2020\/12\/De_odesdigra_dagarna1.jpg","datePublished":"2020-11-17T15:14:33+00:00","dateModified":"2020-12-13T17:24:22+00:00","breadcrumb":{"@id":"https:\/\/veteraanienperinto.fi\/index.php\/sv\/vinterkriget\/vinterkrigets-berattelser\/kriget\/avvarjningssegrarna-pa-karelska-naset\/de-odesdigra-dagarna\/#breadcrumb"},"inLanguage":"fi","potentialAction":[{"@type":"ReadAction","target":["https:\/\/veteraanienperinto.fi\/index.php\/sv\/vinterkriget\/vinterkrigets-berattelser\/kriget\/avvarjningssegrarna-pa-karelska-naset\/de-odesdigra-dagarna\/"]}]},{"@type":"ImageObject","inLanguage":"fi","@id":"https:\/\/veteraanienperinto.fi\/index.php\/sv\/vinterkriget\/vinterkrigets-berattelser\/kriget\/avvarjningssegrarna-pa-karelska-naset\/de-odesdigra-dagarna\/#primaryimage","url":"https:\/\/veteraanienperinto.fi\/wp-content\/uploads\/2020\/12\/De_odesdigra_dagarna1.jpg","contentUrl":"https:\/\/veteraanienperinto.fi\/wp-content\/uploads\/2020\/12\/De_odesdigra_dagarna1.jpg","width":300,"height":230,"caption":"Summa-pj\u00e4s uppst\u00e4lld i Viborg efter vinterkriget."},{"@type":"BreadcrumbList","@id":"https:\/\/veteraanienperinto.fi\/index.php\/sv\/vinterkriget\/vinterkrigets-berattelser\/kriget\/avvarjningssegrarna-pa-karelska-naset\/de-odesdigra-dagarna\/#breadcrumb","itemListElement":[{"@type":"ListItem","position":1,"name":"Etusivu","item":"https:\/\/veteraanienperinto.fi\/index.php\/etusivu-2\/"},{"@type":"ListItem","position":2,"name":"Vinterkriget","item":"https:\/\/veteraanienperinto.fi\/index.php\/sv\/vinterkriget\/"},{"@type":"ListItem","position":3,"name":"Vinterkrigets ber\u00e4ttelser","item":"https:\/\/veteraanienperinto.fi\/index.php\/sv\/vinterkriget\/vinterkrigets-berattelser\/"},{"@type":"ListItem","position":4,"name":"Kriget","item":"https:\/\/veteraanienperinto.fi\/index.php\/sv\/vinterkriget\/vinterkrigets-berattelser\/kriget\/"},{"@type":"ListItem","position":5,"name":"Avv\u00e4rjningssegrarna p\u00e5 Karelska n\u00e4set","item":"https:\/\/veteraanienperinto.fi\/index.php\/sv\/vinterkriget\/vinterkrigets-berattelser\/kriget\/avvarjningssegrarna-pa-karelska-naset\/"},{"@type":"ListItem","position":6,"name":"De \u00f6desdigra dagarna"}]},{"@type":"WebSite","@id":"https:\/\/veteraanienperinto.fi\/#website","url":"https:\/\/veteraanienperinto.fi\/","name":"Veteraanien Perint\u00f6","description":"Kadettikunta","potentialAction":[{"@type":"SearchAction","target":{"@type":"EntryPoint","urlTemplate":"https:\/\/veteraanienperinto.fi\/?s={search_term_string}"},"query-input":{"@type":"PropertyValueSpecification","valueRequired":true,"valueName":"search_term_string"}}],"inLanguage":"fi"}]}},"_links":{"self":[{"href":"https:\/\/veteraanienperinto.fi\/index.php\/wp-json\/wp\/v2\/pages\/5550","targetHints":{"allow":["GET"]}}],"collection":[{"href":"https:\/\/veteraanienperinto.fi\/index.php\/wp-json\/wp\/v2\/pages"}],"about":[{"href":"https:\/\/veteraanienperinto.fi\/index.php\/wp-json\/wp\/v2\/types\/page"}],"author":[{"embeddable":true,"href":"https:\/\/veteraanienperinto.fi\/index.php\/wp-json\/wp\/v2\/users\/1"}],"replies":[{"embeddable":true,"href":"https:\/\/veteraanienperinto.fi\/index.php\/wp-json\/wp\/v2\/comments?post=5550"}],"version-history":[{"count":3,"href":"https:\/\/veteraanienperinto.fi\/index.php\/wp-json\/wp\/v2\/pages\/5550\/revisions"}],"predecessor-version":[{"id":7263,"href":"https:\/\/veteraanienperinto.fi\/index.php\/wp-json\/wp\/v2\/pages\/5550\/revisions\/7263"}],"up":[{"embeddable":true,"href":"https:\/\/veteraanienperinto.fi\/index.php\/wp-json\/wp\/v2\/pages\/5546"}],"wp:attachment":[{"href":"https:\/\/veteraanienperinto.fi\/index.php\/wp-json\/wp\/v2\/media?parent=5550"}],"curies":[{"name":"wp","href":"https:\/\/api.w.org\/{rel}","templated":true}]}}