{"id":5554,"date":"2020-11-17T15:16:16","date_gmt":"2020-11-17T15:16:16","guid":{"rendered":"https:\/\/veteraani.ylirotu.fi\/?page_id=5554"},"modified":"2020-12-13T17:27:43","modified_gmt":"2020-12-13T17:27:43","slug":"den-trettonde-februari","status":"publish","type":"page","link":"https:\/\/veteraanienperinto.fi\/index.php\/sv\/vinterkriget\/vinterkrigets-berattelser\/kriget\/avvarjningssegrarna-pa-karelska-naset\/den-trettonde-februari\/","title":{"rendered":"Den trettonde februari"},"content":{"rendered":"\n<style type=\"text\/css\" data-created_by=\"avia_inline_auto\" id=\"style-css-av-kineha9n-63407316e29e0095f634612e053615c8\">\n#top .av-special-heading.av-kineha9n-63407316e29e0095f634612e053615c8{\npadding-bottom:10px;\n}\nbody .av-special-heading.av-kineha9n-63407316e29e0095f634612e053615c8 .av-special-heading-tag .heading-char{\nfont-size:25px;\n}\n.av-special-heading.av-kineha9n-63407316e29e0095f634612e053615c8 .av-subheading{\nfont-size:15px;\n}\n<\/style>\n<div  class='av-special-heading av-kineha9n-63407316e29e0095f634612e053615c8 av-special-heading-h3  avia-builder-el-0  el_before_av_textblock  avia-builder-el-first '><h3 class='av-special-heading-tag'  itemprop=\"headline\"  >Den trettonde februari<\/h3><div class=\"special-heading-border\"><div class=\"special-heading-inner-border\"><\/div><\/div><\/div>\n<section  class='av_textblock_section av-kei9w74n-7b0f008125a778f48432b9a614d90d0f '   itemscope=\"itemscope\" itemtype=\"https:\/\/schema.org\/CreativeWork\" ><div class='avia_textblock'  itemprop=\"text\" ><p><strong>Ragnar \u00d6hberg:<\/strong><\/p>\n<p>&#8221;Jag tillh\u00f6rde pj\u00e4smanskapet och bodde i olyckskorsun vid Summa 1940.<\/p>\n<p>N\u00e5ng\u00e5ng p\u00e5 eftermiddagen den 13 februari fick vi sista g\u00e5ngen eldkommando med order att ladda med minsta krutsats, och avst\u00e5ndet, tror jag, var det kortast m\u00f6jliga. Detta kunde ej betyda annat \u00e4n att vi hade fienden n\u00e4ra inp\u00e5. Inf\u00f6r detta orov\u00e4ckande l\u00e4ge packade jag i korsun min ryggs\u00e4ck och tog ut den och h\u00e4ngde den p\u00e5 en tr\u00e4dgren n\u00e4ra f\u00f6rbindelseg\u00e5ngen som ledde till f\u00f6rsta troppens korsu.<\/p>\n<p>Eldledningsmanskapet, som f\u00f6reg\u00e5nde kv\u00e4ll tvingats att l\u00e4mna eldledningsplatsen och nu befann sej f\u00f6rdelade i batterist\u00e4llningens korsur, hade uppskakat ber\u00e4ttat att fr\u00e4msta linjen var helt s\u00f6ndermald av fiendens artilleri. Infanterilinjen var uppriven sedan ett stort antal ryska stridsvagnar med efterf\u00f6ljande manskap brutit sej igenom. Alla pansarv\u00e4rnsvapen var f\u00f6rst\u00f6rda, och nu hade infanteriet endast &#8221;kasapanos&#8221; och br\u00e4nnflaskor som enda vapen mot stridsvagnarna. Endast den djupa sn\u00f6n mellan fr\u00e4msta linjen och batterist\u00e4llningen kunde i n\u00e5gon m\u00e5n f\u00f6rdr\u00f6ja stridsvagnarnas framfart.<\/p>\n<p>Det var en st\u00e4ndig brist p\u00e5 ammunition till v\u00e5ra pj\u00e4ser f\u00f6r att effektivt kunna delta i f\u00f6rsvaret. Varje g\u00e5ng ammunition hade anl\u00e4nt till Honkaniemi station h\u00e4mtade v\u00e5ra k\u00f6rkarlar ammunitionen p\u00e5 parst\u00f6ttingssl\u00e4dar, och om det fanns n\u00e5gon m\u00f6jlighet s\u00e5 kom nog lasterna \u00e4nda fram. Men det var helt enkelt s\u00e5 att behovet var st\u00f6rre \u00e4n produktionen.<\/p>\n<p>N\u00e5gon order, att retirera bak\u00e5t med v\u00e5ra pj\u00e4ser, kom ej. D\u00e4rtill fanns ej heller n\u00e5gon m\u00f6jlighet under r\u00e5dande f\u00f6rh\u00e5llande. Alla var medvetna om v\u00e5rt utsatta l\u00e4ge. &#8211; Men vi hade f\u00e5tt l\u00f6fte om unds\u00e4ttning i f\u00f6rsvar mot stridsvagnar, vilket kanske ingav manskapet en allt f\u00f6r stor trygghet.<\/p>\n<p>Mot kv\u00e4llssidan, n\u00e4r ryssarna hade flyttat fram sin granateld och vi f\u00e5tt det lite lugnare, begav jag mej l\u00e4ngs g\u00e5ngen mot tredje pj\u00e4sen f\u00f6r att f\u00e5 b\u00e4ttre \u00f6verblick av l\u00e4get framf\u00f6r.<\/p>\n<p>Jag hann inte fram f\u00f6rr\u00e4n en stridsvagnsgranat kreverade i pj\u00e4sst\u00e4llningen s\u00e5 att maskeringen fl\u00f6g all v\u00e4rldens v\u00e4g. Jag v\u00e4nde nu om och skyndade tillbaka med avsikt att ta ner ryggs\u00e4cken f\u00f6r att vara beredd, ifall att vi m\u00e5ste ge oss av.<\/p>\n<p>Med mitt gev\u00e4r f\u00f6rs\u00f6kte jag peta ner den fr\u00e5n tr\u00e4dgrenen, men nu kom en skur av kulor fr\u00e5n ett maskingev\u00e4r och stoppade f\u00f6rs\u00f6ket. Ryggs\u00e4cken med sitt inneh\u00e5ll var mycket viktig f\u00f6r mej, varf\u00f6r jag og\u00e4rna ville l\u00e4mna den. Jag f\u00f6rs\u00f6kte d\u00e4rf\u00f6r p\u00e5 nytt, men \u00e5ter smattrade en kulk\u00e4rve kring mitt gev\u00e4r, s\u00e5 nu ins\u00e5g jag att den m\u00e5ste l\u00e4mnas.<\/p>\n<p>N\u00e4stan genast efter h\u00e4nde f\u00f6ljande: Vi var tre stycken, Ragnar \u00c5minne, jag och Olof Sundfors som nu i n\u00e4mnd ordning befann oss i f\u00f6rbindelseg\u00e5ngen utanf\u00f6r korsun. F\u00f6r att f\u00e5 en hastig \u00f6verblick av l\u00e4get klev jag ett par trappsteg upp p\u00e5 en stege s\u00e5 att jag kom med br\u00f6stet \u00f6ver kanten.<\/p>\n<p>H\u00e4r m\u00f6tte en ov\u00e4ntad syn. En stridsvagn kl\u00e4ttrade som b\u00e4st upp p\u00e5 korsutaket, och jag hann se en ryss samtidigt som han kastade en handgranat, vilken tr\u00e4ffade mej i br\u00f6stet, varefter granaten ramlade ned i g\u00e5ngen.<\/p>\n<p>Nu g\u00e4llde det sekunder. \u00c5minne sprang in i korsun, och jag tillsammans med Sundfors hann just kasta oss bakom en d\u00f6d vinkel i f\u00f6rbindelseg\u00e5ngen n\u00e4r granaten exploderade. Nu kunde vi ej annat \u00e4n skynda l\u00e4ngs f\u00f6rbindelseg\u00e5ngen mot f\u00f6rsta troppens korsu, \u00e4ven med risk att h\u00e4r m\u00f6ta fiender. Tur att vi ej m\u00f6tte n\u00e5gon av eget folk, d\u00e5 kunde det l\u00e4tt ha h\u00e4nt en olycka,&#8221; menar \u00d6hberg.<\/p>\n<p>&#8221;Till v\u00e5ra officerare, som befann sej i f\u00f6rsta troppen, rapporterade vi genast om l\u00e4get. Man hade just d\u00e5 telefonf\u00f6rbindelse med den andra korsun och gav dem l\u00f6fte om att bakifr\u00e5n beg\u00e4ra hj\u00e4lp med antitanksvapen. Men samtidigt br\u00f6ts f\u00f6rbindelsen. Telefonf\u00f6rbindelsen bak\u00e5t till staben fungerade \u00e4nnu, och d\u00e4r lovade man g\u00f6ra vad man kunde.<\/p>\n<p>I detta skede kunde vi konstatera att stridsvagnen fortfarande uppeh\u00f6ll sej p\u00e5 korsutaket, och d\u00e4r syntes ocks\u00e5 n\u00e5gra ryska infanterister- som ropade och var h\u00f6gljudda.<\/p>\n<p>Sj\u00e4lv s\u00e5g jag endast en stridsvagn, men enligt andras observationer syntes \u00e5tminstone tv\u00e5 andra. Det har ocks\u00e5 talats om fem stycken stridsvagnar.<\/p>\n<p>Visst undrade vi \u00f6ver hur snabbt och obem\u00e4rkt stridsvagnen och dess manskap kunde \u00f6verraska oss vid den andra korsun. Tydligen s\u00e5 hade de kommit fram mellan tredje och fj\u00e4rde pj\u00e4sen, och eftersom det p\u00e5 st\u00e4llningsomr\u00e5det knappast fanns n\u00e5got sn\u00f6hinder kunde de d\u00e4r ta sej snabbt fram.<\/p>\n<p>V\u00e5rt infanteri var upprivet s\u00e5 n\u00e5gon linje framf\u00f6r oss fanns ej mera, och h\u00e4r i den \u00f6ppna flacka terr\u00e4ngen var det sv\u00e5rt att bilda n\u00e5got f\u00f6rsvar, s\u00e4rskilt mot stridsvagnar. I kv\u00e4llsskymningen inledde vi d\u00e4rf\u00f6r retr\u00e4tten, och alla som befann sej i f\u00f6rsta troppen lyckades ta sej oskadda bak\u00e5t.<\/p>\n<p>Under retr\u00e4tten bak\u00e5t m\u00e4tte vi tre finska infanterister f\u00f6rsedda med &#8221;kasapanos&#8221;. De skulle tj\u00e4nstg\u00f6ra som tanksf\u00f6rst\u00f6rare. Det var det enda tanksv\u00e4rn som hade kunnat uppbringas.<\/p>\n<p>Att i \u00f6ppen terr\u00e4ng f\u00f6rs\u00f6ka n\u00e5 tanksen med detta vapen hade varit ett s\u00e4kert sj\u00e4lvmord.<\/p>\n<p>Det f\u00f6ljde en kall natt under v\u00e5r retr\u00e4tt. Men p\u00e5 tal om k\u00f6ld ber\u00e4ttar \u00d6hberg: &#8221;I v\u00e5rt krutf\u00f6rr\u00e5d, som var p\u00e5 ett kort avst\u00e5nd fr\u00e5n pj\u00e4sen, hade vi en termometer, d\u00e4rf\u00f6r att temperaturen skulle beaktas vid skjutkoordinaternas utr\u00e4kning. L\u00e4gsta temperaturen som noterades var 52 grader.&#8221;<\/p>\n<p><em><strong>Ur boken:<\/strong><\/em><br \/>\n<em>Larsmo-\u00d6ja batteriet under Vinterkriget 1939-40 Summa<\/em><\/p>\n<\/div><\/section>\n","protected":false},"excerpt":{"rendered":"","protected":false},"author":1,"featured_media":0,"parent":5546,"menu_order":1,"comment_status":"closed","ping_status":"closed","template":"","meta":{"footnotes":""},"class_list":["post-5554","page","type-page","status-publish","hentry"],"yoast_head":"<!-- This site is optimized with the Yoast SEO plugin v27.6 - https:\/\/yoast.com\/product\/yoast-seo-wordpress\/ -->\n<title>Den trettonde februari - Veteraanien Perint\u00f6<\/title>\n<meta name=\"robots\" content=\"index, follow, max-snippet:-1, max-image-preview:large, max-video-preview:-1\" \/>\n<link rel=\"canonical\" href=\"https:\/\/veteraanienperinto.fi\/index.php\/sv\/vinterkriget\/vinterkrigets-berattelser\/kriget\/avvarjningssegrarna-pa-karelska-naset\/den-trettonde-februari\/\" \/>\n<meta property=\"og:locale\" content=\"fi_FI\" \/>\n<meta property=\"og:type\" content=\"article\" \/>\n<meta property=\"og:title\" content=\"Den trettonde februari - Veteraanien Perint\u00f6\" \/>\n<meta property=\"og:url\" content=\"https:\/\/veteraanienperinto.fi\/index.php\/sv\/vinterkriget\/vinterkrigets-berattelser\/kriget\/avvarjningssegrarna-pa-karelska-naset\/den-trettonde-februari\/\" \/>\n<meta property=\"og:site_name\" content=\"Veteraanien Perint\u00f6\" \/>\n<meta property=\"article:modified_time\" content=\"2020-12-13T17:27:43+00:00\" \/>\n<meta name=\"twitter:card\" content=\"summary_large_image\" \/>\n<meta name=\"twitter:label1\" content=\"Arvioitu lukuaika\" \/>\n\t<meta name=\"twitter:data1\" content=\"6 minuuttia\" \/>\n<script type=\"application\/ld+json\" class=\"yoast-schema-graph\">{\"@context\":\"https:\\\/\\\/schema.org\",\"@graph\":[{\"@type\":\"WebPage\",\"@id\":\"https:\\\/\\\/veteraanienperinto.fi\\\/index.php\\\/sv\\\/vinterkriget\\\/vinterkrigets-berattelser\\\/kriget\\\/avvarjningssegrarna-pa-karelska-naset\\\/den-trettonde-februari\\\/\",\"url\":\"https:\\\/\\\/veteraanienperinto.fi\\\/index.php\\\/sv\\\/vinterkriget\\\/vinterkrigets-berattelser\\\/kriget\\\/avvarjningssegrarna-pa-karelska-naset\\\/den-trettonde-februari\\\/\",\"name\":\"Den trettonde februari - Veteraanien Perint\u00f6\",\"isPartOf\":{\"@id\":\"https:\\\/\\\/veteraanienperinto.fi\\\/#website\"},\"datePublished\":\"2020-11-17T15:16:16+00:00\",\"dateModified\":\"2020-12-13T17:27:43+00:00\",\"breadcrumb\":{\"@id\":\"https:\\\/\\\/veteraanienperinto.fi\\\/index.php\\\/sv\\\/vinterkriget\\\/vinterkrigets-berattelser\\\/kriget\\\/avvarjningssegrarna-pa-karelska-naset\\\/den-trettonde-februari\\\/#breadcrumb\"},\"inLanguage\":\"fi\",\"potentialAction\":[{\"@type\":\"ReadAction\",\"target\":[\"https:\\\/\\\/veteraanienperinto.fi\\\/index.php\\\/sv\\\/vinterkriget\\\/vinterkrigets-berattelser\\\/kriget\\\/avvarjningssegrarna-pa-karelska-naset\\\/den-trettonde-februari\\\/\"]}]},{\"@type\":\"BreadcrumbList\",\"@id\":\"https:\\\/\\\/veteraanienperinto.fi\\\/index.php\\\/sv\\\/vinterkriget\\\/vinterkrigets-berattelser\\\/kriget\\\/avvarjningssegrarna-pa-karelska-naset\\\/den-trettonde-februari\\\/#breadcrumb\",\"itemListElement\":[{\"@type\":\"ListItem\",\"position\":1,\"name\":\"Etusivu\",\"item\":\"https:\\\/\\\/veteraanienperinto.fi\\\/index.php\\\/etusivu-2\\\/\"},{\"@type\":\"ListItem\",\"position\":2,\"name\":\"Vinterkriget\",\"item\":\"https:\\\/\\\/veteraanienperinto.fi\\\/index.php\\\/sv\\\/vinterkriget\\\/\"},{\"@type\":\"ListItem\",\"position\":3,\"name\":\"Vinterkrigets ber\u00e4ttelser\",\"item\":\"https:\\\/\\\/veteraanienperinto.fi\\\/index.php\\\/sv\\\/vinterkriget\\\/vinterkrigets-berattelser\\\/\"},{\"@type\":\"ListItem\",\"position\":4,\"name\":\"Kriget\",\"item\":\"https:\\\/\\\/veteraanienperinto.fi\\\/index.php\\\/sv\\\/vinterkriget\\\/vinterkrigets-berattelser\\\/kriget\\\/\"},{\"@type\":\"ListItem\",\"position\":5,\"name\":\"Avv\u00e4rjningssegrarna p\u00e5 Karelska n\u00e4set\",\"item\":\"https:\\\/\\\/veteraanienperinto.fi\\\/index.php\\\/sv\\\/vinterkriget\\\/vinterkrigets-berattelser\\\/kriget\\\/avvarjningssegrarna-pa-karelska-naset\\\/\"},{\"@type\":\"ListItem\",\"position\":6,\"name\":\"Den trettonde februari\"}]},{\"@type\":\"WebSite\",\"@id\":\"https:\\\/\\\/veteraanienperinto.fi\\\/#website\",\"url\":\"https:\\\/\\\/veteraanienperinto.fi\\\/\",\"name\":\"Veteraanien Perint\u00f6\",\"description\":\"Kadettikunta\",\"potentialAction\":[{\"@type\":\"SearchAction\",\"target\":{\"@type\":\"EntryPoint\",\"urlTemplate\":\"https:\\\/\\\/veteraanienperinto.fi\\\/?s={search_term_string}\"},\"query-input\":{\"@type\":\"PropertyValueSpecification\",\"valueRequired\":true,\"valueName\":\"search_term_string\"}}],\"inLanguage\":\"fi\"}]}<\/script>\n<!-- \/ Yoast SEO plugin. -->","yoast_head_json":{"title":"Den trettonde februari - Veteraanien Perint\u00f6","robots":{"index":"index","follow":"follow","max-snippet":"max-snippet:-1","max-image-preview":"max-image-preview:large","max-video-preview":"max-video-preview:-1"},"canonical":"https:\/\/veteraanienperinto.fi\/index.php\/sv\/vinterkriget\/vinterkrigets-berattelser\/kriget\/avvarjningssegrarna-pa-karelska-naset\/den-trettonde-februari\/","og_locale":"fi_FI","og_type":"article","og_title":"Den trettonde februari - Veteraanien Perint\u00f6","og_url":"https:\/\/veteraanienperinto.fi\/index.php\/sv\/vinterkriget\/vinterkrigets-berattelser\/kriget\/avvarjningssegrarna-pa-karelska-naset\/den-trettonde-februari\/","og_site_name":"Veteraanien Perint\u00f6","article_modified_time":"2020-12-13T17:27:43+00:00","twitter_card":"summary_large_image","twitter_misc":{"Arvioitu lukuaika":"6 minuuttia"},"schema":{"@context":"https:\/\/schema.org","@graph":[{"@type":"WebPage","@id":"https:\/\/veteraanienperinto.fi\/index.php\/sv\/vinterkriget\/vinterkrigets-berattelser\/kriget\/avvarjningssegrarna-pa-karelska-naset\/den-trettonde-februari\/","url":"https:\/\/veteraanienperinto.fi\/index.php\/sv\/vinterkriget\/vinterkrigets-berattelser\/kriget\/avvarjningssegrarna-pa-karelska-naset\/den-trettonde-februari\/","name":"Den trettonde februari - Veteraanien Perint\u00f6","isPartOf":{"@id":"https:\/\/veteraanienperinto.fi\/#website"},"datePublished":"2020-11-17T15:16:16+00:00","dateModified":"2020-12-13T17:27:43+00:00","breadcrumb":{"@id":"https:\/\/veteraanienperinto.fi\/index.php\/sv\/vinterkriget\/vinterkrigets-berattelser\/kriget\/avvarjningssegrarna-pa-karelska-naset\/den-trettonde-februari\/#breadcrumb"},"inLanguage":"fi","potentialAction":[{"@type":"ReadAction","target":["https:\/\/veteraanienperinto.fi\/index.php\/sv\/vinterkriget\/vinterkrigets-berattelser\/kriget\/avvarjningssegrarna-pa-karelska-naset\/den-trettonde-februari\/"]}]},{"@type":"BreadcrumbList","@id":"https:\/\/veteraanienperinto.fi\/index.php\/sv\/vinterkriget\/vinterkrigets-berattelser\/kriget\/avvarjningssegrarna-pa-karelska-naset\/den-trettonde-februari\/#breadcrumb","itemListElement":[{"@type":"ListItem","position":1,"name":"Etusivu","item":"https:\/\/veteraanienperinto.fi\/index.php\/etusivu-2\/"},{"@type":"ListItem","position":2,"name":"Vinterkriget","item":"https:\/\/veteraanienperinto.fi\/index.php\/sv\/vinterkriget\/"},{"@type":"ListItem","position":3,"name":"Vinterkrigets ber\u00e4ttelser","item":"https:\/\/veteraanienperinto.fi\/index.php\/sv\/vinterkriget\/vinterkrigets-berattelser\/"},{"@type":"ListItem","position":4,"name":"Kriget","item":"https:\/\/veteraanienperinto.fi\/index.php\/sv\/vinterkriget\/vinterkrigets-berattelser\/kriget\/"},{"@type":"ListItem","position":5,"name":"Avv\u00e4rjningssegrarna p\u00e5 Karelska n\u00e4set","item":"https:\/\/veteraanienperinto.fi\/index.php\/sv\/vinterkriget\/vinterkrigets-berattelser\/kriget\/avvarjningssegrarna-pa-karelska-naset\/"},{"@type":"ListItem","position":6,"name":"Den trettonde februari"}]},{"@type":"WebSite","@id":"https:\/\/veteraanienperinto.fi\/#website","url":"https:\/\/veteraanienperinto.fi\/","name":"Veteraanien Perint\u00f6","description":"Kadettikunta","potentialAction":[{"@type":"SearchAction","target":{"@type":"EntryPoint","urlTemplate":"https:\/\/veteraanienperinto.fi\/?s={search_term_string}"},"query-input":{"@type":"PropertyValueSpecification","valueRequired":true,"valueName":"search_term_string"}}],"inLanguage":"fi"}]}},"_links":{"self":[{"href":"https:\/\/veteraanienperinto.fi\/index.php\/wp-json\/wp\/v2\/pages\/5554","targetHints":{"allow":["GET"]}}],"collection":[{"href":"https:\/\/veteraanienperinto.fi\/index.php\/wp-json\/wp\/v2\/pages"}],"about":[{"href":"https:\/\/veteraanienperinto.fi\/index.php\/wp-json\/wp\/v2\/types\/page"}],"author":[{"embeddable":true,"href":"https:\/\/veteraanienperinto.fi\/index.php\/wp-json\/wp\/v2\/users\/1"}],"replies":[{"embeddable":true,"href":"https:\/\/veteraanienperinto.fi\/index.php\/wp-json\/wp\/v2\/comments?post=5554"}],"version-history":[{"count":3,"href":"https:\/\/veteraanienperinto.fi\/index.php\/wp-json\/wp\/v2\/pages\/5554\/revisions"}],"predecessor-version":[{"id":7267,"href":"https:\/\/veteraanienperinto.fi\/index.php\/wp-json\/wp\/v2\/pages\/5554\/revisions\/7267"}],"up":[{"embeddable":true,"href":"https:\/\/veteraanienperinto.fi\/index.php\/wp-json\/wp\/v2\/pages\/5546"}],"wp:attachment":[{"href":"https:\/\/veteraanienperinto.fi\/index.php\/wp-json\/wp\/v2\/media?parent=5554"}],"curies":[{"name":"wp","href":"https:\/\/api.w.org\/{rel}","templated":true}]}}