{"id":5559,"date":"2020-11-17T15:17:29","date_gmt":"2020-11-17T15:17:29","guid":{"rendered":"https:\/\/veteraani.ylirotu.fi\/?page_id=5559"},"modified":"2020-12-13T17:33:48","modified_gmt":"2020-12-13T17:33:48","slug":"haranpaanniemi-mars","status":"publish","type":"page","link":"https:\/\/veteraanienperinto.fi\/index.php\/sv\/vinterkriget\/vinterkrigets-berattelser\/kriget\/avvarjningssegrarna-pa-karelska-naset\/haranpaanniemi-mars\/","title":{"rendered":"H\u00e4r\u00e4np\u00e4\u00e4nniemi, mars&#8230;"},"content":{"rendered":"\n<style type=\"text\/css\" data-created_by=\"avia_inline_auto\" id=\"style-css-av-kinep3kf-6ea77278cdac00e572cd56dddcd16884\">\n#top .av-special-heading.av-kinep3kf-6ea77278cdac00e572cd56dddcd16884{\npadding-bottom:10px;\n}\nbody .av-special-heading.av-kinep3kf-6ea77278cdac00e572cd56dddcd16884 .av-special-heading-tag .heading-char{\nfont-size:25px;\n}\n.av-special-heading.av-kinep3kf-6ea77278cdac00e572cd56dddcd16884 .av-subheading{\nfont-size:15px;\n}\n<\/style>\n<div  class='av-special-heading av-kinep3kf-6ea77278cdac00e572cd56dddcd16884 av-special-heading-h3  avia-builder-el-0  el_before_av_textblock  avia-builder-el-first '><h3 class='av-special-heading-tag'  itemprop=\"headline\"  >H\u00e4r\u00e4np\u00e4\u00e4nniemi, mars&#8230;<\/h3><div class=\"special-heading-border\"><div class=\"special-heading-inner-border\"><\/div><\/div><\/div>\n<section  class='av_textblock_section av-kei9w74n-7b0f008125a778f48432b9a614d90d0f '   itemscope=\"itemscope\" itemtype=\"https:\/\/schema.org\/CreativeWork\" ><div class='avia_textblock'  itemprop=\"text\" ><p><strong>Jarl Gall\u00e9n: Tionde regementet<\/strong><\/p>\n<p>F\u00f6ljande dag fortsatte el\u00e4ndet. V\u00e5r stab passerades av en major fr\u00e5n AKE. Han kom n\u00e4rmast fr\u00e5n Tervajokih\u00e5llet och ber\u00e4ttade att Karjaniemi var ryskt och striden i full g\u00e5ng i Nisalahti. Det var f\u00f6r resten denna dag Er. P 7 gjorde sitt sista d\u00f6dsanfall.<\/p>\n<p>Det ryska artilleriet och flyget utvecklade en allt livligare verksamhet. Telefonf\u00f6rbindelserna strejkade flera g\u00e5nger och reservkornett Herlins mannar hade fullt arbete. P\u00e5 Meriosniemi hade ryssarna placerat granatkastare och infanterikanoner, som \u00f6ste sina projektiler \u00f6ver kapten Kronl\u00f6fs folk. Ute p\u00e5 Muhulahti vandrade kolonner, men n\u00e5got anfall blev det dock icke av.<\/p>\n<p>En allvarligare v\u00e4ndning togo h\u00e4ndelserna p\u00e5 v\u00e4nstra flygeln. \u00c5tskilliga tanks \u00e5kte l\u00e5ngs uppk\u00f6rda v\u00e4gar upp p\u00e5 stranden och in i skogen. Pansarv\u00e4rnskanonerna likviderade under f\u00f6rmiddagens lopp \u00e5tta vagnar, och v\u00e5ra pojkar hurrade p\u00e5 propsstaplarna d\u00e5 bes\u00e4ttningen hoppade ut med kl\u00e4derna i ljusan l\u00e5ga. V\u00e5ra kanoner ledo dock av brist p\u00e5 ammunition och f\u00f6rstr\u00e4ckte slutligen rekylbromsarna, varf\u00f6r de m\u00e5ste f\u00f6ras undan. D\u00e4rp\u00e5 huserade de ryska vagnarna fritt, k\u00f6rde i skogen genom v\u00e5ra linjer och v\u00e5llade m\u00e5nga otrevligheter. Det s\u00e5g ett par g\u00e5nger kritiskt ut, men bef\u00e4lets sj\u00e4lvuppoffrande fasta upptr\u00e4dande h\u00f6ll manskapet kvar i st\u00e4llningarna. Det ryska infanteriet m\u00e4ktade under s\u00e5dana omst\u00e4ndigheter inte f\u00f6lja vagnarna. Ryssarna voro tydligt berusade och n\u00f6jde sig med skrik och skr\u00e5l. L\u00e4get var l\u00e4nge kritiskt. Reservf\u00e4nrik P. Aspegren fr\u00e5n 9. K stupade f\u00f6r en kula, medan han med sitt personliga exempel h\u00f6ll modet uppe hos m\u00e4nnen. Likas\u00e5 s\u00e5rades reservf\u00e4nrik Anthony Savonius fr\u00e5n Krh. K &#8211; s\u00e5ret var icke livsfarligt, men tyv\u00e4rr tr\u00e4ffades han ett par dagar senare under transporten till krigssjukhuset av en d\u00f6dande kula fr\u00e5n en rysk jagare. F\u00f6reg\u00e5ende dag hade plutonchefen, reservf\u00e4nrik Str\u00f6m blivit d\u00f6dligt s\u00e5rad av en granat och avlidit p\u00e5 JSp.<\/p>\n<p>Krh.K samlades nu p\u00e5 v\u00e4nstra flygeln, och reservf\u00e4nrik Sj\u00f6man tog bef\u00e4let. Fr\u00e5n andra sidan Vilajoenlahti l\u00f6sgjordes tv\u00e5 plutoner av 7. K, som under reservf\u00e4nrik Lindberg kommo f\u00f6r att bringa f\u00f6rst\u00e4rkning och avl\u00f6sning. Under tiden \u00e5kte den ena tankskolonnen efter den andra upp, tills en sannskyldig pansararmada var samlad p\u00e5 isen mellan H\u00e4r\u00e4np\u00e4\u00e4nniemi, Tuppura och Teikarsaari. Det var som tanksparaden p\u00e5 R\u00f6da torget i Moskva, f\u00f6r att citera kapten Lassenius rapport i telefonen. Fr\u00e5n stranden vid p. 17,7 kunde man tydligt r\u00e4kna 160 vagnar som rullade eller stodo stilla. L\u00e4ngre borta syntes l\u00e4nga rader av svarta punkter &#8211; om det var tanks eller lastbilar var om\u00f6jligt att avg\u00f6ra ens med kikare.<\/p>\n<p>L\u00e4get p\u00e5 v\u00e4nstra flygeln var i l\u00e4ngden oh\u00e5llbart, s\u00e5l\u00e4nge pansarvagnarna kunde husera fritt. Kompanicheferna anh\u00f6llo d\u00e4rf\u00f6r att f\u00e5 draga linjen tillbaka till en sv\u00e5rare terr\u00e4ng, ett par hundra meter fr\u00e5n p. 17,7. H\u00e4r kunde vagnarna passera endast i riktning av skogsv\u00e4gen, som l\u00f6pte ut till udden. Hela eftermiddagen fortgick striden och det ryska infanteriet led sv\u00e5ra f\u00f6rluster. S\u00e5 snart skymningen b\u00f6rjat falla, till\u00e4t kapten Lassenius l\u00f6sg\u00f6ringen. Denna lyckades fullst\u00e4ndigt. D\u00e5 ryssarna omsider gingo till anfall p\u00e5 nytt, m\u00f6tte de ingen fiende, men v\u00e4l reservf\u00e4nrik Sj\u00f6mans v\u00e4lriktade granatkastareld. Husgruppen ant\u00e4ndes av de v\u00e5ra och belyste m\u00e5len f\u00f6rtr\u00e4ffligt. D\u00e4rp\u00e5 satte ryssarna \u00e5ter in sina tanks. De tvungos nu att k\u00f6ra i rad l\u00e5ngs v\u00e4gen. En rysk pansarv\u00e4rnskanon hade dock anl\u00e4nt i st\u00e4llet f\u00f6r de skadade Boforspj\u00e4serna. Den sk\u00f6t tv\u00e5 av vagnarna. \u00c4nnu s\u00f6kte tre tanks forcera v\u00e5ra st\u00e4llningar. I P:s l\u00e4kare, reservsanitetsl\u00f6jtnant Gylling, befann sig tillf\u00e4lligtvis nere i linjen och blev p\u00e5skjuten av vagnarna, ilsknade till och serverade kanonen med den framg\u00e5ng, att f\u00f6rsta skottet bragte ledar vagnen att stanna. Den blockerade sedan v\u00e4gen f\u00f6r de f\u00f6ljande. Fyra tanks f\u00f6rs\u00f6kte samtidigt fr\u00e5n strandsidan kringg\u00e5 h\u00f6jden p. 17,7, d\u00e4r kapten Lassenius hade sin stab i en kall k\u00e4llargrop. De m\u00e5ste dock ha k\u00e4nt det kusligt i nattm\u00f6rkret, eftersom de v\u00e4nde om utan att fullf\u00f6lja sitt upps\u00e5t.<\/p>\n<p>I regementsstaben medf\u00f6rde denna dag en viss omv\u00e4xling. Vi hade varit totalt avskurna fr\u00e5n ytterv\u00e4rlden p\u00e5 senare tid &#8211; ingen post, inga tidningar, inga vackert duplicerade meddelanden om l\u00e4get. P\u00e5 \u00e5terv\u00e4g fr\u00e5n en bombr\u00e4d mot kolonnerna p\u00e5 isen blev ett eget Blenheimplan nedskjutet av en rysk jagare. Endast en av de ombordvarande lyckades r\u00e4dda sig, l\u00f6jtnant Hakala, som omhuldades p\u00e5 det b\u00e4sta av oss innan han fick resa vidare, och i geng\u00e4ld ber\u00e4ttade mycket om kriget ur flygarens synpunkt. Slutligen kom reservunderl\u00f6jtnant Steiskal i ett specialuppdrag f\u00f6r kustf\u00f6rsvarets r\u00e4kning, som det nu var f\u00f6r sent att fylla. Han hade till och med varit i Stockholm den senaste m\u00e5naden och kunde ge oss nyheter fr\u00e5n stora v\u00e4rlden. N\u00e5gon tr\u00f6st var d\u00e4r icke att h\u00e4mta, men vi hade resignerat inf\u00f6r v\u00e5r ensamma kamp, och huvudsaken var f\u00f6rstr\u00f6elsen, som l\u00e4t oss koppla av sinnet fr\u00e5n det n\u00e4rvarande f\u00f6r en stund &#8211; tills telefonen igen ringde och kapten Lassenius eller kapten Kronl\u00f6f f\u00f6r hundrade g\u00e5ngen f\u00f6rklarade hur v\u00e4l v\u00e5ra tappra pojkar b\u00e5de f\u00f6rtj\u00e4nade och beh\u00f6vde avl\u00f6sning. Men var taga br\u00f6d i \u00f6knen! Hade vi tidigare s\u00f6kt tr\u00f6sta med l\u00f6ften, voro vi nu alltf\u00f6r \u00e4rliga f\u00f6r att kunna g\u00f6ra det, fast\u00e4n sinnet sved vid tanken P\u00e5 att tvingas st\u00e4ndigt kr\u00e4va insats utan att kunna ge n\u00e5gon l\u00e4ttnad.<\/p>\n<\/div><\/section>\n","protected":false},"excerpt":{"rendered":"","protected":false},"author":1,"featured_media":0,"parent":5546,"menu_order":2,"comment_status":"closed","ping_status":"closed","template":"","meta":{"footnotes":""},"class_list":["post-5559","page","type-page","status-publish","hentry"],"yoast_head":"<!-- This site is optimized with the Yoast SEO plugin v27.4 - https:\/\/yoast.com\/product\/yoast-seo-wordpress\/ -->\n<title>H\u00e4r\u00e4np\u00e4\u00e4nniemi, mars... - Veteraanien Perint\u00f6<\/title>\n<meta name=\"robots\" content=\"index, follow, max-snippet:-1, max-image-preview:large, max-video-preview:-1\" \/>\n<link rel=\"canonical\" href=\"https:\/\/veteraanienperinto.fi\/index.php\/sv\/vinterkriget\/vinterkrigets-berattelser\/kriget\/avvarjningssegrarna-pa-karelska-naset\/haranpaanniemi-mars\/\" \/>\n<meta property=\"og:locale\" content=\"fi_FI\" \/>\n<meta property=\"og:type\" content=\"article\" \/>\n<meta property=\"og:title\" content=\"H\u00e4r\u00e4np\u00e4\u00e4nniemi, mars... - Veteraanien Perint\u00f6\" \/>\n<meta property=\"og:url\" content=\"https:\/\/veteraanienperinto.fi\/index.php\/sv\/vinterkriget\/vinterkrigets-berattelser\/kriget\/avvarjningssegrarna-pa-karelska-naset\/haranpaanniemi-mars\/\" \/>\n<meta property=\"og:site_name\" content=\"Veteraanien Perint\u00f6\" \/>\n<meta property=\"article:modified_time\" content=\"2020-12-13T17:33:48+00:00\" \/>\n<meta name=\"twitter:card\" content=\"summary_large_image\" \/>\n<meta name=\"twitter:label1\" content=\"Arvioitu lukuaika\" \/>\n\t<meta name=\"twitter:data1\" content=\"6 minuuttia\" \/>\n<script type=\"application\/ld+json\" class=\"yoast-schema-graph\">{\"@context\":\"https:\\\/\\\/schema.org\",\"@graph\":[{\"@type\":\"WebPage\",\"@id\":\"https:\\\/\\\/veteraanienperinto.fi\\\/index.php\\\/sv\\\/vinterkriget\\\/vinterkrigets-berattelser\\\/kriget\\\/avvarjningssegrarna-pa-karelska-naset\\\/haranpaanniemi-mars\\\/\",\"url\":\"https:\\\/\\\/veteraanienperinto.fi\\\/index.php\\\/sv\\\/vinterkriget\\\/vinterkrigets-berattelser\\\/kriget\\\/avvarjningssegrarna-pa-karelska-naset\\\/haranpaanniemi-mars\\\/\",\"name\":\"H\u00e4r\u00e4np\u00e4\u00e4nniemi, mars... - Veteraanien Perint\u00f6\",\"isPartOf\":{\"@id\":\"https:\\\/\\\/veteraanienperinto.fi\\\/#website\"},\"datePublished\":\"2020-11-17T15:17:29+00:00\",\"dateModified\":\"2020-12-13T17:33:48+00:00\",\"breadcrumb\":{\"@id\":\"https:\\\/\\\/veteraanienperinto.fi\\\/index.php\\\/sv\\\/vinterkriget\\\/vinterkrigets-berattelser\\\/kriget\\\/avvarjningssegrarna-pa-karelska-naset\\\/haranpaanniemi-mars\\\/#breadcrumb\"},\"inLanguage\":\"fi\",\"potentialAction\":[{\"@type\":\"ReadAction\",\"target\":[\"https:\\\/\\\/veteraanienperinto.fi\\\/index.php\\\/sv\\\/vinterkriget\\\/vinterkrigets-berattelser\\\/kriget\\\/avvarjningssegrarna-pa-karelska-naset\\\/haranpaanniemi-mars\\\/\"]}]},{\"@type\":\"BreadcrumbList\",\"@id\":\"https:\\\/\\\/veteraanienperinto.fi\\\/index.php\\\/sv\\\/vinterkriget\\\/vinterkrigets-berattelser\\\/kriget\\\/avvarjningssegrarna-pa-karelska-naset\\\/haranpaanniemi-mars\\\/#breadcrumb\",\"itemListElement\":[{\"@type\":\"ListItem\",\"position\":1,\"name\":\"Etusivu\",\"item\":\"https:\\\/\\\/veteraanienperinto.fi\\\/index.php\\\/etusivu-2\\\/\"},{\"@type\":\"ListItem\",\"position\":2,\"name\":\"Vinterkriget\",\"item\":\"https:\\\/\\\/veteraanienperinto.fi\\\/index.php\\\/sv\\\/vinterkriget\\\/\"},{\"@type\":\"ListItem\",\"position\":3,\"name\":\"Vinterkrigets ber\u00e4ttelser\",\"item\":\"https:\\\/\\\/veteraanienperinto.fi\\\/index.php\\\/sv\\\/vinterkriget\\\/vinterkrigets-berattelser\\\/\"},{\"@type\":\"ListItem\",\"position\":4,\"name\":\"Kriget\",\"item\":\"https:\\\/\\\/veteraanienperinto.fi\\\/index.php\\\/sv\\\/vinterkriget\\\/vinterkrigets-berattelser\\\/kriget\\\/\"},{\"@type\":\"ListItem\",\"position\":5,\"name\":\"Avv\u00e4rjningssegrarna p\u00e5 Karelska n\u00e4set\",\"item\":\"https:\\\/\\\/veteraanienperinto.fi\\\/index.php\\\/sv\\\/vinterkriget\\\/vinterkrigets-berattelser\\\/kriget\\\/avvarjningssegrarna-pa-karelska-naset\\\/\"},{\"@type\":\"ListItem\",\"position\":6,\"name\":\"H\u00e4r\u00e4np\u00e4\u00e4nniemi, mars&#8230;\"}]},{\"@type\":\"WebSite\",\"@id\":\"https:\\\/\\\/veteraanienperinto.fi\\\/#website\",\"url\":\"https:\\\/\\\/veteraanienperinto.fi\\\/\",\"name\":\"Veteraanien Perint\u00f6\",\"description\":\"Kadettikunta\",\"potentialAction\":[{\"@type\":\"SearchAction\",\"target\":{\"@type\":\"EntryPoint\",\"urlTemplate\":\"https:\\\/\\\/veteraanienperinto.fi\\\/?s={search_term_string}\"},\"query-input\":{\"@type\":\"PropertyValueSpecification\",\"valueRequired\":true,\"valueName\":\"search_term_string\"}}],\"inLanguage\":\"fi\"}]}<\/script>\n<!-- \/ Yoast SEO plugin. -->","yoast_head_json":{"title":"H\u00e4r\u00e4np\u00e4\u00e4nniemi, mars... - Veteraanien Perint\u00f6","robots":{"index":"index","follow":"follow","max-snippet":"max-snippet:-1","max-image-preview":"max-image-preview:large","max-video-preview":"max-video-preview:-1"},"canonical":"https:\/\/veteraanienperinto.fi\/index.php\/sv\/vinterkriget\/vinterkrigets-berattelser\/kriget\/avvarjningssegrarna-pa-karelska-naset\/haranpaanniemi-mars\/","og_locale":"fi_FI","og_type":"article","og_title":"H\u00e4r\u00e4np\u00e4\u00e4nniemi, mars... - Veteraanien Perint\u00f6","og_url":"https:\/\/veteraanienperinto.fi\/index.php\/sv\/vinterkriget\/vinterkrigets-berattelser\/kriget\/avvarjningssegrarna-pa-karelska-naset\/haranpaanniemi-mars\/","og_site_name":"Veteraanien Perint\u00f6","article_modified_time":"2020-12-13T17:33:48+00:00","twitter_card":"summary_large_image","twitter_misc":{"Arvioitu lukuaika":"6 minuuttia"},"schema":{"@context":"https:\/\/schema.org","@graph":[{"@type":"WebPage","@id":"https:\/\/veteraanienperinto.fi\/index.php\/sv\/vinterkriget\/vinterkrigets-berattelser\/kriget\/avvarjningssegrarna-pa-karelska-naset\/haranpaanniemi-mars\/","url":"https:\/\/veteraanienperinto.fi\/index.php\/sv\/vinterkriget\/vinterkrigets-berattelser\/kriget\/avvarjningssegrarna-pa-karelska-naset\/haranpaanniemi-mars\/","name":"H\u00e4r\u00e4np\u00e4\u00e4nniemi, mars... - Veteraanien Perint\u00f6","isPartOf":{"@id":"https:\/\/veteraanienperinto.fi\/#website"},"datePublished":"2020-11-17T15:17:29+00:00","dateModified":"2020-12-13T17:33:48+00:00","breadcrumb":{"@id":"https:\/\/veteraanienperinto.fi\/index.php\/sv\/vinterkriget\/vinterkrigets-berattelser\/kriget\/avvarjningssegrarna-pa-karelska-naset\/haranpaanniemi-mars\/#breadcrumb"},"inLanguage":"fi","potentialAction":[{"@type":"ReadAction","target":["https:\/\/veteraanienperinto.fi\/index.php\/sv\/vinterkriget\/vinterkrigets-berattelser\/kriget\/avvarjningssegrarna-pa-karelska-naset\/haranpaanniemi-mars\/"]}]},{"@type":"BreadcrumbList","@id":"https:\/\/veteraanienperinto.fi\/index.php\/sv\/vinterkriget\/vinterkrigets-berattelser\/kriget\/avvarjningssegrarna-pa-karelska-naset\/haranpaanniemi-mars\/#breadcrumb","itemListElement":[{"@type":"ListItem","position":1,"name":"Etusivu","item":"https:\/\/veteraanienperinto.fi\/index.php\/etusivu-2\/"},{"@type":"ListItem","position":2,"name":"Vinterkriget","item":"https:\/\/veteraanienperinto.fi\/index.php\/sv\/vinterkriget\/"},{"@type":"ListItem","position":3,"name":"Vinterkrigets ber\u00e4ttelser","item":"https:\/\/veteraanienperinto.fi\/index.php\/sv\/vinterkriget\/vinterkrigets-berattelser\/"},{"@type":"ListItem","position":4,"name":"Kriget","item":"https:\/\/veteraanienperinto.fi\/index.php\/sv\/vinterkriget\/vinterkrigets-berattelser\/kriget\/"},{"@type":"ListItem","position":5,"name":"Avv\u00e4rjningssegrarna p\u00e5 Karelska n\u00e4set","item":"https:\/\/veteraanienperinto.fi\/index.php\/sv\/vinterkriget\/vinterkrigets-berattelser\/kriget\/avvarjningssegrarna-pa-karelska-naset\/"},{"@type":"ListItem","position":6,"name":"H\u00e4r\u00e4np\u00e4\u00e4nniemi, mars&#8230;"}]},{"@type":"WebSite","@id":"https:\/\/veteraanienperinto.fi\/#website","url":"https:\/\/veteraanienperinto.fi\/","name":"Veteraanien Perint\u00f6","description":"Kadettikunta","potentialAction":[{"@type":"SearchAction","target":{"@type":"EntryPoint","urlTemplate":"https:\/\/veteraanienperinto.fi\/?s={search_term_string}"},"query-input":{"@type":"PropertyValueSpecification","valueRequired":true,"valueName":"search_term_string"}}],"inLanguage":"fi"}]}},"_links":{"self":[{"href":"https:\/\/veteraanienperinto.fi\/index.php\/wp-json\/wp\/v2\/pages\/5559","targetHints":{"allow":["GET"]}}],"collection":[{"href":"https:\/\/veteraanienperinto.fi\/index.php\/wp-json\/wp\/v2\/pages"}],"about":[{"href":"https:\/\/veteraanienperinto.fi\/index.php\/wp-json\/wp\/v2\/types\/page"}],"author":[{"embeddable":true,"href":"https:\/\/veteraanienperinto.fi\/index.php\/wp-json\/wp\/v2\/users\/1"}],"replies":[{"embeddable":true,"href":"https:\/\/veteraanienperinto.fi\/index.php\/wp-json\/wp\/v2\/comments?post=5559"}],"version-history":[{"count":3,"href":"https:\/\/veteraanienperinto.fi\/index.php\/wp-json\/wp\/v2\/pages\/5559\/revisions"}],"predecessor-version":[{"id":10021,"href":"https:\/\/veteraanienperinto.fi\/index.php\/wp-json\/wp\/v2\/pages\/5559\/revisions\/10021"}],"up":[{"embeddable":true,"href":"https:\/\/veteraanienperinto.fi\/index.php\/wp-json\/wp\/v2\/pages\/5546"}],"wp:attachment":[{"href":"https:\/\/veteraanienperinto.fi\/index.php\/wp-json\/wp\/v2\/media?parent=5559"}],"curies":[{"name":"wp","href":"https:\/\/api.w.org\/{rel}","templated":true}]}}