{"id":5567,"date":"2020-11-17T15:21:44","date_gmt":"2020-11-17T15:21:44","guid":{"rendered":"https:\/\/veteraani.ylirotu.fi\/?page_id=5567"},"modified":"2020-12-13T17:49:29","modified_gmt":"2020-12-13T17:49:29","slug":"summa-februari-1940","status":"publish","type":"page","link":"https:\/\/veteraanienperinto.fi\/index.php\/sv\/vinterkriget\/vinterkrigets-berattelser\/kriget\/avvarjningssegrarna-pa-karelska-naset\/summa-februari-1940\/","title":{"rendered":"Summa februari 1940"},"content":{"rendered":"\n<style type=\"text\/css\" data-created_by=\"avia_inline_auto\" id=\"style-css-av-kinf8a2d-d115dfa7b8a2caf199caf5b17f978736\">\n#top .av-special-heading.av-kinf8a2d-d115dfa7b8a2caf199caf5b17f978736{\npadding-bottom:10px;\n}\nbody .av-special-heading.av-kinf8a2d-d115dfa7b8a2caf199caf5b17f978736 .av-special-heading-tag .heading-char{\nfont-size:25px;\n}\n.av-special-heading.av-kinf8a2d-d115dfa7b8a2caf199caf5b17f978736 .av-subheading{\nfont-size:15px;\n}\n<\/style>\n<div  class='av-special-heading av-kinf8a2d-d115dfa7b8a2caf199caf5b17f978736 av-special-heading-h3  avia-builder-el-0  el_before_av_textblock  avia-builder-el-first '><h3 class='av-special-heading-tag'  itemprop=\"headline\"  >Summa februari 1940<\/h3><div class=\"special-heading-border\"><div class=\"special-heading-inner-border\"><\/div><\/div><\/div>\n<section  class='av_textblock_section av-kei9w74n-7b0f008125a778f48432b9a614d90d0f '   itemscope=\"itemscope\" itemtype=\"https:\/\/schema.org\/CreativeWork\" ><div class='avia_textblock'  itemprop=\"text\" ><p><strong>C. B. Kvikant:<\/strong><\/p>\n<p>Den 1 februari b\u00f6rjar anfallet vid Summa by. Ryssarna f\u00f6rs\u00f6ker bl.a. med st\u00e5lsl\u00e4dar, som transporteras av stridsvagnarna, komma in i v\u00e5ra linjer. Anfallen sl\u00e5s emellertid tillbaka. Under tio dagars tid p\u00e5g\u00e5r striderna. Ryssarna blir avl\u00f6sta var tredje dag.<\/p>\n<p>Den 11 februari kl. 8.20 en ovanligt vacker s\u00f6ndagsmorgon bryter helvetet l\u00f6st. Det som f\u00f6rekommit de senaste tio dagarna var en barnlek j\u00e4mf\u00f6rt med vad som nu intr\u00e4ffar. Huvudtrycket riktas emot Munasuo, k\u00e4rrlinjen rakt s\u00f6der om v\u00e5r batterist\u00e4llning. Det \u00e4r f\u00f6rst nu det intr\u00e4ffar att man inte kan urskilja enskilda skott. Ryssarna har hundratal batterier i funktion. Genom flygspaning hade vi koordinaterna best\u00e4mda f\u00f6r cirka 100 av dem. Sj\u00e4lva skjuter vi s\u00e5 mycket som v\u00e5rt d\u00e5mera ytterst begr\u00e4nsade ammunitionsf\u00f6rr\u00e5d det till\u00e5ter.<\/p>\n<p>Mot kv\u00e4llen avstannar beskjutningen n\u00e5got, men forts\u00e4tter f\u00f6ljande dag p\u00e5 samma s\u00e4tt. Vi f\u00e5r uppgifterna att den bataljon som l\u00e5g s\u00f6der om oss hade upprivits och dragit sig mot st\u00f6dlinjen, och att avsnittet numera f\u00f6rsvarades endast av dess spridda rester. V\u00e5ra skjutavst\u00e5nd f\u00f6rkortades alltmera och vi kunde p\u00e5 v\u00e5ra kartor f\u00f6lja med hur ryssarna vann terr\u00e4ng f\u00f6r varje timme. Vi beredde oss f\u00f6r n\u00e4rf\u00f6rsvar och tanksanfall, beslutna att s\u00e4lja oss dyrt. P\u00e5 kv\u00e4llen f\u00e5r vi v\u00e4lja mellan att stanna kvar i st\u00e4llning 5 eller flytta tillbaka till v\u00e5r huvudst\u00e4llning tv\u00e5 kilometer bortom Kilteesl\u00e4tten. Vi bet ihop t\u00e4nderna och stannade.<\/p>\n<p>Den tredje dagens morgon inledes om m\u00f6jligt fruktansv\u00e4rdare \u00e4n de tidigare. Den ryska eldgivningen har under de tre senaste dagarna varit f\u00f6rv\u00e5nansv\u00e4rt v\u00e4lriktad och metodisk. Ungef\u00e4r vid middagstid koncentreras den p\u00e5 oss. Hade vi slutligen uppt\u00e4ckts? Vi visste, att om det tunga artilleriets st\u00e4llningar uppt\u00e4cktes, kunde man inte r\u00e4kna med n\u00e5gon l\u00e5ng livsl\u00e4ngd. Vi bef\u00e4stes i v\u00e5r tro p\u00e5 grund av de flygbomber av tyngsta kaliber, som samtidigt b\u00f6rjade falla. Korsun och de nedgr\u00e4vda t\u00e4lten skakade som vid fulltr\u00e4ffar. V\u00e5ra telefonledningar brast. De sista uppgifterna vi hann l\u00e4mna var meddelandet om att beskjutningen inletts. Endast radiof\u00f6rbindelsen med eldledningen fungerade. Till r\u00e5ga p\u00e5 allt anl\u00e4nde slutligen en grupp Stukaplan, vilka under ett \u00f6ronbed\u00f6vande tjut gjorde sina st\u00f6rtdykningar \u00e5tf\u00f6ljda n\u00e5gra sekunder senare av bomber som kreverade. Man undrade \u00f6ver att inga fulltr\u00e4ffar noterades trots att jorden hela tiden darrade av nedslag.<\/p>\n<p>Men ledningarna reparerades i granatregnet, och f\u00f6rbindelserna var \u00e5terupptagna. Trots allt var det kanske v\u00e4gsk\u00e4let bakom oss och inte batterist\u00e4llningen som uppt\u00e4ckts. Man hinner icke t\u00e4nka. Men n\u00e4r det \u00e4r som v\u00e4rst kallades frivilliga ut till kanonerna. Och det finns s\u00e5dana. Alltid. Det var kavalleristanda i pojkarna. Vi f\u00e5r h\u00f6ra om tanks i batterist\u00e4llningarna i grannsektionen p\u00e5 ca 2 kilometers avst\u00e5nd ifr\u00e5n oss och vi beredde oss f\u00f6r nappatag. Kasapanoksia i ordning. De yttersta pj\u00e4serna f\u00e4rdiga f\u00f6r n\u00e4rf\u00f6rsvar: Det skall bli en f\u00f6rbannat roliger dans. Vi v\u00e4ntar och skjuter. M\u00e5len har n\u00e4rmat sig orov\u00e4ckande. De flesta skott m\u00e5ste g\u00e5 mellan tr\u00e4dstammarna i terr\u00e4ngt\u00e4cket framf\u00f6r mynningarna. Klockan 18.30 kommer en order:<\/p>\n<p>&#8221;Uppbrott. St\u00e4llningsbyte. Tanksfara. Meddelande n\u00e4r ni \u00e4r skjutklara i st\u00e4llning 2. Och till slut. F\u00f6rs\u00f6k undvika att det blir panik bland pojkarna.&#8221;<\/p>\n<p>&#8221;Klart, herr kapten.&#8221;<\/p>\n<p>Panik blir h\u00e4r inte. Jag k\u00e4nde mina pappenheimare. Ett mera perfekt st\u00e4llningsbyte har jag heller aldrig varit med om. Inte ett rop, inte ett steg f\u00f6r mycket. Allting lungt, snabbt, effektivt. Var och en visste vad han skulle g\u00f6ra och hur han skulle g\u00f6ra det. Detta var s\u00e5ledes slutet. Vi skulle l\u00e4mna v\u00e5r st\u00e4llning som vi med m\u00f6da hade byggt och som vi hade varit stolta \u00f6ver. Jag st\u00e4llde mig vid f\u00f6rsta pj\u00e4sen och stirrade ut emot s\u00f6der i natten tyst besluten:<\/p>\n<p>&#8221;F\u00e5r jag icke pj\u00e4serna, kommer jag inte sj\u00e4lv.&#8221;<\/p>\n<p>Kv\u00e4llen var mytisk. Ryska str\u00e5lkastare svepte \u00f6ver tr\u00e4dtopparna. Nattbombare surrade i olika riktningar. Maskingev\u00e4ren var n\u00e4stan inp\u00e5 oss. Den finska arm\u00e9n h\u00f6ll p\u00e5 att l\u00e4mna Mannerheimlinjen. Vi hade varit f\u00f6r f\u00e5 och f\u00f6r fattiga. Vi hade beh\u00f6vt kanske en division av ungt, utvilat och stridsglatt folk, av den kvalitet som de som legat h\u00e4r de tv\u00e5 senaste m\u00e5naderna. Vi hade beh\u00f6vt, kanoner och ammunition.<\/p>\n<p>Vi l\u00e4mnade inte en spade efter oss. Det sista som h\u00f6rdes i M\u00e4nty 5 var tv\u00e5 pistolskott som f\u00f6r alltid tystade Nisse Mattsons radioapparat, den enda som vi inte hade rum f\u00f6r p\u00e5 v\u00e5ra sl\u00e4dar. Ett par timmar efter uppbrottsordern kunde ett meddelande ing\u00e5 till sektionsofficeren:<\/p>\n<p>&#8221;Batteriet stridsklart i M\u00e4nty 2.&#8221;<\/p>\n<p>Den natten sover inte batteriofficeren. Batteriets hemliga papper genomg\u00e5s och br\u00e4nns. Stridsorder och marschorder fr\u00e5n U-ryhm\u00e4 \u00e4nda till de sista uppgifterna om ryssarnas anfallsf\u00f6rberedelser p\u00e5 Summa-avsnittet g\u00e5r i kaminen.<\/p>\n<p>Den f\u00f6ljande dagen h\u00e4mtar det ryska artilleriet andan. Men v\u00e5ra linjer \u00e4r genombrutna. Vi rekognoscerar nya st\u00e4llningar i Pien-Pero bortom K\u00e4m\u00e4r\u00e4-linjen. P\u00e5 kv\u00e4llen kommer order om uppbrott. Eldledningen har l\u00e4mnat sina linjer. Hela fronten drar sig tillbaka till nya st\u00e4llningar. Vi stannade efter en fruktansv\u00e4rt kall natt i PienPero. Vi skjuter inte ett skott p\u00e5 en hel dag. Ammunitionen b\u00f6rjar tryta.<\/p>\n<p>K\u00e4m\u00e4r\u00e4linjen \u00e4r inte helt utbyggd och h\u00e5ller icke. Den 16 rekognoscerar vi igen. Nu i Suur-Pero, ett tiotal kilometer fr\u00e5n Wiborg. I Suur-Pero vet man tydligen inte vad som h\u00e4nt. Vi ser civilpersoner, kvinnor och lottor, n\u00e5got som vi dittills under kriget p\u00e5 sin h\u00f6jd bara hade h\u00f6rt talas om. Redan samma kv\u00e4ll flyttas sektionerna. Tanks har brutit igenom vid K\u00e4m\u00e4r\u00e4. Avf\u00e4rden \u00e4r dramatisk.<\/p>\n<p>I Suur-Pero intar batteriet en fullkomligt idealisk st\u00e4llning. Pj\u00e4smanskapet bygger korsu p\u00e5 en natt. Vi besluter oss f\u00f6r att vara l\u00e5ngvariga. Under n\u00e5gra dagars tid skjuter vi ganska mycket, tills v\u00e5r ammunition som l\u00e4nge varit p\u00e5 upph\u00e4llningen, den 21 februari befinner sig inskr\u00e4nka sig till ett hundra projektiler. Det \u00e4r de sista som Finland \u00e4ger. Ordern om uppbrott har denna g\u00e5ng formen:<\/p>\n<p>&#8221;Utbyte av material.&#8221;<\/p>\n<p>Vi marscherar \u00f6ver Tali och Kilpeenjoki till Joutseno, d\u00e4r vi stannar n\u00e5got \u00f6ver en vecka. Batteriet delas itu. Den ena h\u00e4lften stannar kvar i Joutseno f\u00f6r att inv\u00e4nta pj\u00e4ser, den andra reser upp till V\u00f6r\u00e5. Karleby batteri \u00e4r icke mer.<\/p>\n<p>Samma dag som freden slutes startar en grupp, bland dem rikssvenskar, fr\u00e5n Wasa f\u00f6r att f\u00f6rena sig med den i Joutseno v\u00e4ntande delen av gamla Rask.Psto. 1. Materialet har \u00e4ntligen kommit, men v\u00e5ra dr\u00f6mmars Karelen var f\u00f6rlorat. Folk gr\u00e5ter p\u00e5 stationerna, n\u00e4r man ser v\u00e5ra stor pj\u00e4ser &#8211; f\u00f6r sent &#8211; p\u00e5 v\u00e4g mot Wiborgska viken.<\/p>\n<p>Vi h\u00f6r ett rykte om en bataljon, som f\u00e5tt sig tilldelat uppdraget att knyta till s\u00e4cken vid Summa, och att den, som en sann d\u00f6dsbataljon och som \u00e4kta finsk, stannade p\u00e5 sin post och stupade n\u00e4stan till sista man. Det \u00e4r gravskriften \u00f6ver Summa f\u00f6r efterv\u00e4rlden med visans ord: d\u00e4r ligga de hj\u00e4ltar slagna.<\/p>\n<p><em><strong>Ur boken:<\/strong><\/em><br \/>\n<em>C. B. Kvikant: Tunga Sektionen 1 i Vinterkriget<\/em><\/p>\n<\/div><\/section>\n","protected":false},"excerpt":{"rendered":"","protected":false},"author":1,"featured_media":0,"parent":5546,"menu_order":4,"comment_status":"closed","ping_status":"closed","template":"","meta":{"footnotes":""},"class_list":["post-5567","page","type-page","status-publish","hentry"],"yoast_head":"<!-- This site is optimized with the Yoast SEO plugin v27.4 - https:\/\/yoast.com\/product\/yoast-seo-wordpress\/ -->\n<title>Summa februari 1940 - Veteraanien Perint\u00f6<\/title>\n<meta name=\"robots\" content=\"index, follow, max-snippet:-1, max-image-preview:large, max-video-preview:-1\" \/>\n<link rel=\"canonical\" href=\"https:\/\/veteraanienperinto.fi\/index.php\/sv\/vinterkriget\/vinterkrigets-berattelser\/kriget\/avvarjningssegrarna-pa-karelska-naset\/summa-februari-1940\/\" \/>\n<meta property=\"og:locale\" content=\"fi_FI\" \/>\n<meta property=\"og:type\" content=\"article\" \/>\n<meta property=\"og:title\" content=\"Summa februari 1940 - Veteraanien Perint\u00f6\" \/>\n<meta property=\"og:url\" content=\"https:\/\/veteraanienperinto.fi\/index.php\/sv\/vinterkriget\/vinterkrigets-berattelser\/kriget\/avvarjningssegrarna-pa-karelska-naset\/summa-februari-1940\/\" \/>\n<meta property=\"og:site_name\" content=\"Veteraanien Perint\u00f6\" \/>\n<meta property=\"article:modified_time\" content=\"2020-12-13T17:49:29+00:00\" \/>\n<meta name=\"twitter:card\" content=\"summary_large_image\" \/>\n<meta name=\"twitter:label1\" content=\"Arvioitu lukuaika\" \/>\n\t<meta name=\"twitter:data1\" content=\"7 minuuttia\" \/>\n<script type=\"application\/ld+json\" class=\"yoast-schema-graph\">{\"@context\":\"https:\\\/\\\/schema.org\",\"@graph\":[{\"@type\":\"WebPage\",\"@id\":\"https:\\\/\\\/veteraanienperinto.fi\\\/index.php\\\/sv\\\/vinterkriget\\\/vinterkrigets-berattelser\\\/kriget\\\/avvarjningssegrarna-pa-karelska-naset\\\/summa-februari-1940\\\/\",\"url\":\"https:\\\/\\\/veteraanienperinto.fi\\\/index.php\\\/sv\\\/vinterkriget\\\/vinterkrigets-berattelser\\\/kriget\\\/avvarjningssegrarna-pa-karelska-naset\\\/summa-februari-1940\\\/\",\"name\":\"Summa februari 1940 - Veteraanien Perint\u00f6\",\"isPartOf\":{\"@id\":\"https:\\\/\\\/veteraanienperinto.fi\\\/#website\"},\"datePublished\":\"2020-11-17T15:21:44+00:00\",\"dateModified\":\"2020-12-13T17:49:29+00:00\",\"breadcrumb\":{\"@id\":\"https:\\\/\\\/veteraanienperinto.fi\\\/index.php\\\/sv\\\/vinterkriget\\\/vinterkrigets-berattelser\\\/kriget\\\/avvarjningssegrarna-pa-karelska-naset\\\/summa-februari-1940\\\/#breadcrumb\"},\"inLanguage\":\"fi\",\"potentialAction\":[{\"@type\":\"ReadAction\",\"target\":[\"https:\\\/\\\/veteraanienperinto.fi\\\/index.php\\\/sv\\\/vinterkriget\\\/vinterkrigets-berattelser\\\/kriget\\\/avvarjningssegrarna-pa-karelska-naset\\\/summa-februari-1940\\\/\"]}]},{\"@type\":\"BreadcrumbList\",\"@id\":\"https:\\\/\\\/veteraanienperinto.fi\\\/index.php\\\/sv\\\/vinterkriget\\\/vinterkrigets-berattelser\\\/kriget\\\/avvarjningssegrarna-pa-karelska-naset\\\/summa-februari-1940\\\/#breadcrumb\",\"itemListElement\":[{\"@type\":\"ListItem\",\"position\":1,\"name\":\"Etusivu\",\"item\":\"https:\\\/\\\/veteraanienperinto.fi\\\/index.php\\\/etusivu-2\\\/\"},{\"@type\":\"ListItem\",\"position\":2,\"name\":\"Vinterkriget\",\"item\":\"https:\\\/\\\/veteraanienperinto.fi\\\/index.php\\\/sv\\\/vinterkriget\\\/\"},{\"@type\":\"ListItem\",\"position\":3,\"name\":\"Vinterkrigets ber\u00e4ttelser\",\"item\":\"https:\\\/\\\/veteraanienperinto.fi\\\/index.php\\\/sv\\\/vinterkriget\\\/vinterkrigets-berattelser\\\/\"},{\"@type\":\"ListItem\",\"position\":4,\"name\":\"Kriget\",\"item\":\"https:\\\/\\\/veteraanienperinto.fi\\\/index.php\\\/sv\\\/vinterkriget\\\/vinterkrigets-berattelser\\\/kriget\\\/\"},{\"@type\":\"ListItem\",\"position\":5,\"name\":\"Avv\u00e4rjningssegrarna p\u00e5 Karelska n\u00e4set\",\"item\":\"https:\\\/\\\/veteraanienperinto.fi\\\/index.php\\\/sv\\\/vinterkriget\\\/vinterkrigets-berattelser\\\/kriget\\\/avvarjningssegrarna-pa-karelska-naset\\\/\"},{\"@type\":\"ListItem\",\"position\":6,\"name\":\"Summa februari 1940\"}]},{\"@type\":\"WebSite\",\"@id\":\"https:\\\/\\\/veteraanienperinto.fi\\\/#website\",\"url\":\"https:\\\/\\\/veteraanienperinto.fi\\\/\",\"name\":\"Veteraanien Perint\u00f6\",\"description\":\"Kadettikunta\",\"potentialAction\":[{\"@type\":\"SearchAction\",\"target\":{\"@type\":\"EntryPoint\",\"urlTemplate\":\"https:\\\/\\\/veteraanienperinto.fi\\\/?s={search_term_string}\"},\"query-input\":{\"@type\":\"PropertyValueSpecification\",\"valueRequired\":true,\"valueName\":\"search_term_string\"}}],\"inLanguage\":\"fi\"}]}<\/script>\n<!-- \/ Yoast SEO plugin. -->","yoast_head_json":{"title":"Summa februari 1940 - Veteraanien Perint\u00f6","robots":{"index":"index","follow":"follow","max-snippet":"max-snippet:-1","max-image-preview":"max-image-preview:large","max-video-preview":"max-video-preview:-1"},"canonical":"https:\/\/veteraanienperinto.fi\/index.php\/sv\/vinterkriget\/vinterkrigets-berattelser\/kriget\/avvarjningssegrarna-pa-karelska-naset\/summa-februari-1940\/","og_locale":"fi_FI","og_type":"article","og_title":"Summa februari 1940 - Veteraanien Perint\u00f6","og_url":"https:\/\/veteraanienperinto.fi\/index.php\/sv\/vinterkriget\/vinterkrigets-berattelser\/kriget\/avvarjningssegrarna-pa-karelska-naset\/summa-februari-1940\/","og_site_name":"Veteraanien Perint\u00f6","article_modified_time":"2020-12-13T17:49:29+00:00","twitter_card":"summary_large_image","twitter_misc":{"Arvioitu lukuaika":"7 minuuttia"},"schema":{"@context":"https:\/\/schema.org","@graph":[{"@type":"WebPage","@id":"https:\/\/veteraanienperinto.fi\/index.php\/sv\/vinterkriget\/vinterkrigets-berattelser\/kriget\/avvarjningssegrarna-pa-karelska-naset\/summa-februari-1940\/","url":"https:\/\/veteraanienperinto.fi\/index.php\/sv\/vinterkriget\/vinterkrigets-berattelser\/kriget\/avvarjningssegrarna-pa-karelska-naset\/summa-februari-1940\/","name":"Summa februari 1940 - Veteraanien Perint\u00f6","isPartOf":{"@id":"https:\/\/veteraanienperinto.fi\/#website"},"datePublished":"2020-11-17T15:21:44+00:00","dateModified":"2020-12-13T17:49:29+00:00","breadcrumb":{"@id":"https:\/\/veteraanienperinto.fi\/index.php\/sv\/vinterkriget\/vinterkrigets-berattelser\/kriget\/avvarjningssegrarna-pa-karelska-naset\/summa-februari-1940\/#breadcrumb"},"inLanguage":"fi","potentialAction":[{"@type":"ReadAction","target":["https:\/\/veteraanienperinto.fi\/index.php\/sv\/vinterkriget\/vinterkrigets-berattelser\/kriget\/avvarjningssegrarna-pa-karelska-naset\/summa-februari-1940\/"]}]},{"@type":"BreadcrumbList","@id":"https:\/\/veteraanienperinto.fi\/index.php\/sv\/vinterkriget\/vinterkrigets-berattelser\/kriget\/avvarjningssegrarna-pa-karelska-naset\/summa-februari-1940\/#breadcrumb","itemListElement":[{"@type":"ListItem","position":1,"name":"Etusivu","item":"https:\/\/veteraanienperinto.fi\/index.php\/etusivu-2\/"},{"@type":"ListItem","position":2,"name":"Vinterkriget","item":"https:\/\/veteraanienperinto.fi\/index.php\/sv\/vinterkriget\/"},{"@type":"ListItem","position":3,"name":"Vinterkrigets ber\u00e4ttelser","item":"https:\/\/veteraanienperinto.fi\/index.php\/sv\/vinterkriget\/vinterkrigets-berattelser\/"},{"@type":"ListItem","position":4,"name":"Kriget","item":"https:\/\/veteraanienperinto.fi\/index.php\/sv\/vinterkriget\/vinterkrigets-berattelser\/kriget\/"},{"@type":"ListItem","position":5,"name":"Avv\u00e4rjningssegrarna p\u00e5 Karelska n\u00e4set","item":"https:\/\/veteraanienperinto.fi\/index.php\/sv\/vinterkriget\/vinterkrigets-berattelser\/kriget\/avvarjningssegrarna-pa-karelska-naset\/"},{"@type":"ListItem","position":6,"name":"Summa februari 1940"}]},{"@type":"WebSite","@id":"https:\/\/veteraanienperinto.fi\/#website","url":"https:\/\/veteraanienperinto.fi\/","name":"Veteraanien Perint\u00f6","description":"Kadettikunta","potentialAction":[{"@type":"SearchAction","target":{"@type":"EntryPoint","urlTemplate":"https:\/\/veteraanienperinto.fi\/?s={search_term_string}"},"query-input":{"@type":"PropertyValueSpecification","valueRequired":true,"valueName":"search_term_string"}}],"inLanguage":"fi"}]}},"_links":{"self":[{"href":"https:\/\/veteraanienperinto.fi\/index.php\/wp-json\/wp\/v2\/pages\/5567","targetHints":{"allow":["GET"]}}],"collection":[{"href":"https:\/\/veteraanienperinto.fi\/index.php\/wp-json\/wp\/v2\/pages"}],"about":[{"href":"https:\/\/veteraanienperinto.fi\/index.php\/wp-json\/wp\/v2\/types\/page"}],"author":[{"embeddable":true,"href":"https:\/\/veteraanienperinto.fi\/index.php\/wp-json\/wp\/v2\/users\/1"}],"replies":[{"embeddable":true,"href":"https:\/\/veteraanienperinto.fi\/index.php\/wp-json\/wp\/v2\/comments?post=5567"}],"version-history":[{"count":3,"href":"https:\/\/veteraanienperinto.fi\/index.php\/wp-json\/wp\/v2\/pages\/5567\/revisions"}],"predecessor-version":[{"id":7288,"href":"https:\/\/veteraanienperinto.fi\/index.php\/wp-json\/wp\/v2\/pages\/5567\/revisions\/7288"}],"up":[{"embeddable":true,"href":"https:\/\/veteraanienperinto.fi\/index.php\/wp-json\/wp\/v2\/pages\/5546"}],"wp:attachment":[{"href":"https:\/\/veteraanienperinto.fi\/index.php\/wp-json\/wp\/v2\/media?parent=5567"}],"curies":[{"name":"wp","href":"https:\/\/api.w.org\/{rel}","templated":true}]}}