{"id":5591,"date":"2020-11-17T15:58:08","date_gmt":"2020-11-17T15:58:08","guid":{"rendered":"https:\/\/veteraani.ylirotu.fi\/?page_id=5591"},"modified":"2020-12-13T18:19:54","modified_gmt":"2020-12-13T18:19:54","slug":"lemetti","status":"publish","type":"page","link":"https:\/\/veteraanienperinto.fi\/index.php\/sv\/vinterkriget\/vinterkrigets-berattelser\/kriget\/avvarjningssegrar-vid-ostgransen\/lemetti\/","title":{"rendered":"Lemetti"},"content":{"rendered":"\n<style type=\"text\/css\" data-created_by=\"avia_inline_auto\" id=\"style-css-av-kingci7o-bc8213e5d5f67db7ffc8cb8fc2710e82\">\n#top .av-special-heading.av-kingci7o-bc8213e5d5f67db7ffc8cb8fc2710e82{\npadding-bottom:10px;\n}\nbody .av-special-heading.av-kingci7o-bc8213e5d5f67db7ffc8cb8fc2710e82 .av-special-heading-tag .heading-char{\nfont-size:25px;\n}\n.av-special-heading.av-kingci7o-bc8213e5d5f67db7ffc8cb8fc2710e82 .av-subheading{\nfont-size:15px;\n}\n<\/style>\n<div  class='av-special-heading av-kingci7o-bc8213e5d5f67db7ffc8cb8fc2710e82 av-special-heading-h3  avia-builder-el-0  el_before_av_textblock  avia-builder-el-first '><h3 class='av-special-heading-tag'  itemprop=\"headline\"  >Lemetti<\/h3><div class=\"special-heading-border\"><div class=\"special-heading-inner-border\"><\/div><\/div><\/div>\n<section  class='av_textblock_section av-kei9w74n-7b0f008125a778f48432b9a614d90d0f '   itemscope=\"itemscope\" itemtype=\"https:\/\/schema.org\/CreativeWork\" ><div class='avia_textblock'  itemprop=\"text\" ><p><strong>Eric Gardberg: Adertonde Avdelta Bataljonen<\/strong><\/p>\n<p>I den v\u00e4stra Lemetti-mottin hade l\u00e4get sk\u00e4rpts fr\u00e5n dag till dag. Fiendens proviantsituation var f\u00f6rtvivlad. St\u00f6rre delen av f\u00f6rr\u00e5den hade ju blivit ytterom mottin efter det lyckade avsk\u00e4randet av landsv\u00e4gen den 9 januari, de f\u00e5 och magra h\u00e4star som stannat innanf\u00f6r ringen hade redan slaktats och upp\u00e4tits, och mot slutet av januari h\u00e4grade \u00e4ven sv\u00e4ltd\u00f6den f\u00f6r de omringade trupperna. Med otrolig seghet v\u00e4grade emellertid dessa att ge upp striden &#8211; hellre d\u00f6 \u00e4n kapitulera. Dagligen skidade v\u00e5ra patruller ut med flygskrifter, i vilka fienden uppmanades att ge sig, men f\u00f6rg\u00e4ves. De av oss tagna f\u00e5ngarna var i ett el\u00e4ndigt tillst\u00e5nd, utsvultna och frostskadade, men bevarande en alldeles enast\u00e5ende f\u00f6rm\u00e5ga att b\u00e4ra sina lidanden utan klagan.<\/p>\n<p>Varje dag d\u00e5 v\u00e4dret det till\u00e4t, kretsade stora ryska transportplan \u00f6ver omgivningen, kastande ner proviant och mediciner f\u00f6r sina trupper. Det m\u00e5tte emellertid ha varit sv\u00e5rt f\u00f6r flygarna att bilda sig ett begrepp om vad som var v\u00e5rt och vad deras, s\u00e5 som inringningarna l\u00e5g intill varandra, oftast utan n\u00e5gra markerade gr\u00e4nslinjer. De stora l\u00e5dorna och s\u00e4ckarna f\u00f6ll n\u00e4mligen lika ofta ner utanf\u00f6r som innanf\u00f6r mottina, till stor gl\u00e4dje f\u00f6r oss, som inte led n\u00e5gon brist, men g\u00e4rna tog emot omv\u00e4xling i dieten.<\/p>\n<p>T.o.m. uppe p\u00e5 Repom\u00e4ki kom en dag ett stort kolli nerdunsande alldeles intill ett t\u00e4lt. Pojkarna rusade ut fr\u00e5n t\u00e4ltet i tro att det var fr\u00e5ga om en &#8221;skomakare&#8221;, en blindg\u00e5ngare, men d\u00f6m om v\u00e5r h\u00e4pnad d\u00e5 skomakaren befanns vara en sentida form av manna, tv\u00e5 stora kexl\u00e5dor om 50 kilo vardera, som fallit ner fr\u00e5n molnen. L\u00e5dorna var sa solitt gjorda, att de skulle ha st\u00e4llt till en katastrof om de fallit r\u00e4tt p\u00e5 t\u00e4ltet.<\/p>\n<p>Den v\u00e4stra Lemetti-mottin skulle synbarligen &#8211; liksom \u00e4ven de andra inringningarna p\u00e5 detta frontavsnitt &#8211; sm\u00e5ningom ha mognat av sig sj\u00e4lv. Sv\u00e4lten, k\u00f6lden och v\u00e5rt artilleri skulle ha sk\u00f6tt om f\u00f6rintandet av dessa ursprungligen s\u00e5 v\u00e4l utrustade och oss s\u00e5 oerh\u00f6rt \u00f6verl\u00e4gsna styrkor. Men de inringande trupperna m\u00e5ste l\u00f6sg\u00f6ras f\u00f6r uppgifter p\u00e5 annat h\u00e5ll &#8211; bristen p\u00e5 folk var ju \u00f6verallt k\u00e4nnbar &#8211; varf\u00f6r den ena efter den andra av mottina efter noggranna f\u00f6rberedelser togs med storm. Mot slutet av januari sl\u00f6ts ringen allt t\u00e4tare, v\u00e5r artilleri- och granatkastareld \u00f6kade i intensitet, och trupperna f\u00f6rst\u00e4rktes. F\u00f6rutom Er. P 18 l\u00e5g nu delar ur avdelningarna &#8221;Hiipij\u00e4&#8221; och &#8221;Korento&#8221; i ringen.<\/p>\n<p>P\u00e5 kv\u00e4llen den 21 januari fick bataljonen order om att h\u00e5lla sig i h\u00f6gsta alarmberedskap, ryssarna v\u00e4ntades g\u00f6ra ett genombrottsf\u00f6rs\u00f6k. D\u00e4rav blev emellertid intet, n\u00e5gra f\u00e5ngar togs, men det lediga manskapet beh\u00f6vde ej ens kallas ut till linjerna.<\/p>\n<p>St\u00e4llningarna f\u00f6rst\u00e4rktes dagligen om uppeh\u00e5ll i eldstriden medgav gr\u00e4vningsarbete. Br\u00f6stv\u00e4rnen utgjordes vanligen endast av h\u00e5rdpackad sn\u00f6 &#8211; ett n\u00e5got otillf\u00f6rlitligt skydd d\u00e5 intet t\u00f6v\u00e4der underl\u00e4ttat sn\u00f6ns hoppressande &#8211; men om marken bestod av sand, gr\u00e4vdes ocks\u00e5 djupare gropar.<\/p>\n<p>En man fr\u00e5n tredje kompaniet stod en dag och sysslade i en s\u00e5dan grop, d\u00e5 han pl\u00f6tsligt fann att tre fullt bev\u00e4pnade ryssar stod vid gropens rand och intresserat f\u00f6ljde med hans arbete. F\u00f6rst hajade han till, men sedan blev han helarg. Sitt gev\u00e4r hade han st\u00e4llt mot ett tr\u00e4d n\u00e5gra meter d\u00e4rifr\u00e5n, varf\u00f6r han inte hade n\u00e5got annat till hands \u00e4n sin spade, men med den slog han den n\u00e4rmaste ryssen \u00f6ver ryggen, skrikande att de skulle dra f\u00f6r fan i v\u00e5ld, de hade ingenting d\u00e4r att g\u00f6ra. Fr\u00e4mlingarna f\u00f6rstod knappast v\u00e5r mans spr\u00e5k, men f\u00f6rmodligen k\u00e4nde de sig s\u00e5rade av hans bryska s\u00e4tt &#8211; de f\u00f6rsvann n\u00e4mligen genast, och mannen fortsatte sitt arbete.<\/p>\n<p>Den 23 januari gjordes en framst\u00f6t p\u00e5 tredje kompaniets avsnitt, varvid en del ryska st\u00e4llningar intogs efter f\u00f6rbittrade strider, och j\u00e4rnringen kring Lemetti s\u00e5lunda ytterligare stramades till. Dagen hade emellertid \u00e5ter kr\u00e4vt stora offer av bataljonen, icke mindre \u00e4n 16 man stupade &#8211; tv\u00e5 officerare, en underofficer och 13 man. D\u00e4rtill f\u00f6rlorade bataljonen ett tiotal i s\u00e5rade. Tredje kompaniet hade f\u00f6r andra g\u00e5ngen f\u00f6rlorat sin chef, och \u00e4nnu samma dag &#8211; f\u00f6r tredje g\u00e5ngen. Redan f\u00f6reg\u00e5ende dag hade res.f\u00e4nrik V. E. Kivek\u00e4s fr\u00e5n KKK beordrats till tredje kompaniet som hj\u00e4lp \u00e5t f\u00e4nrik S. Lindberg, som var den enda \u00e5terst\u00e5ende officeren i kompaniet.<\/p>\n<p>Vid anfallet den 23 p\u00e5 morgonen stupade f\u00e4nrik Lindberg, och f\u00e4nrik Kivek\u00e4s \u00f6vertog kompaniet. N\u00e4r dagen b\u00f6rjade skymma p\u00e5gick striden \u00e4nnu. F\u00e4nrik Kivek\u00e4s befann sig sj\u00e4lv i spetsen f\u00f6r sina pojkar, n\u00e4r han tr\u00e4ffades av en d\u00f6dande kula och blev liggande p\u00e5 sn\u00f6n. Kompaniet drog sig nu n\u00e5got tillbaka, dock utan att uppge de vunna st\u00e4llningarna. N\u00e5gra av de stupade blev emellertid d\u00e4rvid l\u00e4mnade i ingenmansland, f\u00f6rst d\u00e5 denna terr\u00e4ng den 4 februari er\u00f6vrades, kunde de s\u00e4ndas till JSp.<\/p>\n<p>Den kv\u00e4llen var f\u00f6rst\u00e4mningen stor inom tredje och maskingev\u00e4rskompanierna. M\u00e5nga kamrater hade l\u00e4mnat kretsen f\u00f6r alltid, och vetskapen om att n\u00e5gra av pojkarna fortfarande l\u00e5g kvar d\u00e4r ute mellan linjerna \u00f6kade bitterheten. Man hade redan l\u00e4rt sig att ta f\u00f6rlusterna med fatalism, man beklagade en god kamrats bortg\u00e5ng, men den sista, outtalade h\u00e4lsningen l\u00f6d ungef\u00e4r &#8211; i dag var det du, i morgon \u00e4r det kanske min tur. P\u00e5 n\u00e5got s\u00e4tt v\u00e5gade man inte s\u00f6rja som man g\u00f6r det i normala, fredliga f\u00f6rh\u00e5llanden.<\/p>\n<p>Man t\u00e4nkte inte s\u00e5 mycket om man gjorde sig h\u00e5rd. Men man kunde \u00e4nd\u00e5 inte undg\u00e5 att skakas av en s\u00e5 stor d\u00f6dssk\u00f6rd som denna dag, och allvarsamma, l\u00e5gm\u00e4lda samtal h\u00f6rdes i st\u00e4llet f\u00f6r det glada sk\u00e4mtet, som tystnat i t\u00e4lten. &#8211; Minns du vad han sade n\u00e4r han gick &#8211; jag kommer nog tillbaka, pojkar. Minns du hur vi planerade att vi tillsamman skulle \u00e4ta den b\u00e4sta middag som kunde f\u00e5s, n\u00e4r freden eng\u00e5ng kommer, nu blir vi bara tv\u00e5. &#8211; Han v\u00e4ntade s\u00e5 p\u00e5 paket, nu beh\u00f6ver han det inte mera. &#8211; Vem skall skriva till hans fru? &#8211; Sm\u00e5 detaljer ber\u00e4ttades fr\u00e5n de senaste dagarnas samvaro med de bortg\u00e5ngna, n\u00e5gon skildrade kanske ett ungdomsminne som han hade gemensamt med n\u00e5gon av de stupade. Och den h\u00e5rda tj\u00e4nsten fortsatte som f\u00f6rut.<\/p>\n<\/div><\/section>\n","protected":false},"excerpt":{"rendered":"","protected":false},"author":1,"featured_media":0,"parent":5583,"menu_order":1,"comment_status":"closed","ping_status":"closed","template":"","meta":{"footnotes":""},"class_list":["post-5591","page","type-page","status-publish","hentry"],"yoast_head":"<!-- This site is optimized with the Yoast SEO plugin v27.6 - https:\/\/yoast.com\/product\/yoast-seo-wordpress\/ -->\n<title>Lemetti - Veteraanien Perint\u00f6<\/title>\n<meta name=\"robots\" content=\"index, follow, max-snippet:-1, max-image-preview:large, max-video-preview:-1\" \/>\n<link rel=\"canonical\" href=\"https:\/\/veteraanienperinto.fi\/index.php\/sv\/vinterkriget\/vinterkrigets-berattelser\/kriget\/avvarjningssegrar-vid-ostgransen\/lemetti\/\" \/>\n<meta property=\"og:locale\" content=\"fi_FI\" \/>\n<meta property=\"og:type\" content=\"article\" \/>\n<meta property=\"og:title\" content=\"Lemetti - Veteraanien Perint\u00f6\" \/>\n<meta property=\"og:url\" content=\"https:\/\/veteraanienperinto.fi\/index.php\/sv\/vinterkriget\/vinterkrigets-berattelser\/kriget\/avvarjningssegrar-vid-ostgransen\/lemetti\/\" \/>\n<meta property=\"og:site_name\" content=\"Veteraanien Perint\u00f6\" \/>\n<meta property=\"article:modified_time\" content=\"2020-12-13T18:19:54+00:00\" \/>\n<meta name=\"twitter:card\" content=\"summary_large_image\" \/>\n<meta name=\"twitter:label1\" content=\"Arvioitu lukuaika\" \/>\n\t<meta name=\"twitter:data1\" content=\"7 minuuttia\" \/>\n<script type=\"application\/ld+json\" class=\"yoast-schema-graph\">{\"@context\":\"https:\\\/\\\/schema.org\",\"@graph\":[{\"@type\":\"WebPage\",\"@id\":\"https:\\\/\\\/veteraanienperinto.fi\\\/index.php\\\/sv\\\/vinterkriget\\\/vinterkrigets-berattelser\\\/kriget\\\/avvarjningssegrar-vid-ostgransen\\\/lemetti\\\/\",\"url\":\"https:\\\/\\\/veteraanienperinto.fi\\\/index.php\\\/sv\\\/vinterkriget\\\/vinterkrigets-berattelser\\\/kriget\\\/avvarjningssegrar-vid-ostgransen\\\/lemetti\\\/\",\"name\":\"Lemetti - Veteraanien Perint\u00f6\",\"isPartOf\":{\"@id\":\"https:\\\/\\\/veteraanienperinto.fi\\\/#website\"},\"datePublished\":\"2020-11-17T15:58:08+00:00\",\"dateModified\":\"2020-12-13T18:19:54+00:00\",\"breadcrumb\":{\"@id\":\"https:\\\/\\\/veteraanienperinto.fi\\\/index.php\\\/sv\\\/vinterkriget\\\/vinterkrigets-berattelser\\\/kriget\\\/avvarjningssegrar-vid-ostgransen\\\/lemetti\\\/#breadcrumb\"},\"inLanguage\":\"fi\",\"potentialAction\":[{\"@type\":\"ReadAction\",\"target\":[\"https:\\\/\\\/veteraanienperinto.fi\\\/index.php\\\/sv\\\/vinterkriget\\\/vinterkrigets-berattelser\\\/kriget\\\/avvarjningssegrar-vid-ostgransen\\\/lemetti\\\/\"]}]},{\"@type\":\"BreadcrumbList\",\"@id\":\"https:\\\/\\\/veteraanienperinto.fi\\\/index.php\\\/sv\\\/vinterkriget\\\/vinterkrigets-berattelser\\\/kriget\\\/avvarjningssegrar-vid-ostgransen\\\/lemetti\\\/#breadcrumb\",\"itemListElement\":[{\"@type\":\"ListItem\",\"position\":1,\"name\":\"Etusivu\",\"item\":\"https:\\\/\\\/veteraanienperinto.fi\\\/index.php\\\/etusivu-2\\\/\"},{\"@type\":\"ListItem\",\"position\":2,\"name\":\"Vinterkriget\",\"item\":\"https:\\\/\\\/veteraanienperinto.fi\\\/index.php\\\/sv\\\/vinterkriget\\\/\"},{\"@type\":\"ListItem\",\"position\":3,\"name\":\"Vinterkrigets ber\u00e4ttelser\",\"item\":\"https:\\\/\\\/veteraanienperinto.fi\\\/index.php\\\/sv\\\/vinterkriget\\\/vinterkrigets-berattelser\\\/\"},{\"@type\":\"ListItem\",\"position\":4,\"name\":\"Kriget\",\"item\":\"https:\\\/\\\/veteraanienperinto.fi\\\/index.php\\\/sv\\\/vinterkriget\\\/vinterkrigets-berattelser\\\/kriget\\\/\"},{\"@type\":\"ListItem\",\"position\":5,\"name\":\"Avv\u00e4rjningssegrar vid \u00f6stgr\u00e4nsen\",\"item\":\"https:\\\/\\\/veteraanienperinto.fi\\\/index.php\\\/sv\\\/vinterkriget\\\/vinterkrigets-berattelser\\\/kriget\\\/avvarjningssegrar-vid-ostgransen\\\/\"},{\"@type\":\"ListItem\",\"position\":6,\"name\":\"Lemetti\"}]},{\"@type\":\"WebSite\",\"@id\":\"https:\\\/\\\/veteraanienperinto.fi\\\/#website\",\"url\":\"https:\\\/\\\/veteraanienperinto.fi\\\/\",\"name\":\"Veteraanien Perint\u00f6\",\"description\":\"Kadettikunta\",\"potentialAction\":[{\"@type\":\"SearchAction\",\"target\":{\"@type\":\"EntryPoint\",\"urlTemplate\":\"https:\\\/\\\/veteraanienperinto.fi\\\/?s={search_term_string}\"},\"query-input\":{\"@type\":\"PropertyValueSpecification\",\"valueRequired\":true,\"valueName\":\"search_term_string\"}}],\"inLanguage\":\"fi\"}]}<\/script>\n<!-- \/ Yoast SEO plugin. -->","yoast_head_json":{"title":"Lemetti - Veteraanien Perint\u00f6","robots":{"index":"index","follow":"follow","max-snippet":"max-snippet:-1","max-image-preview":"max-image-preview:large","max-video-preview":"max-video-preview:-1"},"canonical":"https:\/\/veteraanienperinto.fi\/index.php\/sv\/vinterkriget\/vinterkrigets-berattelser\/kriget\/avvarjningssegrar-vid-ostgransen\/lemetti\/","og_locale":"fi_FI","og_type":"article","og_title":"Lemetti - Veteraanien Perint\u00f6","og_url":"https:\/\/veteraanienperinto.fi\/index.php\/sv\/vinterkriget\/vinterkrigets-berattelser\/kriget\/avvarjningssegrar-vid-ostgransen\/lemetti\/","og_site_name":"Veteraanien Perint\u00f6","article_modified_time":"2020-12-13T18:19:54+00:00","twitter_card":"summary_large_image","twitter_misc":{"Arvioitu lukuaika":"7 minuuttia"},"schema":{"@context":"https:\/\/schema.org","@graph":[{"@type":"WebPage","@id":"https:\/\/veteraanienperinto.fi\/index.php\/sv\/vinterkriget\/vinterkrigets-berattelser\/kriget\/avvarjningssegrar-vid-ostgransen\/lemetti\/","url":"https:\/\/veteraanienperinto.fi\/index.php\/sv\/vinterkriget\/vinterkrigets-berattelser\/kriget\/avvarjningssegrar-vid-ostgransen\/lemetti\/","name":"Lemetti - Veteraanien Perint\u00f6","isPartOf":{"@id":"https:\/\/veteraanienperinto.fi\/#website"},"datePublished":"2020-11-17T15:58:08+00:00","dateModified":"2020-12-13T18:19:54+00:00","breadcrumb":{"@id":"https:\/\/veteraanienperinto.fi\/index.php\/sv\/vinterkriget\/vinterkrigets-berattelser\/kriget\/avvarjningssegrar-vid-ostgransen\/lemetti\/#breadcrumb"},"inLanguage":"fi","potentialAction":[{"@type":"ReadAction","target":["https:\/\/veteraanienperinto.fi\/index.php\/sv\/vinterkriget\/vinterkrigets-berattelser\/kriget\/avvarjningssegrar-vid-ostgransen\/lemetti\/"]}]},{"@type":"BreadcrumbList","@id":"https:\/\/veteraanienperinto.fi\/index.php\/sv\/vinterkriget\/vinterkrigets-berattelser\/kriget\/avvarjningssegrar-vid-ostgransen\/lemetti\/#breadcrumb","itemListElement":[{"@type":"ListItem","position":1,"name":"Etusivu","item":"https:\/\/veteraanienperinto.fi\/index.php\/etusivu-2\/"},{"@type":"ListItem","position":2,"name":"Vinterkriget","item":"https:\/\/veteraanienperinto.fi\/index.php\/sv\/vinterkriget\/"},{"@type":"ListItem","position":3,"name":"Vinterkrigets ber\u00e4ttelser","item":"https:\/\/veteraanienperinto.fi\/index.php\/sv\/vinterkriget\/vinterkrigets-berattelser\/"},{"@type":"ListItem","position":4,"name":"Kriget","item":"https:\/\/veteraanienperinto.fi\/index.php\/sv\/vinterkriget\/vinterkrigets-berattelser\/kriget\/"},{"@type":"ListItem","position":5,"name":"Avv\u00e4rjningssegrar vid \u00f6stgr\u00e4nsen","item":"https:\/\/veteraanienperinto.fi\/index.php\/sv\/vinterkriget\/vinterkrigets-berattelser\/kriget\/avvarjningssegrar-vid-ostgransen\/"},{"@type":"ListItem","position":6,"name":"Lemetti"}]},{"@type":"WebSite","@id":"https:\/\/veteraanienperinto.fi\/#website","url":"https:\/\/veteraanienperinto.fi\/","name":"Veteraanien Perint\u00f6","description":"Kadettikunta","potentialAction":[{"@type":"SearchAction","target":{"@type":"EntryPoint","urlTemplate":"https:\/\/veteraanienperinto.fi\/?s={search_term_string}"},"query-input":{"@type":"PropertyValueSpecification","valueRequired":true,"valueName":"search_term_string"}}],"inLanguage":"fi"}]}},"_links":{"self":[{"href":"https:\/\/veteraanienperinto.fi\/index.php\/wp-json\/wp\/v2\/pages\/5591","targetHints":{"allow":["GET"]}}],"collection":[{"href":"https:\/\/veteraanienperinto.fi\/index.php\/wp-json\/wp\/v2\/pages"}],"about":[{"href":"https:\/\/veteraanienperinto.fi\/index.php\/wp-json\/wp\/v2\/types\/page"}],"author":[{"embeddable":true,"href":"https:\/\/veteraanienperinto.fi\/index.php\/wp-json\/wp\/v2\/users\/1"}],"replies":[{"embeddable":true,"href":"https:\/\/veteraanienperinto.fi\/index.php\/wp-json\/wp\/v2\/comments?post=5591"}],"version-history":[{"count":3,"href":"https:\/\/veteraanienperinto.fi\/index.php\/wp-json\/wp\/v2\/pages\/5591\/revisions"}],"predecessor-version":[{"id":7308,"href":"https:\/\/veteraanienperinto.fi\/index.php\/wp-json\/wp\/v2\/pages\/5591\/revisions\/7308"}],"up":[{"embeddable":true,"href":"https:\/\/veteraanienperinto.fi\/index.php\/wp-json\/wp\/v2\/pages\/5583"}],"wp:attachment":[{"href":"https:\/\/veteraanienperinto.fi\/index.php\/wp-json\/wp\/v2\/media?parent=5591"}],"curies":[{"name":"wp","href":"https:\/\/api.w.org\/{rel}","templated":true}]}}