{"id":5599,"date":"2020-11-17T16:02:15","date_gmt":"2020-11-17T16:02:15","guid":{"rendered":"https:\/\/veteraani.ylirotu.fi\/?page_id=5599"},"modified":"2020-12-13T18:23:35","modified_gmt":"2020-12-13T18:23:35","slug":"nu-gallde-det-livet","status":"publish","type":"page","link":"https:\/\/veteraanienperinto.fi\/index.php\/sv\/vinterkriget\/vinterkrigets-berattelser\/kriget\/avvarjningssegrar-vid-ostgransen\/nu-gallde-det-livet\/","title":{"rendered":"Nu g\u00e4llde det livet!"},"content":{"rendered":"\n<style type=\"text\/css\" data-created_by=\"avia_inline_auto\" id=\"style-css-av-kingi9e9-a5027fbe8c2411d2736e5cd72c360a31\">\n#top .av-special-heading.av-kingi9e9-a5027fbe8c2411d2736e5cd72c360a31{\npadding-bottom:10px;\n}\nbody .av-special-heading.av-kingi9e9-a5027fbe8c2411d2736e5cd72c360a31 .av-special-heading-tag .heading-char{\nfont-size:25px;\n}\n.av-special-heading.av-kingi9e9-a5027fbe8c2411d2736e5cd72c360a31 .av-subheading{\nfont-size:15px;\n}\n<\/style>\n<div  class='av-special-heading av-kingi9e9-a5027fbe8c2411d2736e5cd72c360a31 av-special-heading-h3  avia-builder-el-0  el_before_av_textblock  avia-builder-el-first '><h3 class='av-special-heading-tag'  itemprop=\"headline\"  >Nu g\u00e4llde det livet!<\/h3><div class=\"special-heading-border\"><div class=\"special-heading-inner-border\"><\/div><\/div><\/div>\n<section  class='av_textblock_section av-kei9w74n-7b0f008125a778f48432b9a614d90d0f '   itemscope=\"itemscope\" itemtype=\"https:\/\/schema.org\/CreativeWork\" ><div class='avia_textblock'  itemprop=\"text\" ><p>Efter <strong>Gunnar Norrg\u00e5rd:<\/strong><\/p>\n<p>Vi som l\u00e5g i sandgropen hade endast en v\u00e4g \u00f6ppen och den gick \u00f6ver k\u00e4rr och mossar. Det blev en m\u00f6dosam marsch hela f\u00f6rnatten. Min bror var hj\u00e4lpskytt f\u00f6r ett snabbeldsgev\u00e4r. Han blev s\u00e5 tr\u00f6tt, att han kastade ammunitionskannorna. Jag sade d\u00e5, att jag tar dem, f\u00f6r vi kan beh\u00f6va dem f\u00f6r att ta oss ut ur ringen. Jag bar dem \u00e4nda fram till Tolvaj\u00e4rvi, dit vi kom vid midnatt. Att det var ett gagnl\u00f6st b\u00e4rande f\u00f6rstod jag d\u00e5 \u00e4nnu inte, men det skulle mycket snart st\u00e5 klart f\u00f6r mig.<\/p>\n<p>Vi s\u00f6kte oss fram till broarna. Det var f\u00f6r sent! Ryssarna var redan d\u00e4r! Vi var inneslutna fr\u00e5n alla sidor!<\/p>\n<p>&#8211; Vad g\u00f6r vi nu? fr\u00e5gade vi.<\/p>\n<p>&#8211; Ja, vad g\u00f6r vi nu? fr\u00e5gade ocks\u00e5 plutonchefen, l\u00f6jtn. Wiik. Vi var i samma situation som Israel vid R\u00f6da havet.<\/p>\n<p>&#8211; Det finns bara en v\u00e4g nu. Den som kan ta sig \u00f6ver sj\u00f6n, klarar sig, men det kan h\u00e4nda, att ryssarna \u00e4r p\u00e5 andra stranden redan.<\/p>\n<p>Den 28 juli hade just g\u00e5tt in. Natten var m\u00f6rk. Himlen var mulen och regnmolnen h\u00e4ngde l\u00e5gt. L\u00e4ngre bort gick \u00e5skan och l\u00e5nga blixtar kl\u00f6v nattm\u00f6rket.<\/p>\n<p>Tolvaj\u00e4rvi l\u00e5g m\u00f6rk. D\u00e5 och d\u00e5 reflekterade vattenytan ljus fr\u00e5n blixtarna. Hur skulle vi klara detta? Hur l\u00e5ng simtur kunde det bli? Ingen visste. I v\u00e4ster l\u00e5g en strand i m\u00f6rker.<\/p>\n<p>&#8211; H\u00f6r ni pojkar? Kom hit och se! H\u00e4r \u00e4r en del tr\u00e4virke. S\u00e5 ropade en b\u00e4st det var, en som utforskade omgivningen.<\/p>\n<p>Ja, det fanns en del mindre stockar fr\u00e5n en kanonst\u00e4llning. Dessa kunde bli oss till hj\u00e4lp. Vi var ett trettiotal man, s\u00e5 vi blev ett tiotal tremanna-grupper. Ett par kamrater och jag tog hand om ett par stockar.<\/p>\n<p>Men vad g\u00f6ra med s\u00e5 viktiga saker som gev\u00e4r och ammunition? Endast ett alternativ tycktes st\u00e5 oss till buds. Det blev snabb expediering. Det sa plask ute i sj\u00f6n i m\u00f6rkret och d\u00e4r stod 30 man vapenl\u00f6sa. Nu g\u00e4llde det vad viktigast var: livet.<\/p>\n<p>Vi skuffade ut stockarna och lade oss med br\u00f6stet p\u00e5 dem med armarna fram\u00e5t. Vi sparkade p\u00e5. Men nej, det lovade inte bra. St\u00f6vlarna vattenfylldes och drog mot djupet. Vi v\u00e4nde mot stranden, gick i land och befriade oss ifr\u00e5n dem.<\/p>\n<p>Vi gjorde ett nytt f\u00f6rs\u00f6k, och det f\u00f6ref\u00f6ll att g\u00e5 ganska bra. Jag hade tunna sommarblusen p\u00e5 och i br\u00f6dv\u00e4skan p\u00e5 ryggen hade jag ett egenh\u00e4ndigt f\u00f6rf\u00e4rdigat tr\u00e4skrin och en karta \u00f6ver Fj\u00e4rrkarelen. Mitt v\u00e4rdefulla amerikanska silverur av m\u00e4rket Elgin f\u00f6ljde med i klockfickan och dess vattenh\u00e5llfasthet skulle nu sannerligen bli pr\u00f6vad.<\/p>\n<p>H\u00e4r g\u00e4llde det att beh\u00e5lla lugnet och hush\u00e5lla med krafterna. Regnet tilltog och med detta m\u00f6rkret. \u00c5skan kom n\u00e4rmare. Blixtarna ljungade och hj\u00e4lpte oss att se hur vi avancerade. Vi blev snart sams i rytm och r\u00f6relser. Det k\u00e4ndes l\u00e4ttare. Hoppet v\u00e4xte inom oss och t\u00e4nde en f\u00f6rvissning om att det h\u00e4r klarar vi. Men situationen erbj\u00f6d inte till n\u00e5got muntert samtal. Intet ord sades. Det skulle ha varit att sl\u00f6sa med krafterna.<\/p>\n<p>Regnet vr\u00e4kte ner. Sj\u00f6ns yta bubblade och kokade och \u00e5skans kanonad fortsatte. Nu l\u00e5g vi verkligen l\u00e5gt och n\u00e5got \u00f6gonblick gl\u00f6mde vi v\u00e5r n\u00f6dsituation och fascinerades av nattens sk\u00e5despel.<\/p>\n<p>Och s\u00e5 med ens! En enorm blixt blottar en strand framf\u00f6r oss och vi hinner t\u00e4nka:<\/p>\n<p>&#8211; Var det \u00e4nd\u00e5 inte l\u00e4ngre! Hur l\u00e4nge vi h\u00e5llit p\u00e5 f\u00f6rblev bara gissningar av varierande slag. Vi drog upp v\u00e5ra stockar p\u00e5 den l\u00e5ga stranden. Och pustade ut! Alla var v\u00e4lbeh\u00e5llna.<\/p>\n<p>H\u00e4r v\u00e4xte l\u00e5g alskog. H\u00e4r var tyst. Vi gick l\u00e4ngs stranden. Stenar och tr\u00e4dr\u00f6tter var oss till f\u00f6rf\u00e5ng och buskaget piskade vatten i ansiktet p\u00e5 oss, men v\u00e5tare \u00e4n vi var kunde vi ej bli. Regnet hade avtagit och \u00e5skan var fj\u00e4rmare. Blixtarna lyste oss v\u00e4g f\u00f6r n\u00e5got \u00f6gonblick.<\/p>\n<p>Vi gick och gick och h\u00f6ll oss intill stranden. Det verkade som om vi skulle g\u00e5 n\u00e4stan i cirkel. Och d\u00e5 vi klart ins\u00e5g detta, hade vi kommit tillbaka till utg\u00e5ngspunkten, landningsplatsen och var n\u00e4ra att snava p\u00e5 v\u00e5ra primitiva flytetyg. Vi var p\u00e5 en holme!<\/p>\n<p>Vi fick lov att forts\u00e4tta. Vi beh\u00e4rskade nu paddlingstekniken. Lugnt bara! Spara p\u00e5 krafterna!, Vi tog sikte p\u00e5 en liten eld fram\u00f6ver. Ibland syntes den inte. -Men den m\u00e5ste ju befinna sig p\u00e5 land. Var d\u00e4r v\u00e4n eller fiende? Vi m\u00e5ste ta chansen och tro, att det var v\u00e4rt folk. Eller kunde det vara en villoeld s\u00e5&#8230;<\/p>\n<p>Och nu! En oerh\u00f6rd sm\u00e4ll, brak och eldsl\u00e5gor! Vi sade ingenting, men vi f\u00f6rstod att d\u00e4r gick en av Tolvaj\u00e4rvis broar i luften. T\u00e4nk om vi varit d\u00e4r!<\/p>\n<p>Vi paddlade i lugn och j\u00e4mnt takt. Vi n\u00e4rmade oss den m\u00f6rka silhuetten i v\u00e4ster. Stranden! D\u00e4r fanns vakter. De h\u00f6rde plask i vattnet och vi h\u00f6rde dem v\u00e4xla skott i vapnen. Skulle slutet \u00e4nd\u00e5 bli skottd\u00f6den f\u00f6r oss som k\u00e4mpat p\u00e5?<\/p>\n<p>&#8211; Kuka siell\u00e4? Fr\u00e5gan aktiverade hela v\u00e5rt finska ordf\u00f6rr\u00e5d.<\/p>\n<p>&#8211; Oma poika. Omat pojat! \u00c4l\u00e4 ammu! Eget folk! Men de tycktes ha sv\u00e5rt att h\u00f6ra i tr\u00e4d- och regnsuset. Eller var det misst\u00e4nksamhet? Fiendelist ocks\u00e5 h\u00e4r?<\/p>\n<p>Vi lyckades komma fram till stranden, och finnarna f\u00f6rlorade inte nervkontrollen. De l\u00e4t vapnen vila. Stranden var br\u00e5ddjup. Ingen botten k\u00e4ndes. Obehagligt sendrag besv\u00e4rade oss efter den l\u00e5nga anstr\u00e4ngningen. Vi hade h\u00e5llit p\u00e5 s\u00e4kert mer \u00e4n en timme, kanske tv\u00e5.<\/p>\n<p>Finnarna hade d\u00e4r en stockeld under ett n\u00e4vertak. Vi skulle d\u00e4r torka v\u00e5ra kl\u00e4der, men det kunde inte genomf\u00f6ras. Brasan var liten, finnarna var m\u00e5nga och tr\u00e4ngdes runt h\u00e4rden och vi, som steg ur vattnet, var alltf\u00f6r m\u00e5nga. Vi som gjort f\u00f6rs\u00f6k att f\u00e5 kl\u00e4derna torra, n\u00f6dgades dra p\u00e5 de v\u00e5ta kl\u00e4derna igen.<\/p>\n<p>Natten var inte kall och sp\u00e4nningen, detta att vi m\u00e5ste klara oss gav tydligen v\u00e4rme. Men visst k\u00e4nde vi senare d\u00e5 och d\u00e5 k\u00f6ldrysningar i v\u00e5r genomv\u00e5ta mundering.<\/p>\n<p>F\u00f6ljande dag gjorde vi en stockeld \u00e5t oss sj\u00e4lva och fick v\u00e5ra plagg torra.<\/p>\n<p>F\u00f6rst tv\u00e5-tre dagar efter den l\u00e5nga nattliga simturen \u00f6ver Tolvaj\u00e4rvi hittade vi resten av kompaniet och fick v\u00e5r utrustning kompletterad.<\/p>\n<p><em><strong>Ur boken:<\/strong><\/em><br \/>\n<em>Einar Snickars: Veteraner minns<\/em><\/p>\n<\/div><\/section>\n","protected":false},"excerpt":{"rendered":"","protected":false},"author":1,"featured_media":0,"parent":5583,"menu_order":3,"comment_status":"closed","ping_status":"closed","template":"","meta":{"footnotes":""},"class_list":["post-5599","page","type-page","status-publish","hentry"],"yoast_head":"<!-- This site is optimized with the Yoast SEO plugin v27.4 - https:\/\/yoast.com\/product\/yoast-seo-wordpress\/ -->\n<title>Nu g\u00e4llde det livet! - Veteraanien Perint\u00f6<\/title>\n<meta name=\"robots\" content=\"index, follow, max-snippet:-1, max-image-preview:large, max-video-preview:-1\" \/>\n<link rel=\"canonical\" href=\"https:\/\/veteraanienperinto.fi\/index.php\/sv\/vinterkriget\/vinterkrigets-berattelser\/kriget\/avvarjningssegrar-vid-ostgransen\/nu-gallde-det-livet\/\" \/>\n<meta property=\"og:locale\" content=\"fi_FI\" \/>\n<meta property=\"og:type\" content=\"article\" \/>\n<meta property=\"og:title\" content=\"Nu g\u00e4llde det livet! - Veteraanien Perint\u00f6\" \/>\n<meta property=\"og:url\" content=\"https:\/\/veteraanienperinto.fi\/index.php\/sv\/vinterkriget\/vinterkrigets-berattelser\/kriget\/avvarjningssegrar-vid-ostgransen\/nu-gallde-det-livet\/\" \/>\n<meta property=\"og:site_name\" content=\"Veteraanien Perint\u00f6\" \/>\n<meta property=\"article:modified_time\" content=\"2020-12-13T18:23:35+00:00\" \/>\n<meta name=\"twitter:card\" content=\"summary_large_image\" \/>\n<meta name=\"twitter:label1\" content=\"Arvioitu lukuaika\" \/>\n\t<meta name=\"twitter:data1\" content=\"7 minuuttia\" \/>\n<script type=\"application\/ld+json\" class=\"yoast-schema-graph\">{\"@context\":\"https:\\\/\\\/schema.org\",\"@graph\":[{\"@type\":\"WebPage\",\"@id\":\"https:\\\/\\\/veteraanienperinto.fi\\\/index.php\\\/sv\\\/vinterkriget\\\/vinterkrigets-berattelser\\\/kriget\\\/avvarjningssegrar-vid-ostgransen\\\/nu-gallde-det-livet\\\/\",\"url\":\"https:\\\/\\\/veteraanienperinto.fi\\\/index.php\\\/sv\\\/vinterkriget\\\/vinterkrigets-berattelser\\\/kriget\\\/avvarjningssegrar-vid-ostgransen\\\/nu-gallde-det-livet\\\/\",\"name\":\"Nu g\u00e4llde det livet! - Veteraanien Perint\u00f6\",\"isPartOf\":{\"@id\":\"https:\\\/\\\/veteraanienperinto.fi\\\/#website\"},\"datePublished\":\"2020-11-17T16:02:15+00:00\",\"dateModified\":\"2020-12-13T18:23:35+00:00\",\"breadcrumb\":{\"@id\":\"https:\\\/\\\/veteraanienperinto.fi\\\/index.php\\\/sv\\\/vinterkriget\\\/vinterkrigets-berattelser\\\/kriget\\\/avvarjningssegrar-vid-ostgransen\\\/nu-gallde-det-livet\\\/#breadcrumb\"},\"inLanguage\":\"fi\",\"potentialAction\":[{\"@type\":\"ReadAction\",\"target\":[\"https:\\\/\\\/veteraanienperinto.fi\\\/index.php\\\/sv\\\/vinterkriget\\\/vinterkrigets-berattelser\\\/kriget\\\/avvarjningssegrar-vid-ostgransen\\\/nu-gallde-det-livet\\\/\"]}]},{\"@type\":\"BreadcrumbList\",\"@id\":\"https:\\\/\\\/veteraanienperinto.fi\\\/index.php\\\/sv\\\/vinterkriget\\\/vinterkrigets-berattelser\\\/kriget\\\/avvarjningssegrar-vid-ostgransen\\\/nu-gallde-det-livet\\\/#breadcrumb\",\"itemListElement\":[{\"@type\":\"ListItem\",\"position\":1,\"name\":\"Etusivu\",\"item\":\"https:\\\/\\\/veteraanienperinto.fi\\\/index.php\\\/etusivu-2\\\/\"},{\"@type\":\"ListItem\",\"position\":2,\"name\":\"Vinterkriget\",\"item\":\"https:\\\/\\\/veteraanienperinto.fi\\\/index.php\\\/sv\\\/vinterkriget\\\/\"},{\"@type\":\"ListItem\",\"position\":3,\"name\":\"Vinterkrigets ber\u00e4ttelser\",\"item\":\"https:\\\/\\\/veteraanienperinto.fi\\\/index.php\\\/sv\\\/vinterkriget\\\/vinterkrigets-berattelser\\\/\"},{\"@type\":\"ListItem\",\"position\":4,\"name\":\"Kriget\",\"item\":\"https:\\\/\\\/veteraanienperinto.fi\\\/index.php\\\/sv\\\/vinterkriget\\\/vinterkrigets-berattelser\\\/kriget\\\/\"},{\"@type\":\"ListItem\",\"position\":5,\"name\":\"Avv\u00e4rjningssegrar vid \u00f6stgr\u00e4nsen\",\"item\":\"https:\\\/\\\/veteraanienperinto.fi\\\/index.php\\\/sv\\\/vinterkriget\\\/vinterkrigets-berattelser\\\/kriget\\\/avvarjningssegrar-vid-ostgransen\\\/\"},{\"@type\":\"ListItem\",\"position\":6,\"name\":\"Nu g\u00e4llde det livet!\"}]},{\"@type\":\"WebSite\",\"@id\":\"https:\\\/\\\/veteraanienperinto.fi\\\/#website\",\"url\":\"https:\\\/\\\/veteraanienperinto.fi\\\/\",\"name\":\"Veteraanien Perint\u00f6\",\"description\":\"Kadettikunta\",\"potentialAction\":[{\"@type\":\"SearchAction\",\"target\":{\"@type\":\"EntryPoint\",\"urlTemplate\":\"https:\\\/\\\/veteraanienperinto.fi\\\/?s={search_term_string}\"},\"query-input\":{\"@type\":\"PropertyValueSpecification\",\"valueRequired\":true,\"valueName\":\"search_term_string\"}}],\"inLanguage\":\"fi\"}]}<\/script>\n<!-- \/ Yoast SEO plugin. -->","yoast_head_json":{"title":"Nu g\u00e4llde det livet! - Veteraanien Perint\u00f6","robots":{"index":"index","follow":"follow","max-snippet":"max-snippet:-1","max-image-preview":"max-image-preview:large","max-video-preview":"max-video-preview:-1"},"canonical":"https:\/\/veteraanienperinto.fi\/index.php\/sv\/vinterkriget\/vinterkrigets-berattelser\/kriget\/avvarjningssegrar-vid-ostgransen\/nu-gallde-det-livet\/","og_locale":"fi_FI","og_type":"article","og_title":"Nu g\u00e4llde det livet! - Veteraanien Perint\u00f6","og_url":"https:\/\/veteraanienperinto.fi\/index.php\/sv\/vinterkriget\/vinterkrigets-berattelser\/kriget\/avvarjningssegrar-vid-ostgransen\/nu-gallde-det-livet\/","og_site_name":"Veteraanien Perint\u00f6","article_modified_time":"2020-12-13T18:23:35+00:00","twitter_card":"summary_large_image","twitter_misc":{"Arvioitu lukuaika":"7 minuuttia"},"schema":{"@context":"https:\/\/schema.org","@graph":[{"@type":"WebPage","@id":"https:\/\/veteraanienperinto.fi\/index.php\/sv\/vinterkriget\/vinterkrigets-berattelser\/kriget\/avvarjningssegrar-vid-ostgransen\/nu-gallde-det-livet\/","url":"https:\/\/veteraanienperinto.fi\/index.php\/sv\/vinterkriget\/vinterkrigets-berattelser\/kriget\/avvarjningssegrar-vid-ostgransen\/nu-gallde-det-livet\/","name":"Nu g\u00e4llde det livet! - Veteraanien Perint\u00f6","isPartOf":{"@id":"https:\/\/veteraanienperinto.fi\/#website"},"datePublished":"2020-11-17T16:02:15+00:00","dateModified":"2020-12-13T18:23:35+00:00","breadcrumb":{"@id":"https:\/\/veteraanienperinto.fi\/index.php\/sv\/vinterkriget\/vinterkrigets-berattelser\/kriget\/avvarjningssegrar-vid-ostgransen\/nu-gallde-det-livet\/#breadcrumb"},"inLanguage":"fi","potentialAction":[{"@type":"ReadAction","target":["https:\/\/veteraanienperinto.fi\/index.php\/sv\/vinterkriget\/vinterkrigets-berattelser\/kriget\/avvarjningssegrar-vid-ostgransen\/nu-gallde-det-livet\/"]}]},{"@type":"BreadcrumbList","@id":"https:\/\/veteraanienperinto.fi\/index.php\/sv\/vinterkriget\/vinterkrigets-berattelser\/kriget\/avvarjningssegrar-vid-ostgransen\/nu-gallde-det-livet\/#breadcrumb","itemListElement":[{"@type":"ListItem","position":1,"name":"Etusivu","item":"https:\/\/veteraanienperinto.fi\/index.php\/etusivu-2\/"},{"@type":"ListItem","position":2,"name":"Vinterkriget","item":"https:\/\/veteraanienperinto.fi\/index.php\/sv\/vinterkriget\/"},{"@type":"ListItem","position":3,"name":"Vinterkrigets ber\u00e4ttelser","item":"https:\/\/veteraanienperinto.fi\/index.php\/sv\/vinterkriget\/vinterkrigets-berattelser\/"},{"@type":"ListItem","position":4,"name":"Kriget","item":"https:\/\/veteraanienperinto.fi\/index.php\/sv\/vinterkriget\/vinterkrigets-berattelser\/kriget\/"},{"@type":"ListItem","position":5,"name":"Avv\u00e4rjningssegrar vid \u00f6stgr\u00e4nsen","item":"https:\/\/veteraanienperinto.fi\/index.php\/sv\/vinterkriget\/vinterkrigets-berattelser\/kriget\/avvarjningssegrar-vid-ostgransen\/"},{"@type":"ListItem","position":6,"name":"Nu g\u00e4llde det livet!"}]},{"@type":"WebSite","@id":"https:\/\/veteraanienperinto.fi\/#website","url":"https:\/\/veteraanienperinto.fi\/","name":"Veteraanien Perint\u00f6","description":"Kadettikunta","potentialAction":[{"@type":"SearchAction","target":{"@type":"EntryPoint","urlTemplate":"https:\/\/veteraanienperinto.fi\/?s={search_term_string}"},"query-input":{"@type":"PropertyValueSpecification","valueRequired":true,"valueName":"search_term_string"}}],"inLanguage":"fi"}]}},"_links":{"self":[{"href":"https:\/\/veteraanienperinto.fi\/index.php\/wp-json\/wp\/v2\/pages\/5599","targetHints":{"allow":["GET"]}}],"collection":[{"href":"https:\/\/veteraanienperinto.fi\/index.php\/wp-json\/wp\/v2\/pages"}],"about":[{"href":"https:\/\/veteraanienperinto.fi\/index.php\/wp-json\/wp\/v2\/types\/page"}],"author":[{"embeddable":true,"href":"https:\/\/veteraanienperinto.fi\/index.php\/wp-json\/wp\/v2\/users\/1"}],"replies":[{"embeddable":true,"href":"https:\/\/veteraanienperinto.fi\/index.php\/wp-json\/wp\/v2\/comments?post=5599"}],"version-history":[{"count":3,"href":"https:\/\/veteraanienperinto.fi\/index.php\/wp-json\/wp\/v2\/pages\/5599\/revisions"}],"predecessor-version":[{"id":7312,"href":"https:\/\/veteraanienperinto.fi\/index.php\/wp-json\/wp\/v2\/pages\/5599\/revisions\/7312"}],"up":[{"embeddable":true,"href":"https:\/\/veteraanienperinto.fi\/index.php\/wp-json\/wp\/v2\/pages\/5583"}],"wp:attachment":[{"href":"https:\/\/veteraanienperinto.fi\/index.php\/wp-json\/wp\/v2\/media?parent=5599"}],"curies":[{"name":"wp","href":"https:\/\/api.w.org\/{rel}","templated":true}]}}