{"id":5607,"date":"2020-11-17T16:08:57","date_gmt":"2020-11-17T16:08:57","guid":{"rendered":"https:\/\/veteraani.ylirotu.fi\/?page_id=5607"},"modified":"2020-12-13T18:27:06","modified_gmt":"2020-12-13T18:27:06","slug":"osterbottnisk-bataljon","status":"publish","type":"page","link":"https:\/\/veteraanienperinto.fi\/index.php\/sv\/vinterkriget\/vinterkrigets-berattelser\/kriget\/avvarjningssegrar-vid-ostgransen\/osterbottnisk-bataljon\/","title":{"rendered":"\u00d6sterbottnisk bataljon&#8230;"},"content":{"rendered":"\n<style type=\"text\/css\" data-created_by=\"avia_inline_auto\" id=\"style-css-av-kingmrut-1c502b67e6633e8590d16ae053f45c7b\">\n#top .av-special-heading.av-kingmrut-1c502b67e6633e8590d16ae053f45c7b{\npadding-bottom:10px;\n}\nbody .av-special-heading.av-kingmrut-1c502b67e6633e8590d16ae053f45c7b .av-special-heading-tag .heading-char{\nfont-size:25px;\n}\n.av-special-heading.av-kingmrut-1c502b67e6633e8590d16ae053f45c7b .av-subheading{\nfont-size:15px;\n}\n<\/style>\n<div  class='av-special-heading av-kingmrut-1c502b67e6633e8590d16ae053f45c7b av-special-heading-h3  avia-builder-el-0  el_before_av_textblock  avia-builder-el-first '><h3 class='av-special-heading-tag'  itemprop=\"headline\"  >\u00d6sterbottnisk bataljon&#8230;<\/h3><div class=\"special-heading-border\"><div class=\"special-heading-inner-border\"><\/div><\/div><\/div>\n<section  class='av_textblock_section av-kei9w74n-7b0f008125a778f48432b9a614d90d0f '   itemscope=\"itemscope\" itemtype=\"https:\/\/schema.org\/CreativeWork\" ><div class='avia_textblock'  itemprop=\"text\" ><p><strong>\u00c5ke Sourander<\/strong><\/p>\n<p><strong>&#8230;i vinterkriget 11.2.1940<\/strong><\/p>\n<p>Rensningen eller motattacken fullgjordes av Miller p\u00e5 morgonsidan av den \u00f6desdigra dagen, s\u00f6ndagen den 11 februari 1940. Det blev en blodig strid och upptakten till en h\u00e4ndelserik och sp\u00e4nningsm\u00e4ttad dag i bataljonens histo\u00adria. Millers blodiga kamp str\u00e4ckte sig l\u00e5ngt in p\u00e5 grann\u00adkompaniets omr\u00e5de. Pojkarna likviderade ryssar i legio, men s\u00e5 kr\u00e4vde bataljen ocks\u00e5 tunga offer i v\u00e5ra led. F\u00e4nri\u00adkarna Mickwitz och Cajanus stupade och f\u00e4nrik Siren s\u00e5ra\u00addes mycket sv\u00e5rt i huvudsk\u00e5len. Jeppo-Munsalakompaniets f\u00f6rluster denna dag var inalles sju stupade, och lika m\u00e5nga s\u00e5rade transporterades bak\u00e5t. Efter fullgjort v\u00e4rv, dock utan att ha erh\u00e5llit kontakt med grannkompaniet till v\u00e4n\u00adster, drog sig Miller tillbaka till Hartmans dom\u00e4ner. Oaktat rensningen skulle denna s\u00f6mm-historia ute p\u00e5 Munasuonniitty bli en pr\u00f6vosten f\u00f6r l\u00f6jtnant Hartman \u00e4ven under de kommande dagarnas strider.<\/p>\n<p>Det blev en helvetisk dag den 11. 2. 40. Fiendens artil\u00adleriorkester spelade upp med en frenesi som aldrig f\u00f6rr, ryska anfall underst\u00f6dda av tanks slogs blodigt tillbaka, skyddsrum s\u00f6ndersk\u00f6ts till oanv\u00e4ndbarhet, de stupades och s\u00e5rades antal \u00f6kades, f\u00f6rbindelserna fram\u00e5t uppr\u00e4tth\u00f6lls med ordonnanser, d\u00e5 telefonledningarna g\u00e5tt all v\u00e4rldens v\u00e4g, ingen kontakt med regementsstaben, rapporter att ammunitionen var p\u00e5 upph\u00e4llningen, hj\u00e4ltemod och h\u00e5rda manliga tag i k\u00e4nd vikingastil och bes\u00f6k av f\u00f6rvirrade krigare, vilka f\u00f6rlorat kontrollen \u00f6ver sina nerver \u2013 ja det var mycket p\u00e5 en g\u00e5ng och sv\u00e5rt att reda ut det hela.<\/p>\n<p>Klockan 8.40 b\u00f6rjade dansen med artilleri- och granatkastarelden. Den riktades b\u00e5de mot f\u00f6rsta linjen och st\u00f6dje\u00adlinjen samt mot terr\u00e4ngen kring kommandokorsun. Det var ett enda ih\u00e5llande d\u00e5n och smatter av krevader, marken gungade och kaskader av j\u00e4rnskrot, sten och jord slunga\u00addes omkring. Koncentration efter koncentration brakade p\u00e5 runt v\u00e5ra korsur och inom hela f\u00f6rsvarsomr\u00e5det, s\u00e5 att skogen skalades fullkomligt ren p\u00e5 tr\u00e4d. Vi f\u00f6rs\u00f6kte r\u00e4kna de enskilda krevaderna, men det var om\u00f6jligt, d\u00e5 trumelden var ett oavbrutet dunder. Det var nog en veritabel h\u00e4xkittel vi r\u00e5kat i, hela terr\u00e4ngen syntes koka under nedslagen. V\u00e5rt f\u00e5taliga artilleri besvarade efter b\u00e4sta f\u00f6rm\u00e5ga den fientliga elden, och n\u00e4r det sk\u00f6t s\u00e5 var det med precision. Innan telefonf\u00f6rbindelserna bak\u00e5t av\u00adbr\u00f6ts hann jag f\u00e5 ett meddelande av regementskommen\u00add\u00f6ren, att jag hade femton granater till mitt f\u00f6rfogande. Jag fick skjuta dem, n\u00e4r jag ans\u00e5g det n\u00f6digt, och jag besl\u00f6t att spara dessa 15 skott till den sista avv\u00e4rjningseldst\u00f6ten.<\/p>\n<p>D\u00e4r satt vi i v\u00e5r korsu helt isolerade fr\u00e5n ytterv\u00e4rlden, utan telefonf\u00f6rbindelse b\u00e5de bak\u00e5t till h\u00f6gre instans och fram\u00e5t till linjerna. Vi lyssnade p\u00e5 kanonaden, som v\u00e4lte fram\u00e5t och bak\u00e5t, fr\u00e5n v\u00e4nster till h\u00f6ger och undrade om v\u00e5r korsu skulle h\u00e5lla och hur pojkarna klarade sig d\u00e4r framme i linjerna. S\u00e5 l\u00e4nge trumelden l\u00e5g \u00f6ver linjerna beh\u00f6vde vi inte befara n\u00e5got anfall, men d\u00e5 infanterielden blossade upp, d\u00e5 var det tid att kasta de 15 granaterna in i leken. L\u00f6jtnant Bj\u00f6rkman tog saken med sitt stoiska lugn och orkade t.o.m. sm\u00e5sk\u00e4mta, f\u00e4nrik v. Willebrand var ober\u00f6rd och satt och studerade n\u00e5gon l\u00e4rd avhandling, stabskrivarna Finnstr\u00f6m och Forsander satt och diskute\u00adrade i l\u00e5gm\u00e4ld ton civila minnen. L\u00f6jtnant \u00d6rndahl var hos sina knakokastare och kornett Wickman l\u00e5g med ordon\u00adnanserna p\u00e5 laven p\u00e5 andra sidan br\u00e4dv\u00e4ggen. D\u00e5 och d\u00e5 h\u00f6rdes enstaka ord mellan krevaderna och S\u00f6derblads k\u00e4nnspaka svordomar. Det var idylliskt och rogivande i v\u00e5r korsu, men man m\u00e4rkte att var och en f\u00f6rs\u00f6kte g\u00f6mma djupare k\u00e4nslor under ett alldagligt yttre. Men matlusten var minimal denna dag och \u00e4ven de kommande.<\/p>\n<p>Jag fick slutligen kontakt med Hartman och Slotte tack vare deras of\u00f6rv\u00e4gna stridsordonnanser, vilka l\u00f6pte form\u00adliga d\u00f6dslopp genom granatregnet. Ibland var det bara att springa p\u00e5, litande p\u00e5 den goda turen, men oftast gick f\u00f6rflyttningen fr\u00e5n granatgrop till granatgrop, eller ocks\u00e5 begagnade sig stridsordonnanserna av de tanksavv\u00e4rjningsgropar vi gr\u00e4vt utmed v\u00e4garna med j\u00e4mna mellanrum. Hartmans stridsordonnanser anlitade den s.k. telefonstigen, vilken ledde fr\u00e5n min korsu rakt genom skogen till Hart\u00admans korsu. V\u00f6r\u00e5kompaniets stridsordonnanser var under\u00adsergeant J. Israels, soldaterna E. Lundstr\u00f6m, E. Smeds, O. Norrg\u00e5rd och S. Grannas. F\u00f6rsta kompaniets ordon\u00adnanser begagnade sig av den allm\u00e4nna v\u00e4gen, som l\u00f6pte parallellt med \u00f6stra randen av Munasuok\u00e4rret, via enhe\u00adternas underh\u00e5llsorgan samt vidare till min korsu eller ocks\u00e5 anv\u00e4nde man stridsst\u00e4llningarna, vilka l\u00f6pte l\u00e4ngs Munasuok\u00e4rret. Slottes stridsordonnanser var underserg. J. Stenman, korpralerna I. Finell och G. Mattjus samt soldaterna C. H\u00e4ll, E. Vith och J. Nyman. Av ordonnan\u00adserna klarade sig alla med livhanken fr\u00e5n dessa gatlopp, f\u00f6rutom G. Mattjus och J. Nyman, vilka stupade denna h\u00e4ndelserika dag i fullg\u00f6rande av sina ordonnansupp\u00adgifter.<\/p>\n<p>Den f\u00f6rsta rapporten kom kl. 9.30-tiden med Israels och Lundstr\u00f6m fr\u00e5n Hartman. Pojkarnas sn\u00f6dr\u00e4kter var svarta av jord och krutst\u00e4nk, och i den djupt liggande blic\u00adken s\u00e5g man att de varit med om sp\u00e4nnande \u00f6gonblick. Efter en kort vila och ett par koppar kaffe smet de igen samma v\u00e4g tillbaka, mumlande n\u00e5got att de beh\u00f6vdes d\u00e4r framme. Hartmans rapport inneh\u00f6ll i korthet att f\u00e4nrik Bj\u00f6rkestens korsu erh\u00e5llit tvenne fulltr\u00e4ffar kl. 8.45. F\u00f6r\u00adlusterna tillsvidare oklara. Millers tv\u00e5 plutoner var fort\u00adlarande hos Hartman, av vilka h\u00e4lften l\u00e5g i sp\u00e4rrst\u00e4llning mot Munasuonniitty, resten i kompaniets skyttegravar. Inkvarteringen var sv\u00e5r att ordna. &#8211; Det var allt, kort och lakoniskt.<\/p>\n<p>F\u00f6ljande rapport kom klockan 12.30-tiden, \u00e4ven den fr\u00e5n Hartman. Det var Smeds och om jag minns r\u00e4tt Norrg\u00e5rd, vilka bragte oss meddelandet. Rapporten lydde:<\/p>\n<p>11.2. kl. 12.10.<\/p>\n<p>&#8221;Till Sura.<\/p>\n<p>H\u00e5ller egna st\u00e4llningar och \u00e4r \u00e4ven en bit in p\u00e5 grannens till v\u00e4nster, med vilken kontakt j \u00e4nnu erh\u00e5llits. Tr\u00e4ffen i Bj\u00f6rke\u00adstens korsa torde ha kr\u00e4vt som offer 4 stupade och en s\u00e5rad. De egna f\u00f6rlusterna inom skyttegraven sm\u00e5. S\u00e4nd fram mera mp. och sg.kasetter, speciellt de f\u00f6reg\u00e5ende f\u00e4rdigt laddade. Ryssarna ha sv\u00e5rt att f\u00e5 fram sitt folk. Psv.kanonen har beskjutit 2 st. tanks. Egna mg. ha ej \u00e4nnu skjutit.<\/p>\n<p>Hartman.&#8221;<\/p>\n<p>Det var till stor del gl\u00e4djande nyheter. Ordonnanserna ber\u00e4ttade att ryssen g\u00e5tt till anfall kl. 11. 20, men tillbaka\u00adslagits och att f\u00f6rlusterna b\u00e5de under trumelden och under anfallet var relativt sm\u00e5. Tr\u00e4ffen i Bj\u00f6rkestens korsu var s\u00e5tillvida tursam f\u00f6r pojkarna, att bes\u00e4ttningen &#8211; cirka 30 man &#8211; legat ute i skyttegravarna. Fulltr\u00e4ffen kr\u00e4vde dock 4-5 offer. Korsuolyckan av den 7 februari var \u00e4nnu i alltf\u00f6r f\u00e4rskt minne. Undersergeant Stenvall, v\u00e5r p\u00e5litliga och duktiga vapenunderofficer, erh\u00f6ll order att omedelbart ombes\u00f6rja ammunitionsers\u00e4ttning till Hartmans kompani.<\/p>\n<p>Klockan 13-tiden fick jag \u00e4ven f\u00f6rsta livstecknet fr\u00e5n Slotte. Hans rapport som avs\u00e4nts kl. 12.30, lydde:<\/p>\n<p><em>&#8221;\u00c4nnu allt v\u00e4l. Ryssen trycker p\u00e5, men har ej \u00e4nnu n\u00e5tt tagg\u00adtr\u00e5den. Uppskattar fiendens styrka till ett kompani. 3. K. har f\u00e5tt fulltr\u00e4ff i en korsu. Jag har endast en stupad, mig veter\u00adligt den enda samt 3 l\u00e4tt s\u00e5rade. Nu n\u00e5got lugnare. Ingen tanks har setts till h\u00e4r.&#8221;<\/em><\/p>\n<p><em><strong>\u00c5ke Sourander:<\/strong> \u00d6sterbottnisk bataljon I\/IR9:s strider under vinterkriget 1939-1940<\/em><\/p>\n<\/div><\/section>\n","protected":false},"excerpt":{"rendered":"","protected":false},"author":1,"featured_media":0,"parent":5583,"menu_order":6,"comment_status":"closed","ping_status":"closed","template":"","meta":{"footnotes":""},"class_list":["post-5607","page","type-page","status-publish","hentry"],"yoast_head":"<!-- This site is optimized with the Yoast SEO plugin v27.6 - https:\/\/yoast.com\/product\/yoast-seo-wordpress\/ -->\n<title>\u00d6sterbottnisk bataljon... - Veteraanien Perint\u00f6<\/title>\n<meta name=\"robots\" content=\"index, follow, max-snippet:-1, max-image-preview:large, max-video-preview:-1\" \/>\n<link rel=\"canonical\" href=\"https:\/\/veteraanienperinto.fi\/index.php\/sv\/vinterkriget\/vinterkrigets-berattelser\/kriget\/avvarjningssegrar-vid-ostgransen\/osterbottnisk-bataljon\/\" \/>\n<meta property=\"og:locale\" content=\"fi_FI\" \/>\n<meta property=\"og:type\" content=\"article\" \/>\n<meta property=\"og:title\" content=\"\u00d6sterbottnisk bataljon... - Veteraanien Perint\u00f6\" \/>\n<meta property=\"og:url\" content=\"https:\/\/veteraanienperinto.fi\/index.php\/sv\/vinterkriget\/vinterkrigets-berattelser\/kriget\/avvarjningssegrar-vid-ostgransen\/osterbottnisk-bataljon\/\" \/>\n<meta property=\"og:site_name\" content=\"Veteraanien Perint\u00f6\" \/>\n<meta property=\"article:modified_time\" content=\"2020-12-13T18:27:06+00:00\" \/>\n<meta name=\"twitter:card\" content=\"summary_large_image\" \/>\n<meta name=\"twitter:label1\" content=\"Arvioitu lukuaika\" \/>\n\t<meta name=\"twitter:data1\" content=\"7 minuuttia\" \/>\n<script type=\"application\/ld+json\" class=\"yoast-schema-graph\">{\"@context\":\"https:\\\/\\\/schema.org\",\"@graph\":[{\"@type\":\"WebPage\",\"@id\":\"https:\\\/\\\/veteraanienperinto.fi\\\/index.php\\\/sv\\\/vinterkriget\\\/vinterkrigets-berattelser\\\/kriget\\\/avvarjningssegrar-vid-ostgransen\\\/osterbottnisk-bataljon\\\/\",\"url\":\"https:\\\/\\\/veteraanienperinto.fi\\\/index.php\\\/sv\\\/vinterkriget\\\/vinterkrigets-berattelser\\\/kriget\\\/avvarjningssegrar-vid-ostgransen\\\/osterbottnisk-bataljon\\\/\",\"name\":\"\u00d6sterbottnisk bataljon... - Veteraanien Perint\u00f6\",\"isPartOf\":{\"@id\":\"https:\\\/\\\/veteraanienperinto.fi\\\/#website\"},\"datePublished\":\"2020-11-17T16:08:57+00:00\",\"dateModified\":\"2020-12-13T18:27:06+00:00\",\"breadcrumb\":{\"@id\":\"https:\\\/\\\/veteraanienperinto.fi\\\/index.php\\\/sv\\\/vinterkriget\\\/vinterkrigets-berattelser\\\/kriget\\\/avvarjningssegrar-vid-ostgransen\\\/osterbottnisk-bataljon\\\/#breadcrumb\"},\"inLanguage\":\"fi\",\"potentialAction\":[{\"@type\":\"ReadAction\",\"target\":[\"https:\\\/\\\/veteraanienperinto.fi\\\/index.php\\\/sv\\\/vinterkriget\\\/vinterkrigets-berattelser\\\/kriget\\\/avvarjningssegrar-vid-ostgransen\\\/osterbottnisk-bataljon\\\/\"]}]},{\"@type\":\"BreadcrumbList\",\"@id\":\"https:\\\/\\\/veteraanienperinto.fi\\\/index.php\\\/sv\\\/vinterkriget\\\/vinterkrigets-berattelser\\\/kriget\\\/avvarjningssegrar-vid-ostgransen\\\/osterbottnisk-bataljon\\\/#breadcrumb\",\"itemListElement\":[{\"@type\":\"ListItem\",\"position\":1,\"name\":\"Etusivu\",\"item\":\"https:\\\/\\\/veteraanienperinto.fi\\\/index.php\\\/etusivu-2\\\/\"},{\"@type\":\"ListItem\",\"position\":2,\"name\":\"Vinterkriget\",\"item\":\"https:\\\/\\\/veteraanienperinto.fi\\\/index.php\\\/sv\\\/vinterkriget\\\/\"},{\"@type\":\"ListItem\",\"position\":3,\"name\":\"Vinterkrigets ber\u00e4ttelser\",\"item\":\"https:\\\/\\\/veteraanienperinto.fi\\\/index.php\\\/sv\\\/vinterkriget\\\/vinterkrigets-berattelser\\\/\"},{\"@type\":\"ListItem\",\"position\":4,\"name\":\"Kriget\",\"item\":\"https:\\\/\\\/veteraanienperinto.fi\\\/index.php\\\/sv\\\/vinterkriget\\\/vinterkrigets-berattelser\\\/kriget\\\/\"},{\"@type\":\"ListItem\",\"position\":5,\"name\":\"Avv\u00e4rjningssegrar vid \u00f6stgr\u00e4nsen\",\"item\":\"https:\\\/\\\/veteraanienperinto.fi\\\/index.php\\\/sv\\\/vinterkriget\\\/vinterkrigets-berattelser\\\/kriget\\\/avvarjningssegrar-vid-ostgransen\\\/\"},{\"@type\":\"ListItem\",\"position\":6,\"name\":\"\u00d6sterbottnisk bataljon&#8230;\"}]},{\"@type\":\"WebSite\",\"@id\":\"https:\\\/\\\/veteraanienperinto.fi\\\/#website\",\"url\":\"https:\\\/\\\/veteraanienperinto.fi\\\/\",\"name\":\"Veteraanien Perint\u00f6\",\"description\":\"Kadettikunta\",\"potentialAction\":[{\"@type\":\"SearchAction\",\"target\":{\"@type\":\"EntryPoint\",\"urlTemplate\":\"https:\\\/\\\/veteraanienperinto.fi\\\/?s={search_term_string}\"},\"query-input\":{\"@type\":\"PropertyValueSpecification\",\"valueRequired\":true,\"valueName\":\"search_term_string\"}}],\"inLanguage\":\"fi\"}]}<\/script>\n<!-- \/ Yoast SEO plugin. -->","yoast_head_json":{"title":"\u00d6sterbottnisk bataljon... - Veteraanien Perint\u00f6","robots":{"index":"index","follow":"follow","max-snippet":"max-snippet:-1","max-image-preview":"max-image-preview:large","max-video-preview":"max-video-preview:-1"},"canonical":"https:\/\/veteraanienperinto.fi\/index.php\/sv\/vinterkriget\/vinterkrigets-berattelser\/kriget\/avvarjningssegrar-vid-ostgransen\/osterbottnisk-bataljon\/","og_locale":"fi_FI","og_type":"article","og_title":"\u00d6sterbottnisk bataljon... - Veteraanien Perint\u00f6","og_url":"https:\/\/veteraanienperinto.fi\/index.php\/sv\/vinterkriget\/vinterkrigets-berattelser\/kriget\/avvarjningssegrar-vid-ostgransen\/osterbottnisk-bataljon\/","og_site_name":"Veteraanien Perint\u00f6","article_modified_time":"2020-12-13T18:27:06+00:00","twitter_card":"summary_large_image","twitter_misc":{"Arvioitu lukuaika":"7 minuuttia"},"schema":{"@context":"https:\/\/schema.org","@graph":[{"@type":"WebPage","@id":"https:\/\/veteraanienperinto.fi\/index.php\/sv\/vinterkriget\/vinterkrigets-berattelser\/kriget\/avvarjningssegrar-vid-ostgransen\/osterbottnisk-bataljon\/","url":"https:\/\/veteraanienperinto.fi\/index.php\/sv\/vinterkriget\/vinterkrigets-berattelser\/kriget\/avvarjningssegrar-vid-ostgransen\/osterbottnisk-bataljon\/","name":"\u00d6sterbottnisk bataljon... - Veteraanien Perint\u00f6","isPartOf":{"@id":"https:\/\/veteraanienperinto.fi\/#website"},"datePublished":"2020-11-17T16:08:57+00:00","dateModified":"2020-12-13T18:27:06+00:00","breadcrumb":{"@id":"https:\/\/veteraanienperinto.fi\/index.php\/sv\/vinterkriget\/vinterkrigets-berattelser\/kriget\/avvarjningssegrar-vid-ostgransen\/osterbottnisk-bataljon\/#breadcrumb"},"inLanguage":"fi","potentialAction":[{"@type":"ReadAction","target":["https:\/\/veteraanienperinto.fi\/index.php\/sv\/vinterkriget\/vinterkrigets-berattelser\/kriget\/avvarjningssegrar-vid-ostgransen\/osterbottnisk-bataljon\/"]}]},{"@type":"BreadcrumbList","@id":"https:\/\/veteraanienperinto.fi\/index.php\/sv\/vinterkriget\/vinterkrigets-berattelser\/kriget\/avvarjningssegrar-vid-ostgransen\/osterbottnisk-bataljon\/#breadcrumb","itemListElement":[{"@type":"ListItem","position":1,"name":"Etusivu","item":"https:\/\/veteraanienperinto.fi\/index.php\/etusivu-2\/"},{"@type":"ListItem","position":2,"name":"Vinterkriget","item":"https:\/\/veteraanienperinto.fi\/index.php\/sv\/vinterkriget\/"},{"@type":"ListItem","position":3,"name":"Vinterkrigets ber\u00e4ttelser","item":"https:\/\/veteraanienperinto.fi\/index.php\/sv\/vinterkriget\/vinterkrigets-berattelser\/"},{"@type":"ListItem","position":4,"name":"Kriget","item":"https:\/\/veteraanienperinto.fi\/index.php\/sv\/vinterkriget\/vinterkrigets-berattelser\/kriget\/"},{"@type":"ListItem","position":5,"name":"Avv\u00e4rjningssegrar vid \u00f6stgr\u00e4nsen","item":"https:\/\/veteraanienperinto.fi\/index.php\/sv\/vinterkriget\/vinterkrigets-berattelser\/kriget\/avvarjningssegrar-vid-ostgransen\/"},{"@type":"ListItem","position":6,"name":"\u00d6sterbottnisk bataljon&#8230;"}]},{"@type":"WebSite","@id":"https:\/\/veteraanienperinto.fi\/#website","url":"https:\/\/veteraanienperinto.fi\/","name":"Veteraanien Perint\u00f6","description":"Kadettikunta","potentialAction":[{"@type":"SearchAction","target":{"@type":"EntryPoint","urlTemplate":"https:\/\/veteraanienperinto.fi\/?s={search_term_string}"},"query-input":{"@type":"PropertyValueSpecification","valueRequired":true,"valueName":"search_term_string"}}],"inLanguage":"fi"}]}},"_links":{"self":[{"href":"https:\/\/veteraanienperinto.fi\/index.php\/wp-json\/wp\/v2\/pages\/5607","targetHints":{"allow":["GET"]}}],"collection":[{"href":"https:\/\/veteraanienperinto.fi\/index.php\/wp-json\/wp\/v2\/pages"}],"about":[{"href":"https:\/\/veteraanienperinto.fi\/index.php\/wp-json\/wp\/v2\/types\/page"}],"author":[{"embeddable":true,"href":"https:\/\/veteraanienperinto.fi\/index.php\/wp-json\/wp\/v2\/users\/1"}],"replies":[{"embeddable":true,"href":"https:\/\/veteraanienperinto.fi\/index.php\/wp-json\/wp\/v2\/comments?post=5607"}],"version-history":[{"count":3,"href":"https:\/\/veteraanienperinto.fi\/index.php\/wp-json\/wp\/v2\/pages\/5607\/revisions"}],"predecessor-version":[{"id":7316,"href":"https:\/\/veteraanienperinto.fi\/index.php\/wp-json\/wp\/v2\/pages\/5607\/revisions\/7316"}],"up":[{"embeddable":true,"href":"https:\/\/veteraanienperinto.fi\/index.php\/wp-json\/wp\/v2\/pages\/5583"}],"wp:attachment":[{"href":"https:\/\/veteraanienperinto.fi\/index.php\/wp-json\/wp\/v2\/media?parent=5607"}],"curies":[{"name":"wp","href":"https:\/\/api.w.org\/{rel}","templated":true}]}}