{"id":5616,"date":"2020-11-17T16:17:40","date_gmt":"2020-11-17T16:17:40","guid":{"rendered":"https:\/\/veteraani.ylirotu.fi\/?page_id=5616"},"modified":"2020-12-13T18:39:59","modified_gmt":"2020-12-13T18:39:59","slug":"rosten-ur-stenen","status":"publish","type":"page","link":"https:\/\/veteraanienperinto.fi\/index.php\/sv\/vinterkriget\/vinterkrigets-berattelser\/kriget\/storanfallet-pa-naset\/rosten-ur-stenen\/","title":{"rendered":"R\u00f6sten ur stenen"},"content":{"rendered":"\n<style type=\"text\/css\" data-created_by=\"avia_inline_auto\" id=\"style-css-av-kinh2e8a-eff0ba0d2988a86fd91306cfda271321\">\n#top .av-special-heading.av-kinh2e8a-eff0ba0d2988a86fd91306cfda271321{\npadding-bottom:10px;\n}\nbody .av-special-heading.av-kinh2e8a-eff0ba0d2988a86fd91306cfda271321 .av-special-heading-tag .heading-char{\nfont-size:25px;\n}\n.av-special-heading.av-kinh2e8a-eff0ba0d2988a86fd91306cfda271321 .av-subheading{\nfont-size:15px;\n}\n<\/style>\n<div  class='av-special-heading av-kinh2e8a-eff0ba0d2988a86fd91306cfda271321 av-special-heading-h3  avia-builder-el-0  el_before_av_textblock  avia-builder-el-first '><h3 class='av-special-heading-tag'  itemprop=\"headline\"  >R\u00f6sten ur stenen<\/h3><div class=\"special-heading-border\"><div class=\"special-heading-inner-border\"><\/div><\/div><\/div>\n<section  class='av_textblock_section av-kei9w74n-7b0f008125a778f48432b9a614d90d0f '   itemscope=\"itemscope\" itemtype=\"https:\/\/schema.org\/CreativeWork\" ><div class='avia_textblock'  itemprop=\"text\" ><p>Efter <strong>Rudolf Schmidt:<\/strong><\/p>\n<p>&#8211; Jag har varit med i v\u00e5ra tre krig under landets sj\u00e4lvst\u00e4ndighetstid. Jag gick som frivillig med i frihetskriget, som sedermera blev ett inb\u00f6rdeskrig. Jag var d\u00e5 nitton \u00e5r. Jag \u00e4r f\u00f6dd 1898. Under en artilleribeskjutning fr\u00e5n de r\u00f6das sida, jag tror, att det var i slutet av mars m\u00e5nad 1918, \u00e5drog jag mig en skada, som f\u00f6rde mig under l\u00e4kar och sjukhusv\u00e5rd och satte punkt f\u00f6r min vidare insats i detta krig.<\/p>\n<p>Jag var sedan med hela vinterkriget och i b\u00f6rjan av f\u00f6rts\u00e4ttningskriget.<\/p>\n<p>Det jag skall ber\u00e4tta l\u00e5ter helt otroligt. Det \u00e4r ingenting f\u00f6r skeptiker, men jag har upplevt det och vet att det \u00e4r sant.<\/p>\n<p>En dag under vinterkriget r\u00e5kade vi in i en rysk granatkoncentration. Jag tog skydd bakom en sten. B\u00e4st det var h\u00f6rde jag en r\u00f6st: &#8211; Flytta hastigt p\u00e5 dig till f\u00f6ljande sten!<\/p>\n<p>Jag s\u00e5g s\u00e4kert mycket fr\u00e5gande ut och undrade varifr\u00e5n r\u00f6sten kom. Jag var villr\u00e5dig, obeslutsam. Och s\u00e5 h\u00f6r jag r\u00f6sten p\u00e5 nytt.<\/p>\n<p>&#8211; Tveka inte nu, flytta dig och fort nu! Jag efterkommer uppmaningen och just som jag l\u00e4mnar stenen, kommer en annan och tar den plats, som jag \u00f6verger. Jag hinner just inta ny plats, d\u00e5 en granat sl\u00e5r ned vid den f\u00f6rsta stenen. Den rullar \u00f6ver kamraten. Han blev d\u00f6dens, men jag r\u00e4ddades p\u00e5 ett m\u00e4rkligt s\u00e4tt. Det d\u00e4r f\u00f6rstod jag mig inte p\u00e5.<\/p>\n<p>Vinterkriget hade p\u00e5g\u00e5tt ungef\u00e4r hundra dagar, d\u00e5 f\u00f6ljande h\u00e4ndelse intr\u00e4ffade. Vi hade kommit en dryg vecka in i mars m\u00e5nad 1940. Jag tillh\u00f6rde en pansarv\u00e4rnsgrupp best\u00e5ende av helsingforsbor, n\u00e5gra \u00f6vermarksbor och ett par lappfj\u00e4rdsbor. Vi hade n\u00e5gra mindre franska antitankskanoner, som vi k\u00f6rde ner mot linjen s\u00e5 l\u00e5ngt som vi fick h\u00e4starna att g\u00e5. Sista stycket drog vi soldater kanonerna i st\u00e4llning.<\/p>\n<p>Vi logerade i ett arbetarf\u00f6reningshus ett stycke bakom linjen. Det var inte s\u00e5 l\u00e5ngt ifr\u00e5n Viborg. Frontavsnittet var illa tr\u00e4ngt b\u00e5de fr\u00e5n sidorna och framifr\u00e5n. M\u00e5nga ans\u00e5g, att vi inte skulle \u00f6verleva trycket fr\u00e5n v\u00e5r motst\u00e5ndare.<\/p>\n<p>En morgon tidigt, det var kanske femtiden, hade jag varit uppe och gett h\u00e4starna mat och var p\u00e5 v\u00e4g in i logementet. Jag v\u00e4cktes pl\u00f6tsligt ur min nedst\u00e4mdhet av en r\u00e4tt kraftig r\u00f6st och jag hann uppfatta att det som sades var p\u00e5 n\u00e4rpesdialekt.<\/p>\n<p>&#8211; Hy\u00f6r et, nu ska et s\u00e4j \u00e5t kamrat\u00e4n tiin, att di it ska jier he di a t\u00e4nkt. In 13 masch kl 11 var e fred \u00e4 t\u00e5 hy\u00f6r ni it na skoter m\u00e4ir. (H\u00f6r du, nu skall du s\u00e4ga \u00e5t kamraterna dina, att de inte skall g\u00f6ra det de t\u00e4nkt. Den 13 mars kl 11 blir det fred och d\u00e5 h\u00f6r ni inga skott mer.)<\/p>\n<p>Jag blev verkligen f\u00f6rskr\u00e4ckt! Varifr\u00e5n kom r\u00f6sten? H\u00e4r fanns ju inga n\u00e4rpesbor. Hade jag blivit lite konstig, d\u00e5 jag b\u00f6rjat h\u00f6ra r\u00f6ster?<\/p>\n<p>Jag var inte redo, inte med att f\u00f6ra det budskapet vidare. Men s\u00e5 upprepar r\u00f6sten sitt meddelande \u00e4n en g\u00e5ng och d\u00e5 med s\u00e5 kraftig st\u00e4mma och s\u00e5 uppf\u00f6rdrande, att jag ins\u00e5g, att jag inte kunde l\u00e5ta bli. Jag rusade in och sade:<\/p>\n<p>&#8211; Nu har jag f\u00e5tt ett budskap, pojkar! Ni skall l\u00e5ta bli att g\u00f6ra vad ni t\u00e4nkt och planerat, f\u00f6r det blir fred den 13 mars kl 11. Jag visste inte alls d\u00e5, vad en del kamrater planerat.<\/p>\n<p>&#8211; Varifr\u00e5n har du f\u00e5tt det d\u00e4r? Genom telefon eller radio?<\/p>\n<p>&#8211; Nej, jag har f\u00e5tt det genom en r\u00f6st ur stenen, ur flyttblocket h\u00e4r invid!<\/p>\n<p>&#8211; R\u00f6st ur stenen! Har ni h\u00f6rt n\u00e5got mer galet, pojkar? Den repliken utl\u00f6ste gapskratt, sm\u00e5leenden. Man pekade menande \u00e5t pannan. Jag ans\u00e5gs f\u00f6rryckt. Men det fanns andra, vars anleten gav intryck av eftersinnande allvar.<\/p>\n<p>&#8211; Det m\u00e5 vara hur som helst, men du vet hur det g\u00e5r f\u00f6r dig, om du h\u00e4r ber\u00e4ttar fabler f\u00f6r oss!<\/p>\n<p>Dagarna drog sig fram. Jag fick sm\u00e5ningom veta, att en del i gruppen hade t\u00e4nkt spr\u00e4nga oss och hela huset i luften, om det s\u00e5g ut som om vi skulle falla i ryssarnas h\u00e4nder. Det diskuterades. Det var sp\u00e4nning i gruppen. D\u00e4r fanns troende, d\u00e4r fanns skeptiker. Hur skulle det g\u00e5 den 13 mars?<\/p>\n<p>Och s\u00e5 kom dagen, onsdagen den 13 mars. Jag var ensam inne p\u00e5 f\u00f6rmiddagen. Jag tittade ofta p\u00e5 klockan. Timmarna gick med snigelfart. Hade jag h\u00f6rt riktigt: 13 mars kl 11? Det bullrade p\u00e5 vid linjen, krevadernas \u00e5ska, snabbeldsvapnens h\u00e5nskrattande serier d\u00e4remellan.<\/p>\n<p>Jag sitter ensam med klockan i hand och ser hur timvisaren pekar p\u00e5 11, minutvisaren vrider sig mot 12. Allt krigsd\u00e5n upph\u00f6r tv\u00e4rt! Vapenstillest\u00e5nd! Fred!<\/p>\n<p>In stormar mina kamrater. &#8211; Var \u00e4r Rudolf? Fasta n\u00e4var griper mig och hurrar mig mot taket.<\/p>\n<p>&#8211; Du var en duktig karl! Du hade r\u00e4tt! Hur kunde du veta?<\/p>\n<p>&#8211; Inte visste jag av mig sj\u00e4lv. Jag fick ju budskapet. Det var en h\u00e4lsning till oss fr\u00e5n Herren Gud. D\u00e4rf\u00f6r skall ni inte hurra mig. Hurra stenen i st\u00e4llet!<\/p>\n<p>Efter\u00e5t har man kunnat l\u00e4sa om hur ryska och finska regeringens representanter arbetat in i det sista f\u00f6r att f\u00e5 ihop ett fredsavtal. Inte ens n\u00e5gon av dem kunde f\u00f6rutsp\u00e5 vid vilken timme freden skulle intr\u00e4da. Jag och min grupp blev de f\u00f6rsta som fick veta det fem-sex dagar p\u00e5 f\u00f6rhand genom r\u00f6sten ur stenen. Det var en n\u00e5d, som r\u00e4ddade livet p\u00e5 oss alla.<\/p>\n<p><em><strong>Ur boken:<\/strong><\/em><br \/>\n<em>Einar Snickars: Veteraner minns<\/em><\/p>\n<\/div><\/section>\n","protected":false},"excerpt":{"rendered":"","protected":false},"author":1,"featured_media":0,"parent":5612,"menu_order":0,"comment_status":"closed","ping_status":"closed","template":"","meta":{"footnotes":""},"class_list":["post-5616","page","type-page","status-publish","hentry"],"yoast_head":"<!-- This site is optimized with the Yoast SEO plugin v27.6 - https:\/\/yoast.com\/product\/yoast-seo-wordpress\/ -->\n<title>R\u00f6sten ur stenen - Veteraanien Perint\u00f6<\/title>\n<meta name=\"robots\" content=\"index, follow, max-snippet:-1, max-image-preview:large, max-video-preview:-1\" \/>\n<link rel=\"canonical\" href=\"https:\/\/veteraanienperinto.fi\/index.php\/sv\/vinterkriget\/vinterkrigets-berattelser\/kriget\/storanfallet-pa-naset\/rosten-ur-stenen\/\" \/>\n<meta property=\"og:locale\" content=\"fi_FI\" \/>\n<meta property=\"og:type\" content=\"article\" \/>\n<meta property=\"og:title\" content=\"R\u00f6sten ur stenen - Veteraanien Perint\u00f6\" \/>\n<meta property=\"og:url\" content=\"https:\/\/veteraanienperinto.fi\/index.php\/sv\/vinterkriget\/vinterkrigets-berattelser\/kriget\/storanfallet-pa-naset\/rosten-ur-stenen\/\" \/>\n<meta property=\"og:site_name\" content=\"Veteraanien Perint\u00f6\" \/>\n<meta property=\"article:modified_time\" content=\"2020-12-13T18:39:59+00:00\" \/>\n<meta name=\"twitter:card\" content=\"summary_large_image\" \/>\n<meta name=\"twitter:label1\" content=\"Arvioitu lukuaika\" \/>\n\t<meta name=\"twitter:data1\" content=\"6 minuuttia\" \/>\n<script type=\"application\/ld+json\" class=\"yoast-schema-graph\">{\"@context\":\"https:\\\/\\\/schema.org\",\"@graph\":[{\"@type\":\"WebPage\",\"@id\":\"https:\\\/\\\/veteraanienperinto.fi\\\/index.php\\\/sv\\\/vinterkriget\\\/vinterkrigets-berattelser\\\/kriget\\\/storanfallet-pa-naset\\\/rosten-ur-stenen\\\/\",\"url\":\"https:\\\/\\\/veteraanienperinto.fi\\\/index.php\\\/sv\\\/vinterkriget\\\/vinterkrigets-berattelser\\\/kriget\\\/storanfallet-pa-naset\\\/rosten-ur-stenen\\\/\",\"name\":\"R\u00f6sten ur stenen - Veteraanien Perint\u00f6\",\"isPartOf\":{\"@id\":\"https:\\\/\\\/veteraanienperinto.fi\\\/#website\"},\"datePublished\":\"2020-11-17T16:17:40+00:00\",\"dateModified\":\"2020-12-13T18:39:59+00:00\",\"breadcrumb\":{\"@id\":\"https:\\\/\\\/veteraanienperinto.fi\\\/index.php\\\/sv\\\/vinterkriget\\\/vinterkrigets-berattelser\\\/kriget\\\/storanfallet-pa-naset\\\/rosten-ur-stenen\\\/#breadcrumb\"},\"inLanguage\":\"fi\",\"potentialAction\":[{\"@type\":\"ReadAction\",\"target\":[\"https:\\\/\\\/veteraanienperinto.fi\\\/index.php\\\/sv\\\/vinterkriget\\\/vinterkrigets-berattelser\\\/kriget\\\/storanfallet-pa-naset\\\/rosten-ur-stenen\\\/\"]}]},{\"@type\":\"BreadcrumbList\",\"@id\":\"https:\\\/\\\/veteraanienperinto.fi\\\/index.php\\\/sv\\\/vinterkriget\\\/vinterkrigets-berattelser\\\/kriget\\\/storanfallet-pa-naset\\\/rosten-ur-stenen\\\/#breadcrumb\",\"itemListElement\":[{\"@type\":\"ListItem\",\"position\":1,\"name\":\"Etusivu\",\"item\":\"https:\\\/\\\/veteraanienperinto.fi\\\/index.php\\\/etusivu-2\\\/\"},{\"@type\":\"ListItem\",\"position\":2,\"name\":\"Vinterkriget\",\"item\":\"https:\\\/\\\/veteraanienperinto.fi\\\/index.php\\\/sv\\\/vinterkriget\\\/\"},{\"@type\":\"ListItem\",\"position\":3,\"name\":\"Vinterkrigets ber\u00e4ttelser\",\"item\":\"https:\\\/\\\/veteraanienperinto.fi\\\/index.php\\\/sv\\\/vinterkriget\\\/vinterkrigets-berattelser\\\/\"},{\"@type\":\"ListItem\",\"position\":4,\"name\":\"Kriget\",\"item\":\"https:\\\/\\\/veteraanienperinto.fi\\\/index.php\\\/sv\\\/vinterkriget\\\/vinterkrigets-berattelser\\\/kriget\\\/\"},{\"@type\":\"ListItem\",\"position\":5,\"name\":\"Storanfallet p\u00e5 N\u00e4set\",\"item\":\"https:\\\/\\\/veteraanienperinto.fi\\\/index.php\\\/sv\\\/vinterkriget\\\/vinterkrigets-berattelser\\\/kriget\\\/storanfallet-pa-naset\\\/\"},{\"@type\":\"ListItem\",\"position\":6,\"name\":\"R\u00f6sten ur stenen\"}]},{\"@type\":\"WebSite\",\"@id\":\"https:\\\/\\\/veteraanienperinto.fi\\\/#website\",\"url\":\"https:\\\/\\\/veteraanienperinto.fi\\\/\",\"name\":\"Veteraanien Perint\u00f6\",\"description\":\"Kadettikunta\",\"potentialAction\":[{\"@type\":\"SearchAction\",\"target\":{\"@type\":\"EntryPoint\",\"urlTemplate\":\"https:\\\/\\\/veteraanienperinto.fi\\\/?s={search_term_string}\"},\"query-input\":{\"@type\":\"PropertyValueSpecification\",\"valueRequired\":true,\"valueName\":\"search_term_string\"}}],\"inLanguage\":\"fi\"}]}<\/script>\n<!-- \/ Yoast SEO plugin. -->","yoast_head_json":{"title":"R\u00f6sten ur stenen - Veteraanien Perint\u00f6","robots":{"index":"index","follow":"follow","max-snippet":"max-snippet:-1","max-image-preview":"max-image-preview:large","max-video-preview":"max-video-preview:-1"},"canonical":"https:\/\/veteraanienperinto.fi\/index.php\/sv\/vinterkriget\/vinterkrigets-berattelser\/kriget\/storanfallet-pa-naset\/rosten-ur-stenen\/","og_locale":"fi_FI","og_type":"article","og_title":"R\u00f6sten ur stenen - Veteraanien Perint\u00f6","og_url":"https:\/\/veteraanienperinto.fi\/index.php\/sv\/vinterkriget\/vinterkrigets-berattelser\/kriget\/storanfallet-pa-naset\/rosten-ur-stenen\/","og_site_name":"Veteraanien Perint\u00f6","article_modified_time":"2020-12-13T18:39:59+00:00","twitter_card":"summary_large_image","twitter_misc":{"Arvioitu lukuaika":"6 minuuttia"},"schema":{"@context":"https:\/\/schema.org","@graph":[{"@type":"WebPage","@id":"https:\/\/veteraanienperinto.fi\/index.php\/sv\/vinterkriget\/vinterkrigets-berattelser\/kriget\/storanfallet-pa-naset\/rosten-ur-stenen\/","url":"https:\/\/veteraanienperinto.fi\/index.php\/sv\/vinterkriget\/vinterkrigets-berattelser\/kriget\/storanfallet-pa-naset\/rosten-ur-stenen\/","name":"R\u00f6sten ur stenen - Veteraanien Perint\u00f6","isPartOf":{"@id":"https:\/\/veteraanienperinto.fi\/#website"},"datePublished":"2020-11-17T16:17:40+00:00","dateModified":"2020-12-13T18:39:59+00:00","breadcrumb":{"@id":"https:\/\/veteraanienperinto.fi\/index.php\/sv\/vinterkriget\/vinterkrigets-berattelser\/kriget\/storanfallet-pa-naset\/rosten-ur-stenen\/#breadcrumb"},"inLanguage":"fi","potentialAction":[{"@type":"ReadAction","target":["https:\/\/veteraanienperinto.fi\/index.php\/sv\/vinterkriget\/vinterkrigets-berattelser\/kriget\/storanfallet-pa-naset\/rosten-ur-stenen\/"]}]},{"@type":"BreadcrumbList","@id":"https:\/\/veteraanienperinto.fi\/index.php\/sv\/vinterkriget\/vinterkrigets-berattelser\/kriget\/storanfallet-pa-naset\/rosten-ur-stenen\/#breadcrumb","itemListElement":[{"@type":"ListItem","position":1,"name":"Etusivu","item":"https:\/\/veteraanienperinto.fi\/index.php\/etusivu-2\/"},{"@type":"ListItem","position":2,"name":"Vinterkriget","item":"https:\/\/veteraanienperinto.fi\/index.php\/sv\/vinterkriget\/"},{"@type":"ListItem","position":3,"name":"Vinterkrigets ber\u00e4ttelser","item":"https:\/\/veteraanienperinto.fi\/index.php\/sv\/vinterkriget\/vinterkrigets-berattelser\/"},{"@type":"ListItem","position":4,"name":"Kriget","item":"https:\/\/veteraanienperinto.fi\/index.php\/sv\/vinterkriget\/vinterkrigets-berattelser\/kriget\/"},{"@type":"ListItem","position":5,"name":"Storanfallet p\u00e5 N\u00e4set","item":"https:\/\/veteraanienperinto.fi\/index.php\/sv\/vinterkriget\/vinterkrigets-berattelser\/kriget\/storanfallet-pa-naset\/"},{"@type":"ListItem","position":6,"name":"R\u00f6sten ur stenen"}]},{"@type":"WebSite","@id":"https:\/\/veteraanienperinto.fi\/#website","url":"https:\/\/veteraanienperinto.fi\/","name":"Veteraanien Perint\u00f6","description":"Kadettikunta","potentialAction":[{"@type":"SearchAction","target":{"@type":"EntryPoint","urlTemplate":"https:\/\/veteraanienperinto.fi\/?s={search_term_string}"},"query-input":{"@type":"PropertyValueSpecification","valueRequired":true,"valueName":"search_term_string"}}],"inLanguage":"fi"}]}},"_links":{"self":[{"href":"https:\/\/veteraanienperinto.fi\/index.php\/wp-json\/wp\/v2\/pages\/5616","targetHints":{"allow":["GET"]}}],"collection":[{"href":"https:\/\/veteraanienperinto.fi\/index.php\/wp-json\/wp\/v2\/pages"}],"about":[{"href":"https:\/\/veteraanienperinto.fi\/index.php\/wp-json\/wp\/v2\/types\/page"}],"author":[{"embeddable":true,"href":"https:\/\/veteraanienperinto.fi\/index.php\/wp-json\/wp\/v2\/users\/1"}],"replies":[{"embeddable":true,"href":"https:\/\/veteraanienperinto.fi\/index.php\/wp-json\/wp\/v2\/comments?post=5616"}],"version-history":[{"count":3,"href":"https:\/\/veteraanienperinto.fi\/index.php\/wp-json\/wp\/v2\/pages\/5616\/revisions"}],"predecessor-version":[{"id":7324,"href":"https:\/\/veteraanienperinto.fi\/index.php\/wp-json\/wp\/v2\/pages\/5616\/revisions\/7324"}],"up":[{"embeddable":true,"href":"https:\/\/veteraanienperinto.fi\/index.php\/wp-json\/wp\/v2\/pages\/5612"}],"wp:attachment":[{"href":"https:\/\/veteraanienperinto.fi\/index.php\/wp-json\/wp\/v2\/media?parent=5616"}],"curies":[{"name":"wp","href":"https:\/\/api.w.org\/{rel}","templated":true}]}}