{"id":562,"date":"2020-08-29T10:22:52","date_gmt":"2020-08-29T10:22:52","guid":{"rendered":"https:\/\/veteraani.ylirotu.fi\/?page_id=562"},"modified":"2021-01-26T15:07:21","modified_gmt":"2021-01-26T15:07:21","slug":"sotilaspapisto","status":"publish","type":"page","link":"https:\/\/veteraanienperinto.fi\/index.php\/tietopankit\/aselajit\/sotilaspapisto\/","title":{"rendered":"Sotilaspapisto"},"content":{"rendered":"<div id='full_slider_1'  class='avia-fullwidth-slider main_color avia-shadow   avia-builder-el-0  el_before_av_heading  avia-builder-el-first   container_wrap sidebar_right'  ><\/div><div id='after_full_slider_1'  class='main_color av_default_container_wrap container_wrap sidebar_right'  ><div class='container av-section-cont-open' ><div class='template-page content  av-content-small alpha units'><div class='post-entry post-entry-type-page post-entry-562'><div class='entry-content-wrapper clearfix'>\n\n<style type=\"text\/css\" data-created_by=\"avia_inline_auto\" id=\"style-css-av-kke4vflj-5e6980f17563312fcd71ad0b16489331\">\n#top .av-special-heading.av-kke4vflj-5e6980f17563312fcd71ad0b16489331{\npadding-bottom:10px;\n}\nbody .av-special-heading.av-kke4vflj-5e6980f17563312fcd71ad0b16489331 .av-special-heading-tag .heading-char{\nfont-size:25px;\n}\n.av-special-heading.av-kke4vflj-5e6980f17563312fcd71ad0b16489331 .av-subheading{\nfont-size:15px;\n}\n<\/style>\n<div  class='av-special-heading av-kke4vflj-5e6980f17563312fcd71ad0b16489331 av-special-heading-h2  avia-builder-el-1  el_after_av_slideshow_full  el_before_av_textblock  avia-builder-el-first '><h2 class='av-special-heading-tag'  itemprop=\"headline\"  >Sotilaspapisto<\/h2><div class=\"special-heading-border\"><div class=\"special-heading-inner-border\"><\/div><\/div><\/div>\n<section  class='av_textblock_section av-7a0j6-8c4e3ad7af59bb16b292231813d563df '   itemscope=\"itemscope\" itemtype=\"https:\/\/schema.org\/CreativeWork\" ><div class='avia_textblock'  itemprop=\"text\" ><div class=\"art-article\">\n<p>Sotilaspapistolla oli maassamme jo ennen sotia vakiintunut ja tunnustettu asema. Sotilaspappien teht\u00e4v\u00e4n\u00e4 oli sotien aikana varsinaisen hengellisen ty\u00f6n ja sielunhoidon lis\u00e4ksi kaatuneiden huolto ja osallistuminen valistustoimintaan. Jatkosodassa jokaisessa pataljoonassa oli sotilaspappi, joka oli n\u00e4in ollen jatkuvasti joukkonsa mukana etulinjan tuntumassa. Toiminnan laajuutta kuvaa se, ett\u00e4 esimerkiksi jatkosodan aikana maamme evankelis-luterilaisen kirkon noin 1400 papista toimi sotilaspappeina pitemm\u00e4n tai lyhyemm\u00e4n ajan 880 pappia eli 63 %.<\/p>\n<p>Ortodoksisia sotilaspappeja oli eri toimintapaikoissa yleens\u00e4 12-16. Jatkosodassa sai sankarikuoleman kaikkiaan 23 pappia. Talvisodassa oli kaatunut 12 pappia.<\/p>\n<p>Kaatuneiden huolto oli jo talvisodassa m\u00e4\u00e4r\u00e4tty sotilaspapiston teht\u00e4v\u00e4ksi, vaikka kaatuneiden huolto oli suureksi osaksi muuta kuin hengellist\u00e4 toimintaa. Kaatuneet tuli huoltaa rintaman takana ja tuoda kotiseudulle, jossa j\u00e4rjestettiin sankarihautajaiset. Sotilaspapit kirjoittivat kaatuneen omaisille henkil\u00f6kohtaisen kirjeen, jossa oli tietoja vainajan viime vaiheista. N\u00e4iden kirjeiden kirjoittaminen oli etulinjan papeille raskas teht\u00e4v\u00e4, mutta omaisille kirjeet olivat \u00e4\u00e4rett\u00f6m\u00e4n t\u00e4rkeit\u00e4.<\/p>\n<p>Tilap\u00e4isesti jouduttiin kaatuneita hautaamaan my\u00f6s kent\u00e4lle, mutta my\u00f6s n\u00e4m\u00e4 kaatuneet tuotiin mahdollisimman pian kotiseudulle. Vihollisen kaatuneet jouduttiin yleens\u00e4 peitt\u00e4m\u00e4\u00e4n joukkohautoihin kent\u00e4lle.<\/p>\n<p>Sotilaspapiston hengellisell\u00e4 ty\u00f6ll\u00e4 sek\u00e4 jokaisen sotilaan tietoisuudella siit\u00e4, ett\u00e4 kaatuneet toimitetaan kaikin keinoin kotikuntaan sankarihautaan haudattavaksi, oli suuri merkitys sotilaiden mielialalle. Suomalainen kaatuneiden huoltoj\u00e4rjestelm\u00e4 oli ainutlaatuinen koko maailmassa. Muualla kaatuneet haudattiin yleens\u00e4 kentt\u00e4hautausmaihin hyvinkin kauas kotimaastaan. N\u00e4m\u00e4 hautausmaat tuhoutuivat suureksi osaksi sodan ja sotien j\u00e4lkeisen ajan myllerryksess\u00e4.<\/p>\n<\/div>\n<\/div><\/section>\n","protected":false},"excerpt":{"rendered":"","protected":false},"author":1,"featured_media":0,"parent":102,"menu_order":10,"comment_status":"closed","ping_status":"closed","template":"","meta":{"footnotes":""},"class_list":["post-562","page","type-page","status-publish","hentry"],"yoast_head":"<!-- This site is optimized with the Yoast SEO plugin v27.4 - https:\/\/yoast.com\/product\/yoast-seo-wordpress\/ -->\n<title>Sotilaspapisto - Veteraanien Perint\u00f6<\/title>\n<meta name=\"robots\" content=\"index, follow, max-snippet:-1, max-image-preview:large, max-video-preview:-1\" \/>\n<link rel=\"canonical\" href=\"https:\/\/veteraanienperinto.fi\/index.php\/tietopankit\/aselajit\/sotilaspapisto\/\" \/>\n<meta property=\"og:locale\" content=\"fi_FI\" \/>\n<meta property=\"og:type\" content=\"article\" \/>\n<meta property=\"og:title\" content=\"Sotilaspapisto - Veteraanien Perint\u00f6\" \/>\n<meta property=\"og:url\" content=\"https:\/\/veteraanienperinto.fi\/index.php\/tietopankit\/aselajit\/sotilaspapisto\/\" \/>\n<meta property=\"og:site_name\" content=\"Veteraanien Perint\u00f6\" \/>\n<meta property=\"article:modified_time\" content=\"2021-01-26T15:07:21+00:00\" \/>\n<meta name=\"twitter:card\" content=\"summary_large_image\" \/>\n<meta name=\"twitter:label1\" content=\"Arvioitu lukuaika\" \/>\n\t<meta name=\"twitter:data1\" content=\"2 minuuttia\" \/>\n<script type=\"application\/ld+json\" class=\"yoast-schema-graph\">{\"@context\":\"https:\\\/\\\/schema.org\",\"@graph\":[{\"@type\":\"WebPage\",\"@id\":\"https:\\\/\\\/veteraanienperinto.fi\\\/index.php\\\/tietopankit\\\/aselajit\\\/sotilaspapisto\\\/\",\"url\":\"https:\\\/\\\/veteraanienperinto.fi\\\/index.php\\\/tietopankit\\\/aselajit\\\/sotilaspapisto\\\/\",\"name\":\"Sotilaspapisto - Veteraanien Perint\u00f6\",\"isPartOf\":{\"@id\":\"https:\\\/\\\/veteraanienperinto.fi\\\/#website\"},\"datePublished\":\"2020-08-29T10:22:52+00:00\",\"dateModified\":\"2021-01-26T15:07:21+00:00\",\"breadcrumb\":{\"@id\":\"https:\\\/\\\/veteraanienperinto.fi\\\/index.php\\\/tietopankit\\\/aselajit\\\/sotilaspapisto\\\/#breadcrumb\"},\"inLanguage\":\"fi\",\"potentialAction\":[{\"@type\":\"ReadAction\",\"target\":[\"https:\\\/\\\/veteraanienperinto.fi\\\/index.php\\\/tietopankit\\\/aselajit\\\/sotilaspapisto\\\/\"]}]},{\"@type\":\"BreadcrumbList\",\"@id\":\"https:\\\/\\\/veteraanienperinto.fi\\\/index.php\\\/tietopankit\\\/aselajit\\\/sotilaspapisto\\\/#breadcrumb\",\"itemListElement\":[{\"@type\":\"ListItem\",\"position\":1,\"name\":\"Etusivu\",\"item\":\"https:\\\/\\\/veteraanienperinto.fi\\\/index.php\\\/etusivu-2\\\/\"},{\"@type\":\"ListItem\",\"position\":2,\"name\":\"Tietopankit\",\"item\":\"https:\\\/\\\/veteraanienperinto.fi\\\/index.php\\\/tietopankit\\\/\"},{\"@type\":\"ListItem\",\"position\":3,\"name\":\"Puolustushaarat ja aselajit\",\"item\":\"https:\\\/\\\/veteraanienperinto.fi\\\/index.php\\\/tietopankit\\\/aselajit\\\/\"},{\"@type\":\"ListItem\",\"position\":4,\"name\":\"Sotilaspapisto\"}]},{\"@type\":\"WebSite\",\"@id\":\"https:\\\/\\\/veteraanienperinto.fi\\\/#website\",\"url\":\"https:\\\/\\\/veteraanienperinto.fi\\\/\",\"name\":\"Veteraanien Perint\u00f6\",\"description\":\"Kadettikunta\",\"potentialAction\":[{\"@type\":\"SearchAction\",\"target\":{\"@type\":\"EntryPoint\",\"urlTemplate\":\"https:\\\/\\\/veteraanienperinto.fi\\\/?s={search_term_string}\"},\"query-input\":{\"@type\":\"PropertyValueSpecification\",\"valueRequired\":true,\"valueName\":\"search_term_string\"}}],\"inLanguage\":\"fi\"}]}<\/script>\n<!-- \/ Yoast SEO plugin. -->","yoast_head_json":{"title":"Sotilaspapisto - Veteraanien Perint\u00f6","robots":{"index":"index","follow":"follow","max-snippet":"max-snippet:-1","max-image-preview":"max-image-preview:large","max-video-preview":"max-video-preview:-1"},"canonical":"https:\/\/veteraanienperinto.fi\/index.php\/tietopankit\/aselajit\/sotilaspapisto\/","og_locale":"fi_FI","og_type":"article","og_title":"Sotilaspapisto - Veteraanien Perint\u00f6","og_url":"https:\/\/veteraanienperinto.fi\/index.php\/tietopankit\/aselajit\/sotilaspapisto\/","og_site_name":"Veteraanien Perint\u00f6","article_modified_time":"2021-01-26T15:07:21+00:00","twitter_card":"summary_large_image","twitter_misc":{"Arvioitu lukuaika":"2 minuuttia"},"schema":{"@context":"https:\/\/schema.org","@graph":[{"@type":"WebPage","@id":"https:\/\/veteraanienperinto.fi\/index.php\/tietopankit\/aselajit\/sotilaspapisto\/","url":"https:\/\/veteraanienperinto.fi\/index.php\/tietopankit\/aselajit\/sotilaspapisto\/","name":"Sotilaspapisto - Veteraanien Perint\u00f6","isPartOf":{"@id":"https:\/\/veteraanienperinto.fi\/#website"},"datePublished":"2020-08-29T10:22:52+00:00","dateModified":"2021-01-26T15:07:21+00:00","breadcrumb":{"@id":"https:\/\/veteraanienperinto.fi\/index.php\/tietopankit\/aselajit\/sotilaspapisto\/#breadcrumb"},"inLanguage":"fi","potentialAction":[{"@type":"ReadAction","target":["https:\/\/veteraanienperinto.fi\/index.php\/tietopankit\/aselajit\/sotilaspapisto\/"]}]},{"@type":"BreadcrumbList","@id":"https:\/\/veteraanienperinto.fi\/index.php\/tietopankit\/aselajit\/sotilaspapisto\/#breadcrumb","itemListElement":[{"@type":"ListItem","position":1,"name":"Etusivu","item":"https:\/\/veteraanienperinto.fi\/index.php\/etusivu-2\/"},{"@type":"ListItem","position":2,"name":"Tietopankit","item":"https:\/\/veteraanienperinto.fi\/index.php\/tietopankit\/"},{"@type":"ListItem","position":3,"name":"Puolustushaarat ja aselajit","item":"https:\/\/veteraanienperinto.fi\/index.php\/tietopankit\/aselajit\/"},{"@type":"ListItem","position":4,"name":"Sotilaspapisto"}]},{"@type":"WebSite","@id":"https:\/\/veteraanienperinto.fi\/#website","url":"https:\/\/veteraanienperinto.fi\/","name":"Veteraanien Perint\u00f6","description":"Kadettikunta","potentialAction":[{"@type":"SearchAction","target":{"@type":"EntryPoint","urlTemplate":"https:\/\/veteraanienperinto.fi\/?s={search_term_string}"},"query-input":{"@type":"PropertyValueSpecification","valueRequired":true,"valueName":"search_term_string"}}],"inLanguage":"fi"}]}},"_links":{"self":[{"href":"https:\/\/veteraanienperinto.fi\/index.php\/wp-json\/wp\/v2\/pages\/562","targetHints":{"allow":["GET"]}}],"collection":[{"href":"https:\/\/veteraanienperinto.fi\/index.php\/wp-json\/wp\/v2\/pages"}],"about":[{"href":"https:\/\/veteraanienperinto.fi\/index.php\/wp-json\/wp\/v2\/types\/page"}],"author":[{"embeddable":true,"href":"https:\/\/veteraanienperinto.fi\/index.php\/wp-json\/wp\/v2\/users\/1"}],"replies":[{"embeddable":true,"href":"https:\/\/veteraanienperinto.fi\/index.php\/wp-json\/wp\/v2\/comments?post=562"}],"version-history":[{"count":6,"href":"https:\/\/veteraanienperinto.fi\/index.php\/wp-json\/wp\/v2\/pages\/562\/revisions"}],"predecessor-version":[{"id":10668,"href":"https:\/\/veteraanienperinto.fi\/index.php\/wp-json\/wp\/v2\/pages\/562\/revisions\/10668"}],"up":[{"embeddable":true,"href":"https:\/\/veteraanienperinto.fi\/index.php\/wp-json\/wp\/v2\/pages\/102"}],"wp:attachment":[{"href":"https:\/\/veteraanienperinto.fi\/index.php\/wp-json\/wp\/v2\/media?parent=562"}],"curies":[{"name":"wp","href":"https:\/\/api.w.org\/{rel}","templated":true}]}}