{"id":5640,"date":"2020-11-17T16:43:22","date_gmt":"2020-11-17T16:43:22","guid":{"rendered":"https:\/\/veteraani.ylirotu.fi\/?page_id=5640"},"modified":"2021-01-14T07:42:16","modified_gmt":"2021-01-14T07:42:16","slug":"vorobor-i-essens-bataljon","status":"publish","type":"page","link":"https:\/\/veteraanienperinto.fi\/index.php\/sv\/vinterkriget\/vinterkrigets-berattelser\/kriget\/moskvafreden\/vorobor-i-essens-bataljon\/","title":{"rendered":"V\u00f6r\u00e5bor i Essens bataljon"},"content":{"rendered":"\n<style type=\"text\/css\" data-created_by=\"avia_inline_auto\" id=\"style-css-av-kjwjosjw-995c8c22385e3dc35d6ffc4ce4f91b3d\">\n#top .av-special-heading.av-kjwjosjw-995c8c22385e3dc35d6ffc4ce4f91b3d{\npadding-bottom:10px;\n}\nbody .av-special-heading.av-kjwjosjw-995c8c22385e3dc35d6ffc4ce4f91b3d .av-special-heading-tag .heading-char{\nfont-size:25px;\n}\n.av-special-heading.av-kjwjosjw-995c8c22385e3dc35d6ffc4ce4f91b3d .av-subheading{\nfont-size:15px;\n}\n<\/style>\n<div  class='av-special-heading av-kjwjosjw-995c8c22385e3dc35d6ffc4ce4f91b3d av-special-heading-h3  avia-builder-el-0  el_before_av_textblock  avia-builder-el-first '><h3 class='av-special-heading-tag'  itemprop=\"headline\"  >V\u00f6r\u00e5bor i Essens bataljon<\/h3><div class=\"special-heading-border\"><div class=\"special-heading-inner-border\"><\/div><\/div><\/div>\n<section  class='av_textblock_section av-kei9w74n-7b0f008125a778f48432b9a614d90d0f '   itemscope=\"itemscope\" itemtype=\"https:\/\/schema.org\/CreativeWork\" ><div class='avia_textblock'  itemprop=\"text\" ><p><strong>Sigurd Nickull:<\/strong><\/p>\n<p>Jag kom mig till den h\u00e4r gamlingarnas bataljon d\u00e4rf\u00f6r att jag under v\u00e4rnpliktstiden var obev\u00e4rad och d\u00e4rf\u00f6r i teorin oduglig i fronttj\u00e4nst. I Essens bataljon togs ingen h\u00e4nsyn till det utan jag antogs kunna med vapen som de gamla. Vi var ett f\u00e5tal ynglingar endast.<\/p>\n<p>I tredje plutonen med Helge H\u00f6gstr\u00f6m som chef var vi flera v\u00f6r\u00e5bor: Stenroos Hugo, Hertells Verner, Grannas Verner, Lindgrens Hannes, H\u00e4rtulls Alfred och jag.<\/p>\n<p>Den 12 februari lastades vi p\u00e5 t\u00e5g och k\u00f6rdes i ilfart till Karelska N\u00e4set. T\u00e5gen som m\u00f6tte fick v\u00e4nta p\u00e5 stationerna medan vi k\u00f6rde rakt fram. Redan den 16 l\u00e5g vi i st\u00e4llning vid stranden av N\u00e4ykkij\u00e4rvi sj\u00f6. Framf\u00f6r oss 300 meter fr\u00e5n stranden fanns en \u00f6 med en g\u00e5rd. V\u00e4g var plogad p\u00e5 isen parallellt med stranden till g\u00e5rden. Det befarades att ryssarna skulle ta g\u00e5rden i besittning. Vi hade order att l\u00e5ta ryssarna i lugn och ro komma framf\u00f6r oss f\u00f6rr\u00e4n vi skulle \u00f6ppna eld. V\u00e5ra st\u00e4llningar var v\u00e4l dolda i skogsbrynet.<\/p>\n<p>Mycket riktigt, vi h\u00f6rde krasandet i sn\u00f6n p\u00e5 l\u00e5ngt h\u00e5ll och ryssarna kom i fyramansled. Avst\u00e5ndet till v\u00e4gen var m\u00e5h\u00e4nda 250 meter. N\u00e5gon p\u00e5 v\u00e5r h\u00f6gra flank f\u00f6rivrade sig och \u00f6ppnade eld f\u00f6r tidigt. Det var kanske bara tv\u00e5 plutoner som vi hann f\u00e5 framf\u00f6r oss. V\u00e5r eldgivning var h\u00e4ftig men hade inte avsedd verkan &#8211; n\u00e4mligen att sl\u00e5 ut en st\u00f6rre truppstyrka. Vi anade att mera ryssar i skydd av sn\u00f6vallarna kunde ta sig fram till g\u00e5rden vilket besannades.<\/p>\n<p>P\u00e5 morgonen bolmade r\u00f6k ur skorstenen b\u00e5de p\u00e5 g\u00e5rden och bastun en bit ifr\u00e5n. Det vimlade av folk p\u00e5 g\u00e5rdsplanen, och d\u00e4r stod ocks\u00e5 tv\u00e5 stridsvagnar. Dessa gjorde oss bet\u00e4nksamma och vi var noga med att inte visa oss \u00f6ver br\u00f6stv\u00e4rnskanten. Jag t\u00e4nkte inte p\u00e5 att snabbeldsgev\u00e4rspipan kunde ses med kikare, fr\u00e5n stridsvagnen. Jag hade st\u00f6dbenen p\u00e5 gropkanten, pipan r\u00e4tt upp och kolven mellan mina kn\u00e4n.<\/p>\n<p>Jag resonerade om situationen med Envik fr\u00e5n Korsholm. Han stod bakom en stor sten 10 meter bakom. Pl\u00f6tsligt kastades gev\u00e4ret ur min hand och det kom en krevad vid stenen. Envik syntes inte till &#8211; bara krutr\u00f6k, Gev\u00e4ret var helt f\u00f6rst\u00f6rt. Jag m\u00e5ste bak\u00e5t efter ett nytt vapen och f\u00f6r att se hur det stod till med Envik. Han l\u00e5g sv\u00e5rt s\u00e5rad men vid medvetande. Jag ville g\u00e5 efter sanit\u00e4r och pulka, men han bad mig ta honom med genast s\u00e5 inte ryssen tar honom. D\u00e5 jag tog i hans armar visade det sig att b\u00e4gge var av. Fortfarande bad han mig sl\u00e4pa honom med. Jag tog honom i f\u00f6tterna och sl\u00e4pade honom p\u00e5 rygg. Efter n\u00e5gra sekunder var han tyst. Han hade svimmat.<\/p>\n<p>50 meter bakom fanns en grop d\u00e4r n\u00e5gra man tryckte f\u00f6r maskingev\u00e4rselden som nu bestr\u00f6k omr\u00e5det. Envik fick bli d\u00e4r medan jag h\u00e4mtade en pulka. Nytt snabbeldsgev\u00e4r gick inte att f\u00e5, varf\u00f6r plutonchefen gav mig sin parabellumpistol och bad mig hj\u00e4lpa sanit\u00e4ren resten av dagen. Vi fick den s\u00e5rade till JSP. D\u00e4r l\u00e5g d\u00e5 redan Hugo Stenroos. B\u00e5da kom till livs men med men f\u00f6r livet.<\/p>\n<p>Den 8 mars &#8211; sista dagen f\u00f6r mig i vinterkriget<\/p>\n<p>Vi befann oss den dagen i st\u00e4llning alldeles n\u00e4ra Viborgs-v\u00e4gen. Staden hade fallit dagen f\u00f6rut. Allt k\u00e4ndes hoppl\u00f6st. Vi hade vakat tv\u00e5 dygn i k\u00f6ld och sn\u00f6. Mittp\u00e5 dagen fick vi order att flytta fram till h\u00f6gsp\u00e4nningsledningen 100 meter fram\u00e5t i skogen. Vi vadade fram i den djupa sn\u00f6n och kom till en t\u00e4t g\u00e4rdesg\u00e5rd. Den skulle ha utgjort ett utm\u00e4rkt skydd f\u00f6r insyn, men vi fortsatte \u00f6ver och kom s\u00e5 vi s\u00e5g el-ledningen skymta mellan tr\u00e4den. Jag hade inte, f\u00e5tt n\u00e5got nytt snabbeldsgev\u00e4r utan var hj\u00e4lpskytt \u00e5t andra snabbeldsgev\u00e4rsskytten. F\u00e4nrikens pistol var mitt enda vapen. Jag gick f\u00f6re f\u00f6r att s\u00f6ka en l\u00e4mplig sten som skjutst\u00e4llning. Pistolen h\u00f6ll jag i beredskap.<\/p>\n<p>Pl\u00f6tsligt s\u00e5g jag 7- 8 ryssar 30 meter framf\u00f6r mig som just gick ner i skjutst\u00e4llning med vapnen riktade till v\u00e4nster mot mina kamrater, som det h\u00f6rdes ljud av. Mig s\u00e5g de inte men pistolen d\u00f6g till ingenting nu. Jag sm\u00f6g mig bak\u00e5t till kamraten och visade vad som var \u00e5 f\u00e4rde. Innan han hunnit fram till mig k\u00e4nde jag ett v\u00e5ldsamt slag p\u00e5 halsen och f\u00f6ll ihop i den djupa sn\u00f6n. Jag var of\u00f6rm\u00f6gen att r\u00f6ra mig. Inte ett ljud kom fram fast jag f\u00f6rs\u00f6kte kalla p\u00e5 hj\u00e4lp. Syn och medvetande hade jag, men ingenting annat fungerade. Sn\u00f6n blev r\u00f6d invid mitt ansikte och jag f\u00f6rstod att halsen var skadad. Med avskurna hals\u00e5dror lever man inte m\u00e5nga sekunder eller minuter. Jag bad p\u00e5 n\u00e5got s\u00e4tt en b\u00f6n, t\u00e4nkte p\u00e5 mina anh\u00f6riga och inv\u00e4ntade lugnt slutet.<\/p>\n<p>Ingenting av vad jag v\u00e4ntade h\u00e4nde. I st\u00e4llet b\u00f6rjade jag h\u00f6ra ljud och kvicknade till. Kamraten ropade svagt mitt namn. Han hade skadats av samma tanksgranat. Sm\u00e5ningom fick jag r\u00f6relsef\u00f6rm\u00e5ga s\u00e5 jag kunde krypa mot de egna. Ena armen var totalt f\u00f6rlamad men jag kom \u00e4nd\u00e5 fram i sn\u00f6n. Det gick ocks\u00e5 b\u00e4ttre sedan jag n\u00e5tt kamraten och han kr\u00f6p f\u00f6re. Vi blev beskjutna hela tiden, men sn\u00f6n skyddade tillr\u00e4ckligt. .<\/p>\n<p>Fram till g\u00e4rdesg\u00e5rden kom vi men inte genom och inte heller \u00f6ver. Jag hade bara en stickad skidm\u00f6ssa p\u00e5 huvudet. Den hade ett 10 centimeter l\u00e5ngt klipp ovanf\u00f6r \u00f6rat &#8211; om av sk\u00e4rva eller kula visste jag inte. Vi kom i skydd av n\u00e5gra tr\u00e4d och d\u00e4r lyckades vi komma \u00f6ver g\u00e4rdesg\u00e5rden. P\u00e5 andra sidan tog sanit\u00e4rerna hand om oss.<\/p>\n<p>Sanit\u00e4rerna hade satt upp ett t\u00e4lt \u00f6ver en granatgrop och p\u00e5 det viset f\u00e5tt splitterskydd. H\u00e4sten f\u00f6r sjuktransport stod bunden i skydd av t\u00e4ta granar. Just som vi skulle placera oss i sl\u00e4den kom ett ryskt eldledningsplan cirklande \u00f6ver oss. Vi kunde tydligen se spanaren som tittade ner.<\/p>\n<p>Efter bara n\u00e5gra sekunder brakade artilleriet till och en granat slog ned en bit fr\u00e5n t\u00e4ltet. Vi h\u00e4vde oss ner i t\u00e4ltgropen och jag som stod n\u00e4rmast kom under fyra andra s\u00e5rade. Det var inte s\u00e5 h\u00e4vt att vara s\u00e5rad och ligga underst.<\/p>\n<p>Krevaderna upph\u00f6rde s\u00e5 vi kunde krypa ut f\u00f6r transporten. Ute l\u00e5g h\u00e4sten d\u00f6d. Jag var oskadad i benen och b\u00f6rjade g\u00e5 mot JSP 2 kilometer l\u00e4ngs en v\u00e4g som sanit\u00e4rerna visade mig. D\u00e5 jag kommit ut till viborgsv\u00e4gen, m\u00f6tte jag John Vestin p\u00e5 v\u00e4g med en pulka efter s\u00e5rade. Han visste ber\u00e4tta att den v\u00e4g som jag skulle g\u00e5 var bevakad av tanks. John visade mig en annan v\u00e4g till en stuga p\u00e5 sidan om d\u00e4r andra s\u00e5rade v\u00e4ntade p\u00e5 h\u00e4stskjuts.<\/p>\n<p>Jag hann g\u00e5 bara en liten bit s\u00e5 stod pl\u00f6tsligt en ung f\u00e4nrik i fin, ren uniform framf\u00f6r mig. Med pistolen under min n\u00e4sa r\u00f6t han: &#8221;Vart fan ska ni?&#8221;.<\/p>\n<p>Jag beh\u00f6vde inte svara &#8211; bara v\u00e4nda den nedblodade andra sidan mot honom. D\u00e5 var det en sn\u00e4ll, liten f\u00e4nrik som \u00e4rligt bad om urs\u00e4kt.<\/p>\n<p>Till stugan kom jag. F\u00f6r de andra s\u00e5rade d\u00e4r kunde jag ber\u00e4tta att h\u00e4sten de v\u00e4ntade p\u00e5 var d\u00f6d. Sergeanten Nordin fr\u00e5n N\u00e4rpes hade som jag oskadade ben. Han f\u00f6reslog att vi tv\u00e5 tar oss till JSP g\u00e5ende. Vi skulle g\u00e5 l\u00e4ngs ett skidsp\u00e5r draget med tre skidor i st\u00e4llet f\u00f6r med tv\u00e5. Detta sp\u00e5r ledde till JSP.<\/p>\n<p>Allt gick bra i b\u00f6rjan. Sp\u00e5ret h\u00f6ll att g\u00e5 p\u00e5. Inne i t\u00e4tare skog blev det v\u00e4rre. Vi slog genom. Vilopauserna blev t\u00e4tare. Inte hade vi heller begripit att blodf\u00f6rlust neds\u00e4tter krafterna.<\/p>\n<p>N\u00e4r vi kom ut till en v\u00e4g satte vi oss utmattade ned p\u00e5 sn\u00f6karmen. Vart\u00e5t vi skulle hade vi ingen aning om sen vi l\u00e4mnat sp\u00e5ret. Men en finskatalande kusk kom och kunde visa var v\u00e5rt JSP fanns &#8211; bara 300 meter fram\u00e5t.<\/p>\n<p>Vi var r\u00e4ddade.<\/p>\n<p>V\u00f6r\u00e5bor i F\u00e4lt<\/p>\n<\/div><\/section>\n","protected":false},"excerpt":{"rendered":"","protected":false},"author":1,"featured_media":0,"parent":5636,"menu_order":0,"comment_status":"closed","ping_status":"closed","template":"","meta":{"footnotes":""},"class_list":["post-5640","page","type-page","status-publish","hentry"],"yoast_head":"<!-- This site is optimized with the Yoast SEO plugin v27.6 - https:\/\/yoast.com\/product\/yoast-seo-wordpress\/ -->\n<title>V\u00f6r\u00e5bor i Essens bataljon - Veteraanien Perint\u00f6<\/title>\n<meta name=\"robots\" content=\"index, follow, max-snippet:-1, max-image-preview:large, max-video-preview:-1\" \/>\n<link rel=\"canonical\" href=\"https:\/\/veteraanienperinto.fi\/index.php\/sv\/vinterkriget\/vinterkrigets-berattelser\/kriget\/moskvafreden\/vorobor-i-essens-bataljon\/\" \/>\n<meta property=\"og:locale\" content=\"fi_FI\" \/>\n<meta property=\"og:type\" content=\"article\" \/>\n<meta property=\"og:title\" content=\"V\u00f6r\u00e5bor i Essens bataljon - Veteraanien Perint\u00f6\" \/>\n<meta property=\"og:url\" content=\"https:\/\/veteraanienperinto.fi\/index.php\/sv\/vinterkriget\/vinterkrigets-berattelser\/kriget\/moskvafreden\/vorobor-i-essens-bataljon\/\" \/>\n<meta property=\"og:site_name\" content=\"Veteraanien Perint\u00f6\" \/>\n<meta property=\"article:modified_time\" content=\"2021-01-14T07:42:16+00:00\" \/>\n<meta name=\"twitter:card\" content=\"summary_large_image\" \/>\n<meta name=\"twitter:label1\" content=\"Arvioitu lukuaika\" \/>\n\t<meta name=\"twitter:data1\" content=\"8 minuuttia\" \/>\n<script type=\"application\/ld+json\" class=\"yoast-schema-graph\">{\"@context\":\"https:\\\/\\\/schema.org\",\"@graph\":[{\"@type\":\"WebPage\",\"@id\":\"https:\\\/\\\/veteraanienperinto.fi\\\/index.php\\\/sv\\\/vinterkriget\\\/vinterkrigets-berattelser\\\/kriget\\\/moskvafreden\\\/vorobor-i-essens-bataljon\\\/\",\"url\":\"https:\\\/\\\/veteraanienperinto.fi\\\/index.php\\\/sv\\\/vinterkriget\\\/vinterkrigets-berattelser\\\/kriget\\\/moskvafreden\\\/vorobor-i-essens-bataljon\\\/\",\"name\":\"V\u00f6r\u00e5bor i Essens bataljon - Veteraanien Perint\u00f6\",\"isPartOf\":{\"@id\":\"https:\\\/\\\/veteraanienperinto.fi\\\/#website\"},\"datePublished\":\"2020-11-17T16:43:22+00:00\",\"dateModified\":\"2021-01-14T07:42:16+00:00\",\"breadcrumb\":{\"@id\":\"https:\\\/\\\/veteraanienperinto.fi\\\/index.php\\\/sv\\\/vinterkriget\\\/vinterkrigets-berattelser\\\/kriget\\\/moskvafreden\\\/vorobor-i-essens-bataljon\\\/#breadcrumb\"},\"inLanguage\":\"fi\",\"potentialAction\":[{\"@type\":\"ReadAction\",\"target\":[\"https:\\\/\\\/veteraanienperinto.fi\\\/index.php\\\/sv\\\/vinterkriget\\\/vinterkrigets-berattelser\\\/kriget\\\/moskvafreden\\\/vorobor-i-essens-bataljon\\\/\"]}]},{\"@type\":\"BreadcrumbList\",\"@id\":\"https:\\\/\\\/veteraanienperinto.fi\\\/index.php\\\/sv\\\/vinterkriget\\\/vinterkrigets-berattelser\\\/kriget\\\/moskvafreden\\\/vorobor-i-essens-bataljon\\\/#breadcrumb\",\"itemListElement\":[{\"@type\":\"ListItem\",\"position\":1,\"name\":\"Etusivu\",\"item\":\"https:\\\/\\\/veteraanienperinto.fi\\\/index.php\\\/etusivu-2\\\/\"},{\"@type\":\"ListItem\",\"position\":2,\"name\":\"Vinterkriget\",\"item\":\"https:\\\/\\\/veteraanienperinto.fi\\\/index.php\\\/sv\\\/vinterkriget\\\/\"},{\"@type\":\"ListItem\",\"position\":3,\"name\":\"Vinterkrigets ber\u00e4ttelser\",\"item\":\"https:\\\/\\\/veteraanienperinto.fi\\\/index.php\\\/sv\\\/vinterkriget\\\/vinterkrigets-berattelser\\\/\"},{\"@type\":\"ListItem\",\"position\":4,\"name\":\"Kriget\",\"item\":\"https:\\\/\\\/veteraanienperinto.fi\\\/index.php\\\/sv\\\/vinterkriget\\\/vinterkrigets-berattelser\\\/kriget\\\/\"},{\"@type\":\"ListItem\",\"position\":5,\"name\":\"Moskvafreden\",\"item\":\"https:\\\/\\\/veteraanienperinto.fi\\\/index.php\\\/sv\\\/vinterkriget\\\/vinterkrigets-berattelser\\\/kriget\\\/moskvafreden\\\/\"},{\"@type\":\"ListItem\",\"position\":6,\"name\":\"V\u00f6r\u00e5bor i Essens bataljon\"}]},{\"@type\":\"WebSite\",\"@id\":\"https:\\\/\\\/veteraanienperinto.fi\\\/#website\",\"url\":\"https:\\\/\\\/veteraanienperinto.fi\\\/\",\"name\":\"Veteraanien Perint\u00f6\",\"description\":\"Kadettikunta\",\"potentialAction\":[{\"@type\":\"SearchAction\",\"target\":{\"@type\":\"EntryPoint\",\"urlTemplate\":\"https:\\\/\\\/veteraanienperinto.fi\\\/?s={search_term_string}\"},\"query-input\":{\"@type\":\"PropertyValueSpecification\",\"valueRequired\":true,\"valueName\":\"search_term_string\"}}],\"inLanguage\":\"fi\"}]}<\/script>\n<!-- \/ Yoast SEO plugin. -->","yoast_head_json":{"title":"V\u00f6r\u00e5bor i Essens bataljon - Veteraanien Perint\u00f6","robots":{"index":"index","follow":"follow","max-snippet":"max-snippet:-1","max-image-preview":"max-image-preview:large","max-video-preview":"max-video-preview:-1"},"canonical":"https:\/\/veteraanienperinto.fi\/index.php\/sv\/vinterkriget\/vinterkrigets-berattelser\/kriget\/moskvafreden\/vorobor-i-essens-bataljon\/","og_locale":"fi_FI","og_type":"article","og_title":"V\u00f6r\u00e5bor i Essens bataljon - Veteraanien Perint\u00f6","og_url":"https:\/\/veteraanienperinto.fi\/index.php\/sv\/vinterkriget\/vinterkrigets-berattelser\/kriget\/moskvafreden\/vorobor-i-essens-bataljon\/","og_site_name":"Veteraanien Perint\u00f6","article_modified_time":"2021-01-14T07:42:16+00:00","twitter_card":"summary_large_image","twitter_misc":{"Arvioitu lukuaika":"8 minuuttia"},"schema":{"@context":"https:\/\/schema.org","@graph":[{"@type":"WebPage","@id":"https:\/\/veteraanienperinto.fi\/index.php\/sv\/vinterkriget\/vinterkrigets-berattelser\/kriget\/moskvafreden\/vorobor-i-essens-bataljon\/","url":"https:\/\/veteraanienperinto.fi\/index.php\/sv\/vinterkriget\/vinterkrigets-berattelser\/kriget\/moskvafreden\/vorobor-i-essens-bataljon\/","name":"V\u00f6r\u00e5bor i Essens bataljon - Veteraanien Perint\u00f6","isPartOf":{"@id":"https:\/\/veteraanienperinto.fi\/#website"},"datePublished":"2020-11-17T16:43:22+00:00","dateModified":"2021-01-14T07:42:16+00:00","breadcrumb":{"@id":"https:\/\/veteraanienperinto.fi\/index.php\/sv\/vinterkriget\/vinterkrigets-berattelser\/kriget\/moskvafreden\/vorobor-i-essens-bataljon\/#breadcrumb"},"inLanguage":"fi","potentialAction":[{"@type":"ReadAction","target":["https:\/\/veteraanienperinto.fi\/index.php\/sv\/vinterkriget\/vinterkrigets-berattelser\/kriget\/moskvafreden\/vorobor-i-essens-bataljon\/"]}]},{"@type":"BreadcrumbList","@id":"https:\/\/veteraanienperinto.fi\/index.php\/sv\/vinterkriget\/vinterkrigets-berattelser\/kriget\/moskvafreden\/vorobor-i-essens-bataljon\/#breadcrumb","itemListElement":[{"@type":"ListItem","position":1,"name":"Etusivu","item":"https:\/\/veteraanienperinto.fi\/index.php\/etusivu-2\/"},{"@type":"ListItem","position":2,"name":"Vinterkriget","item":"https:\/\/veteraanienperinto.fi\/index.php\/sv\/vinterkriget\/"},{"@type":"ListItem","position":3,"name":"Vinterkrigets ber\u00e4ttelser","item":"https:\/\/veteraanienperinto.fi\/index.php\/sv\/vinterkriget\/vinterkrigets-berattelser\/"},{"@type":"ListItem","position":4,"name":"Kriget","item":"https:\/\/veteraanienperinto.fi\/index.php\/sv\/vinterkriget\/vinterkrigets-berattelser\/kriget\/"},{"@type":"ListItem","position":5,"name":"Moskvafreden","item":"https:\/\/veteraanienperinto.fi\/index.php\/sv\/vinterkriget\/vinterkrigets-berattelser\/kriget\/moskvafreden\/"},{"@type":"ListItem","position":6,"name":"V\u00f6r\u00e5bor i Essens bataljon"}]},{"@type":"WebSite","@id":"https:\/\/veteraanienperinto.fi\/#website","url":"https:\/\/veteraanienperinto.fi\/","name":"Veteraanien Perint\u00f6","description":"Kadettikunta","potentialAction":[{"@type":"SearchAction","target":{"@type":"EntryPoint","urlTemplate":"https:\/\/veteraanienperinto.fi\/?s={search_term_string}"},"query-input":{"@type":"PropertyValueSpecification","valueRequired":true,"valueName":"search_term_string"}}],"inLanguage":"fi"}]}},"_links":{"self":[{"href":"https:\/\/veteraanienperinto.fi\/index.php\/wp-json\/wp\/v2\/pages\/5640","targetHints":{"allow":["GET"]}}],"collection":[{"href":"https:\/\/veteraanienperinto.fi\/index.php\/wp-json\/wp\/v2\/pages"}],"about":[{"href":"https:\/\/veteraanienperinto.fi\/index.php\/wp-json\/wp\/v2\/types\/page"}],"author":[{"embeddable":true,"href":"https:\/\/veteraanienperinto.fi\/index.php\/wp-json\/wp\/v2\/users\/1"}],"replies":[{"embeddable":true,"href":"https:\/\/veteraanienperinto.fi\/index.php\/wp-json\/wp\/v2\/comments?post=5640"}],"version-history":[{"count":4,"href":"https:\/\/veteraanienperinto.fi\/index.php\/wp-json\/wp\/v2\/pages\/5640\/revisions"}],"predecessor-version":[{"id":9458,"href":"https:\/\/veteraanienperinto.fi\/index.php\/wp-json\/wp\/v2\/pages\/5640\/revisions\/9458"}],"up":[{"embeddable":true,"href":"https:\/\/veteraanienperinto.fi\/index.php\/wp-json\/wp\/v2\/pages\/5636"}],"wp:attachment":[{"href":"https:\/\/veteraanienperinto.fi\/index.php\/wp-json\/wp\/v2\/media?parent=5640"}],"curies":[{"name":"wp","href":"https:\/\/api.w.org\/{rel}","templated":true}]}}