{"id":5664,"date":"2020-11-17T17:02:04","date_gmt":"2020-11-17T17:02:04","guid":{"rendered":"https:\/\/veteraani.ylirotu.fi\/?page_id=5664"},"modified":"2020-12-14T08:08:06","modified_gmt":"2020-12-14T08:08:06","slug":"luftbevakningen","status":"publish","type":"page","link":"https:\/\/veteraanienperinto.fi\/index.php\/sv\/vinterkriget\/vinterkrigets-berattelser\/hemmafronten\/luftbevakningen\/","title":{"rendered":"Luftbevakningen"},"content":{"rendered":"\n<style type=\"text\/css\" data-created_by=\"avia_inline_auto\" id=\"style-css-av-kio8t1up-e51c01fa10d5183615b4fe22f2900b17\">\n#top .av-special-heading.av-kio8t1up-e51c01fa10d5183615b4fe22f2900b17{\npadding-bottom:10px;\n}\nbody .av-special-heading.av-kio8t1up-e51c01fa10d5183615b4fe22f2900b17 .av-special-heading-tag .heading-char{\nfont-size:25px;\n}\n.av-special-heading.av-kio8t1up-e51c01fa10d5183615b4fe22f2900b17 .av-subheading{\nfont-size:15px;\n}\n<\/style>\n<div  class='av-special-heading av-kio8t1up-e51c01fa10d5183615b4fe22f2900b17 av-special-heading-h3  avia-builder-el-0  el_before_av_textblock  avia-builder-el-first '><h3 class='av-special-heading-tag'  itemprop=\"headline\"  >Luftbevakningen<\/h3><div class=\"special-heading-border\"><div class=\"special-heading-inner-border\"><\/div><\/div><\/div>\n<section  class='av_textblock_section av-kei9w74n-7b0f008125a778f48432b9a614d90d0f '   itemscope=\"itemscope\" itemtype=\"https:\/\/schema.org\/CreativeWork\" ><div class='avia_textblock'  itemprop=\"text\" ><p><strong>Valborg Louhisto f. Westerlund:<\/strong><\/p>\n<p>Jag kom i ber\u00f6ring med skyddsk\u00e5rs- och lottaarbetet redan som barn. Min far var aktiv skyddsk\u00e5rist och min mor var aktiv lotta. Fr\u00e5n 1920-talet och 1930-talets b\u00f6rjan minns jag b\u00e4st de gemensamma skyddsk\u00e5rs- och lottafesterna som n\u00e4rmast h\u00f6lls p\u00e5 sommaren samt lottam\u00f6tena vilka turvis h\u00f6lls i en del lottors hem. D\u00e5 lottam\u00f6te h\u00f6lls i v\u00e5rt hem fick vi flickor vara med i b\u00f6rjan, s\u00e5 l\u00e4nge kaffet dracks, vi fick hj\u00e4lpa till vid serveringen. Visst var man nyfiken p\u00e5 vad tanterna pratade om. Men n\u00e4r klockan blev 8 &#8221;tittade mamma menande p\u00e5 oss&#8221; och d\u00e5 f\u00f6rstod vi att nu skulle vi niga godnatt och g\u00e5 upp till \u00f6vre v\u00e5ningen och l\u00e4gga oss sn\u00e4llt och vi lydde naturligtvis.<\/p>\n<p>Till mina viktigaste fritidssyssels\u00e4ttningar h\u00f6rde till en b\u00f6rjan scoutingen, men jag blev ocks\u00e5 intresserad av lottaarbetet och m\u00e5ste d\u00e5 v\u00e4lja mellan de tv\u00e5. Jag valde lottaarbetet.<\/p>\n<p>Redan som tio\u00e5ring hade jag deklarerat att jag vill bli sjuksk\u00f6terska. Det var naturligt f\u00f6r mig att v\u00e4lja sanitetslottaarbetet. Efter sanitetslottakursen &#8221;praktiserade&#8221; jag en tid under sommaren p\u00e5 ortens sjukhus. Min f\u00f6rsta uppgift blev att tillsammans med en praktikant ta emot en patient man ringt om och som beh\u00f6vde bli hj\u00e4lpt. N\u00e4r taxin kom fram kunde vi konstatera att patienten, en gammal man med kateter och urinp\u00e5se, satt d\u00f6d i bilen. Min f\u00f6rsta erfarenhet av sjukhusarbetet var att m\u00f6ta d\u00f6den och att tv\u00e4tta samt st\u00e4lla i ordning liket. Men det avskr\u00e4ckte mig inte fr\u00e5n att fortfarande ha som m\u00e5l att bli sjuksk\u00f6terska. Jag antogs till sjuksk\u00f6terskekurs 1942 och p\u00e5 den v\u00e4gen blev jag.<\/p>\n<p><strong>Luftbevakning under vinterkriget<\/strong><\/p>\n<p>Under vinterkriget var jag luftbevakningslotta p\u00e5 hemorten. Min far var ansvarsperson f\u00f6r luftbevakningen. Vi var en grupp lottor som turades om i luftbevakningstornet i den stora granen p\u00e5 &#8221;berget&#8221; enligt en uppgjord lista.<\/p>\n<p>Det var dramatiskt ibland. Man hade f\u00e5tt information om att desanter synts till i V\u00e4stra Nyland, och vi lottor fick \u00f6va oss i pistolskytte (parabellum) under pauser mellan luftbevakningsturerna. Det h\u00e4r var hemligst\u00e4mplat, hemma fick jag inte ber\u00e4tta att l\u00e4rt mig att hantera en pistol. Om vi s\u00e5g n\u00e5gon skum person n\u00e4rma sig vakttornet, skulle vi ropa &#8221;ruki veh&#8221;, rikta pistolen mot personen och skjuta f\u00f6rst. Lyckligtvis s\u00e5g vi aldrig n\u00e5gon misst\u00e4nkt person.<\/p>\n<p>En g\u00e5ng n\u00e4r vi med min far var p\u00e5 v\u00e4g till vakttornet och gick p\u00e5 en v\u00e4g med \u00f6ppna f\u00e4lt p\u00e5 b\u00e4gge sidorna, d\u00f6k pl\u00f6tsligt en jagare upp \u00f6ver horisonten och siktade in sig mot v\u00e4gen och oss. Vi kastade oss ner i diket som var r\u00e4tt djupt och fick lyssna till maskingev\u00e4rets smatter p\u00e5 landsv\u00e4gen, men vi skadades inte.<\/p>\n<p>Mellan vaktturerna som intr\u00e4ffade med n\u00e5gra dagars mellanrum utf\u00f6rde vi luftbevakningslottor andra uppgifter &#8211; det g\u00e4llde att f\u00f6rf\u00e4rdiga f\u00f6rbandsmaterial, st\u00e4lla i ordning paket till &#8221;den ok\u00e4nda soldaten&#8221;, sticka och baka mm.<\/p>\n<p>Tiden mellan vinterkriget och forts\u00e4ttningskriget fylldes fr\u00e4mst av skolg\u00e5ngen. Jag hann inte med s\u00e5 mycket mera, l\u00e4xorna och skolresorna tog tid.<\/p>\n<p><strong>Kommendering till Hang\u00f6fronten<\/strong><\/p>\n<p>F\u00f6ljande dag efter krigsutbrottet midsommaren 1941 fick jag kommendering till Hang\u00f6fronten. Min f\u00f6rsta uppgift var att tillsammans med andra st\u00e4lla i ordning sjukstugan i Hitis kyrkoby. Men staben d\u00e4r beh\u00f6vde kanslilottor, och jag placerades p\u00e5 s.k. &#8221;sotatoimisto&#8221; med uppgift att tillsammans med &#8221;lotta\u00e4ldsten&#8221; handha den konfidentiella korespondensen. D\u00e4r l\u00e4rde jag mig skriva p\u00e5 skrivmaskin. Ibland hade jag f\u00f6rbindelseuppgifter, satt i telefoncentralen och tog emot rapporter samt f\u00f6rmedlade olika meddelanden, exempelvis om att nu \u00e4r flygmaskinseskader p\u00e5 v\u00e4g mot Finland \u00f6ver Finska viken.<\/p>\n<p>Ibland bes\u00f6kte lottor fr\u00e5n kyrkobyn bemannade \u00f6ar med kantinen. F\u00e4rderna gjordes med en snabbg\u00e5ende hyttf\u00f6rsedd motorb\u00e5t. En g\u00e5ng n\u00e4r jag var med tappade vi bort oss p\u00e5 hemv\u00e4gen i dimman. Fiskaren som var v\u00e5r b\u00e5tf\u00f6rare stannade motorn och s\u00e5 l\u00e5g vi d\u00e4r i tjockan och lyssnade, vi uppmanades att h\u00e5lla oss moltysta. Vi h\u00f6rde ropen som v\u00e4xlades mellan de sovjetiska kustbevakningsm\u00e4nnen i deras b\u00e5tar och flera g\u00e5nger h\u00f6rde vi b\u00e5tarna n\u00e4rma sig orov\u00e4ckande. En ryttm\u00e4stare var med p\u00e5 turen som enda officer och hans pistol var det enda vapnet vi hade. Ryttm\u00e4staren sade att vi inte skulle vara r\u00e4dda och att han inte skulle till\u00e5ta att vi tillf\u00e5ngatogs. Han hade tillr\u00e4ckligt m\u00e5nga patroner i sin pistol f\u00f6r att ge oss var och en ett skott i pannan om fienden uppt\u00e4ckte oss. Vi drog en l\u00e4ttnadens suck n\u00e4r \u00e4ntligen dimman skingrades och b\u00e5tf\u00f6raren kunde forts\u00e4tta till Hitis.<\/p>\n<p><strong>Som lotta p\u00e5 f\u00e5ngsjukhus<\/strong><\/p>\n<p>En dag den sommaren bombades Hitis kyrkoby. Stabens huvudbyggnad fick en fulltr\u00e4ff, och kanslilottan som arbetade d\u00e4r omkom. Det var chockerande. Efter att sovjetarm\u00e9n l\u00e4mnat Hang\u00f6 vid jultiden, kom en del av oss som varit stationerade p\u00e5 Hitis \u00f6ver isarna med h\u00e4st och sl\u00e4de till Hang\u00f6. Synen som m\u00f6tte oss var hemsk. H\u00e4stkadaver l\u00e5g vid stranden d\u00e4r vi k\u00f6rde upp. Husens v\u00e5ningar hade fyllts med stora stenar och k\u00e4llarna hade fungerat som bost\u00e4der. Vattenledningarna och sanitetsanordningarna fungerade inte. St\u00e4dpatrullen hade r\u00f6jt upp mycket, men man s\u00e5g nog hur ryssarna hade huserat i staden. Uppr\u00f6jningen, st\u00e4dningen och gatuarbetena fortsatte med fart. Str\u00e4nderna var f\u00f6rbjudet omr\u00e5de, de var minerade. Ett f\u00e5ngl\u00e4ger hade placerats i Hang\u00f6. F\u00e5ngar utf\u00f6rde fr\u00e4mst gatuarbeten. Nu placerades jag p\u00e5 f\u00e5ngsjukhuset som var inrymt i en skola. Patienterna hade infektionssjukdomar och sm\u00e4rre skador som de f\u00e5tt i exempelvis gatuarbetet. Det jag fr\u00e4mst minns \u00e4r att m\u00e5nga av m\u00e4nnen hade b\u00f6lder, i massor. S\u00e5 varje dag tog det l\u00e5ng tid att putsa och l\u00e4gga om de h\u00e4r skavankerna. Jag assisterade ocks\u00e5 p\u00e5 polikliniken. D\u00e4r arbetade en f\u00e5nge, han var farmaceut till yrket. En medicinekandidat var sjukhusets l\u00e4kare.<\/p>\n<p>En dag skulle vi \u00f6ppna en panarit p\u00e5 en av patienterna, en allm\u00e4n blodf\u00f6rgiftning l\u00e5g n\u00e4ra tillhands. En l\u00e4tt narkos beh\u00f6vdes f\u00f6r att \u00e5tg\u00e4rden skulle kunna genomf\u00f6ras, men det fanns ingen eter, endast kloroform. Min uppgift var att ge ruset. Patienten protesterade h\u00f6gljutt. Hans protester togs inte p\u00e5 allvar, patienten bands fast vid b\u00e4dden, farmaceuten droppade kloroform i narkosk\u00e5pan, jag &#8221;greppade&#8221; patientens haka enligt alla konstens regler och h\u00f6ll k\u00e5pan t\u00e4tt \u00f6ver patientens n\u00e4sa och mun. Pl\u00f6tsligt, innan l\u00e4karen hann g\u00f6ra n\u00e5gonting \u00e5t panariten, slutade patienten att andas. Himla makter! D\u00e4r fl\u00f6g k\u00e5pan och instrumentbordet rullade iv\u00e4g av sig sj\u00e4lv. L\u00e4karen och jag b\u00f6rjade ge konstgjord andning (enligt den gamla metoden), farmaceuten s\u00e5g f\u00f6rskr\u00e4ckt p\u00e5. Gudskelov b\u00f6rjade patienten andas igen. Den panariten f\u00f6rblev o\u00f6ppnad, \u00e5tminstone den g\u00e5ngen &#8211; hur det sedan gick med patienten har jag inget minne av. F\u00f6rmodligen hade han f\u00f6rklarat att han inte t\u00e5l kloroform, men farmaceuten, som \u00e4nd\u00e5 f\u00f6rstod vad han sade, trodde att han bara br\u00e5kade. Om mannen hade d\u00f6tt f\u00f6r oss hade vi st\u00e4llts inf\u00f6r krigsr\u00e4tt&#8230;<\/p>\n<p>Jag fick ocks\u00e5 vackra minnen fr\u00e5n f\u00e5ngsjukhuset. Fortfarande kan jag dra mig till minnes hur f\u00e5ngarna l\u00e5g i sina s\u00e4ngar och sj\u00f6ng sina vackra ryska s\u00e5nger, med f\u00f6rs\u00e5ngare och djup k\u00e4nsla. Stenka Rasin minns jag speciellt fr\u00e5n den tiden.<\/p>\n<p>En av f\u00e5ngarna kunde tyska, s\u00e5 medan jag putsade hans b\u00f6lder pratade vi med varandra. Han bodde i Moskva, han sk\u00f6tte maskinen p\u00e5 en biograf. Han ber\u00e4ttade att han fr\u00e5n sitt f\u00f6nster hade utsikt \u00f6ver en park d\u00e4r f\u00e5glarna sj\u00f6ng och n\u00e4r kriget var \u00f6ver skulle han f\u00f6ra mig till Moskva, hemska saker. N\u00e4r jag senare s\u00e5g honom i ett arbetslag som lade gatustenar i stadens centrum, gick jag l\u00e5nga krokv\u00e4gar f\u00f6r att undvika att han skulle se mig. Barnsligt, men jag var bara nyss fyllda 19 \u00e5r &#8211; och p\u00e5 den tiden hade s\u00e4kert f\u00e5 19-\u00e5riga &#8221;familjeflickor&#8217; n\u00e5got hum om realiteter trots alla erfarenheter som kriget gett. V\u00e5ren 1942 gick jag n\u00e5gon m\u00e5nad i skolan och blev &#8221;gratisstudent&#8221;. Efter att skolan var slut fortsatte jag \u00e4nnu i Hang\u00f6 som lotta tills sjuksk\u00f6terskekursen b\u00f6rjade i augusti samma \u00e5r. Det var d\u00e4rmed slut med lottaarbetet f\u00f6r min del. Under kurstiden var jag kommenderad till f\u00e4ltsjukhus som &#8221;tv\u00e5bandare&#8221; (vid andra \u00e5rets b\u00f6rjan i sjuksk\u00f6terskekurs som r\u00e4ckte 3,5 \u00e5r fick man sitt andra bl\u00e5a band p\u00e5 elevm\u00f6ssan). En tid vakade jag p\u00e5 Invalidstiftelsens sjukhus som enda &#8221;sjuksk\u00f6terska&#8221; och hade lottor till hj\u00e4lp, var med om att st\u00e4lla i ordning ett sjukhus f\u00f6r evakuerade i Tr\u00e4sk\u00e4nda mm. Under tredje \u00e5ret gick jag h\u00e4lsosysterkursen som specialisering, vilket f\u00f6rl\u00e4ngde kurstiden med 4 m\u00e5nader. Jag blev dimitterad som h\u00e4lsosyster i december 1945.<\/p>\n<p>Man vande sig p\u00e5 n\u00e5got s\u00e4tt vid att det var krig. Man tog uttryckligen en dag i s\u00e4nder, jobbade p\u00e5 utan att fundera. Och man var uppfylld av k\u00e4nslan att man gjorde sin plikt, man t\u00e4nkte inte ens p\u00e5 att protestera mot n\u00e5gonting.<\/p>\n<p>Men i m\u00e5nga \u00e5r hade jag en \u00e5terkommande mardr\u00f6m: Ett plan kom st\u00f6rtande mot mig d\u00e4r jag gick p\u00e5 en v\u00e4g, och n\u00e4r jag vaknade ur dr\u00f6mmen slog hj\u00e4rtat vilt.<\/p>\n<p><em><strong>Folkh\u00e4lsans Veteranserviceprojekt: Lottor minne<\/strong><\/em><\/p>\n<\/div><\/section>\n","protected":false},"excerpt":{"rendered":"","protected":false},"author":1,"featured_media":0,"parent":5652,"menu_order":1,"comment_status":"closed","ping_status":"closed","template":"","meta":{"footnotes":""},"class_list":["post-5664","page","type-page","status-publish","hentry"],"yoast_head":"<!-- This site is optimized with the Yoast SEO plugin v27.4 - https:\/\/yoast.com\/product\/yoast-seo-wordpress\/ -->\n<title>Luftbevakningen - Veteraanien Perint\u00f6<\/title>\n<meta name=\"robots\" content=\"index, follow, max-snippet:-1, max-image-preview:large, max-video-preview:-1\" \/>\n<link rel=\"canonical\" href=\"https:\/\/veteraanienperinto.fi\/index.php\/sv\/vinterkriget\/vinterkrigets-berattelser\/hemmafronten\/luftbevakningen\/\" \/>\n<meta property=\"og:locale\" content=\"fi_FI\" \/>\n<meta property=\"og:type\" content=\"article\" \/>\n<meta property=\"og:title\" content=\"Luftbevakningen - Veteraanien Perint\u00f6\" \/>\n<meta property=\"og:url\" content=\"https:\/\/veteraanienperinto.fi\/index.php\/sv\/vinterkriget\/vinterkrigets-berattelser\/hemmafronten\/luftbevakningen\/\" \/>\n<meta property=\"og:site_name\" content=\"Veteraanien Perint\u00f6\" \/>\n<meta property=\"article:modified_time\" content=\"2020-12-14T08:08:06+00:00\" \/>\n<meta name=\"twitter:card\" content=\"summary_large_image\" \/>\n<meta name=\"twitter:label1\" content=\"Arvioitu lukuaika\" \/>\n\t<meta name=\"twitter:data1\" content=\"9 minuuttia\" \/>\n<script type=\"application\/ld+json\" class=\"yoast-schema-graph\">{\"@context\":\"https:\\\/\\\/schema.org\",\"@graph\":[{\"@type\":\"WebPage\",\"@id\":\"https:\\\/\\\/veteraanienperinto.fi\\\/index.php\\\/sv\\\/vinterkriget\\\/vinterkrigets-berattelser\\\/hemmafronten\\\/luftbevakningen\\\/\",\"url\":\"https:\\\/\\\/veteraanienperinto.fi\\\/index.php\\\/sv\\\/vinterkriget\\\/vinterkrigets-berattelser\\\/hemmafronten\\\/luftbevakningen\\\/\",\"name\":\"Luftbevakningen - Veteraanien Perint\u00f6\",\"isPartOf\":{\"@id\":\"https:\\\/\\\/veteraanienperinto.fi\\\/#website\"},\"datePublished\":\"2020-11-17T17:02:04+00:00\",\"dateModified\":\"2020-12-14T08:08:06+00:00\",\"breadcrumb\":{\"@id\":\"https:\\\/\\\/veteraanienperinto.fi\\\/index.php\\\/sv\\\/vinterkriget\\\/vinterkrigets-berattelser\\\/hemmafronten\\\/luftbevakningen\\\/#breadcrumb\"},\"inLanguage\":\"fi\",\"potentialAction\":[{\"@type\":\"ReadAction\",\"target\":[\"https:\\\/\\\/veteraanienperinto.fi\\\/index.php\\\/sv\\\/vinterkriget\\\/vinterkrigets-berattelser\\\/hemmafronten\\\/luftbevakningen\\\/\"]}]},{\"@type\":\"BreadcrumbList\",\"@id\":\"https:\\\/\\\/veteraanienperinto.fi\\\/index.php\\\/sv\\\/vinterkriget\\\/vinterkrigets-berattelser\\\/hemmafronten\\\/luftbevakningen\\\/#breadcrumb\",\"itemListElement\":[{\"@type\":\"ListItem\",\"position\":1,\"name\":\"Etusivu\",\"item\":\"https:\\\/\\\/veteraanienperinto.fi\\\/index.php\\\/etusivu-2\\\/\"},{\"@type\":\"ListItem\",\"position\":2,\"name\":\"Vinterkriget\",\"item\":\"https:\\\/\\\/veteraanienperinto.fi\\\/index.php\\\/sv\\\/vinterkriget\\\/\"},{\"@type\":\"ListItem\",\"position\":3,\"name\":\"Vinterkrigets ber\u00e4ttelser\",\"item\":\"https:\\\/\\\/veteraanienperinto.fi\\\/index.php\\\/sv\\\/vinterkriget\\\/vinterkrigets-berattelser\\\/\"},{\"@type\":\"ListItem\",\"position\":4,\"name\":\"Hemmafronten\",\"item\":\"https:\\\/\\\/veteraanienperinto.fi\\\/index.php\\\/sv\\\/vinterkriget\\\/vinterkrigets-berattelser\\\/hemmafronten\\\/\"},{\"@type\":\"ListItem\",\"position\":5,\"name\":\"Luftbevakningen\"}]},{\"@type\":\"WebSite\",\"@id\":\"https:\\\/\\\/veteraanienperinto.fi\\\/#website\",\"url\":\"https:\\\/\\\/veteraanienperinto.fi\\\/\",\"name\":\"Veteraanien Perint\u00f6\",\"description\":\"Kadettikunta\",\"potentialAction\":[{\"@type\":\"SearchAction\",\"target\":{\"@type\":\"EntryPoint\",\"urlTemplate\":\"https:\\\/\\\/veteraanienperinto.fi\\\/?s={search_term_string}\"},\"query-input\":{\"@type\":\"PropertyValueSpecification\",\"valueRequired\":true,\"valueName\":\"search_term_string\"}}],\"inLanguage\":\"fi\"}]}<\/script>\n<!-- \/ Yoast SEO plugin. -->","yoast_head_json":{"title":"Luftbevakningen - Veteraanien Perint\u00f6","robots":{"index":"index","follow":"follow","max-snippet":"max-snippet:-1","max-image-preview":"max-image-preview:large","max-video-preview":"max-video-preview:-1"},"canonical":"https:\/\/veteraanienperinto.fi\/index.php\/sv\/vinterkriget\/vinterkrigets-berattelser\/hemmafronten\/luftbevakningen\/","og_locale":"fi_FI","og_type":"article","og_title":"Luftbevakningen - Veteraanien Perint\u00f6","og_url":"https:\/\/veteraanienperinto.fi\/index.php\/sv\/vinterkriget\/vinterkrigets-berattelser\/hemmafronten\/luftbevakningen\/","og_site_name":"Veteraanien Perint\u00f6","article_modified_time":"2020-12-14T08:08:06+00:00","twitter_card":"summary_large_image","twitter_misc":{"Arvioitu lukuaika":"9 minuuttia"},"schema":{"@context":"https:\/\/schema.org","@graph":[{"@type":"WebPage","@id":"https:\/\/veteraanienperinto.fi\/index.php\/sv\/vinterkriget\/vinterkrigets-berattelser\/hemmafronten\/luftbevakningen\/","url":"https:\/\/veteraanienperinto.fi\/index.php\/sv\/vinterkriget\/vinterkrigets-berattelser\/hemmafronten\/luftbevakningen\/","name":"Luftbevakningen - Veteraanien Perint\u00f6","isPartOf":{"@id":"https:\/\/veteraanienperinto.fi\/#website"},"datePublished":"2020-11-17T17:02:04+00:00","dateModified":"2020-12-14T08:08:06+00:00","breadcrumb":{"@id":"https:\/\/veteraanienperinto.fi\/index.php\/sv\/vinterkriget\/vinterkrigets-berattelser\/hemmafronten\/luftbevakningen\/#breadcrumb"},"inLanguage":"fi","potentialAction":[{"@type":"ReadAction","target":["https:\/\/veteraanienperinto.fi\/index.php\/sv\/vinterkriget\/vinterkrigets-berattelser\/hemmafronten\/luftbevakningen\/"]}]},{"@type":"BreadcrumbList","@id":"https:\/\/veteraanienperinto.fi\/index.php\/sv\/vinterkriget\/vinterkrigets-berattelser\/hemmafronten\/luftbevakningen\/#breadcrumb","itemListElement":[{"@type":"ListItem","position":1,"name":"Etusivu","item":"https:\/\/veteraanienperinto.fi\/index.php\/etusivu-2\/"},{"@type":"ListItem","position":2,"name":"Vinterkriget","item":"https:\/\/veteraanienperinto.fi\/index.php\/sv\/vinterkriget\/"},{"@type":"ListItem","position":3,"name":"Vinterkrigets ber\u00e4ttelser","item":"https:\/\/veteraanienperinto.fi\/index.php\/sv\/vinterkriget\/vinterkrigets-berattelser\/"},{"@type":"ListItem","position":4,"name":"Hemmafronten","item":"https:\/\/veteraanienperinto.fi\/index.php\/sv\/vinterkriget\/vinterkrigets-berattelser\/hemmafronten\/"},{"@type":"ListItem","position":5,"name":"Luftbevakningen"}]},{"@type":"WebSite","@id":"https:\/\/veteraanienperinto.fi\/#website","url":"https:\/\/veteraanienperinto.fi\/","name":"Veteraanien Perint\u00f6","description":"Kadettikunta","potentialAction":[{"@type":"SearchAction","target":{"@type":"EntryPoint","urlTemplate":"https:\/\/veteraanienperinto.fi\/?s={search_term_string}"},"query-input":{"@type":"PropertyValueSpecification","valueRequired":true,"valueName":"search_term_string"}}],"inLanguage":"fi"}]}},"_links":{"self":[{"href":"https:\/\/veteraanienperinto.fi\/index.php\/wp-json\/wp\/v2\/pages\/5664","targetHints":{"allow":["GET"]}}],"collection":[{"href":"https:\/\/veteraanienperinto.fi\/index.php\/wp-json\/wp\/v2\/pages"}],"about":[{"href":"https:\/\/veteraanienperinto.fi\/index.php\/wp-json\/wp\/v2\/types\/page"}],"author":[{"embeddable":true,"href":"https:\/\/veteraanienperinto.fi\/index.php\/wp-json\/wp\/v2\/users\/1"}],"replies":[{"embeddable":true,"href":"https:\/\/veteraanienperinto.fi\/index.php\/wp-json\/wp\/v2\/comments?post=5664"}],"version-history":[{"count":3,"href":"https:\/\/veteraanienperinto.fi\/index.php\/wp-json\/wp\/v2\/pages\/5664\/revisions"}],"predecessor-version":[{"id":7380,"href":"https:\/\/veteraanienperinto.fi\/index.php\/wp-json\/wp\/v2\/pages\/5664\/revisions\/7380"}],"up":[{"embeddable":true,"href":"https:\/\/veteraanienperinto.fi\/index.php\/wp-json\/wp\/v2\/pages\/5652"}],"wp:attachment":[{"href":"https:\/\/veteraanienperinto.fi\/index.php\/wp-json\/wp\/v2\/media?parent=5664"}],"curies":[{"name":"wp","href":"https:\/\/api.w.org\/{rel}","templated":true}]}}