{"id":5677,"date":"2020-11-17T17:10:20","date_gmt":"2020-11-17T17:10:20","guid":{"rendered":"https:\/\/veteraani.ylirotu.fi\/?page_id=5677"},"modified":"2021-01-14T07:45:14","modified_gmt":"2021-01-14T07:45:14","slug":"stamningar-i-helsinge-landskommun-under-vinterkriget","status":"publish","type":"page","link":"https:\/\/veteraanienperinto.fi\/index.php\/sv\/vinterkriget\/vinterkrigets-berattelser\/hemmafronten\/stamningar-i-helsinge-landskommun-under-vinterkriget\/","title":{"rendered":"St\u00e4mningar i Helsinge landskommun under vinterkriget"},"content":{"rendered":"\n<style type=\"text\/css\" data-created_by=\"avia_inline_auto\" id=\"style-css-av-kjwjsi6w-577b27c9053c1d63cb5b391d563e32c7\">\n#top .av-special-heading.av-kjwjsi6w-577b27c9053c1d63cb5b391d563e32c7{\npadding-bottom:10px;\n}\nbody .av-special-heading.av-kjwjsi6w-577b27c9053c1d63cb5b391d563e32c7 .av-special-heading-tag .heading-char{\nfont-size:25px;\n}\n.av-special-heading.av-kjwjsi6w-577b27c9053c1d63cb5b391d563e32c7 .av-subheading{\nfont-size:15px;\n}\n<\/style>\n<div  class='av-special-heading av-kjwjsi6w-577b27c9053c1d63cb5b391d563e32c7 av-special-heading-h3  avia-builder-el-0  el_before_av_textblock  avia-builder-el-first '><h3 class='av-special-heading-tag'  itemprop=\"headline\"  >St\u00e4mningar i Helsinge landskommun under vinterkriget<\/h3><div class=\"special-heading-border\"><div class=\"special-heading-inner-border\"><\/div><\/div><\/div>\n<section  class='av_textblock_section av-kei9w74n-7b0f008125a778f48432b9a614d90d0f '   itemscope=\"itemscope\" itemtype=\"https:\/\/schema.org\/CreativeWork\" ><div class='avia_textblock'  itemprop=\"text\" ><p><strong>Sirkka Borg:<\/strong><\/p>\n<p>I slutet av november h\u00f6ll var och en av oss p\u00e5 med sina sysslor p\u00e5 v\u00e5r lantg\u00e5rd. P\u00e5 f\u00f6rmiddagen hade min mor begett sig till butiken och ber\u00e4ttade andf\u00e5dd d\u00e5 hon kom tillbaka att hon hade h\u00f6rt d\u00e4r att ryssen hade anfallit \u00f6ver gr\u00e4nsen och att Helsingfors hade bombats. Tillsammans med far skyndade jag in och satte p\u00e5 radion. Klockan tolv kom nyheterna, i dessa ber\u00e4ttade man om hur det var. Jag var en 19-\u00e5rig flicka, och inte f\u00f6rstod jag heller helt, vad ett krig betydde.<\/p>\n<p>Man hade varit r\u00e4dd f\u00f6r det, men man hade inte riktigt trott att kriget skulle bryta ut. Man hoppades p\u00e5 det b\u00e4sta, fast\u00e4n s\u00e5 gott som alla vapenf\u00f6ra m\u00e4n hade s\u00e4nts vem vet vart. Det hade inte ber\u00e4ttats, och order till dem hade l\u00e4mnats i nattm\u00f6rkret. Redan det k\u00e4ndes som ett bes\u00f6k av d\u00f6dens \u00e4ngel, och inte pratade man heller om det h\u00f6gljutt. Med svag r\u00f6st fr\u00e5gade man, har redan n\u00e5gon fr\u00e5n er &#8211; eller d\u00e4rifr\u00e5n grannen? M\u00e4nnen for nog pigga och allvarliga iv\u00e4g f\u00f6rst d\u00e5 morgonen grydde.<\/p>\n<p>P\u00e5 eftermiddagen k\u00f6rde min farbrors bil fr\u00e5n Helsingfors in p\u00e5 g\u00e5rden. Ocks\u00e5 hans hustru och min faster var med. I kv\u00e4llsskymningen kom en lastbil med flaket fullt av m\u00e4nniskor. D\u00e4r fanns k\u00e4nda och ok\u00e4nda. Och det kom alltj\u00e4mt fler, ocks\u00e5 till grannarna. Alla s\u00e4ngar var s\u00e5 upptagna att min 10-\u00e5riga syster sov p\u00e5 n\u00e5gra stolar. Min far och mor och jag sov i &#8217;syskonb\u00e4dd&#8217; p\u00e5 k\u00f6ksgolvet. Paniken hade gripit Helsingfors.<\/p>\n<p>Alla bilar som var lediga hade beordrats transportera bort m\u00e4nniskor fr\u00e5n staden. Man visste inte vart det bar, men ut till landsbygden och undan bombningarna. De som f\u00f6rdes till v\u00e5ra trakter, lastades av bilarna p\u00e5 den nuvarande Vandaforsbacken. D\u00e4rifr\u00e5n fick de forts\u00e4tta resan till fots och i nattm\u00f6rkret s\u00f6ka skydd och natth\u00e4rb\u00e4rge i g\u00e5rdarna. Lycklig var den som hade n\u00e5gon bekant eller bekants bekant som man kunde ta sig till. Det fanns ingen g\u00e5rd d\u00e4r de inte skulle ha blivit v\u00e4nligt mottagna. Och de fanns ocks\u00e5 i varje hus. S\u00e4mjan gav plats. Kriget upplevdes som en gemensam olycka. M\u00e4nniskorna bar varandras b\u00f6rdor.<\/p>\n<p>Bomberna dundrade och f\u00f6nstren skakade. D\u00e5 fanns inte Helsingfors-Vanda flygf\u00e4lt. Det fanns bara flygf\u00e4ltet i Malm och det bombades intensivt. Varje nyhetss\u00e4ndning f\u00f6ljdes av alla och nyheterna var uppmuntrande. Till Sj\u00f6skog-Ripuby-omr\u00e5det hade man f\u00e5tt elektricitet f\u00f6rst \u00e5r 1934, s\u00e5 den eldrivna radion var inte s\u00e5 s\u00e4rdeles gammal.<\/p>\n<p>I det skedet var det \u00e4nnu ingen brist p\u00e5 livsmedel. Nytt var den oupph\u00f6rliga str\u00f6mmen av evakuerade. Fr\u00e5n den vintern b\u00f6rjade kvinnorna anv\u00e4nda byxdr\u00e4kter, vilka i de f\u00f6rh\u00e5llandena var mycket praktiska plagg.<\/p>\n<p>D\u00e5 b\u00f6rjade en omfattande handarbetskampanj, jag minns inte p\u00e5 vems initiativ. Fr\u00e5n skolan fick man h\u00e4mta ullgarn f\u00f6r att sticka f\u00f6r arm\u00e9ns r\u00e4kning. Man stickade strumpor, vantar och fingervantar f\u00f6r fyra fingrar, d\u00e4r den h\u00f6gra handens pekfinger skulle stickas bara till f\u00f6rsta leden. Ocks\u00e5 f\u00e4rdigt skr\u00e4ddade flanellsskjorttyg f\u00f6r m\u00e4n bj\u00f6ds ut f\u00f6r att sys. Jag har f\u00f6rundrat mig \u00f6ver &#8221;djungeltelegrafens&#8221; effektivitet, d\u00e5 det inte just fanns telefoner, men med ilfart fick varje flicka och ocks\u00e5 husm\u00f6drarna full fart p\u00e5 stickorna. Det som blev f\u00e4rdigt f\u00f6rdes till skolan, d\u00e4r man fick nya tillbeh\u00f6r. Denna verksamhet sk\u00f6ttes av folkskolans l\u00e4rare Maiju Meti\u00e4inen, en energisk kvinna bakom mycket.<\/p>\n<p>En g\u00e5ng f\u00f6rde jag handarbetena till skolan. Jag hade ocks\u00e5 med mig grannfruns arbeten. Ett vantpar hade av misstag blivit onormalt stort. L\u00e4rarinnan v\u00e4nde p\u00e5 dem med f\u00f6rundran, men funderade sedan att: N\u00e5 kanske de passar bra \u00e5t n\u00e5gon &#8221;Marockos skr\u00e4ck&#8221; (Krigare som k\u00e4mpat i franska fr\u00e4mlingslegionen, och fungerade som kompanichef p\u00e5 Kollaa-avsnittet). S\u00e5 stor var v\u00e5r tro och v\u00e5rt f\u00f6rtroende. Nog klarar sig Finland d\u00e5 vi till och med har Marockos skr\u00e4ck.<\/p>\n<p>Jag fylldes av skr\u00e4ck d\u00e5 jag skidade hem\u00e5t i det klara m\u00e5nskenet. Jag kom ih\u00e5g att jag p\u00e5 dagen h\u00f6rt att man f\u00f6reg\u00e5ende natt skulle ha f\u00e4llt ner tre desanter i den n\u00e4rbel\u00e4gna Kl\u00f6vskogs Skogby. Jag b\u00f6rjade skida mitt p\u00e5 \u00e5krarna och undvek skogsbrynen. Men d\u00e5 blev jag tvungen att ta mig \u00f6ver g\u00e4rdesg\u00e5rdar av taggtr\u00e5d och p\u00e5 dem rev jag s\u00f6nder mina f\u00f6rsta skidbyxor.<\/p>\n<p>Tiden gick och ingenting h\u00f6rdes av desanterna. Man sl\u00f6t sig till att hela saken bara var ett rykte. F\u00f6rst m\u00e5nga \u00e5r senare kom sanningen fram. Man hade nog f\u00e4llt ner desanter men inte i Skogby utan i R\u00f6ykk\u00e4. Och de var inte tre utan en. Det var den d\u00e4r Kerttu Nuorteva, som sedan reste till Hella Wuolijokis herrg\u00e5rd i Tr\u00e4sk\u00e4nda.<\/p>\n<p>Efter julen kunde de evakuerade \u00e5terv\u00e4nda till sina hem i Helsingfors. Arbetslivet beh\u00f6vde dem och de beh\u00f6vde s\u00e4kert inkomster. Man liksom vande sig vid kriget, och livet anpassades till f\u00f6rh\u00e5llandena.<\/p>\n<p>I Vanda fanns d\u00e5 en svenskspr\u00e5kig Lottaorganisation. Det f\u00f6ll inte oss finskspr\u00e5kiga in att vi skulle ha anslutit oss till dem trots att det inte r\u00e5dde den minsta friktion mellan oss. Vi utf\u00f6rde bara v\u00e5rt eget talkoarbete under v\u00e5r l\u00e4rarinnas ledning. Ocks\u00e5 de evakuerade gjorde paket till den ok\u00e4nda soldaten. Jag minns hur det harmade mig d\u00e5 en helsingforsbo tackade mig f\u00f6r mitt f\u00f6rsta paket (en fr\u00e5n skyddsk\u00e5rsavdelningen som i det skedet \u00e4nnu utbildades). D\u00e4refter skrev vi alltid som adress p\u00e5 paketen: till fr\u00e4msta linjen. Paketen inneh\u00f6ll t.ex. strumpor eller vantar, halsv\u00e4rmare och skorpor, ocks\u00e5 \u00e4pplen d\u00e5 s\u00e5dana fanns.<\/p>\n<p>Det blev trettonde mars 1940, dagen f\u00f6r freden. Jag var i stugan p\u00e5 g\u00e5rden och v\u00e4vde min f\u00f6rsta trasmatta. Min mormor stack sig ofta in och tittade och pratade. S\u00e5 ocks\u00e5 den 13 mars. D\u00e5 kom hon riktigt flygande. H\u00f6rdu Sirkka! Nu har det blivit fred, freden har kommit! Hon satte sig p\u00e5 en stol och b\u00f6rjade f\u00f6rklara och jag lyssnade andl\u00f6st.<\/p>\n<p>Mormor f\u00f6rklarade fredsvillkoren, och ju l\u00e4ngre hon pratade desto kallare blev jag. Jag sade att villkoren var hemska, om\u00f6jliga, ohyggliga. Och jag gr\u00e4t. Farmor ville inte t\u00e4nka saken p\u00e5 det s\u00e4ttet. Hon var en positiv optimist. Hon uppmanade mig bet\u00e4nka hur m\u00e5nga m\u00e4n som skulle stupa om kriget fortsatte.<\/p>\n<p>&#8211; Och t\u00e4nk, alla evakuerade (s\u00e5ledes hennes barn med familjer) f\u00e5r komma hem.<\/p>\n<p>&#8211; Och minstingen, Veikko-pojken kommer fr\u00e5n kriget!<\/p>\n<p>N\u00e5, farmors barn med familjer kom nog till sina hem, men Veikko kom inte. Flera dagar senare kom ett brev n\u00e5gonstans ifr\u00e5n: &#8221;Det \u00e4r min tunga plikt att meddela, att Er son&#8230;&#8221; osv. Min 23-\u00e5riga morbror, min gulliga Stor-Veikko blev kvar i S\u00e4kkij\u00e4rvis Nisalahti f\u00f6r evigt.<\/p>\n<p>Efter\u00e5t fick vi p\u00e5 beg\u00e4ran en noggrannare f\u00f6rklaring. Pansarvagnar som kom p\u00e5 isen fr\u00e5n sj\u00f6sidan hade kommit \u00e5t att falla finl\u00e4ndarna i ryggen. De sk\u00f6t Veikko, som tillsammans med sina kamrater frivilligt hade erbjudit sig att f\u00f6ra dr Lauri Kalajas, Mannerheims livmedikus, bil till verkstaden. Man fick sedan deras kroppar f\u00f6rda till ett skjul som inr\u00e4ttats till b\u00e5rhus. Det tr\u00e4ffades av en brandbomb. Ingenting blev kvar.<\/p>\n<p>Freden firades med flaggorna p\u00e5 halvst\u00e5ng. Det k\u00e4ndes som om ocks\u00e5 hela naturen skulle ha protesterat. Aldrig n\u00e5gonsin hade man i dessa trakter sett s\u00e5dana norrsken som p\u00e5 v\u00e5rvintern 1940, d\u00e5 halva himlen sprakade och flammade. Det k\u00e4ndes skr\u00e4mmande och olycksb\u00e5dande. Inte heller \u00e5ldringarna hade n\u00e5gonsin sett n\u00e5got s\u00e5dant. Kanske den rekordartade k\u00f6ldvintern, med upptill -45 grader \u00e5stadkom detta. D\u00e5 sedan v\u00e5ren s\u00e5 sm\u00e5ningom kom, s\u00e5g man frostskadorna. Plommon- och \u00e4ppeltr\u00e4d var f\u00f6rlorade. Till och med tr\u00e4den i parkerna stod svarta. Av l\u00f6nnarna blev endast stammarna vid liv, d\u00e5 de d\u00f6da kvistarna s\u00e5gats bort.<\/p>\n<p>Det blev morsdag ocks\u00e5 det \u00e5ret. Enligt den tidens sed firades den inom den egna bykretsen s\u00e5 att g\u00e5rdarna turades om att ordna den i m\u00e5n av m\u00f6jlighet. Ortens flickor bakade och av pojkarna samlade man in pengar f\u00f6r tillbeh\u00f6ren. Barnen samlade sippor i skogen och varje mor fick en blombukett i barmen. St\u00e4mningen var alltid festlig. G\u00e5rdens dotter h\u00f6ll v\u00e4lkomsttalet. Det \u00e5ret l\u00e4ste jag en festdikt med namnet &#8221;Sankari\u00e4ideille\/Till hj\u00e4ltem\u00f6drarna&#8221;. F\u00f6rfattaren minns jag inte l\u00e4ngre. Jag minns bara en strof av den: &#8221;Loistaa uhriliekin lailla, ristirivit kirkkomailla\/Lyser som offerl\u00e5gan, korsraderna p\u00e5 kyrkog\u00e5rdarna.&#8221;<\/p>\n<p>D\u00e4r satt de, hj\u00e4ltem\u00f6drarna, p\u00e5 f\u00f6rsta raden naturligtvis. Mina \u00f6gon f\u00f6rdunklades och det bildades liksom en ring kring de tv\u00e5 m\u00f6drar som satt i mitten. Den ena av dem var min farmor som f\u00f6rlorat sin \u00e5lderdoms trygghet, det yngsta av sina barn. Den andra var granng\u00e5rdens husmor som hade f\u00f6rlorat sitt enda barn, som just blivit f\u00e4rdig domare, sitt allt.<\/p>\n<p>De gr\u00e4t inte h\u00f6gt, j\u00e4mrade sig inte och gjorde inget v\u00e4sen av sin sorg. De b\u00f6jdes men kn\u00e4cktes inte. Jag tror att just p\u00e5 det s\u00e4ttet bar alla Finlands hj\u00e4ltem\u00f6drar sina sm\u00e4rtor. Ocks\u00e5 de var hj\u00e4ltar.<\/p>\n<\/div><\/section>\n","protected":false},"excerpt":{"rendered":"","protected":false},"author":1,"featured_media":0,"parent":5652,"menu_order":4,"comment_status":"closed","ping_status":"closed","template":"","meta":{"footnotes":""},"class_list":["post-5677","page","type-page","status-publish","hentry"],"yoast_head":"<!-- This site is optimized with the Yoast SEO plugin v27.4 - https:\/\/yoast.com\/product\/yoast-seo-wordpress\/ -->\n<title>St\u00e4mningar i Helsinge landskommun under vinterkriget - Veteraanien Perint\u00f6<\/title>\n<meta name=\"robots\" content=\"index, follow, max-snippet:-1, max-image-preview:large, max-video-preview:-1\" \/>\n<link rel=\"canonical\" href=\"https:\/\/veteraanienperinto.fi\/index.php\/sv\/vinterkriget\/vinterkrigets-berattelser\/hemmafronten\/stamningar-i-helsinge-landskommun-under-vinterkriget\/\" \/>\n<meta property=\"og:locale\" content=\"fi_FI\" \/>\n<meta property=\"og:type\" content=\"article\" \/>\n<meta property=\"og:title\" content=\"St\u00e4mningar i Helsinge landskommun under vinterkriget - Veteraanien Perint\u00f6\" \/>\n<meta property=\"og:url\" content=\"https:\/\/veteraanienperinto.fi\/index.php\/sv\/vinterkriget\/vinterkrigets-berattelser\/hemmafronten\/stamningar-i-helsinge-landskommun-under-vinterkriget\/\" \/>\n<meta property=\"og:site_name\" content=\"Veteraanien Perint\u00f6\" \/>\n<meta property=\"article:modified_time\" content=\"2021-01-14T07:45:14+00:00\" \/>\n<meta name=\"twitter:card\" content=\"summary_large_image\" \/>\n<meta name=\"twitter:label1\" content=\"Arvioitu lukuaika\" \/>\n\t<meta name=\"twitter:data1\" content=\"9 minuuttia\" \/>\n<script type=\"application\/ld+json\" class=\"yoast-schema-graph\">{\"@context\":\"https:\\\/\\\/schema.org\",\"@graph\":[{\"@type\":\"WebPage\",\"@id\":\"https:\\\/\\\/veteraanienperinto.fi\\\/index.php\\\/sv\\\/vinterkriget\\\/vinterkrigets-berattelser\\\/hemmafronten\\\/stamningar-i-helsinge-landskommun-under-vinterkriget\\\/\",\"url\":\"https:\\\/\\\/veteraanienperinto.fi\\\/index.php\\\/sv\\\/vinterkriget\\\/vinterkrigets-berattelser\\\/hemmafronten\\\/stamningar-i-helsinge-landskommun-under-vinterkriget\\\/\",\"name\":\"St\u00e4mningar i Helsinge landskommun under vinterkriget - Veteraanien Perint\u00f6\",\"isPartOf\":{\"@id\":\"https:\\\/\\\/veteraanienperinto.fi\\\/#website\"},\"datePublished\":\"2020-11-17T17:10:20+00:00\",\"dateModified\":\"2021-01-14T07:45:14+00:00\",\"breadcrumb\":{\"@id\":\"https:\\\/\\\/veteraanienperinto.fi\\\/index.php\\\/sv\\\/vinterkriget\\\/vinterkrigets-berattelser\\\/hemmafronten\\\/stamningar-i-helsinge-landskommun-under-vinterkriget\\\/#breadcrumb\"},\"inLanguage\":\"fi\",\"potentialAction\":[{\"@type\":\"ReadAction\",\"target\":[\"https:\\\/\\\/veteraanienperinto.fi\\\/index.php\\\/sv\\\/vinterkriget\\\/vinterkrigets-berattelser\\\/hemmafronten\\\/stamningar-i-helsinge-landskommun-under-vinterkriget\\\/\"]}]},{\"@type\":\"BreadcrumbList\",\"@id\":\"https:\\\/\\\/veteraanienperinto.fi\\\/index.php\\\/sv\\\/vinterkriget\\\/vinterkrigets-berattelser\\\/hemmafronten\\\/stamningar-i-helsinge-landskommun-under-vinterkriget\\\/#breadcrumb\",\"itemListElement\":[{\"@type\":\"ListItem\",\"position\":1,\"name\":\"Etusivu\",\"item\":\"https:\\\/\\\/veteraanienperinto.fi\\\/index.php\\\/etusivu-2\\\/\"},{\"@type\":\"ListItem\",\"position\":2,\"name\":\"Vinterkriget\",\"item\":\"https:\\\/\\\/veteraanienperinto.fi\\\/index.php\\\/sv\\\/vinterkriget\\\/\"},{\"@type\":\"ListItem\",\"position\":3,\"name\":\"Vinterkrigets ber\u00e4ttelser\",\"item\":\"https:\\\/\\\/veteraanienperinto.fi\\\/index.php\\\/sv\\\/vinterkriget\\\/vinterkrigets-berattelser\\\/\"},{\"@type\":\"ListItem\",\"position\":4,\"name\":\"Hemmafronten\",\"item\":\"https:\\\/\\\/veteraanienperinto.fi\\\/index.php\\\/sv\\\/vinterkriget\\\/vinterkrigets-berattelser\\\/hemmafronten\\\/\"},{\"@type\":\"ListItem\",\"position\":5,\"name\":\"St\u00e4mningar i Helsinge landskommun under vinterkriget\"}]},{\"@type\":\"WebSite\",\"@id\":\"https:\\\/\\\/veteraanienperinto.fi\\\/#website\",\"url\":\"https:\\\/\\\/veteraanienperinto.fi\\\/\",\"name\":\"Veteraanien Perint\u00f6\",\"description\":\"Kadettikunta\",\"potentialAction\":[{\"@type\":\"SearchAction\",\"target\":{\"@type\":\"EntryPoint\",\"urlTemplate\":\"https:\\\/\\\/veteraanienperinto.fi\\\/?s={search_term_string}\"},\"query-input\":{\"@type\":\"PropertyValueSpecification\",\"valueRequired\":true,\"valueName\":\"search_term_string\"}}],\"inLanguage\":\"fi\"}]}<\/script>\n<!-- \/ Yoast SEO plugin. -->","yoast_head_json":{"title":"St\u00e4mningar i Helsinge landskommun under vinterkriget - Veteraanien Perint\u00f6","robots":{"index":"index","follow":"follow","max-snippet":"max-snippet:-1","max-image-preview":"max-image-preview:large","max-video-preview":"max-video-preview:-1"},"canonical":"https:\/\/veteraanienperinto.fi\/index.php\/sv\/vinterkriget\/vinterkrigets-berattelser\/hemmafronten\/stamningar-i-helsinge-landskommun-under-vinterkriget\/","og_locale":"fi_FI","og_type":"article","og_title":"St\u00e4mningar i Helsinge landskommun under vinterkriget - Veteraanien Perint\u00f6","og_url":"https:\/\/veteraanienperinto.fi\/index.php\/sv\/vinterkriget\/vinterkrigets-berattelser\/hemmafronten\/stamningar-i-helsinge-landskommun-under-vinterkriget\/","og_site_name":"Veteraanien Perint\u00f6","article_modified_time":"2021-01-14T07:45:14+00:00","twitter_card":"summary_large_image","twitter_misc":{"Arvioitu lukuaika":"9 minuuttia"},"schema":{"@context":"https:\/\/schema.org","@graph":[{"@type":"WebPage","@id":"https:\/\/veteraanienperinto.fi\/index.php\/sv\/vinterkriget\/vinterkrigets-berattelser\/hemmafronten\/stamningar-i-helsinge-landskommun-under-vinterkriget\/","url":"https:\/\/veteraanienperinto.fi\/index.php\/sv\/vinterkriget\/vinterkrigets-berattelser\/hemmafronten\/stamningar-i-helsinge-landskommun-under-vinterkriget\/","name":"St\u00e4mningar i Helsinge landskommun under vinterkriget - Veteraanien Perint\u00f6","isPartOf":{"@id":"https:\/\/veteraanienperinto.fi\/#website"},"datePublished":"2020-11-17T17:10:20+00:00","dateModified":"2021-01-14T07:45:14+00:00","breadcrumb":{"@id":"https:\/\/veteraanienperinto.fi\/index.php\/sv\/vinterkriget\/vinterkrigets-berattelser\/hemmafronten\/stamningar-i-helsinge-landskommun-under-vinterkriget\/#breadcrumb"},"inLanguage":"fi","potentialAction":[{"@type":"ReadAction","target":["https:\/\/veteraanienperinto.fi\/index.php\/sv\/vinterkriget\/vinterkrigets-berattelser\/hemmafronten\/stamningar-i-helsinge-landskommun-under-vinterkriget\/"]}]},{"@type":"BreadcrumbList","@id":"https:\/\/veteraanienperinto.fi\/index.php\/sv\/vinterkriget\/vinterkrigets-berattelser\/hemmafronten\/stamningar-i-helsinge-landskommun-under-vinterkriget\/#breadcrumb","itemListElement":[{"@type":"ListItem","position":1,"name":"Etusivu","item":"https:\/\/veteraanienperinto.fi\/index.php\/etusivu-2\/"},{"@type":"ListItem","position":2,"name":"Vinterkriget","item":"https:\/\/veteraanienperinto.fi\/index.php\/sv\/vinterkriget\/"},{"@type":"ListItem","position":3,"name":"Vinterkrigets ber\u00e4ttelser","item":"https:\/\/veteraanienperinto.fi\/index.php\/sv\/vinterkriget\/vinterkrigets-berattelser\/"},{"@type":"ListItem","position":4,"name":"Hemmafronten","item":"https:\/\/veteraanienperinto.fi\/index.php\/sv\/vinterkriget\/vinterkrigets-berattelser\/hemmafronten\/"},{"@type":"ListItem","position":5,"name":"St\u00e4mningar i Helsinge landskommun under vinterkriget"}]},{"@type":"WebSite","@id":"https:\/\/veteraanienperinto.fi\/#website","url":"https:\/\/veteraanienperinto.fi\/","name":"Veteraanien Perint\u00f6","description":"Kadettikunta","potentialAction":[{"@type":"SearchAction","target":{"@type":"EntryPoint","urlTemplate":"https:\/\/veteraanienperinto.fi\/?s={search_term_string}"},"query-input":{"@type":"PropertyValueSpecification","valueRequired":true,"valueName":"search_term_string"}}],"inLanguage":"fi"}]}},"_links":{"self":[{"href":"https:\/\/veteraanienperinto.fi\/index.php\/wp-json\/wp\/v2\/pages\/5677","targetHints":{"allow":["GET"]}}],"collection":[{"href":"https:\/\/veteraanienperinto.fi\/index.php\/wp-json\/wp\/v2\/pages"}],"about":[{"href":"https:\/\/veteraanienperinto.fi\/index.php\/wp-json\/wp\/v2\/types\/page"}],"author":[{"embeddable":true,"href":"https:\/\/veteraanienperinto.fi\/index.php\/wp-json\/wp\/v2\/users\/1"}],"replies":[{"embeddable":true,"href":"https:\/\/veteraanienperinto.fi\/index.php\/wp-json\/wp\/v2\/comments?post=5677"}],"version-history":[{"count":4,"href":"https:\/\/veteraanienperinto.fi\/index.php\/wp-json\/wp\/v2\/pages\/5677\/revisions"}],"predecessor-version":[{"id":9464,"href":"https:\/\/veteraanienperinto.fi\/index.php\/wp-json\/wp\/v2\/pages\/5677\/revisions\/9464"}],"up":[{"embeddable":true,"href":"https:\/\/veteraanienperinto.fi\/index.php\/wp-json\/wp\/v2\/pages\/5652"}],"wp:attachment":[{"href":"https:\/\/veteraanienperinto.fi\/index.php\/wp-json\/wp\/v2\/media?parent=5677"}],"curies":[{"name":"wp","href":"https:\/\/api.w.org\/{rel}","templated":true}]}}