{"id":573,"date":"2020-08-29T10:30:02","date_gmt":"2020-08-29T10:30:02","guid":{"rendered":"https:\/\/veteraani.ylirotu.fi\/?page_id=573"},"modified":"2021-01-18T17:35:27","modified_gmt":"2021-01-18T17:35:27","slug":"aseveliliike","status":"publish","type":"page","link":"https:\/\/veteraanienperinto.fi\/index.php\/tietopankit\/muita-jarjestoja\/aseveliliike\/","title":{"rendered":"Aseveliliike"},"content":{"rendered":"<div id='full_slider_1'  class='avia-fullwidth-slider main_color avia-shadow   avia-builder-el-0  el_before_av_heading  avia-builder-el-first   container_wrap sidebar_right'  ><\/div><div id='after_full_slider_1'  class='main_color av_default_container_wrap container_wrap sidebar_right'  ><div class='container av-section-cont-open' ><div class='template-page content  av-content-small alpha units'><div class='post-entry post-entry-type-page post-entry-573'><div class='entry-content-wrapper clearfix'>\n\n<style type=\"text\/css\" data-created_by=\"avia_inline_auto\" id=\"style-css-av-kk2un382-b7e64d75087701dcb92d68ed9a8cad2c\">\n#top .av-special-heading.av-kk2un382-b7e64d75087701dcb92d68ed9a8cad2c{\npadding-bottom:10px;\n}\nbody .av-special-heading.av-kk2un382-b7e64d75087701dcb92d68ed9a8cad2c .av-special-heading-tag .heading-char{\nfont-size:25px;\n}\n.av-special-heading.av-kk2un382-b7e64d75087701dcb92d68ed9a8cad2c .av-subheading{\nfont-size:15px;\n}\n<\/style>\n<div  class='av-special-heading av-kk2un382-b7e64d75087701dcb92d68ed9a8cad2c av-special-heading-h2  avia-builder-el-1  el_after_av_slideshow_full  el_before_av_textblock  avia-builder-el-first '><h2 class='av-special-heading-tag'  itemprop=\"headline\"  >Aseveliliike<\/h2><div class=\"special-heading-border\"><div class=\"special-heading-inner-border\"><\/div><\/div><\/div>\n<section  class='av_textblock_section av-8tp65-50aaae9f298e0dfd5db1fb7eefcd0e7a '   itemscope=\"itemscope\" itemtype=\"https:\/\/schema.org\/CreativeWork\" ><div class='avia_textblock'  itemprop=\"text\" ><p>Talvisota yhdisti Suomen kansan ja loi voimakkaan yhteenkuuluvuuden tunteen, joka jatkui sotatoimien p\u00e4\u00e4ttymisen j\u00e4lkeen. Kotiuttamisvaiheessa talvisodan sotilaat perustivat yhdistyksi\u00e4 yll\u00e4pit\u00e4m\u00e4\u00e4n koettua aseveljeytt\u00e4. Aseveliyhdistysten keskusj\u00e4rjest\u00f6ksi perustettiin Suomen Aseveljien Liitto (SAL) elokuussa 1940. Sotavuosien aikana t\u00e4m\u00e4 oli keskeinen kansalaisj\u00e4rjest\u00f6 maassamme.<\/p>\n<p>Siihen kuului lopulta 710 yhdistyst\u00e4, noin 200 000 asevelje\u00e4 ja l\u00e4hes 40 000 asevelinaista. Merkitt\u00e4v\u00e4\u00e4 oli se, ett\u00e4 liiton j\u00e4senist\u00f6 ja johto koostuivat laajasti eri kansalaispiireist\u00e4 ja poliittisista n\u00e4kemyksist\u00e4. Yhdist\u00e4v\u00e4 tekij\u00e4 oli ennen kaikkea asevelihenki, jota luonnehdittiin kansan henkiseksi selk\u00e4rangaksi. Liiton johto oli nuorta ja siihen ei valittu esimerkiksi talvisotaan osallistumattomia poliitikkoja. Monet liiton johdossa olleet nousivat sodan j\u00e4lkeen hyvin merkitt\u00e4viin asemiin Suomen poliittisessa el\u00e4m\u00e4ss\u00e4 ja muualla yhteiskunnassa.<\/p>\n<p>Asevelihenkeen liittyv\u00e4n yhteenkuuluvuuden katsottiin velvoittavan kansalaisia pyyteett\u00f6m\u00e4\u00e4n rehelliseen ty\u00f6h\u00f6n yhteisen edun nimiss\u00e4 ja vastuuntuntoon sodassa k\u00e4rsineiden l\u00e4himm\u00e4isten auttamiseksi. K\u00e4yt\u00e4nn\u00f6ss\u00e4 t\u00e4m\u00e4 tarkoitti hyvin laajamittaista talkootoimintaa ja huoltoty\u00f6t\u00e4 sek\u00e4 henkisen rintaman vahvistamista. Aseveliliiton toiminta loi suomalaiseen yhteiskuntaan uuden n\u00e4kemyksen sosiaalisesta oikeudenmukaisuudesta painottamalla voimakkaasti kaikessa toiminnassa sit\u00e4, ett\u00e4 kaikkien oli yhteisvastuullisesti kannettava huolta sodan uhreista. Erityisen n\u00e4kyv\u00e4\u00e4 liiton toiminnassa oli talkootoiminnan j\u00e4rjestely sek\u00e4 kotirintamalla ett\u00e4 rintamajoukoissa. Sill\u00e4 oli hyvin merkitt\u00e4vien aineellisten tulosten lis\u00e4ksi voimakas henkinen ja kasvattava yhteiskunnallinen vaikutus. Erilaisista l\u00e4ht\u00f6kohdista per\u00e4isin olevat ihmiset tekiv\u00e4t nyt ty\u00f6t\u00e4 yhteisen hyv\u00e4n puolesta ilman itsekk\u00e4it\u00e4 tavoitteita.<\/p>\n<p>Jatkosodan p\u00e4\u00e4tytty\u00e4 aseveliliikkeell\u00e4 oli edelleen suuri merkitys kansan siirtyess\u00e4 sodasta rauhaan. Aseveliliitolla oli syyskuussa 1944 valmis yksityiskohtainen toimenpideohjelma siit\u00e4, miten siirtyminen tulisi toteuttaa. Vaikka Suomen Aseveljien Liitto vetosi ep\u00e4poliittisuuteensa ja juuri nyt \u00e4\u00e4rimm\u00e4isen t\u00e4rke\u00e4n huoltoty\u00f6ns\u00e4 merkitykseen, se jouduttiin lakkauttamaan kommunistien ja valvontakomission painostuksesta. Liiton lakkauttaminen ei kuitenkaan lopettanut asevelihenke\u00e4. Yhteiskuntarauha s\u00e4ilyi yll\u00e4tt\u00e4v\u00e4n hyvin sodan j\u00e4lkeisess\u00e4 vaikeassa murrosvaiheessa. P\u00e4\u00e4osa kansasta toimi edelleenkin yksimielisen\u00e4 yhteisen p\u00e4\u00e4m\u00e4\u00e4r\u00e4n hyv\u00e4ksi niin rauhaan siirtymisvaiheessa kuin j\u00e4lleenrakentamisessakin.<\/p>\n<\/div><\/section>\n","protected":false},"excerpt":{"rendered":"","protected":false},"author":1,"featured_media":0,"parent":105,"menu_order":2,"comment_status":"closed","ping_status":"closed","template":"","meta":{"footnotes":""},"class_list":["post-573","page","type-page","status-publish","hentry"],"yoast_head":"<!-- This site is optimized with the Yoast SEO plugin v27.6 - https:\/\/yoast.com\/product\/yoast-seo-wordpress\/ -->\n<title>Aseveliliike - Veteraanien Perint\u00f6<\/title>\n<meta name=\"robots\" content=\"index, follow, max-snippet:-1, max-image-preview:large, max-video-preview:-1\" \/>\n<link rel=\"canonical\" href=\"https:\/\/veteraanienperinto.fi\/index.php\/tietopankit\/muita-jarjestoja\/aseveliliike\/\" \/>\n<meta property=\"og:locale\" content=\"fi_FI\" \/>\n<meta property=\"og:type\" content=\"article\" \/>\n<meta property=\"og:title\" content=\"Aseveliliike - Veteraanien Perint\u00f6\" \/>\n<meta property=\"og:url\" content=\"https:\/\/veteraanienperinto.fi\/index.php\/tietopankit\/muita-jarjestoja\/aseveliliike\/\" \/>\n<meta property=\"og:site_name\" content=\"Veteraanien Perint\u00f6\" \/>\n<meta property=\"article:modified_time\" content=\"2021-01-18T17:35:27+00:00\" \/>\n<meta name=\"twitter:card\" content=\"summary_large_image\" \/>\n<meta name=\"twitter:label1\" content=\"Arvioitu lukuaika\" \/>\n\t<meta name=\"twitter:data1\" content=\"2 minuuttia\" \/>\n<script type=\"application\/ld+json\" class=\"yoast-schema-graph\">{\"@context\":\"https:\\\/\\\/schema.org\",\"@graph\":[{\"@type\":\"WebPage\",\"@id\":\"https:\\\/\\\/veteraanienperinto.fi\\\/index.php\\\/tietopankit\\\/muita-jarjestoja\\\/aseveliliike\\\/\",\"url\":\"https:\\\/\\\/veteraanienperinto.fi\\\/index.php\\\/tietopankit\\\/muita-jarjestoja\\\/aseveliliike\\\/\",\"name\":\"Aseveliliike - Veteraanien Perint\u00f6\",\"isPartOf\":{\"@id\":\"https:\\\/\\\/veteraanienperinto.fi\\\/#website\"},\"datePublished\":\"2020-08-29T10:30:02+00:00\",\"dateModified\":\"2021-01-18T17:35:27+00:00\",\"breadcrumb\":{\"@id\":\"https:\\\/\\\/veteraanienperinto.fi\\\/index.php\\\/tietopankit\\\/muita-jarjestoja\\\/aseveliliike\\\/#breadcrumb\"},\"inLanguage\":\"fi\",\"potentialAction\":[{\"@type\":\"ReadAction\",\"target\":[\"https:\\\/\\\/veteraanienperinto.fi\\\/index.php\\\/tietopankit\\\/muita-jarjestoja\\\/aseveliliike\\\/\"]}]},{\"@type\":\"BreadcrumbList\",\"@id\":\"https:\\\/\\\/veteraanienperinto.fi\\\/index.php\\\/tietopankit\\\/muita-jarjestoja\\\/aseveliliike\\\/#breadcrumb\",\"itemListElement\":[{\"@type\":\"ListItem\",\"position\":1,\"name\":\"Etusivu\",\"item\":\"https:\\\/\\\/veteraanienperinto.fi\\\/index.php\\\/etusivu-2\\\/\"},{\"@type\":\"ListItem\",\"position\":2,\"name\":\"Tietopankit\",\"item\":\"https:\\\/\\\/veteraanienperinto.fi\\\/index.php\\\/tietopankit\\\/\"},{\"@type\":\"ListItem\",\"position\":3,\"name\":\"Muita j\u00e4rjest\u00f6j\u00e4\",\"item\":\"https:\\\/\\\/veteraanienperinto.fi\\\/index.php\\\/tietopankit\\\/muita-jarjestoja\\\/\"},{\"@type\":\"ListItem\",\"position\":4,\"name\":\"Aseveliliike\"}]},{\"@type\":\"WebSite\",\"@id\":\"https:\\\/\\\/veteraanienperinto.fi\\\/#website\",\"url\":\"https:\\\/\\\/veteraanienperinto.fi\\\/\",\"name\":\"Veteraanien Perint\u00f6\",\"description\":\"Kadettikunta\",\"potentialAction\":[{\"@type\":\"SearchAction\",\"target\":{\"@type\":\"EntryPoint\",\"urlTemplate\":\"https:\\\/\\\/veteraanienperinto.fi\\\/?s={search_term_string}\"},\"query-input\":{\"@type\":\"PropertyValueSpecification\",\"valueRequired\":true,\"valueName\":\"search_term_string\"}}],\"inLanguage\":\"fi\"}]}<\/script>\n<!-- \/ Yoast SEO plugin. -->","yoast_head_json":{"title":"Aseveliliike - Veteraanien Perint\u00f6","robots":{"index":"index","follow":"follow","max-snippet":"max-snippet:-1","max-image-preview":"max-image-preview:large","max-video-preview":"max-video-preview:-1"},"canonical":"https:\/\/veteraanienperinto.fi\/index.php\/tietopankit\/muita-jarjestoja\/aseveliliike\/","og_locale":"fi_FI","og_type":"article","og_title":"Aseveliliike - Veteraanien Perint\u00f6","og_url":"https:\/\/veteraanienperinto.fi\/index.php\/tietopankit\/muita-jarjestoja\/aseveliliike\/","og_site_name":"Veteraanien Perint\u00f6","article_modified_time":"2021-01-18T17:35:27+00:00","twitter_card":"summary_large_image","twitter_misc":{"Arvioitu lukuaika":"2 minuuttia"},"schema":{"@context":"https:\/\/schema.org","@graph":[{"@type":"WebPage","@id":"https:\/\/veteraanienperinto.fi\/index.php\/tietopankit\/muita-jarjestoja\/aseveliliike\/","url":"https:\/\/veteraanienperinto.fi\/index.php\/tietopankit\/muita-jarjestoja\/aseveliliike\/","name":"Aseveliliike - Veteraanien Perint\u00f6","isPartOf":{"@id":"https:\/\/veteraanienperinto.fi\/#website"},"datePublished":"2020-08-29T10:30:02+00:00","dateModified":"2021-01-18T17:35:27+00:00","breadcrumb":{"@id":"https:\/\/veteraanienperinto.fi\/index.php\/tietopankit\/muita-jarjestoja\/aseveliliike\/#breadcrumb"},"inLanguage":"fi","potentialAction":[{"@type":"ReadAction","target":["https:\/\/veteraanienperinto.fi\/index.php\/tietopankit\/muita-jarjestoja\/aseveliliike\/"]}]},{"@type":"BreadcrumbList","@id":"https:\/\/veteraanienperinto.fi\/index.php\/tietopankit\/muita-jarjestoja\/aseveliliike\/#breadcrumb","itemListElement":[{"@type":"ListItem","position":1,"name":"Etusivu","item":"https:\/\/veteraanienperinto.fi\/index.php\/etusivu-2\/"},{"@type":"ListItem","position":2,"name":"Tietopankit","item":"https:\/\/veteraanienperinto.fi\/index.php\/tietopankit\/"},{"@type":"ListItem","position":3,"name":"Muita j\u00e4rjest\u00f6j\u00e4","item":"https:\/\/veteraanienperinto.fi\/index.php\/tietopankit\/muita-jarjestoja\/"},{"@type":"ListItem","position":4,"name":"Aseveliliike"}]},{"@type":"WebSite","@id":"https:\/\/veteraanienperinto.fi\/#website","url":"https:\/\/veteraanienperinto.fi\/","name":"Veteraanien Perint\u00f6","description":"Kadettikunta","potentialAction":[{"@type":"SearchAction","target":{"@type":"EntryPoint","urlTemplate":"https:\/\/veteraanienperinto.fi\/?s={search_term_string}"},"query-input":{"@type":"PropertyValueSpecification","valueRequired":true,"valueName":"search_term_string"}}],"inLanguage":"fi"}]}},"_links":{"self":[{"href":"https:\/\/veteraanienperinto.fi\/index.php\/wp-json\/wp\/v2\/pages\/573","targetHints":{"allow":["GET"]}}],"collection":[{"href":"https:\/\/veteraanienperinto.fi\/index.php\/wp-json\/wp\/v2\/pages"}],"about":[{"href":"https:\/\/veteraanienperinto.fi\/index.php\/wp-json\/wp\/v2\/types\/page"}],"author":[{"embeddable":true,"href":"https:\/\/veteraanienperinto.fi\/index.php\/wp-json\/wp\/v2\/users\/1"}],"replies":[{"embeddable":true,"href":"https:\/\/veteraanienperinto.fi\/index.php\/wp-json\/wp\/v2\/comments?post=573"}],"version-history":[{"count":6,"href":"https:\/\/veteraanienperinto.fi\/index.php\/wp-json\/wp\/v2\/pages\/573\/revisions"}],"predecessor-version":[{"id":9930,"href":"https:\/\/veteraanienperinto.fi\/index.php\/wp-json\/wp\/v2\/pages\/573\/revisions\/9930"}],"up":[{"embeddable":true,"href":"https:\/\/veteraanienperinto.fi\/index.php\/wp-json\/wp\/v2\/pages\/105"}],"wp:attachment":[{"href":"https:\/\/veteraanienperinto.fi\/index.php\/wp-json\/wp\/v2\/media?parent=573"}],"curies":[{"name":"wp","href":"https:\/\/api.w.org\/{rel}","templated":true}]}}