{"id":576,"date":"2020-08-29T10:30:48","date_gmt":"2020-08-29T10:30:48","guid":{"rendered":"https:\/\/veteraani.ylirotu.fi\/?page_id=576"},"modified":"2021-01-18T17:36:05","modified_gmt":"2021-01-18T17:36:05","slug":"sotilaspojat","status":"publish","type":"page","link":"https:\/\/veteraanienperinto.fi\/index.php\/tietopankit\/muita-jarjestoja\/sotilaspojat\/","title":{"rendered":"Sotilaspojat"},"content":{"rendered":"<div id='full_slider_1'  class='avia-fullwidth-slider main_color avia-shadow   avia-builder-el-0  el_before_av_heading  avia-builder-el-first   container_wrap sidebar_right'  ><\/div><div id='after_full_slider_1'  class='main_color av_default_container_wrap container_wrap sidebar_right'  ><div class='container av-section-cont-open' ><div class='template-page content  av-content-small alpha units'><div class='post-entry post-entry-type-page post-entry-576'><div class='entry-content-wrapper clearfix'>\n\n<style type=\"text\/css\" data-created_by=\"avia_inline_auto\" id=\"style-css-av-kk2unwcw-3f404659990a7bf724f8b99bd2a3349b\">\n#top .av-special-heading.av-kk2unwcw-3f404659990a7bf724f8b99bd2a3349b{\npadding-bottom:10px;\n}\nbody .av-special-heading.av-kk2unwcw-3f404659990a7bf724f8b99bd2a3349b .av-special-heading-tag .heading-char{\nfont-size:25px;\n}\n.av-special-heading.av-kk2unwcw-3f404659990a7bf724f8b99bd2a3349b .av-subheading{\nfont-size:15px;\n}\n<\/style>\n<div  class='av-special-heading av-kk2unwcw-3f404659990a7bf724f8b99bd2a3349b av-special-heading-h2  avia-builder-el-1  el_after_av_slideshow_full  el_before_av_textblock  avia-builder-el-first '><h2 class='av-special-heading-tag'  itemprop=\"headline\"  >Sotilaspojat<\/h2><div class=\"special-heading-border\"><div class=\"special-heading-inner-border\"><\/div><\/div><\/div>\n<section  class='av_textblock_section av-88kdc-eb7757f9493d0cf4428c1c341a671383 '   itemscope=\"itemscope\" itemtype=\"https:\/\/schema.org\/CreativeWork\" ><div class='avia_textblock'  itemprop=\"text\" ><div class=\"art-article\">\n<p>Suojeluskuntaj\u00e4rjest\u00f6n poikatoiminta laajeni sotien aikana merkitt\u00e4v\u00e4sti. Toiminta organisoitiin uudelleen syksyll\u00e4 1941. Samalla nimitys suojeluskuntapoika muutettiin sotilaspojaksi J. L. Runebergin V\u00e4nrikki Stoolin tarinoiden mukaisesti. Suojeluskuntien sotilaspoikaosastot muodostuivat kyl\u00e4osastoista, jotka noudattivat kansakoulupiirijakoa. Vuoden 1943 lopussa sotilaspoikaosastoja oli 684 ja niiss\u00e4 oli 72 187 poikaa.<\/p>\n<p>Sotilaspojat olivat 10-17-vuotiaita. Heid\u00e4t jaoteltiin alle 12-vuotiaisiin, 12-14-vuotiaisiin ja 15-17-vuotiaisiin. Sotilaspojilla oli oma suojeluskuntapukua muistuttava univormu ja siihen kuuluvat arvomerkit.<\/p>\n<p>Sotilaspoikien koulutuksessa pantiin erityinen paino henkiseen kasvatukseen, is\u00e4nmaauskollisuuteen, uskonnon kunnioittamiseen, hyv\u00e4n ruumiillisen kunnon kehitt\u00e4miseen, reippaaseen sotilaalliseen esiintymiseen, maastossa olemiseen totutteluun, havainnoinnin ja valppauden kehitt\u00e4miseen sek\u00e4 ty\u00f6n kunnioittamiseen.<\/p>\n<p>Sotilaspoikatoiminnan muotoja olivat muun muassa kerhoillat, opintoretket, erilaiset juhlat, enint\u00e4\u00e4n vuorokauden pituiset kertaharjoitukset ja useita vuorokausia kest\u00e4neet leirit. Ampumakoulutusta annettiin ilma- ja pienoiskiv\u00e4\u00e4reill\u00e4. Kansalaiskasvatukseen kuuluivat esimerkiksi maatalous-, mets\u00e4- ja romunker\u00e4ysty\u00f6leirit, joiden lis\u00e4ksi sotilaspojat osallistuivat avustustalkoisiin. Liikuntakasvatus oli monipuolista. T\u00e4h\u00e4n liittyi laaja kilpailutoiminta osasto-, piiri- ja valtakunnallisella tasolla.<\/p>\n<p>Varsinaisen sotilaspoikatoiminnan lis\u00e4ksi vanhimmat sotilaspojat osallistuivat kotialueella sotilasluonteisiin toimintoihin. Esimerkiksi vuonna 1942 oli l\u00e4hettein\u00e4 noin 3000 ja ilmasuojeluteht\u00e4viss\u00e4 yli 5000 sotilaspoikaa. Helmikuun 1944 Helsingin ja Kotkan suurpommitusten aikana Ilmavoimat saivat luvan ottaa lukioluokalla olleita sotilaspoikia kotialueen ilmatorjunnan palvelukseen. Toukokuun puoliv\u00e4liin menness\u00e4 heit\u00e4 olikin ilmoittautunut jo 1600 n\u00e4ihin teht\u00e4viin. Esimerkiksi Helsinki\u00e4 puolustaneissa ilmatorjuntapattereissa oli avustusteht\u00e4viss\u00e4 lukuisia sotilaspoikia.<\/p>\n<p>Sotilaspoikatoiminta jouduttiin lopettamaan suojeluskuntaj\u00e4rjest\u00f6n lakkauttamisen yhteydess\u00e4 syksyll\u00e4 1944.<\/p>\n<\/div>\n<\/div><\/section>\n","protected":false},"excerpt":{"rendered":"","protected":false},"author":1,"featured_media":0,"parent":105,"menu_order":3,"comment_status":"closed","ping_status":"closed","template":"","meta":{"footnotes":""},"class_list":["post-576","page","type-page","status-publish","hentry"],"yoast_head":"<!-- This site is optimized with the Yoast SEO plugin v27.5 - https:\/\/yoast.com\/product\/yoast-seo-wordpress\/ -->\n<title>Sotilaspojat - Veteraanien Perint\u00f6<\/title>\n<meta name=\"robots\" content=\"index, follow, max-snippet:-1, max-image-preview:large, max-video-preview:-1\" \/>\n<link rel=\"canonical\" href=\"https:\/\/veteraanienperinto.fi\/index.php\/tietopankit\/muita-jarjestoja\/sotilaspojat\/\" \/>\n<meta property=\"og:locale\" content=\"fi_FI\" \/>\n<meta property=\"og:type\" content=\"article\" \/>\n<meta property=\"og:title\" content=\"Sotilaspojat - Veteraanien Perint\u00f6\" \/>\n<meta property=\"og:url\" content=\"https:\/\/veteraanienperinto.fi\/index.php\/tietopankit\/muita-jarjestoja\/sotilaspojat\/\" \/>\n<meta property=\"og:site_name\" content=\"Veteraanien Perint\u00f6\" \/>\n<meta property=\"article:modified_time\" content=\"2021-01-18T17:36:05+00:00\" \/>\n<meta name=\"twitter:card\" content=\"summary_large_image\" \/>\n<meta name=\"twitter:label1\" content=\"Arvioitu lukuaika\" \/>\n\t<meta name=\"twitter:data1\" content=\"2 minuuttia\" \/>\n<script type=\"application\/ld+json\" class=\"yoast-schema-graph\">{\"@context\":\"https:\\\/\\\/schema.org\",\"@graph\":[{\"@type\":\"WebPage\",\"@id\":\"https:\\\/\\\/veteraanienperinto.fi\\\/index.php\\\/tietopankit\\\/muita-jarjestoja\\\/sotilaspojat\\\/\",\"url\":\"https:\\\/\\\/veteraanienperinto.fi\\\/index.php\\\/tietopankit\\\/muita-jarjestoja\\\/sotilaspojat\\\/\",\"name\":\"Sotilaspojat - Veteraanien Perint\u00f6\",\"isPartOf\":{\"@id\":\"https:\\\/\\\/veteraanienperinto.fi\\\/#website\"},\"datePublished\":\"2020-08-29T10:30:48+00:00\",\"dateModified\":\"2021-01-18T17:36:05+00:00\",\"breadcrumb\":{\"@id\":\"https:\\\/\\\/veteraanienperinto.fi\\\/index.php\\\/tietopankit\\\/muita-jarjestoja\\\/sotilaspojat\\\/#breadcrumb\"},\"inLanguage\":\"fi\",\"potentialAction\":[{\"@type\":\"ReadAction\",\"target\":[\"https:\\\/\\\/veteraanienperinto.fi\\\/index.php\\\/tietopankit\\\/muita-jarjestoja\\\/sotilaspojat\\\/\"]}]},{\"@type\":\"BreadcrumbList\",\"@id\":\"https:\\\/\\\/veteraanienperinto.fi\\\/index.php\\\/tietopankit\\\/muita-jarjestoja\\\/sotilaspojat\\\/#breadcrumb\",\"itemListElement\":[{\"@type\":\"ListItem\",\"position\":1,\"name\":\"Etusivu\",\"item\":\"https:\\\/\\\/veteraanienperinto.fi\\\/index.php\\\/etusivu-2\\\/\"},{\"@type\":\"ListItem\",\"position\":2,\"name\":\"Tietopankit\",\"item\":\"https:\\\/\\\/veteraanienperinto.fi\\\/index.php\\\/tietopankit\\\/\"},{\"@type\":\"ListItem\",\"position\":3,\"name\":\"Muita j\u00e4rjest\u00f6j\u00e4\",\"item\":\"https:\\\/\\\/veteraanienperinto.fi\\\/index.php\\\/tietopankit\\\/muita-jarjestoja\\\/\"},{\"@type\":\"ListItem\",\"position\":4,\"name\":\"Sotilaspojat\"}]},{\"@type\":\"WebSite\",\"@id\":\"https:\\\/\\\/veteraanienperinto.fi\\\/#website\",\"url\":\"https:\\\/\\\/veteraanienperinto.fi\\\/\",\"name\":\"Veteraanien Perint\u00f6\",\"description\":\"Kadettikunta\",\"potentialAction\":[{\"@type\":\"SearchAction\",\"target\":{\"@type\":\"EntryPoint\",\"urlTemplate\":\"https:\\\/\\\/veteraanienperinto.fi\\\/?s={search_term_string}\"},\"query-input\":{\"@type\":\"PropertyValueSpecification\",\"valueRequired\":true,\"valueName\":\"search_term_string\"}}],\"inLanguage\":\"fi\"}]}<\/script>\n<!-- \/ Yoast SEO plugin. -->","yoast_head_json":{"title":"Sotilaspojat - Veteraanien Perint\u00f6","robots":{"index":"index","follow":"follow","max-snippet":"max-snippet:-1","max-image-preview":"max-image-preview:large","max-video-preview":"max-video-preview:-1"},"canonical":"https:\/\/veteraanienperinto.fi\/index.php\/tietopankit\/muita-jarjestoja\/sotilaspojat\/","og_locale":"fi_FI","og_type":"article","og_title":"Sotilaspojat - Veteraanien Perint\u00f6","og_url":"https:\/\/veteraanienperinto.fi\/index.php\/tietopankit\/muita-jarjestoja\/sotilaspojat\/","og_site_name":"Veteraanien Perint\u00f6","article_modified_time":"2021-01-18T17:36:05+00:00","twitter_card":"summary_large_image","twitter_misc":{"Arvioitu lukuaika":"2 minuuttia"},"schema":{"@context":"https:\/\/schema.org","@graph":[{"@type":"WebPage","@id":"https:\/\/veteraanienperinto.fi\/index.php\/tietopankit\/muita-jarjestoja\/sotilaspojat\/","url":"https:\/\/veteraanienperinto.fi\/index.php\/tietopankit\/muita-jarjestoja\/sotilaspojat\/","name":"Sotilaspojat - Veteraanien Perint\u00f6","isPartOf":{"@id":"https:\/\/veteraanienperinto.fi\/#website"},"datePublished":"2020-08-29T10:30:48+00:00","dateModified":"2021-01-18T17:36:05+00:00","breadcrumb":{"@id":"https:\/\/veteraanienperinto.fi\/index.php\/tietopankit\/muita-jarjestoja\/sotilaspojat\/#breadcrumb"},"inLanguage":"fi","potentialAction":[{"@type":"ReadAction","target":["https:\/\/veteraanienperinto.fi\/index.php\/tietopankit\/muita-jarjestoja\/sotilaspojat\/"]}]},{"@type":"BreadcrumbList","@id":"https:\/\/veteraanienperinto.fi\/index.php\/tietopankit\/muita-jarjestoja\/sotilaspojat\/#breadcrumb","itemListElement":[{"@type":"ListItem","position":1,"name":"Etusivu","item":"https:\/\/veteraanienperinto.fi\/index.php\/etusivu-2\/"},{"@type":"ListItem","position":2,"name":"Tietopankit","item":"https:\/\/veteraanienperinto.fi\/index.php\/tietopankit\/"},{"@type":"ListItem","position":3,"name":"Muita j\u00e4rjest\u00f6j\u00e4","item":"https:\/\/veteraanienperinto.fi\/index.php\/tietopankit\/muita-jarjestoja\/"},{"@type":"ListItem","position":4,"name":"Sotilaspojat"}]},{"@type":"WebSite","@id":"https:\/\/veteraanienperinto.fi\/#website","url":"https:\/\/veteraanienperinto.fi\/","name":"Veteraanien Perint\u00f6","description":"Kadettikunta","potentialAction":[{"@type":"SearchAction","target":{"@type":"EntryPoint","urlTemplate":"https:\/\/veteraanienperinto.fi\/?s={search_term_string}"},"query-input":{"@type":"PropertyValueSpecification","valueRequired":true,"valueName":"search_term_string"}}],"inLanguage":"fi"}]}},"_links":{"self":[{"href":"https:\/\/veteraanienperinto.fi\/index.php\/wp-json\/wp\/v2\/pages\/576","targetHints":{"allow":["GET"]}}],"collection":[{"href":"https:\/\/veteraanienperinto.fi\/index.php\/wp-json\/wp\/v2\/pages"}],"about":[{"href":"https:\/\/veteraanienperinto.fi\/index.php\/wp-json\/wp\/v2\/types\/page"}],"author":[{"embeddable":true,"href":"https:\/\/veteraanienperinto.fi\/index.php\/wp-json\/wp\/v2\/users\/1"}],"replies":[{"embeddable":true,"href":"https:\/\/veteraanienperinto.fi\/index.php\/wp-json\/wp\/v2\/comments?post=576"}],"version-history":[{"count":6,"href":"https:\/\/veteraanienperinto.fi\/index.php\/wp-json\/wp\/v2\/pages\/576\/revisions"}],"predecessor-version":[{"id":9932,"href":"https:\/\/veteraanienperinto.fi\/index.php\/wp-json\/wp\/v2\/pages\/576\/revisions\/9932"}],"up":[{"embeddable":true,"href":"https:\/\/veteraanienperinto.fi\/index.php\/wp-json\/wp\/v2\/pages\/105"}],"wp:attachment":[{"href":"https:\/\/veteraanienperinto.fi\/index.php\/wp-json\/wp\/v2\/media?parent=576"}],"curies":[{"name":"wp","href":"https:\/\/api.w.org\/{rel}","templated":true}]}}