{"id":5773,"date":"2020-11-17T18:40:35","date_gmt":"2020-11-17T18:40:35","guid":{"rendered":"https:\/\/veteraani.ylirotu.fi\/?page_id=5773"},"modified":"2021-01-26T18:35:35","modified_gmt":"2021-01-26T18:35:35","slug":"utbildning","status":"publish","type":"page","link":"https:\/\/veteraanienperinto.fi\/index.php\/sv\/fortsattningskriget\/fortsattningkrigets-bakgrund\/utbildning\/","title":{"rendered":"Utbildning"},"content":{"rendered":"<div id='full_slider_1'  class='avia-fullwidth-slider main_color avia-shadow   avia-builder-el-0  el_before_av_heading  avia-builder-el-first   container_wrap sidebar_right'  >\n<style type=\"text\/css\" data-created_by=\"avia_inline_auto\" id=\"style-css-av-v12sg-157c79240eb5470cb8a5c0a19b812c8f\">\n#top .avia-slideshow .av-slideshow-caption.av-v12sg-157c79240eb5470cb8a5c0a19b812c8f__0 .avia-caption-content{\nfont-size:16px;\n}\n#top .avia-slideshow .av-slideshow-caption.av-v12sg-157c79240eb5470cb8a5c0a19b812c8f__0 .avia-caption-content p{\nfont-size:16px;\n}\n<\/style>\n<div  class='avia-slideshow av-v12sg-157c79240eb5470cb8a5c0a19b812c8f avia-slideshow-featured av_slideshow_full avia-slide-slider av-slideshow-ui av-control-default av-slideshow-manual av-loop-once av-loop-manual-endless av-default-height-applied   avia-slideshow-1' data-slideshow-options=\"{&quot;animation&quot;:&quot;slide&quot;,&quot;autoplay&quot;:false,&quot;loop_autoplay&quot;:&quot;once&quot;,&quot;interval&quot;:5,&quot;loop_manual&quot;:&quot;manual-endless&quot;,&quot;autoplay_stopper&quot;:false,&quot;noNavigation&quot;:false,&quot;bg_slider&quot;:false,&quot;keep_padding&quot;:false,&quot;hoverpause&quot;:false,&quot;show_slide_delay&quot;:0}\"  itemprop=\"image\" itemscope=\"itemscope\" itemtype=\"https:\/\/schema.org\/ImageObject\" ><ul class='avia-slideshow-inner ' style='padding-bottom: 28.666666666667%;'><li  class='avia-slideshow-slide av-v12sg-157c79240eb5470cb8a5c0a19b812c8f__0  av-single-slide slide-1 slide-odd'><div data-rel='slideshow-1' class='avia-slide-wrap '   ><div class='av-slideshow-caption av-v12sg-157c79240eb5470cb8a5c0a19b812c8f__0 caption_fullwidth caption_bottom caption_bottom_framed caption_framed'><div class=\"container caption_container\"><div class=\"slideshow_caption\"><div class=\"slideshow_inner_caption\"><div class=\"slideshow_align_caption\"><div class='avia-caption-content '  itemprop=\"description\" ><p>Lyssningstest p\u00e5g\u00e5r.<br \/>\nHelsingfors, Sveaborg, 25 april 1942<\/p>\n<\/div><\/div><\/div><\/div><\/div><\/div><img decoding=\"async\" fetchpriority=\"high\" class=\"wp-image-3904 avia-img-lazy-loading-not-3904\"  src=\"https:\/\/veteraanienperinto.fi\/wp-content\/uploads\/2020\/09\/koulutus_MV_jatkosota-1500x430.png\" width=\"1500\" height=\"430\" title='koulutus_MV_jatkosota' alt=''  itemprop=\"thumbnailUrl\" srcset=\"https:\/\/veteraanienperinto.fi\/wp-content\/uploads\/2020\/09\/koulutus_MV_jatkosota.png 1500w, https:\/\/veteraanienperinto.fi\/wp-content\/uploads\/2020\/09\/koulutus_MV_jatkosota-300x86.png 300w, https:\/\/veteraanienperinto.fi\/wp-content\/uploads\/2020\/09\/koulutus_MV_jatkosota-1030x295.png 1030w, https:\/\/veteraanienperinto.fi\/wp-content\/uploads\/2020\/09\/koulutus_MV_jatkosota-768x220.png 768w, https:\/\/veteraanienperinto.fi\/wp-content\/uploads\/2020\/09\/koulutus_MV_jatkosota-705x202.png 705w\" sizes=\"(max-width: 1500px) 100vw, 1500px\" \/><\/div><\/li><\/ul><\/div><\/div><div id='after_full_slider_1'  class='main_color av_default_container_wrap container_wrap sidebar_right'  ><div class='container av-section-cont-open' ><div class='template-page content  av-content-small alpha units'><div class='post-entry post-entry-type-page post-entry-5773'><div class='entry-content-wrapper clearfix'>\n\n<style type=\"text\/css\" data-created_by=\"avia_inline_auto\" id=\"style-css-av-kkecb7wv-8ba943bf7d84c17c3b21720276316c18\">\n#top .av-special-heading.av-kkecb7wv-8ba943bf7d84c17c3b21720276316c18{\npadding-bottom:10px;\n}\nbody .av-special-heading.av-kkecb7wv-8ba943bf7d84c17c3b21720276316c18 .av-special-heading-tag .heading-char{\nfont-size:25px;\n}\n.av-special-heading.av-kkecb7wv-8ba943bf7d84c17c3b21720276316c18 .av-subheading{\nfont-size:15px;\n}\n<\/style>\n<div  class='av-special-heading av-kkecb7wv-8ba943bf7d84c17c3b21720276316c18 av-special-heading-h2  avia-builder-el-1  el_after_av_slideshow_full  el_before_av_textblock  avia-builder-el-first '><h2 class='av-special-heading-tag'  itemprop=\"headline\"  >Utbildning<\/h2><div class=\"special-heading-border\"><div class=\"special-heading-inner-border\"><\/div><\/div><\/div>\n<section  class='av_textblock_section av-v00w-e4ffc5dd001652329a8934454255d458 '   itemscope=\"itemscope\" itemtype=\"https:\/\/schema.org\/CreativeWork\" ><div class='avia_textblock'  itemprop=\"text\" ><p>Finlands arm\u00e9 hemf\u00f6rlovades gradvis under m\u00e5naderna efter vinterkriget. Bev\u00e4ringarnas tj\u00e4nstg\u00f6ringstid f\u00f6rl\u00e4ngdes och 25 000 reservister h\u00f6lls i tj\u00e4nst s\u00e5, att till exempel vid \u00e5rsskiftet 1940\/41 var f\u00f6rsvarsmakens styrka 109 000 man. F\u00f6r trupperna uppf\u00f6rdes ett stort antal barackgarnisoner n\u00e4ra gr\u00e4nsen.<\/p>\n<p>Utbildningen fortsatte intensivt under mellanfredstiden. Man kunde nu utnyttja erfarenheterna fr\u00e5n vinterkriget. De som blivit utan utbildning f\u00f6re krigen fick den nu \u00e4ntligen. Trots vinterkrigets sv\u00e5ra f\u00f6rluster hade man p\u00e5 sommaren 1941, som en f\u00f6ljd av det omfattande utbildningsarbetet, tillg\u00e5ng till en avsev\u00e4rt st\u00f6rre reserv \u00e4n i vinterkriget.<\/p>\n<p>P\u00e5 v\u00e5ren 1941 for finl\u00e4ndska unga m\u00e4n till Tyskland f\u00f6r att skaffa sig modern milit\u00e4rutbildning med iakttagande av j\u00e4garnas traditioner. De yngsta kom direkt fr\u00e5n skolb\u00e4nken. Sammanlagt for ca 1 400 m\u00e4n till Tyskland. Finlands regering gick med p\u00e5 detta f\u00f6r att f\u00f6rs\u00e4kra sig om Tysklands politiska st\u00f6d inf\u00f6r hotet fr\u00e5n Sovjetunionen och mot p\u00e5trycknings\u00e5tg\u00e4rderna. Det var fr\u00e5ga om en slags pant, p\u00e5 grund av vilket man senare har anv\u00e4nt ben\u00e4mningen &#8221;pantbataljonen&#8221; om den finl\u00e4ndska frivilligtruppen. De finl\u00e4ndska soldaterna placerades i SS-Divisionen Wiking tillsammans med norska, danska, belgiska och holl\u00e4ndska frivilliga. Dessa elitsoldater inom Waffen-SS har ibland felaktigt j\u00e4mst\u00e4llts med personalen inom det politiska SS, som helt och h\u00e5llet bestod av ett klientel av annat slag, som till exempel fungerade som v\u00e4ktare vid koncentrationsl\u00e4gren.<\/p>\n<p>Den finl\u00e4ndska bataljonen var fullst\u00e4ndigt opolitisk och de finl\u00e4ndska SS-soldaterna k\u00e4mpade synnerligen \u00e4rofullt, men led samtidigt sv\u00e5ra f\u00f6rluster i Ukraina och Kaukasien fram till \u00e5r 1943, d\u00e5 soldaterna enligt tj\u00e4nstg\u00f6ringsf\u00f6rbindelsen hemf\u00f6rlovades till Finland och personalen placerades i f\u00e4ltarm\u00e9n. De finl\u00e4ndska SS-m\u00e4nnen gjorde sig inte skyldiga till brott mot krigets lagar och efter kriget fr\u00e5ngick segrarmakterna de framf\u00f6rda ogrundade beskyllningarna mot SS-divisionen Wiking.<\/p>\n<\/div><\/section>\n","protected":false},"excerpt":{"rendered":"","protected":false},"author":1,"featured_media":0,"parent":5765,"menu_order":1,"comment_status":"closed","ping_status":"closed","template":"","meta":{"footnotes":""},"class_list":["post-5773","page","type-page","status-publish","hentry"],"yoast_head":"<!-- This site is optimized with the Yoast SEO plugin v27.5 - https:\/\/yoast.com\/product\/yoast-seo-wordpress\/ -->\n<title>Utbildning - Veteraanien Perint\u00f6<\/title>\n<meta name=\"robots\" content=\"index, follow, max-snippet:-1, max-image-preview:large, max-video-preview:-1\" \/>\n<link rel=\"canonical\" href=\"https:\/\/veteraanienperinto.fi\/index.php\/sv\/fortsattningskriget\/fortsattningkrigets-bakgrund\/utbildning\/\" \/>\n<meta property=\"og:locale\" content=\"fi_FI\" \/>\n<meta property=\"og:type\" content=\"article\" \/>\n<meta property=\"og:title\" content=\"Utbildning - Veteraanien Perint\u00f6\" \/>\n<meta property=\"og:url\" content=\"https:\/\/veteraanienperinto.fi\/index.php\/sv\/fortsattningskriget\/fortsattningkrigets-bakgrund\/utbildning\/\" \/>\n<meta property=\"og:site_name\" content=\"Veteraanien Perint\u00f6\" \/>\n<meta property=\"article:modified_time\" content=\"2021-01-26T18:35:35+00:00\" \/>\n<meta name=\"twitter:card\" content=\"summary_large_image\" \/>\n<meta name=\"twitter:label1\" content=\"Arvioitu lukuaika\" \/>\n\t<meta name=\"twitter:data1\" content=\"3 minuuttia\" \/>\n<script type=\"application\/ld+json\" class=\"yoast-schema-graph\">{\"@context\":\"https:\\\/\\\/schema.org\",\"@graph\":[{\"@type\":\"WebPage\",\"@id\":\"https:\\\/\\\/veteraanienperinto.fi\\\/index.php\\\/sv\\\/fortsattningskriget\\\/fortsattningkrigets-bakgrund\\\/utbildning\\\/\",\"url\":\"https:\\\/\\\/veteraanienperinto.fi\\\/index.php\\\/sv\\\/fortsattningskriget\\\/fortsattningkrigets-bakgrund\\\/utbildning\\\/\",\"name\":\"Utbildning - Veteraanien Perint\u00f6\",\"isPartOf\":{\"@id\":\"https:\\\/\\\/veteraanienperinto.fi\\\/#website\"},\"datePublished\":\"2020-11-17T18:40:35+00:00\",\"dateModified\":\"2021-01-26T18:35:35+00:00\",\"breadcrumb\":{\"@id\":\"https:\\\/\\\/veteraanienperinto.fi\\\/index.php\\\/sv\\\/fortsattningskriget\\\/fortsattningkrigets-bakgrund\\\/utbildning\\\/#breadcrumb\"},\"inLanguage\":\"fi\",\"potentialAction\":[{\"@type\":\"ReadAction\",\"target\":[\"https:\\\/\\\/veteraanienperinto.fi\\\/index.php\\\/sv\\\/fortsattningskriget\\\/fortsattningkrigets-bakgrund\\\/utbildning\\\/\"]}]},{\"@type\":\"BreadcrumbList\",\"@id\":\"https:\\\/\\\/veteraanienperinto.fi\\\/index.php\\\/sv\\\/fortsattningskriget\\\/fortsattningkrigets-bakgrund\\\/utbildning\\\/#breadcrumb\",\"itemListElement\":[{\"@type\":\"ListItem\",\"position\":1,\"name\":\"Etusivu\",\"item\":\"https:\\\/\\\/veteraanienperinto.fi\\\/index.php\\\/etusivu-2\\\/\"},{\"@type\":\"ListItem\",\"position\":2,\"name\":\"Forts\u00e4ttningskriget\",\"item\":\"https:\\\/\\\/veteraanienperinto.fi\\\/index.php\\\/sv\\\/fortsattningskriget\\\/\"},{\"@type\":\"ListItem\",\"position\":3,\"name\":\"Forts\u00e4ttningkrigets bakgrund\",\"item\":\"https:\\\/\\\/veteraanienperinto.fi\\\/index.php\\\/sv\\\/fortsattningskriget\\\/fortsattningkrigets-bakgrund\\\/\"},{\"@type\":\"ListItem\",\"position\":4,\"name\":\"Utbildning\"}]},{\"@type\":\"WebSite\",\"@id\":\"https:\\\/\\\/veteraanienperinto.fi\\\/#website\",\"url\":\"https:\\\/\\\/veteraanienperinto.fi\\\/\",\"name\":\"Veteraanien Perint\u00f6\",\"description\":\"Kadettikunta\",\"potentialAction\":[{\"@type\":\"SearchAction\",\"target\":{\"@type\":\"EntryPoint\",\"urlTemplate\":\"https:\\\/\\\/veteraanienperinto.fi\\\/?s={search_term_string}\"},\"query-input\":{\"@type\":\"PropertyValueSpecification\",\"valueRequired\":true,\"valueName\":\"search_term_string\"}}],\"inLanguage\":\"fi\"}]}<\/script>\n<!-- \/ Yoast SEO plugin. -->","yoast_head_json":{"title":"Utbildning - Veteraanien Perint\u00f6","robots":{"index":"index","follow":"follow","max-snippet":"max-snippet:-1","max-image-preview":"max-image-preview:large","max-video-preview":"max-video-preview:-1"},"canonical":"https:\/\/veteraanienperinto.fi\/index.php\/sv\/fortsattningskriget\/fortsattningkrigets-bakgrund\/utbildning\/","og_locale":"fi_FI","og_type":"article","og_title":"Utbildning - Veteraanien Perint\u00f6","og_url":"https:\/\/veteraanienperinto.fi\/index.php\/sv\/fortsattningskriget\/fortsattningkrigets-bakgrund\/utbildning\/","og_site_name":"Veteraanien Perint\u00f6","article_modified_time":"2021-01-26T18:35:35+00:00","twitter_card":"summary_large_image","twitter_misc":{"Arvioitu lukuaika":"3 minuuttia"},"schema":{"@context":"https:\/\/schema.org","@graph":[{"@type":"WebPage","@id":"https:\/\/veteraanienperinto.fi\/index.php\/sv\/fortsattningskriget\/fortsattningkrigets-bakgrund\/utbildning\/","url":"https:\/\/veteraanienperinto.fi\/index.php\/sv\/fortsattningskriget\/fortsattningkrigets-bakgrund\/utbildning\/","name":"Utbildning - Veteraanien Perint\u00f6","isPartOf":{"@id":"https:\/\/veteraanienperinto.fi\/#website"},"datePublished":"2020-11-17T18:40:35+00:00","dateModified":"2021-01-26T18:35:35+00:00","breadcrumb":{"@id":"https:\/\/veteraanienperinto.fi\/index.php\/sv\/fortsattningskriget\/fortsattningkrigets-bakgrund\/utbildning\/#breadcrumb"},"inLanguage":"fi","potentialAction":[{"@type":"ReadAction","target":["https:\/\/veteraanienperinto.fi\/index.php\/sv\/fortsattningskriget\/fortsattningkrigets-bakgrund\/utbildning\/"]}]},{"@type":"BreadcrumbList","@id":"https:\/\/veteraanienperinto.fi\/index.php\/sv\/fortsattningskriget\/fortsattningkrigets-bakgrund\/utbildning\/#breadcrumb","itemListElement":[{"@type":"ListItem","position":1,"name":"Etusivu","item":"https:\/\/veteraanienperinto.fi\/index.php\/etusivu-2\/"},{"@type":"ListItem","position":2,"name":"Forts\u00e4ttningskriget","item":"https:\/\/veteraanienperinto.fi\/index.php\/sv\/fortsattningskriget\/"},{"@type":"ListItem","position":3,"name":"Forts\u00e4ttningkrigets bakgrund","item":"https:\/\/veteraanienperinto.fi\/index.php\/sv\/fortsattningskriget\/fortsattningkrigets-bakgrund\/"},{"@type":"ListItem","position":4,"name":"Utbildning"}]},{"@type":"WebSite","@id":"https:\/\/veteraanienperinto.fi\/#website","url":"https:\/\/veteraanienperinto.fi\/","name":"Veteraanien Perint\u00f6","description":"Kadettikunta","potentialAction":[{"@type":"SearchAction","target":{"@type":"EntryPoint","urlTemplate":"https:\/\/veteraanienperinto.fi\/?s={search_term_string}"},"query-input":{"@type":"PropertyValueSpecification","valueRequired":true,"valueName":"search_term_string"}}],"inLanguage":"fi"}]}},"_links":{"self":[{"href":"https:\/\/veteraanienperinto.fi\/index.php\/wp-json\/wp\/v2\/pages\/5773","targetHints":{"allow":["GET"]}}],"collection":[{"href":"https:\/\/veteraanienperinto.fi\/index.php\/wp-json\/wp\/v2\/pages"}],"about":[{"href":"https:\/\/veteraanienperinto.fi\/index.php\/wp-json\/wp\/v2\/types\/page"}],"author":[{"embeddable":true,"href":"https:\/\/veteraanienperinto.fi\/index.php\/wp-json\/wp\/v2\/users\/1"}],"replies":[{"embeddable":true,"href":"https:\/\/veteraanienperinto.fi\/index.php\/wp-json\/wp\/v2\/comments?post=5773"}],"version-history":[{"count":6,"href":"https:\/\/veteraanienperinto.fi\/index.php\/wp-json\/wp\/v2\/pages\/5773\/revisions"}],"predecessor-version":[{"id":10758,"href":"https:\/\/veteraanienperinto.fi\/index.php\/wp-json\/wp\/v2\/pages\/5773\/revisions\/10758"}],"up":[{"embeddable":true,"href":"https:\/\/veteraanienperinto.fi\/index.php\/wp-json\/wp\/v2\/pages\/5765"}],"wp:attachment":[{"href":"https:\/\/veteraanienperinto.fi\/index.php\/wp-json\/wp\/v2\/media?parent=5773"}],"curies":[{"name":"wp","href":"https:\/\/api.w.org\/{rel}","templated":true}]}}