{"id":579,"date":"2020-08-29T10:31:49","date_gmt":"2020-08-29T10:31:49","guid":{"rendered":"https:\/\/veteraani.ylirotu.fi\/?page_id=579"},"modified":"2021-01-18T17:36:52","modified_gmt":"2021-01-18T17:36:52","slug":"sns-seura","status":"publish","type":"page","link":"https:\/\/veteraanienperinto.fi\/index.php\/tietopankit\/muita-jarjestoja\/sns-seura\/","title":{"rendered":"SNS-seura"},"content":{"rendered":"<div id='full_slider_1'  class='avia-fullwidth-slider main_color avia-shadow   avia-builder-el-0  el_before_av_heading  avia-builder-el-first   container_wrap sidebar_right'  ><\/div><div id='after_full_slider_1'  class='main_color av_default_container_wrap container_wrap sidebar_right'  ><div class='container av-section-cont-open' ><div class='template-page content  av-content-small alpha units'><div class='post-entry post-entry-type-page post-entry-579'><div class='entry-content-wrapper clearfix'>\n\n<style type=\"text\/css\" data-created_by=\"avia_inline_auto\" id=\"style-css-av-kk2uowb9-b37e403002dbcf803d45ff34f6b6209d\">\n#top .av-special-heading.av-kk2uowb9-b37e403002dbcf803d45ff34f6b6209d{\npadding-bottom:10px;\n}\nbody .av-special-heading.av-kk2uowb9-b37e403002dbcf803d45ff34f6b6209d .av-special-heading-tag .heading-char{\nfont-size:25px;\n}\n.av-special-heading.av-kk2uowb9-b37e403002dbcf803d45ff34f6b6209d .av-subheading{\nfont-size:15px;\n}\n<\/style>\n<div  class='av-special-heading av-kk2uowb9-b37e403002dbcf803d45ff34f6b6209d av-special-heading-h2  avia-builder-el-1  el_after_av_slideshow_full  el_before_av_textblock  avia-builder-el-first '><h2 class='av-special-heading-tag'  itemprop=\"headline\"  >SNS-seura<\/h2><div class=\"special-heading-border\"><div class=\"special-heading-inner-border\"><\/div><\/div><\/div>\n<section  class='av_textblock_section av-bdxe3-58ecc7d319e8ac86a8aba54e6304ff3a '   itemscope=\"itemscope\" itemtype=\"https:\/\/schema.org\/CreativeWork\" ><div class='avia_textblock'  itemprop=\"text\" ><p>P\u00e4\u00e4asiassa entisen Suomen kommunistisen puolueen kannattajat perustivat toukokuussa 1940 Suomen ja Neuvostoliiton rauhan ja yst\u00e4vyyden seuran eli SNS-seuran. Seura ajoi Suomen ja Neuvostoliiton suhteiden parantamista. Sen j\u00e4senm\u00e4\u00e4r\u00e4 kasvoi syksyyn 1940 menness\u00e4 35 000:een. Seura hy\u00f6kk\u00e4si voimakkaasti hallitusta ja sosialidemokraattista puoluetta vastaan.<\/p>\n<p>Seuran arveltiin harjoittavan kumouksellista toimintaa, sill\u00e4 se pyrki levitt\u00e4m\u00e4\u00e4n tyytym\u00e4tt\u00f6myytt\u00e4 ja j\u00e4rjesti mielenosoituksia.\u00a0Sen p\u00e4\u00e4m\u00e4\u00e4r\u00e4n\u00e4 n\u00e4ytti olevan kansan yksimielisyyden ja puolustustahdon murentaminen. Siit\u00e4 k\u00e4ytettiinkin nimityst\u00e4 viides kolonna, siis omassa keskuudessa toimiva ryhmittym\u00e4, joka toimii vihollisen hyv\u00e4ksi.<\/p>\n<p>Seuran toimintaa pidettiin vaarallisena sill\u00e4 se vaikeutti Suomen ja Neuvostoliiton suhteiden hoitamista. Seura lakkautettiin joulukuussa 1940 tuomioistuimen p\u00e4\u00e4t\u00f6ksell\u00e4. Jatkosodan j\u00e4lkeen lokakuussa 1944 perustettiin Suomi-Neuvostoliitto &#8211; seura, joka jatkoi v\u00e4lirauhan aikaisen edelt\u00e4j\u00e4ns\u00e4 perinteit\u00e4. Seuran poliittinen pohja oli nyt kuitenkin huomattavasti laajempi kuin vuonna 1940.<\/p>\n<\/div><\/section>\n","protected":false},"excerpt":{"rendered":"","protected":false},"author":1,"featured_media":0,"parent":105,"menu_order":4,"comment_status":"closed","ping_status":"closed","template":"","meta":{"footnotes":""},"class_list":["post-579","page","type-page","status-publish","hentry"],"yoast_head":"<!-- This site is optimized with the Yoast SEO plugin v27.6 - https:\/\/yoast.com\/product\/yoast-seo-wordpress\/ -->\n<title>SNS-seura - Veteraanien Perint\u00f6<\/title>\n<meta name=\"robots\" content=\"index, follow, max-snippet:-1, max-image-preview:large, max-video-preview:-1\" \/>\n<link rel=\"canonical\" href=\"https:\/\/veteraanienperinto.fi\/index.php\/tietopankit\/muita-jarjestoja\/sns-seura\/\" \/>\n<meta property=\"og:locale\" content=\"fi_FI\" \/>\n<meta property=\"og:type\" content=\"article\" \/>\n<meta property=\"og:title\" content=\"SNS-seura - Veteraanien Perint\u00f6\" \/>\n<meta property=\"og:url\" content=\"https:\/\/veteraanienperinto.fi\/index.php\/tietopankit\/muita-jarjestoja\/sns-seura\/\" \/>\n<meta property=\"og:site_name\" content=\"Veteraanien Perint\u00f6\" \/>\n<meta property=\"article:modified_time\" content=\"2021-01-18T17:36:52+00:00\" \/>\n<meta name=\"twitter:card\" content=\"summary_large_image\" \/>\n<meta name=\"twitter:label1\" content=\"Arvioitu lukuaika\" \/>\n\t<meta name=\"twitter:data1\" content=\"1 minuutti\" \/>\n<script type=\"application\/ld+json\" class=\"yoast-schema-graph\">{\"@context\":\"https:\\\/\\\/schema.org\",\"@graph\":[{\"@type\":\"WebPage\",\"@id\":\"https:\\\/\\\/veteraanienperinto.fi\\\/index.php\\\/tietopankit\\\/muita-jarjestoja\\\/sns-seura\\\/\",\"url\":\"https:\\\/\\\/veteraanienperinto.fi\\\/index.php\\\/tietopankit\\\/muita-jarjestoja\\\/sns-seura\\\/\",\"name\":\"SNS-seura - Veteraanien Perint\u00f6\",\"isPartOf\":{\"@id\":\"https:\\\/\\\/veteraanienperinto.fi\\\/#website\"},\"datePublished\":\"2020-08-29T10:31:49+00:00\",\"dateModified\":\"2021-01-18T17:36:52+00:00\",\"breadcrumb\":{\"@id\":\"https:\\\/\\\/veteraanienperinto.fi\\\/index.php\\\/tietopankit\\\/muita-jarjestoja\\\/sns-seura\\\/#breadcrumb\"},\"inLanguage\":\"fi\",\"potentialAction\":[{\"@type\":\"ReadAction\",\"target\":[\"https:\\\/\\\/veteraanienperinto.fi\\\/index.php\\\/tietopankit\\\/muita-jarjestoja\\\/sns-seura\\\/\"]}]},{\"@type\":\"BreadcrumbList\",\"@id\":\"https:\\\/\\\/veteraanienperinto.fi\\\/index.php\\\/tietopankit\\\/muita-jarjestoja\\\/sns-seura\\\/#breadcrumb\",\"itemListElement\":[{\"@type\":\"ListItem\",\"position\":1,\"name\":\"Etusivu\",\"item\":\"https:\\\/\\\/veteraanienperinto.fi\\\/index.php\\\/etusivu-2\\\/\"},{\"@type\":\"ListItem\",\"position\":2,\"name\":\"Tietopankit\",\"item\":\"https:\\\/\\\/veteraanienperinto.fi\\\/index.php\\\/tietopankit\\\/\"},{\"@type\":\"ListItem\",\"position\":3,\"name\":\"Muita j\u00e4rjest\u00f6j\u00e4\",\"item\":\"https:\\\/\\\/veteraanienperinto.fi\\\/index.php\\\/tietopankit\\\/muita-jarjestoja\\\/\"},{\"@type\":\"ListItem\",\"position\":4,\"name\":\"SNS-seura\"}]},{\"@type\":\"WebSite\",\"@id\":\"https:\\\/\\\/veteraanienperinto.fi\\\/#website\",\"url\":\"https:\\\/\\\/veteraanienperinto.fi\\\/\",\"name\":\"Veteraanien Perint\u00f6\",\"description\":\"Kadettikunta\",\"potentialAction\":[{\"@type\":\"SearchAction\",\"target\":{\"@type\":\"EntryPoint\",\"urlTemplate\":\"https:\\\/\\\/veteraanienperinto.fi\\\/?s={search_term_string}\"},\"query-input\":{\"@type\":\"PropertyValueSpecification\",\"valueRequired\":true,\"valueName\":\"search_term_string\"}}],\"inLanguage\":\"fi\"}]}<\/script>\n<!-- \/ Yoast SEO plugin. -->","yoast_head_json":{"title":"SNS-seura - Veteraanien Perint\u00f6","robots":{"index":"index","follow":"follow","max-snippet":"max-snippet:-1","max-image-preview":"max-image-preview:large","max-video-preview":"max-video-preview:-1"},"canonical":"https:\/\/veteraanienperinto.fi\/index.php\/tietopankit\/muita-jarjestoja\/sns-seura\/","og_locale":"fi_FI","og_type":"article","og_title":"SNS-seura - Veteraanien Perint\u00f6","og_url":"https:\/\/veteraanienperinto.fi\/index.php\/tietopankit\/muita-jarjestoja\/sns-seura\/","og_site_name":"Veteraanien Perint\u00f6","article_modified_time":"2021-01-18T17:36:52+00:00","twitter_card":"summary_large_image","twitter_misc":{"Arvioitu lukuaika":"1 minuutti"},"schema":{"@context":"https:\/\/schema.org","@graph":[{"@type":"WebPage","@id":"https:\/\/veteraanienperinto.fi\/index.php\/tietopankit\/muita-jarjestoja\/sns-seura\/","url":"https:\/\/veteraanienperinto.fi\/index.php\/tietopankit\/muita-jarjestoja\/sns-seura\/","name":"SNS-seura - Veteraanien Perint\u00f6","isPartOf":{"@id":"https:\/\/veteraanienperinto.fi\/#website"},"datePublished":"2020-08-29T10:31:49+00:00","dateModified":"2021-01-18T17:36:52+00:00","breadcrumb":{"@id":"https:\/\/veteraanienperinto.fi\/index.php\/tietopankit\/muita-jarjestoja\/sns-seura\/#breadcrumb"},"inLanguage":"fi","potentialAction":[{"@type":"ReadAction","target":["https:\/\/veteraanienperinto.fi\/index.php\/tietopankit\/muita-jarjestoja\/sns-seura\/"]}]},{"@type":"BreadcrumbList","@id":"https:\/\/veteraanienperinto.fi\/index.php\/tietopankit\/muita-jarjestoja\/sns-seura\/#breadcrumb","itemListElement":[{"@type":"ListItem","position":1,"name":"Etusivu","item":"https:\/\/veteraanienperinto.fi\/index.php\/etusivu-2\/"},{"@type":"ListItem","position":2,"name":"Tietopankit","item":"https:\/\/veteraanienperinto.fi\/index.php\/tietopankit\/"},{"@type":"ListItem","position":3,"name":"Muita j\u00e4rjest\u00f6j\u00e4","item":"https:\/\/veteraanienperinto.fi\/index.php\/tietopankit\/muita-jarjestoja\/"},{"@type":"ListItem","position":4,"name":"SNS-seura"}]},{"@type":"WebSite","@id":"https:\/\/veteraanienperinto.fi\/#website","url":"https:\/\/veteraanienperinto.fi\/","name":"Veteraanien Perint\u00f6","description":"Kadettikunta","potentialAction":[{"@type":"SearchAction","target":{"@type":"EntryPoint","urlTemplate":"https:\/\/veteraanienperinto.fi\/?s={search_term_string}"},"query-input":{"@type":"PropertyValueSpecification","valueRequired":true,"valueName":"search_term_string"}}],"inLanguage":"fi"}]}},"_links":{"self":[{"href":"https:\/\/veteraanienperinto.fi\/index.php\/wp-json\/wp\/v2\/pages\/579","targetHints":{"allow":["GET"]}}],"collection":[{"href":"https:\/\/veteraanienperinto.fi\/index.php\/wp-json\/wp\/v2\/pages"}],"about":[{"href":"https:\/\/veteraanienperinto.fi\/index.php\/wp-json\/wp\/v2\/types\/page"}],"author":[{"embeddable":true,"href":"https:\/\/veteraanienperinto.fi\/index.php\/wp-json\/wp\/v2\/users\/1"}],"replies":[{"embeddable":true,"href":"https:\/\/veteraanienperinto.fi\/index.php\/wp-json\/wp\/v2\/comments?post=579"}],"version-history":[{"count":6,"href":"https:\/\/veteraanienperinto.fi\/index.php\/wp-json\/wp\/v2\/pages\/579\/revisions"}],"predecessor-version":[{"id":9934,"href":"https:\/\/veteraanienperinto.fi\/index.php\/wp-json\/wp\/v2\/pages\/579\/revisions\/9934"}],"up":[{"embeddable":true,"href":"https:\/\/veteraanienperinto.fi\/index.php\/wp-json\/wp\/v2\/pages\/105"}],"wp:attachment":[{"href":"https:\/\/veteraanienperinto.fi\/index.php\/wp-json\/wp\/v2\/media?parent=579"}],"curies":[{"name":"wp","href":"https:\/\/api.w.org\/{rel}","templated":true}]}}