{"id":5793,"date":"2020-11-17T18:46:52","date_gmt":"2020-11-17T18:46:52","guid":{"rendered":"https:\/\/veteraani.ylirotu.fi\/?page_id=5793"},"modified":"2021-01-19T10:03:20","modified_gmt":"2021-01-19T10:03:20","slug":"krigets-utbrott","status":"publish","type":"page","link":"https:\/\/veteraanienperinto.fi\/index.php\/sv\/fortsattningskriget\/fortsattningkrigets-gang\/krigets-utbrott\/","title":{"rendered":"Krigets utbrott"},"content":{"rendered":"<div id='full_slider_1'  class='avia-fullwidth-slider main_color avia-shadow   avia-builder-el-0  el_before_av_heading  avia-builder-el-first   container_wrap sidebar_right'  ><div  class='avia-slideshow av-398zc-02f453d5415f3780da92a3bb649b6d4a avia-slideshow-featured av_slideshow_full avia-slide-slider av-slideshow-ui av-control-default av-slideshow-manual av-loop-once av-loop-manual-endless av-default-height-applied   avia-slideshow-1' data-slideshow-options=\"{&quot;animation&quot;:&quot;slide&quot;,&quot;autoplay&quot;:false,&quot;loop_autoplay&quot;:&quot;once&quot;,&quot;interval&quot;:5,&quot;loop_manual&quot;:&quot;manual-endless&quot;,&quot;autoplay_stopper&quot;:false,&quot;noNavigation&quot;:false,&quot;bg_slider&quot;:false,&quot;keep_padding&quot;:false,&quot;hoverpause&quot;:false,&quot;show_slide_delay&quot;:0}\"  itemprop=\"image\" itemscope=\"itemscope\" itemtype=\"https:\/\/schema.org\/ImageObject\" ><ul class='avia-slideshow-inner ' style='padding-bottom: 28.666666666667%;'><li  class='avia-slideshow-slide av-398zc-02f453d5415f3780da92a3bb649b6d4a__0  av-single-slide slide-1 slide-odd'><div data-rel='slideshow-1' class='avia-slide-wrap '   ><img decoding=\"async\" fetchpriority=\"high\" class=\"wp-image-4455 avia-img-lazy-loading-not-4455\"  src=\"https:\/\/veteraanienperinto.fi\/wp-content\/uploads\/2020\/10\/sodan_alku-1500x430.png\" width=\"1500\" height=\"430\" title='sodan_alku' alt=''  itemprop=\"thumbnailUrl\" srcset=\"https:\/\/veteraanienperinto.fi\/wp-content\/uploads\/2020\/10\/sodan_alku.png 1500w, https:\/\/veteraanienperinto.fi\/wp-content\/uploads\/2020\/10\/sodan_alku-300x86.png 300w, https:\/\/veteraanienperinto.fi\/wp-content\/uploads\/2020\/10\/sodan_alku-1030x295.png 1030w, https:\/\/veteraanienperinto.fi\/wp-content\/uploads\/2020\/10\/sodan_alku-768x220.png 768w, https:\/\/veteraanienperinto.fi\/wp-content\/uploads\/2020\/10\/sodan_alku-705x202.png 705w\" sizes=\"(max-width: 1500px) 100vw, 1500px\" \/><\/div><\/li><\/ul><\/div><\/div><div id='after_full_slider_1'  class='main_color av_default_container_wrap container_wrap sidebar_right'  ><div class='container av-section-cont-open' ><div class='template-page content  av-content-small alpha units'><div class='post-entry post-entry-type-page post-entry-5793'><div class='entry-content-wrapper clearfix'>\n\n<style type=\"text\/css\" data-created_by=\"avia_inline_auto\" id=\"style-css-av-kk3txgu0-9c5e07a31faf45f2694da1225dc74b31\">\n#top .av-special-heading.av-kk3txgu0-9c5e07a31faf45f2694da1225dc74b31{\npadding-bottom:10px;\n}\nbody .av-special-heading.av-kk3txgu0-9c5e07a31faf45f2694da1225dc74b31 .av-special-heading-tag .heading-char{\nfont-size:25px;\n}\n.av-special-heading.av-kk3txgu0-9c5e07a31faf45f2694da1225dc74b31 .av-subheading{\nfont-size:15px;\n}\n<\/style>\n<div  class='av-special-heading av-kk3txgu0-9c5e07a31faf45f2694da1225dc74b31 av-special-heading-h2  avia-builder-el-1  el_after_av_slideshow_full  el_before_av_textblock  avia-builder-el-first '><h2 class='av-special-heading-tag'  itemprop=\"headline\"  >Krigets utbrott<\/h2><div class=\"special-heading-border\"><div class=\"special-heading-inner-border\"><\/div><\/div><\/div>\n<section  class='av_textblock_section av-6uu3s-7333e1634841fd070a6ffaf36fabc1c1 '   itemscope=\"itemscope\" itemtype=\"https:\/\/schema.org\/CreativeWork\" ><div class='avia_textblock'  itemprop=\"text\" ><p>D\u00e5 Tyskland hade inlett sitt anfall mot Sovjetunionen 22.6.1941 uppgav sig Finland vara neutralt. I norra Finland fanns likv\u00e4l tyska trupper, var finl\u00e4nderna till sin f\u00f6rv\u00e5ning enligt den dagorder som Hitler givit vid krigets utbrott, i samarbete med tyskarna. De sovjetiska luftstridskrafterna anf\u00f6ll Finlands territorium.<\/p>\n<p>I huvudsak hade man flygf\u00e4lten som m\u00e5l, men en stor del av bomberna f\u00f6ll inom t\u00e4torterna. D\u00e5 Sovjetunionen 25.6.1941 bombade femton orter i Finland med n\u00e4ra p\u00e5 500 flygplan, s\u00e5g sig Finland p\u00e5 nytt vara i krig mot Sovjetunionen.<\/p>\n<p>Vid forts\u00e4ttningskrigets utbrott var Finlands arm\u00e9 st\u00f6rre och effektivare \u00e4n i vinterkriget. F\u00f6r f\u00e4ltarm\u00e9n uppst\u00e4lldes 16 divisioner. F\u00f6rsvarsmaktens totala styrka var 475 000 man, medr\u00e4knat lottorna och luftbevakningspersonalen 630 000 medborgare. Trupperna hade 1 100 f\u00e4ltkanoner och 235 flygplan. Man hade f\u00e5tt mera maskinpistoler, likas\u00e5 pansarv\u00e4rnsbev\u00e4pning och nya tunga granatkastare. Ocks\u00e5 luftv\u00e4rnet hade f\u00f6rb\u00e4ttrats. Pansarvagnar som erh\u00e5llits i krigsbyte hade ist\u00e5ndsatts f\u00f6r eget bruk.<\/p>\n<p>Ocks\u00e5 inom sovjettrupperna hade en utveckling skett. Man hade utnyttjat vinterkrigets bittra l\u00e4rdomar. Utbildningen hade f\u00f6rb\u00e4ttrats och f\u00e4ltartilleriet och pansartrupperna hade ut\u00f6kats. Nya \u00f6verl\u00e4gsna T-34- och KV-pansarvagnar togs i bruk ocks\u00e5 mot Finland.<\/p>\n<p>I juni 1941 hade Sovjetunionen sammanlagt 16-17 divisioner mot Finland. Sovjetunionen tvingades \u00e4nd\u00e5 f\u00f6rflytta trupper fr\u00e5n den finl\u00e4ndska fronten mot Tyskland. I juli blev 13 divisioner kvar och eldkraftiga trupper motsvarande tre divisioner inom det bef\u00e4sta omr\u00e5det, 230 pansarvagnar, 2 500 f\u00e4ltkanoner och 240 flygplan.<\/p>\n<p>I b\u00f6rjan av forts\u00e4ttningskriget avh\u00f6ll sig v\u00e4stmakterna fr\u00e5n att mycket kraftigt kritisera Finlands anfallskrigsoperationer, fast\u00e4n Finland j\u00e4mte Tyskland k\u00e4mpade mot Sovjetunionen. England f\u00f6rh\u00f6ll sig till en b\u00f6rjan f\u00f6rh\u00e5llandevis f\u00f6rst\u00e5ende till Finlands syften som uppfattades som ber\u00e4ttigade. D\u00e5 anfallet framskred djupare in p\u00e5 Sovjetunionens omr\u00e5de \u00e4ndrades inst\u00e4llningen.<\/p>\n<p>P\u00e5 h\u00f6sten \u00e5r 1941 uppmanade England Finland att upph\u00f6ra med anfallskrigsoperationerna mot Sovjetunionen. Detta var likv\u00e4l inte av politiska och milit\u00e4ra sk\u00e4l p\u00e5 n\u00e5got s\u00e4tt m\u00f6jligt. D\u00e5 Finland inte r\u00e4ttade sig efter Englands vilja f\u00f6rklarades Finland krig 6.12.1941. Detta hade ingen milit\u00e4r betydelse.<\/p>\n<p>Vid samma tid utvidgades storkriget till ett verkligt v\u00e4rldskrig d\u00e5 japanerna, som en f\u00f6ljd av Japans och F\u00f6renta Staternas tvist som redan p\u00e5g\u00e5tt \u00e5ratal om herrav\u00e4ldet p\u00e5 Stilla havet, 7.12. anf\u00f6ll amerikanernas flott- och flygst\u00f6djepunkt i Pearl Harbor p\u00e5 Hawaii. Tyskarnas anfall mot Sovjetunionen hade avstannat och ryssarna hade 5.12. inlett ett stort motanfall inom Moskva-omr\u00e5det.<\/p>\n<\/div><\/section>\n","protected":false},"excerpt":{"rendered":"","protected":false},"author":1,"featured_media":0,"parent":5789,"menu_order":0,"comment_status":"closed","ping_status":"closed","template":"","meta":{"footnotes":""},"class_list":["post-5793","page","type-page","status-publish","hentry"],"yoast_head":"<!-- This site is optimized with the Yoast SEO plugin v27.5 - https:\/\/yoast.com\/product\/yoast-seo-wordpress\/ -->\n<title>Krigets utbrott - Veteraanien Perint\u00f6<\/title>\n<meta name=\"robots\" content=\"index, follow, max-snippet:-1, max-image-preview:large, max-video-preview:-1\" \/>\n<link rel=\"canonical\" href=\"https:\/\/veteraanienperinto.fi\/index.php\/sv\/fortsattningskriget\/fortsattningkrigets-gang\/krigets-utbrott\/\" \/>\n<meta property=\"og:locale\" content=\"fi_FI\" \/>\n<meta property=\"og:type\" content=\"article\" \/>\n<meta property=\"og:title\" content=\"Krigets utbrott - Veteraanien Perint\u00f6\" \/>\n<meta property=\"og:url\" content=\"https:\/\/veteraanienperinto.fi\/index.php\/sv\/fortsattningskriget\/fortsattningkrigets-gang\/krigets-utbrott\/\" \/>\n<meta property=\"og:site_name\" content=\"Veteraanien Perint\u00f6\" \/>\n<meta property=\"article:modified_time\" content=\"2021-01-19T10:03:20+00:00\" \/>\n<meta name=\"twitter:card\" content=\"summary_large_image\" \/>\n<meta name=\"twitter:label1\" content=\"Arvioitu lukuaika\" \/>\n\t<meta name=\"twitter:data1\" content=\"4 minuuttia\" \/>\n<script type=\"application\/ld+json\" class=\"yoast-schema-graph\">{\"@context\":\"https:\\\/\\\/schema.org\",\"@graph\":[{\"@type\":\"WebPage\",\"@id\":\"https:\\\/\\\/veteraanienperinto.fi\\\/index.php\\\/sv\\\/fortsattningskriget\\\/fortsattningkrigets-gang\\\/krigets-utbrott\\\/\",\"url\":\"https:\\\/\\\/veteraanienperinto.fi\\\/index.php\\\/sv\\\/fortsattningskriget\\\/fortsattningkrigets-gang\\\/krigets-utbrott\\\/\",\"name\":\"Krigets utbrott - Veteraanien Perint\u00f6\",\"isPartOf\":{\"@id\":\"https:\\\/\\\/veteraanienperinto.fi\\\/#website\"},\"datePublished\":\"2020-11-17T18:46:52+00:00\",\"dateModified\":\"2021-01-19T10:03:20+00:00\",\"breadcrumb\":{\"@id\":\"https:\\\/\\\/veteraanienperinto.fi\\\/index.php\\\/sv\\\/fortsattningskriget\\\/fortsattningkrigets-gang\\\/krigets-utbrott\\\/#breadcrumb\"},\"inLanguage\":\"fi\",\"potentialAction\":[{\"@type\":\"ReadAction\",\"target\":[\"https:\\\/\\\/veteraanienperinto.fi\\\/index.php\\\/sv\\\/fortsattningskriget\\\/fortsattningkrigets-gang\\\/krigets-utbrott\\\/\"]}]},{\"@type\":\"BreadcrumbList\",\"@id\":\"https:\\\/\\\/veteraanienperinto.fi\\\/index.php\\\/sv\\\/fortsattningskriget\\\/fortsattningkrigets-gang\\\/krigets-utbrott\\\/#breadcrumb\",\"itemListElement\":[{\"@type\":\"ListItem\",\"position\":1,\"name\":\"Etusivu\",\"item\":\"https:\\\/\\\/veteraanienperinto.fi\\\/index.php\\\/etusivu-2\\\/\"},{\"@type\":\"ListItem\",\"position\":2,\"name\":\"Forts\u00e4ttningskriget\",\"item\":\"https:\\\/\\\/veteraanienperinto.fi\\\/index.php\\\/sv\\\/fortsattningskriget\\\/\"},{\"@type\":\"ListItem\",\"position\":3,\"name\":\"Forts\u00e4ttningkrigets g\u00e5ng\",\"item\":\"https:\\\/\\\/veteraanienperinto.fi\\\/index.php\\\/sv\\\/fortsattningskriget\\\/fortsattningkrigets-gang\\\/\"},{\"@type\":\"ListItem\",\"position\":4,\"name\":\"Krigets utbrott\"}]},{\"@type\":\"WebSite\",\"@id\":\"https:\\\/\\\/veteraanienperinto.fi\\\/#website\",\"url\":\"https:\\\/\\\/veteraanienperinto.fi\\\/\",\"name\":\"Veteraanien Perint\u00f6\",\"description\":\"Kadettikunta\",\"potentialAction\":[{\"@type\":\"SearchAction\",\"target\":{\"@type\":\"EntryPoint\",\"urlTemplate\":\"https:\\\/\\\/veteraanienperinto.fi\\\/?s={search_term_string}\"},\"query-input\":{\"@type\":\"PropertyValueSpecification\",\"valueRequired\":true,\"valueName\":\"search_term_string\"}}],\"inLanguage\":\"fi\"}]}<\/script>\n<!-- \/ Yoast SEO plugin. -->","yoast_head_json":{"title":"Krigets utbrott - Veteraanien Perint\u00f6","robots":{"index":"index","follow":"follow","max-snippet":"max-snippet:-1","max-image-preview":"max-image-preview:large","max-video-preview":"max-video-preview:-1"},"canonical":"https:\/\/veteraanienperinto.fi\/index.php\/sv\/fortsattningskriget\/fortsattningkrigets-gang\/krigets-utbrott\/","og_locale":"fi_FI","og_type":"article","og_title":"Krigets utbrott - Veteraanien Perint\u00f6","og_url":"https:\/\/veteraanienperinto.fi\/index.php\/sv\/fortsattningskriget\/fortsattningkrigets-gang\/krigets-utbrott\/","og_site_name":"Veteraanien Perint\u00f6","article_modified_time":"2021-01-19T10:03:20+00:00","twitter_card":"summary_large_image","twitter_misc":{"Arvioitu lukuaika":"4 minuuttia"},"schema":{"@context":"https:\/\/schema.org","@graph":[{"@type":"WebPage","@id":"https:\/\/veteraanienperinto.fi\/index.php\/sv\/fortsattningskriget\/fortsattningkrigets-gang\/krigets-utbrott\/","url":"https:\/\/veteraanienperinto.fi\/index.php\/sv\/fortsattningskriget\/fortsattningkrigets-gang\/krigets-utbrott\/","name":"Krigets utbrott - Veteraanien Perint\u00f6","isPartOf":{"@id":"https:\/\/veteraanienperinto.fi\/#website"},"datePublished":"2020-11-17T18:46:52+00:00","dateModified":"2021-01-19T10:03:20+00:00","breadcrumb":{"@id":"https:\/\/veteraanienperinto.fi\/index.php\/sv\/fortsattningskriget\/fortsattningkrigets-gang\/krigets-utbrott\/#breadcrumb"},"inLanguage":"fi","potentialAction":[{"@type":"ReadAction","target":["https:\/\/veteraanienperinto.fi\/index.php\/sv\/fortsattningskriget\/fortsattningkrigets-gang\/krigets-utbrott\/"]}]},{"@type":"BreadcrumbList","@id":"https:\/\/veteraanienperinto.fi\/index.php\/sv\/fortsattningskriget\/fortsattningkrigets-gang\/krigets-utbrott\/#breadcrumb","itemListElement":[{"@type":"ListItem","position":1,"name":"Etusivu","item":"https:\/\/veteraanienperinto.fi\/index.php\/etusivu-2\/"},{"@type":"ListItem","position":2,"name":"Forts\u00e4ttningskriget","item":"https:\/\/veteraanienperinto.fi\/index.php\/sv\/fortsattningskriget\/"},{"@type":"ListItem","position":3,"name":"Forts\u00e4ttningkrigets g\u00e5ng","item":"https:\/\/veteraanienperinto.fi\/index.php\/sv\/fortsattningskriget\/fortsattningkrigets-gang\/"},{"@type":"ListItem","position":4,"name":"Krigets utbrott"}]},{"@type":"WebSite","@id":"https:\/\/veteraanienperinto.fi\/#website","url":"https:\/\/veteraanienperinto.fi\/","name":"Veteraanien Perint\u00f6","description":"Kadettikunta","potentialAction":[{"@type":"SearchAction","target":{"@type":"EntryPoint","urlTemplate":"https:\/\/veteraanienperinto.fi\/?s={search_term_string}"},"query-input":{"@type":"PropertyValueSpecification","valueRequired":true,"valueName":"search_term_string"}}],"inLanguage":"fi"}]}},"_links":{"self":[{"href":"https:\/\/veteraanienperinto.fi\/index.php\/wp-json\/wp\/v2\/pages\/5793","targetHints":{"allow":["GET"]}}],"collection":[{"href":"https:\/\/veteraanienperinto.fi\/index.php\/wp-json\/wp\/v2\/pages"}],"about":[{"href":"https:\/\/veteraanienperinto.fi\/index.php\/wp-json\/wp\/v2\/types\/page"}],"author":[{"embeddable":true,"href":"https:\/\/veteraanienperinto.fi\/index.php\/wp-json\/wp\/v2\/users\/1"}],"replies":[{"embeddable":true,"href":"https:\/\/veteraanienperinto.fi\/index.php\/wp-json\/wp\/v2\/comments?post=5793"}],"version-history":[{"count":7,"href":"https:\/\/veteraanienperinto.fi\/index.php\/wp-json\/wp\/v2\/pages\/5793\/revisions"}],"predecessor-version":[{"id":10024,"href":"https:\/\/veteraanienperinto.fi\/index.php\/wp-json\/wp\/v2\/pages\/5793\/revisions\/10024"}],"up":[{"embeddable":true,"href":"https:\/\/veteraanienperinto.fi\/index.php\/wp-json\/wp\/v2\/pages\/5789"}],"wp:attachment":[{"href":"https:\/\/veteraanienperinto.fi\/index.php\/wp-json\/wp\/v2\/media?parent=5793"}],"curies":[{"name":"wp","href":"https:\/\/api.w.org\/{rel}","templated":true}]}}