{"id":5797,"date":"2020-11-17T18:49:07","date_gmt":"2020-11-17T18:49:07","guid":{"rendered":"https:\/\/veteraani.ylirotu.fi\/?page_id=5797"},"modified":"2020-12-14T09:12:26","modified_gmt":"2020-12-14T09:12:26","slug":"anfallsskede","status":"publish","type":"page","link":"https:\/\/veteraanienperinto.fi\/index.php\/sv\/fortsattningskriget\/fortsattningkrigets-gang\/anfallsskede\/","title":{"rendered":"Anfallsskede"},"content":{"rendered":"<div id='full_slider_1'  class='avia-fullwidth-slider main_color avia-shadow   avia-builder-el-0  el_before_av_heading  avia-builder-el-first   container_wrap sidebar_right'  ><div  class='avia-slideshow av-z5nkr-be23f961c58748f3d203887558175dde avia-slideshow-featured av_slideshow_full avia-slide-slider av-slideshow-ui av-control-default av-slideshow-manual av-loop-once av-loop-manual-endless av-default-height-applied   avia-slideshow-1' data-slideshow-options=\"{&quot;animation&quot;:&quot;slide&quot;,&quot;autoplay&quot;:false,&quot;loop_autoplay&quot;:&quot;once&quot;,&quot;interval&quot;:5,&quot;loop_manual&quot;:&quot;manual-endless&quot;,&quot;autoplay_stopper&quot;:false,&quot;noNavigation&quot;:false,&quot;bg_slider&quot;:false,&quot;keep_padding&quot;:false,&quot;hoverpause&quot;:false,&quot;show_slide_delay&quot;:0}\"  itemprop=\"image\" itemscope=\"itemscope\" itemtype=\"https:\/\/schema.org\/ImageObject\" ><ul class='avia-slideshow-inner ' style='padding-bottom: 28.666666666667%;'><li  class='avia-slideshow-slide av-z5nkr-be23f961c58748f3d203887558175dde__0  av-single-slide slide-1 slide-odd'><div data-rel='slideshow-1' class='avia-slide-wrap '   ><img decoding=\"async\" fetchpriority=\"high\" class=\"wp-image-3899 avia-img-lazy-loading-not-3899\"  src=\"https:\/\/veteraanienperinto.fi\/wp-content\/uploads\/2020\/09\/hyokkays_jatkosota-1500x430.png\" width=\"1500\" height=\"430\" title='hyokkays_jatkosota' alt=''  itemprop=\"thumbnailUrl\" srcset=\"https:\/\/veteraanienperinto.fi\/wp-content\/uploads\/2020\/09\/hyokkays_jatkosota.png 1500w, https:\/\/veteraanienperinto.fi\/wp-content\/uploads\/2020\/09\/hyokkays_jatkosota-300x86.png 300w, https:\/\/veteraanienperinto.fi\/wp-content\/uploads\/2020\/09\/hyokkays_jatkosota-1030x295.png 1030w, https:\/\/veteraanienperinto.fi\/wp-content\/uploads\/2020\/09\/hyokkays_jatkosota-768x220.png 768w, https:\/\/veteraanienperinto.fi\/wp-content\/uploads\/2020\/09\/hyokkays_jatkosota-705x202.png 705w\" sizes=\"(max-width: 1500px) 100vw, 1500px\" \/><\/div><\/li><\/ul><\/div><\/div><div id='after_full_slider_1'  class='main_color av_default_container_wrap container_wrap sidebar_right'  ><div class='container av-section-cont-open' ><div class='template-page content  av-content-small alpha units'><div class='post-entry post-entry-type-page post-entry-5797'><div class='entry-content-wrapper clearfix'>\n\n<style type=\"text\/css\" data-created_by=\"avia_inline_auto\" id=\"style-css-av-kioc8k9j-76e3353007a120adaef05bd9d833d782\">\n#top .av-special-heading.av-kioc8k9j-76e3353007a120adaef05bd9d833d782{\npadding-bottom:10px;\n}\nbody .av-special-heading.av-kioc8k9j-76e3353007a120adaef05bd9d833d782 .av-special-heading-tag .heading-char{\nfont-size:25px;\n}\n.av-special-heading.av-kioc8k9j-76e3353007a120adaef05bd9d833d782 .av-subheading{\nfont-size:15px;\n}\n<\/style>\n<div  class='av-special-heading av-kioc8k9j-76e3353007a120adaef05bd9d833d782 av-special-heading-h2  avia-builder-el-1  el_after_av_slideshow_full  el_before_av_textblock  avia-builder-el-first '><h2 class='av-special-heading-tag'  itemprop=\"headline\"  >Anfallsskede<\/h2><div class=\"special-heading-border\"><div class=\"special-heading-inner-border\"><\/div><\/div><\/div>\n<section  class='av_textblock_section av-bcp9n-ec0dba62f0fa5ecf98f73e947541e91c '   itemscope=\"itemscope\" itemtype=\"https:\/\/schema.org\/CreativeWork\" ><div class='avia_textblock'  itemprop=\"text\" ><p>Efter ett tv\u00e5veckors f\u00f6rsvarsskede i b\u00f6rjan av forts\u00e4ttningskriget blev Finlands krigsm\u00e5ls\u00e4ttning att er\u00f6vra tillbaka omr\u00e5dena som f\u00f6rlorats i vinterkriget. Vinterkrigets of\u00f6rr\u00e4tt m\u00e5ste r\u00e4ttas till. Det r\u00e5dde ett vitt samf\u00f6rst\u00e5nd om detta i v\u00e5rt land. D\u00e5 man sammandrog trupperna till fronten h\u00e4lsade m\u00e4nniskorna soldaterna i byarna och p\u00e5 j\u00e4rnv\u00e4gsstationerna med &#8221;Ta Karelen tillbaka&#8221;.<\/p>\n<p>Finl\u00e4ndarnas anfall tidsanpassades till hur tyskarnas anfall framskred i Baltikum. Anfallet inleddes p\u00e5 nord\u00f6stra sidan av Ladoga 10.7.1941. Finl\u00e4ndarna er\u00f6vrade Sordavala i mitten av augusti. Vid anfallet som inleddes p\u00e5 Karelska N\u00e4set er\u00f6vrades Kexholm 21.8. och Viborg 30.8. Finlands bl\u00e5korsflagga vajade \u00e5ter i Viborgs slottstorn. Ett stort krigsbyte erh\u00f6lls fr\u00e5n Porlammi-mottin s\u00f6der om Viborg.<\/p>\n<p>P\u00e5 Ladogas norra sida fortsatte anfallet till Svir, Petroskoi eller \u00c4\u00e4nislinna, Karhum\u00e4ki och Poventsa. Den tidigare vittomfattande samst\u00e4mmigheten knakade i fogarna i n\u00e5gra truppf\u00f6rband d\u00e5 man \u00f6verskred den gamla gr\u00e4nsen mellan Finland och Sovjetunionen. Alla godk\u00e4nde inte genast att man tr\u00e4ngde in p\u00e5 Sovjetunionens omr\u00e5de. Denna tillf\u00e4lliga f\u00f6reteelse hade ingen betydelse f\u00f6r krigsoperationerna.<\/p>\n<p>De tyska trupper som fanns i norra Finland, vilkas numer\u00e4r slutligen var \u00f6ver 200 000 man, svarade f\u00f6r krigsoperationerna mellan Kajana och Ishavet. Detta gjorde det m\u00f6jligt att koncentrera de finl\u00e4ndska trupperna till tyngdpunktsomr\u00e5dena mera s\u00f6derut. De tyska truppernas anfallsuppgift var att er\u00f6vra Murmansk och att sk\u00e4ra av j\u00e4rnv\u00e4gen som ledde s\u00f6derut d\u00e4rifr\u00e5n. De uppn\u00e5dde \u00e4nd\u00e5 inte sina m\u00e5l.<\/p>\n<p>De tyska trupperna, av vilka en stor del hade st\u00e4llts upp i \u00d6sterrike, l\u00e4mpade sig till en b\u00f6rjan d\u00e5ligt betr\u00e4ffande utrustningen och utbildningen f\u00f6r terr\u00e4ngen i norra Finland som var skogig med f\u00e5 v\u00e4gar, samt f\u00f6r Lapplands fj\u00e4llomr\u00e5den. Senare f\u00f6rb\u00e4ttrades dessa truppers stridsf\u00f6rm\u00e5ga v\u00e4sentligt. Under forts\u00e4ttningskriget stimulerade tyskarna n\u00e4ringslivet i norra Finland genom att erbjuda rikligt med arbetsplatser och f\u00f6rtj\u00e4nstm\u00f6jligheter \u00e5t den lokala befolkningen, samt ocks\u00e5 \u00e5t dem som kommit s\u00f6derifr\u00e5n f\u00f6r att s\u00f6ka arbete. De tyska soldaternas upptr\u00e4dande mot den finl\u00e4ndska civilbefolkningen under hela forts\u00e4ttningskrigstiden var i allm\u00e4nhet exemplariskt.<\/p>\n<p>F\u00f6re december 1941 hade finl\u00e4ndarna uppn\u00e5tt de st\u00e4llningar, vilka ans\u00e5gs garantera en tillr\u00e4cklig s\u00e4kerhetszon om storkriget \u00e4nnu skulle forts\u00e4tta. P\u00e5 Karelska n\u00e4set stannade man i h\u00f6jd med Leningrads yttersta f\u00f6rsvarslinje och i \u00d6stkarelen p\u00e5 linjen Svir-Onega-Maaselk\u00e4n\u00e4set-Rukaj\u00e4rvi. M\u00e5let avgjordes p\u00e5 basis av rent milit\u00e4ra synpunkter. Till exempel tankarna p\u00e5 ett Stor-Finland som funnits inom en sn\u00e4v krets intresserade inte soldaterna. De finl\u00e4ndska trupperna anf\u00f6ll i inget skede mot Leningrad, och flygarna var absolut f\u00f6rbjudna att flyga inom Leningrads omr\u00e5de.<\/p>\n<\/div><\/section>\n","protected":false},"excerpt":{"rendered":"","protected":false},"author":1,"featured_media":0,"parent":5789,"menu_order":1,"comment_status":"closed","ping_status":"closed","template":"","meta":{"footnotes":""},"class_list":["post-5797","page","type-page","status-publish","hentry"],"yoast_head":"<!-- This site is optimized with the Yoast SEO plugin v27.5 - https:\/\/yoast.com\/product\/yoast-seo-wordpress\/ -->\n<title>Anfallsskede - Veteraanien Perint\u00f6<\/title>\n<meta name=\"robots\" content=\"index, follow, max-snippet:-1, max-image-preview:large, max-video-preview:-1\" \/>\n<link rel=\"canonical\" href=\"https:\/\/veteraanienperinto.fi\/index.php\/sv\/fortsattningskriget\/fortsattningkrigets-gang\/anfallsskede\/\" \/>\n<meta property=\"og:locale\" content=\"fi_FI\" \/>\n<meta property=\"og:type\" content=\"article\" \/>\n<meta property=\"og:title\" content=\"Anfallsskede - Veteraanien Perint\u00f6\" \/>\n<meta property=\"og:url\" content=\"https:\/\/veteraanienperinto.fi\/index.php\/sv\/fortsattningskriget\/fortsattningkrigets-gang\/anfallsskede\/\" \/>\n<meta property=\"og:site_name\" content=\"Veteraanien Perint\u00f6\" \/>\n<meta property=\"article:modified_time\" content=\"2020-12-14T09:12:26+00:00\" \/>\n<meta name=\"twitter:card\" content=\"summary_large_image\" \/>\n<meta name=\"twitter:label1\" content=\"Arvioitu lukuaika\" \/>\n\t<meta name=\"twitter:data1\" content=\"4 minuuttia\" \/>\n<script type=\"application\/ld+json\" class=\"yoast-schema-graph\">{\"@context\":\"https:\\\/\\\/schema.org\",\"@graph\":[{\"@type\":\"WebPage\",\"@id\":\"https:\\\/\\\/veteraanienperinto.fi\\\/index.php\\\/sv\\\/fortsattningskriget\\\/fortsattningkrigets-gang\\\/anfallsskede\\\/\",\"url\":\"https:\\\/\\\/veteraanienperinto.fi\\\/index.php\\\/sv\\\/fortsattningskriget\\\/fortsattningkrigets-gang\\\/anfallsskede\\\/\",\"name\":\"Anfallsskede - Veteraanien Perint\u00f6\",\"isPartOf\":{\"@id\":\"https:\\\/\\\/veteraanienperinto.fi\\\/#website\"},\"datePublished\":\"2020-11-17T18:49:07+00:00\",\"dateModified\":\"2020-12-14T09:12:26+00:00\",\"breadcrumb\":{\"@id\":\"https:\\\/\\\/veteraanienperinto.fi\\\/index.php\\\/sv\\\/fortsattningskriget\\\/fortsattningkrigets-gang\\\/anfallsskede\\\/#breadcrumb\"},\"inLanguage\":\"fi\",\"potentialAction\":[{\"@type\":\"ReadAction\",\"target\":[\"https:\\\/\\\/veteraanienperinto.fi\\\/index.php\\\/sv\\\/fortsattningskriget\\\/fortsattningkrigets-gang\\\/anfallsskede\\\/\"]}]},{\"@type\":\"BreadcrumbList\",\"@id\":\"https:\\\/\\\/veteraanienperinto.fi\\\/index.php\\\/sv\\\/fortsattningskriget\\\/fortsattningkrigets-gang\\\/anfallsskede\\\/#breadcrumb\",\"itemListElement\":[{\"@type\":\"ListItem\",\"position\":1,\"name\":\"Etusivu\",\"item\":\"https:\\\/\\\/veteraanienperinto.fi\\\/index.php\\\/etusivu-2\\\/\"},{\"@type\":\"ListItem\",\"position\":2,\"name\":\"Forts\u00e4ttningskriget\",\"item\":\"https:\\\/\\\/veteraanienperinto.fi\\\/index.php\\\/sv\\\/fortsattningskriget\\\/\"},{\"@type\":\"ListItem\",\"position\":3,\"name\":\"Forts\u00e4ttningkrigets g\u00e5ng\",\"item\":\"https:\\\/\\\/veteraanienperinto.fi\\\/index.php\\\/sv\\\/fortsattningskriget\\\/fortsattningkrigets-gang\\\/\"},{\"@type\":\"ListItem\",\"position\":4,\"name\":\"Anfallsskede\"}]},{\"@type\":\"WebSite\",\"@id\":\"https:\\\/\\\/veteraanienperinto.fi\\\/#website\",\"url\":\"https:\\\/\\\/veteraanienperinto.fi\\\/\",\"name\":\"Veteraanien Perint\u00f6\",\"description\":\"Kadettikunta\",\"potentialAction\":[{\"@type\":\"SearchAction\",\"target\":{\"@type\":\"EntryPoint\",\"urlTemplate\":\"https:\\\/\\\/veteraanienperinto.fi\\\/?s={search_term_string}\"},\"query-input\":{\"@type\":\"PropertyValueSpecification\",\"valueRequired\":true,\"valueName\":\"search_term_string\"}}],\"inLanguage\":\"fi\"}]}<\/script>\n<!-- \/ Yoast SEO plugin. -->","yoast_head_json":{"title":"Anfallsskede - Veteraanien Perint\u00f6","robots":{"index":"index","follow":"follow","max-snippet":"max-snippet:-1","max-image-preview":"max-image-preview:large","max-video-preview":"max-video-preview:-1"},"canonical":"https:\/\/veteraanienperinto.fi\/index.php\/sv\/fortsattningskriget\/fortsattningkrigets-gang\/anfallsskede\/","og_locale":"fi_FI","og_type":"article","og_title":"Anfallsskede - Veteraanien Perint\u00f6","og_url":"https:\/\/veteraanienperinto.fi\/index.php\/sv\/fortsattningskriget\/fortsattningkrigets-gang\/anfallsskede\/","og_site_name":"Veteraanien Perint\u00f6","article_modified_time":"2020-12-14T09:12:26+00:00","twitter_card":"summary_large_image","twitter_misc":{"Arvioitu lukuaika":"4 minuuttia"},"schema":{"@context":"https:\/\/schema.org","@graph":[{"@type":"WebPage","@id":"https:\/\/veteraanienperinto.fi\/index.php\/sv\/fortsattningskriget\/fortsattningkrigets-gang\/anfallsskede\/","url":"https:\/\/veteraanienperinto.fi\/index.php\/sv\/fortsattningskriget\/fortsattningkrigets-gang\/anfallsskede\/","name":"Anfallsskede - Veteraanien Perint\u00f6","isPartOf":{"@id":"https:\/\/veteraanienperinto.fi\/#website"},"datePublished":"2020-11-17T18:49:07+00:00","dateModified":"2020-12-14T09:12:26+00:00","breadcrumb":{"@id":"https:\/\/veteraanienperinto.fi\/index.php\/sv\/fortsattningskriget\/fortsattningkrigets-gang\/anfallsskede\/#breadcrumb"},"inLanguage":"fi","potentialAction":[{"@type":"ReadAction","target":["https:\/\/veteraanienperinto.fi\/index.php\/sv\/fortsattningskriget\/fortsattningkrigets-gang\/anfallsskede\/"]}]},{"@type":"BreadcrumbList","@id":"https:\/\/veteraanienperinto.fi\/index.php\/sv\/fortsattningskriget\/fortsattningkrigets-gang\/anfallsskede\/#breadcrumb","itemListElement":[{"@type":"ListItem","position":1,"name":"Etusivu","item":"https:\/\/veteraanienperinto.fi\/index.php\/etusivu-2\/"},{"@type":"ListItem","position":2,"name":"Forts\u00e4ttningskriget","item":"https:\/\/veteraanienperinto.fi\/index.php\/sv\/fortsattningskriget\/"},{"@type":"ListItem","position":3,"name":"Forts\u00e4ttningkrigets g\u00e5ng","item":"https:\/\/veteraanienperinto.fi\/index.php\/sv\/fortsattningskriget\/fortsattningkrigets-gang\/"},{"@type":"ListItem","position":4,"name":"Anfallsskede"}]},{"@type":"WebSite","@id":"https:\/\/veteraanienperinto.fi\/#website","url":"https:\/\/veteraanienperinto.fi\/","name":"Veteraanien Perint\u00f6","description":"Kadettikunta","potentialAction":[{"@type":"SearchAction","target":{"@type":"EntryPoint","urlTemplate":"https:\/\/veteraanienperinto.fi\/?s={search_term_string}"},"query-input":{"@type":"PropertyValueSpecification","valueRequired":true,"valueName":"search_term_string"}}],"inLanguage":"fi"}]}},"_links":{"self":[{"href":"https:\/\/veteraanienperinto.fi\/index.php\/wp-json\/wp\/v2\/pages\/5797","targetHints":{"allow":["GET"]}}],"collection":[{"href":"https:\/\/veteraanienperinto.fi\/index.php\/wp-json\/wp\/v2\/pages"}],"about":[{"href":"https:\/\/veteraanienperinto.fi\/index.php\/wp-json\/wp\/v2\/types\/page"}],"author":[{"embeddable":true,"href":"https:\/\/veteraanienperinto.fi\/index.php\/wp-json\/wp\/v2\/users\/1"}],"replies":[{"embeddable":true,"href":"https:\/\/veteraanienperinto.fi\/index.php\/wp-json\/wp\/v2\/comments?post=5797"}],"version-history":[{"count":3,"href":"https:\/\/veteraanienperinto.fi\/index.php\/wp-json\/wp\/v2\/pages\/5797\/revisions"}],"predecessor-version":[{"id":7459,"href":"https:\/\/veteraanienperinto.fi\/index.php\/wp-json\/wp\/v2\/pages\/5797\/revisions\/7459"}],"up":[{"embeddable":true,"href":"https:\/\/veteraanienperinto.fi\/index.php\/wp-json\/wp\/v2\/pages\/5789"}],"wp:attachment":[{"href":"https:\/\/veteraanienperinto.fi\/index.php\/wp-json\/wp\/v2\/media?parent=5797"}],"curies":[{"name":"wp","href":"https:\/\/api.w.org\/{rel}","templated":true}]}}