{"id":5801,"date":"2020-11-17T18:50:31","date_gmt":"2020-11-17T18:50:31","guid":{"rendered":"https:\/\/veteraani.ylirotu.fi\/?page_id=5801"},"modified":"2021-01-14T08:07:43","modified_gmt":"2021-01-14T08:07:43","slug":"stallningskriget","status":"publish","type":"page","link":"https:\/\/veteraanienperinto.fi\/index.php\/sv\/fortsattningskriget\/fortsattningkrigets-gang\/stallningskriget\/","title":{"rendered":"St\u00e4llningskriget"},"content":{"rendered":"<div id='full_slider_1'  class='avia-fullwidth-slider main_color avia-shadow   avia-builder-el-0  el_before_av_heading  avia-builder-el-first   container_wrap sidebar_right'  >\n<style type=\"text\/css\" data-created_by=\"avia_inline_auto\" id=\"style-css-av-ynbux-7d1282708c59864576cb7baf9c90142f\">\n#top .avia-slideshow .av-slideshow-caption.av-ynbux-7d1282708c59864576cb7baf9c90142f__0 .avia-caption-content{\nfont-size:12px;\n}\n#top .avia-slideshow .av-slideshow-caption.av-ynbux-7d1282708c59864576cb7baf9c90142f__0 .avia-caption-content p{\nfont-size:12px;\n}\n<\/style>\n<div  class='avia-slideshow av-ynbux-7d1282708c59864576cb7baf9c90142f avia-slideshow-featured av_slideshow_full avia-slide-slider av-slideshow-ui av-control-default av-slideshow-manual av-loop-once av-loop-manual-endless av-default-height-applied   avia-slideshow-1' data-slideshow-options=\"{&quot;animation&quot;:&quot;slide&quot;,&quot;autoplay&quot;:false,&quot;loop_autoplay&quot;:&quot;once&quot;,&quot;interval&quot;:5,&quot;loop_manual&quot;:&quot;manual-endless&quot;,&quot;autoplay_stopper&quot;:false,&quot;noNavigation&quot;:false,&quot;bg_slider&quot;:false,&quot;keep_padding&quot;:false,&quot;hoverpause&quot;:false,&quot;show_slide_delay&quot;:0}\"  itemprop=\"image\" itemscope=\"itemscope\" itemtype=\"https:\/\/schema.org\/ImageObject\" ><ul class='avia-slideshow-inner ' style='padding-bottom: 28.666666666667%;'><li  class='avia-slideshow-slide av-ynbux-7d1282708c59864576cb7baf9c90142f__0  av-single-slide slide-1 slide-odd'><div data-rel='slideshow-1' class='avia-slide-wrap '   ><div class='av-slideshow-caption av-ynbux-7d1282708c59864576cb7baf9c90142f__0 caption_fullwidth caption_bottom caption_bottom_framed caption_framed'><div class=\"container caption_container\"><div class=\"slideshow_caption\"><div class=\"slideshow_inner_caption\"><div class=\"slideshow_align_caption\"><div class='avia-caption-content '  itemprop=\"description\" ><p>Sergeant Jutila reng\u00f6r sin kulspruta den 12 maj 1943<br \/>\nKraftverksblock (Syv\u00e4ri), 2 \/ JR2, IV lagbas Tirva 3<\/p>\n<\/div><\/div><\/div><\/div><\/div><\/div><img decoding=\"async\" fetchpriority=\"high\" class=\"wp-image-4599 avia-img-lazy-loading-not-4599\"  src=\"https:\/\/veteraanienperinto.fi\/wp-content\/uploads\/2020\/10\/asemasota_kk_puhdistus-1500x430.png\" width=\"1500\" height=\"430\" title='asemasota_kk_puhdistus' alt=''  itemprop=\"thumbnailUrl\" srcset=\"https:\/\/veteraanienperinto.fi\/wp-content\/uploads\/2020\/10\/asemasota_kk_puhdistus.png 1500w, https:\/\/veteraanienperinto.fi\/wp-content\/uploads\/2020\/10\/asemasota_kk_puhdistus-300x86.png 300w, https:\/\/veteraanienperinto.fi\/wp-content\/uploads\/2020\/10\/asemasota_kk_puhdistus-1030x295.png 1030w, https:\/\/veteraanienperinto.fi\/wp-content\/uploads\/2020\/10\/asemasota_kk_puhdistus-768x220.png 768w, https:\/\/veteraanienperinto.fi\/wp-content\/uploads\/2020\/10\/asemasota_kk_puhdistus-705x202.png 705w\" sizes=\"(max-width: 1500px) 100vw, 1500px\" \/><\/div><\/li><\/ul><\/div><\/div><div id='after_full_slider_1'  class='main_color av_default_container_wrap container_wrap sidebar_right'  ><div class='container av-section-cont-open' ><div class='template-page content  av-content-small alpha units'><div class='post-entry post-entry-type-page post-entry-5801'><div class='entry-content-wrapper clearfix'>\n\n<style type=\"text\/css\" data-created_by=\"avia_inline_auto\" id=\"style-css-av-kjwkkzhk-1b43b7eeae4e0293af3e37e3206962a5\">\n#top .av-special-heading.av-kjwkkzhk-1b43b7eeae4e0293af3e37e3206962a5{\npadding-bottom:10px;\n}\nbody .av-special-heading.av-kjwkkzhk-1b43b7eeae4e0293af3e37e3206962a5 .av-special-heading-tag .heading-char{\nfont-size:25px;\n}\n.av-special-heading.av-kjwkkzhk-1b43b7eeae4e0293af3e37e3206962a5 .av-subheading{\nfont-size:15px;\n}\n<\/style>\n<div  class='av-special-heading av-kjwkkzhk-1b43b7eeae4e0293af3e37e3206962a5 av-special-heading-h2  avia-builder-el-1  el_after_av_slideshow_full  el_before_av_textblock  avia-builder-el-first '><h2 class='av-special-heading-tag'  itemprop=\"headline\"  >ST\u00c4LLNINGSKRIGET<\/h2><div class=\"special-heading-border\"><div class=\"special-heading-inner-border\"><\/div><\/div><\/div>\n<section  class='av_textblock_section av-blbgh-6b8cadfe881dc17abb41ba631486b0c2 '   itemscope=\"itemscope\" itemtype=\"https:\/\/schema.org\/CreativeWork\" ><div class='avia_textblock'  itemprop=\"text\" ><p>Efter anfallsskedet fick trupperna f\u00f6rsvarsuppgifter. Samtidigt p\u00e5b\u00f6rjades planeringen av l\u00e4ngre bakomliggande f\u00f6rsvarst\u00e4llningar och senare bef\u00e4standet av dem. F\u00f6r att trygga v\u00e5rt lands n\u00e4ringsliv hemf\u00f6rlovades 105000 man ur de \u00e4ldre \u00e5ldersklasserna.<\/p>\n<p>St\u00e4llningskriget bestod till stor del av enformig vakttj\u00e4nst, som likv\u00e4l kr\u00e4vde en fortl\u00f6pande vaksamhet. Fr\u00e5n b\u00e5da sidor sysslade man med f\u00e5ngsnappning samt partig\u00e4ngar- och patrullverksamhet ocks\u00e5 djupt i ryggen p\u00e5 motst\u00e5ndaren. Under st\u00e4llningskriget utk\u00e4mpades ocks\u00e5 flera h\u00e4ftiga lokala strider. Genom propaganda f\u00f6rs\u00f6kte man fr\u00e5n b\u00e5da sidor p\u00e5verka fienden, men resultaten blev anspr\u00e5ksl\u00f6sa.<\/p>\n<p>Under det lugnare skedet utnyttjade man inte till fullo tiden till att f\u00f6rb\u00e4ttra st\u00e4llningarna och bef\u00e4sta de bakre st\u00e4llningarna. Fritidssyssels\u00e4ttningarna gav m\u00e5nga b\u00e5de bruks- och prydnadsf\u00f6rem\u00e5l, men tiden som anv\u00e4ndes f\u00f6r detta \u00f6kade inte f\u00f6rsvarsberedskapen. Fritidssyssels\u00e4ttningarna hade \u00e4nd\u00e5 betydelse f\u00f6r uppr\u00e4tth\u00e5llandet av sinnesst\u00e4mningen. Man f\u00f6rs\u00f6kte ocks\u00e5 p\u00e5verka den genom upplysnings- och underh\u00e5llningsverksamhet.<\/p>\n<p>Trots de sv\u00e5ra f\u00f6rh\u00e5llandena h\u00f6rde ocks\u00e5 studier till fritidssyssels\u00e4ttningarna, \u00e4nda ut i korsurna vid fr\u00e4msta linjen. M\u00e5nga avlade till exempel studentexamen d\u00e5 de var vid fronten. Skolundervisning ordnades f\u00f6r barnen i \u00d6stkarelen som blivit kvar inom de er\u00f6vrade omr\u00e5dena. Finl\u00e4ndska l\u00e4rare svarade f\u00f6r utbildningen.<\/p>\n<p>Under st\u00e4llningskriget och speciellt \u00e5r 1943 anl\u00e4nde \u00f6ver 3300 frivilliga ester till v\u00e5rt land som var villiga att tj\u00e4na i finska arm\u00e9n. I b\u00f6rjan av \u00e5r 1944 uppst\u00e4lldes j\u00e4garregemente JR 200 av ester, som k\u00e4mpade framg\u00e5ngsrikt p\u00e5 Karelska n\u00e4set i avv\u00e4rjningsstriderna p\u00e5 sommaren 1944. Ocks\u00e5 inom Finlands sj\u00f6stridskrafter tj\u00e4nstgjorde estniska frivilliga under hela forts\u00e4ttningskriget. I augusti 1944 skeppades JR 200 \u00f6ver till Estland, d\u00e4r det underst\u00e4llt tyskarna fortsatte kampen f\u00f6r Estlands frihet mot de sovjetiska trupper som anf\u00f6ll landet.<\/p>\n<p>I februari 1944 gjorde Sovjetunionen tre stora luftanfall mot Helsingfors. Avsikten med dessa var att f\u00f6rm\u00e5 Finland att g\u00e5 med p\u00e5 fred p\u00e5 Sovjetunionens villkor. Helsingfors effektiva och v\u00e4l ledda luftv\u00e4rn r\u00e4ddade likv\u00e4l huvudstaden fr\u00e5n st\u00f6rre \u00f6del\u00e4ggelse.<\/p>\n<p>Flygm\u00e4stare Juutilainen var en tv\u00e5faldig riddare av Mannerheim-korset tillsammans med tre andra exceptionellt meriterade soldater. Sammanlagt utn\u00e4mndes 191 finl\u00e4ndska soldater till Mannerheimriddare som bel\u00f6ning f\u00f6r utm\u00e4rkt tapperhet, synnerligen viktiga resultat uppn\u00e5dda i strid eller f\u00f6r speciellt f\u00f6rtj\u00e4nstfullt ledda krigsoperationer. Milit\u00e4rgraderna varierade fr\u00e5n soldat till f\u00e4ltmarskalk.<\/p>\n<p>Till sommaren 1944 hade man fr\u00e5n Tyskland anskaffat tidsenlig krigsutrustning s\u00e5som jakt- och bombplan, f\u00e4lt- och luftv\u00e4rnskanoner, radarutrustning, pansarv\u00e4rnskanoner, pansarskr\u00e4ckar och -n\u00e4var samt stormkanoner. M\u00e4ngderna var dock inte tillr\u00e4ckliga<\/p>\n<\/div><\/section>\n","protected":false},"excerpt":{"rendered":"","protected":false},"author":1,"featured_media":0,"parent":5789,"menu_order":2,"comment_status":"closed","ping_status":"closed","template":"","meta":{"footnotes":""},"class_list":["post-5801","page","type-page","status-publish","hentry"],"yoast_head":"<!-- This site is optimized with the Yoast SEO plugin v27.4 - https:\/\/yoast.com\/product\/yoast-seo-wordpress\/ -->\n<title>St\u00e4llningskriget - Veteraanien Perint\u00f6<\/title>\n<meta name=\"robots\" content=\"index, follow, max-snippet:-1, max-image-preview:large, max-video-preview:-1\" \/>\n<link rel=\"canonical\" href=\"https:\/\/veteraanienperinto.fi\/index.php\/sv\/fortsattningskriget\/fortsattningkrigets-gang\/stallningskriget\/\" \/>\n<meta property=\"og:locale\" content=\"fi_FI\" \/>\n<meta property=\"og:type\" content=\"article\" \/>\n<meta property=\"og:title\" content=\"St\u00e4llningskriget - Veteraanien Perint\u00f6\" \/>\n<meta property=\"og:url\" content=\"https:\/\/veteraanienperinto.fi\/index.php\/sv\/fortsattningskriget\/fortsattningkrigets-gang\/stallningskriget\/\" \/>\n<meta property=\"og:site_name\" content=\"Veteraanien Perint\u00f6\" \/>\n<meta property=\"article:modified_time\" content=\"2021-01-14T08:07:43+00:00\" \/>\n<meta name=\"twitter:card\" content=\"summary_large_image\" \/>\n<meta name=\"twitter:label1\" content=\"Arvioitu lukuaika\" \/>\n\t<meta name=\"twitter:data1\" content=\"4 minuuttia\" \/>\n<script type=\"application\/ld+json\" class=\"yoast-schema-graph\">{\"@context\":\"https:\\\/\\\/schema.org\",\"@graph\":[{\"@type\":\"WebPage\",\"@id\":\"https:\\\/\\\/veteraanienperinto.fi\\\/index.php\\\/sv\\\/fortsattningskriget\\\/fortsattningkrigets-gang\\\/stallningskriget\\\/\",\"url\":\"https:\\\/\\\/veteraanienperinto.fi\\\/index.php\\\/sv\\\/fortsattningskriget\\\/fortsattningkrigets-gang\\\/stallningskriget\\\/\",\"name\":\"St\u00e4llningskriget - Veteraanien Perint\u00f6\",\"isPartOf\":{\"@id\":\"https:\\\/\\\/veteraanienperinto.fi\\\/#website\"},\"datePublished\":\"2020-11-17T18:50:31+00:00\",\"dateModified\":\"2021-01-14T08:07:43+00:00\",\"breadcrumb\":{\"@id\":\"https:\\\/\\\/veteraanienperinto.fi\\\/index.php\\\/sv\\\/fortsattningskriget\\\/fortsattningkrigets-gang\\\/stallningskriget\\\/#breadcrumb\"},\"inLanguage\":\"fi\",\"potentialAction\":[{\"@type\":\"ReadAction\",\"target\":[\"https:\\\/\\\/veteraanienperinto.fi\\\/index.php\\\/sv\\\/fortsattningskriget\\\/fortsattningkrigets-gang\\\/stallningskriget\\\/\"]}]},{\"@type\":\"BreadcrumbList\",\"@id\":\"https:\\\/\\\/veteraanienperinto.fi\\\/index.php\\\/sv\\\/fortsattningskriget\\\/fortsattningkrigets-gang\\\/stallningskriget\\\/#breadcrumb\",\"itemListElement\":[{\"@type\":\"ListItem\",\"position\":1,\"name\":\"Etusivu\",\"item\":\"https:\\\/\\\/veteraanienperinto.fi\\\/index.php\\\/etusivu-2\\\/\"},{\"@type\":\"ListItem\",\"position\":2,\"name\":\"Forts\u00e4ttningskriget\",\"item\":\"https:\\\/\\\/veteraanienperinto.fi\\\/index.php\\\/sv\\\/fortsattningskriget\\\/\"},{\"@type\":\"ListItem\",\"position\":3,\"name\":\"Forts\u00e4ttningkrigets g\u00e5ng\",\"item\":\"https:\\\/\\\/veteraanienperinto.fi\\\/index.php\\\/sv\\\/fortsattningskriget\\\/fortsattningkrigets-gang\\\/\"},{\"@type\":\"ListItem\",\"position\":4,\"name\":\"St\u00e4llningskriget\"}]},{\"@type\":\"WebSite\",\"@id\":\"https:\\\/\\\/veteraanienperinto.fi\\\/#website\",\"url\":\"https:\\\/\\\/veteraanienperinto.fi\\\/\",\"name\":\"Veteraanien Perint\u00f6\",\"description\":\"Kadettikunta\",\"potentialAction\":[{\"@type\":\"SearchAction\",\"target\":{\"@type\":\"EntryPoint\",\"urlTemplate\":\"https:\\\/\\\/veteraanienperinto.fi\\\/?s={search_term_string}\"},\"query-input\":{\"@type\":\"PropertyValueSpecification\",\"valueRequired\":true,\"valueName\":\"search_term_string\"}}],\"inLanguage\":\"fi\"}]}<\/script>\n<!-- \/ Yoast SEO plugin. -->","yoast_head_json":{"title":"St\u00e4llningskriget - Veteraanien Perint\u00f6","robots":{"index":"index","follow":"follow","max-snippet":"max-snippet:-1","max-image-preview":"max-image-preview:large","max-video-preview":"max-video-preview:-1"},"canonical":"https:\/\/veteraanienperinto.fi\/index.php\/sv\/fortsattningskriget\/fortsattningkrigets-gang\/stallningskriget\/","og_locale":"fi_FI","og_type":"article","og_title":"St\u00e4llningskriget - Veteraanien Perint\u00f6","og_url":"https:\/\/veteraanienperinto.fi\/index.php\/sv\/fortsattningskriget\/fortsattningkrigets-gang\/stallningskriget\/","og_site_name":"Veteraanien Perint\u00f6","article_modified_time":"2021-01-14T08:07:43+00:00","twitter_card":"summary_large_image","twitter_misc":{"Arvioitu lukuaika":"4 minuuttia"},"schema":{"@context":"https:\/\/schema.org","@graph":[{"@type":"WebPage","@id":"https:\/\/veteraanienperinto.fi\/index.php\/sv\/fortsattningskriget\/fortsattningkrigets-gang\/stallningskriget\/","url":"https:\/\/veteraanienperinto.fi\/index.php\/sv\/fortsattningskriget\/fortsattningkrigets-gang\/stallningskriget\/","name":"St\u00e4llningskriget - Veteraanien Perint\u00f6","isPartOf":{"@id":"https:\/\/veteraanienperinto.fi\/#website"},"datePublished":"2020-11-17T18:50:31+00:00","dateModified":"2021-01-14T08:07:43+00:00","breadcrumb":{"@id":"https:\/\/veteraanienperinto.fi\/index.php\/sv\/fortsattningskriget\/fortsattningkrigets-gang\/stallningskriget\/#breadcrumb"},"inLanguage":"fi","potentialAction":[{"@type":"ReadAction","target":["https:\/\/veteraanienperinto.fi\/index.php\/sv\/fortsattningskriget\/fortsattningkrigets-gang\/stallningskriget\/"]}]},{"@type":"BreadcrumbList","@id":"https:\/\/veteraanienperinto.fi\/index.php\/sv\/fortsattningskriget\/fortsattningkrigets-gang\/stallningskriget\/#breadcrumb","itemListElement":[{"@type":"ListItem","position":1,"name":"Etusivu","item":"https:\/\/veteraanienperinto.fi\/index.php\/etusivu-2\/"},{"@type":"ListItem","position":2,"name":"Forts\u00e4ttningskriget","item":"https:\/\/veteraanienperinto.fi\/index.php\/sv\/fortsattningskriget\/"},{"@type":"ListItem","position":3,"name":"Forts\u00e4ttningkrigets g\u00e5ng","item":"https:\/\/veteraanienperinto.fi\/index.php\/sv\/fortsattningskriget\/fortsattningkrigets-gang\/"},{"@type":"ListItem","position":4,"name":"St\u00e4llningskriget"}]},{"@type":"WebSite","@id":"https:\/\/veteraanienperinto.fi\/#website","url":"https:\/\/veteraanienperinto.fi\/","name":"Veteraanien Perint\u00f6","description":"Kadettikunta","potentialAction":[{"@type":"SearchAction","target":{"@type":"EntryPoint","urlTemplate":"https:\/\/veteraanienperinto.fi\/?s={search_term_string}"},"query-input":{"@type":"PropertyValueSpecification","valueRequired":true,"valueName":"search_term_string"}}],"inLanguage":"fi"}]}},"_links":{"self":[{"href":"https:\/\/veteraanienperinto.fi\/index.php\/wp-json\/wp\/v2\/pages\/5801","targetHints":{"allow":["GET"]}}],"collection":[{"href":"https:\/\/veteraanienperinto.fi\/index.php\/wp-json\/wp\/v2\/pages"}],"about":[{"href":"https:\/\/veteraanienperinto.fi\/index.php\/wp-json\/wp\/v2\/types\/page"}],"author":[{"embeddable":true,"href":"https:\/\/veteraanienperinto.fi\/index.php\/wp-json\/wp\/v2\/users\/1"}],"replies":[{"embeddable":true,"href":"https:\/\/veteraanienperinto.fi\/index.php\/wp-json\/wp\/v2\/comments?post=5801"}],"version-history":[{"count":6,"href":"https:\/\/veteraanienperinto.fi\/index.php\/wp-json\/wp\/v2\/pages\/5801\/revisions"}],"predecessor-version":[{"id":9476,"href":"https:\/\/veteraanienperinto.fi\/index.php\/wp-json\/wp\/v2\/pages\/5801\/revisions\/9476"}],"up":[{"embeddable":true,"href":"https:\/\/veteraanienperinto.fi\/index.php\/wp-json\/wp\/v2\/pages\/5789"}],"wp:attachment":[{"href":"https:\/\/veteraanienperinto.fi\/index.php\/wp-json\/wp\/v2\/media?parent=5801"}],"curies":[{"name":"wp","href":"https:\/\/api.w.org\/{rel}","templated":true}]}}