{"id":5825,"date":"2020-11-18T10:41:31","date_gmt":"2020-11-18T10:41:31","guid":{"rendered":"https:\/\/veteraani.ylirotu.fi\/?page_id=5825"},"modified":"2021-01-14T08:22:12","modified_gmt":"2021-01-14T08:22:12","slug":"vapenvilan","status":"publish","type":"page","link":"https:\/\/veteraanienperinto.fi\/index.php\/sv\/fortsattningskriget\/fortsattningkrigets-gang\/vapenvilan\/","title":{"rendered":"Vapenvilan"},"content":{"rendered":"<div id='full_slider_1'  class='avia-fullwidth-slider main_color avia-shadow   avia-builder-el-0  el_before_av_heading  avia-builder-el-first   container_wrap sidebar_right'  >\n<style type=\"text\/css\" data-created_by=\"avia_inline_auto\" id=\"style-css-av-vcfri-f8b18761f5bc7126866d60a72f814c3a\">\n#top .avia-slideshow .av-slideshow-caption.av-vcfri-f8b18761f5bc7126866d60a72f814c3a__0 .avia-caption-content{\nfont-size:16px;\n}\n#top .avia-slideshow .av-slideshow-caption.av-vcfri-f8b18761f5bc7126866d60a72f814c3a__0 .avia-caption-content p{\nfont-size:16px;\n}\n<\/style>\n<div  class='avia-slideshow av-vcfri-f8b18761f5bc7126866d60a72f814c3a avia-slideshow-featured av_slideshow_full avia-slide-slider av-slideshow-ui av-control-default av-slideshow-manual av-loop-once av-loop-manual-endless av-default-height-applied   avia-slideshow-1' data-slideshow-options=\"{&quot;animation&quot;:&quot;slide&quot;,&quot;autoplay&quot;:false,&quot;loop_autoplay&quot;:&quot;once&quot;,&quot;interval&quot;:5,&quot;loop_manual&quot;:&quot;manual-endless&quot;,&quot;autoplay_stopper&quot;:false,&quot;noNavigation&quot;:false,&quot;bg_slider&quot;:false,&quot;keep_padding&quot;:false,&quot;hoverpause&quot;:false,&quot;show_slide_delay&quot;:0}\"  itemprop=\"image\" itemscope=\"itemscope\" itemtype=\"https:\/\/schema.org\/ImageObject\" ><ul class='avia-slideshow-inner ' style='padding-bottom: 28.666666666667%;'><li  class='avia-slideshow-slide av-vcfri-f8b18761f5bc7126866d60a72f814c3a__0  av-single-slide slide-1 slide-odd'><div data-rel='slideshow-1' class='avia-slide-wrap '   ><div class='av-slideshow-caption av-vcfri-f8b18761f5bc7126866d60a72f814c3a__0 caption_fullwidth caption_bottom caption_bottom_framed caption_framed'><div class=\"container caption_container\"><div class=\"slideshow_caption\"><div class=\"slideshow_inner_caption\"><div class=\"slideshow_align_caption\"><div class='avia-caption-content '  itemprop=\"description\" ><p>M\u00e4nnen har kommit utanf\u00f6r diken i terr\u00e4ngen vid Sorval j\u00e4rnv\u00e4gsbro i Vyborg den 4 september 1944<\/p>\n<\/div><\/div><\/div><\/div><\/div><\/div><img decoding=\"async\" fetchpriority=\"high\" class=\"wp-image-3938 avia-img-lazy-loading-not-3938\"  src=\"https:\/\/veteraanienperinto.fi\/wp-content\/uploads\/2020\/09\/aselepo_jatkosota-1500x430.png\" width=\"1500\" height=\"430\" title='aselepo_jatkosota' alt=''  itemprop=\"thumbnailUrl\" srcset=\"https:\/\/veteraanienperinto.fi\/wp-content\/uploads\/2020\/09\/aselepo_jatkosota.png 1500w, https:\/\/veteraanienperinto.fi\/wp-content\/uploads\/2020\/09\/aselepo_jatkosota-300x86.png 300w, https:\/\/veteraanienperinto.fi\/wp-content\/uploads\/2020\/09\/aselepo_jatkosota-1030x295.png 1030w, https:\/\/veteraanienperinto.fi\/wp-content\/uploads\/2020\/09\/aselepo_jatkosota-768x220.png 768w, https:\/\/veteraanienperinto.fi\/wp-content\/uploads\/2020\/09\/aselepo_jatkosota-705x202.png 705w\" sizes=\"(max-width: 1500px) 100vw, 1500px\" \/><\/div><\/li><\/ul><\/div><\/div><div id='after_full_slider_1'  class='main_color av_default_container_wrap container_wrap sidebar_right'  ><div class='container av-section-cont-open' ><div class='template-page content  av-content-small alpha units'><div class='post-entry post-entry-type-page post-entry-5825'><div class='entry-content-wrapper clearfix'>\n\n<style type=\"text\/css\" data-created_by=\"avia_inline_auto\" id=\"style-css-av-av_heading-31bad393229f7d0a4c67f7f30b233fe9\">\n#top .av-special-heading.av-av_heading-31bad393229f7d0a4c67f7f30b233fe9{\npadding-bottom:10px;\n}\nbody .av-special-heading.av-av_heading-31bad393229f7d0a4c67f7f30b233fe9 .av-special-heading-tag .heading-char{\nfont-size:25px;\n}\n.av-special-heading.av-av_heading-31bad393229f7d0a4c67f7f30b233fe9 .av-subheading{\nfont-size:15px;\n}\n<\/style>\n<div  class='av-special-heading av-av_heading-31bad393229f7d0a4c67f7f30b233fe9 av-special-heading-h2  avia-builder-el-1  el_after_av_slideshow_full  el_before_av_textblock  avia-builder-el-first '><h2 class='av-special-heading-tag'  itemprop=\"headline\"  >Vapenvilan<\/h2><div class=\"special-heading-border\"><div class=\"special-heading-inner-border\"><\/div><\/div><\/div>\n<section  class='av_textblock_section av-6vl46-6d3d2774a25dc6922a67b6ef9e296c59 '   itemscope=\"itemscope\" itemtype=\"https:\/\/schema.org\/CreativeWork\" ><div class='avia_textblock'  itemprop=\"text\" ><p>Finlands str\u00e4vanden att l\u00f6sg\u00f6ra sig ur kriget ledde till resultat i b\u00f6rjan av h\u00f6sten 1944. Vapenvilan intr\u00e4dde 4.9.1944 men ryssarna fortsatte eldgivningen \u00e4nnu ett dygn och f\u00f6rorsakade f\u00f6rluster. Vapenstillest\u00e5ndsavtalet undertecknades den 19 september. Den avv\u00e4rjningsseger som finl\u00e4ndarna uppn\u00e5tt hade en avg\u00f6rande betydelse f\u00f6r vapenstillest\u00e5ndsvillkoren.<\/p>\n<p>En ockupering av Finland kom inte l\u00e4ngre i fr\u00e5ga. Tillsammans med London och Moskva var Helsingfors den enda krigf\u00f6rande stats huvudstad dit fienden inte hade sluppit. De sv\u00e5ra avv\u00e4rjningsstriderna p\u00e5 sommaren 1944 hade inte varit f\u00f6rg\u00e4ves.<\/p>\n<p>Enligt mellanfredsvillkoren f\u00f6rlorade man Karelen p\u00e5 nytt. Dessutom var man tvungen att \u00f6verl\u00e5ta Petsamo och arrendera ut Porkala till Sovjetunionen p\u00e5 femtio \u00e5r. Tyskarna som fanns i landet m\u00e5ste avv\u00e4pnas. Finlands arm\u00e9 m\u00e5ste demobiliseras inom tv\u00e5 och en halv m\u00e5nad. Ett stort skadest\u00e5nd m\u00e5ste erl\u00e4ggas.<\/p>\n<\/div><\/section>\n","protected":false},"excerpt":{"rendered":"","protected":false},"author":1,"featured_media":0,"parent":5789,"menu_order":10,"comment_status":"closed","ping_status":"closed","template":"","meta":{"footnotes":""},"class_list":["post-5825","page","type-page","status-publish","hentry"],"yoast_head":"<!-- This site is optimized with the Yoast SEO plugin v27.4 - https:\/\/yoast.com\/product\/yoast-seo-wordpress\/ -->\n<title>Vapenvilan - Veteraanien Perint\u00f6<\/title>\n<meta name=\"robots\" content=\"index, follow, max-snippet:-1, max-image-preview:large, max-video-preview:-1\" \/>\n<link rel=\"canonical\" href=\"https:\/\/veteraanienperinto.fi\/index.php\/sv\/fortsattningskriget\/fortsattningkrigets-gang\/vapenvilan\/\" \/>\n<meta property=\"og:locale\" content=\"fi_FI\" \/>\n<meta property=\"og:type\" content=\"article\" \/>\n<meta property=\"og:title\" content=\"Vapenvilan - Veteraanien Perint\u00f6\" \/>\n<meta property=\"og:url\" content=\"https:\/\/veteraanienperinto.fi\/index.php\/sv\/fortsattningskriget\/fortsattningkrigets-gang\/vapenvilan\/\" \/>\n<meta property=\"og:site_name\" content=\"Veteraanien Perint\u00f6\" \/>\n<meta property=\"article:modified_time\" content=\"2021-01-14T08:22:12+00:00\" \/>\n<meta name=\"twitter:card\" content=\"summary_large_image\" \/>\n<meta name=\"twitter:label1\" content=\"Arvioitu lukuaika\" \/>\n\t<meta name=\"twitter:data1\" content=\"2 minuuttia\" \/>\n<script type=\"application\/ld+json\" class=\"yoast-schema-graph\">{\"@context\":\"https:\\\/\\\/schema.org\",\"@graph\":[{\"@type\":\"WebPage\",\"@id\":\"https:\\\/\\\/veteraanienperinto.fi\\\/index.php\\\/sv\\\/fortsattningskriget\\\/fortsattningkrigets-gang\\\/vapenvilan\\\/\",\"url\":\"https:\\\/\\\/veteraanienperinto.fi\\\/index.php\\\/sv\\\/fortsattningskriget\\\/fortsattningkrigets-gang\\\/vapenvilan\\\/\",\"name\":\"Vapenvilan - Veteraanien Perint\u00f6\",\"isPartOf\":{\"@id\":\"https:\\\/\\\/veteraanienperinto.fi\\\/#website\"},\"datePublished\":\"2020-11-18T10:41:31+00:00\",\"dateModified\":\"2021-01-14T08:22:12+00:00\",\"breadcrumb\":{\"@id\":\"https:\\\/\\\/veteraanienperinto.fi\\\/index.php\\\/sv\\\/fortsattningskriget\\\/fortsattningkrigets-gang\\\/vapenvilan\\\/#breadcrumb\"},\"inLanguage\":\"fi\",\"potentialAction\":[{\"@type\":\"ReadAction\",\"target\":[\"https:\\\/\\\/veteraanienperinto.fi\\\/index.php\\\/sv\\\/fortsattningskriget\\\/fortsattningkrigets-gang\\\/vapenvilan\\\/\"]}]},{\"@type\":\"BreadcrumbList\",\"@id\":\"https:\\\/\\\/veteraanienperinto.fi\\\/index.php\\\/sv\\\/fortsattningskriget\\\/fortsattningkrigets-gang\\\/vapenvilan\\\/#breadcrumb\",\"itemListElement\":[{\"@type\":\"ListItem\",\"position\":1,\"name\":\"Etusivu\",\"item\":\"https:\\\/\\\/veteraanienperinto.fi\\\/index.php\\\/etusivu-2\\\/\"},{\"@type\":\"ListItem\",\"position\":2,\"name\":\"Forts\u00e4ttningskriget\",\"item\":\"https:\\\/\\\/veteraanienperinto.fi\\\/index.php\\\/sv\\\/fortsattningskriget\\\/\"},{\"@type\":\"ListItem\",\"position\":3,\"name\":\"Forts\u00e4ttningkrigets g\u00e5ng\",\"item\":\"https:\\\/\\\/veteraanienperinto.fi\\\/index.php\\\/sv\\\/fortsattningskriget\\\/fortsattningkrigets-gang\\\/\"},{\"@type\":\"ListItem\",\"position\":4,\"name\":\"Vapenvilan\"}]},{\"@type\":\"WebSite\",\"@id\":\"https:\\\/\\\/veteraanienperinto.fi\\\/#website\",\"url\":\"https:\\\/\\\/veteraanienperinto.fi\\\/\",\"name\":\"Veteraanien Perint\u00f6\",\"description\":\"Kadettikunta\",\"potentialAction\":[{\"@type\":\"SearchAction\",\"target\":{\"@type\":\"EntryPoint\",\"urlTemplate\":\"https:\\\/\\\/veteraanienperinto.fi\\\/?s={search_term_string}\"},\"query-input\":{\"@type\":\"PropertyValueSpecification\",\"valueRequired\":true,\"valueName\":\"search_term_string\"}}],\"inLanguage\":\"fi\"}]}<\/script>\n<!-- \/ Yoast SEO plugin. -->","yoast_head_json":{"title":"Vapenvilan - Veteraanien Perint\u00f6","robots":{"index":"index","follow":"follow","max-snippet":"max-snippet:-1","max-image-preview":"max-image-preview:large","max-video-preview":"max-video-preview:-1"},"canonical":"https:\/\/veteraanienperinto.fi\/index.php\/sv\/fortsattningskriget\/fortsattningkrigets-gang\/vapenvilan\/","og_locale":"fi_FI","og_type":"article","og_title":"Vapenvilan - Veteraanien Perint\u00f6","og_url":"https:\/\/veteraanienperinto.fi\/index.php\/sv\/fortsattningskriget\/fortsattningkrigets-gang\/vapenvilan\/","og_site_name":"Veteraanien Perint\u00f6","article_modified_time":"2021-01-14T08:22:12+00:00","twitter_card":"summary_large_image","twitter_misc":{"Arvioitu lukuaika":"2 minuuttia"},"schema":{"@context":"https:\/\/schema.org","@graph":[{"@type":"WebPage","@id":"https:\/\/veteraanienperinto.fi\/index.php\/sv\/fortsattningskriget\/fortsattningkrigets-gang\/vapenvilan\/","url":"https:\/\/veteraanienperinto.fi\/index.php\/sv\/fortsattningskriget\/fortsattningkrigets-gang\/vapenvilan\/","name":"Vapenvilan - Veteraanien Perint\u00f6","isPartOf":{"@id":"https:\/\/veteraanienperinto.fi\/#website"},"datePublished":"2020-11-18T10:41:31+00:00","dateModified":"2021-01-14T08:22:12+00:00","breadcrumb":{"@id":"https:\/\/veteraanienperinto.fi\/index.php\/sv\/fortsattningskriget\/fortsattningkrigets-gang\/vapenvilan\/#breadcrumb"},"inLanguage":"fi","potentialAction":[{"@type":"ReadAction","target":["https:\/\/veteraanienperinto.fi\/index.php\/sv\/fortsattningskriget\/fortsattningkrigets-gang\/vapenvilan\/"]}]},{"@type":"BreadcrumbList","@id":"https:\/\/veteraanienperinto.fi\/index.php\/sv\/fortsattningskriget\/fortsattningkrigets-gang\/vapenvilan\/#breadcrumb","itemListElement":[{"@type":"ListItem","position":1,"name":"Etusivu","item":"https:\/\/veteraanienperinto.fi\/index.php\/etusivu-2\/"},{"@type":"ListItem","position":2,"name":"Forts\u00e4ttningskriget","item":"https:\/\/veteraanienperinto.fi\/index.php\/sv\/fortsattningskriget\/"},{"@type":"ListItem","position":3,"name":"Forts\u00e4ttningkrigets g\u00e5ng","item":"https:\/\/veteraanienperinto.fi\/index.php\/sv\/fortsattningskriget\/fortsattningkrigets-gang\/"},{"@type":"ListItem","position":4,"name":"Vapenvilan"}]},{"@type":"WebSite","@id":"https:\/\/veteraanienperinto.fi\/#website","url":"https:\/\/veteraanienperinto.fi\/","name":"Veteraanien Perint\u00f6","description":"Kadettikunta","potentialAction":[{"@type":"SearchAction","target":{"@type":"EntryPoint","urlTemplate":"https:\/\/veteraanienperinto.fi\/?s={search_term_string}"},"query-input":{"@type":"PropertyValueSpecification","valueRequired":true,"valueName":"search_term_string"}}],"inLanguage":"fi"}]}},"_links":{"self":[{"href":"https:\/\/veteraanienperinto.fi\/index.php\/wp-json\/wp\/v2\/pages\/5825","targetHints":{"allow":["GET"]}}],"collection":[{"href":"https:\/\/veteraanienperinto.fi\/index.php\/wp-json\/wp\/v2\/pages"}],"about":[{"href":"https:\/\/veteraanienperinto.fi\/index.php\/wp-json\/wp\/v2\/types\/page"}],"author":[{"embeddable":true,"href":"https:\/\/veteraanienperinto.fi\/index.php\/wp-json\/wp\/v2\/users\/1"}],"replies":[{"embeddable":true,"href":"https:\/\/veteraanienperinto.fi\/index.php\/wp-json\/wp\/v2\/comments?post=5825"}],"version-history":[{"count":5,"href":"https:\/\/veteraanienperinto.fi\/index.php\/wp-json\/wp\/v2\/pages\/5825\/revisions"}],"predecessor-version":[{"id":9483,"href":"https:\/\/veteraanienperinto.fi\/index.php\/wp-json\/wp\/v2\/pages\/5825\/revisions\/9483"}],"up":[{"embeddable":true,"href":"https:\/\/veteraanienperinto.fi\/index.php\/wp-json\/wp\/v2\/pages\/5789"}],"wp:attachment":[{"href":"https:\/\/veteraanienperinto.fi\/index.php\/wp-json\/wp\/v2\/media?parent=5825"}],"curies":[{"name":"wp","href":"https:\/\/api.w.org\/{rel}","templated":true}]}}