{"id":5841,"date":"2020-11-18T11:03:16","date_gmt":"2020-11-18T11:03:16","guid":{"rendered":"https:\/\/veteraani.ylirotu.fi\/?page_id=5841"},"modified":"2021-01-19T10:32:05","modified_gmt":"2021-01-19T10:32:05","slug":"livsmedelbristen","status":"publish","type":"page","link":"https:\/\/veteraanienperinto.fi\/index.php\/sv\/fortsattningskriget\/hemmafronten-i-fortsattningkrigets\/livsmedelbristen\/","title":{"rendered":"Livsmedelbristen"},"content":{"rendered":"<div id='full_slider_1'  class='avia-fullwidth-slider main_color avia-shadow   avia-builder-el-0  el_before_av_heading  avia-builder-el-first   container_wrap sidebar_right'  ><div  class='avia-slideshow av-vcfri-f8b18761f5bc7126866d60a72f814c3a avia-slideshow-featured av_slideshow_full avia-slide-slider av-slideshow-ui av-control-default av-slideshow-manual av-loop-once av-loop-manual-endless av-default-height-applied   avia-slideshow-1' data-slideshow-options=\"{&quot;animation&quot;:&quot;slide&quot;,&quot;autoplay&quot;:false,&quot;loop_autoplay&quot;:&quot;once&quot;,&quot;interval&quot;:5,&quot;loop_manual&quot;:&quot;manual-endless&quot;,&quot;autoplay_stopper&quot;:false,&quot;noNavigation&quot;:false,&quot;bg_slider&quot;:false,&quot;keep_padding&quot;:false,&quot;hoverpause&quot;:false,&quot;show_slide_delay&quot;:0}\"  itemprop=\"image\" itemscope=\"itemscope\" itemtype=\"https:\/\/schema.org\/ImageObject\" ><ul class='avia-slideshow-inner ' style='padding-bottom: 28.666666666667%;'><li  class='avia-slideshow-slide av-vcfri-f8b18761f5bc7126866d60a72f814c3a__0  av-single-slide slide-1 slide-odd'><div data-rel='slideshow-1' class='avia-slide-wrap '   ><div class='av-slideshow-caption av-vcfri-f8b18761f5bc7126866d60a72f814c3a__0 caption_fullwidth caption_bottom caption_bottom_framed caption_framed'><div class=\"container caption_container\"><div class=\"slideshow_caption\"><div class=\"slideshow_inner_caption\"><div class=\"slideshow_align_caption\"><div class='avia-caption-content '  itemprop=\"description\" ><p>Statligt br\u00f6dkort f\u00f6r en l\u00e4tt arbetare 1940<br \/>\nEsbo stadsmuseum<\/p>\n<\/div><\/div><\/div><\/div><\/div><\/div><img decoding=\"async\" fetchpriority=\"high\" class=\"wp-image-4500 avia-img-lazy-loading-not-4500\"  src=\"https:\/\/veteraanienperinto.fi\/wp-content\/uploads\/2020\/10\/ruokakortti-1500x430.png\" width=\"1500\" height=\"430\" title='ruokakortti' alt=''  itemprop=\"thumbnailUrl\" srcset=\"https:\/\/veteraanienperinto.fi\/wp-content\/uploads\/2020\/10\/ruokakortti.png 1500w, https:\/\/veteraanienperinto.fi\/wp-content\/uploads\/2020\/10\/ruokakortti-300x86.png 300w, https:\/\/veteraanienperinto.fi\/wp-content\/uploads\/2020\/10\/ruokakortti-1030x295.png 1030w, https:\/\/veteraanienperinto.fi\/wp-content\/uploads\/2020\/10\/ruokakortti-768x220.png 768w, https:\/\/veteraanienperinto.fi\/wp-content\/uploads\/2020\/10\/ruokakortti-705x202.png 705w\" sizes=\"(max-width: 1500px) 100vw, 1500px\" \/><\/div><\/li><\/ul><\/div><\/div><div id='after_full_slider_1'  class='main_color av_default_container_wrap container_wrap sidebar_right'  ><div class='container av-section-cont-open' ><div class='template-page content  av-content-small alpha units'><div class='post-entry post-entry-type-page post-entry-5841'><div class='entry-content-wrapper clearfix'>\n\n<style type=\"text\/css\" data-created_by=\"avia_inline_auto\" id=\"style-css-av-kk3uygor-cdd89f5afce554cb2eb73610333ca537\">\n#top .av-special-heading.av-kk3uygor-cdd89f5afce554cb2eb73610333ca537{\npadding-bottom:10px;\n}\nbody .av-special-heading.av-kk3uygor-cdd89f5afce554cb2eb73610333ca537 .av-special-heading-tag .heading-char{\nfont-size:25px;\n}\n.av-special-heading.av-kk3uygor-cdd89f5afce554cb2eb73610333ca537 .av-subheading{\nfont-size:15px;\n}\n<\/style>\n<div  class='av-special-heading av-kk3uygor-cdd89f5afce554cb2eb73610333ca537 av-special-heading-h2  avia-builder-el-1  el_after_av_slideshow_full  el_before_av_textblock  avia-builder-el-first '><h2 class='av-special-heading-tag'  itemprop=\"headline\"  >Livsmedelbristen<\/h2><div class=\"special-heading-border\"><div class=\"special-heading-inner-border\"><\/div><\/div><\/div>\n<section  class='av_textblock_section av-6vl46-6d3d2774a25dc6922a67b6ef9e296c59 '   itemscope=\"itemscope\" itemtype=\"https:\/\/schema.org\/CreativeWork\" ><div class='avia_textblock'  itemprop=\"text\" ><p>Den krympta odlingsarealen, m\u00e4nnens bundenhet till fronttrupperna och bristen p\u00e5 g\u00f6dsel f\u00f6rsvagade lantbruksproduktionen i Finland under forts\u00e4ttningskriget. Kaloribehovet hade best\u00e4mts f\u00f6r konsumenterna enligt hur tungt arbete som var och en utf\u00f6rde. Konsumenten fick h\u00e4lften av sitt kaloribehov med k\u00f6pkort.<\/p>\n<p>Den andra h\u00e4lften f\u00f6rs\u00f6kte man f\u00e5 till exempel av potatis och olika rotfrukter. Detta f\u00f6ranleddes av att kortransonerna endast t\u00e4ckte 40-60% av normalkonsumtionen av livsmedel. Ocks\u00e5 stadsborna skaffade sina livsmedel fr\u00e5n egna jordlotter. I h\u00f6ghusens badrum och i andra utrymmen f\u00f6dde man upp grisar och kaniner, delvis med tillst\u00e5nd av h\u00e4lsov\u00e5rdsn\u00e4mnderna. M\u00e5nga hush\u00e5llsgrisar blev familjens keldjur och slaktningen av dem var ett h\u00e5rt slag f\u00f6r barnen. En del av konsumtionen kom fr\u00e5n &#8221;svarta b\u00f6rsen&#8221;, fr\u00e5n den smyghandel som kringgick regleringen.<\/p>\n<p>Man k\u00e4nde tydligt av livsmedelsbristen redan p\u00e5 h\u00f6sten 1941. F\u00f6ljande \u00e5r f\u00f6rekom tidvis till och med direkt hunger. Inom spannm\u00e5lsimporten bands Finland alltmer till Tyskland, d\u00e5 ca en tredjedel av spannm\u00e5len h\u00e4rstammade d\u00e4rifr\u00e5n.<\/p>\n<\/div><\/section>\n","protected":false},"excerpt":{"rendered":"","protected":false},"author":1,"featured_media":0,"parent":5829,"menu_order":4,"comment_status":"closed","ping_status":"closed","template":"","meta":{"footnotes":""},"class_list":["post-5841","page","type-page","status-publish","hentry"],"yoast_head":"<!-- This site is optimized with the Yoast SEO plugin v27.4 - https:\/\/yoast.com\/product\/yoast-seo-wordpress\/ -->\n<title>Livsmedelbristen - Veteraanien Perint\u00f6<\/title>\n<meta name=\"robots\" content=\"index, follow, max-snippet:-1, max-image-preview:large, max-video-preview:-1\" \/>\n<link rel=\"canonical\" href=\"https:\/\/veteraanienperinto.fi\/index.php\/sv\/fortsattningskriget\/hemmafronten-i-fortsattningkrigets\/livsmedelbristen\/\" \/>\n<meta property=\"og:locale\" content=\"fi_FI\" \/>\n<meta property=\"og:type\" content=\"article\" \/>\n<meta property=\"og:title\" content=\"Livsmedelbristen - Veteraanien Perint\u00f6\" \/>\n<meta property=\"og:url\" content=\"https:\/\/veteraanienperinto.fi\/index.php\/sv\/fortsattningskriget\/hemmafronten-i-fortsattningkrigets\/livsmedelbristen\/\" \/>\n<meta property=\"og:site_name\" content=\"Veteraanien Perint\u00f6\" \/>\n<meta property=\"article:modified_time\" content=\"2021-01-19T10:32:05+00:00\" \/>\n<meta name=\"twitter:card\" content=\"summary_large_image\" \/>\n<meta name=\"twitter:label1\" content=\"Arvioitu lukuaika\" \/>\n\t<meta name=\"twitter:data1\" content=\"2 minuuttia\" \/>\n<script type=\"application\/ld+json\" class=\"yoast-schema-graph\">{\"@context\":\"https:\\\/\\\/schema.org\",\"@graph\":[{\"@type\":\"WebPage\",\"@id\":\"https:\\\/\\\/veteraanienperinto.fi\\\/index.php\\\/sv\\\/fortsattningskriget\\\/hemmafronten-i-fortsattningkrigets\\\/livsmedelbristen\\\/\",\"url\":\"https:\\\/\\\/veteraanienperinto.fi\\\/index.php\\\/sv\\\/fortsattningskriget\\\/hemmafronten-i-fortsattningkrigets\\\/livsmedelbristen\\\/\",\"name\":\"Livsmedelbristen - Veteraanien Perint\u00f6\",\"isPartOf\":{\"@id\":\"https:\\\/\\\/veteraanienperinto.fi\\\/#website\"},\"datePublished\":\"2020-11-18T11:03:16+00:00\",\"dateModified\":\"2021-01-19T10:32:05+00:00\",\"breadcrumb\":{\"@id\":\"https:\\\/\\\/veteraanienperinto.fi\\\/index.php\\\/sv\\\/fortsattningskriget\\\/hemmafronten-i-fortsattningkrigets\\\/livsmedelbristen\\\/#breadcrumb\"},\"inLanguage\":\"fi\",\"potentialAction\":[{\"@type\":\"ReadAction\",\"target\":[\"https:\\\/\\\/veteraanienperinto.fi\\\/index.php\\\/sv\\\/fortsattningskriget\\\/hemmafronten-i-fortsattningkrigets\\\/livsmedelbristen\\\/\"]}]},{\"@type\":\"BreadcrumbList\",\"@id\":\"https:\\\/\\\/veteraanienperinto.fi\\\/index.php\\\/sv\\\/fortsattningskriget\\\/hemmafronten-i-fortsattningkrigets\\\/livsmedelbristen\\\/#breadcrumb\",\"itemListElement\":[{\"@type\":\"ListItem\",\"position\":1,\"name\":\"Etusivu\",\"item\":\"https:\\\/\\\/veteraanienperinto.fi\\\/index.php\\\/etusivu-2\\\/\"},{\"@type\":\"ListItem\",\"position\":2,\"name\":\"Forts\u00e4ttningskriget\",\"item\":\"https:\\\/\\\/veteraanienperinto.fi\\\/index.php\\\/sv\\\/fortsattningskriget\\\/\"},{\"@type\":\"ListItem\",\"position\":3,\"name\":\"Hemmafronten i forts\u00e4ttningkrigets\",\"item\":\"https:\\\/\\\/veteraanienperinto.fi\\\/index.php\\\/sv\\\/fortsattningskriget\\\/hemmafronten-i-fortsattningkrigets\\\/\"},{\"@type\":\"ListItem\",\"position\":4,\"name\":\"Livsmedelbristen\"}]},{\"@type\":\"WebSite\",\"@id\":\"https:\\\/\\\/veteraanienperinto.fi\\\/#website\",\"url\":\"https:\\\/\\\/veteraanienperinto.fi\\\/\",\"name\":\"Veteraanien Perint\u00f6\",\"description\":\"Kadettikunta\",\"potentialAction\":[{\"@type\":\"SearchAction\",\"target\":{\"@type\":\"EntryPoint\",\"urlTemplate\":\"https:\\\/\\\/veteraanienperinto.fi\\\/?s={search_term_string}\"},\"query-input\":{\"@type\":\"PropertyValueSpecification\",\"valueRequired\":true,\"valueName\":\"search_term_string\"}}],\"inLanguage\":\"fi\"}]}<\/script>\n<!-- \/ Yoast SEO plugin. -->","yoast_head_json":{"title":"Livsmedelbristen - Veteraanien Perint\u00f6","robots":{"index":"index","follow":"follow","max-snippet":"max-snippet:-1","max-image-preview":"max-image-preview:large","max-video-preview":"max-video-preview:-1"},"canonical":"https:\/\/veteraanienperinto.fi\/index.php\/sv\/fortsattningskriget\/hemmafronten-i-fortsattningkrigets\/livsmedelbristen\/","og_locale":"fi_FI","og_type":"article","og_title":"Livsmedelbristen - Veteraanien Perint\u00f6","og_url":"https:\/\/veteraanienperinto.fi\/index.php\/sv\/fortsattningskriget\/hemmafronten-i-fortsattningkrigets\/livsmedelbristen\/","og_site_name":"Veteraanien Perint\u00f6","article_modified_time":"2021-01-19T10:32:05+00:00","twitter_card":"summary_large_image","twitter_misc":{"Arvioitu lukuaika":"2 minuuttia"},"schema":{"@context":"https:\/\/schema.org","@graph":[{"@type":"WebPage","@id":"https:\/\/veteraanienperinto.fi\/index.php\/sv\/fortsattningskriget\/hemmafronten-i-fortsattningkrigets\/livsmedelbristen\/","url":"https:\/\/veteraanienperinto.fi\/index.php\/sv\/fortsattningskriget\/hemmafronten-i-fortsattningkrigets\/livsmedelbristen\/","name":"Livsmedelbristen - Veteraanien Perint\u00f6","isPartOf":{"@id":"https:\/\/veteraanienperinto.fi\/#website"},"datePublished":"2020-11-18T11:03:16+00:00","dateModified":"2021-01-19T10:32:05+00:00","breadcrumb":{"@id":"https:\/\/veteraanienperinto.fi\/index.php\/sv\/fortsattningskriget\/hemmafronten-i-fortsattningkrigets\/livsmedelbristen\/#breadcrumb"},"inLanguage":"fi","potentialAction":[{"@type":"ReadAction","target":["https:\/\/veteraanienperinto.fi\/index.php\/sv\/fortsattningskriget\/hemmafronten-i-fortsattningkrigets\/livsmedelbristen\/"]}]},{"@type":"BreadcrumbList","@id":"https:\/\/veteraanienperinto.fi\/index.php\/sv\/fortsattningskriget\/hemmafronten-i-fortsattningkrigets\/livsmedelbristen\/#breadcrumb","itemListElement":[{"@type":"ListItem","position":1,"name":"Etusivu","item":"https:\/\/veteraanienperinto.fi\/index.php\/etusivu-2\/"},{"@type":"ListItem","position":2,"name":"Forts\u00e4ttningskriget","item":"https:\/\/veteraanienperinto.fi\/index.php\/sv\/fortsattningskriget\/"},{"@type":"ListItem","position":3,"name":"Hemmafronten i forts\u00e4ttningkrigets","item":"https:\/\/veteraanienperinto.fi\/index.php\/sv\/fortsattningskriget\/hemmafronten-i-fortsattningkrigets\/"},{"@type":"ListItem","position":4,"name":"Livsmedelbristen"}]},{"@type":"WebSite","@id":"https:\/\/veteraanienperinto.fi\/#website","url":"https:\/\/veteraanienperinto.fi\/","name":"Veteraanien Perint\u00f6","description":"Kadettikunta","potentialAction":[{"@type":"SearchAction","target":{"@type":"EntryPoint","urlTemplate":"https:\/\/veteraanienperinto.fi\/?s={search_term_string}"},"query-input":{"@type":"PropertyValueSpecification","valueRequired":true,"valueName":"search_term_string"}}],"inLanguage":"fi"}]}},"_links":{"self":[{"href":"https:\/\/veteraanienperinto.fi\/index.php\/wp-json\/wp\/v2\/pages\/5841","targetHints":{"allow":["GET"]}}],"collection":[{"href":"https:\/\/veteraanienperinto.fi\/index.php\/wp-json\/wp\/v2\/pages"}],"about":[{"href":"https:\/\/veteraanienperinto.fi\/index.php\/wp-json\/wp\/v2\/types\/page"}],"author":[{"embeddable":true,"href":"https:\/\/veteraanienperinto.fi\/index.php\/wp-json\/wp\/v2\/users\/1"}],"replies":[{"embeddable":true,"href":"https:\/\/veteraanienperinto.fi\/index.php\/wp-json\/wp\/v2\/comments?post=5841"}],"version-history":[{"count":5,"href":"https:\/\/veteraanienperinto.fi\/index.php\/wp-json\/wp\/v2\/pages\/5841\/revisions"}],"predecessor-version":[{"id":10038,"href":"https:\/\/veteraanienperinto.fi\/index.php\/wp-json\/wp\/v2\/pages\/5841\/revisions\/10038"}],"up":[{"embeddable":true,"href":"https:\/\/veteraanienperinto.fi\/index.php\/wp-json\/wp\/v2\/pages\/5829"}],"wp:attachment":[{"href":"https:\/\/veteraanienperinto.fi\/index.php\/wp-json\/wp\/v2\/media?parent=5841"}],"curies":[{"name":"wp","href":"https:\/\/api.w.org\/{rel}","templated":true}]}}