{"id":5845,"date":"2020-11-18T11:06:07","date_gmt":"2020-11-18T11:06:07","guid":{"rendered":"https:\/\/veteraani.ylirotu.fi\/?page_id=5845"},"modified":"2021-01-19T10:32:38","modified_gmt":"2021-01-19T10:32:38","slug":"varubrist","status":"publish","type":"page","link":"https:\/\/veteraanienperinto.fi\/index.php\/sv\/fortsattningskriget\/hemmafronten-i-fortsattningkrigets\/varubrist\/","title":{"rendered":"Varubrist"},"content":{"rendered":"<div id='full_slider_1'  class='avia-fullwidth-slider main_color avia-shadow   avia-builder-el-0  el_before_av_heading  avia-builder-el-first   container_wrap sidebar_right'  ><div  class='avia-slideshow av-vcfri-f8b18761f5bc7126866d60a72f814c3a avia-slideshow-featured av_slideshow_full avia-slide-slider av-slideshow-ui av-control-default av-slideshow-manual av-loop-once av-loop-manual-endless av-default-height-applied   avia-slideshow-1' data-slideshow-options=\"{&quot;animation&quot;:&quot;slide&quot;,&quot;autoplay&quot;:false,&quot;loop_autoplay&quot;:&quot;once&quot;,&quot;interval&quot;:5,&quot;loop_manual&quot;:&quot;manual-endless&quot;,&quot;autoplay_stopper&quot;:false,&quot;noNavigation&quot;:false,&quot;bg_slider&quot;:false,&quot;keep_padding&quot;:false,&quot;hoverpause&quot;:false,&quot;show_slide_delay&quot;:0}\"  itemprop=\"image\" itemscope=\"itemscope\" itemtype=\"https:\/\/schema.org\/ImageObject\" ><ul class='avia-slideshow-inner ' style='padding-bottom: 28.666666666667%;'><li  class='avia-slideshow-slide av-vcfri-f8b18761f5bc7126866d60a72f814c3a__0  av-single-slide slide-1 slide-odd'><div data-rel='slideshow-1' class='avia-slide-wrap '   ><div class='av-slideshow-caption av-vcfri-f8b18761f5bc7126866d60a72f814c3a__0 caption_fullwidth caption_bottom caption_bottom_framed caption_framed'><div class=\"container caption_container\"><div class=\"slideshow_caption\"><div class=\"slideshow_inner_caption\"><div class=\"slideshow_align_caption\"><div class='avia-caption-content '  itemprop=\"description\" ><p>Livsmedelsaff\u00e4r laddad i Makilo den 20 september 1944<\/p>\n<\/div><\/div><\/div><\/div><\/div><\/div><img decoding=\"async\" fetchpriority=\"high\" class=\"wp-image-4503 avia-img-lazy-loading-not-4503\"  src=\"https:\/\/veteraanienperinto.fi\/wp-content\/uploads\/2020\/10\/elintarvikkeidenlastausta-1500x430.png\" width=\"1500\" height=\"430\" title='elintarvikkeidenlastausta' alt=''  itemprop=\"thumbnailUrl\" srcset=\"https:\/\/veteraanienperinto.fi\/wp-content\/uploads\/2020\/10\/elintarvikkeidenlastausta.png 1500w, https:\/\/veteraanienperinto.fi\/wp-content\/uploads\/2020\/10\/elintarvikkeidenlastausta-300x86.png 300w, https:\/\/veteraanienperinto.fi\/wp-content\/uploads\/2020\/10\/elintarvikkeidenlastausta-1030x295.png 1030w, https:\/\/veteraanienperinto.fi\/wp-content\/uploads\/2020\/10\/elintarvikkeidenlastausta-768x220.png 768w, https:\/\/veteraanienperinto.fi\/wp-content\/uploads\/2020\/10\/elintarvikkeidenlastausta-705x202.png 705w\" sizes=\"(max-width: 1500px) 100vw, 1500px\" \/><\/div><\/li><\/ul><\/div><\/div><div id='after_full_slider_1'  class='main_color av_default_container_wrap container_wrap sidebar_right'  ><div class='container av-section-cont-open' ><div class='template-page content  av-content-small alpha units'><div class='post-entry post-entry-type-page post-entry-5845'><div class='entry-content-wrapper clearfix'>\n\n<style type=\"text\/css\" data-created_by=\"avia_inline_auto\" id=\"style-css-av-kk3uz5hx-04aa4083db32da911e409c3ad5a1acc1\">\n#top .av-special-heading.av-kk3uz5hx-04aa4083db32da911e409c3ad5a1acc1{\npadding-bottom:10px;\n}\nbody .av-special-heading.av-kk3uz5hx-04aa4083db32da911e409c3ad5a1acc1 .av-special-heading-tag .heading-char{\nfont-size:25px;\n}\n.av-special-heading.av-kk3uz5hx-04aa4083db32da911e409c3ad5a1acc1 .av-subheading{\nfont-size:15px;\n}\n<\/style>\n<div  class='av-special-heading av-kk3uz5hx-04aa4083db32da911e409c3ad5a1acc1 av-special-heading-h2  avia-builder-el-1  el_after_av_slideshow_full  el_before_av_textblock  avia-builder-el-first '><h2 class='av-special-heading-tag'  itemprop=\"headline\"  >Varubrist<\/h2><div class=\"special-heading-border\"><div class=\"special-heading-inner-border\"><\/div><\/div><\/div>\n<section  class='av_textblock_section av-6vl46-6d3d2774a25dc6922a67b6ef9e296c59 '   itemscope=\"itemscope\" itemtype=\"https:\/\/schema.org\/CreativeWork\" ><div class='avia_textblock'  itemprop=\"text\" ><p>V\u00e5rt lands utrikeshandel krympte m\u00e4rkbart med anledning av kriget som p\u00e5gick i Europa. Handel kunde f\u00f6ras n\u00e4stan enbart med Tyskland, Sverige, F\u00f6renta staterna och Danmark. Handelsf\u00f6rbindelserna med v\u00e4stl\u00e4nderna sk\u00f6ttes via hamnen i Petsamo. Hundratals lastbilar transporterade varorna l\u00e4ngs den l\u00e5nga och d\u00e5liga Ishavsv\u00e4gen till Petsamo.<\/p>\n<p>Petsamo-omr\u00e5det hade ocks\u00e5 utrikespolitisk betydelse, eftersom Tyskland, Sovjetunionen och Storbritannien k\u00e4nde stort intresse f\u00f6r den f\u00f6r krigsindustrin s\u00e5 livsviktiga nickeln som man fick fr\u00e5n gruvan i Kolosjoki i Petsamo.<\/p>\n<p>Varuutbudet krympte b\u00e5de kvalitativt och kvantitativt. P\u00e5 grund av vinterkriget hade ocks\u00e5 den egna produktionen krympt. Ca 15% av odlingsmarken och en fj\u00e4rdedel av boskapen hade f\u00f6rlorats. Strax efter vinterkriget vara man tvungen att ut\u00f6ka regleringen av livsmedel. Detta hade tillsvidare ber\u00f6rt enbart kaffe och socker. Nu medtogs ocks\u00e5 spannm\u00e5l och sm\u00f6r. Till senh\u00f6sten 1940 blev slutligen alla viktiga livsmedel satta under reglering. D\u00e5 priserna p\u00e5 livsmedel naturligtvis b\u00f6rjade stiga okontrollerbart, vidtogs ocks\u00e5 prisreglering av lantbruksprodukter. Detta ledde \u00e5 sin sida till smyghandel med produkterna, det vill s\u00e4ga &#8221;svartab\u00f6rshandel&#8221;.<\/p>\n<p>Genast efter vinterkriget b\u00f6rjade bostadsbristen inverka i st\u00e4derna, eftersom det genom byggnadsverksamhet inte hade varit m\u00f6jligt att ers\u00e4tta de bost\u00e4der som hade f\u00f6rst\u00f6rts eller blivit kvar inom de f\u00f6rlorade omr\u00e5dena. Speciellt den f\u00f6rflyttade befolkningen blev ofta tvungen att bo mycket tr\u00e5ngt i sina nya hem. Med anledning av den kraftiga hyresstegringen blev man tvungen att stifta en lag f\u00f6r att f\u00f6rhindra osk\u00e4liga hyror.<\/p>\n<p>Under forts\u00e4ttningskriget tog m\u00e5nga varor som var viktiga f\u00f6r samh\u00e4llsverksamhetens vidkommande antingen slut helt och h\u00e5llet eller s\u00e5 var man tvungen att i avsev\u00e4rd grad begr\u00e4nsa anv\u00e4ndningen av dessa.<\/p>\n<p>Dylika varor eller \u00e4mnen var motorbr\u00e4nslen, gummi, reservdelar och m\u00e5nga r\u00e5varor som metallindustrin beh\u00f6vde. Till exempel inskr\u00e4nkningen av biltrafiken var verkligen betydande. Genom import kunde man endast delvis underl\u00e4tta situationen. Finland var n\u00e4stan helt och h\u00e5llet beroende av den import som skedde fr\u00e5n Tyskland. Av v\u00e5r utrikeshandel skedde 80-85 % med Tyskland eller med av tyskarna ockuperade l\u00e4nder.<\/p>\n<p>I st\u00e4derna var butikernas skyltf\u00f6nster i stor utstr\u00e4ckning f\u00f6rt\u00e4ckta med br\u00e4der i h\u00e4ndelse av bombningar, om det ocks\u00e5 inte fanns s\u00e5 mycket att skylta med.\u00a0Finl\u00e4ndarna tvingades under krigen v\u00e4nja sig vid att k\u00f6a. Redan ryktet om att n\u00e5gon vara kommit ut i handeln r\u00e4ckte till f\u00f6r att det skulle bildas l\u00e5nga k\u00f6er.<br \/>\nHela folkets gemensamma m\u00e5l var att spara energi. Man f\u00f6rs\u00f6kte med m\u00e5nga medel begr\u00e4nsa anv\u00e4ndningen av elektricitet, samt all s\u00e5dan verksamhet som kr\u00e4vde energi, om den inte var absolut n\u00f6dv\u00e4ndig.<\/p>\n<p>Ordet \u00e5teranv\u00e4ndning var \u00e4nnu inte k\u00e4nt under krigen. Redan f\u00f6re forts\u00e4ttningskrigets utbrott inleddes likv\u00e4l i verkligheten en aldrig tidigare sk\u00e5dad \u00e5teranv\u00e4ndningsverksamhet. F\u00f6r dess praktiska arrangemang grundades Maan Romu, som organiserade ett effektivt system. Man b\u00f6rjade \u00e5teranv\u00e4nda allt som var m\u00f6jligt, fr\u00e5n tandkr\u00e4mstuber i metall till lumpor. Avstj\u00e4lpningsplatser, k\u00e4llare och vindar utnyttjades noga. Sortering av avfall togs i bruk. Hela folket deltog i \u00e5teranv\u00e4ndningen. Skoleleverna anv\u00e4nde flera dagar om \u00e5ret till att samla ihop skrot och annat som d\u00f6g till \u00e5teranv\u00e4ndning. \u00c5teranv\u00e4ndningen hade stor betydelse i tryggandet av Finlands krigsanstr\u00e4ngningar och v\u00e5rt folks utkomst.<\/p>\n<\/div><\/section>\n","protected":false},"excerpt":{"rendered":"","protected":false},"author":1,"featured_media":0,"parent":5829,"menu_order":4,"comment_status":"closed","ping_status":"closed","template":"","meta":{"footnotes":""},"class_list":["post-5845","page","type-page","status-publish","hentry"],"yoast_head":"<!-- This site is optimized with the Yoast SEO plugin v27.5 - https:\/\/yoast.com\/product\/yoast-seo-wordpress\/ -->\n<title>Varubrist - Veteraanien Perint\u00f6<\/title>\n<meta name=\"robots\" content=\"index, follow, max-snippet:-1, max-image-preview:large, max-video-preview:-1\" \/>\n<link rel=\"canonical\" href=\"https:\/\/veteraanienperinto.fi\/index.php\/sv\/fortsattningskriget\/hemmafronten-i-fortsattningkrigets\/varubrist\/\" \/>\n<meta property=\"og:locale\" content=\"fi_FI\" \/>\n<meta property=\"og:type\" content=\"article\" \/>\n<meta property=\"og:title\" content=\"Varubrist - Veteraanien Perint\u00f6\" \/>\n<meta property=\"og:url\" content=\"https:\/\/veteraanienperinto.fi\/index.php\/sv\/fortsattningskriget\/hemmafronten-i-fortsattningkrigets\/varubrist\/\" \/>\n<meta property=\"og:site_name\" content=\"Veteraanien Perint\u00f6\" \/>\n<meta property=\"article:modified_time\" content=\"2021-01-19T10:32:38+00:00\" \/>\n<meta name=\"twitter:card\" content=\"summary_large_image\" \/>\n<meta name=\"twitter:label1\" content=\"Arvioitu lukuaika\" \/>\n\t<meta name=\"twitter:data1\" content=\"4 minuuttia\" \/>\n<script type=\"application\/ld+json\" class=\"yoast-schema-graph\">{\"@context\":\"https:\\\/\\\/schema.org\",\"@graph\":[{\"@type\":\"WebPage\",\"@id\":\"https:\\\/\\\/veteraanienperinto.fi\\\/index.php\\\/sv\\\/fortsattningskriget\\\/hemmafronten-i-fortsattningkrigets\\\/varubrist\\\/\",\"url\":\"https:\\\/\\\/veteraanienperinto.fi\\\/index.php\\\/sv\\\/fortsattningskriget\\\/hemmafronten-i-fortsattningkrigets\\\/varubrist\\\/\",\"name\":\"Varubrist - Veteraanien Perint\u00f6\",\"isPartOf\":{\"@id\":\"https:\\\/\\\/veteraanienperinto.fi\\\/#website\"},\"datePublished\":\"2020-11-18T11:06:07+00:00\",\"dateModified\":\"2021-01-19T10:32:38+00:00\",\"breadcrumb\":{\"@id\":\"https:\\\/\\\/veteraanienperinto.fi\\\/index.php\\\/sv\\\/fortsattningskriget\\\/hemmafronten-i-fortsattningkrigets\\\/varubrist\\\/#breadcrumb\"},\"inLanguage\":\"fi\",\"potentialAction\":[{\"@type\":\"ReadAction\",\"target\":[\"https:\\\/\\\/veteraanienperinto.fi\\\/index.php\\\/sv\\\/fortsattningskriget\\\/hemmafronten-i-fortsattningkrigets\\\/varubrist\\\/\"]}]},{\"@type\":\"BreadcrumbList\",\"@id\":\"https:\\\/\\\/veteraanienperinto.fi\\\/index.php\\\/sv\\\/fortsattningskriget\\\/hemmafronten-i-fortsattningkrigets\\\/varubrist\\\/#breadcrumb\",\"itemListElement\":[{\"@type\":\"ListItem\",\"position\":1,\"name\":\"Etusivu\",\"item\":\"https:\\\/\\\/veteraanienperinto.fi\\\/index.php\\\/etusivu-2\\\/\"},{\"@type\":\"ListItem\",\"position\":2,\"name\":\"Forts\u00e4ttningskriget\",\"item\":\"https:\\\/\\\/veteraanienperinto.fi\\\/index.php\\\/sv\\\/fortsattningskriget\\\/\"},{\"@type\":\"ListItem\",\"position\":3,\"name\":\"Hemmafronten i forts\u00e4ttningkrigets\",\"item\":\"https:\\\/\\\/veteraanienperinto.fi\\\/index.php\\\/sv\\\/fortsattningskriget\\\/hemmafronten-i-fortsattningkrigets\\\/\"},{\"@type\":\"ListItem\",\"position\":4,\"name\":\"Varubrist\"}]},{\"@type\":\"WebSite\",\"@id\":\"https:\\\/\\\/veteraanienperinto.fi\\\/#website\",\"url\":\"https:\\\/\\\/veteraanienperinto.fi\\\/\",\"name\":\"Veteraanien Perint\u00f6\",\"description\":\"Kadettikunta\",\"potentialAction\":[{\"@type\":\"SearchAction\",\"target\":{\"@type\":\"EntryPoint\",\"urlTemplate\":\"https:\\\/\\\/veteraanienperinto.fi\\\/?s={search_term_string}\"},\"query-input\":{\"@type\":\"PropertyValueSpecification\",\"valueRequired\":true,\"valueName\":\"search_term_string\"}}],\"inLanguage\":\"fi\"}]}<\/script>\n<!-- \/ Yoast SEO plugin. -->","yoast_head_json":{"title":"Varubrist - Veteraanien Perint\u00f6","robots":{"index":"index","follow":"follow","max-snippet":"max-snippet:-1","max-image-preview":"max-image-preview:large","max-video-preview":"max-video-preview:-1"},"canonical":"https:\/\/veteraanienperinto.fi\/index.php\/sv\/fortsattningskriget\/hemmafronten-i-fortsattningkrigets\/varubrist\/","og_locale":"fi_FI","og_type":"article","og_title":"Varubrist - Veteraanien Perint\u00f6","og_url":"https:\/\/veteraanienperinto.fi\/index.php\/sv\/fortsattningskriget\/hemmafronten-i-fortsattningkrigets\/varubrist\/","og_site_name":"Veteraanien Perint\u00f6","article_modified_time":"2021-01-19T10:32:38+00:00","twitter_card":"summary_large_image","twitter_misc":{"Arvioitu lukuaika":"4 minuuttia"},"schema":{"@context":"https:\/\/schema.org","@graph":[{"@type":"WebPage","@id":"https:\/\/veteraanienperinto.fi\/index.php\/sv\/fortsattningskriget\/hemmafronten-i-fortsattningkrigets\/varubrist\/","url":"https:\/\/veteraanienperinto.fi\/index.php\/sv\/fortsattningskriget\/hemmafronten-i-fortsattningkrigets\/varubrist\/","name":"Varubrist - Veteraanien Perint\u00f6","isPartOf":{"@id":"https:\/\/veteraanienperinto.fi\/#website"},"datePublished":"2020-11-18T11:06:07+00:00","dateModified":"2021-01-19T10:32:38+00:00","breadcrumb":{"@id":"https:\/\/veteraanienperinto.fi\/index.php\/sv\/fortsattningskriget\/hemmafronten-i-fortsattningkrigets\/varubrist\/#breadcrumb"},"inLanguage":"fi","potentialAction":[{"@type":"ReadAction","target":["https:\/\/veteraanienperinto.fi\/index.php\/sv\/fortsattningskriget\/hemmafronten-i-fortsattningkrigets\/varubrist\/"]}]},{"@type":"BreadcrumbList","@id":"https:\/\/veteraanienperinto.fi\/index.php\/sv\/fortsattningskriget\/hemmafronten-i-fortsattningkrigets\/varubrist\/#breadcrumb","itemListElement":[{"@type":"ListItem","position":1,"name":"Etusivu","item":"https:\/\/veteraanienperinto.fi\/index.php\/etusivu-2\/"},{"@type":"ListItem","position":2,"name":"Forts\u00e4ttningskriget","item":"https:\/\/veteraanienperinto.fi\/index.php\/sv\/fortsattningskriget\/"},{"@type":"ListItem","position":3,"name":"Hemmafronten i forts\u00e4ttningkrigets","item":"https:\/\/veteraanienperinto.fi\/index.php\/sv\/fortsattningskriget\/hemmafronten-i-fortsattningkrigets\/"},{"@type":"ListItem","position":4,"name":"Varubrist"}]},{"@type":"WebSite","@id":"https:\/\/veteraanienperinto.fi\/#website","url":"https:\/\/veteraanienperinto.fi\/","name":"Veteraanien Perint\u00f6","description":"Kadettikunta","potentialAction":[{"@type":"SearchAction","target":{"@type":"EntryPoint","urlTemplate":"https:\/\/veteraanienperinto.fi\/?s={search_term_string}"},"query-input":{"@type":"PropertyValueSpecification","valueRequired":true,"valueName":"search_term_string"}}],"inLanguage":"fi"}]}},"_links":{"self":[{"href":"https:\/\/veteraanienperinto.fi\/index.php\/wp-json\/wp\/v2\/pages\/5845","targetHints":{"allow":["GET"]}}],"collection":[{"href":"https:\/\/veteraanienperinto.fi\/index.php\/wp-json\/wp\/v2\/pages"}],"about":[{"href":"https:\/\/veteraanienperinto.fi\/index.php\/wp-json\/wp\/v2\/types\/page"}],"author":[{"embeddable":true,"href":"https:\/\/veteraanienperinto.fi\/index.php\/wp-json\/wp\/v2\/users\/1"}],"replies":[{"embeddable":true,"href":"https:\/\/veteraanienperinto.fi\/index.php\/wp-json\/wp\/v2\/comments?post=5845"}],"version-history":[{"count":6,"href":"https:\/\/veteraanienperinto.fi\/index.php\/wp-json\/wp\/v2\/pages\/5845\/revisions"}],"predecessor-version":[{"id":10040,"href":"https:\/\/veteraanienperinto.fi\/index.php\/wp-json\/wp\/v2\/pages\/5845\/revisions\/10040"}],"up":[{"embeddable":true,"href":"https:\/\/veteraanienperinto.fi\/index.php\/wp-json\/wp\/v2\/pages\/5829"}],"wp:attachment":[{"href":"https:\/\/veteraanienperinto.fi\/index.php\/wp-json\/wp\/v2\/media?parent=5845"}],"curies":[{"name":"wp","href":"https:\/\/api.w.org\/{rel}","templated":true}]}}