{"id":590,"date":"2020-08-29T10:50:49","date_gmt":"2020-08-29T10:50:49","guid":{"rendered":"https:\/\/veteraani.ylirotu.fi\/?page_id=590"},"modified":"2021-01-18T17:40:48","modified_gmt":"2021-01-18T17:40:48","slug":"naiset","status":"publish","type":"page","link":"https:\/\/veteraanienperinto.fi\/index.php\/tietopankit\/muut-ryhmat\/naiset\/","title":{"rendered":"Naiset"},"content":{"rendered":"<div id='full_slider_1'  class='avia-fullwidth-slider main_color avia-shadow   avia-builder-el-0  el_before_av_heading  avia-builder-el-first   container_wrap sidebar_right'  ><\/div><div id='after_full_slider_1'  class='main_color av_default_container_wrap container_wrap sidebar_right'  ><div class='container av-section-cont-open' ><div class='template-page content  av-content-small alpha units'><div class='post-entry post-entry-type-page post-entry-590'><div class='entry-content-wrapper clearfix'>\n\n<style type=\"text\/css\" data-created_by=\"avia_inline_auto\" id=\"style-css-av-kk2utz10-ae1af599d1b44071513d082766613781\">\n#top .av-special-heading.av-kk2utz10-ae1af599d1b44071513d082766613781{\npadding-bottom:10px;\n}\nbody .av-special-heading.av-kk2utz10-ae1af599d1b44071513d082766613781 .av-special-heading-tag .heading-char{\nfont-size:25px;\n}\n.av-special-heading.av-kk2utz10-ae1af599d1b44071513d082766613781 .av-subheading{\nfont-size:15px;\n}\n<\/style>\n<div  class='av-special-heading av-kk2utz10-ae1af599d1b44071513d082766613781 av-special-heading-h2  avia-builder-el-1  el_after_av_slideshow_full  el_before_av_textblock  avia-builder-el-first '><h2 class='av-special-heading-tag'  itemprop=\"headline\"  >Naiset<\/h2><div class=\"special-heading-border\"><div class=\"special-heading-inner-border\"><\/div><\/div><\/div>\n<section  class='av_textblock_section av-zzza-25520a2dd2d350523be372559a7e479d '   itemscope=\"itemscope\" itemtype=\"https:\/\/schema.org\/CreativeWork\" ><div class='avia_textblock'  itemprop=\"text\" ><p>Miesten sitoutuessa sotien aikana varsinaisiin sotilasteht\u00e4viin naiset ottivat entist\u00e4 laajemmin vastuun monista teht\u00e4vist\u00e4 sek\u00e4 sotatoimialueella ett\u00e4 kotirintamalla. Lis\u00e4ksi naiset joutuivat yksin j\u00e4rjest\u00e4m\u00e4\u00e4n perheen huoltamiseen ja lasten kasvatukseen liittyv\u00e4t asiat. Henkisesti oli sotaleskien asema erityisen vaikea.<\/p>\n<p>Rintamien l\u00e4heisyydess\u00e4 toimi jatkuvasti yli 20 000 naista. He olivat lottia, sotilaskotisisaria, sairaanhoitajia, apusisaria, l\u00e4\u00e4k\u00e4reit\u00e4 ja ty\u00f6velvollisia.<\/p>\n<p>Lotta-Sv\u00e4rd j\u00e4rjest\u00f6\u00f6n kuului jatkosodan aikana yli 200 000 naista, joista keskim\u00e4\u00e4rin 13 000 oli jatkuvasti eri teht\u00e4viss\u00e4 sotatoimialueella. Kotirintaman teht\u00e4viss\u00e4 oli noin 50 000 lottaa. Loput yli 100 000 lottaa toimivat avustavina ty\u00f6ntekij\u00f6in\u00e4 oman ty\u00f6ns\u00e4 ohella. Lottien teht\u00e4v\u00e4t laajenivat jatkosodan aikana siten, ett\u00e4 erityisesti viestilottien m\u00e4\u00e4r\u00e4 lis\u00e4\u00e4ntyi jatkuvasti. Rintamilla sotilaita l\u00e4hinn\u00e4 olivat kanttiinilotat, muonituslotat ja l\u00e4\u00e4kint\u00e4lotat. Ilmavalvonta oli suureksi osaksi lottien vastuulla. Henkisesti oli erityisen raskasta kaatuneiden evakuointikeskuksissa toimineiden vapaaehtoisten lottien ty\u00f6. He laittoivat arkkuihin kaatuneet kotiseudulle kuljetettavaksi.<\/p>\n<p>Lotat olivat yleens\u00e4 aseistamattomia. Poikkeuksena oli kev\u00e4\u00e4ll\u00e4 1944 Helsingin ilmapuolustusta varten perustettu valonheitinpatteri, jonka miehityksen muodostivat lotat. Sen 145 nuorta ylioppilasta saivat my\u00f6s k\u00e4siasekoulutuksen. Joskus saattoi etulinjan lotallakin olla mukanaan pistooli.<\/p>\n<p>Kes\u00e4ll\u00e4 1944 sotatoimialueella olleet lotat joutuivat liikuntasodan olosuhteisiin. Lotat joutuivat kulkemaan vet\u00e4ytyvien joukkojen mukana joutuen my\u00f6s vihollisen tulen alle.<\/p>\n<p>Lotta-Sv\u00e4rd-j\u00e4rjest\u00f6\u00f6n kuului jo 1930-luvun alkupuolelta l\u00e4htien my\u00f6s tytt\u00f6osastoja, joita oli perustettu paikallis- ja kyl\u00e4osastojen yhteyteen. My\u00f6s kouluissa saattoi toimia lottajohdon alaisia tytt\u00f6osastoja. Tyt\u00f6ist\u00e4 k\u00e4ytettiin nimityst\u00e4 pikkulotta. Nimitys muutettiin vuonna 1943 lottatyt\u00f6ksi. Tytt\u00f6jen ik\u00e4 oli 8-16 vuotta. Jatkosodan aikana oli lopulta l\u00e4hes 2 000 tytt\u00f6osastoa, joihin kuului noin 50 000 tytt\u00f6\u00e4.<\/p>\n<p>Tytt\u00f6osastojen t\u00e4rkein toimintamuoto olivat ty\u00f6illat, joissa pidettiin luentoja, keskusteltiin ja j\u00e4rjestettiin monipuolista ajanvieteohjelmaa. Liikunnalla oli merkitt\u00e4v\u00e4 osuus lottatytt\u00f6jen kasvatusohjelmassa. Lottatyt\u00f6t osallistuivat my\u00f6s innokkaasti Nuorten Talkoot ry:n j\u00e4rjest\u00e4miin talkoisiin ja ker\u00e4yksiin. Tytt\u00f6osastot j\u00e4rjestiv\u00e4t erilaisia tilaisuuksia kummilasten, sotaorpojen, invalidien, kansanavun ja aseveljien hyv\u00e4ksi. Lottatyt\u00f6t auttoivat lottia heid\u00e4n monissa toimissaan kotirintamalla. Varttuneemmat lottatyt\u00f6t olivat t\u00f6iss\u00e4 esimerkiksi muonituspaikoissa, kanttiineissa, p\u00e4ivyst\u00e4jin\u00e4 ilmasuojelukeskuksissa sek\u00e4 l\u00e4hettein\u00e4 toimistoissa ja sotasairaaloissa.<\/p>\n<p>Sotilaskotisisaret toimivat jatkosodan hy\u00f6kk\u00e4ysvaiheessa usein hyvin l\u00e4hell\u00e4 etulinjaa.<\/p>\n<p>Sotilaskodit jouduttiin aluksi sijoittamaan telttoihin, latoihin tai muihin v\u00e4hemm\u00e4n tarkoitukseen sopiviin rakennuksiin. Kiinte\u00e4n sotilaskodin yhteydess\u00e4 toimivat linja-, kuorma- tai pakettiautoissa liikkuvat sotilaskodit, jotka k\u00e4viv\u00e4t joukoissa. Asemasotavuosina perustettiin pysyvi\u00e4 sotilaskoteja rintamajoukkojen l\u00e4heisyyteen. Rintamasotilaskoteja oli lopulta noin<br \/>\n1 000 ja niiss\u00e4 noin 3 000 sotilaskotisisarta.<\/p>\n<p>Jatkosodan toisena vuonna sotilaskotij\u00e4rjest\u00f6\u00e4 kohtasi menetys, kun Sotilaskotiliiton puheenjohtaja ja kaksi sen ansioitunutta j\u00e4sent\u00e4 saivat surmansa tarkastusmatkalla Kuusamossa partisaaniv\u00e4ijytyksess\u00e4.<\/p>\n<p>Kes\u00e4n 1944 vet\u00e4ytymisvaiheessa moniin sotilaskoteihin jouduttiin j\u00e4tt\u00e4m\u00e4\u00e4n koko niitten omaisuus. Rintamasotilaskotitoiminta jatkui t\u00e4st\u00e4 huolimatta jatkosodan loppuun asti sek\u00e4 my\u00f6s Lapin sodassa.<\/p>\n<p>Sotilaskotiyhdistykset toimivat sodan aikana edelleen laajasti my\u00f6s kotirintamalla. Tavanomaisen sotilaskotitoiminnan lis\u00e4ksi j\u00e4rjestettiin muun muassa vaateker\u00e4yksi\u00e4, avustettiin sairaalatoiminnassa ja autettiin sotainvalideja. Lis\u00e4ksi sotilaskodit toimivat rintamalle menevien ja rintamalta palaavien sotilaiden tuki- ja huoltopistein\u00e4.<\/p>\n<p>Erityisen l\u00e4hell\u00e4 rintamajoukkoja toimivat rajavartioem\u00e4nn\u00e4t. He olivat toimineet rauhan aikana rajan pinnassa vartiostojen toimipaikoilla. Kun rajavartiojoukot perustettiin puolustusvalmiutta kohotettaessa l\u00e4htiv\u00e4t rajavartioem\u00e4nn\u00e4t joukkojensa mukaan. Monen toimipaikka oli sodan aikana hyvin l\u00e4hell\u00e4 etulinjaa.<\/p>\n<p>Suomen Punaisen Ristin sairaanhoitajatartoimisto suoritti v\u00e4lirauhan aikana P\u00e4\u00e4majan l\u00e4\u00e4kint\u00e4osaston toimeksiannosta maamme koko sairaanhoitajaty\u00f6voiman kartoituksen. T\u00e4m\u00e4n perusteella Suomen Punainen Risti sai P\u00e4\u00e4majalta sairaanhoitajien sijoitusteht\u00e4v\u00e4t. Jatkosodan alkaessa puolustusvoimien palvelukseen sijoitettiin noin 4700 sairaanhoitajaa. Valtaosa sairaanhoitajista toimi kotialueella sotasairaaloissa, mutta osa toimi sotatoimialueella kentt\u00e4sairaaloissa, sairasjunissa ja er\u00e4iss\u00e4 muissa sairaanhoidon toimipaikoissa. Kentt\u00e4l\u00e4\u00e4kint\u00e4muodostelmiin sijoitettiin nuoria 23-35-vuotiaita hoitajattaria. Yhteens\u00e4 oli puolustusvoimien palveluksessa sodan eri vaiheissa 13 194 Suomen Punaisen Ristin sijoittamaa hoitajatarta. Palveluksessa samanaikaisesti olleiden m\u00e4\u00e4r\u00e4 vaihteli v\u00e4lill\u00e4<br \/>\n2 500-4 700 sairaanhoitajaa.<\/p>\n<p>Sotasairaaloissa toimi jatkosodan aikana my\u00f6s apusisaria. Suomen Punainen Risti oli kes\u00e4kuun lopussa perustanut apusisarj\u00e4rjest\u00f6n, jonka johtokunnassa oli muun muassa ty\u00f6l\u00e4isnaisj\u00e4rjest\u00f6jen ja partioliikkeen edustus. Apusisaret saivat noin yhdeks\u00e4n kuukauden koulutuksen sairaaloissa. Monet olivat sit\u00e4 ennen k\u00e4yneet esimerkiksi partioliikkeen j\u00e4rjest\u00e4m\u00e4n ensiapukurssin. Erityisesti kes\u00e4ll\u00e4 1944 apusisarien tarve oli suuri ja heid\u00e4t kaikki pyrittiin saamaan palvelukseen. Yhteens\u00e4 apusisarj\u00e4rjest\u00f6\u00f6n kuului noin 3 500 nuorta naista.<\/p>\n<p>Sotatoimialueella toimi my\u00f6s ty\u00f6velvollisia naisia. Laki ty\u00f6velvollisuudesta oli s\u00e4\u00e4detty lokakuussa 1939. Ty\u00f6velvollisia olivat kaikki 18-54-vuotiaat kansalaiset, siis my\u00f6s naiset. Perheest\u00e4\u00e4n huoltovelvolliset naiset oli kuitenkin vapautettu ty\u00f6velvollisuudesta. Ty\u00f6velvollinen voitiin m\u00e4\u00e4r\u00e4t\u00e4 my\u00f6s kotipaikkakuntansa ulkopuolelle eik\u00e4 h\u00e4n voinut valita ty\u00f6ns\u00e4 laatua. Siit\u00e4 maksettiin erikseen m\u00e4\u00e4r\u00e4tty palkka. P\u00e4\u00e4osa ty\u00f6velvollisista naisista toimi kotialueella, mutta osa joutui ty\u00f6skentelem\u00e4\u00e4n sotatoimialueella. Esimerkiksi rintamien l\u00e4heisyydess\u00e4 toimineissa pesulajunissa toimi lottien lis\u00e4ksi verrattain paljon ty\u00f6velvollisia naisia. Heid\u00e4n ty\u00f6panoksensa oli suuri, sill\u00e4 junissa pestiin kuukausittain noin 70 000 kiloa sotilaiden pyykki\u00e4.<\/p>\n<p>Kotirintamalla oli erityisesti jatkosodan alussa vakava ty\u00f6voimapula. Kun tavanomaisista t\u00f6ist\u00e4 jouduttiin hyvin nopeasti irrottamaan 400 000-500 000 miest\u00e4 sotatoimiin, oli elint\u00e4rke\u00e4\u00e4 saada ainakin maan elinkeinoel\u00e4m\u00e4n ja sotatoimien jatkuvuuden kannalta ratkaisevin osa heist\u00e4 korvattua uudella ty\u00f6voimalla. Naiset ottivat t\u00e4m\u00e4n vastuun. Monet naiset joutuivat opettelemaan ammatteja, jotka olivat aikaisemmin kuuluneet kokonaan miehille. Vuoden 1941 lopulla osittain juuri ty\u00f6voimapulan johdosta aloitettu vanhimpien ik\u00e4luokkien kotiuttaminen rintamajoukoista helpotti jonkin verran ty\u00f6voimatilannetta. Pulaa ammattitaitoisesta ty\u00f6voimasta oli kuitenkin koko sodan ajan. Naisten osuus maamme koko teollisuuden ty\u00f6voimasta oli lopulta noin puolet. Sotatarviketeollisuuden noin 140 000 ty\u00f6ntekij\u00e4st\u00e4 oli naisia 55 %. Heid\u00e4n panoksensa oli n\u00e4in ollen teollisuuden tuotannon yll\u00e4pidossa ratkaisevan t\u00e4rke\u00e4\u00e4.<\/p>\n<p>My\u00f6s monien maatilan em\u00e4ntien vastuu ja ty\u00f6taakka kasvoi sodan aikana olennaisesti is\u00e4nn\u00e4n ja muun miesv\u00e4en ollessa rintamalla. Naiset joutuivat tekem\u00e4\u00e4n tavanomaisten teht\u00e4viens\u00e4 lis\u00e4ksi miehille normaalisti kuuluvia maataloust\u00f6it\u00e4. N\u00e4ihin sis\u00e4ltyi my\u00f6s raskaita ruumiillisia t\u00f6it\u00e4. Ty\u00f6voimapulasta johtuen jouduttiin kymmeni\u00e4 tuhansia neuvostoliittolaisia sotavankeja k\u00e4ytt\u00e4m\u00e4\u00e4n maataloust\u00f6iss\u00e4. T\u00e4ll\u00f6in joutuivat maatilojen em\u00e4nn\u00e4t usein my\u00f6s ty\u00f6njohtajan teht\u00e4viin omien toimiensa ohella.<\/p>\n<p>Kotirintamalla ty\u00f6velvolliset naiset joutuivat hyvin monenlaatuisiin teht\u00e4viin. Erityisen paljon naisia oli maataloust\u00f6iss\u00e4, esimerkiksi vuonna 1943 noin 140 000. Ty\u00f6 kesti 1-2 viikkoa. Osa oli kaupunkilaisia, jotka eiv\u00e4t olleet koskaan tehneet maataloust\u00f6it\u00e4. Naisia komennettiin paljon my\u00f6s rakennust\u00f6ihin, joissa naisia oli ty\u00f6skennellyt runsaasti jo ennen sotia.<\/p>\n<p>Pienehk\u00f6j\u00e4 m\u00e4\u00e4ri\u00e4 naisia oli esimerkiksi autonkuljettajina, raitiovaununkuljettajina ja postinkantajina.<\/p>\n<p>Talkooty\u00f6t olivat vapaaehtoisia, eik\u00e4 niihin komennettu ty\u00f6velvollisia. Talkoot saivat hyvin laajat mittasuhteet koko kansan keskuudessa. Kouluik\u00e4iset tyt\u00f6t ker\u00e4siv\u00e4t aluksi vaatteita, lumppuja, pulloja ja muuta kodeissa v\u00e4hemm\u00e4n tarpeellista tavaraa. My\u00f6hemmin tyt\u00f6t osallistuivat my\u00f6s maataloust\u00f6ihin hein\u00e4pelloilla ja mets\u00e4t\u00f6ihin mottitalkoissa.<\/p>\n<p>Sotatoimialueen tai kotirintaman t\u00f6iden lis\u00e4ksi naisten vastuu korostui my\u00f6s muussa el\u00e4m\u00e4ss\u00e4. Monessa evakkoperheess\u00e4 \u00e4iti joutui yksin huolehtimaan lukemattomista perheen sijoittumiseen ja toimeentuloon liittyvist\u00e4 asioista is\u00e4n ollessa rintamalla. Sotaleskien taakka oli hyvin raskas sek\u00e4 henkisesti ett\u00e4 toimeentulon kannalta. Monen \u00e4idin vastuulle j\u00e4i kaikkien muiden lis\u00e4\u00e4ntyneiden teht\u00e4vien lis\u00e4ksi lasten kasvatus l\u00e4hes kokonaan. \u00c4idit kestiv\u00e4t taakkansa hyvin uhrautuvasti ja vaikuttivat merkitt\u00e4v\u00e4sti siihen, ett\u00e4 kotirintama kesti.<\/p>\n<p>Kiitollisuuden ja kunnioituksen osoituksena Suomen \u00e4itej\u00e4 kohtaan ylip\u00e4\u00e4llikk\u00f6 sotamarsalkka C. G. Mannerheim my\u00f6nsi armeijamme nimiss\u00e4 Vapaudenristin Suomen \u00e4ideille \u00e4itienp\u00e4iv\u00e4n\u00e4 vuonna 1942. Koko eduskunta oli kokoontunut t\u00e4m\u00e4n p\u00e4iv\u00e4k\u00e4skyn vastaanottoa varten. P\u00e4iv\u00e4k\u00e4sky luovutettiin kaikille Suomen kirkoille s\u00e4ilytett\u00e4v\u00e4ksi sen arvon edellytt\u00e4m\u00e4ll\u00e4 paikalla.<\/p>\n<\/div><\/section>\n","protected":false},"excerpt":{"rendered":"","protected":false},"author":1,"featured_media":0,"parent":109,"menu_order":1,"comment_status":"closed","ping_status":"closed","template":"","meta":{"footnotes":""},"class_list":["post-590","page","type-page","status-publish","hentry"],"yoast_head":"<!-- This site is optimized with the Yoast SEO plugin v27.5 - https:\/\/yoast.com\/product\/yoast-seo-wordpress\/ -->\n<title>Naiset - Veteraanien Perint\u00f6<\/title>\n<meta name=\"robots\" content=\"index, follow, max-snippet:-1, max-image-preview:large, max-video-preview:-1\" \/>\n<link rel=\"canonical\" href=\"https:\/\/veteraanienperinto.fi\/index.php\/tietopankit\/muut-ryhmat\/naiset\/\" \/>\n<meta property=\"og:locale\" content=\"fi_FI\" \/>\n<meta property=\"og:type\" content=\"article\" \/>\n<meta property=\"og:title\" content=\"Naiset - Veteraanien Perint\u00f6\" \/>\n<meta property=\"og:url\" content=\"https:\/\/veteraanienperinto.fi\/index.php\/tietopankit\/muut-ryhmat\/naiset\/\" \/>\n<meta property=\"og:site_name\" content=\"Veteraanien Perint\u00f6\" \/>\n<meta property=\"article:modified_time\" content=\"2021-01-18T17:40:48+00:00\" \/>\n<meta name=\"twitter:card\" content=\"summary_large_image\" \/>\n<meta name=\"twitter:label1\" content=\"Arvioitu lukuaika\" \/>\n\t<meta name=\"twitter:data1\" content=\"7 minuuttia\" \/>\n<script type=\"application\/ld+json\" class=\"yoast-schema-graph\">{\"@context\":\"https:\\\/\\\/schema.org\",\"@graph\":[{\"@type\":\"WebPage\",\"@id\":\"https:\\\/\\\/veteraanienperinto.fi\\\/index.php\\\/tietopankit\\\/muut-ryhmat\\\/naiset\\\/\",\"url\":\"https:\\\/\\\/veteraanienperinto.fi\\\/index.php\\\/tietopankit\\\/muut-ryhmat\\\/naiset\\\/\",\"name\":\"Naiset - Veteraanien Perint\u00f6\",\"isPartOf\":{\"@id\":\"https:\\\/\\\/veteraanienperinto.fi\\\/#website\"},\"datePublished\":\"2020-08-29T10:50:49+00:00\",\"dateModified\":\"2021-01-18T17:40:48+00:00\",\"breadcrumb\":{\"@id\":\"https:\\\/\\\/veteraanienperinto.fi\\\/index.php\\\/tietopankit\\\/muut-ryhmat\\\/naiset\\\/#breadcrumb\"},\"inLanguage\":\"fi\",\"potentialAction\":[{\"@type\":\"ReadAction\",\"target\":[\"https:\\\/\\\/veteraanienperinto.fi\\\/index.php\\\/tietopankit\\\/muut-ryhmat\\\/naiset\\\/\"]}]},{\"@type\":\"BreadcrumbList\",\"@id\":\"https:\\\/\\\/veteraanienperinto.fi\\\/index.php\\\/tietopankit\\\/muut-ryhmat\\\/naiset\\\/#breadcrumb\",\"itemListElement\":[{\"@type\":\"ListItem\",\"position\":1,\"name\":\"Etusivu\",\"item\":\"https:\\\/\\\/veteraanienperinto.fi\\\/index.php\\\/etusivu-2\\\/\"},{\"@type\":\"ListItem\",\"position\":2,\"name\":\"Tietopankit\",\"item\":\"https:\\\/\\\/veteraanienperinto.fi\\\/index.php\\\/tietopankit\\\/\"},{\"@type\":\"ListItem\",\"position\":3,\"name\":\"Muita ryhmi\u00e4\",\"item\":\"https:\\\/\\\/veteraanienperinto.fi\\\/index.php\\\/tietopankit\\\/muut-ryhmat\\\/\"},{\"@type\":\"ListItem\",\"position\":4,\"name\":\"Naiset\"}]},{\"@type\":\"WebSite\",\"@id\":\"https:\\\/\\\/veteraanienperinto.fi\\\/#website\",\"url\":\"https:\\\/\\\/veteraanienperinto.fi\\\/\",\"name\":\"Veteraanien Perint\u00f6\",\"description\":\"Kadettikunta\",\"potentialAction\":[{\"@type\":\"SearchAction\",\"target\":{\"@type\":\"EntryPoint\",\"urlTemplate\":\"https:\\\/\\\/veteraanienperinto.fi\\\/?s={search_term_string}\"},\"query-input\":{\"@type\":\"PropertyValueSpecification\",\"valueRequired\":true,\"valueName\":\"search_term_string\"}}],\"inLanguage\":\"fi\"}]}<\/script>\n<!-- \/ Yoast SEO plugin. -->","yoast_head_json":{"title":"Naiset - Veteraanien Perint\u00f6","robots":{"index":"index","follow":"follow","max-snippet":"max-snippet:-1","max-image-preview":"max-image-preview:large","max-video-preview":"max-video-preview:-1"},"canonical":"https:\/\/veteraanienperinto.fi\/index.php\/tietopankit\/muut-ryhmat\/naiset\/","og_locale":"fi_FI","og_type":"article","og_title":"Naiset - Veteraanien Perint\u00f6","og_url":"https:\/\/veteraanienperinto.fi\/index.php\/tietopankit\/muut-ryhmat\/naiset\/","og_site_name":"Veteraanien Perint\u00f6","article_modified_time":"2021-01-18T17:40:48+00:00","twitter_card":"summary_large_image","twitter_misc":{"Arvioitu lukuaika":"7 minuuttia"},"schema":{"@context":"https:\/\/schema.org","@graph":[{"@type":"WebPage","@id":"https:\/\/veteraanienperinto.fi\/index.php\/tietopankit\/muut-ryhmat\/naiset\/","url":"https:\/\/veteraanienperinto.fi\/index.php\/tietopankit\/muut-ryhmat\/naiset\/","name":"Naiset - Veteraanien Perint\u00f6","isPartOf":{"@id":"https:\/\/veteraanienperinto.fi\/#website"},"datePublished":"2020-08-29T10:50:49+00:00","dateModified":"2021-01-18T17:40:48+00:00","breadcrumb":{"@id":"https:\/\/veteraanienperinto.fi\/index.php\/tietopankit\/muut-ryhmat\/naiset\/#breadcrumb"},"inLanguage":"fi","potentialAction":[{"@type":"ReadAction","target":["https:\/\/veteraanienperinto.fi\/index.php\/tietopankit\/muut-ryhmat\/naiset\/"]}]},{"@type":"BreadcrumbList","@id":"https:\/\/veteraanienperinto.fi\/index.php\/tietopankit\/muut-ryhmat\/naiset\/#breadcrumb","itemListElement":[{"@type":"ListItem","position":1,"name":"Etusivu","item":"https:\/\/veteraanienperinto.fi\/index.php\/etusivu-2\/"},{"@type":"ListItem","position":2,"name":"Tietopankit","item":"https:\/\/veteraanienperinto.fi\/index.php\/tietopankit\/"},{"@type":"ListItem","position":3,"name":"Muita ryhmi\u00e4","item":"https:\/\/veteraanienperinto.fi\/index.php\/tietopankit\/muut-ryhmat\/"},{"@type":"ListItem","position":4,"name":"Naiset"}]},{"@type":"WebSite","@id":"https:\/\/veteraanienperinto.fi\/#website","url":"https:\/\/veteraanienperinto.fi\/","name":"Veteraanien Perint\u00f6","description":"Kadettikunta","potentialAction":[{"@type":"SearchAction","target":{"@type":"EntryPoint","urlTemplate":"https:\/\/veteraanienperinto.fi\/?s={search_term_string}"},"query-input":{"@type":"PropertyValueSpecification","valueRequired":true,"valueName":"search_term_string"}}],"inLanguage":"fi"}]}},"_links":{"self":[{"href":"https:\/\/veteraanienperinto.fi\/index.php\/wp-json\/wp\/v2\/pages\/590","targetHints":{"allow":["GET"]}}],"collection":[{"href":"https:\/\/veteraanienperinto.fi\/index.php\/wp-json\/wp\/v2\/pages"}],"about":[{"href":"https:\/\/veteraanienperinto.fi\/index.php\/wp-json\/wp\/v2\/types\/page"}],"author":[{"embeddable":true,"href":"https:\/\/veteraanienperinto.fi\/index.php\/wp-json\/wp\/v2\/users\/1"}],"replies":[{"embeddable":true,"href":"https:\/\/veteraanienperinto.fi\/index.php\/wp-json\/wp\/v2\/comments?post=590"}],"version-history":[{"count":6,"href":"https:\/\/veteraanienperinto.fi\/index.php\/wp-json\/wp\/v2\/pages\/590\/revisions"}],"predecessor-version":[{"id":9936,"href":"https:\/\/veteraanienperinto.fi\/index.php\/wp-json\/wp\/v2\/pages\/590\/revisions\/9936"}],"up":[{"embeddable":true,"href":"https:\/\/veteraanienperinto.fi\/index.php\/wp-json\/wp\/v2\/pages\/109"}],"wp:attachment":[{"href":"https:\/\/veteraanienperinto.fi\/index.php\/wp-json\/wp\/v2\/media?parent=590"}],"curies":[{"name":"wp","href":"https:\/\/api.w.org\/{rel}","templated":true}]}}