{"id":5927,"date":"2020-11-18T12:05:40","date_gmt":"2020-11-18T12:05:40","guid":{"rendered":"https:\/\/veteraani.ylirotu.fi\/?page_id=5927"},"modified":"2020-12-15T12:45:19","modified_gmt":"2020-12-15T12:45:19","slug":"forsta-avvarjningssegern","status":"publish","type":"page","link":"https:\/\/veteraanienperinto.fi\/index.php\/sv\/fortsattningskriget\/berattelser-i-fortsattningkriget\/krigets-gang\/avvarjningen-av-storanfallet\/forsta-avvarjningssegern\/","title":{"rendered":"F\u00f6rsta avv\u00e4rjningssegern"},"content":{"rendered":"\n<style type=\"text\/css\" data-created_by=\"avia_inline_auto\" id=\"style-css-av-av_heading-c064710aaa11fcc5766c033ade3e828a\">\n#top .av-special-heading.av-av_heading-c064710aaa11fcc5766c033ade3e828a{\npadding-bottom:10px;\n}\nbody .av-special-heading.av-av_heading-c064710aaa11fcc5766c033ade3e828a .av-special-heading-tag .heading-char{\nfont-size:25px;\n}\n.av-special-heading.av-av_heading-c064710aaa11fcc5766c033ade3e828a .av-subheading{\nfont-size:15px;\n}\n<\/style>\n<div  class='av-special-heading av-av_heading-c064710aaa11fcc5766c033ade3e828a av-special-heading-h3  avia-builder-el-0  el_before_av_textblock  avia-builder-el-first '><h3 class='av-special-heading-tag'  itemprop=\"headline\"  >F\u00f6rsta avv\u00e4rjningssegern<\/h3><div class=\"special-heading-border\"><div class=\"special-heading-inner-border\"><\/div><\/div><\/div>\n<section  class='av_textblock_section av-kei9w74n-7b0f008125a778f48432b9a614d90d0f '   itemscope=\"itemscope\" itemtype=\"https:\/\/schema.org\/CreativeWork\" ><div class='avia_textblock'  itemprop=\"text\" ><p>Midsommaraftonen, den 23 juni, inleddes kl. 7.00 med en rysk artillerikoncentration, vars like sextiettorna inte tidigare sk\u00e5dat. Samtidigt anf\u00f6ll 160 bombplan och vr\u00e4kte ner sin last \u00f6ver regementets omr\u00e5de. Planen fl\u00f6g p\u00e5 olika h\u00f6jd, ty de rymdes inte p\u00e5 samma.\u00a0Ovanf\u00f6r Hietala haltpunkt tr\u00e4ffades ett ryskt plan av bomber fr\u00e5n ett ovanf\u00f6r flygande plan.<\/p>\n<div id=\"attachment_7694\" style=\"width: 242px\" class=\"wp-caption alignright\"><img loading=\"lazy\" decoding=\"async\" aria-describedby=\"caption-attachment-7694\" class=\"wp-image-7694 size-full\" src=\"https:\/\/veteraanienperinto.fi\/wp-content\/uploads\/2020\/12\/Forsta-vinnen-2.jpg\" alt=\"\" width=\"232\" height=\"167\" \/><p id=\"caption-attachment-7694\" class=\"wp-caption-text\">Kivisillansalmi mellan Sorvali och Tienhaara udde. Fotot \u00e4r taget 1941 fr\u00e5n stadssidan. Det var allts\u00e5 fr\u00e5n stranden i f\u00f6rgrunden som ryssarna f\u00f6retog sina anfall mot Sextiettan, som befann sig p\u00e5 motsatta stranden. (Foto A. Tuhka i J\u00e4ntti: Viipurin viimeinen p\u00e4iv\u00e4)<\/p><\/div>\n<p>Vrakdelarna regnade ned. Ett finl\u00e4ndskt bombplan tr\u00e4ffades \u00f6ver Suomenvedenpohja av ryskt luftv\u00e4rn och st\u00f6rtade brinnande i havet. Flygarna lyckades hoppa i fallsk\u00e4rm, men de blev genast attackerade av tv\u00e5 ryska jaktplan. Den enas fallsk\u00e4rm trasades s\u00f6nder, s\u00e5 att han st\u00f6rtade i vattnet. Den andra f\u00f6rs\u00f6kte sv\u00e4nga sig i luften f\u00f6r att inte bli tr\u00e4ffad, men inom kort var hans \u00f6de avgjort. H\u00f6gre upp rasade v\u00e5ldsamma luftstrider. De finl\u00e4ndska jaktflygarna sk\u00f6t denna dag ner ett 20-tal ryska plan.<\/p>\n<p>I den fruktansv\u00e4rda eldorkanen brast alla kommunikationer. F\u00f6rbindelserna m\u00e5ste uppr\u00e4tth\u00e5llas med stafetter, som tv\u00e5 och tv\u00e5 f\u00f6rde rapporterna vidare. Deras insats var ett str\u00e5lande bevis p\u00e5 tapperhet och pliktuppfyllelse under de vidrigaste f\u00f6rh\u00e5llanden.<\/p>\n<p>Kl. 8.30 kom det ryska storanfallet. Hela sundet var fullt av b\u00e5tar och fl\u00f6ttar, men en intensiv och v\u00e4lriktad eld hejdade dem. N\u00e5gra avdelningar kom i land, men de nedgjordes genom motanfall. Vattnet var fyllt av stupade och drunknade ryssar och b\u00e5tar drev omkring med sin d\u00f6da last ombord.<\/p>\n<p>Midsommaraftonen, den 23 juni, inleddes kl. 7.00 med en rysk artillerikoncentration, vars like sextiettorna inte tidigare sk\u00e5dat. Samtidigt anf\u00f6ll 160 bombplan och vr\u00e4kte ner sin last \u00f6ver regementets omr\u00e5de. Planen fl\u00f6g p\u00e5 olika h\u00f6jd, ty de rymdes inte p\u00e5 samma. Ovanf\u00f6r Hietala haltpunkt tr\u00e4ffades ett ryskt plan av bomber fr\u00e5n ett ovanf\u00f6r flygande plan. Vrakdelarna regnade ned. Ett finl\u00e4ndskt bombplan tr\u00e4ffades \u00f6ver Suomenvedenpohja av ryskt luftv\u00e4rn och st\u00f6rtade brinnande i havet. Flygarna lyckades hoppa i fallsk\u00e4rm, men de blev genast attackerade av tv\u00e5 ryska jaktplan. Den enas fallsk\u00e4rm trasades s\u00f6nder, s\u00e5 att han st\u00f6rtade i vattnet. Den andra f\u00f6rs\u00f6kte sv\u00e4nga sig i luften f\u00f6r att inte bli tr\u00e4ffad, men inom kort var hans \u00f6de avgjort. H\u00f6gre upp rasade v\u00e5ldsamma luftstrider. De finl\u00e4ndska jaktflygarna sk\u00f6t denna dag ner ett 20-tal ryska plan.<\/p>\n<p>I den fruktansv\u00e4rda eldorkanen brast alla kommunikationer. F\u00f6rbindelserna m\u00e5ste uppr\u00e4tth\u00e5llas med stafetter, som tv\u00e5 och tv\u00e5 f\u00f6rde rapporterna vidare. Deras insats var ett str\u00e5lande bevis p\u00e5 tapperhet och pliktuppfyllelse under de vidrigaste f\u00f6rh\u00e5llanden.<\/p>\n<p>Kl. 8.30 kom det ryska storanfallet. Hela sundet var fullt av b\u00e5tar och fl\u00f6ttar, men en intensiv och v\u00e4lriktad eld hejdade dem. N\u00e5gra avdelningar kom i land, men de nedgjordes genom motanfall. Vattnet var fyllt av stupade och drunknade ryssar och b\u00e5tar drev omkring med sin d\u00f6da last ombord.<\/p>\n<p>Midsommaraftonen, den 23 juni, inleddes kl. 7.00 med en rysk artillerikoncentration, vars like sextiettorna inte tidigare sk\u00e5dat. Samtidigt anf\u00f6ll 160 bombplan och vr\u00e4kte ner sin last \u00f6ver regementets omr\u00e5de. Planen fl\u00f6g p\u00e5 olika h\u00f6jd, ty de rymdes inte p\u00e5 samma. Ovanf\u00f6r Hietala haltpunkt tr\u00e4ffades ett ryskt plan av bomber fr\u00e5n ett ovanf\u00f6r flygande plan. Vrakdelarna regnade ned. Ett finl\u00e4ndskt bombplan tr\u00e4ffades \u00f6ver Suomenvedenpohja av ryskt luftv\u00e4rn och st\u00f6rtade brinnande i havet. Flygarna lyckades hoppa i fallsk\u00e4rm, men de blev genast attackerade av tv\u00e5 ryska jaktplan. Den enas fallsk\u00e4rm trasades s\u00f6nder, s\u00e5 att han st\u00f6rtade i vattnet. Den andra f\u00f6rs\u00f6kte sv\u00e4nga sig i luften f\u00f6r att inte bli tr\u00e4ffad, men inom kort var hans \u00f6de avgjort. H\u00f6gre upp rasade v\u00e5ldsamma luftstrider. De finl\u00e4ndska jaktflygarna sk\u00f6t denna dag ner ett 20-tal ryska plan.<\/p>\n<div id=\"attachment_7691\" style=\"width: 252px\" class=\"wp-caption alignright\"><img loading=\"lazy\" decoding=\"async\" aria-describedby=\"caption-attachment-7691\" class=\"wp-image-7691 size-full\" src=\"https:\/\/veteraanienperinto.fi\/wp-content\/uploads\/2020\/12\/Forsta-vinnen.jpg\" alt=\"\" width=\"242\" height=\"176\" \/><p id=\"caption-attachment-7691\" class=\"wp-caption-text\">Vid Kosackstenen. Kapten Renvall l\u00e4ngst till h\u00f6ger tillsammans med radisten Tauno Vainio fr\u00e5n III\/KTR 8 och l\u00f6jtnant Siitonen fr\u00e5n Avd. Vuorela. Till v\u00e4nster i baskerm\u00f6ssa andra bataljonens adjutant, l\u00f6jtnant G. Sundgren. Bakom honom en stafett.<\/p><\/div>\n<p>I den fruktansv\u00e4rda eldorkanen brast alla kommunikationer. F\u00f6rbindelserna m\u00e5ste uppr\u00e4tth\u00e5llas med stafetter, som tv\u00e5 och tv\u00e5 f\u00f6rde rapporterna vidare. Deras insats var ett str\u00e5lande bevis p\u00e5 tapperhet och pliktuppfyllelse under de vidrigaste f\u00f6rh\u00e5llanden.<\/p>\n<p>Kl. 8.30 kom det ryska storanfallet. Hela sundet var fullt av b\u00e5tar och fl\u00f6ttar, men en intensiv och v\u00e4lriktad eld hejdade dem. N\u00e5gra avdelningar kom i land, men de nedgjordes genom motanfall. Vattnet var fyllt av stupade och drunknade ryssar och b\u00e5tar drev omkring med sin d\u00f6da last ombord.<\/p>\n<p>I radion vid Kosackstenen h\u00f6rdes eldledarens f\u00f6rtvivlade &#8221;Torjunta SorvaIi! Ampukaa!&#8221;, men deras anrop n\u00e5dde inte fram. Radisterna lyckades till slut etablera kontakt med s\u00e5v\u00e4l divisionen som artillerikommend\u00f6ren. Kapten Renvall fick igenom ett meddelande: &#8221;P\u00e5 mitt ansvar och p\u00e5 min order TULTA, TULTA, TULTA!&#8221;<\/p>\n<p>S\u00e5 tr\u00e4dde artilleriet i funktion. Allt vad som stod \u00f6verste Rauramo till buds, fr\u00e5n f\u00e4ltartilleri till tungt j\u00e4rnv\u00e4gsartilleri, sattes in tillsammans med granatkastarna.<\/p>\n<p>Effekten var fruktansv\u00e4rd. Fordonskolonner och m\u00e4nniskor i hundratal kastades h\u00f6gt upp i luften. Landstigningsb\u00e5tarna slogs i spillror. De ryssar som hunnit ut p\u00e5 j\u00e4rnv\u00e4gsbron tillintetgjordes av regementets egna vapen.Samtidigt gick tyska Stuka-plan p\u00e5 Marttinens anh\u00e5llan till anfall mot truppkoncentrationerna p\u00e5 Sorvali, Monrepos och Linnasaari. Det ryska luftv\u00e4rnet sk\u00f6t allt vad det f\u00f6rm\u00e5dde. Luften var som fylld av sn\u00f6flingor efter luftv\u00e4rnsgranaternas krevader. En st\u00f6rre explosion kunde iakttas bakom de anfallande ryska trupperna. Antagligen var det en ammunitionsdep\u00e5, som sprang i luften. Anfallet var tillbakaslaget.<\/p>\n<p>Den finl\u00e4ndska elden denna dag var forts\u00e4ttningskrigets dittills kraftigaste. Den \u00f6vertr\u00e4ffas endast av elduppb\u00e5det vid Ihantala kort efter\u00e5t. Kl. 12-13 gjorde ryssarna ett nytt anfall, men det kastades tillbaka genast i b\u00f6rjan. Under eftermiddagens lopp gjordes nya f\u00f6rs\u00f6k, men i mindre skala. De sm\u00e5 avdelningar, som lyckades ta sig \u00f6ver, tillintetgjordes genom motst\u00f6tar. P\u00e5 kv\u00e4llen kunde \u00f6verstel\u00f6jtnant Marttinen meddela \u00d6verbef\u00e4lhavaren att den ryska offensiven var hejdad. Kanondundret fr\u00e5n Tienhaara hade h\u00f6rts \u00e4nda till S:t Michel, d\u00e4r h\u00f6gkvarteret fanns, och Mannerheim hade med oro v\u00e4ntat p\u00e5 stridens utg\u00e5ng. Regernentskommend\u00f6ren befordrades samma dag till \u00f6verste, den yngsta i Finlands arm\u00e9, 35 \u00e5r gammal.<\/p>\n<p><em><strong>Ur boken:<\/strong><\/em><br \/>\n<em>Nils-Erik Nykvist: Sextiettan<\/em><\/p>\n<\/div><\/section>\n","protected":false},"excerpt":{"rendered":"","protected":false},"author":1,"featured_media":0,"parent":6052,"menu_order":0,"comment_status":"closed","ping_status":"closed","template":"","meta":{"footnotes":""},"class_list":["post-5927","page","type-page","status-publish","hentry"],"yoast_head":"<!-- This site is optimized with the Yoast SEO plugin v27.4 - https:\/\/yoast.com\/product\/yoast-seo-wordpress\/ -->\n<title>F\u00f6rsta avv\u00e4rjningssegern - Veteraanien Perint\u00f6<\/title>\n<meta name=\"robots\" content=\"index, follow, max-snippet:-1, max-image-preview:large, max-video-preview:-1\" \/>\n<link rel=\"canonical\" href=\"https:\/\/veteraanienperinto.fi\/index.php\/sv\/fortsattningskriget\/berattelser-i-fortsattningkriget\/krigets-gang\/avvarjningen-av-storanfallet\/forsta-avvarjningssegern\/\" \/>\n<meta property=\"og:locale\" content=\"fi_FI\" \/>\n<meta property=\"og:type\" content=\"article\" \/>\n<meta property=\"og:title\" content=\"F\u00f6rsta avv\u00e4rjningssegern - Veteraanien Perint\u00f6\" \/>\n<meta property=\"og:url\" content=\"https:\/\/veteraanienperinto.fi\/index.php\/sv\/fortsattningskriget\/berattelser-i-fortsattningkriget\/krigets-gang\/avvarjningen-av-storanfallet\/forsta-avvarjningssegern\/\" \/>\n<meta property=\"og:site_name\" content=\"Veteraanien Perint\u00f6\" \/>\n<meta property=\"article:modified_time\" content=\"2020-12-15T12:45:19+00:00\" \/>\n<meta property=\"og:image\" content=\"https:\/\/veteraanienperinto.fi\/wp-content\/uploads\/2020\/12\/Forsta-vinnen-2.jpg\" \/>\n<meta name=\"twitter:card\" content=\"summary_large_image\" \/>\n<meta name=\"twitter:label1\" content=\"Arvioitu lukuaika\" \/>\n\t<meta name=\"twitter:data1\" content=\"6 minuuttia\" \/>\n<script type=\"application\/ld+json\" class=\"yoast-schema-graph\">{\"@context\":\"https:\\\/\\\/schema.org\",\"@graph\":[{\"@type\":\"WebPage\",\"@id\":\"https:\\\/\\\/veteraanienperinto.fi\\\/index.php\\\/sv\\\/fortsattningskriget\\\/berattelser-i-fortsattningkriget\\\/krigets-gang\\\/avvarjningen-av-storanfallet\\\/forsta-avvarjningssegern\\\/\",\"url\":\"https:\\\/\\\/veteraanienperinto.fi\\\/index.php\\\/sv\\\/fortsattningskriget\\\/berattelser-i-fortsattningkriget\\\/krigets-gang\\\/avvarjningen-av-storanfallet\\\/forsta-avvarjningssegern\\\/\",\"name\":\"F\u00f6rsta avv\u00e4rjningssegern - Veteraanien Perint\u00f6\",\"isPartOf\":{\"@id\":\"https:\\\/\\\/veteraanienperinto.fi\\\/#website\"},\"primaryImageOfPage\":{\"@id\":\"https:\\\/\\\/veteraanienperinto.fi\\\/index.php\\\/sv\\\/fortsattningskriget\\\/berattelser-i-fortsattningkriget\\\/krigets-gang\\\/avvarjningen-av-storanfallet\\\/forsta-avvarjningssegern\\\/#primaryimage\"},\"image\":{\"@id\":\"https:\\\/\\\/veteraanienperinto.fi\\\/index.php\\\/sv\\\/fortsattningskriget\\\/berattelser-i-fortsattningkriget\\\/krigets-gang\\\/avvarjningen-av-storanfallet\\\/forsta-avvarjningssegern\\\/#primaryimage\"},\"thumbnailUrl\":\"https:\\\/\\\/veteraanienperinto.fi\\\/wp-content\\\/uploads\\\/2020\\\/12\\\/Forsta-vinnen-2.jpg\",\"datePublished\":\"2020-11-18T12:05:40+00:00\",\"dateModified\":\"2020-12-15T12:45:19+00:00\",\"breadcrumb\":{\"@id\":\"https:\\\/\\\/veteraanienperinto.fi\\\/index.php\\\/sv\\\/fortsattningskriget\\\/berattelser-i-fortsattningkriget\\\/krigets-gang\\\/avvarjningen-av-storanfallet\\\/forsta-avvarjningssegern\\\/#breadcrumb\"},\"inLanguage\":\"fi\",\"potentialAction\":[{\"@type\":\"ReadAction\",\"target\":[\"https:\\\/\\\/veteraanienperinto.fi\\\/index.php\\\/sv\\\/fortsattningskriget\\\/berattelser-i-fortsattningkriget\\\/krigets-gang\\\/avvarjningen-av-storanfallet\\\/forsta-avvarjningssegern\\\/\"]}]},{\"@type\":\"ImageObject\",\"inLanguage\":\"fi\",\"@id\":\"https:\\\/\\\/veteraanienperinto.fi\\\/index.php\\\/sv\\\/fortsattningskriget\\\/berattelser-i-fortsattningkriget\\\/krigets-gang\\\/avvarjningen-av-storanfallet\\\/forsta-avvarjningssegern\\\/#primaryimage\",\"url\":\"https:\\\/\\\/veteraanienperinto.fi\\\/wp-content\\\/uploads\\\/2020\\\/12\\\/Forsta-vinnen-2.jpg\",\"contentUrl\":\"https:\\\/\\\/veteraanienperinto.fi\\\/wp-content\\\/uploads\\\/2020\\\/12\\\/Forsta-vinnen-2.jpg\",\"width\":232,\"height\":167},{\"@type\":\"BreadcrumbList\",\"@id\":\"https:\\\/\\\/veteraanienperinto.fi\\\/index.php\\\/sv\\\/fortsattningskriget\\\/berattelser-i-fortsattningkriget\\\/krigets-gang\\\/avvarjningen-av-storanfallet\\\/forsta-avvarjningssegern\\\/#breadcrumb\",\"itemListElement\":[{\"@type\":\"ListItem\",\"position\":1,\"name\":\"Etusivu\",\"item\":\"https:\\\/\\\/veteraanienperinto.fi\\\/index.php\\\/etusivu-2\\\/\"},{\"@type\":\"ListItem\",\"position\":2,\"name\":\"Forts\u00e4ttningskriget\",\"item\":\"https:\\\/\\\/veteraanienperinto.fi\\\/index.php\\\/sv\\\/fortsattningskriget\\\/\"},{\"@type\":\"ListItem\",\"position\":3,\"name\":\"Ber\u00e4ttelser i forts\u00e4ttningkriget\",\"item\":\"https:\\\/\\\/veteraanienperinto.fi\\\/index.php\\\/sv\\\/fortsattningskriget\\\/berattelser-i-fortsattningkriget\\\/\"},{\"@type\":\"ListItem\",\"position\":4,\"name\":\"Krigets g\u00e5ng\",\"item\":\"https:\\\/\\\/veteraanienperinto.fi\\\/index.php\\\/sv\\\/fortsattningskriget\\\/berattelser-i-fortsattningkriget\\\/krigets-gang\\\/\"},{\"@type\":\"ListItem\",\"position\":5,\"name\":\"Avv\u00e4rjningen av storanfallet p\u00e5 sommaren 1944\",\"item\":\"https:\\\/\\\/veteraanienperinto.fi\\\/index.php\\\/sv\\\/fortsattningskriget\\\/berattelser-i-fortsattningkriget\\\/krigets-gang\\\/avvarjningen-av-storanfallet\\\/\"},{\"@type\":\"ListItem\",\"position\":6,\"name\":\"F\u00f6rsta avv\u00e4rjningssegern\"}]},{\"@type\":\"WebSite\",\"@id\":\"https:\\\/\\\/veteraanienperinto.fi\\\/#website\",\"url\":\"https:\\\/\\\/veteraanienperinto.fi\\\/\",\"name\":\"Veteraanien Perint\u00f6\",\"description\":\"Kadettikunta\",\"potentialAction\":[{\"@type\":\"SearchAction\",\"target\":{\"@type\":\"EntryPoint\",\"urlTemplate\":\"https:\\\/\\\/veteraanienperinto.fi\\\/?s={search_term_string}\"},\"query-input\":{\"@type\":\"PropertyValueSpecification\",\"valueRequired\":true,\"valueName\":\"search_term_string\"}}],\"inLanguage\":\"fi\"}]}<\/script>\n<!-- \/ Yoast SEO plugin. -->","yoast_head_json":{"title":"F\u00f6rsta avv\u00e4rjningssegern - Veteraanien Perint\u00f6","robots":{"index":"index","follow":"follow","max-snippet":"max-snippet:-1","max-image-preview":"max-image-preview:large","max-video-preview":"max-video-preview:-1"},"canonical":"https:\/\/veteraanienperinto.fi\/index.php\/sv\/fortsattningskriget\/berattelser-i-fortsattningkriget\/krigets-gang\/avvarjningen-av-storanfallet\/forsta-avvarjningssegern\/","og_locale":"fi_FI","og_type":"article","og_title":"F\u00f6rsta avv\u00e4rjningssegern - Veteraanien Perint\u00f6","og_url":"https:\/\/veteraanienperinto.fi\/index.php\/sv\/fortsattningskriget\/berattelser-i-fortsattningkriget\/krigets-gang\/avvarjningen-av-storanfallet\/forsta-avvarjningssegern\/","og_site_name":"Veteraanien Perint\u00f6","article_modified_time":"2020-12-15T12:45:19+00:00","og_image":[{"url":"https:\/\/veteraanienperinto.fi\/wp-content\/uploads\/2020\/12\/Forsta-vinnen-2.jpg","type":"","width":"","height":""}],"twitter_card":"summary_large_image","twitter_misc":{"Arvioitu lukuaika":"6 minuuttia"},"schema":{"@context":"https:\/\/schema.org","@graph":[{"@type":"WebPage","@id":"https:\/\/veteraanienperinto.fi\/index.php\/sv\/fortsattningskriget\/berattelser-i-fortsattningkriget\/krigets-gang\/avvarjningen-av-storanfallet\/forsta-avvarjningssegern\/","url":"https:\/\/veteraanienperinto.fi\/index.php\/sv\/fortsattningskriget\/berattelser-i-fortsattningkriget\/krigets-gang\/avvarjningen-av-storanfallet\/forsta-avvarjningssegern\/","name":"F\u00f6rsta avv\u00e4rjningssegern - Veteraanien Perint\u00f6","isPartOf":{"@id":"https:\/\/veteraanienperinto.fi\/#website"},"primaryImageOfPage":{"@id":"https:\/\/veteraanienperinto.fi\/index.php\/sv\/fortsattningskriget\/berattelser-i-fortsattningkriget\/krigets-gang\/avvarjningen-av-storanfallet\/forsta-avvarjningssegern\/#primaryimage"},"image":{"@id":"https:\/\/veteraanienperinto.fi\/index.php\/sv\/fortsattningskriget\/berattelser-i-fortsattningkriget\/krigets-gang\/avvarjningen-av-storanfallet\/forsta-avvarjningssegern\/#primaryimage"},"thumbnailUrl":"https:\/\/veteraanienperinto.fi\/wp-content\/uploads\/2020\/12\/Forsta-vinnen-2.jpg","datePublished":"2020-11-18T12:05:40+00:00","dateModified":"2020-12-15T12:45:19+00:00","breadcrumb":{"@id":"https:\/\/veteraanienperinto.fi\/index.php\/sv\/fortsattningskriget\/berattelser-i-fortsattningkriget\/krigets-gang\/avvarjningen-av-storanfallet\/forsta-avvarjningssegern\/#breadcrumb"},"inLanguage":"fi","potentialAction":[{"@type":"ReadAction","target":["https:\/\/veteraanienperinto.fi\/index.php\/sv\/fortsattningskriget\/berattelser-i-fortsattningkriget\/krigets-gang\/avvarjningen-av-storanfallet\/forsta-avvarjningssegern\/"]}]},{"@type":"ImageObject","inLanguage":"fi","@id":"https:\/\/veteraanienperinto.fi\/index.php\/sv\/fortsattningskriget\/berattelser-i-fortsattningkriget\/krigets-gang\/avvarjningen-av-storanfallet\/forsta-avvarjningssegern\/#primaryimage","url":"https:\/\/veteraanienperinto.fi\/wp-content\/uploads\/2020\/12\/Forsta-vinnen-2.jpg","contentUrl":"https:\/\/veteraanienperinto.fi\/wp-content\/uploads\/2020\/12\/Forsta-vinnen-2.jpg","width":232,"height":167},{"@type":"BreadcrumbList","@id":"https:\/\/veteraanienperinto.fi\/index.php\/sv\/fortsattningskriget\/berattelser-i-fortsattningkriget\/krigets-gang\/avvarjningen-av-storanfallet\/forsta-avvarjningssegern\/#breadcrumb","itemListElement":[{"@type":"ListItem","position":1,"name":"Etusivu","item":"https:\/\/veteraanienperinto.fi\/index.php\/etusivu-2\/"},{"@type":"ListItem","position":2,"name":"Forts\u00e4ttningskriget","item":"https:\/\/veteraanienperinto.fi\/index.php\/sv\/fortsattningskriget\/"},{"@type":"ListItem","position":3,"name":"Ber\u00e4ttelser i forts\u00e4ttningkriget","item":"https:\/\/veteraanienperinto.fi\/index.php\/sv\/fortsattningskriget\/berattelser-i-fortsattningkriget\/"},{"@type":"ListItem","position":4,"name":"Krigets g\u00e5ng","item":"https:\/\/veteraanienperinto.fi\/index.php\/sv\/fortsattningskriget\/berattelser-i-fortsattningkriget\/krigets-gang\/"},{"@type":"ListItem","position":5,"name":"Avv\u00e4rjningen av storanfallet p\u00e5 sommaren 1944","item":"https:\/\/veteraanienperinto.fi\/index.php\/sv\/fortsattningskriget\/berattelser-i-fortsattningkriget\/krigets-gang\/avvarjningen-av-storanfallet\/"},{"@type":"ListItem","position":6,"name":"F\u00f6rsta avv\u00e4rjningssegern"}]},{"@type":"WebSite","@id":"https:\/\/veteraanienperinto.fi\/#website","url":"https:\/\/veteraanienperinto.fi\/","name":"Veteraanien Perint\u00f6","description":"Kadettikunta","potentialAction":[{"@type":"SearchAction","target":{"@type":"EntryPoint","urlTemplate":"https:\/\/veteraanienperinto.fi\/?s={search_term_string}"},"query-input":{"@type":"PropertyValueSpecification","valueRequired":true,"valueName":"search_term_string"}}],"inLanguage":"fi"}]}},"_links":{"self":[{"href":"https:\/\/veteraanienperinto.fi\/index.php\/wp-json\/wp\/v2\/pages\/5927","targetHints":{"allow":["GET"]}}],"collection":[{"href":"https:\/\/veteraanienperinto.fi\/index.php\/wp-json\/wp\/v2\/pages"}],"about":[{"href":"https:\/\/veteraanienperinto.fi\/index.php\/wp-json\/wp\/v2\/types\/page"}],"author":[{"embeddable":true,"href":"https:\/\/veteraanienperinto.fi\/index.php\/wp-json\/wp\/v2\/users\/1"}],"replies":[{"embeddable":true,"href":"https:\/\/veteraanienperinto.fi\/index.php\/wp-json\/wp\/v2\/comments?post=5927"}],"version-history":[{"count":5,"href":"https:\/\/veteraanienperinto.fi\/index.php\/wp-json\/wp\/v2\/pages\/5927\/revisions"}],"predecessor-version":[{"id":7912,"href":"https:\/\/veteraanienperinto.fi\/index.php\/wp-json\/wp\/v2\/pages\/5927\/revisions\/7912"}],"up":[{"embeddable":true,"href":"https:\/\/veteraanienperinto.fi\/index.php\/wp-json\/wp\/v2\/pages\/6052"}],"wp:attachment":[{"href":"https:\/\/veteraanienperinto.fi\/index.php\/wp-json\/wp\/v2\/media?parent=5927"}],"curies":[{"name":"wp","href":"https:\/\/api.w.org\/{rel}","templated":true}]}}