{"id":593,"date":"2020-08-29T10:51:56","date_gmt":"2020-08-29T10:51:56","guid":{"rendered":"https:\/\/veteraani.ylirotu.fi\/?page_id=593"},"modified":"2021-01-18T17:41:11","modified_gmt":"2021-01-18T17:41:11","slug":"sotainvalidit","status":"publish","type":"page","link":"https:\/\/veteraanienperinto.fi\/index.php\/tietopankit\/muut-ryhmat\/sotainvalidit\/","title":{"rendered":"Sotainvalidit"},"content":{"rendered":"<div id='full_slider_1'  class='avia-fullwidth-slider main_color avia-shadow   avia-builder-el-0  el_before_av_heading  avia-builder-el-first   container_wrap sidebar_right'  ><\/div><div id='after_full_slider_1'  class='main_color av_default_container_wrap container_wrap sidebar_right'  ><div class='container av-section-cont-open' ><div class='template-page content  av-content-small alpha units'><div class='post-entry post-entry-type-page post-entry-593'><div class='entry-content-wrapper clearfix'>\n\n<style type=\"text\/css\" data-created_by=\"avia_inline_auto\" id=\"style-css-av-kk2uug1p-ced6549f858ac4fe09a134099a56a31c\">\n#top .av-special-heading.av-kk2uug1p-ced6549f858ac4fe09a134099a56a31c{\npadding-bottom:10px;\n}\nbody .av-special-heading.av-kk2uug1p-ced6549f858ac4fe09a134099a56a31c .av-special-heading-tag .heading-char{\nfont-size:25px;\n}\n.av-special-heading.av-kk2uug1p-ced6549f858ac4fe09a134099a56a31c .av-subheading{\nfont-size:15px;\n}\n<\/style>\n<div  class='av-special-heading av-kk2uug1p-ced6549f858ac4fe09a134099a56a31c av-special-heading-h2  avia-builder-el-1  el_after_av_slideshow_full  el_before_av_textblock  avia-builder-el-first '><h2 class='av-special-heading-tag'  itemprop=\"headline\"  >Sotainvalidit<\/h2><div class=\"special-heading-border\"><div class=\"special-heading-inner-border\"><\/div><\/div><\/div>\n<section  class='av_textblock_section av-76lvd-3b6e809cdc7aca0ba35e7616600746a7 '   itemscope=\"itemscope\" itemtype=\"https:\/\/schema.org\/CreativeWork\" ><div class='avia_textblock'  itemprop=\"text\" ><p><strong>Talvisodan aikana<\/strong><\/p>\n<p>Talvisodassa kaatui noin 23 000 suomalaista sotilasta. Haavoittuneita oli noin 43 000. Pysyv\u00e4 vamma j\u00e4i 23 000:lle. Invalideista 80 % oli haavoittuneita. Loput olivat sodan johdosta sairastuneita, paleltuneita tai tapaturman uhriksi joutuneita. Sotainvalidit olivat yleens\u00e4 nuoria, sill\u00e4 heid\u00e4n keski-ik\u00e4ns\u00e4 oli vuonna 1940 28 vuotta. Alle 20-vuotiaita oli noin 3 % invalideista.<\/p>\n<p>Sotavammaisten lakis\u00e4\u00e4teinen huolto, joka perustui ennen sotaa annettuihin lakeihin, osoittautui pian riitt\u00e4m\u00e4tt\u00f6m\u00e4ksi. Lis\u00e4ksi korvausasioiden k\u00e4sittely viiv\u00e4styi pahasti suuren ty\u00f6ruuhkan johdosta. Monet vaikeavammaiset ja siten ty\u00f6kyvytt\u00f6m\u00e4t invalidit eliv\u00e4t aluksi pelk\u00e4st\u00e4\u00e4n sukulaisten ja vapaaehtoisj\u00e4rjest\u00f6jen avulla. Korvausp\u00e4\u00e4t\u00f6sten j\u00e4lkeenkin ainakin perheellisten sotainvalidien toimeentulo oli mahdotonta pelk\u00e4st\u00e4\u00e4n korvausten varassa. Lievemmin vammautuneiden asema oli helpompi, koska he joko palasivat entisiin t\u00f6ihins\u00e4 tai siirtyiv\u00e4t ty\u00f6el\u00e4m\u00e4\u00e4n aloille, joissa ty\u00f6skentely oli mahdollista vammoista huolimatta.<\/p>\n<p>Lakis\u00e4\u00e4teisen sotainvalideista huolehtimisen puutteellisuuden johdosta muodostui vapaan j\u00e4rjest\u00f6ty\u00f6n osuus huollosta merkitt\u00e4v\u00e4ksi. Ty\u00f6h\u00f6n osallistuivat kaikki yhteiskuntapiirit. Talvisota oli her\u00e4tt\u00e4nyt voimakasta sosiaalista vastuuta ja sodan uhreista huolehtiminen koettiin kansalliseksi kunnia-asiaksi. Sotainvalidien ja heid\u00e4n perheidens\u00e4 avustamiseen osallistuivat jo talvisodan aikana Suomen Punainen Risti, Lotta-Sv\u00e4rd-j\u00e4rjest\u00f6, Suomen Siviili- ja Asevelvollisuusinvaliidien Liitto, Vapaussodan Invaliidien Liitto ja Ty\u00f6l\u00e4isnaisliitto.<\/p>\n<p>Kes\u00e4kuussa 1940 perustettiin Invalidis\u00e4\u00e4ti\u00f6 sosiaaliministeri\u00f6n aloitteesta. S\u00e4\u00e4ti\u00f6n teht\u00e4v\u00e4ksi asetettiin maamme invalidien, ensisijaisesti sotainvalidien sek\u00e4 heid\u00e4n ja kaatuneiden omaisten huolto. S\u00e4\u00e4ti\u00f6n Helsinkiin vuonna 1943 valmistunut kuntoutuslaitos on ollut koko toimintansa ajan maamme suurin t\u00e4m\u00e4n tyyppinen laitos. Vuoteen 1945 asti laitoksen asiakkaat olivat miltei yksinomaan sotainvalideja tai heid\u00e4n omaisiaan.<\/p>\n<p>Talvisodasta palanneet sotilaat alkoivat perustaa kotiuduttuaan aseveliyhdistyksi\u00e4 , joiden teht\u00e4v\u00e4n\u00e4 oli yll\u00e4pit\u00e4\u00e4 sodan aikana syntynytt\u00e4 aseveljeytt\u00e4 sek\u00e4 toisaalta huolehtia sotainvalideista ja kaatuneiden omaisista sek\u00e4 muista sodasta k\u00e4rsineist\u00e4. Yhdistysten pohjalta perustettiin elokuussa 1940 Suomen Aseveljien Liitto. Se oli puoluepoliittisesti sitoutumaton ja j\u00e4senist\u00f6 muodostui kaikista kansalaispiireist\u00e4 ja maailmankatsomuksellisista suuntauksista. Liitto oli Suomen oloissa poikkeuksellisen merkitt\u00e4v\u00e4, sill\u00e4 j\u00e4seni\u00e4 oli lopulta yli 200 000. Sotainvalideja liitto auttoi hyvin laajalla tukitoiminnalla.<\/p>\n<p>Sotainvalidien oma liitto, Sotainvalidien Veljesliitto, perustettiin elokuussa 1940. J\u00e4seni\u00e4 liitossa oli aloitusvuonna 5000 ja vuonna 1941 10 000. Liiton t\u00e4rkeimm\u00e4ksi teht\u00e4v\u00e4ksi katsottiin aluksi j\u00e4senist\u00f6n saaminen mahdollisimman pian takaisin ty\u00f6el\u00e4m\u00e4\u00e4n. Sotainvalidit eiv\u00e4t halunneet j\u00e4\u00e4d\u00e4 muiden ihmisten armoille ja el\u00e4tett\u00e4viksi, niin kuin oli k\u00e4ynyt vaikeavammaisille invalideille useimmiten ennen talvisotaa.<\/p>\n<p>Sotainvalidien Veljesliitto otti teht\u00e4v\u00e4kseen valvoa, ett\u00e4 valtio huolehti riitt\u00e4v\u00e4sti sotainvalideista. Liitto seurasi lains\u00e4\u00e4d\u00e4nt\u00f6\u00e4 ja teki ehdotuksia sen parantamiseksi. Liitto auttoi sotainvalideja my\u00f6s omalla huoltotoiminnallaan. J\u00e4senille jaettiin avustuksia sit\u00e4 mukaa kuin liitto sai omia varoja k\u00e4ytett\u00e4v\u00e4kseen.<\/p>\n<p><strong>Jatkosota ja sen j\u00e4lkeinen aika<\/strong><\/p>\n<p>Jatkosodassa ja Lapin sodassa kaatui yhteens\u00e4 59 400 suomalaista sotilasta. Haavoittuneita oli noin 145 000. Heist\u00e4 77 700 sai pysyv\u00e4n vamman. Jatkosodan haavoittuneista 7300 oli haavoittunut my\u00f6s talvisodassa. Siviilihenkil\u00f6it\u00e4 haavoittui yhteens\u00e4 3200.<\/p>\n<p>Sodan j\u00e4lkeen jouduttiin lakkauttamaan muun muassa Suomen Aseveljien Liitto ja Lotta-Sv\u00e4rd-j\u00e4rjest\u00f6. Sotainvalidien Veljesliiton merkitys korostui entisest\u00e4\u00e4n, kun se joutui ottamaan my\u00f6s n\u00e4iden kahden j\u00e4rjest\u00f6n aikaisemmin hoitamia teht\u00e4vi\u00e4 itselleen. Liiton j\u00e4senm\u00e4\u00e4r\u00e4 oli vuonna 1945 jo 40 000 ja 1940-luvun lopulla 50 000. Sotainvalidity\u00f6 siirtyi yh\u00e4 enemm\u00e4n liitolle ja se otti vastuun sotainvalidihuollon kehitt\u00e4misest\u00e4. Sotainvalidien Veljesliitto kehittyi nopeasti maan suurimpiin kuuluvaksi sosiaaliseksi huoltoj\u00e4rjest\u00f6ksi. Liitto otti hoitaakseen paitsi vapaaehtoisen huollon teht\u00e4vi\u00e4 my\u00f6s vaikeavammaisten laitoshoidon.<\/p>\n<p>Kaiken kaikkiaan viime sodissamme vammautui noin 200 000 henkil\u00f6\u00e4, joista yli puolet parani niin, ettei heille j\u00e4\u00e4nyt pysyv\u00e4\u00e4 haittaa. Pysyv\u00e4n vamman saaneita oli noin 94 000.<\/p>\n<p>Valtaosa sotainvalideista palasi ty\u00f6el\u00e4m\u00e4\u00e4n. Vaikeavammaisille tarjottiin ammattikoulutusta, yleiskoulutusta sek\u00e4 ty\u00f6v\u00e4line- ja ty\u00f6h\u00f6nsijoitusapua. Vuosina 1940-1955 ammattikoulutusta sai l\u00e4hes 10 000 sotainvalidia. Lukuisat jopa sadan prosentin haitta-asteen invalidit p\u00e4\u00e4siv\u00e4t ansiot\u00f6ihin.<\/p>\n<p>Sotainvalidien m\u00e4\u00e4r\u00e4 on v\u00e4hentynyt vuosien kuluessa siten, ett\u00e4 n\u00e4it\u00e4 maamme puolesta suuren uhrauksen antaneita veteraaneja oli en\u00e4\u00e4 26 000 vuoden 2000 alussa. Osa sotainvalideista oli haavoittuessaan hyvin nuoria, joten koko Suomen kansan kunniavelkaan liittyv\u00e4 sotainvalidity\u00f6 tulee jatkumaan ainakin 2020-luvulle asti.<\/p>\n<\/div><\/section>\n","protected":false},"excerpt":{"rendered":"","protected":false},"author":1,"featured_media":0,"parent":109,"menu_order":2,"comment_status":"closed","ping_status":"closed","template":"","meta":{"footnotes":""},"class_list":["post-593","page","type-page","status-publish","hentry"],"yoast_head":"<!-- This site is optimized with the Yoast SEO plugin v27.4 - https:\/\/yoast.com\/product\/yoast-seo-wordpress\/ -->\n<title>Sotainvalidit - Veteraanien Perint\u00f6<\/title>\n<meta name=\"robots\" content=\"index, follow, max-snippet:-1, max-image-preview:large, max-video-preview:-1\" \/>\n<link rel=\"canonical\" href=\"https:\/\/veteraanienperinto.fi\/index.php\/tietopankit\/muut-ryhmat\/sotainvalidit\/\" \/>\n<meta property=\"og:locale\" content=\"fi_FI\" \/>\n<meta property=\"og:type\" content=\"article\" \/>\n<meta property=\"og:title\" content=\"Sotainvalidit - Veteraanien Perint\u00f6\" \/>\n<meta property=\"og:url\" content=\"https:\/\/veteraanienperinto.fi\/index.php\/tietopankit\/muut-ryhmat\/sotainvalidit\/\" \/>\n<meta property=\"og:site_name\" content=\"Veteraanien Perint\u00f6\" \/>\n<meta property=\"article:modified_time\" content=\"2021-01-18T17:41:11+00:00\" \/>\n<meta name=\"twitter:card\" content=\"summary_large_image\" \/>\n<meta name=\"twitter:label1\" content=\"Arvioitu lukuaika\" \/>\n\t<meta name=\"twitter:data1\" content=\"4 minuuttia\" \/>\n<script type=\"application\/ld+json\" class=\"yoast-schema-graph\">{\"@context\":\"https:\\\/\\\/schema.org\",\"@graph\":[{\"@type\":\"WebPage\",\"@id\":\"https:\\\/\\\/veteraanienperinto.fi\\\/index.php\\\/tietopankit\\\/muut-ryhmat\\\/sotainvalidit\\\/\",\"url\":\"https:\\\/\\\/veteraanienperinto.fi\\\/index.php\\\/tietopankit\\\/muut-ryhmat\\\/sotainvalidit\\\/\",\"name\":\"Sotainvalidit - Veteraanien Perint\u00f6\",\"isPartOf\":{\"@id\":\"https:\\\/\\\/veteraanienperinto.fi\\\/#website\"},\"datePublished\":\"2020-08-29T10:51:56+00:00\",\"dateModified\":\"2021-01-18T17:41:11+00:00\",\"breadcrumb\":{\"@id\":\"https:\\\/\\\/veteraanienperinto.fi\\\/index.php\\\/tietopankit\\\/muut-ryhmat\\\/sotainvalidit\\\/#breadcrumb\"},\"inLanguage\":\"fi\",\"potentialAction\":[{\"@type\":\"ReadAction\",\"target\":[\"https:\\\/\\\/veteraanienperinto.fi\\\/index.php\\\/tietopankit\\\/muut-ryhmat\\\/sotainvalidit\\\/\"]}]},{\"@type\":\"BreadcrumbList\",\"@id\":\"https:\\\/\\\/veteraanienperinto.fi\\\/index.php\\\/tietopankit\\\/muut-ryhmat\\\/sotainvalidit\\\/#breadcrumb\",\"itemListElement\":[{\"@type\":\"ListItem\",\"position\":1,\"name\":\"Etusivu\",\"item\":\"https:\\\/\\\/veteraanienperinto.fi\\\/index.php\\\/etusivu-2\\\/\"},{\"@type\":\"ListItem\",\"position\":2,\"name\":\"Tietopankit\",\"item\":\"https:\\\/\\\/veteraanienperinto.fi\\\/index.php\\\/tietopankit\\\/\"},{\"@type\":\"ListItem\",\"position\":3,\"name\":\"Muita ryhmi\u00e4\",\"item\":\"https:\\\/\\\/veteraanienperinto.fi\\\/index.php\\\/tietopankit\\\/muut-ryhmat\\\/\"},{\"@type\":\"ListItem\",\"position\":4,\"name\":\"Sotainvalidit\"}]},{\"@type\":\"WebSite\",\"@id\":\"https:\\\/\\\/veteraanienperinto.fi\\\/#website\",\"url\":\"https:\\\/\\\/veteraanienperinto.fi\\\/\",\"name\":\"Veteraanien Perint\u00f6\",\"description\":\"Kadettikunta\",\"potentialAction\":[{\"@type\":\"SearchAction\",\"target\":{\"@type\":\"EntryPoint\",\"urlTemplate\":\"https:\\\/\\\/veteraanienperinto.fi\\\/?s={search_term_string}\"},\"query-input\":{\"@type\":\"PropertyValueSpecification\",\"valueRequired\":true,\"valueName\":\"search_term_string\"}}],\"inLanguage\":\"fi\"}]}<\/script>\n<!-- \/ Yoast SEO plugin. -->","yoast_head_json":{"title":"Sotainvalidit - Veteraanien Perint\u00f6","robots":{"index":"index","follow":"follow","max-snippet":"max-snippet:-1","max-image-preview":"max-image-preview:large","max-video-preview":"max-video-preview:-1"},"canonical":"https:\/\/veteraanienperinto.fi\/index.php\/tietopankit\/muut-ryhmat\/sotainvalidit\/","og_locale":"fi_FI","og_type":"article","og_title":"Sotainvalidit - Veteraanien Perint\u00f6","og_url":"https:\/\/veteraanienperinto.fi\/index.php\/tietopankit\/muut-ryhmat\/sotainvalidit\/","og_site_name":"Veteraanien Perint\u00f6","article_modified_time":"2021-01-18T17:41:11+00:00","twitter_card":"summary_large_image","twitter_misc":{"Arvioitu lukuaika":"4 minuuttia"},"schema":{"@context":"https:\/\/schema.org","@graph":[{"@type":"WebPage","@id":"https:\/\/veteraanienperinto.fi\/index.php\/tietopankit\/muut-ryhmat\/sotainvalidit\/","url":"https:\/\/veteraanienperinto.fi\/index.php\/tietopankit\/muut-ryhmat\/sotainvalidit\/","name":"Sotainvalidit - Veteraanien Perint\u00f6","isPartOf":{"@id":"https:\/\/veteraanienperinto.fi\/#website"},"datePublished":"2020-08-29T10:51:56+00:00","dateModified":"2021-01-18T17:41:11+00:00","breadcrumb":{"@id":"https:\/\/veteraanienperinto.fi\/index.php\/tietopankit\/muut-ryhmat\/sotainvalidit\/#breadcrumb"},"inLanguage":"fi","potentialAction":[{"@type":"ReadAction","target":["https:\/\/veteraanienperinto.fi\/index.php\/tietopankit\/muut-ryhmat\/sotainvalidit\/"]}]},{"@type":"BreadcrumbList","@id":"https:\/\/veteraanienperinto.fi\/index.php\/tietopankit\/muut-ryhmat\/sotainvalidit\/#breadcrumb","itemListElement":[{"@type":"ListItem","position":1,"name":"Etusivu","item":"https:\/\/veteraanienperinto.fi\/index.php\/etusivu-2\/"},{"@type":"ListItem","position":2,"name":"Tietopankit","item":"https:\/\/veteraanienperinto.fi\/index.php\/tietopankit\/"},{"@type":"ListItem","position":3,"name":"Muita ryhmi\u00e4","item":"https:\/\/veteraanienperinto.fi\/index.php\/tietopankit\/muut-ryhmat\/"},{"@type":"ListItem","position":4,"name":"Sotainvalidit"}]},{"@type":"WebSite","@id":"https:\/\/veteraanienperinto.fi\/#website","url":"https:\/\/veteraanienperinto.fi\/","name":"Veteraanien Perint\u00f6","description":"Kadettikunta","potentialAction":[{"@type":"SearchAction","target":{"@type":"EntryPoint","urlTemplate":"https:\/\/veteraanienperinto.fi\/?s={search_term_string}"},"query-input":{"@type":"PropertyValueSpecification","valueRequired":true,"valueName":"search_term_string"}}],"inLanguage":"fi"}]}},"_links":{"self":[{"href":"https:\/\/veteraanienperinto.fi\/index.php\/wp-json\/wp\/v2\/pages\/593","targetHints":{"allow":["GET"]}}],"collection":[{"href":"https:\/\/veteraanienperinto.fi\/index.php\/wp-json\/wp\/v2\/pages"}],"about":[{"href":"https:\/\/veteraanienperinto.fi\/index.php\/wp-json\/wp\/v2\/types\/page"}],"author":[{"embeddable":true,"href":"https:\/\/veteraanienperinto.fi\/index.php\/wp-json\/wp\/v2\/users\/1"}],"replies":[{"embeddable":true,"href":"https:\/\/veteraanienperinto.fi\/index.php\/wp-json\/wp\/v2\/comments?post=593"}],"version-history":[{"count":6,"href":"https:\/\/veteraanienperinto.fi\/index.php\/wp-json\/wp\/v2\/pages\/593\/revisions"}],"predecessor-version":[{"id":9938,"href":"https:\/\/veteraanienperinto.fi\/index.php\/wp-json\/wp\/v2\/pages\/593\/revisions\/9938"}],"up":[{"embeddable":true,"href":"https:\/\/veteraanienperinto.fi\/index.php\/wp-json\/wp\/v2\/pages\/109"}],"wp:attachment":[{"href":"https:\/\/veteraanienperinto.fi\/index.php\/wp-json\/wp\/v2\/media?parent=593"}],"curies":[{"name":"wp","href":"https:\/\/api.w.org\/{rel}","templated":true}]}}