{"id":5939,"date":"2020-11-18T12:10:15","date_gmt":"2020-11-18T12:10:15","guid":{"rendered":"https:\/\/veteraani.ylirotu.fi\/?page_id=5939"},"modified":"2020-12-15T08:45:02","modified_gmt":"2020-12-15T08:45:02","slug":"det-var-da-1941","status":"publish","type":"page","link":"https:\/\/veteraanienperinto.fi\/index.php\/sv\/fortsattningskriget\/berattelser-i-fortsattningkriget\/krigets-gang\/anvalsskede\/det-var-da-1941\/","title":{"rendered":"&#8221;Det var d\u00e5 &#8211; 1941&#8221;"},"content":{"rendered":"\n<style type=\"text\/css\" data-created_by=\"avia_inline_auto\" id=\"style-css-av-kipqmajb-a621d64938399b653cd09e04d1ef9130\">\n#top .av-special-heading.av-kipqmajb-a621d64938399b653cd09e04d1ef9130{\npadding-bottom:10px;\n}\nbody .av-special-heading.av-kipqmajb-a621d64938399b653cd09e04d1ef9130 .av-special-heading-tag .heading-char{\nfont-size:25px;\n}\n.av-special-heading.av-kipqmajb-a621d64938399b653cd09e04d1ef9130 .av-subheading{\nfont-size:15px;\n}\n<\/style>\n<div  class='av-special-heading av-kipqmajb-a621d64938399b653cd09e04d1ef9130 av-special-heading-h3  avia-builder-el-0  el_before_av_textblock  avia-builder-el-first '><h3 class='av-special-heading-tag'  itemprop=\"headline\"  ><span class='special_amp'>&#8221;<\/span>Det var d\u00e5 &#8211; 1941<span class='special_amp'>&#8221;<\/span><\/h3><div class=\"special-heading-border\"><div class=\"special-heading-inner-border\"><\/div><\/div><\/div>\n<section  class='av_textblock_section av-kei9w74n-7b0f008125a778f48432b9a614d90d0f '   itemscope=\"itemscope\" itemtype=\"https:\/\/schema.org\/CreativeWork\" ><div class='avia_textblock'  itemprop=\"text\" ><p><strong>Vasti Dahlback f. Wikstr\u00f6m:<\/strong><\/p>\n<p>Den 18 juni var jag i Gamlakarleby. Jag tr\u00e4ffade en bekant, som sade: &#8221;Du skulle g\u00e5 ner till stationen och se. Det ena t\u00e5get efter det andra k\u00f6r f\u00f6rbi, fullastade med tyska soldater. Vad kan det betyda, vad \u00e4r p\u00e5 g\u00e5ng?&#8221;. Det fick jag veta n\u00e4r jag kom hem. D\u00e5 hade br\u00f6derna f\u00e5tt inkallelsebrev. Det var allm\u00e4n mobilisering.<\/p>\n<p>P\u00e5 fredagen samlades alla, de inkallade och anh\u00f6riga, vid skyddsk\u00e5rshuset i Tj\u00e4ru. Och pojkarna for till Kronoby. L\u00f6rdag f\u00f6rmiddag cyklade jag, som m\u00e5nga andra till Kronoby.<\/p>\n<p>Algot och jag hade varit f\u00f6rlovade sedan julen 1940. Vi gick till Sn\u00e5res kaf\u00e9 f\u00f6r att prata och smida-planer. Vi visste att det var n\u00f6dv\u00e4ndigt att ha en bra orsak f\u00f6r att anh\u00e5lla om permission. Vi kom fram till att om det bara fanns en m\u00f6jlighet att ta ut lysning, s\u00e5 skulle han sedan anh\u00e5lla om permission, s\u00e5 vi kunde gifta oss. Algot fixade tre timmars ledighet och l\u00e5nade en cykel.<\/p>\n<p>Vi cyklade till Karleby pr\u00e4stg\u00e5rd, d\u00e4r teol.dr. Krook tog emot oss och vi framf\u00f6rde v\u00e5rt \u00e4rende. &#8221;Varf\u00f6r inte viga er nu n\u00e4r ni \u00e4nd\u00e5 \u00e4r h\u00e4r&#8221;, sade Krook. Vi blev mycket \u00f6verraskade och jag sa helt spontant att s\u00e5 kan man v\u00e4l inte g\u00f6ra. &#8211; Jo, sa pr\u00e4sten. &#8221;N\u00e4r det \u00e4r krigstillst\u00e5nd i landet g\u00e4ller inte normala seder och best\u00e4mmelser. Pastorn och jag f\u00f6rr\u00e4ttade ig\u00e5r vigslar till l\u00e5ngt in p\u00e5 natten.&#8221;<\/p>\n<p>Vi tog oss en funderare \u00f6ver hur vi skulle g\u00f6ra. Vi kom fram till att det skulle kung\u00f6ras lysning vid s\u00f6ndagens h\u00f6gm\u00e4ssa, och om ingen avresa fr\u00e5n Kronoby skett, och om tiden till\u00e4t skulle vi gifta oss efter h\u00f6gm\u00e4ssan.<\/p>\n<p>S\u00e5dana saker som vad vi skulle ha p\u00e5 oss, t\u00e4nkte vi inte p\u00e5. Det var av ringa betydelse. Vi skildes \u00e5t p\u00e5 kyrkbacken. Algot cyklade till Kronoby, d\u00e4r han skulle f\u00f6rs\u00f6ka f\u00e5 ledigt p\u00e5 s\u00f6ndagen. Jag cyklade in till stan f\u00f6r att handla lite, bland annat n\u00e5gra r\u00f6da rosor.<\/p>\n<p>V\u00e4l hemma provade jag den vita kl\u00e4nning som jag sytt till min syster Inga, som skulle konfirmeras p\u00e5 midsommardagen. Den passade, s\u00e5 nu var det problemet l\u00f6st.<\/p>\n<p>Klockan 24.00 p\u00e5 l\u00f6rdagkv\u00e4ll kom min bror Uno hem fr\u00e5n Kronoby. &#8221;Int&#8217; blir det n\u00e5&#8217; giftas i morgon, f\u00f6r t\u00e5get g\u00e5r i natt klockan tv\u00e5&#8221;, sa han. Ja, s\u00e5 var det med det t\u00e4nkte jag och somnade med mina rosor p\u00e5 bordet.<\/p>\n<p>P\u00e5 s\u00f6ndagmorgon klockan sex kom mor och v\u00e4ckte mig. Hon ber\u00e4ttade att Algot kommit f\u00f6r en stund sedan. Han hade f\u00e5tt ledigt till klockan 18.00 p\u00e5 s\u00f6ndagkv\u00e4ll. Klockan tv\u00e5 hade han och Verner Bj\u00f6rkqvist f\u00e5tt ledigt och k\u00f6rt hem\u00e5t. Men bilen kr\u00e5nglade och de hade g\u00e5tt tills Algot f\u00e5tt l\u00e5na en cykel.<\/p>\n<p>Jag borstade och snyggade upp hans uniform. N\u00e4r Algot sovit n\u00e5gra timmar \u00e5kte han hem f\u00f6r att ber\u00e4tta vad vi hade f\u00f6r oss. Och visst funderade vi en aning \u00f6ver vad vi hade st\u00e4llt till med. Men problem \u00e4r till f\u00f6r att l\u00f6sas.<\/p>\n<p>Vi hade ingen vigselring. Vad skulle vi haft den till om det inte blivit n\u00e5gon vigsel, sa vi. Annars kunde jag ha ordnat det dagen innan, n\u00e4r jag var i stan. Den detaljen ordnade vi s\u00e5 att jag l\u00e5nade Ernas vigselring och k\u00f6pte mig en egen p\u00e5 m\u00e5ndagen.<\/p>\n<p>V\u00e4rre var det att ordna transport till kyrkan. Det var om\u00f6jligt att f\u00e5 tag p\u00e5 en bil, de var ocks\u00e5 inkallade. Enda utv\u00e4gen var att ta bussen som kom fr\u00e5n Vasa. Det var l\u00e5ngt till bussh\u00e5llplatsen, s\u00e5 jag ringde till Fanny Bj\u00f6rkqvist och fr\u00e5gade om vi kunde kl\u00e4 om oss d\u00e4r, f\u00f6r att inte beh\u00f6va g\u00e5 s\u00e5 l\u00e5ngt.<\/p>\n<p>Sagt och gjort. N\u00e4r vi kom dit hade Fanny tagit fram sin brudkl\u00e4nning och sl\u00f6ja, s\u00e5 det var bara att ta p\u00e5 sig grannl\u00e5ten. Sedan gick vi upp till stora v\u00e4gen f\u00f6r att v\u00e4nta p\u00e5 bussen. N\u00e4r den kom och Algot skulle betala, sa chauff\u00f6ren: &#8221;Det \u00e4r f\u00f6rsta g\u00e5ngen jag har \u00e4ran att k\u00f6ra ett brudpar, s\u00e5 den h\u00e4r resan bjuder jag p\u00e5&#8221;<\/p>\n<div id=\"attachment_7719\" style=\"width: 312px\" class=\"wp-caption alignright\"><img loading=\"lazy\" decoding=\"async\" aria-describedby=\"caption-attachment-7719\" class=\"wp-image-7719 size-full\" src=\"https:\/\/veteraanienperinto.fi\/wp-content\/uploads\/2020\/12\/Haat.jpg\" alt=\"\" width=\"302\" height=\"196\" srcset=\"https:\/\/veteraanienperinto.fi\/wp-content\/uploads\/2020\/12\/Haat.jpg 302w, https:\/\/veteraanienperinto.fi\/wp-content\/uploads\/2020\/12\/Haat-300x195.jpg 300w\" sizes=\"auto, (max-width: 302px) 100vw, 302px\" \/><p id=\"caption-attachment-7719\" class=\"wp-caption-text\">Tv\u00e5 brudpar Fr.v Harald och Svea Jakobsen samt Vasti och Algot L\u00f6vgren utanf\u00f6r Karleby 22 juni 1941. Algot stupade 31 juli samma sommar<\/p><\/div>\n<p>Bussen stannade utanf\u00f6r kyrkan. Innan vi steg av sa vi att vi ville \u00e5ka med tillbaka efter vigseln och bad chauff\u00f6ren vara s\u00e5 sn\u00e4ll och stanna n\u00e4r han kom f\u00f6rbi. I kyrkporten m\u00f6tte vi Harald och Svea Jakobs\u00e9n, som kom ut nyvigda. Sveas barndomshem l\u00e5g helt n\u00e4ra kyrkan s\u00e5 hon bj\u00f6d oss hem till dem p\u00e5 vigselkaffe, medan vi v\u00e4ntade p\u00e5 bussen efter v\u00e5r egen vigsel.<\/p>\n<p>V\u00e4l hemma igen var det bara att kl\u00e4 om. Vi \u00e5t och drack kaffe innan vi cyklade till Kronoby station, d\u00e4r t\u00e5get lastades och det kryllade av folk.<\/p>\n<p>Den f\u00f6rsta som kom fram och gratulerade var sektionskommend\u00f6r Tigerstedt. Han tackade Algot f\u00f6r att han h\u00e5llit tiden och sedan gav han honom ledigt fram till klockan 20.00 d\u00e5 t\u00e5get skulle g\u00e5.<\/p>\n<p>Tiden gick fort och prick klockan 20.00 visslade t\u00e5get i v\u00e4g. Algot var den sista som steg upp i den sista vagnen. Sedan s\u00e5gs vi aldrig mer. Sex veckor senare, n\u00e4r jag h\u00e4mtade posten, fick jag ett brev med en fr\u00e4mmande handstil. Jag satte mig p\u00e5 v\u00e4gkanten och l\u00e4ste brevet. Det var fr\u00e5n f\u00e4ltpr\u00e4sten Sigvald Gustavsson. Han skrev att Algot hade stupat, tr\u00e4ffad av en granat. Eftersom det var sommar och varmt hade de stupade jordats i Sordavala, f\u00f6r att n\u00e4r det blev kallare \u00e5ters\u00e4ndas till hemorten f\u00f6r begravning. Vilket ocks\u00e5 skedde, den 10 maj 1942.<\/p>\n<p><em><strong>Ur boken:<\/strong><\/em><br \/>\n<em>\u00d6ja hembygdsf\u00f6rening r.f: \u00d6jar i kamp f\u00f6r ett fritt fosterland 1918, 1939-45<\/em><\/p>\n<\/div><\/section>\n","protected":false},"excerpt":{"rendered":"","protected":false},"author":1,"featured_media":0,"parent":5935,"menu_order":0,"comment_status":"closed","ping_status":"closed","template":"","meta":{"footnotes":""},"class_list":["post-5939","page","type-page","status-publish","hentry"],"yoast_head":"<!-- This site is optimized with the Yoast SEO plugin v27.5 - https:\/\/yoast.com\/product\/yoast-seo-wordpress\/ -->\n<title>&quot;Det var d\u00e5 - 1941&quot; - Veteraanien Perint\u00f6<\/title>\n<meta name=\"robots\" content=\"index, follow, max-snippet:-1, max-image-preview:large, max-video-preview:-1\" \/>\n<link rel=\"canonical\" href=\"https:\/\/veteraanienperinto.fi\/index.php\/sv\/fortsattningskriget\/berattelser-i-fortsattningkriget\/krigets-gang\/anvalsskede\/det-var-da-1941\/\" \/>\n<meta property=\"og:locale\" content=\"fi_FI\" \/>\n<meta property=\"og:type\" content=\"article\" \/>\n<meta property=\"og:title\" content=\"&quot;Det var d\u00e5 - 1941&quot; - Veteraanien Perint\u00f6\" \/>\n<meta property=\"og:url\" content=\"https:\/\/veteraanienperinto.fi\/index.php\/sv\/fortsattningskriget\/berattelser-i-fortsattningkriget\/krigets-gang\/anvalsskede\/det-var-da-1941\/\" \/>\n<meta property=\"og:site_name\" content=\"Veteraanien Perint\u00f6\" \/>\n<meta property=\"article:modified_time\" content=\"2020-12-15T08:45:02+00:00\" \/>\n<meta property=\"og:image\" content=\"https:\/\/veteraanienperinto.fi\/wp-content\/uploads\/2020\/12\/Haat.jpg\" \/>\n<meta name=\"twitter:card\" content=\"summary_large_image\" \/>\n<meta name=\"twitter:label1\" content=\"Arvioitu lukuaika\" \/>\n\t<meta name=\"twitter:data1\" content=\"6 minuuttia\" \/>\n<script type=\"application\/ld+json\" class=\"yoast-schema-graph\">{\"@context\":\"https:\\\/\\\/schema.org\",\"@graph\":[{\"@type\":\"WebPage\",\"@id\":\"https:\\\/\\\/veteraanienperinto.fi\\\/index.php\\\/sv\\\/fortsattningskriget\\\/berattelser-i-fortsattningkriget\\\/krigets-gang\\\/anvalsskede\\\/det-var-da-1941\\\/\",\"url\":\"https:\\\/\\\/veteraanienperinto.fi\\\/index.php\\\/sv\\\/fortsattningskriget\\\/berattelser-i-fortsattningkriget\\\/krigets-gang\\\/anvalsskede\\\/det-var-da-1941\\\/\",\"name\":\"\\\"Det var d\u00e5 - 1941\\\" - Veteraanien Perint\u00f6\",\"isPartOf\":{\"@id\":\"https:\\\/\\\/veteraanienperinto.fi\\\/#website\"},\"primaryImageOfPage\":{\"@id\":\"https:\\\/\\\/veteraanienperinto.fi\\\/index.php\\\/sv\\\/fortsattningskriget\\\/berattelser-i-fortsattningkriget\\\/krigets-gang\\\/anvalsskede\\\/det-var-da-1941\\\/#primaryimage\"},\"image\":{\"@id\":\"https:\\\/\\\/veteraanienperinto.fi\\\/index.php\\\/sv\\\/fortsattningskriget\\\/berattelser-i-fortsattningkriget\\\/krigets-gang\\\/anvalsskede\\\/det-var-da-1941\\\/#primaryimage\"},\"thumbnailUrl\":\"https:\\\/\\\/veteraanienperinto.fi\\\/wp-content\\\/uploads\\\/2020\\\/12\\\/Haat.jpg\",\"datePublished\":\"2020-11-18T12:10:15+00:00\",\"dateModified\":\"2020-12-15T08:45:02+00:00\",\"breadcrumb\":{\"@id\":\"https:\\\/\\\/veteraanienperinto.fi\\\/index.php\\\/sv\\\/fortsattningskriget\\\/berattelser-i-fortsattningkriget\\\/krigets-gang\\\/anvalsskede\\\/det-var-da-1941\\\/#breadcrumb\"},\"inLanguage\":\"fi\",\"potentialAction\":[{\"@type\":\"ReadAction\",\"target\":[\"https:\\\/\\\/veteraanienperinto.fi\\\/index.php\\\/sv\\\/fortsattningskriget\\\/berattelser-i-fortsattningkriget\\\/krigets-gang\\\/anvalsskede\\\/det-var-da-1941\\\/\"]}]},{\"@type\":\"ImageObject\",\"inLanguage\":\"fi\",\"@id\":\"https:\\\/\\\/veteraanienperinto.fi\\\/index.php\\\/sv\\\/fortsattningskriget\\\/berattelser-i-fortsattningkriget\\\/krigets-gang\\\/anvalsskede\\\/det-var-da-1941\\\/#primaryimage\",\"url\":\"https:\\\/\\\/veteraanienperinto.fi\\\/wp-content\\\/uploads\\\/2020\\\/12\\\/Haat.jpg\",\"contentUrl\":\"https:\\\/\\\/veteraanienperinto.fi\\\/wp-content\\\/uploads\\\/2020\\\/12\\\/Haat.jpg\",\"width\":302,\"height\":196},{\"@type\":\"BreadcrumbList\",\"@id\":\"https:\\\/\\\/veteraanienperinto.fi\\\/index.php\\\/sv\\\/fortsattningskriget\\\/berattelser-i-fortsattningkriget\\\/krigets-gang\\\/anvalsskede\\\/det-var-da-1941\\\/#breadcrumb\",\"itemListElement\":[{\"@type\":\"ListItem\",\"position\":1,\"name\":\"Etusivu\",\"item\":\"https:\\\/\\\/veteraanienperinto.fi\\\/index.php\\\/etusivu-2\\\/\"},{\"@type\":\"ListItem\",\"position\":2,\"name\":\"Forts\u00e4ttningskriget\",\"item\":\"https:\\\/\\\/veteraanienperinto.fi\\\/index.php\\\/sv\\\/fortsattningskriget\\\/\"},{\"@type\":\"ListItem\",\"position\":3,\"name\":\"Ber\u00e4ttelser i forts\u00e4ttningkriget\",\"item\":\"https:\\\/\\\/veteraanienperinto.fi\\\/index.php\\\/sv\\\/fortsattningskriget\\\/berattelser-i-fortsattningkriget\\\/\"},{\"@type\":\"ListItem\",\"position\":4,\"name\":\"Krigets g\u00e5ng\",\"item\":\"https:\\\/\\\/veteraanienperinto.fi\\\/index.php\\\/sv\\\/fortsattningskriget\\\/berattelser-i-fortsattningkriget\\\/krigets-gang\\\/\"},{\"@type\":\"ListItem\",\"position\":5,\"name\":\"Anvalsskede\",\"item\":\"https:\\\/\\\/veteraanienperinto.fi\\\/index.php\\\/sv\\\/fortsattningskriget\\\/berattelser-i-fortsattningkriget\\\/krigets-gang\\\/anvalsskede\\\/\"},{\"@type\":\"ListItem\",\"position\":6,\"name\":\"&#8221;Det var d\u00e5 &#8211; 1941&#8221;\"}]},{\"@type\":\"WebSite\",\"@id\":\"https:\\\/\\\/veteraanienperinto.fi\\\/#website\",\"url\":\"https:\\\/\\\/veteraanienperinto.fi\\\/\",\"name\":\"Veteraanien Perint\u00f6\",\"description\":\"Kadettikunta\",\"potentialAction\":[{\"@type\":\"SearchAction\",\"target\":{\"@type\":\"EntryPoint\",\"urlTemplate\":\"https:\\\/\\\/veteraanienperinto.fi\\\/?s={search_term_string}\"},\"query-input\":{\"@type\":\"PropertyValueSpecification\",\"valueRequired\":true,\"valueName\":\"search_term_string\"}}],\"inLanguage\":\"fi\"}]}<\/script>\n<!-- \/ Yoast SEO plugin. -->","yoast_head_json":{"title":"\"Det var d\u00e5 - 1941\" - Veteraanien Perint\u00f6","robots":{"index":"index","follow":"follow","max-snippet":"max-snippet:-1","max-image-preview":"max-image-preview:large","max-video-preview":"max-video-preview:-1"},"canonical":"https:\/\/veteraanienperinto.fi\/index.php\/sv\/fortsattningskriget\/berattelser-i-fortsattningkriget\/krigets-gang\/anvalsskede\/det-var-da-1941\/","og_locale":"fi_FI","og_type":"article","og_title":"\"Det var d\u00e5 - 1941\" - Veteraanien Perint\u00f6","og_url":"https:\/\/veteraanienperinto.fi\/index.php\/sv\/fortsattningskriget\/berattelser-i-fortsattningkriget\/krigets-gang\/anvalsskede\/det-var-da-1941\/","og_site_name":"Veteraanien Perint\u00f6","article_modified_time":"2020-12-15T08:45:02+00:00","og_image":[{"url":"https:\/\/veteraanienperinto.fi\/wp-content\/uploads\/2020\/12\/Haat.jpg","type":"","width":"","height":""}],"twitter_card":"summary_large_image","twitter_misc":{"Arvioitu lukuaika":"6 minuuttia"},"schema":{"@context":"https:\/\/schema.org","@graph":[{"@type":"WebPage","@id":"https:\/\/veteraanienperinto.fi\/index.php\/sv\/fortsattningskriget\/berattelser-i-fortsattningkriget\/krigets-gang\/anvalsskede\/det-var-da-1941\/","url":"https:\/\/veteraanienperinto.fi\/index.php\/sv\/fortsattningskriget\/berattelser-i-fortsattningkriget\/krigets-gang\/anvalsskede\/det-var-da-1941\/","name":"\"Det var d\u00e5 - 1941\" - Veteraanien Perint\u00f6","isPartOf":{"@id":"https:\/\/veteraanienperinto.fi\/#website"},"primaryImageOfPage":{"@id":"https:\/\/veteraanienperinto.fi\/index.php\/sv\/fortsattningskriget\/berattelser-i-fortsattningkriget\/krigets-gang\/anvalsskede\/det-var-da-1941\/#primaryimage"},"image":{"@id":"https:\/\/veteraanienperinto.fi\/index.php\/sv\/fortsattningskriget\/berattelser-i-fortsattningkriget\/krigets-gang\/anvalsskede\/det-var-da-1941\/#primaryimage"},"thumbnailUrl":"https:\/\/veteraanienperinto.fi\/wp-content\/uploads\/2020\/12\/Haat.jpg","datePublished":"2020-11-18T12:10:15+00:00","dateModified":"2020-12-15T08:45:02+00:00","breadcrumb":{"@id":"https:\/\/veteraanienperinto.fi\/index.php\/sv\/fortsattningskriget\/berattelser-i-fortsattningkriget\/krigets-gang\/anvalsskede\/det-var-da-1941\/#breadcrumb"},"inLanguage":"fi","potentialAction":[{"@type":"ReadAction","target":["https:\/\/veteraanienperinto.fi\/index.php\/sv\/fortsattningskriget\/berattelser-i-fortsattningkriget\/krigets-gang\/anvalsskede\/det-var-da-1941\/"]}]},{"@type":"ImageObject","inLanguage":"fi","@id":"https:\/\/veteraanienperinto.fi\/index.php\/sv\/fortsattningskriget\/berattelser-i-fortsattningkriget\/krigets-gang\/anvalsskede\/det-var-da-1941\/#primaryimage","url":"https:\/\/veteraanienperinto.fi\/wp-content\/uploads\/2020\/12\/Haat.jpg","contentUrl":"https:\/\/veteraanienperinto.fi\/wp-content\/uploads\/2020\/12\/Haat.jpg","width":302,"height":196},{"@type":"BreadcrumbList","@id":"https:\/\/veteraanienperinto.fi\/index.php\/sv\/fortsattningskriget\/berattelser-i-fortsattningkriget\/krigets-gang\/anvalsskede\/det-var-da-1941\/#breadcrumb","itemListElement":[{"@type":"ListItem","position":1,"name":"Etusivu","item":"https:\/\/veteraanienperinto.fi\/index.php\/etusivu-2\/"},{"@type":"ListItem","position":2,"name":"Forts\u00e4ttningskriget","item":"https:\/\/veteraanienperinto.fi\/index.php\/sv\/fortsattningskriget\/"},{"@type":"ListItem","position":3,"name":"Ber\u00e4ttelser i forts\u00e4ttningkriget","item":"https:\/\/veteraanienperinto.fi\/index.php\/sv\/fortsattningskriget\/berattelser-i-fortsattningkriget\/"},{"@type":"ListItem","position":4,"name":"Krigets g\u00e5ng","item":"https:\/\/veteraanienperinto.fi\/index.php\/sv\/fortsattningskriget\/berattelser-i-fortsattningkriget\/krigets-gang\/"},{"@type":"ListItem","position":5,"name":"Anvalsskede","item":"https:\/\/veteraanienperinto.fi\/index.php\/sv\/fortsattningskriget\/berattelser-i-fortsattningkriget\/krigets-gang\/anvalsskede\/"},{"@type":"ListItem","position":6,"name":"&#8221;Det var d\u00e5 &#8211; 1941&#8221;"}]},{"@type":"WebSite","@id":"https:\/\/veteraanienperinto.fi\/#website","url":"https:\/\/veteraanienperinto.fi\/","name":"Veteraanien Perint\u00f6","description":"Kadettikunta","potentialAction":[{"@type":"SearchAction","target":{"@type":"EntryPoint","urlTemplate":"https:\/\/veteraanienperinto.fi\/?s={search_term_string}"},"query-input":{"@type":"PropertyValueSpecification","valueRequired":true,"valueName":"search_term_string"}}],"inLanguage":"fi"}]}},"_links":{"self":[{"href":"https:\/\/veteraanienperinto.fi\/index.php\/wp-json\/wp\/v2\/pages\/5939","targetHints":{"allow":["GET"]}}],"collection":[{"href":"https:\/\/veteraanienperinto.fi\/index.php\/wp-json\/wp\/v2\/pages"}],"about":[{"href":"https:\/\/veteraanienperinto.fi\/index.php\/wp-json\/wp\/v2\/types\/page"}],"author":[{"embeddable":true,"href":"https:\/\/veteraanienperinto.fi\/index.php\/wp-json\/wp\/v2\/users\/1"}],"replies":[{"embeddable":true,"href":"https:\/\/veteraanienperinto.fi\/index.php\/wp-json\/wp\/v2\/comments?post=5939"}],"version-history":[{"count":4,"href":"https:\/\/veteraanienperinto.fi\/index.php\/wp-json\/wp\/v2\/pages\/5939\/revisions"}],"predecessor-version":[{"id":7718,"href":"https:\/\/veteraanienperinto.fi\/index.php\/wp-json\/wp\/v2\/pages\/5939\/revisions\/7718"}],"up":[{"embeddable":true,"href":"https:\/\/veteraanienperinto.fi\/index.php\/wp-json\/wp\/v2\/pages\/5935"}],"wp:attachment":[{"href":"https:\/\/veteraanienperinto.fi\/index.php\/wp-json\/wp\/v2\/media?parent=5939"}],"curies":[{"name":"wp","href":"https:\/\/api.w.org\/{rel}","templated":true}]}}