{"id":5955,"date":"2020-11-18T12:27:50","date_gmt":"2020-11-18T12:27:50","guid":{"rendered":"https:\/\/veteraani.ylirotu.fi\/?page_id=5955"},"modified":"2020-12-15T09:21:51","modified_gmt":"2020-12-15T09:21:51","slug":"intryck-fran-summa","status":"publish","type":"page","link":"https:\/\/veteraanienperinto.fi\/index.php\/sv\/fortsattningskriget\/berattelser-i-fortsattningkriget\/krigets-gang\/anvalsskede\/intryck-fran-summa\/","title":{"rendered":"Intryck fr\u00e5n Summa"},"content":{"rendered":"\n<style type=\"text\/css\" data-created_by=\"avia_inline_auto\" id=\"style-css-av-kiprzsua-2ecf87584eb906fad89e2542c3d2c305\">\n#top .av-special-heading.av-kiprzsua-2ecf87584eb906fad89e2542c3d2c305{\npadding-bottom:10px;\n}\nbody .av-special-heading.av-kiprzsua-2ecf87584eb906fad89e2542c3d2c305 .av-special-heading-tag .heading-char{\nfont-size:25px;\n}\n.av-special-heading.av-kiprzsua-2ecf87584eb906fad89e2542c3d2c305 .av-subheading{\nfont-size:15px;\n}\n<\/style>\n<div  class='av-special-heading av-kiprzsua-2ecf87584eb906fad89e2542c3d2c305 av-special-heading-h3  avia-builder-el-0  el_before_av_textblock  avia-builder-el-first '><h3 class='av-special-heading-tag'  itemprop=\"headline\"  >Intryck fr\u00e5n Summa<\/h3><div class=\"special-heading-border\"><div class=\"special-heading-inner-border\"><\/div><\/div><\/div>\n<section  class='av_textblock_section av-kei9w74n-7b0f008125a778f48432b9a614d90d0f '   itemscope=\"itemscope\" itemtype=\"https:\/\/schema.org\/CreativeWork\" ><div class='avia_textblock'  itemprop=\"text\" ><p><strong>Brev fr\u00e5n Birger \u00c5minne till Fride \u00c5minne<\/strong><\/p>\n<p>Systerb\u00e4ck den 26.9. 41.<\/p>\n<p>B\u00e4ste Fride!<\/p>\n<p>Just hemkommen fr\u00e5n min andra resa till Summa, vill jag ehuru klockan redan \u00e4r mycket och r\u00e4tt tr\u00f6tt efter den anstr\u00e4ngande f\u00e4rden, likv\u00e4l ber\u00e4tta n\u00e5gra intryck fr\u00e5n den olyckliga &#8221;korsun&#8221;, d\u00e4r s\u00e5 m\u00e5nga unga m\u00e4n och \u00e4ven Ragnar fick ljuta hj\u00e4lted\u00f6den. &#8211; Som Ni kanske redan f\u00e5tt h\u00f6ra s\u00e5 har gr\u00e4vningen i den spr\u00e4ngda &#8221;korsun&#8221; p\u00e5g\u00e5tt sedan s\u00f6ndag.<\/p>\n<p>Tills i dag har gr\u00e4vningen, som har varit ett synnerligen omst\u00e4ndligt och noggrant arbete, fortg\u00e5tt och hava d\u00e4rvid samtliga 32 man \u00e5terfunnits och igenk\u00e4nts. En p\u00e5 ett s\u00e4tt, en annan p\u00e5 ett annat, men alla ha identifierats, dels genom d\u00f6dsbrickor, kl\u00e4der, t\u00e4nder, anteckningar, b\u00f6cker och brev i fickorna, som ej \u00e4nnu f\u00f6rmultnat, monogram, ringar m.m.<\/p>\n<p>I g\u00e5r hittades bl.a. Harry Lund, han var s\u00e5 l\u00e4tt igenk\u00e4nnlig. Just innan vi anl\u00e4nde till platsen i dag s\u00e5 hade de f\u00e5tt fram Ragnar och Erling Vest\u00f6, j\u00e4mte ett par andra. D\u00e5 jag tr\u00e4dde fram till platsen d\u00e4r han l\u00e5g, s\u00e5 visste jag med detsamma att det var Ragnar. Fast hans kvarlevor \u00e4ro s\u00e5 f\u00f6rmultnade, kunde man med s\u00e4kerhet igenk\u00e4nna hans h\u00e5r, skyddsk\u00e5rsuniformen, och ena st\u00f6veln, som var kvar p\u00e5 foten, ylleskjorta m.m. och dessutom hade han kontanta pengar och anteckningsbok, och det s\u00e4kraste framf\u00f6r allt \u00e4r ju d\u00f6dsbrickan och hans r\u00e4tta namn.<\/p>\n<p>Ja, Du m\u00e5 tro att det var en underlig st\u00e4mning som r\u00e5dde vid detta enast\u00e5ende tillf\u00e4lle. &#8211; Till f\u00f6rst kunde jag ingenting s\u00e4ga, jag f\u00f6rblev stum, och en t\u00e5r skar ur mitt \u00f6ga, d\u00e5 jag s\u00e5g Ragnars kvarlevor, d\u00e4r han l\u00e5g i fr\u00e4mmande mark l\u00e5ngt borta fr\u00e5n sina k\u00e4ra och n\u00e4ra.<\/p>\n<p>Jag t\u00e4nkte p\u00e5 min gode granne och v\u00e4n, som han var till alla. Knappast finns n\u00e5gon som beh\u00f6vt v\u00e4xla ett ont ord med honom. Han h\u00f6rde till dem, som endast hade v\u00e4nner.<\/p>\n<p>Alla de \u00e5terfunna hava lagts i vita enkla krigsmannakistor och skickas sm\u00e5ningom hem till sina anh\u00f6riga. De s\u00e4ndes nog h\u00e4rifr\u00e5n den officiella v\u00e4gen, det \u00e4r sannolikt att de komma genom Vasa Sk. Distriktsstab, och meddelande genom Skyddsk\u00e5ren. Det finns h\u00e4r en s\u00e4rskild myndighet, som har hand om dylika saker<\/p>\n<p>Gr\u00e4vningsarbetet har utf\u00f6rts av Larsmo- och \u00d6japojkar, de n\u00e4rmast anh\u00f6riga fr\u00e5n Kronoby har deltagit. B\u00f6rje Torrkulla, Sven H\u00e4st\u00f6, tv\u00e5 H\u00e4st\u00f6-pojkar och Y. Storbj\u00f6rk. Det var ett begr\u00e4nsat antal som fick deltaga. Man m\u00e5ste s\u00e4ga att dessa pojkar utf\u00f6rt ett stort arbete, och en g\u00e4rning som s\u00e4kert kommer att bringa m\u00e5ngen s\u00f6rjande mor och far, syster och bror, en oskattbar tr\u00f6st i bedr\u00f6velsen.<\/p>\n<p>De \u00e4ro ju alla borta f\u00f6r alltid, det veta vi, men det har ju varit en olidlig os\u00e4kerhetsk\u00e4nsla \u00f6ver, var de varit, och om det hela \u00e4r verklighet. &#8211; Nu r\u00e5der inga tvivel mera, ty nu f\u00e5r var och en vila liksom andra hj\u00e4ltar p\u00e5 sin hembygds kyrkog\u00e5rd, och detta \u00e4r ju det h\u00f6gsta deras anh\u00f6riga och n\u00e4rmaste \u00f6nska, ty innan detta skett har det alltid varit som en mara som sent kunnat gl\u00f6mmas.<\/p>\n<p>Jag skriver detta brev till dig med en stor k\u00e4nsla av tillfredst\u00e4llelse. Ty denna tanke har legat mig om hj\u00e4rtat hela sommaren, och sedan ryssen b\u00f6rjade retr\u00e4tten, att upps\u00f6ka Summahj\u00e4ltarna, och f\u00e5 dem hem till de sina. Nu har tanken blivit verklighet, och jag \u00e4r n\u00f6jd, att p\u00e5 mitt ringa s\u00e4tt f\u00e5tt medverka till sakens genomf\u00f6rande.<\/p>\n<p>Annars \u00e4r det utf\u00e4rder fr\u00e5n v\u00e5r sektion till Summa n\u00e4stan alla dagar. D\u00e4r \u00e4r mycket att se. Ingen kan f\u00f6rest\u00e4lla sej vilken f\u00f6r\u00f6delse kriget d\u00e4r har \u00e5stadkommit. Hur n\u00e5got levande kommit d\u00e4rifr\u00e5n, undan denna helvetiska eld, detta vet endast Gud. Man f\u00e5r knappt ned foten utan att trampa p\u00e5 granatsk\u00e4rvor.<\/p>\n<p>Vi har det lugnt nuf\u00f6rtiden, just ingen stridsverksamhet. Vi v\u00e4nta livligt p\u00e5 P:burgs fall, d\u00e5 l\u00e4r vi hava gjort v\u00e5rt, och efter vad som h\u00f6rs skulle de \u00e4ldre \u00e5rsklasserna efter\u00e5t sm\u00e5ningom hemf\u00f6rlovas, ingenting sk\u00f6nare \u00e4n det, hur bra vi \u00e4n har det. Slutar nu med en h\u00e4lsning till allt ditt husfolk<\/p>\n<p>fr\u00e5n Birger.<\/p>\n<p>P.S. H\u00e4lsa dit hem. D.S.<\/p>\n<p>P.S. Jag har just varit till adjutanten, och beg\u00e4rt permission \u00e5t alla dem, som varit med om gr\u00e4vningen, och det torde lyckas, h\u00e4lsa det \u00e5t Fanny och Lenni.<\/p>\n<p><em><strong>Ur boken:<\/strong><\/em><br \/>\n<em>Frihetsv\u00e4gen f\u00f6r tryggat hem och land, Redakt\u00f6r Hans Fors<\/em><\/p>\n<\/div><\/section>\n","protected":false},"excerpt":{"rendered":"","protected":false},"author":1,"featured_media":0,"parent":5935,"menu_order":5,"comment_status":"closed","ping_status":"closed","template":"","meta":{"footnotes":""},"class_list":["post-5955","page","type-page","status-publish","hentry"],"yoast_head":"<!-- This site is optimized with the Yoast SEO plugin v27.4 - https:\/\/yoast.com\/product\/yoast-seo-wordpress\/ -->\n<title>Intryck fr\u00e5n Summa - Veteraanien Perint\u00f6<\/title>\n<meta name=\"robots\" content=\"index, follow, max-snippet:-1, max-image-preview:large, max-video-preview:-1\" \/>\n<link rel=\"canonical\" href=\"https:\/\/veteraanienperinto.fi\/index.php\/sv\/fortsattningskriget\/berattelser-i-fortsattningkriget\/krigets-gang\/anvalsskede\/intryck-fran-summa\/\" \/>\n<meta property=\"og:locale\" content=\"fi_FI\" \/>\n<meta property=\"og:type\" content=\"article\" \/>\n<meta property=\"og:title\" content=\"Intryck fr\u00e5n Summa - Veteraanien Perint\u00f6\" \/>\n<meta property=\"og:url\" content=\"https:\/\/veteraanienperinto.fi\/index.php\/sv\/fortsattningskriget\/berattelser-i-fortsattningkriget\/krigets-gang\/anvalsskede\/intryck-fran-summa\/\" \/>\n<meta property=\"og:site_name\" content=\"Veteraanien Perint\u00f6\" \/>\n<meta property=\"article:modified_time\" content=\"2020-12-15T09:21:51+00:00\" \/>\n<meta name=\"twitter:card\" content=\"summary_large_image\" \/>\n<meta name=\"twitter:label1\" content=\"Arvioitu lukuaika\" \/>\n\t<meta name=\"twitter:data1\" content=\"5 minuuttia\" \/>\n<script type=\"application\/ld+json\" class=\"yoast-schema-graph\">{\"@context\":\"https:\\\/\\\/schema.org\",\"@graph\":[{\"@type\":\"WebPage\",\"@id\":\"https:\\\/\\\/veteraanienperinto.fi\\\/index.php\\\/sv\\\/fortsattningskriget\\\/berattelser-i-fortsattningkriget\\\/krigets-gang\\\/anvalsskede\\\/intryck-fran-summa\\\/\",\"url\":\"https:\\\/\\\/veteraanienperinto.fi\\\/index.php\\\/sv\\\/fortsattningskriget\\\/berattelser-i-fortsattningkriget\\\/krigets-gang\\\/anvalsskede\\\/intryck-fran-summa\\\/\",\"name\":\"Intryck fr\u00e5n Summa - Veteraanien Perint\u00f6\",\"isPartOf\":{\"@id\":\"https:\\\/\\\/veteraanienperinto.fi\\\/#website\"},\"datePublished\":\"2020-11-18T12:27:50+00:00\",\"dateModified\":\"2020-12-15T09:21:51+00:00\",\"breadcrumb\":{\"@id\":\"https:\\\/\\\/veteraanienperinto.fi\\\/index.php\\\/sv\\\/fortsattningskriget\\\/berattelser-i-fortsattningkriget\\\/krigets-gang\\\/anvalsskede\\\/intryck-fran-summa\\\/#breadcrumb\"},\"inLanguage\":\"fi\",\"potentialAction\":[{\"@type\":\"ReadAction\",\"target\":[\"https:\\\/\\\/veteraanienperinto.fi\\\/index.php\\\/sv\\\/fortsattningskriget\\\/berattelser-i-fortsattningkriget\\\/krigets-gang\\\/anvalsskede\\\/intryck-fran-summa\\\/\"]}]},{\"@type\":\"BreadcrumbList\",\"@id\":\"https:\\\/\\\/veteraanienperinto.fi\\\/index.php\\\/sv\\\/fortsattningskriget\\\/berattelser-i-fortsattningkriget\\\/krigets-gang\\\/anvalsskede\\\/intryck-fran-summa\\\/#breadcrumb\",\"itemListElement\":[{\"@type\":\"ListItem\",\"position\":1,\"name\":\"Etusivu\",\"item\":\"https:\\\/\\\/veteraanienperinto.fi\\\/index.php\\\/etusivu-2\\\/\"},{\"@type\":\"ListItem\",\"position\":2,\"name\":\"Forts\u00e4ttningskriget\",\"item\":\"https:\\\/\\\/veteraanienperinto.fi\\\/index.php\\\/sv\\\/fortsattningskriget\\\/\"},{\"@type\":\"ListItem\",\"position\":3,\"name\":\"Ber\u00e4ttelser i forts\u00e4ttningkriget\",\"item\":\"https:\\\/\\\/veteraanienperinto.fi\\\/index.php\\\/sv\\\/fortsattningskriget\\\/berattelser-i-fortsattningkriget\\\/\"},{\"@type\":\"ListItem\",\"position\":4,\"name\":\"Krigets g\u00e5ng\",\"item\":\"https:\\\/\\\/veteraanienperinto.fi\\\/index.php\\\/sv\\\/fortsattningskriget\\\/berattelser-i-fortsattningkriget\\\/krigets-gang\\\/\"},{\"@type\":\"ListItem\",\"position\":5,\"name\":\"Anvalsskede\",\"item\":\"https:\\\/\\\/veteraanienperinto.fi\\\/index.php\\\/sv\\\/fortsattningskriget\\\/berattelser-i-fortsattningkriget\\\/krigets-gang\\\/anvalsskede\\\/\"},{\"@type\":\"ListItem\",\"position\":6,\"name\":\"Intryck fr\u00e5n Summa\"}]},{\"@type\":\"WebSite\",\"@id\":\"https:\\\/\\\/veteraanienperinto.fi\\\/#website\",\"url\":\"https:\\\/\\\/veteraanienperinto.fi\\\/\",\"name\":\"Veteraanien Perint\u00f6\",\"description\":\"Kadettikunta\",\"potentialAction\":[{\"@type\":\"SearchAction\",\"target\":{\"@type\":\"EntryPoint\",\"urlTemplate\":\"https:\\\/\\\/veteraanienperinto.fi\\\/?s={search_term_string}\"},\"query-input\":{\"@type\":\"PropertyValueSpecification\",\"valueRequired\":true,\"valueName\":\"search_term_string\"}}],\"inLanguage\":\"fi\"}]}<\/script>\n<!-- \/ Yoast SEO plugin. -->","yoast_head_json":{"title":"Intryck fr\u00e5n Summa - Veteraanien Perint\u00f6","robots":{"index":"index","follow":"follow","max-snippet":"max-snippet:-1","max-image-preview":"max-image-preview:large","max-video-preview":"max-video-preview:-1"},"canonical":"https:\/\/veteraanienperinto.fi\/index.php\/sv\/fortsattningskriget\/berattelser-i-fortsattningkriget\/krigets-gang\/anvalsskede\/intryck-fran-summa\/","og_locale":"fi_FI","og_type":"article","og_title":"Intryck fr\u00e5n Summa - Veteraanien Perint\u00f6","og_url":"https:\/\/veteraanienperinto.fi\/index.php\/sv\/fortsattningskriget\/berattelser-i-fortsattningkriget\/krigets-gang\/anvalsskede\/intryck-fran-summa\/","og_site_name":"Veteraanien Perint\u00f6","article_modified_time":"2020-12-15T09:21:51+00:00","twitter_card":"summary_large_image","twitter_misc":{"Arvioitu lukuaika":"5 minuuttia"},"schema":{"@context":"https:\/\/schema.org","@graph":[{"@type":"WebPage","@id":"https:\/\/veteraanienperinto.fi\/index.php\/sv\/fortsattningskriget\/berattelser-i-fortsattningkriget\/krigets-gang\/anvalsskede\/intryck-fran-summa\/","url":"https:\/\/veteraanienperinto.fi\/index.php\/sv\/fortsattningskriget\/berattelser-i-fortsattningkriget\/krigets-gang\/anvalsskede\/intryck-fran-summa\/","name":"Intryck fr\u00e5n Summa - Veteraanien Perint\u00f6","isPartOf":{"@id":"https:\/\/veteraanienperinto.fi\/#website"},"datePublished":"2020-11-18T12:27:50+00:00","dateModified":"2020-12-15T09:21:51+00:00","breadcrumb":{"@id":"https:\/\/veteraanienperinto.fi\/index.php\/sv\/fortsattningskriget\/berattelser-i-fortsattningkriget\/krigets-gang\/anvalsskede\/intryck-fran-summa\/#breadcrumb"},"inLanguage":"fi","potentialAction":[{"@type":"ReadAction","target":["https:\/\/veteraanienperinto.fi\/index.php\/sv\/fortsattningskriget\/berattelser-i-fortsattningkriget\/krigets-gang\/anvalsskede\/intryck-fran-summa\/"]}]},{"@type":"BreadcrumbList","@id":"https:\/\/veteraanienperinto.fi\/index.php\/sv\/fortsattningskriget\/berattelser-i-fortsattningkriget\/krigets-gang\/anvalsskede\/intryck-fran-summa\/#breadcrumb","itemListElement":[{"@type":"ListItem","position":1,"name":"Etusivu","item":"https:\/\/veteraanienperinto.fi\/index.php\/etusivu-2\/"},{"@type":"ListItem","position":2,"name":"Forts\u00e4ttningskriget","item":"https:\/\/veteraanienperinto.fi\/index.php\/sv\/fortsattningskriget\/"},{"@type":"ListItem","position":3,"name":"Ber\u00e4ttelser i forts\u00e4ttningkriget","item":"https:\/\/veteraanienperinto.fi\/index.php\/sv\/fortsattningskriget\/berattelser-i-fortsattningkriget\/"},{"@type":"ListItem","position":4,"name":"Krigets g\u00e5ng","item":"https:\/\/veteraanienperinto.fi\/index.php\/sv\/fortsattningskriget\/berattelser-i-fortsattningkriget\/krigets-gang\/"},{"@type":"ListItem","position":5,"name":"Anvalsskede","item":"https:\/\/veteraanienperinto.fi\/index.php\/sv\/fortsattningskriget\/berattelser-i-fortsattningkriget\/krigets-gang\/anvalsskede\/"},{"@type":"ListItem","position":6,"name":"Intryck fr\u00e5n Summa"}]},{"@type":"WebSite","@id":"https:\/\/veteraanienperinto.fi\/#website","url":"https:\/\/veteraanienperinto.fi\/","name":"Veteraanien Perint\u00f6","description":"Kadettikunta","potentialAction":[{"@type":"SearchAction","target":{"@type":"EntryPoint","urlTemplate":"https:\/\/veteraanienperinto.fi\/?s={search_term_string}"},"query-input":{"@type":"PropertyValueSpecification","valueRequired":true,"valueName":"search_term_string"}}],"inLanguage":"fi"}]}},"_links":{"self":[{"href":"https:\/\/veteraanienperinto.fi\/index.php\/wp-json\/wp\/v2\/pages\/5955","targetHints":{"allow":["GET"]}}],"collection":[{"href":"https:\/\/veteraanienperinto.fi\/index.php\/wp-json\/wp\/v2\/pages"}],"about":[{"href":"https:\/\/veteraanienperinto.fi\/index.php\/wp-json\/wp\/v2\/types\/page"}],"author":[{"embeddable":true,"href":"https:\/\/veteraanienperinto.fi\/index.php\/wp-json\/wp\/v2\/users\/1"}],"replies":[{"embeddable":true,"href":"https:\/\/veteraanienperinto.fi\/index.php\/wp-json\/wp\/v2\/comments?post=5955"}],"version-history":[{"count":3,"href":"https:\/\/veteraanienperinto.fi\/index.php\/wp-json\/wp\/v2\/pages\/5955\/revisions"}],"predecessor-version":[{"id":7752,"href":"https:\/\/veteraanienperinto.fi\/index.php\/wp-json\/wp\/v2\/pages\/5955\/revisions\/7752"}],"up":[{"embeddable":true,"href":"https:\/\/veteraanienperinto.fi\/index.php\/wp-json\/wp\/v2\/pages\/5935"}],"wp:attachment":[{"href":"https:\/\/veteraanienperinto.fi\/index.php\/wp-json\/wp\/v2\/media?parent=5955"}],"curies":[{"name":"wp","href":"https:\/\/api.w.org\/{rel}","templated":true}]}}