{"id":5968,"date":"2020-11-18T12:34:17","date_gmt":"2020-11-18T12:34:17","guid":{"rendered":"https:\/\/veteraani.ylirotu.fi\/?page_id=5968"},"modified":"2020-12-15T09:01:16","modified_gmt":"2020-12-15T09:01:16","slug":"ken-episod-i-filmen-vagen-till-rukajavi","status":"publish","type":"page","link":"https:\/\/veteraanienperinto.fi\/index.php\/sv\/fortsattningskriget\/berattelser-i-fortsattningkriget\/krigets-gang\/anvalsskede\/ken-episod-i-filmen-vagen-till-rukajavi\/","title":{"rendered":"En episod i filmen V\u00e4gen till Rukaj\u00e4vi"},"content":{"rendered":"\n<style type=\"text\/css\" data-created_by=\"avia_inline_auto\" id=\"style-css-av-kipr3swm-c1b324ecdb4128884f9d02e53e07d7ef\">\n#top .av-special-heading.av-kipr3swm-c1b324ecdb4128884f9d02e53e07d7ef{\npadding-bottom:10px;\n}\nbody .av-special-heading.av-kipr3swm-c1b324ecdb4128884f9d02e53e07d7ef .av-special-heading-tag .heading-char{\nfont-size:25px;\n}\n.av-special-heading.av-kipr3swm-c1b324ecdb4128884f9d02e53e07d7ef .av-subheading{\nfont-size:15px;\n}\n<\/style>\n<div  class='av-special-heading av-kipr3swm-c1b324ecdb4128884f9d02e53e07d7ef av-special-heading-h3  avia-builder-el-0  el_before_av_textblock  avia-builder-el-first '><h3 class='av-special-heading-tag'  itemprop=\"headline\"  >En episod i filmen V\u00e4gen till Rukaj\u00e4vi<\/h3><div class=\"special-heading-border\"><div class=\"special-heading-inner-border\"><\/div><\/div><\/div>\n<section  class='av_textblock_section av-kei9w74n-7b0f008125a778f48432b9a614d90d0f '   itemscope=\"itemscope\" itemtype=\"https:\/\/schema.org\/CreativeWork\" ><div class='avia_textblock'  itemprop=\"text\" ><p><strong>Pentti Olavi Perttuli (f\u00f6dd 13.3.1916):<\/strong><\/p>\n<p><img loading=\"lazy\" decoding=\"async\" class=\"size-full wp-image-7730 alignright\" src=\"https:\/\/veteraanienperinto.fi\/wp-content\/uploads\/2020\/12\/perttu1.jpg\" alt=\"\" width=\"250\" height=\"190\" \/> \u00a0Spanarna var ca 200 framf\u00f6r t\u00e4ttruppen. Man f\u00e4rdades p\u00e5 cykel. Mycket s\u00e4llan r\u00f6rde man sig i terr\u00e4ngen till fots, i regel anv\u00e4nde man cykel. D\u00e5 terr\u00e4ngen var normal fungerade detta. Man s\u00e5g till att avst\u00e5nden inte krympte, de m\u00e5ste h\u00e5llas. Det var 10.7. i ett visst l\u00e4ge d\u00e5 man \u00e5ter fortsatte fram\u00e5t mot sj\u00f6ns norra \u00e4nda och fortfarande var p\u00e5 dess \u00f6stra sida, p\u00e5 fiendens sida och kom till en \u00e5s, d\u00e4r v\u00e4gen p\u00e5 andra sidan \u00e5sen l\u00f6pte ner l\u00e4ngs en brant backe.<\/p>\n<p>P\u00e5 h\u00f6gra sidan fanns slyskog och v\u00e4gen sv\u00e4ngde samtidigt. Inne i slyskogen rann en liten \u00e5 och v\u00e4gen sv\u00e4ngde d\u00e4r efter hundra meter \u00f6ver \u00e5n d\u00e4r det fanns en bro. Spanarna stannade upp p\u00e5 bron. Man s\u00e5g inte den d\u00e5 man kom med full fart hela raden ner l\u00e4ngs backen och d\u00e4r tr\u00e4ngdes hela truppen samman.<\/p>\n<p>Det torde ha varit enda g\u00e5ngen d\u00e5 en s\u00e5dan tr\u00e4ngsel uppstod. Nu var det s\u00e5 att fienden hade ist\u00e5ndsatt f\u00f6rdr\u00f6jande st\u00e4llningar, det vill s\u00e4ga bakh\u00e5llsst\u00e4llningar p\u00e5 andra sidan \u00e5n, och d\u00e4r bakom fanns <img loading=\"lazy\" decoding=\"async\" class=\"size-full wp-image-7731 alignright\" src=\"https:\/\/veteraanienperinto.fi\/wp-content\/uploads\/2020\/12\/Rukajarven-tie-1.jpg\" alt=\"\" width=\"400\" height=\"300\" srcset=\"https:\/\/veteraanienperinto.fi\/wp-content\/uploads\/2020\/12\/Rukajarven-tie-1.jpg 400w, https:\/\/veteraanienperinto.fi\/wp-content\/uploads\/2020\/12\/Rukajarven-tie-1-300x225.jpg 300w\" sizes=\"auto, (max-width: 400px) 100vw, 400px\" \/>fienden p\u00e5 ca 50 meters avst\u00e5nd. Nu blev det eldgivning fr\u00e5n fiendens sida. Och alldeles med detsamma eller s\u00e5 snabbt som m\u00f6jligt spred sig v\u00e5r trupp l\u00e4ngs v\u00e4gen ut i terr\u00e4ngen. Det uppstod en 70-80 meter l\u00e5ng h\u00f6g med cyklar och m\u00e4n p\u00e5 marken, en mycket r\u00f6rig samling.<\/p>\n<p>Man var nu under eld. Men av olika orsaker s\u00e5 gick elden under de f\u00f6rsta sekunderna \u00f6ver truppen, en f\u00f6runderlig sak att inte elden kom p\u00e5 samma h\u00f6jd, utan g\u00e5r en aning \u00f6ver, kanske en meter. Senare skulle elden s\u00e4kert ha kommit l\u00e4gre ner och sopat bort hela truppen. Jag var alldeles bakom t\u00e4tgruppen och l\u00e5g d\u00e4r p\u00e5 samma s\u00e4tt och upplevde ett f\u00f6runderligt fenomen som jag aldrig i tidigare i mitt liv upplevt. Det var alldeles som en klar tanke skulle ha funnits i hj\u00e4rnan och gett f\u00f6rm\u00e5gan att avg\u00f6ra vad som borde g\u00f6ras. Min klara tanke gick ut p\u00e5 att nu f\u00e5r ingen stiga upp, utan nu m\u00e5ste man fundera ut n\u00e5got mot den h\u00e4ftiga elden.<\/p>\n<p>Det var enda m\u00f6jligheten att klara sig ur detta. Kulor ven i luften hur mycket som helst. Utg\u00e5ende fr\u00e5n min tanke gav jag omedelbart order om eld och betonade det \u00e4nnu en g\u00e5ng. Jag skrek bort mot m\u00e4nnen, mot huvudtruppen att skjut och skjut utav helvete. Det innebar att varje man m\u00e5ste f\u00f6rs\u00f6ka skjuta s\u00e5 mycket som m\u00f6jligt.<\/p>\n<p>Och m\u00e4rkligt nog var en del i det l\u00e4get att de med det samma fick sina vapen i h\u00e4nderna och det r\u00e4ckte inte m\u00e5nga sekunder f\u00f6rr\u00e4n det kom m\u00e5nga skott, ocks\u00e5 en maskinpistolsserie <img loading=\"lazy\" decoding=\"async\" class=\"size-full wp-image-7732 alignright\" src=\"https:\/\/veteraanienperinto.fi\/wp-content\/uploads\/2020\/12\/Rukajarven-tie-2.jpg\" alt=\"\" width=\"400\" height=\"300\" srcset=\"https:\/\/veteraanienperinto.fi\/wp-content\/uploads\/2020\/12\/Rukajarven-tie-2.jpg 400w, https:\/\/veteraanienperinto.fi\/wp-content\/uploads\/2020\/12\/Rukajarven-tie-2-300x225.jpg 300w\" sizes=\"auto, (max-width: 400px) 100vw, 400px\" \/>och p\u00e5 n\u00e5got s\u00e4tt efter ytterligare n\u00e5gra sekunder sk\u00f6t hela truppen, liggande p\u00e5 marken bland cyklarna, genom slyskogen mot ljudet fr\u00e5n fiendens eld. P\u00e5 det h\u00e4r s\u00e4ttet fick fienden en kraftig moteld p\u00e5 sig p\u00e5 50 m avst\u00e5nd.<\/p>\n<p>Det dr\u00f6jde inte m\u00e5nga sekunder f\u00f6rr\u00e4n fiendens eld b\u00f6rjade d\u00e4mpas och blev till spridda serier och till sist n\u00e5gra enstaka skott f\u00f6r att till slut efter ca tio sekunder upph\u00f6ra helt. N\u00e5gra skott h\u00f6rdes \u00e4nnu men genom denna h\u00e5rda moteld p\u00e5 n\u00e4ra h\u00e5ll rakt mot ansiktet s\u00e5 hade fienden blivit kv\u00e4st.<\/p>\n<p>De drog sig tillbaka, blev skr\u00e4mda, jag vet inte om ledaren var den f\u00f6rsta att dra sig tillbaka eller om det var enskilda m\u00e4n, men i varje fall drog sig fienden bort fr\u00e5n sina st\u00e4llningar och v\u00e5r trupp r\u00e4ddades genom det. Endast chefen f\u00f6r v\u00e5r t\u00e4tgrupp s\u00e5rades, dock mycket sv\u00e5rt, han fick \u00e5tta maskingev\u00e4rsskott genom sina l\u00e5r och f\u00f6ll ner i \u00e5n, i vattnet. Han r\u00e4ddades s\u00e5 sm\u00e5ningom och man fick honom till sjukhus genom att ro \u00f6ver sj\u00f6n till den egna sidan. Det h\u00e4r har jag m\u00e5nga g\u00e5nger kommit ih\u00e5g,\u00a0m\u00e4nniskans psykiska konstruktion d\u00e4r tankarna blir effektiva i sv\u00e5ra, n\u00e4ra nog \u00f6verm\u00e4ktiga situationer \u2026<\/p>\n<\/div><\/section>\n","protected":false},"excerpt":{"rendered":"","protected":false},"author":1,"featured_media":0,"parent":5935,"menu_order":8,"comment_status":"closed","ping_status":"closed","template":"","meta":{"footnotes":""},"class_list":["post-5968","page","type-page","status-publish","hentry"],"yoast_head":"<!-- This site is optimized with the Yoast SEO plugin v27.5 - https:\/\/yoast.com\/product\/yoast-seo-wordpress\/ -->\n<title>En episod i filmen V\u00e4gen till Rukaj\u00e4vi - Veteraanien Perint\u00f6<\/title>\n<meta name=\"robots\" content=\"index, follow, max-snippet:-1, max-image-preview:large, max-video-preview:-1\" \/>\n<link rel=\"canonical\" href=\"https:\/\/veteraanienperinto.fi\/index.php\/sv\/fortsattningskriget\/berattelser-i-fortsattningkriget\/krigets-gang\/anvalsskede\/ken-episod-i-filmen-vagen-till-rukajavi\/\" \/>\n<meta property=\"og:locale\" content=\"fi_FI\" \/>\n<meta property=\"og:type\" content=\"article\" \/>\n<meta property=\"og:title\" content=\"En episod i filmen V\u00e4gen till Rukaj\u00e4vi - Veteraanien Perint\u00f6\" \/>\n<meta property=\"og:url\" content=\"https:\/\/veteraanienperinto.fi\/index.php\/sv\/fortsattningskriget\/berattelser-i-fortsattningkriget\/krigets-gang\/anvalsskede\/ken-episod-i-filmen-vagen-till-rukajavi\/\" \/>\n<meta property=\"og:site_name\" content=\"Veteraanien Perint\u00f6\" \/>\n<meta property=\"article:modified_time\" content=\"2020-12-15T09:01:16+00:00\" \/>\n<meta property=\"og:image\" content=\"https:\/\/veteraanienperinto.fi\/wp-content\/uploads\/2020\/12\/perttu1.jpg\" \/>\n<meta name=\"twitter:card\" content=\"summary_large_image\" \/>\n<meta name=\"twitter:label1\" content=\"Arvioitu lukuaika\" \/>\n\t<meta name=\"twitter:data1\" content=\"4 minuuttia\" \/>\n<script type=\"application\/ld+json\" class=\"yoast-schema-graph\">{\"@context\":\"https:\\\/\\\/schema.org\",\"@graph\":[{\"@type\":\"WebPage\",\"@id\":\"https:\\\/\\\/veteraanienperinto.fi\\\/index.php\\\/sv\\\/fortsattningskriget\\\/berattelser-i-fortsattningkriget\\\/krigets-gang\\\/anvalsskede\\\/ken-episod-i-filmen-vagen-till-rukajavi\\\/\",\"url\":\"https:\\\/\\\/veteraanienperinto.fi\\\/index.php\\\/sv\\\/fortsattningskriget\\\/berattelser-i-fortsattningkriget\\\/krigets-gang\\\/anvalsskede\\\/ken-episod-i-filmen-vagen-till-rukajavi\\\/\",\"name\":\"En episod i filmen V\u00e4gen till Rukaj\u00e4vi - Veteraanien Perint\u00f6\",\"isPartOf\":{\"@id\":\"https:\\\/\\\/veteraanienperinto.fi\\\/#website\"},\"primaryImageOfPage\":{\"@id\":\"https:\\\/\\\/veteraanienperinto.fi\\\/index.php\\\/sv\\\/fortsattningskriget\\\/berattelser-i-fortsattningkriget\\\/krigets-gang\\\/anvalsskede\\\/ken-episod-i-filmen-vagen-till-rukajavi\\\/#primaryimage\"},\"image\":{\"@id\":\"https:\\\/\\\/veteraanienperinto.fi\\\/index.php\\\/sv\\\/fortsattningskriget\\\/berattelser-i-fortsattningkriget\\\/krigets-gang\\\/anvalsskede\\\/ken-episod-i-filmen-vagen-till-rukajavi\\\/#primaryimage\"},\"thumbnailUrl\":\"https:\\\/\\\/veteraanienperinto.fi\\\/wp-content\\\/uploads\\\/2020\\\/12\\\/perttu1.jpg\",\"datePublished\":\"2020-11-18T12:34:17+00:00\",\"dateModified\":\"2020-12-15T09:01:16+00:00\",\"breadcrumb\":{\"@id\":\"https:\\\/\\\/veteraanienperinto.fi\\\/index.php\\\/sv\\\/fortsattningskriget\\\/berattelser-i-fortsattningkriget\\\/krigets-gang\\\/anvalsskede\\\/ken-episod-i-filmen-vagen-till-rukajavi\\\/#breadcrumb\"},\"inLanguage\":\"fi\",\"potentialAction\":[{\"@type\":\"ReadAction\",\"target\":[\"https:\\\/\\\/veteraanienperinto.fi\\\/index.php\\\/sv\\\/fortsattningskriget\\\/berattelser-i-fortsattningkriget\\\/krigets-gang\\\/anvalsskede\\\/ken-episod-i-filmen-vagen-till-rukajavi\\\/\"]}]},{\"@type\":\"ImageObject\",\"inLanguage\":\"fi\",\"@id\":\"https:\\\/\\\/veteraanienperinto.fi\\\/index.php\\\/sv\\\/fortsattningskriget\\\/berattelser-i-fortsattningkriget\\\/krigets-gang\\\/anvalsskede\\\/ken-episod-i-filmen-vagen-till-rukajavi\\\/#primaryimage\",\"url\":\"https:\\\/\\\/veteraanienperinto.fi\\\/wp-content\\\/uploads\\\/2020\\\/12\\\/perttu1.jpg\",\"contentUrl\":\"https:\\\/\\\/veteraanienperinto.fi\\\/wp-content\\\/uploads\\\/2020\\\/12\\\/perttu1.jpg\",\"width\":250,\"height\":190},{\"@type\":\"BreadcrumbList\",\"@id\":\"https:\\\/\\\/veteraanienperinto.fi\\\/index.php\\\/sv\\\/fortsattningskriget\\\/berattelser-i-fortsattningkriget\\\/krigets-gang\\\/anvalsskede\\\/ken-episod-i-filmen-vagen-till-rukajavi\\\/#breadcrumb\",\"itemListElement\":[{\"@type\":\"ListItem\",\"position\":1,\"name\":\"Etusivu\",\"item\":\"https:\\\/\\\/veteraanienperinto.fi\\\/index.php\\\/etusivu-2\\\/\"},{\"@type\":\"ListItem\",\"position\":2,\"name\":\"Forts\u00e4ttningskriget\",\"item\":\"https:\\\/\\\/veteraanienperinto.fi\\\/index.php\\\/sv\\\/fortsattningskriget\\\/\"},{\"@type\":\"ListItem\",\"position\":3,\"name\":\"Ber\u00e4ttelser i forts\u00e4ttningkriget\",\"item\":\"https:\\\/\\\/veteraanienperinto.fi\\\/index.php\\\/sv\\\/fortsattningskriget\\\/berattelser-i-fortsattningkriget\\\/\"},{\"@type\":\"ListItem\",\"position\":4,\"name\":\"Krigets g\u00e5ng\",\"item\":\"https:\\\/\\\/veteraanienperinto.fi\\\/index.php\\\/sv\\\/fortsattningskriget\\\/berattelser-i-fortsattningkriget\\\/krigets-gang\\\/\"},{\"@type\":\"ListItem\",\"position\":5,\"name\":\"Anvalsskede\",\"item\":\"https:\\\/\\\/veteraanienperinto.fi\\\/index.php\\\/sv\\\/fortsattningskriget\\\/berattelser-i-fortsattningkriget\\\/krigets-gang\\\/anvalsskede\\\/\"},{\"@type\":\"ListItem\",\"position\":6,\"name\":\"En episod i filmen V\u00e4gen till Rukaj\u00e4vi\"}]},{\"@type\":\"WebSite\",\"@id\":\"https:\\\/\\\/veteraanienperinto.fi\\\/#website\",\"url\":\"https:\\\/\\\/veteraanienperinto.fi\\\/\",\"name\":\"Veteraanien Perint\u00f6\",\"description\":\"Kadettikunta\",\"potentialAction\":[{\"@type\":\"SearchAction\",\"target\":{\"@type\":\"EntryPoint\",\"urlTemplate\":\"https:\\\/\\\/veteraanienperinto.fi\\\/?s={search_term_string}\"},\"query-input\":{\"@type\":\"PropertyValueSpecification\",\"valueRequired\":true,\"valueName\":\"search_term_string\"}}],\"inLanguage\":\"fi\"}]}<\/script>\n<!-- \/ Yoast SEO plugin. -->","yoast_head_json":{"title":"En episod i filmen V\u00e4gen till Rukaj\u00e4vi - Veteraanien Perint\u00f6","robots":{"index":"index","follow":"follow","max-snippet":"max-snippet:-1","max-image-preview":"max-image-preview:large","max-video-preview":"max-video-preview:-1"},"canonical":"https:\/\/veteraanienperinto.fi\/index.php\/sv\/fortsattningskriget\/berattelser-i-fortsattningkriget\/krigets-gang\/anvalsskede\/ken-episod-i-filmen-vagen-till-rukajavi\/","og_locale":"fi_FI","og_type":"article","og_title":"En episod i filmen V\u00e4gen till Rukaj\u00e4vi - Veteraanien Perint\u00f6","og_url":"https:\/\/veteraanienperinto.fi\/index.php\/sv\/fortsattningskriget\/berattelser-i-fortsattningkriget\/krigets-gang\/anvalsskede\/ken-episod-i-filmen-vagen-till-rukajavi\/","og_site_name":"Veteraanien Perint\u00f6","article_modified_time":"2020-12-15T09:01:16+00:00","og_image":[{"url":"https:\/\/veteraanienperinto.fi\/wp-content\/uploads\/2020\/12\/perttu1.jpg","type":"","width":"","height":""}],"twitter_card":"summary_large_image","twitter_misc":{"Arvioitu lukuaika":"4 minuuttia"},"schema":{"@context":"https:\/\/schema.org","@graph":[{"@type":"WebPage","@id":"https:\/\/veteraanienperinto.fi\/index.php\/sv\/fortsattningskriget\/berattelser-i-fortsattningkriget\/krigets-gang\/anvalsskede\/ken-episod-i-filmen-vagen-till-rukajavi\/","url":"https:\/\/veteraanienperinto.fi\/index.php\/sv\/fortsattningskriget\/berattelser-i-fortsattningkriget\/krigets-gang\/anvalsskede\/ken-episod-i-filmen-vagen-till-rukajavi\/","name":"En episod i filmen V\u00e4gen till Rukaj\u00e4vi - Veteraanien Perint\u00f6","isPartOf":{"@id":"https:\/\/veteraanienperinto.fi\/#website"},"primaryImageOfPage":{"@id":"https:\/\/veteraanienperinto.fi\/index.php\/sv\/fortsattningskriget\/berattelser-i-fortsattningkriget\/krigets-gang\/anvalsskede\/ken-episod-i-filmen-vagen-till-rukajavi\/#primaryimage"},"image":{"@id":"https:\/\/veteraanienperinto.fi\/index.php\/sv\/fortsattningskriget\/berattelser-i-fortsattningkriget\/krigets-gang\/anvalsskede\/ken-episod-i-filmen-vagen-till-rukajavi\/#primaryimage"},"thumbnailUrl":"https:\/\/veteraanienperinto.fi\/wp-content\/uploads\/2020\/12\/perttu1.jpg","datePublished":"2020-11-18T12:34:17+00:00","dateModified":"2020-12-15T09:01:16+00:00","breadcrumb":{"@id":"https:\/\/veteraanienperinto.fi\/index.php\/sv\/fortsattningskriget\/berattelser-i-fortsattningkriget\/krigets-gang\/anvalsskede\/ken-episod-i-filmen-vagen-till-rukajavi\/#breadcrumb"},"inLanguage":"fi","potentialAction":[{"@type":"ReadAction","target":["https:\/\/veteraanienperinto.fi\/index.php\/sv\/fortsattningskriget\/berattelser-i-fortsattningkriget\/krigets-gang\/anvalsskede\/ken-episod-i-filmen-vagen-till-rukajavi\/"]}]},{"@type":"ImageObject","inLanguage":"fi","@id":"https:\/\/veteraanienperinto.fi\/index.php\/sv\/fortsattningskriget\/berattelser-i-fortsattningkriget\/krigets-gang\/anvalsskede\/ken-episod-i-filmen-vagen-till-rukajavi\/#primaryimage","url":"https:\/\/veteraanienperinto.fi\/wp-content\/uploads\/2020\/12\/perttu1.jpg","contentUrl":"https:\/\/veteraanienperinto.fi\/wp-content\/uploads\/2020\/12\/perttu1.jpg","width":250,"height":190},{"@type":"BreadcrumbList","@id":"https:\/\/veteraanienperinto.fi\/index.php\/sv\/fortsattningskriget\/berattelser-i-fortsattningkriget\/krigets-gang\/anvalsskede\/ken-episod-i-filmen-vagen-till-rukajavi\/#breadcrumb","itemListElement":[{"@type":"ListItem","position":1,"name":"Etusivu","item":"https:\/\/veteraanienperinto.fi\/index.php\/etusivu-2\/"},{"@type":"ListItem","position":2,"name":"Forts\u00e4ttningskriget","item":"https:\/\/veteraanienperinto.fi\/index.php\/sv\/fortsattningskriget\/"},{"@type":"ListItem","position":3,"name":"Ber\u00e4ttelser i forts\u00e4ttningkriget","item":"https:\/\/veteraanienperinto.fi\/index.php\/sv\/fortsattningskriget\/berattelser-i-fortsattningkriget\/"},{"@type":"ListItem","position":4,"name":"Krigets g\u00e5ng","item":"https:\/\/veteraanienperinto.fi\/index.php\/sv\/fortsattningskriget\/berattelser-i-fortsattningkriget\/krigets-gang\/"},{"@type":"ListItem","position":5,"name":"Anvalsskede","item":"https:\/\/veteraanienperinto.fi\/index.php\/sv\/fortsattningskriget\/berattelser-i-fortsattningkriget\/krigets-gang\/anvalsskede\/"},{"@type":"ListItem","position":6,"name":"En episod i filmen V\u00e4gen till Rukaj\u00e4vi"}]},{"@type":"WebSite","@id":"https:\/\/veteraanienperinto.fi\/#website","url":"https:\/\/veteraanienperinto.fi\/","name":"Veteraanien Perint\u00f6","description":"Kadettikunta","potentialAction":[{"@type":"SearchAction","target":{"@type":"EntryPoint","urlTemplate":"https:\/\/veteraanienperinto.fi\/?s={search_term_string}"},"query-input":{"@type":"PropertyValueSpecification","valueRequired":true,"valueName":"search_term_string"}}],"inLanguage":"fi"}]}},"_links":{"self":[{"href":"https:\/\/veteraanienperinto.fi\/index.php\/wp-json\/wp\/v2\/pages\/5968","targetHints":{"allow":["GET"]}}],"collection":[{"href":"https:\/\/veteraanienperinto.fi\/index.php\/wp-json\/wp\/v2\/pages"}],"about":[{"href":"https:\/\/veteraanienperinto.fi\/index.php\/wp-json\/wp\/v2\/types\/page"}],"author":[{"embeddable":true,"href":"https:\/\/veteraanienperinto.fi\/index.php\/wp-json\/wp\/v2\/users\/1"}],"replies":[{"embeddable":true,"href":"https:\/\/veteraanienperinto.fi\/index.php\/wp-json\/wp\/v2\/comments?post=5968"}],"version-history":[{"count":3,"href":"https:\/\/veteraanienperinto.fi\/index.php\/wp-json\/wp\/v2\/pages\/5968\/revisions"}],"predecessor-version":[{"id":7729,"href":"https:\/\/veteraanienperinto.fi\/index.php\/wp-json\/wp\/v2\/pages\/5968\/revisions\/7729"}],"up":[{"embeddable":true,"href":"https:\/\/veteraanienperinto.fi\/index.php\/wp-json\/wp\/v2\/pages\/5935"}],"wp:attachment":[{"href":"https:\/\/veteraanienperinto.fi\/index.php\/wp-json\/wp\/v2\/media?parent=5968"}],"curies":[{"name":"wp","href":"https:\/\/api.w.org\/{rel}","templated":true}]}}