{"id":5976,"date":"2020-11-18T12:37:46","date_gmt":"2020-11-18T12:37:46","guid":{"rendered":"https:\/\/veteraani.ylirotu.fi\/?page_id=5976"},"modified":"2020-12-15T09:49:39","modified_gmt":"2020-12-15T09:49:39","slug":"sa-upplevde-jag-mitt-elddop","status":"publish","type":"page","link":"https:\/\/veteraanienperinto.fi\/index.php\/sv\/fortsattningskriget\/berattelser-i-fortsattningkriget\/krigets-gang\/anvalsskede\/sa-upplevde-jag-mitt-elddop\/","title":{"rendered":"S\u00e5 upplevde jag mitt elddop"},"content":{"rendered":"\n<style type=\"text\/css\" data-created_by=\"avia_inline_auto\" id=\"style-css-av-kipsrhpo-2530d47ab1e46b6ca5a4f66124981b6f\">\n#top .av-special-heading.av-kipsrhpo-2530d47ab1e46b6ca5a4f66124981b6f{\npadding-bottom:10px;\n}\nbody .av-special-heading.av-kipsrhpo-2530d47ab1e46b6ca5a4f66124981b6f .av-special-heading-tag .heading-char{\nfont-size:25px;\n}\n.av-special-heading.av-kipsrhpo-2530d47ab1e46b6ca5a4f66124981b6f .av-subheading{\nfont-size:15px;\n}\n<\/style>\n<div  class='av-special-heading av-kipsrhpo-2530d47ab1e46b6ca5a4f66124981b6f av-special-heading-h3  avia-builder-el-0  el_before_av_textblock  avia-builder-el-first '><h3 class='av-special-heading-tag'  itemprop=\"headline\"  >S\u00e5 upplevde jag mitt elddop<\/h3><div class=\"special-heading-border\"><div class=\"special-heading-inner-border\"><\/div><\/div><\/div>\n<section  class='av_textblock_section av-kei9w74n-7b0f008125a778f48432b9a614d90d0f '   itemscope=\"itemscope\" itemtype=\"https:\/\/schema.org\/CreativeWork\" ><div class='avia_textblock'  itemprop=\"text\" ><p><strong>Stig T\u00f6rnkvist:<\/strong><\/p>\n<p>(Minnen fr\u00e5n Svirfronten 1942.)<\/p>\n<div id=\"attachment_7775\" style=\"width: 360px\" class=\"wp-caption alignright\"><img loading=\"lazy\" decoding=\"async\" aria-describedby=\"caption-attachment-7775\" class=\"wp-image-7775 size-full\" src=\"https:\/\/veteraanienperinto.fi\/wp-content\/uploads\/2020\/12\/sa_uplev1u.jpg\" alt=\"\" width=\"350\" height=\"250\" srcset=\"https:\/\/veteraanienperinto.fi\/wp-content\/uploads\/2020\/12\/sa_uplev1u.jpg 350w, https:\/\/veteraanienperinto.fi\/wp-content\/uploads\/2020\/12\/sa_uplev1u-300x214.jpg 300w, https:\/\/veteraanienperinto.fi\/wp-content\/uploads\/2020\/12\/sa_uplev1u-260x185.jpg 260w\" sizes=\"auto, (max-width: 350px) 100vw, 350px\" \/><p id=\"caption-attachment-7775\" class=\"wp-caption-text\">Pontonbro \u00f6ver Svirfloden, nedanf\u00f6r kraftverket 1941.<\/p><\/div>\n<p>Den 16 september kom jag tillsammans med ett antal 1923 f\u00f6dda soldater till 61. regementets III bataljon och slutligen till 8.kompaniets IV pluton (St\u00f6djepunkt Slussen). Emedan l\u00e4get d\u00e5 var f\u00f6rh\u00e5llandevis lugnt, k\u00e4ndes det inte s\u00e5 sv\u00e5rt att v\u00e4nja sig vid frontlivet.<\/p>\n<p>Natten mot den 9 november 1942 h\u00f6rdes stark artilleri- och granatkastareld i riktning mot II bataljon.<\/p>\n<p>P\u00e5 morgonen ringde kompanichefen och meddelade, att ryssarna hade tagit tv\u00e5 st\u00f6djepunkter, n\u00e4mligen &#8221;Teeri&#8221; och &#8221;Kako&#8221; i II bataljon. Samtidigt meddelade han, att en trupp fr\u00e5n v\u00e5r bataljon skulle bildas f\u00f6r att s\u00e4ndas till II bataljon och g\u00f6ra motanfall. Kompanichefen gav order att v\u00e5r lilla st\u00f6djepunkt skulle bist\u00e5 med 3 man.<\/p>\n<p>D\u00e5 v\u00e5r plutonchef B. Sundqvist lagt p\u00e5 luren f\u00f6rklarade han i korthet l\u00e4get f\u00f6r oss, och hans f\u00f6rsta fr\u00e5ga l\u00f6d: &#8221;Finns det frivilliga?&#8221;<\/p>\n<div id=\"attachment_7776\" style=\"width: 360px\" class=\"wp-caption alignright\"><img loading=\"lazy\" decoding=\"async\" aria-describedby=\"caption-attachment-7776\" class=\"size-full wp-image-7776\" src=\"https:\/\/veteraanienperinto.fi\/wp-content\/uploads\/2020\/12\/sa_uplev2u.jpg\" alt=\"\" width=\"350\" height=\"220\" srcset=\"https:\/\/veteraanienperinto.fi\/wp-content\/uploads\/2020\/12\/sa_uplev2u.jpg 350w, https:\/\/veteraanienperinto.fi\/wp-content\/uploads\/2020\/12\/sa_uplev2u-300x189.jpg 300w\" sizes=\"auto, (max-width: 350px) 100vw, 350px\" \/><p id=\"caption-attachment-7776\" class=\"wp-caption-text\">URO-BORG JR 61:ans 2 batalj. kantin vid SVIR med sina soldathemssystrar.<\/p><\/div>\n<p>Efter tystnaden som f\u00f6ljde fr\u00e5gade min kamrat Lindeblad mig: &#8221;Stig, funderar du?&#8221; Jag svarade genast: &#8221;Vi g\u00e5r.&#8221; Sedan beh\u00f6vdes \u00e4nnu en, varf\u00f6r det blev lottdragning. Lotten f\u00f6ll p\u00e5 H\u00e4llback. Alla tre, som beh\u00f6vdes, bestod av korsuns yngsta n\u00e4mligen 1923 f\u00f6dda. Efter en mycket kort f\u00f6rberelse marscherade vi till bataljonsstaben. Vi f\u00f6rstod mycket litet av vad som v\u00e4ntade OSS.<\/p>\n<p>III bataljonens kommend\u00f6r maj. Lagerbom f\u00f6rklarade l\u00e4get f\u00f6r oss alla, innan vi fick marschera till II bataljon. Under marschen st\u00f6rdes vi av ryska flygare. Sedan visste n\u00e5gon ber\u00e4tta att st\u00f6djepunkten &#8221;Teeri&#8221; hade \u00e5terer\u00f6vrats, s\u00e5 marschen fortsatte d\u00e4rifr\u00e5n till &#8221;Kako.&#8221; F\u00f6ljande natt fick vi order att anfalla ryssarna, men kontraorder gavs litet senare.<\/p>\n<div id=\"attachment_7777\" style=\"width: 360px\" class=\"wp-caption alignright\"><img loading=\"lazy\" decoding=\"async\" aria-describedby=\"caption-attachment-7777\" class=\"size-full wp-image-7777\" src=\"https:\/\/veteraanienperinto.fi\/wp-content\/uploads\/2020\/12\/sa_uplev3u.jpg\" alt=\"\" width=\"350\" height=\"238\" srcset=\"https:\/\/veteraanienperinto.fi\/wp-content\/uploads\/2020\/12\/sa_uplev3u.jpg 350w, https:\/\/veteraanienperinto.fi\/wp-content\/uploads\/2020\/12\/sa_uplev3u-300x204.jpg 300w\" sizes=\"auto, (max-width: 350px) 100vw, 350px\" \/><p id=\"caption-attachment-7777\" class=\"wp-caption-text\">Midsommaren 1943, JR 61 6 komp st\u00f6djepunkten &#8221;N\u00e4set&#8221;. Bj\u00f6rnjakten avslutad, bytet b\u00e4rs &#8221;hem&#8221;.<\/p><\/div>\n<p>Dagen d\u00e4rp\u00e5 laddade vi handgranater och gick i sp\u00e4nd f\u00f6rv\u00e4ntan p\u00e5 det som skulle komma. Den 11 november kl. 5.30 gick vi till anfall, efter att v\u00e5ra granatkastare och artilleriet hade skjutit 2800 granater p\u00e5 den lilla kulle som st\u00f6djepunkten &#8221;Kako&#8221; bestod av.<\/p>\n<p>Fr\u00e5n v\u00e5r bataljon var vi 74 man, som tr\u00e4ngde in i l\u00f6pgraven, d\u00e4r ryssarna befann sig. En fruktansv\u00e4rd strid uppstod. P\u00e5 sina st\u00e4llen l\u00e5g d\u00f6da ryssar s\u00e5 t\u00e4tt, att det var om\u00f6jligt att stiga ner utan att trampa p\u00e5 n\u00e5gon. I b\u00f6rjan var jag snabbeldsgev\u00e4rskytt och min kamrat hj\u00e4lpskytt. Av snabbeldsgev\u00e4ret hade vi inte l\u00e4nge n\u00e5gon nytta, ty gev\u00e4ret tr\u00e4ffades av en granatsk\u00e4rva, som kr\u00f6kte pipan. Plutonchefen gav mig en maskinpistol och kommenderade mig att g\u00e5 fram och avbyta en annan maskinpistolskytt.<\/p>\n<div id=\"attachment_7778\" style=\"width: 360px\" class=\"wp-caption alignright\"><img loading=\"lazy\" decoding=\"async\" aria-describedby=\"caption-attachment-7778\" class=\"size-full wp-image-7778\" src=\"https:\/\/veteraanienperinto.fi\/wp-content\/uploads\/2020\/12\/sa_uplev4u.jpg\" alt=\"\" width=\"350\" height=\"228\" srcset=\"https:\/\/veteraanienperinto.fi\/wp-content\/uploads\/2020\/12\/sa_uplev4u.jpg 350w, https:\/\/veteraanienperinto.fi\/wp-content\/uploads\/2020\/12\/sa_uplev4u-300x195.jpg 300w\" sizes=\"auto, (max-width: 350px) 100vw, 350px\" \/><p id=\"caption-attachment-7778\" class=\"wp-caption-text\">JR 61 SVIR. F\u00f6rbindelseg\u00e5ng mellan korsun och skyttegraven.<\/p><\/div>\n<p>Av allt damm och kringflygande sand slutade ocks\u00e5 min rnaskinpistol att fungera efter en tid. Vi b\u00f6rjade skrika efter en maskinpistolskytt, och en pojke Strandberg fr\u00e5n N\u00e4rpes d\u00f6k upp. Han sa: &#8221;Jag har nog varit h\u00e4r f\u00f6rut, men jag tar \u00f6ver.<\/p>\n<p>Det var tr\u00e5ngt i l\u00f6pgraven s\u00e5 jag hukade mig ned och sa: &#8221;Stig mig p\u00e5 ryggen och hoppa \u00f6ver.&#8221; Samtidigt h\u00f6rde jag ett klirr fr\u00e5n hans hj\u00e4lm, och han f\u00f6ll \u00f6ver mig, varvid jag anm\u00e4rkte: &#8221;Man stopplar h\u00e4r ocks\u00e5.&#8221; En sergeant svarade mig: &#8221;Nu stupade Strandberg.<\/p>\n<p>Efter\u00e5t kastade jag handgranater och fick sedan byta om till att langa fram granater. Denna strid varade i 5 ,5 timmar. Ryssarna fick f\u00f6rst\u00e4rkning och v\u00e5ra mannar minskade. Vi blev tvungna att fortast m\u00f6jligt l\u00e4mna den del av l\u00f6pgraven vi hade er\u00f6vrat. Striden fortsatte tills det blev m\u00f6rkt, men med st\u00f6rre ingenmansland, sedan vi l\u00e4mnat l\u00f6pgraven och befann oss i \u00f6ppen terr\u00e4ng.<\/p>\n<p><img loading=\"lazy\" decoding=\"async\" class=\"size-full wp-image-7779 alignright\" src=\"https:\/\/veteraanienperinto.fi\/wp-content\/uploads\/2020\/12\/sa_uplev5u.jpg\" alt=\"\" width=\"350\" height=\"257\" srcset=\"https:\/\/veteraanienperinto.fi\/wp-content\/uploads\/2020\/12\/sa_uplev5u.jpg 350w, https:\/\/veteraanienperinto.fi\/wp-content\/uploads\/2020\/12\/sa_uplev5u-300x220.jpg 300w\" sizes=\"auto, (max-width: 350px) 100vw, 350px\" \/>V\u00e5r bataljons pojkar samlades ihop, och av styrkan som varit 74 man \u00e5terstod 21 man. Jag hade inte lagt m\u00e4rke till mina korsukamrater Lindeblad och H\u00e4llback, varf\u00f6r jag b\u00f6rjade fr\u00e5ga efter dem. N\u00e5gon visste ber\u00e4tta att H\u00e4llback blivit s\u00e5rad, men Lindeblad var och f\u00f6rblev f\u00f6rsvunnen. Inte ens H\u00e4llback kom mera till fronten.<\/p>\n<p>Vi hade trott att st\u00f6tgrupperna skulle f\u00e5 l\u00e4mna st\u00e4llet nu, men vi m\u00e5ste ligga d\u00e4r n\u00e5got \u00f6ver 2 dygn till, innan vi fick avl\u00f6sning. Efter\u00e5t fick vi b\u00f6rja bygga en st\u00f6djelinje, men vi hade det inte alldeles lugnt, ty ryssarna sk\u00f6t varje dag stora m\u00e4ngder granater p\u00e5 oss. Efter ungef\u00e4r 2 veckor fick vi order att \u00e5terv\u00e4nda till v\u00e5r egen bataljon. Inget permissionsl\u00f6fte hade kunnat g\u00f6ra oss lyckligare \u00e4n denna order.<\/p>\n<p>N\u00e4r jag ensam kom tillbaka till min st\u00f6djepunkt, var jag slut och k\u00e4nde mig som en urvriden skurtrasa. Jag babblade och pratade, tills jag sm\u00e5ningom ins\u00e5g, att nu f\u00e5r det vara nog, annars blir korsukamraterna utleda p\u00e5 mig.<\/p>\n<p>Samtidigt besl\u00f6t jag ocks\u00e5, att jag aldrig mera g\u00e5r n\u00e5gonstans frivilligt och inbillar mig sj\u00e4lv eller n\u00e5gon annan, att jag \u00e4r modigare \u00e4n jag \u00e4r.<\/p>\n<p>Vad frivilligheten betr\u00e4ffar, kom jag dock senare att \u00e4ndra mitt beslut.<\/p>\n<p>S\u00e5 upplevde jag mitt elddop<\/p>\n<p><em><strong>Ur boken:<\/strong><\/em><br \/>\n<em>Frihetsv\u00e4gen f\u00f6r tryggat hem och land, Redakt\u00f6r Hans Fors<\/em><\/p>\n<\/div><\/section>\n","protected":false},"excerpt":{"rendered":"","protected":false},"author":1,"featured_media":0,"parent":5935,"menu_order":10,"comment_status":"closed","ping_status":"closed","template":"","meta":{"footnotes":""},"class_list":["post-5976","page","type-page","status-publish","hentry"],"yoast_head":"<!-- This site is optimized with the Yoast SEO plugin v27.4 - https:\/\/yoast.com\/product\/yoast-seo-wordpress\/ -->\n<title>S\u00e5 upplevde jag mitt elddop - Veteraanien Perint\u00f6<\/title>\n<meta name=\"robots\" content=\"index, follow, max-snippet:-1, max-image-preview:large, max-video-preview:-1\" \/>\n<link rel=\"canonical\" href=\"https:\/\/veteraanienperinto.fi\/index.php\/sv\/fortsattningskriget\/berattelser-i-fortsattningkriget\/krigets-gang\/anvalsskede\/sa-upplevde-jag-mitt-elddop\/\" \/>\n<meta property=\"og:locale\" content=\"fi_FI\" \/>\n<meta property=\"og:type\" content=\"article\" \/>\n<meta property=\"og:title\" content=\"S\u00e5 upplevde jag mitt elddop - Veteraanien Perint\u00f6\" \/>\n<meta property=\"og:url\" content=\"https:\/\/veteraanienperinto.fi\/index.php\/sv\/fortsattningskriget\/berattelser-i-fortsattningkriget\/krigets-gang\/anvalsskede\/sa-upplevde-jag-mitt-elddop\/\" \/>\n<meta property=\"og:site_name\" content=\"Veteraanien Perint\u00f6\" \/>\n<meta property=\"article:modified_time\" content=\"2020-12-15T09:49:39+00:00\" \/>\n<meta property=\"og:image\" content=\"https:\/\/veteraanienperinto.fi\/wp-content\/uploads\/2020\/12\/sa_uplev1u.jpg\" \/>\n<meta name=\"twitter:card\" content=\"summary_large_image\" \/>\n<meta name=\"twitter:label1\" content=\"Arvioitu lukuaika\" \/>\n\t<meta name=\"twitter:data1\" content=\"5 minuuttia\" \/>\n<script type=\"application\/ld+json\" class=\"yoast-schema-graph\">{\"@context\":\"https:\\\/\\\/schema.org\",\"@graph\":[{\"@type\":\"WebPage\",\"@id\":\"https:\\\/\\\/veteraanienperinto.fi\\\/index.php\\\/sv\\\/fortsattningskriget\\\/berattelser-i-fortsattningkriget\\\/krigets-gang\\\/anvalsskede\\\/sa-upplevde-jag-mitt-elddop\\\/\",\"url\":\"https:\\\/\\\/veteraanienperinto.fi\\\/index.php\\\/sv\\\/fortsattningskriget\\\/berattelser-i-fortsattningkriget\\\/krigets-gang\\\/anvalsskede\\\/sa-upplevde-jag-mitt-elddop\\\/\",\"name\":\"S\u00e5 upplevde jag mitt elddop - Veteraanien Perint\u00f6\",\"isPartOf\":{\"@id\":\"https:\\\/\\\/veteraanienperinto.fi\\\/#website\"},\"primaryImageOfPage\":{\"@id\":\"https:\\\/\\\/veteraanienperinto.fi\\\/index.php\\\/sv\\\/fortsattningskriget\\\/berattelser-i-fortsattningkriget\\\/krigets-gang\\\/anvalsskede\\\/sa-upplevde-jag-mitt-elddop\\\/#primaryimage\"},\"image\":{\"@id\":\"https:\\\/\\\/veteraanienperinto.fi\\\/index.php\\\/sv\\\/fortsattningskriget\\\/berattelser-i-fortsattningkriget\\\/krigets-gang\\\/anvalsskede\\\/sa-upplevde-jag-mitt-elddop\\\/#primaryimage\"},\"thumbnailUrl\":\"https:\\\/\\\/veteraanienperinto.fi\\\/wp-content\\\/uploads\\\/2020\\\/12\\\/sa_uplev1u.jpg\",\"datePublished\":\"2020-11-18T12:37:46+00:00\",\"dateModified\":\"2020-12-15T09:49:39+00:00\",\"breadcrumb\":{\"@id\":\"https:\\\/\\\/veteraanienperinto.fi\\\/index.php\\\/sv\\\/fortsattningskriget\\\/berattelser-i-fortsattningkriget\\\/krigets-gang\\\/anvalsskede\\\/sa-upplevde-jag-mitt-elddop\\\/#breadcrumb\"},\"inLanguage\":\"fi\",\"potentialAction\":[{\"@type\":\"ReadAction\",\"target\":[\"https:\\\/\\\/veteraanienperinto.fi\\\/index.php\\\/sv\\\/fortsattningskriget\\\/berattelser-i-fortsattningkriget\\\/krigets-gang\\\/anvalsskede\\\/sa-upplevde-jag-mitt-elddop\\\/\"]}]},{\"@type\":\"ImageObject\",\"inLanguage\":\"fi\",\"@id\":\"https:\\\/\\\/veteraanienperinto.fi\\\/index.php\\\/sv\\\/fortsattningskriget\\\/berattelser-i-fortsattningkriget\\\/krigets-gang\\\/anvalsskede\\\/sa-upplevde-jag-mitt-elddop\\\/#primaryimage\",\"url\":\"https:\\\/\\\/veteraanienperinto.fi\\\/wp-content\\\/uploads\\\/2020\\\/12\\\/sa_uplev1u.jpg\",\"contentUrl\":\"https:\\\/\\\/veteraanienperinto.fi\\\/wp-content\\\/uploads\\\/2020\\\/12\\\/sa_uplev1u.jpg\",\"width\":350,\"height\":250},{\"@type\":\"BreadcrumbList\",\"@id\":\"https:\\\/\\\/veteraanienperinto.fi\\\/index.php\\\/sv\\\/fortsattningskriget\\\/berattelser-i-fortsattningkriget\\\/krigets-gang\\\/anvalsskede\\\/sa-upplevde-jag-mitt-elddop\\\/#breadcrumb\",\"itemListElement\":[{\"@type\":\"ListItem\",\"position\":1,\"name\":\"Etusivu\",\"item\":\"https:\\\/\\\/veteraanienperinto.fi\\\/index.php\\\/etusivu-2\\\/\"},{\"@type\":\"ListItem\",\"position\":2,\"name\":\"Forts\u00e4ttningskriget\",\"item\":\"https:\\\/\\\/veteraanienperinto.fi\\\/index.php\\\/sv\\\/fortsattningskriget\\\/\"},{\"@type\":\"ListItem\",\"position\":3,\"name\":\"Ber\u00e4ttelser i forts\u00e4ttningkriget\",\"item\":\"https:\\\/\\\/veteraanienperinto.fi\\\/index.php\\\/sv\\\/fortsattningskriget\\\/berattelser-i-fortsattningkriget\\\/\"},{\"@type\":\"ListItem\",\"position\":4,\"name\":\"Krigets g\u00e5ng\",\"item\":\"https:\\\/\\\/veteraanienperinto.fi\\\/index.php\\\/sv\\\/fortsattningskriget\\\/berattelser-i-fortsattningkriget\\\/krigets-gang\\\/\"},{\"@type\":\"ListItem\",\"position\":5,\"name\":\"Anvalsskede\",\"item\":\"https:\\\/\\\/veteraanienperinto.fi\\\/index.php\\\/sv\\\/fortsattningskriget\\\/berattelser-i-fortsattningkriget\\\/krigets-gang\\\/anvalsskede\\\/\"},{\"@type\":\"ListItem\",\"position\":6,\"name\":\"S\u00e5 upplevde jag mitt elddop\"}]},{\"@type\":\"WebSite\",\"@id\":\"https:\\\/\\\/veteraanienperinto.fi\\\/#website\",\"url\":\"https:\\\/\\\/veteraanienperinto.fi\\\/\",\"name\":\"Veteraanien Perint\u00f6\",\"description\":\"Kadettikunta\",\"potentialAction\":[{\"@type\":\"SearchAction\",\"target\":{\"@type\":\"EntryPoint\",\"urlTemplate\":\"https:\\\/\\\/veteraanienperinto.fi\\\/?s={search_term_string}\"},\"query-input\":{\"@type\":\"PropertyValueSpecification\",\"valueRequired\":true,\"valueName\":\"search_term_string\"}}],\"inLanguage\":\"fi\"}]}<\/script>\n<!-- \/ Yoast SEO plugin. -->","yoast_head_json":{"title":"S\u00e5 upplevde jag mitt elddop - Veteraanien Perint\u00f6","robots":{"index":"index","follow":"follow","max-snippet":"max-snippet:-1","max-image-preview":"max-image-preview:large","max-video-preview":"max-video-preview:-1"},"canonical":"https:\/\/veteraanienperinto.fi\/index.php\/sv\/fortsattningskriget\/berattelser-i-fortsattningkriget\/krigets-gang\/anvalsskede\/sa-upplevde-jag-mitt-elddop\/","og_locale":"fi_FI","og_type":"article","og_title":"S\u00e5 upplevde jag mitt elddop - Veteraanien Perint\u00f6","og_url":"https:\/\/veteraanienperinto.fi\/index.php\/sv\/fortsattningskriget\/berattelser-i-fortsattningkriget\/krigets-gang\/anvalsskede\/sa-upplevde-jag-mitt-elddop\/","og_site_name":"Veteraanien Perint\u00f6","article_modified_time":"2020-12-15T09:49:39+00:00","og_image":[{"url":"https:\/\/veteraanienperinto.fi\/wp-content\/uploads\/2020\/12\/sa_uplev1u.jpg","type":"","width":"","height":""}],"twitter_card":"summary_large_image","twitter_misc":{"Arvioitu lukuaika":"5 minuuttia"},"schema":{"@context":"https:\/\/schema.org","@graph":[{"@type":"WebPage","@id":"https:\/\/veteraanienperinto.fi\/index.php\/sv\/fortsattningskriget\/berattelser-i-fortsattningkriget\/krigets-gang\/anvalsskede\/sa-upplevde-jag-mitt-elddop\/","url":"https:\/\/veteraanienperinto.fi\/index.php\/sv\/fortsattningskriget\/berattelser-i-fortsattningkriget\/krigets-gang\/anvalsskede\/sa-upplevde-jag-mitt-elddop\/","name":"S\u00e5 upplevde jag mitt elddop - Veteraanien Perint\u00f6","isPartOf":{"@id":"https:\/\/veteraanienperinto.fi\/#website"},"primaryImageOfPage":{"@id":"https:\/\/veteraanienperinto.fi\/index.php\/sv\/fortsattningskriget\/berattelser-i-fortsattningkriget\/krigets-gang\/anvalsskede\/sa-upplevde-jag-mitt-elddop\/#primaryimage"},"image":{"@id":"https:\/\/veteraanienperinto.fi\/index.php\/sv\/fortsattningskriget\/berattelser-i-fortsattningkriget\/krigets-gang\/anvalsskede\/sa-upplevde-jag-mitt-elddop\/#primaryimage"},"thumbnailUrl":"https:\/\/veteraanienperinto.fi\/wp-content\/uploads\/2020\/12\/sa_uplev1u.jpg","datePublished":"2020-11-18T12:37:46+00:00","dateModified":"2020-12-15T09:49:39+00:00","breadcrumb":{"@id":"https:\/\/veteraanienperinto.fi\/index.php\/sv\/fortsattningskriget\/berattelser-i-fortsattningkriget\/krigets-gang\/anvalsskede\/sa-upplevde-jag-mitt-elddop\/#breadcrumb"},"inLanguage":"fi","potentialAction":[{"@type":"ReadAction","target":["https:\/\/veteraanienperinto.fi\/index.php\/sv\/fortsattningskriget\/berattelser-i-fortsattningkriget\/krigets-gang\/anvalsskede\/sa-upplevde-jag-mitt-elddop\/"]}]},{"@type":"ImageObject","inLanguage":"fi","@id":"https:\/\/veteraanienperinto.fi\/index.php\/sv\/fortsattningskriget\/berattelser-i-fortsattningkriget\/krigets-gang\/anvalsskede\/sa-upplevde-jag-mitt-elddop\/#primaryimage","url":"https:\/\/veteraanienperinto.fi\/wp-content\/uploads\/2020\/12\/sa_uplev1u.jpg","contentUrl":"https:\/\/veteraanienperinto.fi\/wp-content\/uploads\/2020\/12\/sa_uplev1u.jpg","width":350,"height":250},{"@type":"BreadcrumbList","@id":"https:\/\/veteraanienperinto.fi\/index.php\/sv\/fortsattningskriget\/berattelser-i-fortsattningkriget\/krigets-gang\/anvalsskede\/sa-upplevde-jag-mitt-elddop\/#breadcrumb","itemListElement":[{"@type":"ListItem","position":1,"name":"Etusivu","item":"https:\/\/veteraanienperinto.fi\/index.php\/etusivu-2\/"},{"@type":"ListItem","position":2,"name":"Forts\u00e4ttningskriget","item":"https:\/\/veteraanienperinto.fi\/index.php\/sv\/fortsattningskriget\/"},{"@type":"ListItem","position":3,"name":"Ber\u00e4ttelser i forts\u00e4ttningkriget","item":"https:\/\/veteraanienperinto.fi\/index.php\/sv\/fortsattningskriget\/berattelser-i-fortsattningkriget\/"},{"@type":"ListItem","position":4,"name":"Krigets g\u00e5ng","item":"https:\/\/veteraanienperinto.fi\/index.php\/sv\/fortsattningskriget\/berattelser-i-fortsattningkriget\/krigets-gang\/"},{"@type":"ListItem","position":5,"name":"Anvalsskede","item":"https:\/\/veteraanienperinto.fi\/index.php\/sv\/fortsattningskriget\/berattelser-i-fortsattningkriget\/krigets-gang\/anvalsskede\/"},{"@type":"ListItem","position":6,"name":"S\u00e5 upplevde jag mitt elddop"}]},{"@type":"WebSite","@id":"https:\/\/veteraanienperinto.fi\/#website","url":"https:\/\/veteraanienperinto.fi\/","name":"Veteraanien Perint\u00f6","description":"Kadettikunta","potentialAction":[{"@type":"SearchAction","target":{"@type":"EntryPoint","urlTemplate":"https:\/\/veteraanienperinto.fi\/?s={search_term_string}"},"query-input":{"@type":"PropertyValueSpecification","valueRequired":true,"valueName":"search_term_string"}}],"inLanguage":"fi"}]}},"_links":{"self":[{"href":"https:\/\/veteraanienperinto.fi\/index.php\/wp-json\/wp\/v2\/pages\/5976","targetHints":{"allow":["GET"]}}],"collection":[{"href":"https:\/\/veteraanienperinto.fi\/index.php\/wp-json\/wp\/v2\/pages"}],"about":[{"href":"https:\/\/veteraanienperinto.fi\/index.php\/wp-json\/wp\/v2\/types\/page"}],"author":[{"embeddable":true,"href":"https:\/\/veteraanienperinto.fi\/index.php\/wp-json\/wp\/v2\/users\/1"}],"replies":[{"embeddable":true,"href":"https:\/\/veteraanienperinto.fi\/index.php\/wp-json\/wp\/v2\/comments?post=5976"}],"version-history":[{"count":3,"href":"https:\/\/veteraanienperinto.fi\/index.php\/wp-json\/wp\/v2\/pages\/5976\/revisions"}],"predecessor-version":[{"id":7774,"href":"https:\/\/veteraanienperinto.fi\/index.php\/wp-json\/wp\/v2\/pages\/5976\/revisions\/7774"}],"up":[{"embeddable":true,"href":"https:\/\/veteraanienperinto.fi\/index.php\/wp-json\/wp\/v2\/pages\/5935"}],"wp:attachment":[{"href":"https:\/\/veteraanienperinto.fi\/index.php\/wp-json\/wp\/v2\/media?parent=5976"}],"curies":[{"name":"wp","href":"https:\/\/api.w.org\/{rel}","templated":true}]}}